{"id":80225,"date":"2022-11-15T11:57:28","date_gmt":"2022-11-15T10:57:28","guid":{"rendered":"https:\/\/onlinelotto365.com\/?page_id=80225"},"modified":"2022-11-15T11:57:28","modified_gmt":"2022-11-15T10:57:28","slug":"superenalotto","status":"publish","type":"page","link":"https:\/\/onlinelotto365.com\/lt\/pirkti-bilietus\/superenalotto\/","title":{"rendered":"Kaip pirkti Superenalotto bilietus internetu"},"content":{"rendered":"<p>Norite \u012fsigyti Superenalotto bilietus internetu i\u0161 Lietuvos, bet ne\u017einote, kaip tai padaryti? Tuomet esate tinkamoje vietoje, nes mes tuo pasir\u016bpinsime u\u017e jus. Viskas, k\u0105 jums reikia padaryti, tai laikytis paprast\u0173 \u017eingsni\u0173, kuriuos aptarsime toliau, ir j\u016bs greitai tur\u0117site savo bilietus.<br \/>\n<a href=\"https:\/\/redfoxlotto.com\/play\/superenalotto\/?ref=a8564250a2&amp;medium=ol365\" target=\"_blank\" rel=\"noopener noreferrer\"><img decoding=\"async\" class=\"aligncenter\" src=\"https:\/\/redfoxlotto.com\/image?size=8&amp;lottery=superenalotto\" alt=\"superenalotto\" \/><\/a><br \/>\n<img loading=\"lazy\" decoding=\"async\" class=\"alignright size-medium wp-image-3615\" src=\"https:\/\/onlinelotto365.com\/wp-content\/uploads\/2020\/11\/online_lottery-52-300x169.jpg\" alt=\"play superenalotto online UK\" width=\"300\" height=\"169\" srcset=\"https:\/\/onlinelotto365.com\/wp-content\/uploads\/2020\/11\/online_lottery-52-300x169.jpg 300w, https:\/\/onlinelotto365.com\/wp-content\/uploads\/2020\/11\/online_lottery-52.jpg 462w\" sizes=\"auto, (max-width: 300px) 100vw, 300px\" \/><\/p>\n<ul>\n<li>Pasirinkite loterijos \u017eaidim\u0105, kurio bilietus norite \u012fsigyti, ir pasirinkite norimus skai\u010dius arba pasirinkite greitojo pasirinkimo parinkt\u012f, kad kompiuteris pasirinkt\u0173 u\u017e jus.<\/li>\n<li>Prid\u0117kite papildom\u0173 biliet\u0173 arba papildom\u0173 loterij\u0173, kad sukurtum\u0117te u\u017esakym\u0105<\/li>\n<li>Pasirinkite galimyb\u0119 sumok\u0117ti dabar<\/li>\n<li>Sukurkite m\u016bs\u0173 paskyr\u0105 arba prisijunkite prie savo paskyros, kad gal\u0117tum\u0117te \u012fsigyti bilietus<\/li>\n<li>Tiems, kuriems reikia u\u017eregistruoti paskyr\u0105, reik\u0117s ie\u0161koti patvirtinimo nuorodos savo el. lai\u0161ke, kad \u012fsitikint\u0173, jog j\u0173 paskyra yra visi\u0161kai sukurta<\/li>\n<li>Nepamir\u0161kite, kad nuoroda gali patekti \u012f nepageidaujam\u0173 lai\u0161k\u0173 aplank\u0105, jei m\u016bs\u0173 el. pa\u0161to adresas n\u0117ra \u012ftrauktas \u012f j\u016bs\u0173 adres\u0173 knygel\u0119, tod\u0117l b\u016btinai patikrinkite du kartus<\/li>\n<li>Ekrano vir\u0161uje pasirinkite mok\u0117jimo piktogram\u0105<\/li>\n<li>Pasirinkite mok\u0117jimo b\u016bd\u0105 ir vadovaukit\u0117s instrukcijomis, kad u\u017ebaigtum\u0117te mok\u0117jimo proces\u0105<\/li>\n<\/ul>\n<h2>Kaip sumok\u0117ti u\u017e &#8222;Superenalotto&#8221; biliet\u0105 internetu<\/h2>\n<p>Mes leid\u017eiame mok\u0117ti u\u017e Superenalotto biliet\u0105 i\u0161 Lietuvos<br \/>\nkuo papras\u010diau, nes si\u016blome daugyb\u0119 skirting\u0173 mok\u0117jimo b\u016bd\u0173. Jums tereikia pasirinkti t\u0105, kuris jums priimtiniausias, ir gal\u0117site akimirksniu keliauti.<\/p>\n<p>Kai b\u016bsite pasiruo\u0161\u0119 pirkti bilietus internetu, jums tereikia pasirinkti vien\u0105 i\u0161 \u0161i\u0173 b\u016bd\u0173:<\/p>\n<ul>\n<li>Naudoti pageidaujam\u0105 mok\u0117jimo b\u016bd\u0105, kad gal\u0117tum\u0117te tiesiogiai sumok\u0117ti u\u017e bilietus<\/li>\n<li>\u012emok\u0117ti pinigus \u012f savo s\u0105skait\u0105 ir u\u017e juos pirkti bilietus<\/li>\n<\/ul>\n<p>Tik \u012fsitikinkite, kad \u012f savo s\u0105skait\u0105 \u012fne\u0161\u0117te didesn\u0119 pinig\u0173 sum\u0105, nei reikia bilietams \u012fsigyti, jei pasirenkate mok\u0117ti \u0161iuo b\u016bdu.<\/p>\n<h2>Daugiau informacijos apie Superenalotto<\/h2>\n<ul>\n<li>\u0160alis: Italija<\/li>\n<li>Pagrindini\u0173 numeri\u0173 diapazonas: 90<\/li>\n<li>J\u016bs renkat\u0117s: 6<\/li>\n<li>Traukimo dienos, valandos: Antradienis, ketvirtadienis, \u0161e\u0161tadienis, 19:00 GMT, 21:00 CET<\/li>\n<li>Minimalus laim\u0117jimas: 2 mln. eur\u0173<\/li>\n<li>Did\u017eiausias laim\u0117jimas: n\u0117ra<\/li>\n<li>Tikimyb\u0117 laim\u0117ti pagrindin\u012f priz\u0105: 1 i\u0161 622614630<\/li>\n<li>Tikimyb\u0117 laim\u0117ti 2 lygio laim\u0117jim\u0105: Tikimyb\u0117 laim\u0117ti aukso puod\u0105: 1 i\u0161 103769105<\/li>\n<li>Tikimyb\u0117 laim\u0117ti bet kuriame lygyje: 1 i\u0161 20,58<\/li>\n<li>Priz\u0173 pakop\u0173 skai\u010dius: 6<\/li>\n<\/ul>\n<h2>Superenalotto biliet\u0173 pirkimo internetu privalumai<\/h2>\n<ul>\n<li>Bilietus galite \u012fsigyti i\u0161 bet kurios jums patogiausios vietos, \u012fskaitant Lietuv\u0105<\/li>\n<li>Galima rinktis i\u0161 keli\u0173 skirting\u0173 loterij\u0173<\/li>\n<li>Gaukite geriausius \u0161ansus laim\u0117ti loterijose, kuriose laimimi did\u017eiausi prizai<\/li>\n<li>Prid\u0117kite pinig\u0173 \u012f savo s\u0105skait\u0105, kad gal\u0117tum\u0117te tiesiogiai sumok\u0117ti u\u017e bilietus<\/li>\n<li>Joki\u0173 r\u016bpes\u010di\u0173, kad prarasite biliet\u0105<\/li>\n<li>Momentiniai prane\u0161imai, kai laimite<\/li>\n<li>Atsitiktini\u0173 skai\u010di\u0173 generatorius greitam biliet\u0173 pasirinkimui<\/li>\n<\/ul>\n<h2>Ar teis\u0117ta pirkti Superenalotto bilietus internetu?<\/h2>\n<p>K\u0105 daryti, jei nerimaujate d\u0117l loterijos biliet\u0173 pirkimo internetu teis\u0117tumo? Ar net tradiciniu b\u016bdu? Jei j\u016bs\u0173 gyvenamojoje \u0161alyje galioja grie\u017eti \u012fstatymai, galite nerimauti, ta\u010diau jums to daryti nereikia. Taip yra tod\u0117l, kad m\u016bs\u0173 tarnyba laikosi taisykli\u0173 ir u\u017etikrina, kad gausite savo laim\u0117jim\u0105, nesvarbu, kiek laim\u0117jote ir kur gyvenate. Jums tereikia b\u016bti sulaukusiam 18 met\u0173, kad gal\u0117tum\u0117te naudotis paslauga.<\/p>\n<h2>Kaip gausiu i\u0161mok\u0105, jei laim\u0117siu Superenalotto internete?<\/h2>\n<p><img loading=\"lazy\" decoding=\"async\" class=\"alignright size-medium wp-image-3615\" src=\"https:\/\/onlinelotto365.com\/wp-content\/uploads\/2020\/11\/online_lottery-52-300x169.jpg\" alt=\"\u017eaisti Superenalotto internetu Lietuva\" width=\"300\" height=\"169\" srcset=\"https:\/\/onlinelotto365.com\/wp-content\/uploads\/2020\/11\/online_lottery-52-300x169.jpg 300w, https:\/\/onlinelotto365.com\/wp-content\/uploads\/2020\/11\/online_lottery-52.jpg 462w\" sizes=\"auto, (max-width: 300px) 100vw, 300px\" \/><br \/>\nJei laim\u0117jote, mok\u0117jimo procesas yra paprastas, nes jums reikia atlikti labai nedaug veiksm\u0173. Be to, nereikia jaudintis, kad prarasite laim\u0117jim\u0105. Mes neimame komisini\u0173, kai laimite, ir neimame i\u0161 j\u016bs\u0173 joki\u0173 mokes\u010di\u0173, nebent pasirenkate atlikti banko pavedim\u0105. Tokiu atveju, jei bankas u\u017e pervedim\u0105 ima i\u0161 m\u016bs\u0173 mokes\u010dius, mes tuos mokes\u010dius pervedame toliau, ir i\u0161 j\u016bs\u0173 laim\u0117jimo gali b\u016bti i\u0161skai\u010diuota nedidel\u0117 suma.<\/p>\n<p><strong>Kitais atvejais tur\u0117tum\u0117te \u017einoti du dalykus:<\/strong><\/p>\n<ul>\n<li>\u20ac2500 nevir\u0161ijan\u010dios laim\u0117tos sumos i\u0161 karto pervedamos tiesiai \u012f j\u016bs\u0173 \u017eaid\u0117jo s\u0105skait\u0105, tod\u0117l galite jas naudoti, kaip tik norite.<\/li>\n<li>Sumos, vir\u0161ijan\u010dios 2500 \u20ac, tur\u0117s atlikti papildom\u0105 \u017eingsn\u012f. Su jumis susisieks m\u016bs\u0173 palaikymo komanda ir pateiks form\u0105, kuri\u0105 tur\u0117site u\u017epildyti loterijos komisijai. Formoje bus i\u0161samiai nurodyta, kaip norite, kad b\u016bt\u0173 atliekami mok\u0117jimai, ir gal\u0117site gauti banko pavedim\u0105 arba \u010dek\u012f laim\u0117tai sumai.<\/li>\n<\/ul>\n","protected":false},"excerpt":{"rendered":"<p>Norite \u012fsigyti Superenalotto bilietus internetu i\u0161 Lietuvos, bet ne\u017einote, kaip tai padaryti? Tuomet esate tinkamoje vietoje, nes mes tuo pasir\u016bpinsime u\u017e jus. Viskas, k\u0105 jums reikia padaryti, tai laikytis paprast\u0173 \u017eingsni\u0173, kuriuos aptarsime toliau, ir j\u016bs greitai tur\u0117site savo bilietus. Pasirinkite loterijos \u017eaidim\u0105, kurio bilietus norite \u012fsigyti, ir pasirinkite norimus skai\u010dius arba pasirinkite greitojo pasirinkimo [&hellip;]<\/p>\n","protected":false},"author":1,"featured_media":0,"parent":5656,"menu_order":5,"comment_status":"closed","ping_status":"closed","template":"superenalotto-info.php","meta":{"_et_pb_use_builder":"","_et_pb_old_content":"","_et_gb_content_width":"","exclude_from_search":false,"footnotes":""},"class_list":["post-80225","page","type-page","status-publish","hentry"],"yoast_head":"<!-- This site is optimized with the Yoast SEO plugin v23.4 - https:\/\/yoast.com\/wordpress\/plugins\/seo\/ -->\n<title>Apie biliet\u0173 \u012f Superenalotto pirkim\u0105 internetu i\u0161 Lietuvos<\/title>\n<meta name=\"description\" content=\"Su\u017einokite, kaip \u012fsigyti Superenalotto bilietus i\u0161 bet kurios vietos, \u012fskaitant Lietuv\u0105\" \/>\n<meta name=\"robots\" content=\"index, follow, max-snippet:-1, max-image-preview:large, max-video-preview:-1\" \/>\n<link rel=\"canonical\" href=\"https:\/\/onlinelotto365.com\/lt\/pirkti-bilietus\/superenalotto\/\" \/>\n<meta property=\"og:locale\" content=\"lt_LT\" \/>\n<meta property=\"og:type\" content=\"article\" \/>\n<meta property=\"og:title\" content=\"Apie biliet\u0173 \u012f Superenalotto pirkim\u0105 internetu i\u0161 Lietuvos\" \/>\n<meta property=\"og:description\" content=\"Su\u017einokite, kaip \u012fsigyti Superenalotto bilietus i\u0161 bet kurios vietos, \u012fskaitant Lietuv\u0105\" \/>\n<meta property=\"og:url\" content=\"https:\/\/onlinelotto365.com\/lt\/pirkti-bilietus\/superenalotto\/\" \/>\n<meta property=\"og:site_name\" content=\"OnlineLotto365\" \/>\n<meta property=\"og:image\" content=\"https:\/\/redfoxlotto.com\/image?size=8&amp;lottery=superenalotto\" \/>\n<meta name=\"twitter:card\" content=\"summary_large_image\" \/>\n<meta name=\"twitter:label1\" content=\"Est. reading time\" \/>\n\t<meta name=\"twitter:data1\" content=\"3 minut\u0117s\" \/>\n<script type=\"application\/ld+json\" class=\"yoast-schema-graph\">{\"@context\":\"https:\/\/schema.org\",\"@graph\":[{\"@type\":\"WebPage\",\"@id\":\"https:\/\/onlinelotto365.com\/lt\/pirkti-bilietus\/superenalotto\/\",\"url\":\"https:\/\/onlinelotto365.com\/lt\/pirkti-bilietus\/superenalotto\/\",\"name\":\"Apie biliet\u0173 \u012f Superenalotto pirkim\u0105 internetu i\u0161 Lietuvos\",\"isPartOf\":{\"@id\":\"https:\/\/onlinelotto365.com\/lt\/#website\"},\"primaryImageOfPage\":{\"@id\":\"https:\/\/onlinelotto365.com\/lt\/pirkti-bilietus\/superenalotto\/#primaryimage\"},\"image\":{\"@id\":\"https:\/\/onlinelotto365.com\/lt\/pirkti-bilietus\/superenalotto\/#primaryimage\"},\"thumbnailUrl\":\"https:\/\/redfoxlotto.com\/image?size=8&amp;lottery=superenalotto\",\"datePublished\":\"2022-11-15T10:57:28+00:00\",\"dateModified\":\"2022-11-15T10:57:28+00:00\",\"description\":\"Su\u017einokite, kaip \u012fsigyti Superenalotto bilietus i\u0161 bet kurios vietos, \u012fskaitant Lietuv\u0105\",\"breadcrumb\":{\"@id\":\"https:\/\/onlinelotto365.com\/lt\/pirkti-bilietus\/superenalotto\/#breadcrumb\"},\"inLanguage\":\"lt-LT\",\"potentialAction\":[{\"@type\":\"ReadAction\",\"target\":[\"https:\/\/onlinelotto365.com\/lt\/pirkti-bilietus\/superenalotto\/\"]}]},{\"@type\":\"ImageObject\",\"inLanguage\":\"lt-LT\",\"@id\":\"https:\/\/onlinelotto365.com\/lt\/pirkti-bilietus\/superenalotto\/#primaryimage\",\"url\":\"https:\/\/redfoxlotto.com\/image?size=8&amp;lottery=superenalotto\",\"contentUrl\":\"https:\/\/redfoxlotto.com\/image?size=8&amp;lottery=superenalotto\"},{\"@type\":\"BreadcrumbList\",\"@id\":\"https:\/\/onlinelotto365.com\/lt\/pirkti-bilietus\/superenalotto\/#breadcrumb\",\"itemListElement\":[{\"@type\":\"ListItem\",\"position\":1,\"name\":\"Home\",\"item\":\"https:\/\/onlinelotto365.com\/lt\/\"},{\"@type\":\"ListItem\",\"position\":2,\"name\":\"Internetin\u0117 biliet\u0173 paslauga tarptautiniams loto renginiams\",\"item\":\"https:\/\/onlinelotto365.com\/lt\/pirkti-bilietus\/\"},{\"@type\":\"ListItem\",\"position\":3,\"name\":\"Kaip pirkti Superenalotto bilietus internetu\"}]},{\"@type\":\"WebSite\",\"@id\":\"https:\/\/onlinelotto365.com\/lt\/#website\",\"url\":\"https:\/\/onlinelotto365.com\/lt\/\",\"name\":\"OnlineLotto365\",\"description\":\"\",\"potentialAction\":[{\"@type\":\"SearchAction\",\"target\":{\"@type\":\"EntryPoint\",\"urlTemplate\":\"https:\/\/onlinelotto365.com\/lt\/?s={search_term_string}\"},\"query-input\":{\"@type\":\"PropertyValueSpecification\",\"valueRequired\":true,\"valueName\":\"search_term_string\"}}],\"inLanguage\":\"lt-LT\"}]}<\/script>\n<!-- \/ Yoast SEO plugin. -->","yoast_head_json":{"title":"Apie biliet\u0173 \u012f Superenalotto pirkim\u0105 internetu i\u0161 Lietuvos","description":"Su\u017einokite, kaip \u012fsigyti Superenalotto bilietus i\u0161 bet kurios vietos, \u012fskaitant Lietuv\u0105","robots":{"index":"index","follow":"follow","max-snippet":"max-snippet:-1","max-image-preview":"max-image-preview:large","max-video-preview":"max-video-preview:-1"},"canonical":"https:\/\/onlinelotto365.com\/lt\/pirkti-bilietus\/superenalotto\/","og_locale":"lt_LT","og_type":"article","og_title":"Apie biliet\u0173 \u012f Superenalotto pirkim\u0105 internetu i\u0161 Lietuvos","og_description":"Su\u017einokite, kaip \u012fsigyti Superenalotto bilietus i\u0161 bet kurios vietos, \u012fskaitant Lietuv\u0105","og_url":"https:\/\/onlinelotto365.com\/lt\/pirkti-bilietus\/superenalotto\/","og_site_name":"OnlineLotto365","og_image":[{"url":"https:\/\/redfoxlotto.com\/image?size=8&amp;lottery=superenalotto"}],"twitter_card":"summary_large_image","twitter_misc":{"Est. reading time":"3 minut\u0117s"},"schema":{"@context":"https:\/\/schema.org","@graph":[{"@type":"WebPage","@id":"https:\/\/onlinelotto365.com\/lt\/pirkti-bilietus\/superenalotto\/","url":"https:\/\/onlinelotto365.com\/lt\/pirkti-bilietus\/superenalotto\/","name":"Apie biliet\u0173 \u012f Superenalotto pirkim\u0105 internetu i\u0161 Lietuvos","isPartOf":{"@id":"https:\/\/onlinelotto365.com\/lt\/#website"},"primaryImageOfPage":{"@id":"https:\/\/onlinelotto365.com\/lt\/pirkti-bilietus\/superenalotto\/#primaryimage"},"image":{"@id":"https:\/\/onlinelotto365.com\/lt\/pirkti-bilietus\/superenalotto\/#primaryimage"},"thumbnailUrl":"https:\/\/redfoxlotto.com\/image?size=8&amp;lottery=superenalotto","datePublished":"2022-11-15T10:57:28+00:00","dateModified":"2022-11-15T10:57:28+00:00","description":"Su\u017einokite, kaip \u012fsigyti Superenalotto bilietus i\u0161 bet kurios vietos, \u012fskaitant Lietuv\u0105","breadcrumb":{"@id":"https:\/\/onlinelotto365.com\/lt\/pirkti-bilietus\/superenalotto\/#breadcrumb"},"inLanguage":"lt-LT","potentialAction":[{"@type":"ReadAction","target":["https:\/\/onlinelotto365.com\/lt\/pirkti-bilietus\/superenalotto\/"]}]},{"@type":"ImageObject","inLanguage":"lt-LT","@id":"https:\/\/onlinelotto365.com\/lt\/pirkti-bilietus\/superenalotto\/#primaryimage","url":"https:\/\/redfoxlotto.com\/image?size=8&amp;lottery=superenalotto","contentUrl":"https:\/\/redfoxlotto.com\/image?size=8&amp;lottery=superenalotto"},{"@type":"BreadcrumbList","@id":"https:\/\/onlinelotto365.com\/lt\/pirkti-bilietus\/superenalotto\/#breadcrumb","itemListElement":[{"@type":"ListItem","position":1,"name":"Home","item":"https:\/\/onlinelotto365.com\/lt\/"},{"@type":"ListItem","position":2,"name":"Internetin\u0117 biliet\u0173 paslauga tarptautiniams loto renginiams","item":"https:\/\/onlinelotto365.com\/lt\/pirkti-bilietus\/"},{"@type":"ListItem","position":3,"name":"Kaip pirkti Superenalotto bilietus internetu"}]},{"@type":"WebSite","@id":"https:\/\/onlinelotto365.com\/lt\/#website","url":"https:\/\/onlinelotto365.com\/lt\/","name":"OnlineLotto365","description":"","potentialAction":[{"@type":"SearchAction","target":{"@type":"EntryPoint","urlTemplate":"https:\/\/onlinelotto365.com\/lt\/?s={search_term_string}"},"query-input":{"@type":"PropertyValueSpecification","valueRequired":true,"valueName":"search_term_string"}}],"inLanguage":"lt-LT"}]}},"_links":{"self":[{"href":"https:\/\/onlinelotto365.com\/lt\/wp-json\/wp\/v2\/pages\/80225","targetHints":{"allow":["GET"]}}],"collection":[{"href":"https:\/\/onlinelotto365.com\/lt\/wp-json\/wp\/v2\/pages"}],"about":[{"href":"https:\/\/onlinelotto365.com\/lt\/wp-json\/wp\/v2\/types\/page"}],"author":[{"embeddable":true,"href":"https:\/\/onlinelotto365.com\/lt\/wp-json\/wp\/v2\/users\/1"}],"replies":[{"embeddable":true,"href":"https:\/\/onlinelotto365.com\/lt\/wp-json\/wp\/v2\/comments?post=80225"}],"version-history":[{"count":0,"href":"https:\/\/onlinelotto365.com\/lt\/wp-json\/wp\/v2\/pages\/80225\/revisions"}],"up":[{"embeddable":true,"href":"https:\/\/onlinelotto365.com\/lt\/wp-json\/wp\/v2\/pages\/5656"}],"wp:attachment":[{"href":"https:\/\/onlinelotto365.com\/lt\/wp-json\/wp\/v2\/media?parent=80225"}],"curies":[{"name":"wp","href":"https:\/\/api.w.org\/{rel}","templated":true}]}}