{"id":80255,"date":"2022-11-16T07:30:05","date_gmt":"2022-11-16T06:30:05","guid":{"rendered":"https:\/\/onlinelotto365.com\/?page_id=80255"},"modified":"2022-11-16T07:30:05","modified_gmt":"2022-11-16T06:30:05","slug":"el-gordo","status":"publish","type":"page","link":"https:\/\/onlinelotto365.com\/lt\/pirkti-bilietus\/el-gordo\/","title":{"rendered":"Kaip \u012fsigyti &#8222;El Gordo&#8221; bilietus internetu"},"content":{"rendered":"<p>Ar jums \u012fdomu pirkti &#8222;El Gordo&#8221; bilietus internetu, gyvenant Lietuvoje? Tuomet nenor\u0117site praleisti \u0161io straipsnio, nes mes jus supa\u017eindinsime su \u0161iuo procesu, kad gal\u0117tum\u0117te gauti norimus bilietus be vargo ir be kelion\u0117s \u012f \u0161al\u012f, kurioje paprastai \u017eaid\u017eiamas \u0161is \u017eaidimas.<br \/>\n<a href=\"https:\/\/redfoxlotto.com\/play\/el-gordo-primitiva\/?ref=a8564250a2&amp;medium=ol365\" target=\"_blank\" rel=\"noopener noreferrer\"><img decoding=\"async\" class=\"aligncenter\" src=\"https:\/\/redfoxlotto.com\/image?size=8&amp;lottery=el-gordo-primitiva\" alt=\"el gordo\" \/><\/a><\/p>\n<ul>\n<li>Per\u017ei\u016br\u0117kite pagrindin\u012f loterijos, kurioje norite \u017eaisti, puslap\u012f ir pasirinkite norimus skai\u010dius ant biliet\u0173.<\/li>\n<li>Prid\u0117kite dar daugiau to paties \u017eaidimo arba kit\u0173 \u017eaidim\u0173, kuriuos norite \u017eaisti, biliet\u0173, kad tur\u0117tum\u0117te piln\u0105 u\u017esakym\u0105<\/li>\n<li>Pasirinkite galimyb\u0119 sumok\u0117ti dabar<\/li>\n<li>Pereikite savo paskyros registracijos proces\u0105, jei niekada anks\u010diau i\u0161 m\u016bs\u0173 nepirkote, arba prisijunkite prie jau turimos paskyros, jei jau turite paskyr\u0105.<\/li>\n<li>Patikrinkite savo el. pa\u0161t\u0105, ar gausite patvirtinimo nuorod\u0105 paskyroms, kurias reikia patikrinti ir u\u017eregistruoti<\/li>\n<li>Jei el. pa\u0161to d\u0117\u017eut\u0117je lai\u0161ko nerodoma, patikrinkite, ar jis nepateko \u012f nepageidaujam\u0173 lai\u0161k\u0173 aplank\u0105.<\/li>\n<li>Spustel\u0117kite pirkini\u0173 krep\u0161el\u012f, kad sumok\u0117tum\u0117te u\u017e u\u017esakym\u0105<\/li>\n<li>Pasirinkite norim\u0105 mok\u0117jimo b\u016bd\u0105 ir vadovaukit\u0117s mok\u0117jimo instrukcijomis<\/li>\n<\/ul>\n<h2>Kaip sumok\u0117ti u\u017e &#8222;El Gordo&#8221; biliet\u0105 internetu<\/h2>\n<p>Atlikti mok\u0117jim\u0105 u\u017e bilietus yra paprasta ir greita, nes norime u\u017etikrinti, kad m\u016bs\u0173 klientai i\u0161 Lietuvos gal\u0117t\u0173 i\u0161sirinkti norimus bilietus tada, kai j\u0173 nori.<br \/>\nGalite pasirinkti apmok\u0117ti u\u017e bilietus atlikdami vien\u0105 i\u0161 toliau nurodyt\u0173 veiksm\u0173:<\/p>\n<ul>\n<li>\u012eveskite mok\u0117jimo b\u016bd\u0105, kad gal\u0117tum\u0117te pirkti tiesiogiai<\/li>\n<li>Prid\u0117ti pinig\u0173 \u012f savo s\u0105skait\u0105 ir atlikti mok\u0117jim\u0105 tiesiogiai i\u0161 jos<\/li>\n<\/ul>\n<p>\u012esitikinkite, kad \u012f savo \u017eaid\u0117jo s\u0105skait\u0105 prid\u0117jote daugiau nei pakankamai, jei planuojate pirkti tiesiogiai per \u010dia.<\/p>\n<h2>Daugiau informacijos apie &#8222;El Gordo<\/h2>\n<ul>\n<li>\u0160alis: \u0160alis: Ispanija<\/li>\n<li>Pagrindini\u0173 numeri\u0173 diapazonas: 54<\/li>\n<li>J\u016bs\u0173 pasirinkimas: 5<\/li>\n<li>Papildomi skai\u010diai: n\u0117ra<\/li>\n<li>J\u016bs renkat\u0117s: n\u0117ra<\/li>\n<li>Traukimo dienos, valandos: 21:30 CET, 21:30 CET, 21:30 CET, 21:30 CET<\/li>\n<li>Minimalus laim\u0117jimas: 4 mln. eur\u0173<\/li>\n<li>Did\u017eiausias laim\u0117jimas: n\u0117ra<\/li>\n<li>Tikimyb\u0117 laim\u0117ti pagrindin\u012f priz\u0105: 1 i\u0161 31625100<\/li>\n<li>Tikimyb\u0117 laim\u0117ti 2 lygio laim\u0117jim\u0105: Tikimyb\u0117 laim\u0117ti aukso puod\u0105: 1 i\u0161 3513900<\/li>\n<li>Tikimyb\u0117 laim\u0117ti bet kuriame lygyje: 1 i\u0161 6,16<\/li>\n<li>Priz\u0173 pakop\u0173 skai\u010dius: 9<\/li>\n<\/ul>\n<h2>Biliet\u0173 &#8222;El Gordo&#8221; pirkimo internetu privalumai<\/h2>\n<ul>\n<li>\u012esigykite norimus bilietus nei\u0161eidami i\u0161 nam\u0173<\/li>\n<li>Rinkit\u0117s i\u0161 dar daugiau loterijos \u017eaidim\u0173<\/li>\n<li>Gaukite dar geresnius \u0161ansus laim\u0117ti pasirinkdami loterijos \u017eaidimus su did\u017eiausiais laim\u0117jimais<\/li>\n<li>Prid\u0117kite pinig\u0173 \u012f savo s\u0105skait\u0105 ir mok\u0117kite u\u017e bilietus naudodami loterijos likut\u012f<\/li>\n<li>Lengvai sekite savo bilietus<\/li>\n<li>Gaukite tiesiogin\u012f prane\u0161im\u0105 apie laim\u0117jusius bilietus<\/li>\n<li>Leiskite kompiuteriui pasirinkti j\u016bs\u0173 naudojamus biliet\u0173 numerius<\/li>\n<\/ul>\n<h2>Ar teis\u0117ta pirkti &#8222;El Gordo&#8221; bilietus internetu?<\/h2>\n<p>Nereikia nerimauti d\u0117l to, ar bilietai ir j\u0173 pirkimas internetu ar tradiciniu b\u016bdu yra legalus Lietuvoje. M\u016bs\u0173 sistema visk\u0105 atlieka teis\u0117tai ir pagal taisykles. Jau nekalbant apie tai, kad j\u016bs gausite savo i\u0161mok\u0105 ir laim\u0117jim\u0105, nesvarbu, kas nutikt\u0173. Mes pasir\u016bpinsime, kad jis kuo grei\u010diau b\u016bt\u0173 pervestas \u012f j\u016bs\u0173 s\u0105skait\u0105.<br \/>\nViskas, ko reikia, tai b\u016bti sulaukusiam 18 met\u0173, kad gal\u0117tum naudotis m\u016bs\u0173 svetaine.<\/p>\n<h2>Kaip gausiu i\u0161mok\u0105, jei laim\u0117siu &#8222;El Gordo&#8221; internete?<\/h2>\n<p><img loading=\"lazy\" decoding=\"async\" class=\"alignright wp-image-3585\" src=\"https:\/\/onlinelotto365.com\/wp-content\/uploads\/2020\/11\/online_lottery-106.jpg\" alt=\"\u017eaisti el gordo internetu Lietuva\" width=\"282\" height=\"169\" \/><br \/>\nMes \u017einome, kad gauti i\u0161mok\u0105 jums yra labai svarbu, tod\u0117l \u0161iam procesui skiriame daug laiko ir pastang\u0173. U\u017etikriname, kad gausite visus savo laim\u0117jimus be joki\u0173 mokes\u010di\u0173 ar komisini\u0173 sau. Vienintelis kartas, kai mums k\u0105 nors mokate, yra tada, kai mok\u0117jimo b\u016bdu pasirenkate banko pervedim\u0105. Kai kuriose vietov\u0117se u\u017e pervedim\u0105 \u012f Lietuv\u0105 gali tekti sumok\u0117ti banko mokest\u012f, o mes \u0161\u012f nedidel\u012f mokest\u012f taip pat perduosime jums.<\/p>\n<h2>Kitais atvejais mok\u0117jimas vyksta vienu i\u0161 dviej\u0173 b\u016bd\u0173:<\/h2>\n<ul>\n<li>Jei laim\u0117jote ma\u017eiau nei 2500 eur\u0173, mes automati\u0161kai pervesime juos tiesiai \u012f j\u016bs\u0173 s\u0105skait\u0105, tod\u0117l jums nereik\u0117s nieko daryti.<\/li>\n<li>Jei laim\u0117site daugiau nei 2500 \u20ac, tur\u0117site laukti m\u016bs\u0173 palaikymo komandos el. lai\u0161ko, kad gal\u0117tum\u0117te u\u017epildyti pretenzijos form\u0105. Taip gal\u0117site gauti savo laim\u0117jim\u0105 tiesiogiai banko pavedimu arba jums atsi\u0173stu \u010dekiu.<\/li>\n<\/ul>\n","protected":false},"excerpt":{"rendered":"<p>Ar jums \u012fdomu pirkti &#8222;El Gordo&#8221; bilietus internetu, gyvenant Lietuvoje? Tuomet nenor\u0117site praleisti \u0161io straipsnio, nes mes jus supa\u017eindinsime su \u0161iuo procesu, kad gal\u0117tum\u0117te gauti norimus bilietus be vargo ir be kelion\u0117s \u012f \u0161al\u012f, kurioje paprastai \u017eaid\u017eiamas \u0161is \u017eaidimas. Per\u017ei\u016br\u0117kite pagrindin\u012f loterijos, kurioje norite \u017eaisti, puslap\u012f ir pasirinkite norimus skai\u010dius ant biliet\u0173. Prid\u0117kite dar daugiau [&hellip;]<\/p>\n","protected":false},"author":1,"featured_media":0,"parent":5656,"menu_order":6,"comment_status":"closed","ping_status":"closed","template":"el-gordo-info.php","meta":{"_et_pb_use_builder":"","_et_pb_old_content":"","_et_gb_content_width":"","exclude_from_search":false,"footnotes":""},"class_list":["post-80255","page","type-page","status-publish","hentry"],"yoast_head":"<!-- This site is optimized with the Yoast SEO plugin v23.4 - https:\/\/yoast.com\/wordpress\/plugins\/seo\/ -->\n<title>El Gordo i\u0161 Lietuvos - kaip \u012fsigyti bilietus internetu<\/title>\n<meta name=\"description\" content=\"\u0160i\u0105 Ispanijos loterij\u0105 dabar galima \u012fsigyti i\u0161 Lietuvos - bilietus pirkite internetu\" \/>\n<meta name=\"robots\" content=\"index, follow, max-snippet:-1, max-image-preview:large, max-video-preview:-1\" \/>\n<link rel=\"canonical\" href=\"https:\/\/onlinelotto365.com\/lt\/pirkti-bilietus\/el-gordo\/\" \/>\n<meta property=\"og:locale\" content=\"lt_LT\" \/>\n<meta property=\"og:type\" content=\"article\" \/>\n<meta property=\"og:title\" content=\"El Gordo i\u0161 Lietuvos - kaip \u012fsigyti bilietus internetu\" \/>\n<meta property=\"og:description\" content=\"\u0160i\u0105 Ispanijos loterij\u0105 dabar galima \u012fsigyti i\u0161 Lietuvos - bilietus pirkite internetu\" \/>\n<meta property=\"og:url\" content=\"https:\/\/onlinelotto365.com\/lt\/pirkti-bilietus\/el-gordo\/\" \/>\n<meta property=\"og:site_name\" content=\"OnlineLotto365\" \/>\n<meta property=\"og:image\" content=\"https:\/\/redfoxlotto.com\/image?size=8&amp;lottery=el-gordo-primitiva\" \/>\n<meta name=\"twitter:card\" content=\"summary_large_image\" \/>\n<meta name=\"twitter:label1\" content=\"Est. reading time\" \/>\n\t<meta name=\"twitter:data1\" content=\"3 minut\u0117s\" \/>\n<script type=\"application\/ld+json\" class=\"yoast-schema-graph\">{\"@context\":\"https:\/\/schema.org\",\"@graph\":[{\"@type\":\"WebPage\",\"@id\":\"https:\/\/onlinelotto365.com\/lt\/pirkti-bilietus\/el-gordo\/\",\"url\":\"https:\/\/onlinelotto365.com\/lt\/pirkti-bilietus\/el-gordo\/\",\"name\":\"El Gordo i\u0161 Lietuvos - kaip \u012fsigyti bilietus internetu\",\"isPartOf\":{\"@id\":\"https:\/\/onlinelotto365.com\/lt\/#website\"},\"primaryImageOfPage\":{\"@id\":\"https:\/\/onlinelotto365.com\/lt\/pirkti-bilietus\/el-gordo\/#primaryimage\"},\"image\":{\"@id\":\"https:\/\/onlinelotto365.com\/lt\/pirkti-bilietus\/el-gordo\/#primaryimage\"},\"thumbnailUrl\":\"https:\/\/redfoxlotto.com\/image?size=8&amp;lottery=el-gordo-primitiva\",\"datePublished\":\"2022-11-16T06:30:05+00:00\",\"dateModified\":\"2022-11-16T06:30:05+00:00\",\"description\":\"\u0160i\u0105 Ispanijos loterij\u0105 dabar galima \u012fsigyti i\u0161 Lietuvos - bilietus pirkite internetu\",\"breadcrumb\":{\"@id\":\"https:\/\/onlinelotto365.com\/lt\/pirkti-bilietus\/el-gordo\/#breadcrumb\"},\"inLanguage\":\"lt-LT\",\"potentialAction\":[{\"@type\":\"ReadAction\",\"target\":[\"https:\/\/onlinelotto365.com\/lt\/pirkti-bilietus\/el-gordo\/\"]}]},{\"@type\":\"ImageObject\",\"inLanguage\":\"lt-LT\",\"@id\":\"https:\/\/onlinelotto365.com\/lt\/pirkti-bilietus\/el-gordo\/#primaryimage\",\"url\":\"https:\/\/redfoxlotto.com\/image?size=8&amp;lottery=el-gordo-primitiva\",\"contentUrl\":\"https:\/\/redfoxlotto.com\/image?size=8&amp;lottery=el-gordo-primitiva\"},{\"@type\":\"BreadcrumbList\",\"@id\":\"https:\/\/onlinelotto365.com\/lt\/pirkti-bilietus\/el-gordo\/#breadcrumb\",\"itemListElement\":[{\"@type\":\"ListItem\",\"position\":1,\"name\":\"Home\",\"item\":\"https:\/\/onlinelotto365.com\/lt\/\"},{\"@type\":\"ListItem\",\"position\":2,\"name\":\"Internetin\u0117 biliet\u0173 paslauga tarptautiniams loto renginiams\",\"item\":\"https:\/\/onlinelotto365.com\/lt\/pirkti-bilietus\/\"},{\"@type\":\"ListItem\",\"position\":3,\"name\":\"Kaip \u012fsigyti &#8222;El Gordo&#8221; bilietus internetu\"}]},{\"@type\":\"WebSite\",\"@id\":\"https:\/\/onlinelotto365.com\/lt\/#website\",\"url\":\"https:\/\/onlinelotto365.com\/lt\/\",\"name\":\"OnlineLotto365\",\"description\":\"\",\"potentialAction\":[{\"@type\":\"SearchAction\",\"target\":{\"@type\":\"EntryPoint\",\"urlTemplate\":\"https:\/\/onlinelotto365.com\/lt\/?s={search_term_string}\"},\"query-input\":{\"@type\":\"PropertyValueSpecification\",\"valueRequired\":true,\"valueName\":\"search_term_string\"}}],\"inLanguage\":\"lt-LT\"}]}<\/script>\n<!-- \/ Yoast SEO plugin. -->","yoast_head_json":{"title":"El Gordo i\u0161 Lietuvos - kaip \u012fsigyti bilietus internetu","description":"\u0160i\u0105 Ispanijos loterij\u0105 dabar galima \u012fsigyti i\u0161 Lietuvos - bilietus pirkite internetu","robots":{"index":"index","follow":"follow","max-snippet":"max-snippet:-1","max-image-preview":"max-image-preview:large","max-video-preview":"max-video-preview:-1"},"canonical":"https:\/\/onlinelotto365.com\/lt\/pirkti-bilietus\/el-gordo\/","og_locale":"lt_LT","og_type":"article","og_title":"El Gordo i\u0161 Lietuvos - kaip \u012fsigyti bilietus internetu","og_description":"\u0160i\u0105 Ispanijos loterij\u0105 dabar galima \u012fsigyti i\u0161 Lietuvos - bilietus pirkite internetu","og_url":"https:\/\/onlinelotto365.com\/lt\/pirkti-bilietus\/el-gordo\/","og_site_name":"OnlineLotto365","og_image":[{"url":"https:\/\/redfoxlotto.com\/image?size=8&amp;lottery=el-gordo-primitiva"}],"twitter_card":"summary_large_image","twitter_misc":{"Est. reading time":"3 minut\u0117s"},"schema":{"@context":"https:\/\/schema.org","@graph":[{"@type":"WebPage","@id":"https:\/\/onlinelotto365.com\/lt\/pirkti-bilietus\/el-gordo\/","url":"https:\/\/onlinelotto365.com\/lt\/pirkti-bilietus\/el-gordo\/","name":"El Gordo i\u0161 Lietuvos - kaip \u012fsigyti bilietus internetu","isPartOf":{"@id":"https:\/\/onlinelotto365.com\/lt\/#website"},"primaryImageOfPage":{"@id":"https:\/\/onlinelotto365.com\/lt\/pirkti-bilietus\/el-gordo\/#primaryimage"},"image":{"@id":"https:\/\/onlinelotto365.com\/lt\/pirkti-bilietus\/el-gordo\/#primaryimage"},"thumbnailUrl":"https:\/\/redfoxlotto.com\/image?size=8&amp;lottery=el-gordo-primitiva","datePublished":"2022-11-16T06:30:05+00:00","dateModified":"2022-11-16T06:30:05+00:00","description":"\u0160i\u0105 Ispanijos loterij\u0105 dabar galima \u012fsigyti i\u0161 Lietuvos - bilietus pirkite internetu","breadcrumb":{"@id":"https:\/\/onlinelotto365.com\/lt\/pirkti-bilietus\/el-gordo\/#breadcrumb"},"inLanguage":"lt-LT","potentialAction":[{"@type":"ReadAction","target":["https:\/\/onlinelotto365.com\/lt\/pirkti-bilietus\/el-gordo\/"]}]},{"@type":"ImageObject","inLanguage":"lt-LT","@id":"https:\/\/onlinelotto365.com\/lt\/pirkti-bilietus\/el-gordo\/#primaryimage","url":"https:\/\/redfoxlotto.com\/image?size=8&amp;lottery=el-gordo-primitiva","contentUrl":"https:\/\/redfoxlotto.com\/image?size=8&amp;lottery=el-gordo-primitiva"},{"@type":"BreadcrumbList","@id":"https:\/\/onlinelotto365.com\/lt\/pirkti-bilietus\/el-gordo\/#breadcrumb","itemListElement":[{"@type":"ListItem","position":1,"name":"Home","item":"https:\/\/onlinelotto365.com\/lt\/"},{"@type":"ListItem","position":2,"name":"Internetin\u0117 biliet\u0173 paslauga tarptautiniams loto renginiams","item":"https:\/\/onlinelotto365.com\/lt\/pirkti-bilietus\/"},{"@type":"ListItem","position":3,"name":"Kaip \u012fsigyti &#8222;El Gordo&#8221; bilietus internetu"}]},{"@type":"WebSite","@id":"https:\/\/onlinelotto365.com\/lt\/#website","url":"https:\/\/onlinelotto365.com\/lt\/","name":"OnlineLotto365","description":"","potentialAction":[{"@type":"SearchAction","target":{"@type":"EntryPoint","urlTemplate":"https:\/\/onlinelotto365.com\/lt\/?s={search_term_string}"},"query-input":{"@type":"PropertyValueSpecification","valueRequired":true,"valueName":"search_term_string"}}],"inLanguage":"lt-LT"}]}},"_links":{"self":[{"href":"https:\/\/onlinelotto365.com\/lt\/wp-json\/wp\/v2\/pages\/80255","targetHints":{"allow":["GET"]}}],"collection":[{"href":"https:\/\/onlinelotto365.com\/lt\/wp-json\/wp\/v2\/pages"}],"about":[{"href":"https:\/\/onlinelotto365.com\/lt\/wp-json\/wp\/v2\/types\/page"}],"author":[{"embeddable":true,"href":"https:\/\/onlinelotto365.com\/lt\/wp-json\/wp\/v2\/users\/1"}],"replies":[{"embeddable":true,"href":"https:\/\/onlinelotto365.com\/lt\/wp-json\/wp\/v2\/comments?post=80255"}],"version-history":[{"count":0,"href":"https:\/\/onlinelotto365.com\/lt\/wp-json\/wp\/v2\/pages\/80255\/revisions"}],"up":[{"embeddable":true,"href":"https:\/\/onlinelotto365.com\/lt\/wp-json\/wp\/v2\/pages\/5656"}],"wp:attachment":[{"href":"https:\/\/onlinelotto365.com\/lt\/wp-json\/wp\/v2\/media?parent=80255"}],"curies":[{"name":"wp","href":"https:\/\/api.w.org\/{rel}","templated":true}]}}