{"id":80287,"date":"2022-11-16T10:13:25","date_gmt":"2022-11-16T09:13:25","guid":{"rendered":"https:\/\/onlinelotto365.com\/?page_id=80287"},"modified":"2022-11-16T10:13:25","modified_gmt":"2022-11-16T09:13:25","slug":"la-primitiva","status":"publish","type":"page","link":"https:\/\/onlinelotto365.com\/lt\/pirkti-bilietus\/la-primitiva\/","title":{"rendered":"Kaip \u012fsigyti &#8222;La Primitiva&#8221; bilietus internetu"},"content":{"rendered":"<p>Jei norite nusipirkti &#8222;La Primitiva&#8221; bilietus internetu, bet vis dar nesate visi\u0161kai tikri, kaip tai padaryti, b\u016btinai pa\u017evelkite \u012f \u0161\u012f proces\u0105. Tai kur kas papras\u010diau, nei galite pagalvoti, kad Lietuvoje<br \/>\nloterijos gerb\u0117jams, ir j\u016bs galite laukti burt\u0173 traukimo grei\u010diau, nei manote.<br \/>\n<a href=\"https:\/\/redfoxlotto.com\/play\/la-primitiva\/?ref=a8564250a2&amp;medium=ol365\" target=\"_blank\" rel=\"noopener noreferrer\"><img decoding=\"async\" class=\"aligncenter\" src=\"https:\/\/redfoxlotto.com\/image?size=8&amp;lottery=la-primitiva\" alt=\" la primitiva\" \/><\/a><\/p>\n<ul>\n<li>Pasirinkite loterijos \u017eaidim\u0105, kur\u012f norite \u017eaisti, ir pasirinkite kiekvieno savo bilieto numerius. Arba leiskite kompiuteriui pasirinkti biliet\u0173 numerius u\u017e jus.<\/li>\n<li>\u012e savo u\u017esakym\u0105 \u012ftraukite tiek skirting\u0173 biliet\u0173 ir loterijos \u017eaidim\u0173, kiek tik norite, kol b\u016bsite pasiruo\u0161\u0119 i\u0161siregistruoti<\/li>\n<li>Pasirinkite galimyb\u0119 mok\u0117ti dabar<\/li>\n<li>U\u017eregistruokite nauj\u0105 paskyr\u0105, jei niekada anks\u010diau pas mus nepirkote, arba prisijunkite, jei esate esamas klientas<\/li>\n<li>U\u017epildykite registracijos proces\u0105 spustel\u0117dami patvirtinimo nuorod\u0105, kuri bus i\u0161si\u0173sta \u012f j\u016bs\u0173 el. pa\u0161to adres\u0105<\/li>\n<li>Patikrinkite savo pa\u0161to d\u0117\u017eut\u0119 ir nepageidaujam\u0173 lai\u0161k\u0173 aplank\u0105, kad rastum\u0117te patvirtinimo el. lai\u0161k\u0105<\/li>\n<li>Eikite \u012f svetain\u0117s pirkini\u0173 krep\u0161el\u012f<\/li>\n<li>Vadovaukit\u0117s nurodymais, kad pasirinktum\u0117te mok\u0117jimo b\u016bd\u0105 ir sumok\u0117tum\u0117te u\u017e bilietus<\/li>\n<\/ul>\n<h2>Kaip sumok\u0117ti u\u017e &#8222;La Primitiva&#8221; biliet\u0105 internetu<\/h2>\n<p>Galite rinktis i\u0161 keli\u0173 skirting\u0173 mok\u0117jimo b\u016bd\u0173, kurie yra labai saug\u016bs m\u016bs\u0173 naudotojams. Leid\u017eiame jums pasirinkti patogiausi\u0105 variant\u0105.<br \/>\nNor\u0117dami prad\u0117ti, pasirinkite vien\u0105 i\u0161 dviej\u0173 variant\u0173:<\/p>\n<ul>\n<li>Atlikite mok\u0117jim\u0105 tiesiogiai kredito kortele, banko s\u0105skaita arba kitu mok\u0117jimo b\u016bdu<\/li>\n<li>Prid\u0117kite pinig\u0173 \u012f savo paskyr\u0105 ir naudokite juos bilietams pirkti i\u0161 \u017eaid\u0117jo paskyros<\/li>\n<\/ul>\n<p>Tie, kurie prideda \u012f savo \u017eaid\u0117jo paskyr\u0105, kad gal\u0117t\u0173 pirkti, tur\u0117s \u012fne\u0161ti daugiau nei pakankamai pinig\u0173 pasirinktam pirkimui.<\/p>\n<h2>Daugiau informacijos apie La Primitiva<\/h2>\n<ul>\n<li>\u0160alyje: \u0160alis: Ispanija<\/li>\n<li>Pagrindini\u0173 numeri\u0173 diapazonas: 49<\/li>\n<li>J\u016bs\u0173 pasirinktas numeris: 6<\/li>\n<li>Papildomi skai\u010diai:<\/li>\n<li>J\u016bs renkat\u0117s: 1<\/li>\n<li>Traukimo dienos, valandos: Ketvirtadienis, \u0161e\u0161tadienis, 21:30 CET, 21:30 CET, 21:30 CET<\/li>\n<li>Minimalus laim\u0117jimas: 2 milijonai eur\u0173<\/li>\n<li>Did\u017eiausias laim\u0117jimas: n\u0117ra<\/li>\n<li>Tikimyb\u0117 laim\u0117ti pagrindin\u012f priz\u0105: 1 i\u0161 15537573<\/li>\n<li>Tikimyb\u0117 laim\u0117ti 2 lygio laim\u0117jim\u0105: Tikimyb\u0117 laim\u0117ti aukso puod\u0105: 1 i\u0161 542008<\/li>\n<li>Tikimyb\u0117 laim\u0117ti bet kuriame lygyje: 1 i\u0161 8,43<\/li>\n<li>Priz\u0173 pakop\u0173 skai\u010dius: 9<\/li>\n<\/ul>\n<h2>La Primitiva biliet\u0173 pirkimo internetu privalumai<\/h2>\n<ul>\n<li>I\u0161sirinkite bilietus nei\u0161eidami i\u0161 nam\u0173<\/li>\n<li>Rinkit\u0117s i\u0161 dar daugiau loterijos variant\u0173<\/li>\n<li>Pa\u017evelkite \u012f skirtingus pagrindinius prizus ir su\u017einokite, kur galite laim\u0117ti daugiausiai<\/li>\n<li>Perveskite pinigus \u012f savo s\u0105skait\u0105, kad gal\u0117tum\u0117te sumok\u0117ti u\u017e bilietus<\/li>\n<li>Joki\u0173 r\u016bpes\u010di\u0173, kad prarasite bilietus<\/li>\n<li>Gausite prane\u0161im\u0105, jei laim\u0117site<\/li>\n<li>Galite pasirinkti atsitiktinai sugeneruot\u0105 biliet\u0105<\/li>\n<\/ul>\n<h2>Ar legalu pirkti La Primitiva bilietus internetu?<\/h2>\n<p>Kai kurie \u017emon\u0117s nerimauja, ar j\u0173 gyvenamojoje \u0161alyje leid\u017eiama pirkti loterijos bilietus internetu. Ar net ar jie gali pirkti bilietus tradiciniu b\u016bdu. Ta\u010diau jums nereikia nerimauti, ar teis\u0117ta naudotis m\u016bs\u0173 sistema, nes mes pasir\u016bpiname vietov\u0117s, kurioje vyksta loterija, taisykl\u0117mis. Tokiu b\u016bdu gausite savo laim\u0117jim\u0105, nesvarbu, kas vyksta ir kiek laim\u0117jote.<br \/>\nKad gal\u0117tum\u0117te naudotis m\u016bs\u0173 paslauga, jums tereikia b\u016bti ne jaunesniems nei 18 met\u0173.<\/p>\n<h2>Kaip gauti i\u0161mok\u0105, jei laim\u0117jau La Primitiva internetu?<\/h2>\n<p><img loading=\"lazy\" decoding=\"async\" class=\"alignright wp-image-3535\" src=\"https:\/\/onlinelotto365.com\/wp-content\/uploads\/2020\/11\/online_lottery-141-296x300.jpg\" alt=\"la primitiva internetu\" width=\"164\" height=\"166\" srcset=\"https:\/\/onlinelotto365.com\/wp-content\/uploads\/2020\/11\/online_lottery-141-296x300.jpg 296w, https:\/\/onlinelotto365.com\/wp-content\/uploads\/2020\/11\/online_lottery-141-100x100.jpg 100w, https:\/\/onlinelotto365.com\/wp-content\/uploads\/2020\/11\/online_lottery-141.jpg 491w\" sizes=\"auto, (max-width: 164px) 100vw, 164px\" \/><br \/>\nKai kalbama apie i\u0161mok\u0173 gavim\u0105, mes \u017einome, kaip jums tai svarbu. Tod\u0117l mes pasir\u016bpinome, kad mok\u0117jimo procesas b\u016bt\u0173 kuo paprastesnis. Ir visa tai darome neimdami i\u0161 j\u016bs\u0173 joki\u0173 mokes\u010di\u0173 ar komisini\u0173. Bent jau jei nepasirinksite, kad mok\u0117jimas b\u016bt\u0173 siun\u010diamas banko pavedimu. Tokiu atveju j\u016bs\u0173 bankas gali imti i\u0161 m\u016bs\u0173 mokest\u012f. Tokiu atveju \u0161\u012f mokest\u012f perduodame jums.<br \/>\nJums tereikia \u017einoti, kas atsitinka, kai laimite:<\/p>\n<ul>\n<li>Jei laimite ma\u017eiau nei 2500 EUR, jums nieko nereikia daryti, nes mes viskuo pasir\u016bpinsime u\u017e jus. U\u017etikriname, kad visus pinigus gausite tiesiai \u012f savo \u017eaid\u0117jo s\u0105skait\u0105<\/li>\n<li>Jei laim\u0117site daugiau nei 2500 \u20ac, pinigus gal\u0117site gauti \u010dekiu arba banko pavedimu. Tokiu atveju tur\u0117site u\u017epildyti pretenzijos form\u0105, kuri\u0105 jums atsi\u0173s m\u016bs\u0173 palaikymo komanda, o tada mes pad\u0117sime jums atlikti likusius veiksmus.<\/li>\n<\/ul>\n","protected":false},"excerpt":{"rendered":"<p>Jei norite nusipirkti &#8222;La Primitiva&#8221; bilietus internetu, bet vis dar nesate visi\u0161kai tikri, kaip tai padaryti, b\u016btinai pa\u017evelkite \u012f \u0161\u012f proces\u0105. Tai kur kas papras\u010diau, nei galite pagalvoti, kad Lietuvoje loterijos gerb\u0117jams, ir j\u016bs galite laukti burt\u0173 traukimo grei\u010diau, nei manote. Pasirinkite loterijos \u017eaidim\u0105, kur\u012f norite \u017eaisti, ir pasirinkite kiekvieno savo bilieto numerius. Arba leiskite [&hellip;]<\/p>\n","protected":false},"author":1,"featured_media":0,"parent":5656,"menu_order":7,"comment_status":"closed","ping_status":"closed","template":"la-primitiva-info.php","meta":{"_et_pb_use_builder":"","_et_pb_old_content":"","_et_gb_content_width":"","exclude_from_search":false,"footnotes":""},"class_list":["post-80287","page","type-page","status-publish","hentry"],"yoast_head":"<!-- This site is optimized with the Yoast SEO plugin v23.4 - https:\/\/yoast.com\/wordpress\/plugins\/seo\/ -->\n<title>La Primitiva biliet\u0173 \u012fsigijimas internetu | La Primitiva i\u0161 Lietuvos<\/title>\n<meta name=\"description\" content=\"Su\u017einokite, kaip \u012fsigyti bilietus \u012f Ispanijos loterij\u0105 &quot;La Primitiva&quot; i\u0161 Lietuvos\" \/>\n<meta name=\"robots\" content=\"index, follow, max-snippet:-1, max-image-preview:large, max-video-preview:-1\" \/>\n<link rel=\"canonical\" href=\"https:\/\/onlinelotto365.com\/lt\/pirkti-bilietus\/la-primitiva\/\" \/>\n<meta property=\"og:locale\" content=\"lt_LT\" \/>\n<meta property=\"og:type\" content=\"article\" \/>\n<meta property=\"og:title\" content=\"La Primitiva biliet\u0173 \u012fsigijimas internetu | La Primitiva i\u0161 Lietuvos\" \/>\n<meta property=\"og:description\" content=\"Su\u017einokite, kaip \u012fsigyti bilietus \u012f Ispanijos loterij\u0105 &quot;La Primitiva&quot; i\u0161 Lietuvos\" \/>\n<meta property=\"og:url\" content=\"https:\/\/onlinelotto365.com\/lt\/pirkti-bilietus\/la-primitiva\/\" \/>\n<meta property=\"og:site_name\" content=\"OnlineLotto365\" \/>\n<meta property=\"og:image\" content=\"https:\/\/redfoxlotto.com\/image?size=8&amp;lottery=la-primitiva\" \/>\n<meta name=\"twitter:card\" content=\"summary_large_image\" \/>\n<meta name=\"twitter:label1\" content=\"Est. reading time\" \/>\n\t<meta name=\"twitter:data1\" content=\"3 minut\u0117s\" \/>\n<script type=\"application\/ld+json\" class=\"yoast-schema-graph\">{\"@context\":\"https:\/\/schema.org\",\"@graph\":[{\"@type\":\"WebPage\",\"@id\":\"https:\/\/onlinelotto365.com\/lt\/pirkti-bilietus\/la-primitiva\/\",\"url\":\"https:\/\/onlinelotto365.com\/lt\/pirkti-bilietus\/la-primitiva\/\",\"name\":\"La Primitiva biliet\u0173 \u012fsigijimas internetu | La Primitiva i\u0161 Lietuvos\",\"isPartOf\":{\"@id\":\"https:\/\/onlinelotto365.com\/lt\/#website\"},\"primaryImageOfPage\":{\"@id\":\"https:\/\/onlinelotto365.com\/lt\/pirkti-bilietus\/la-primitiva\/#primaryimage\"},\"image\":{\"@id\":\"https:\/\/onlinelotto365.com\/lt\/pirkti-bilietus\/la-primitiva\/#primaryimage\"},\"thumbnailUrl\":\"https:\/\/redfoxlotto.com\/image?size=8&amp;lottery=la-primitiva\",\"datePublished\":\"2022-11-16T09:13:25+00:00\",\"dateModified\":\"2022-11-16T09:13:25+00:00\",\"description\":\"Su\u017einokite, kaip \u012fsigyti bilietus \u012f Ispanijos loterij\u0105 \\\"La Primitiva\\\" i\u0161 Lietuvos\",\"breadcrumb\":{\"@id\":\"https:\/\/onlinelotto365.com\/lt\/pirkti-bilietus\/la-primitiva\/#breadcrumb\"},\"inLanguage\":\"lt-LT\",\"potentialAction\":[{\"@type\":\"ReadAction\",\"target\":[\"https:\/\/onlinelotto365.com\/lt\/pirkti-bilietus\/la-primitiva\/\"]}]},{\"@type\":\"ImageObject\",\"inLanguage\":\"lt-LT\",\"@id\":\"https:\/\/onlinelotto365.com\/lt\/pirkti-bilietus\/la-primitiva\/#primaryimage\",\"url\":\"https:\/\/redfoxlotto.com\/image?size=8&amp;lottery=la-primitiva\",\"contentUrl\":\"https:\/\/redfoxlotto.com\/image?size=8&amp;lottery=la-primitiva\"},{\"@type\":\"BreadcrumbList\",\"@id\":\"https:\/\/onlinelotto365.com\/lt\/pirkti-bilietus\/la-primitiva\/#breadcrumb\",\"itemListElement\":[{\"@type\":\"ListItem\",\"position\":1,\"name\":\"Home\",\"item\":\"https:\/\/onlinelotto365.com\/lt\/\"},{\"@type\":\"ListItem\",\"position\":2,\"name\":\"Internetin\u0117 biliet\u0173 paslauga tarptautiniams loto renginiams\",\"item\":\"https:\/\/onlinelotto365.com\/lt\/pirkti-bilietus\/\"},{\"@type\":\"ListItem\",\"position\":3,\"name\":\"Kaip \u012fsigyti &#8222;La Primitiva&#8221; bilietus internetu\"}]},{\"@type\":\"WebSite\",\"@id\":\"https:\/\/onlinelotto365.com\/lt\/#website\",\"url\":\"https:\/\/onlinelotto365.com\/lt\/\",\"name\":\"OnlineLotto365\",\"description\":\"\",\"potentialAction\":[{\"@type\":\"SearchAction\",\"target\":{\"@type\":\"EntryPoint\",\"urlTemplate\":\"https:\/\/onlinelotto365.com\/lt\/?s={search_term_string}\"},\"query-input\":{\"@type\":\"PropertyValueSpecification\",\"valueRequired\":true,\"valueName\":\"search_term_string\"}}],\"inLanguage\":\"lt-LT\"}]}<\/script>\n<!-- \/ Yoast SEO plugin. -->","yoast_head_json":{"title":"La Primitiva biliet\u0173 \u012fsigijimas internetu | La Primitiva i\u0161 Lietuvos","description":"Su\u017einokite, kaip \u012fsigyti bilietus \u012f Ispanijos loterij\u0105 \"La Primitiva\" i\u0161 Lietuvos","robots":{"index":"index","follow":"follow","max-snippet":"max-snippet:-1","max-image-preview":"max-image-preview:large","max-video-preview":"max-video-preview:-1"},"canonical":"https:\/\/onlinelotto365.com\/lt\/pirkti-bilietus\/la-primitiva\/","og_locale":"lt_LT","og_type":"article","og_title":"La Primitiva biliet\u0173 \u012fsigijimas internetu | La Primitiva i\u0161 Lietuvos","og_description":"Su\u017einokite, kaip \u012fsigyti bilietus \u012f Ispanijos loterij\u0105 \"La Primitiva\" i\u0161 Lietuvos","og_url":"https:\/\/onlinelotto365.com\/lt\/pirkti-bilietus\/la-primitiva\/","og_site_name":"OnlineLotto365","og_image":[{"url":"https:\/\/redfoxlotto.com\/image?size=8&amp;lottery=la-primitiva"}],"twitter_card":"summary_large_image","twitter_misc":{"Est. reading time":"3 minut\u0117s"},"schema":{"@context":"https:\/\/schema.org","@graph":[{"@type":"WebPage","@id":"https:\/\/onlinelotto365.com\/lt\/pirkti-bilietus\/la-primitiva\/","url":"https:\/\/onlinelotto365.com\/lt\/pirkti-bilietus\/la-primitiva\/","name":"La Primitiva biliet\u0173 \u012fsigijimas internetu | La Primitiva i\u0161 Lietuvos","isPartOf":{"@id":"https:\/\/onlinelotto365.com\/lt\/#website"},"primaryImageOfPage":{"@id":"https:\/\/onlinelotto365.com\/lt\/pirkti-bilietus\/la-primitiva\/#primaryimage"},"image":{"@id":"https:\/\/onlinelotto365.com\/lt\/pirkti-bilietus\/la-primitiva\/#primaryimage"},"thumbnailUrl":"https:\/\/redfoxlotto.com\/image?size=8&amp;lottery=la-primitiva","datePublished":"2022-11-16T09:13:25+00:00","dateModified":"2022-11-16T09:13:25+00:00","description":"Su\u017einokite, kaip \u012fsigyti bilietus \u012f Ispanijos loterij\u0105 \"La Primitiva\" i\u0161 Lietuvos","breadcrumb":{"@id":"https:\/\/onlinelotto365.com\/lt\/pirkti-bilietus\/la-primitiva\/#breadcrumb"},"inLanguage":"lt-LT","potentialAction":[{"@type":"ReadAction","target":["https:\/\/onlinelotto365.com\/lt\/pirkti-bilietus\/la-primitiva\/"]}]},{"@type":"ImageObject","inLanguage":"lt-LT","@id":"https:\/\/onlinelotto365.com\/lt\/pirkti-bilietus\/la-primitiva\/#primaryimage","url":"https:\/\/redfoxlotto.com\/image?size=8&amp;lottery=la-primitiva","contentUrl":"https:\/\/redfoxlotto.com\/image?size=8&amp;lottery=la-primitiva"},{"@type":"BreadcrumbList","@id":"https:\/\/onlinelotto365.com\/lt\/pirkti-bilietus\/la-primitiva\/#breadcrumb","itemListElement":[{"@type":"ListItem","position":1,"name":"Home","item":"https:\/\/onlinelotto365.com\/lt\/"},{"@type":"ListItem","position":2,"name":"Internetin\u0117 biliet\u0173 paslauga tarptautiniams loto renginiams","item":"https:\/\/onlinelotto365.com\/lt\/pirkti-bilietus\/"},{"@type":"ListItem","position":3,"name":"Kaip \u012fsigyti &#8222;La Primitiva&#8221; bilietus internetu"}]},{"@type":"WebSite","@id":"https:\/\/onlinelotto365.com\/lt\/#website","url":"https:\/\/onlinelotto365.com\/lt\/","name":"OnlineLotto365","description":"","potentialAction":[{"@type":"SearchAction","target":{"@type":"EntryPoint","urlTemplate":"https:\/\/onlinelotto365.com\/lt\/?s={search_term_string}"},"query-input":{"@type":"PropertyValueSpecification","valueRequired":true,"valueName":"search_term_string"}}],"inLanguage":"lt-LT"}]}},"_links":{"self":[{"href":"https:\/\/onlinelotto365.com\/lt\/wp-json\/wp\/v2\/pages\/80287","targetHints":{"allow":["GET"]}}],"collection":[{"href":"https:\/\/onlinelotto365.com\/lt\/wp-json\/wp\/v2\/pages"}],"about":[{"href":"https:\/\/onlinelotto365.com\/lt\/wp-json\/wp\/v2\/types\/page"}],"author":[{"embeddable":true,"href":"https:\/\/onlinelotto365.com\/lt\/wp-json\/wp\/v2\/users\/1"}],"replies":[{"embeddable":true,"href":"https:\/\/onlinelotto365.com\/lt\/wp-json\/wp\/v2\/comments?post=80287"}],"version-history":[{"count":0,"href":"https:\/\/onlinelotto365.com\/lt\/wp-json\/wp\/v2\/pages\/80287\/revisions"}],"up":[{"embeddable":true,"href":"https:\/\/onlinelotto365.com\/lt\/wp-json\/wp\/v2\/pages\/5656"}],"wp:attachment":[{"href":"https:\/\/onlinelotto365.com\/lt\/wp-json\/wp\/v2\/media?parent=80287"}],"curies":[{"name":"wp","href":"https:\/\/api.w.org\/{rel}","templated":true}]}}