{"id":80319,"date":"2022-11-16T12:37:52","date_gmt":"2022-11-16T11:37:52","guid":{"rendered":"https:\/\/onlinelotto365.com\/?page_id=80319"},"modified":"2022-11-16T12:38:14","modified_gmt":"2022-11-16T11:38:14","slug":"bonoloto","status":"publish","type":"page","link":"https:\/\/onlinelotto365.com\/lt\/pirkti-bilietus\/bonoloto\/","title":{"rendered":"Kaip \u012fsigyti BonoLoto bilietus internetu"},"content":{"rendered":"<p>Jei gyvenate Lietuvoje ir norite su\u017einoti, kaip \u017eaisti BonoLoto internetu ir kaip gauti bilietus, esate teisingoje vietoje. Mes galime jums pad\u0117ti su visu procesu, ir tai bus daug papras\u010diau, nei j\u016bs manote. Viskas, k\u0105 jums reikia padaryti, tai sekti toliau nurodytais \u017eingsniais.<br \/>\n<a href=\"https:\/\/redfoxlotto.com\/play\/bonoloto\/?ref=a8564250a2&amp;medium=ol365\" target=\"_blank\" rel=\"noopener noreferrer\"><img decoding=\"async\" class=\"aligncenter\" src=\"https:\/\/redfoxlotto.com\/image?size=8&amp;lottery=bonoloto\" alt=\"BonoLoto\" \/><\/a><\/p>\n<ul>\n<li>Eikite \u012f norimo \u017eaisti loto \u017eaidimo, pavyzd\u017eiui, &#8222;BonoLoto&#8221;, puslap\u012f. Tada pasirinkite visus norimus bilietus, \u012fskaitant skai\u010dius, kuriuos norite \u017eaisti.<\/li>\n<li>Prid\u0117kite papildom\u0173 &#8222;BonoLoto&#8221; ar kit\u0173 \u017eaidim\u0173 biliet\u0173 prie u\u017esakymo, kol b\u016bsite pasiruo\u0161\u0119 i\u0161siregistruoti.<\/li>\n<li>Pasirinkite mygtuk\u0105 &#8222;Mok\u0117ti dabar&#8221;.<\/li>\n<li>Prisijunkite prie savo paskyros arba pasirinkite galimyb\u0119 susikurti visi\u0161kai nauj\u0105 paskyr\u0105 ir pereikite registracijos proces\u0105.<\/li>\n<li>Jei kuriate nauj\u0105 paskyr\u0105, tur\u0117site nueiti \u012f savo el. pa\u0161t\u0105, kad gautum\u0117te patvirtinimo nuorod\u0105, kuri leis u\u017ebaigti proces\u0105.<\/li>\n<li>Jei nuorodos negaunate, b\u016btinai patikrinkite nepageidaujam\u0173 lai\u0161k\u0173 aplank\u0105, ar ji neatsid\u016br\u0117 jame, o ne \u012fprastoje pa\u0161to d\u0117\u017eut\u0117je.<\/li>\n<li>Eikite \u012f kasos puslap\u012f svetain\u0117je ir prad\u0117kite mok\u0117jimo proces\u0105.<\/li>\n<li>Pasirinkite mok\u0117jimo b\u016bd\u0105 ir u\u017ebaigkite u\u017esakym\u0105.<\/li>\n<\/ul>\n<h2>Kaip sumok\u0117ti u\u017e &#8222;BonoLoto&#8221; biliet\u0105 internetu<\/h2>\n<p>Tur\u0117site daugyb\u0119 skirting\u0173 mok\u0117jimo b\u016bd\u0173, kuriuos gal\u0117site naudoti pirkdami &#8222;BonoLoto&#8221; ir kitus bilietus.<br \/>\nPrad\u017eiai \u012fsigykite bilietus pasirink\u0119 vien\u0105 i\u0161 \u0161i\u0173 dviej\u0173 bendr\u0173 galimybi\u0173:<\/p>\n<ul>\n<li>Apmok\u0117kite u\u017e u\u017esakym\u0105 tiesiogiai kredito kortele arba finansine s\u0105skaita<\/li>\n<li>\u012ene\u0161kite pinigus \u012f savo \u017eaid\u0117jo s\u0105skait\u0105 m\u016bs\u0173 svetain\u0117je ir naudokit\u0117s savo \u017eaid\u0117jo s\u0105skaita pirkiniui atlikti<\/li>\n<\/ul>\n<p>Pasirinkusieji \u012fmok\u0117ti pinigus \u012f savo \u017eaid\u0117jo s\u0105skait\u0105 \u012fsitikinkite, kad \u012f j\u0105 \u012fne\u0161\u0117te daugiau pinig\u0173, nei reikia dabartiniam u\u017esakymui \u012fvykdyti.<\/p>\n<h2>Daugiau informacijos apie BonoLoto<\/h2>\n<ul>\n<li>\u0160alis: Bono BonoLoto: Ispanija<\/li>\n<li>Pagrindini\u0173 numeri\u0173 diapazonas: 49<\/li>\n<li>J\u016bs\u0173 pasirinktas numeris: 6<\/li>\n<li>Lo\u0161imo dienos, valandos: kasdien, i\u0161skyrus sekmadienius, 21:30 CET, 21:30 CET<\/li>\n<li>Minimalus laim\u0117jimas: 400000<\/li>\n<li>Did\u017eiausias laim\u0117jimas: n\u0117ra<\/li>\n<li>Tikimyb\u0117 laim\u0117ti pagrindin\u012f priz\u0105: 1 i\u0161 13983816<\/li>\n<li>Tikimyb\u0117 laim\u0117ti 2 lygio laim\u0117jim\u0105: 1 i\u0161 2330636<\/li>\n<li>Tikimyb\u0117 laim\u0117ti bet kuriame lygyje: 1 i\u0161 8,43<\/li>\n<li>Priz\u0173 pakop\u0173 skai\u010dius: 6<\/li>\n<\/ul>\n<h2>BonoLoto biliet\u0173 pirkimo internetu privalumai<\/h2>\n<ul>\n<li>I\u0161likite namuose ir vis tiek gaukite norimus bilietus i\u0161 Lietuvos ar bet kurios kitos \u0161alies<\/li>\n<li>Rinkit\u0117s i\u0161 daugyb\u0117s \u012fvairi\u0173 loterijos \u017eaidim\u0173 i\u0161 viso pasaulio<\/li>\n<li>Gaukite daugiau galimybi\u0173 laim\u0117ti didelius prizus pasirinkdami geriausius prizus<\/li>\n<li>Perveskite pinigus \u012f savo s\u0105skait\u0105, kad gal\u0117tum\u0117te sumok\u0117ti u\u017e bilietus<\/li>\n<li>Nesijaudinkite, kad kada nors v\u0117l prarasite biliet\u0105<\/li>\n<li>Niekada nepraleiskite laim\u0117jimo su momentiniais prane\u0161imais<\/li>\n<li>Naudokit\u0117s atsitiktini\u0173 skai\u010di\u0173 generatoriumi, kad jis u\u017e jus i\u0161rinkt\u0173 numerius<\/li>\n<\/ul>\n<h2>Ar teis\u0117ta pirkti &#8222;BonoLoto&#8221; bilietus internetu?<\/h2>\n<p>Galb\u016bt jau\u010diat\u0117s \u0161iek tiek susir\u016bpin\u0119 d\u0117l tokio tipo \u017eaidimo, jei ne\u017einote apie internetinio loto teis\u0117tum\u0105 savo gyvenamojoje \u0161alyje. Ta\u010diau galite visi\u0161kai pasitik\u0117ti m\u016bs\u0173 tarnyba, kuri jums pad\u0117s. Mes u\u017etikriname, kad b\u016bt\u0173 laikomasi vis\u0173 \u0161alies, i\u0161 kurios atvykstama \u017eaisti loto, taisykli\u0173.<\/p>\n<p>Taigi, jei laim\u0117site bet kok\u012f priz\u0105, \u012fskaitant pagrindin\u012f priz\u0105, jums nereik\u0117s nerimauti, ar gal\u0117site j\u012f atsiimti. Esate garantuotas, kad gausite laim\u0117t\u0105 priz\u0105.<br \/>\nVienintel\u0117 taisykl\u0117 &#8211; kad gal\u0117tum\u0117te \u017eaisti, jums turi b\u016bti ne ma\u017eiau kaip 18 met\u0173.<\/p>\n<h2>Kaip gauti i\u0161mok\u0105, jei laim\u0117jau &#8222;BonoLoto&#8221; internete?<\/h2>\n<p><img loading=\"lazy\" decoding=\"async\" class=\"alignright wp-image-3675\" src=\"https:\/\/onlinelotto365.com\/wp-content\/uploads\/2020\/11\/online_lottery-117-300x217.jpg\" alt=\"pirkti bonoloto bilietus internetu\" width=\"195\" height=\"141\" srcset=\"https:\/\/onlinelotto365.com\/wp-content\/uploads\/2020\/11\/online_lottery-117-300x217.jpg 300w, https:\/\/onlinelotto365.com\/wp-content\/uploads\/2020\/11\/online_lottery-117.jpg 320w\" sizes=\"auto, (max-width: 195px) 100vw, 195px\" \/><br \/>\nI\u0161mokos yra svarbios, tod\u0117l norite b\u016bti tikri, kad gausite visus pinigus, \u012f kuriuos turite teis\u0119. Su mumis tai n\u0117ra problema, nes mes neimame komisini\u0173 mokes\u010di\u0173 u\u017e jokius J\u016bs\u0173 laim\u0117jimus. Visus juos gausite tiesiai \u012f savo s\u0105skait\u0105.<\/p>\n<p>Vienintelis atvejis, kai mes netgi imame mokes\u010dius, yra tada, kai pasirenkate, kad j\u016bs\u0173 pinigai b\u016bt\u0173 pervesti \u012f j\u016bs\u0173 bank\u0105. Jei j\u016bs\u0173 bankas u\u017e \u0161\u012f pervedim\u0105 ima mokest\u012f, mes t\u0105 mokest\u012f pervesime \u012f j\u016bs\u0173 s\u0105skait\u0105.<br \/>\nTa\u010diau kai tur\u0117site teis\u0119 \u012f mok\u0117jim\u0105, \u012fvyks vienas i\u0161 dviej\u0173 dalyk\u0173:<\/p>\n<ul>\n<li>Jei laim\u0117jote ma\u017eiau nei 2500 eur\u0173, pinigus \u012f savo s\u0105skait\u0105 gausite prakti\u0161kai i\u0161 karto ir gal\u0117site su jais daryti, k\u0105 tik norite.<\/li>\n<li>Jei laim\u0117site daugiau nei 2500 \u20ac, laim\u0117ta suma jums bus i\u0161si\u0173sta banko pavedimu arba \u010dekiu. Jums suteikiama galimyb\u0117 pasirinkti, ko pageidaujate, kai u\u017epildysite pretenzijos form\u0105, kuri\u0105 jums atsi\u0173s m\u016bs\u0173 darbuotojai. Tokiu b\u016bdu pinigus gausite vos per kelias dienas.<\/li>\n<\/ul>\n","protected":false},"excerpt":{"rendered":"<p>Jei gyvenate Lietuvoje ir norite su\u017einoti, kaip \u017eaisti BonoLoto internetu ir kaip gauti bilietus, esate teisingoje vietoje. Mes galime jums pad\u0117ti su visu procesu, ir tai bus daug papras\u010diau, nei j\u016bs manote. Viskas, k\u0105 jums reikia padaryti, tai sekti toliau nurodytais \u017eingsniais. Eikite \u012f norimo \u017eaisti loto \u017eaidimo, pavyzd\u017eiui, &#8222;BonoLoto&#8221;, puslap\u012f. Tada pasirinkite visus norimus [&hellip;]<\/p>\n","protected":false},"author":1,"featured_media":0,"parent":5656,"menu_order":8,"comment_status":"closed","ping_status":"closed","template":"template-rightsidebar.php","meta":{"_et_pb_use_builder":"","_et_pb_old_content":"","_et_gb_content_width":"","exclude_from_search":false,"footnotes":""},"class_list":["post-80319","page","type-page","status-publish","hentry"],"yoast_head":"<!-- This site is optimized with the Yoast SEO plugin v23.4 - https:\/\/yoast.com\/wordpress\/plugins\/seo\/ -->\n<title>BonoLoto bilietai internetu | Kaip \u012fsigyti bilietus i\u0161 Lietuvos<\/title>\n<meta name=\"description\" content=\"M\u016bs\u0173 svetain\u0117je galite \u012fsigyti bilietus \u012f Bonoloto internetu ir legaliai\" \/>\n<meta name=\"robots\" content=\"index, follow, max-snippet:-1, max-image-preview:large, max-video-preview:-1\" \/>\n<link rel=\"canonical\" href=\"https:\/\/onlinelotto365.com\/lt\/pirkti-bilietus\/bonoloto\/\" \/>\n<meta property=\"og:locale\" content=\"lt_LT\" \/>\n<meta property=\"og:type\" content=\"article\" \/>\n<meta property=\"og:title\" content=\"BonoLoto bilietai internetu | Kaip \u012fsigyti bilietus i\u0161 Lietuvos\" \/>\n<meta property=\"og:description\" content=\"M\u016bs\u0173 svetain\u0117je galite \u012fsigyti bilietus \u012f Bonoloto internetu ir legaliai\" \/>\n<meta property=\"og:url\" content=\"https:\/\/onlinelotto365.com\/lt\/pirkti-bilietus\/bonoloto\/\" \/>\n<meta property=\"og:site_name\" content=\"OnlineLotto365\" \/>\n<meta property=\"article:modified_time\" content=\"2022-11-16T11:38:14+00:00\" \/>\n<meta property=\"og:image\" content=\"https:\/\/redfoxlotto.com\/image?size=8&amp;lottery=bonoloto\" \/>\n<meta name=\"twitter:card\" content=\"summary_large_image\" \/>\n<meta name=\"twitter:label1\" content=\"Est. reading time\" \/>\n\t<meta name=\"twitter:data1\" content=\"3 minut\u0117s\" \/>\n<script type=\"application\/ld+json\" class=\"yoast-schema-graph\">{\"@context\":\"https:\/\/schema.org\",\"@graph\":[{\"@type\":\"WebPage\",\"@id\":\"https:\/\/onlinelotto365.com\/lt\/pirkti-bilietus\/bonoloto\/\",\"url\":\"https:\/\/onlinelotto365.com\/lt\/pirkti-bilietus\/bonoloto\/\",\"name\":\"BonoLoto bilietai internetu | Kaip \u012fsigyti bilietus i\u0161 Lietuvos\",\"isPartOf\":{\"@id\":\"https:\/\/onlinelotto365.com\/lt\/#website\"},\"primaryImageOfPage\":{\"@id\":\"https:\/\/onlinelotto365.com\/lt\/pirkti-bilietus\/bonoloto\/#primaryimage\"},\"image\":{\"@id\":\"https:\/\/onlinelotto365.com\/lt\/pirkti-bilietus\/bonoloto\/#primaryimage\"},\"thumbnailUrl\":\"https:\/\/redfoxlotto.com\/image?size=8&amp;lottery=bonoloto\",\"datePublished\":\"2022-11-16T11:37:52+00:00\",\"dateModified\":\"2022-11-16T11:38:14+00:00\",\"description\":\"M\u016bs\u0173 svetain\u0117je galite \u012fsigyti bilietus \u012f Bonoloto internetu ir legaliai\",\"breadcrumb\":{\"@id\":\"https:\/\/onlinelotto365.com\/lt\/pirkti-bilietus\/bonoloto\/#breadcrumb\"},\"inLanguage\":\"lt-LT\",\"potentialAction\":[{\"@type\":\"ReadAction\",\"target\":[\"https:\/\/onlinelotto365.com\/lt\/pirkti-bilietus\/bonoloto\/\"]}]},{\"@type\":\"ImageObject\",\"inLanguage\":\"lt-LT\",\"@id\":\"https:\/\/onlinelotto365.com\/lt\/pirkti-bilietus\/bonoloto\/#primaryimage\",\"url\":\"https:\/\/redfoxlotto.com\/image?size=8&amp;lottery=bonoloto\",\"contentUrl\":\"https:\/\/redfoxlotto.com\/image?size=8&amp;lottery=bonoloto\"},{\"@type\":\"BreadcrumbList\",\"@id\":\"https:\/\/onlinelotto365.com\/lt\/pirkti-bilietus\/bonoloto\/#breadcrumb\",\"itemListElement\":[{\"@type\":\"ListItem\",\"position\":1,\"name\":\"Home\",\"item\":\"https:\/\/onlinelotto365.com\/lt\/\"},{\"@type\":\"ListItem\",\"position\":2,\"name\":\"Internetin\u0117 biliet\u0173 paslauga tarptautiniams loto renginiams\",\"item\":\"https:\/\/onlinelotto365.com\/lt\/pirkti-bilietus\/\"},{\"@type\":\"ListItem\",\"position\":3,\"name\":\"Kaip \u012fsigyti BonoLoto bilietus internetu\"}]},{\"@type\":\"WebSite\",\"@id\":\"https:\/\/onlinelotto365.com\/lt\/#website\",\"url\":\"https:\/\/onlinelotto365.com\/lt\/\",\"name\":\"OnlineLotto365\",\"description\":\"\",\"potentialAction\":[{\"@type\":\"SearchAction\",\"target\":{\"@type\":\"EntryPoint\",\"urlTemplate\":\"https:\/\/onlinelotto365.com\/lt\/?s={search_term_string}\"},\"query-input\":{\"@type\":\"PropertyValueSpecification\",\"valueRequired\":true,\"valueName\":\"search_term_string\"}}],\"inLanguage\":\"lt-LT\"}]}<\/script>\n<!-- \/ Yoast SEO plugin. -->","yoast_head_json":{"title":"BonoLoto bilietai internetu | Kaip \u012fsigyti bilietus i\u0161 Lietuvos","description":"M\u016bs\u0173 svetain\u0117je galite \u012fsigyti bilietus \u012f Bonoloto internetu ir legaliai","robots":{"index":"index","follow":"follow","max-snippet":"max-snippet:-1","max-image-preview":"max-image-preview:large","max-video-preview":"max-video-preview:-1"},"canonical":"https:\/\/onlinelotto365.com\/lt\/pirkti-bilietus\/bonoloto\/","og_locale":"lt_LT","og_type":"article","og_title":"BonoLoto bilietai internetu | Kaip \u012fsigyti bilietus i\u0161 Lietuvos","og_description":"M\u016bs\u0173 svetain\u0117je galite \u012fsigyti bilietus \u012f Bonoloto internetu ir legaliai","og_url":"https:\/\/onlinelotto365.com\/lt\/pirkti-bilietus\/bonoloto\/","og_site_name":"OnlineLotto365","article_modified_time":"2022-11-16T11:38:14+00:00","og_image":[{"url":"https:\/\/redfoxlotto.com\/image?size=8&amp;lottery=bonoloto"}],"twitter_card":"summary_large_image","twitter_misc":{"Est. reading time":"3 minut\u0117s"},"schema":{"@context":"https:\/\/schema.org","@graph":[{"@type":"WebPage","@id":"https:\/\/onlinelotto365.com\/lt\/pirkti-bilietus\/bonoloto\/","url":"https:\/\/onlinelotto365.com\/lt\/pirkti-bilietus\/bonoloto\/","name":"BonoLoto bilietai internetu | Kaip \u012fsigyti bilietus i\u0161 Lietuvos","isPartOf":{"@id":"https:\/\/onlinelotto365.com\/lt\/#website"},"primaryImageOfPage":{"@id":"https:\/\/onlinelotto365.com\/lt\/pirkti-bilietus\/bonoloto\/#primaryimage"},"image":{"@id":"https:\/\/onlinelotto365.com\/lt\/pirkti-bilietus\/bonoloto\/#primaryimage"},"thumbnailUrl":"https:\/\/redfoxlotto.com\/image?size=8&amp;lottery=bonoloto","datePublished":"2022-11-16T11:37:52+00:00","dateModified":"2022-11-16T11:38:14+00:00","description":"M\u016bs\u0173 svetain\u0117je galite \u012fsigyti bilietus \u012f Bonoloto internetu ir legaliai","breadcrumb":{"@id":"https:\/\/onlinelotto365.com\/lt\/pirkti-bilietus\/bonoloto\/#breadcrumb"},"inLanguage":"lt-LT","potentialAction":[{"@type":"ReadAction","target":["https:\/\/onlinelotto365.com\/lt\/pirkti-bilietus\/bonoloto\/"]}]},{"@type":"ImageObject","inLanguage":"lt-LT","@id":"https:\/\/onlinelotto365.com\/lt\/pirkti-bilietus\/bonoloto\/#primaryimage","url":"https:\/\/redfoxlotto.com\/image?size=8&amp;lottery=bonoloto","contentUrl":"https:\/\/redfoxlotto.com\/image?size=8&amp;lottery=bonoloto"},{"@type":"BreadcrumbList","@id":"https:\/\/onlinelotto365.com\/lt\/pirkti-bilietus\/bonoloto\/#breadcrumb","itemListElement":[{"@type":"ListItem","position":1,"name":"Home","item":"https:\/\/onlinelotto365.com\/lt\/"},{"@type":"ListItem","position":2,"name":"Internetin\u0117 biliet\u0173 paslauga tarptautiniams loto renginiams","item":"https:\/\/onlinelotto365.com\/lt\/pirkti-bilietus\/"},{"@type":"ListItem","position":3,"name":"Kaip \u012fsigyti BonoLoto bilietus internetu"}]},{"@type":"WebSite","@id":"https:\/\/onlinelotto365.com\/lt\/#website","url":"https:\/\/onlinelotto365.com\/lt\/","name":"OnlineLotto365","description":"","potentialAction":[{"@type":"SearchAction","target":{"@type":"EntryPoint","urlTemplate":"https:\/\/onlinelotto365.com\/lt\/?s={search_term_string}"},"query-input":{"@type":"PropertyValueSpecification","valueRequired":true,"valueName":"search_term_string"}}],"inLanguage":"lt-LT"}]}},"_links":{"self":[{"href":"https:\/\/onlinelotto365.com\/lt\/wp-json\/wp\/v2\/pages\/80319","targetHints":{"allow":["GET"]}}],"collection":[{"href":"https:\/\/onlinelotto365.com\/lt\/wp-json\/wp\/v2\/pages"}],"about":[{"href":"https:\/\/onlinelotto365.com\/lt\/wp-json\/wp\/v2\/types\/page"}],"author":[{"embeddable":true,"href":"https:\/\/onlinelotto365.com\/lt\/wp-json\/wp\/v2\/users\/1"}],"replies":[{"embeddable":true,"href":"https:\/\/onlinelotto365.com\/lt\/wp-json\/wp\/v2\/comments?post=80319"}],"version-history":[{"count":0,"href":"https:\/\/onlinelotto365.com\/lt\/wp-json\/wp\/v2\/pages\/80319\/revisions"}],"up":[{"embeddable":true,"href":"https:\/\/onlinelotto365.com\/lt\/wp-json\/wp\/v2\/pages\/5656"}],"wp:attachment":[{"href":"https:\/\/onlinelotto365.com\/lt\/wp-json\/wp\/v2\/media?parent=80319"}],"curies":[{"name":"wp","href":"https:\/\/api.w.org\/{rel}","templated":true}]}}