{"id":80357,"date":"2022-11-17T08:09:47","date_gmt":"2022-11-17T07:09:47","guid":{"rendered":"https:\/\/onlinelotto365.com\/?page_id=80357"},"modified":"2022-11-17T08:09:47","modified_gmt":"2022-11-17T07:09:47","slug":"uk-lottery","status":"publish","type":"page","link":"https:\/\/onlinelotto365.com\/lt\/pirkti-bilietus\/uk-lottery\/","title":{"rendered":"Kaip pirkti JK loterijos bilietus internetu"},"content":{"rendered":"<p>Jei norite nusipirkti JK loterijos bilietus Lietuvoje, jums nereikia nerimauti, nes mes vis\u0105 proces\u0105 i\u0161d\u0117st\u0117me greitai ir lengvai. Jums tereikia pa\u017evelgti \u012f toliau pateiktus paprastus \u017eingsnius ir b\u016bsite pasiruo\u0161\u0119 akimirksniu.<br \/>\n<a href=\"https:\/\/redfoxlotto.com\/play\/lotto-uk\/?ref=a8564250a2&amp;medium=ol365\" target=\"_blank\" rel=\"noopener noreferrer\"><img decoding=\"async\" class=\"aligncenter\" src=\"https:\/\/redfoxlotto.com\/image?size=8&amp;lottery=lotto-uk\" alt=\"uk loterija\" \/><\/a><\/p>\n<ul>\n<li>Nueikite \u012f reikiam\u0105 puslap\u012f, kuriame rasite loterijos \u017eaidim\u0105, kur\u012f norite \u017eaisti, pavyzd\u017eiui, JK loterij\u0105. O tada pasirinkite norimus biliet\u0173 skai\u010dius.<\/li>\n<li>I\u0161sirinkite visus papildomus loterijos bilietus, kuri\u0173 norite \u0161iam ar kitiems loterijos \u017eaidimams, kuriuos ketinate \u017eaisti.<\/li>\n<li>Pasirinkite galimyb\u0119 sumok\u0117ti u\u017e bilietus<\/li>\n<li>Atlikite paskyros registravimo proces\u0105, jei esate naujas naudotojas, arba prisijunkite prie savo paskyros, jei jau esate esamas naudotojas<\/li>\n<li>Tiems, kuriems dar reikia u\u017esiregistruoti, per kelias minutes \u012f savo pa\u0161to d\u0117\u017eut\u0119 arba nepageidaujam\u0173 lai\u0161k\u0173 aplank\u0105 gausite patvirtinimo el. lai\u0161k\u0105<\/li>\n<li>Jei per kelias minutes negavote el. lai\u0161ko, patikrinkite nepageidaujam\u0173 lai\u0161k\u0173 aplank\u0105, kad \u012fsitikintum\u0117te, ar tikrai j\u012f gavote<\/li>\n<li>Gr\u012f\u017ekite \u012f svetain\u0119 ir pasirinkite pirkini\u0173 krep\u0161el\u012f, kad gal\u0117tum\u0117te sumok\u0117ti u\u017e bilietus<\/li>\n<li>Pasirinkite mok\u0117jimo b\u016bd\u0105 ir atlikite mok\u0117jimo instrukcijas<\/li>\n<\/ul>\n<h2>Kaip sumok\u0117ti u\u017e JK loterijos biliet\u0105 internetu<\/h2>\n<p>Savo klientams i\u0161 Lietuvos ir kit\u0173 \u0161ali\u0173 si\u016blome kelis skirtingus visi\u0161kai saugius mok\u0117jimo b\u016bdus. Taip gal\u0117site pasirinkti jums tinkamiausi\u0105 b\u016bd\u0105.<br \/>\nPasirinkite vien\u0105 i\u0161 dviej\u0173 skirting\u0173 bendr\u0173 mok\u0117jimo b\u016bd\u0173:<\/p>\n<p>Mok\u0117kite u\u017e kiekvien\u0105 u\u017esakym\u0105 naudodami pasirinkt\u0105 mok\u0117jimo b\u016bd\u0105<br \/>\nPerveskite pinigus \u012f savo s\u0105skait\u0105 ir naudokite juos norimiems bilietams \u012fsigyti<\/p>\n<p>\u012esitikinkite, kad \u012fmok\u0117jote daugiau nei reikia bilietams \u012fsigyti, jei pasirenkate \u012fmok\u0117ti pinigus tiesiogiai \u012f savo s\u0105skait\u0105.<\/p>\n<h2>Daugiau informacijos apie JK loterij\u0105<\/h2>\n<ul>\n<li>\u0160alis: JK loterija<\/li>\n<li>Pagrindini\u0173 skai\u010di\u0173 diapazonas: 59<\/li>\n<li>Pasirinkite: 6<\/li>\n<li>Papildomi skai\u010diai: 6:<\/li>\n<li>J\u016bs renkat\u0117s:<\/li>\n<li>Rinkit\u0117s dienas, valandas: Tre\u010diadienis, \u0161e\u0161tadienis, , 19:30 UTC, 19:30 CET<\/li>\n<li>Minimalus laim\u0117jimas: GBP.<\/li>\n<li>Did\u017eiausias prizas: 2,5 mln: GBP.<\/li>\n<li>Tikimyb\u0117 laim\u0117ti pagrindin\u012f priz\u0105: 1 i\u0161 45057474<\/li>\n<li>Tikimyb\u0117 laim\u0117ti 2 lygio laim\u0117jim\u0105: 1 i\u0161 7509579<\/li>\n<li>Tikimyb\u0117 laim\u0117ti bet kuriame lygyje: 1 i\u0161 9,27<\/li>\n<li>Priz\u0173 pakop\u0173 skai\u010dius: 6<\/li>\n<\/ul>\n<h2>Privalumai perkant JK loterijos bilietus internetu<\/h2>\n<ul>\n<li>Gaukite norimus bilietus nei\u0161eidami i\u0161 nam\u0173<\/li>\n<li>Rinkit\u0117s i\u0161 daugyb\u0117s skirting\u0173 loterijos \u017eaidim\u0173<\/li>\n<li>Rinkdamiesi i\u0161 skirting\u0173 \u017eaidim\u0173, turite geriausius \u0161ansus laim\u0117ti didel\u012f aukso puod\u0105<\/li>\n<li>Tiesiogiai \u012f savo mok\u0117jimo s\u0105skait\u0105 \u012fne\u0161kite pinig\u0173 ir sumok\u0117kite u\u017e bilietus<\/li>\n<li>Joki\u0173 r\u016bpes\u010di\u0173, kad v\u0117l prarasite bilietus<\/li>\n<li>Tiesiogiai jums siun\u010diami prane\u0161imai apie laim\u0117jimus<\/li>\n<li>Lengvo pasirinkimo parinktys, jei nenorite patys rinktis skai\u010di\u0173<\/li>\n<\/ul>\n<h2>Ar teis\u0117ta pirkti JK loterijos bilietus internetu?<\/h2>\n<p>N\u0117ra joki\u0173 abejoni\u0173 d\u0117l JK loterijos biliet\u0173 pirkimo internetu i\u0161 Lietuvos ar tradiciniu b\u016bdu teis\u0117tumo. Galite b\u016bti tikri, kad nesvarbu, kas nutikt\u0173, j\u016bs gausite savo bilietus ir jums nereik\u0117s nerimauti net d\u0117l pagrindinio prizo laim\u0117jimo.<\/p>\n<p>Mes pasir\u016bpinsime, kad gautum\u0117te pinigus, ir nereik\u0117s r\u016bpintis, ar paslauga yra legali pagal j\u016bs\u0173 gyvenam\u0105j\u0105 \u0161al\u012f. Tik \u012fsitikinkite, kad esate 18 met\u0173 arba vyresnis, kad gal\u0117tum\u0117te pirkti bilietus pas mus<\/p>\n<h2>Kaip man i\u0161mok\u0117ti pinigus, jei laim\u0117siu JK loterij\u0105 internetu?<\/h2>\n<p><img loading=\"lazy\" decoding=\"async\" class=\"alignright size-medium wp-image-3655\" src=\"https:\/\/onlinelotto365.com\/wp-content\/uploads\/2020\/11\/online_lottery-59-300x182.jpg\" alt=\"\u017eaisti uk loterij\u0105 internetu\" width=\"300\" height=\"182\" srcset=\"https:\/\/onlinelotto365.com\/wp-content\/uploads\/2020\/11\/online_lottery-59-300x182.jpg 300w, https:\/\/onlinelotto365.com\/wp-content\/uploads\/2020\/11\/online_lottery-59.jpg 320w\" sizes=\"auto, (max-width: 300px) 100vw, 300px\" \/><br \/>\nMes \u017einome, kad gauti pinigus yra viena svarbiausi\u0173 dali\u0173 jums, tod\u0117l norime u\u017etikrinti, kad mok\u0117jimo procesas b\u016bt\u0173 kuo paprastesnis. Be to, mes neimame joki\u0173 komisini\u0173 i\u0161 j\u016bs\u0173 laim\u0117jimo, tod\u0117l j\u016bs gaunate kiekvien\u0105 laim\u0117jimo dal\u012f. Vienintelis atvejis, kai imame mokes\u010dius, yra tada, kai pra\u0161ote atlikti bankin\u012f pervedim\u0105, o bankas ima i\u0161 m\u016bs\u0173 mokest\u012f. \u0160i suma gali b\u016bti pervesta jums.<br \/>\nKitais atvejais tiesiog pa\u017ei\u016br\u0117kite, kas vyksta su j\u016bs\u0173 mok\u0117jimais \u010dia:<\/p>\n<ul>\n<li>Ma\u017eesn\u0117s nei 2500 EUR sumos i\u0161mokos bus automati\u0161kai pervedamos \u012f j\u016bs\u0173 s\u0105skait\u0105. Jums nieko nereikia daryti<\/li>\n<li>Didesniems nei 2500 \u20ac mok\u0117jimams reik\u0117s u\u017epildyti pra\u0161ymo form\u0105, kuri\u0105 gal\u0117site pateikti loterijos komisijai. J\u0105 jums atsi\u0173s m\u016bs\u0173 palaikymo komanda ir leis pasirinkti, ar norite, kad pinigai b\u016bt\u0173 siun\u010diami \u010dekiu, ar banko pavedimu<\/li>\n<\/ul>\n","protected":false},"excerpt":{"rendered":"<p>Jei norite nusipirkti JK loterijos bilietus Lietuvoje, jums nereikia nerimauti, nes mes vis\u0105 proces\u0105 i\u0161d\u0117st\u0117me greitai ir lengvai. Jums tereikia pa\u017evelgti \u012f toliau pateiktus paprastus \u017eingsnius ir b\u016bsite pasiruo\u0161\u0119 akimirksniu. Nueikite \u012f reikiam\u0105 puslap\u012f, kuriame rasite loterijos \u017eaidim\u0105, kur\u012f norite \u017eaisti, pavyzd\u017eiui, JK loterij\u0105. O tada pasirinkite norimus biliet\u0173 skai\u010dius. I\u0161sirinkite visus papildomus loterijos bilietus, [&hellip;]<\/p>\n","protected":false},"author":1,"featured_media":0,"parent":5656,"menu_order":9,"comment_status":"closed","ping_status":"closed","template":"lotto-uk-info.php","meta":{"_et_pb_use_builder":"","_et_pb_old_content":"","_et_gb_content_width":"","exclude_from_search":false,"footnotes":""},"class_list":["post-80357","page","type-page","status-publish","hentry"],"yoast_head":"<!-- This site is optimized with the Yoast SEO plugin v23.4 - https:\/\/yoast.com\/wordpress\/plugins\/seo\/ -->\n<title>Pirkti bilietus \u012f UK Loterija internetu i\u0161 Lietuvos | UK Loterija info, kaip pirkti bilietus<\/title>\n<meta name=\"description\" content=\"Mes suteikiame galimyb\u0119 loterijos \u017eaid\u0117jams i\u0161 Lietuvos \u012fsigyti bilietus \u012f UK Lottery\" \/>\n<meta name=\"robots\" content=\"index, follow, max-snippet:-1, max-image-preview:large, max-video-preview:-1\" \/>\n<link rel=\"canonical\" href=\"https:\/\/onlinelotto365.com\/lt\/pirkti-bilietus\/uk-lottery\/\" \/>\n<meta property=\"og:locale\" content=\"lt_LT\" \/>\n<meta property=\"og:type\" content=\"article\" \/>\n<meta property=\"og:title\" content=\"Pirkti bilietus \u012f UK Loterija internetu i\u0161 Lietuvos | UK Loterija info, kaip pirkti bilietus\" \/>\n<meta property=\"og:description\" content=\"Mes suteikiame galimyb\u0119 loterijos \u017eaid\u0117jams i\u0161 Lietuvos \u012fsigyti bilietus \u012f UK Lottery\" \/>\n<meta property=\"og:url\" content=\"https:\/\/onlinelotto365.com\/lt\/pirkti-bilietus\/uk-lottery\/\" \/>\n<meta property=\"og:site_name\" content=\"OnlineLotto365\" \/>\n<meta property=\"og:image\" content=\"https:\/\/redfoxlotto.com\/image?size=8&amp;lottery=lotto-uk\" \/>\n<meta name=\"twitter:card\" content=\"summary_large_image\" \/>\n<meta name=\"twitter:label1\" content=\"Est. reading time\" \/>\n\t<meta name=\"twitter:data1\" content=\"3 minut\u0117s\" \/>\n<script type=\"application\/ld+json\" class=\"yoast-schema-graph\">{\"@context\":\"https:\/\/schema.org\",\"@graph\":[{\"@type\":\"WebPage\",\"@id\":\"https:\/\/onlinelotto365.com\/lt\/pirkti-bilietus\/uk-lottery\/\",\"url\":\"https:\/\/onlinelotto365.com\/lt\/pirkti-bilietus\/uk-lottery\/\",\"name\":\"Pirkti bilietus \u012f UK Loterija internetu i\u0161 Lietuvos | UK Loterija info, kaip pirkti bilietus\",\"isPartOf\":{\"@id\":\"https:\/\/onlinelotto365.com\/lt\/#website\"},\"primaryImageOfPage\":{\"@id\":\"https:\/\/onlinelotto365.com\/lt\/pirkti-bilietus\/uk-lottery\/#primaryimage\"},\"image\":{\"@id\":\"https:\/\/onlinelotto365.com\/lt\/pirkti-bilietus\/uk-lottery\/#primaryimage\"},\"thumbnailUrl\":\"https:\/\/redfoxlotto.com\/image?size=8&amp;lottery=lotto-uk\",\"datePublished\":\"2022-11-17T07:09:47+00:00\",\"dateModified\":\"2022-11-17T07:09:47+00:00\",\"description\":\"Mes suteikiame galimyb\u0119 loterijos \u017eaid\u0117jams i\u0161 Lietuvos \u012fsigyti bilietus \u012f UK Lottery\",\"breadcrumb\":{\"@id\":\"https:\/\/onlinelotto365.com\/lt\/pirkti-bilietus\/uk-lottery\/#breadcrumb\"},\"inLanguage\":\"lt-LT\",\"potentialAction\":[{\"@type\":\"ReadAction\",\"target\":[\"https:\/\/onlinelotto365.com\/lt\/pirkti-bilietus\/uk-lottery\/\"]}]},{\"@type\":\"ImageObject\",\"inLanguage\":\"lt-LT\",\"@id\":\"https:\/\/onlinelotto365.com\/lt\/pirkti-bilietus\/uk-lottery\/#primaryimage\",\"url\":\"https:\/\/redfoxlotto.com\/image?size=8&amp;lottery=lotto-uk\",\"contentUrl\":\"https:\/\/redfoxlotto.com\/image?size=8&amp;lottery=lotto-uk\"},{\"@type\":\"BreadcrumbList\",\"@id\":\"https:\/\/onlinelotto365.com\/lt\/pirkti-bilietus\/uk-lottery\/#breadcrumb\",\"itemListElement\":[{\"@type\":\"ListItem\",\"position\":1,\"name\":\"Home\",\"item\":\"https:\/\/onlinelotto365.com\/lt\/\"},{\"@type\":\"ListItem\",\"position\":2,\"name\":\"Internetin\u0117 biliet\u0173 paslauga tarptautiniams loto renginiams\",\"item\":\"https:\/\/onlinelotto365.com\/lt\/pirkti-bilietus\/\"},{\"@type\":\"ListItem\",\"position\":3,\"name\":\"Kaip pirkti JK loterijos bilietus internetu\"}]},{\"@type\":\"WebSite\",\"@id\":\"https:\/\/onlinelotto365.com\/lt\/#website\",\"url\":\"https:\/\/onlinelotto365.com\/lt\/\",\"name\":\"OnlineLotto365\",\"description\":\"\",\"potentialAction\":[{\"@type\":\"SearchAction\",\"target\":{\"@type\":\"EntryPoint\",\"urlTemplate\":\"https:\/\/onlinelotto365.com\/lt\/?s={search_term_string}\"},\"query-input\":{\"@type\":\"PropertyValueSpecification\",\"valueRequired\":true,\"valueName\":\"search_term_string\"}}],\"inLanguage\":\"lt-LT\"}]}<\/script>\n<!-- \/ Yoast SEO plugin. -->","yoast_head_json":{"title":"Pirkti bilietus \u012f UK Loterija internetu i\u0161 Lietuvos | UK Loterija info, kaip pirkti bilietus","description":"Mes suteikiame galimyb\u0119 loterijos \u017eaid\u0117jams i\u0161 Lietuvos \u012fsigyti bilietus \u012f UK Lottery","robots":{"index":"index","follow":"follow","max-snippet":"max-snippet:-1","max-image-preview":"max-image-preview:large","max-video-preview":"max-video-preview:-1"},"canonical":"https:\/\/onlinelotto365.com\/lt\/pirkti-bilietus\/uk-lottery\/","og_locale":"lt_LT","og_type":"article","og_title":"Pirkti bilietus \u012f UK Loterija internetu i\u0161 Lietuvos | UK Loterija info, kaip pirkti bilietus","og_description":"Mes suteikiame galimyb\u0119 loterijos \u017eaid\u0117jams i\u0161 Lietuvos \u012fsigyti bilietus \u012f UK Lottery","og_url":"https:\/\/onlinelotto365.com\/lt\/pirkti-bilietus\/uk-lottery\/","og_site_name":"OnlineLotto365","og_image":[{"url":"https:\/\/redfoxlotto.com\/image?size=8&amp;lottery=lotto-uk"}],"twitter_card":"summary_large_image","twitter_misc":{"Est. reading time":"3 minut\u0117s"},"schema":{"@context":"https:\/\/schema.org","@graph":[{"@type":"WebPage","@id":"https:\/\/onlinelotto365.com\/lt\/pirkti-bilietus\/uk-lottery\/","url":"https:\/\/onlinelotto365.com\/lt\/pirkti-bilietus\/uk-lottery\/","name":"Pirkti bilietus \u012f UK Loterija internetu i\u0161 Lietuvos | UK Loterija info, kaip pirkti bilietus","isPartOf":{"@id":"https:\/\/onlinelotto365.com\/lt\/#website"},"primaryImageOfPage":{"@id":"https:\/\/onlinelotto365.com\/lt\/pirkti-bilietus\/uk-lottery\/#primaryimage"},"image":{"@id":"https:\/\/onlinelotto365.com\/lt\/pirkti-bilietus\/uk-lottery\/#primaryimage"},"thumbnailUrl":"https:\/\/redfoxlotto.com\/image?size=8&amp;lottery=lotto-uk","datePublished":"2022-11-17T07:09:47+00:00","dateModified":"2022-11-17T07:09:47+00:00","description":"Mes suteikiame galimyb\u0119 loterijos \u017eaid\u0117jams i\u0161 Lietuvos \u012fsigyti bilietus \u012f UK Lottery","breadcrumb":{"@id":"https:\/\/onlinelotto365.com\/lt\/pirkti-bilietus\/uk-lottery\/#breadcrumb"},"inLanguage":"lt-LT","potentialAction":[{"@type":"ReadAction","target":["https:\/\/onlinelotto365.com\/lt\/pirkti-bilietus\/uk-lottery\/"]}]},{"@type":"ImageObject","inLanguage":"lt-LT","@id":"https:\/\/onlinelotto365.com\/lt\/pirkti-bilietus\/uk-lottery\/#primaryimage","url":"https:\/\/redfoxlotto.com\/image?size=8&amp;lottery=lotto-uk","contentUrl":"https:\/\/redfoxlotto.com\/image?size=8&amp;lottery=lotto-uk"},{"@type":"BreadcrumbList","@id":"https:\/\/onlinelotto365.com\/lt\/pirkti-bilietus\/uk-lottery\/#breadcrumb","itemListElement":[{"@type":"ListItem","position":1,"name":"Home","item":"https:\/\/onlinelotto365.com\/lt\/"},{"@type":"ListItem","position":2,"name":"Internetin\u0117 biliet\u0173 paslauga tarptautiniams loto renginiams","item":"https:\/\/onlinelotto365.com\/lt\/pirkti-bilietus\/"},{"@type":"ListItem","position":3,"name":"Kaip pirkti JK loterijos bilietus internetu"}]},{"@type":"WebSite","@id":"https:\/\/onlinelotto365.com\/lt\/#website","url":"https:\/\/onlinelotto365.com\/lt\/","name":"OnlineLotto365","description":"","potentialAction":[{"@type":"SearchAction","target":{"@type":"EntryPoint","urlTemplate":"https:\/\/onlinelotto365.com\/lt\/?s={search_term_string}"},"query-input":{"@type":"PropertyValueSpecification","valueRequired":true,"valueName":"search_term_string"}}],"inLanguage":"lt-LT"}]}},"_links":{"self":[{"href":"https:\/\/onlinelotto365.com\/lt\/wp-json\/wp\/v2\/pages\/80357","targetHints":{"allow":["GET"]}}],"collection":[{"href":"https:\/\/onlinelotto365.com\/lt\/wp-json\/wp\/v2\/pages"}],"about":[{"href":"https:\/\/onlinelotto365.com\/lt\/wp-json\/wp\/v2\/types\/page"}],"author":[{"embeddable":true,"href":"https:\/\/onlinelotto365.com\/lt\/wp-json\/wp\/v2\/users\/1"}],"replies":[{"embeddable":true,"href":"https:\/\/onlinelotto365.com\/lt\/wp-json\/wp\/v2\/comments?post=80357"}],"version-history":[{"count":0,"href":"https:\/\/onlinelotto365.com\/lt\/wp-json\/wp\/v2\/pages\/80357\/revisions"}],"up":[{"embeddable":true,"href":"https:\/\/onlinelotto365.com\/lt\/wp-json\/wp\/v2\/pages\/5656"}],"wp:attachment":[{"href":"https:\/\/onlinelotto365.com\/lt\/wp-json\/wp\/v2\/media?parent=80357"}],"curies":[{"name":"wp","href":"https:\/\/api.w.org\/{rel}","templated":true}]}}