{"id":80401,"date":"2022-11-17T12:01:27","date_gmt":"2022-11-17T11:01:27","guid":{"rendered":"https:\/\/onlinelotto365.com\/?page_id=80401"},"modified":"2022-11-17T12:01:27","modified_gmt":"2022-11-17T11:01:27","slug":"set-for-life","status":"publish","type":"page","link":"https:\/\/onlinelotto365.com\/lt\/pirkti-bilietus\/set-for-life\/","title":{"rendered":"Kaip \u012fsigyti &#8222;Set for life&#8221; bilietus internetu"},"content":{"rendered":"<p>Jei norite \u012fsigyti bilietus \u012f &#8222;Set for Life&#8221; dabar, turite \u017einoti, kaip tai padaryti. Jei gyvenate Lietuvoje, jums tai padaryti bus paprasta ir tikriausiai jau \u017einosite, kaip \u012fsigyti bilietus. Ta\u010diau k\u0105 daryti loterijos \u017eaid\u0117jams i\u0161 kit\u0173 \u0161ali\u0173, pavyzd\u017eiui, i\u0161 Australijos? K\u0105 gi, tai labai paprastas procesas ir mes galime pad\u0117ti jums prad\u0117ti greitai. Jums tereikia atlikti toliau pateiktus \u017eingsnius. Po to gal\u0117site gauti norimus kito lo\u0161imo bilietus.<br \/>\n<a href=\"https:\/\/redfoxlotto.com\/play\/set-for-life-uk\/?ref=a8564250a2&amp;medium=ol365\" target=\"_blank\" rel=\"noopener noreferrer\"><img decoding=\"async\" class=\"aligncenter\" src=\"https:\/\/redfoxlotto.com\/image?size=8&amp;lottery=set-for-life-uk\" alt=\"&quot;Set\" \/><\/a><\/p>\n<ul>\n<li>Eikite \u012f loterijos &#8222;Set for Life&#8221; puslap\u012f, pasirinkite norim\u0105 biliet\u0173 skai\u010di\u0173 ir pasirinkite norimus kiekvieno i\u0161 \u0161i\u0173 biliet\u0173 skai\u010dius.<\/li>\n<li>I\u0161sirinkite papildom\u0173 &#8222;Set for Life&#8221; ar kit\u0173 loterijos \u017eaidim\u0173 biliet\u0173, kad u\u017epildytum\u0117te savo krep\u0161el\u012f<\/li>\n<li>Pasirinkite galimyb\u0119 mok\u0117ti dabar<\/li>\n<li>Vykdykite nurodymus, kad prisijungtum\u0117te prie savo paskyros arba pereitum\u0117te naujos paskyros k\u016brimo proces\u0105<\/li>\n<li>Atlikite patikrinimo proces\u0105 eidami \u012f savo paskyr\u0105 ir spustel\u0117dami el. lai\u0161ke esan\u010di\u0105 nuorod\u0105<\/li>\n<li>Patikrinkite nepageidaujam\u0173 lai\u0161k\u0173 aplank\u0105, jei el. pa\u0161to d\u0117\u017eut\u0117je nerodomas lai\u0161kas, kad \u012fsitikintum\u0117te, jog j\u012f gavote<\/li>\n<li>Patvirtin\u0119 paskyr\u0105 eikite \u012f svetain\u0117s pirkini\u0173 krep\u0161el\u012f<\/li>\n<li>Pasirinkite pageidaujam\u0105 mok\u0117jimo b\u016bd\u0105 ir pereikite mok\u0117jimo proces\u0105<\/li>\n<\/ul>\n<h2>Kaip sumok\u0117ti u\u017e biliet\u0105 \u012f &#8222;Set for life&#8221; internetu<\/h2>\n<p>Mok\u0117dami u\u017e bilietus \u012fsitikinsite, kad tai ne tik paprasta, bet ir visi\u0161kai saugu, be to, si\u016bloma daugyb\u0117 galimybi\u0173.<br \/>\nPasirinkite mok\u0117ti u\u017e bilietus:<\/p>\n<p>Tiesiogin\u012f pirkim\u0105 pasirinktu mok\u0117jimo b\u016bdu<br \/>\n\u012emok\u0117dami pinigus \u012f savo s\u0105skait\u0105 ir naudodami juos pirkimui<\/p>\n<p>\u012esitikinkite, kad pasirink\u0119 \u012fmok\u0117ti pinigus \u012f savo s\u0105skait\u0105 taip pat \u012fmok\u0117jote \u0161iek tiek daugiau, kad j\u016bs\u0173 pasirinktas mok\u0117jimas b\u016bt\u0173 atliktas.<\/p>\n<h2>Daugiau informacijos apie &#8222;Set for life<\/h2>\n<ul>\n<li>\u0160alis: Lietuva<\/li>\n<li>Pagrindini\u0173 numeri\u0173 diapazonas: 45<\/li>\n<li>J\u016bs renkat\u0117s: 5<\/li>\n<li>Papildomi skai\u010diai: 10<\/li>\n<li>J\u016bs renkat\u0117s: 1<\/li>\n<li>Traukimo dienos, valandos: Pirmadienis, ketvirtadienis, 20:00 GMT, 21:00 CET<\/li>\n<li>Minimalus laim\u0117jimas: 1:<\/li>\n<li>Did\u017eiausias laim\u0117jimas: 1:<\/li>\n<li>Tikimyb\u0117 laim\u0117ti pagrindin\u012f priz\u0105: 1 i\u0161 15339390<\/li>\n<li>Tikimyb\u0117 laim\u0117ti 2 lygio laim\u0117jim\u0105: Tikimyb\u0117 laim\u0117ti aukso puod\u0105: 1 i\u0161 1704377<\/li>\n<li>Tikimyb\u0117 laim\u0117ti bet kuriame lygyje: 1 i\u0161 12,4<\/li>\n<li>Priz\u0173 pakop\u0173 skai\u010dius: 8<\/li>\n<\/ul>\n<h2>Biliet\u0173 &#8222;Set for life&#8221; pirkimo internetu privalumai<\/h2>\n<ul>\n<li>Norint nusipirkti bilietus nereikia i\u0161eiti i\u0161 nam\u0173<\/li>\n<li>J\u016bs neapsiribojate loterij\u0173 \u017eaidimu i\u0161 Australijos<\/li>\n<li>Galite rinktis i\u0161 \u012fvairi\u0173 loterij\u0173 i\u0161 viso pasaulio<\/li>\n<li>Rinkit\u0117s \u017eaidimus su did\u017eiausiais laim\u0117jimais, kad padidintum\u0117te savo galimybes<\/li>\n<li>Naudokite savo s\u0105skaitos likut\u012f norimiems bilietams \u012fsigyti<\/li>\n<li>Visada sekite savo bilietus<\/li>\n<li>Gaukite prane\u0161im\u0105, jei j\u016bs\u0173 bilietas laim\u0117jo<\/li>\n<li>Nesijaudinkite rinkdamiesi biliet\u0173 variantus su greitaisiais pasirinkimais<\/li>\n<\/ul>\n<h2>Ar teis\u0117ta pirkti &#8222;Set for life&#8221; bilietus internetu?<\/h2>\n<p>Jums nereikia nerimauti d\u0117l biliet\u0173 pirkimo internetu ar tradiciniu b\u016bdu teis\u0117tumo. Galite ramiai s\u0117d\u0117ti, atsipalaiduoti ir pasitik\u0117ti, kad mes pasir\u016bpinsime, jog b\u016bt\u0173 laikomasi vis\u0173 \u0161alies, i\u0161 kurios \u0161ie \u017eaidimai yra kil\u0119, taisykli\u0173. Jums tereikia nusipirkti biliet\u0105, o mes garantuojame, kad jei turite teis\u0119 \u012f priz\u0105, \u012fskaitant pagrindin\u012f laim\u0117jim\u0105, j\u012f gausite.<br \/>\nNor\u0117dami naudotis m\u016bs\u0173 svetaine, turite b\u016bti ne jaunesni kaip 18 met\u0173.<\/p>\n<h2>Kaip gausiu i\u0161mok\u0105, jei internete laim\u0117siu &#8222;Set for life&#8221;?<\/h2>\n<p>Kai k\u0105 nors laimite, norite, kad jums b\u016bt\u0173 i\u0161mok\u0117tas kiekvienas centas, kuris jums priklauso, ir b\u016btent tai mes ir darome. U\u017etikriname, kad visada gausite visus pinigus be joki\u0173 komisini\u0173 ir mokes\u010di\u0173, kurie b\u016bt\u0173 priskai\u010diuoti prie laim\u0117jimo.<br \/>\nVienintelis kartas, kai jums reikia k\u0105 nors mok\u0117ti, yra tada, kai nusprend\u017eiate atlikti banko pavedim\u0105. Jei bankas ima i\u0161 m\u016bs\u0173 pinigus, o taip gali nutikti atliekant tarptautinius pervedimus, mes i\u0161 j\u016bs\u0173 s\u0105skaitos nuskai\u010diuojame mokest\u012f. Tai vienintel\u0117 prie\u017eastis, d\u0117l kurios mes k\u0105 nors nuskai\u010diuojame nuo j\u016bs\u0173 laim\u0117jimo.<br \/>\nO jei laim\u0117site, pinigus gausite vienu i\u0161 vos keli\u0173 b\u016bd\u0173:<\/p>\n<ul>\n<li>Bet koki\u0105 ma\u017eesn\u0119 nei 2500 eur\u0173 sum\u0105 lengva gauti, nes m\u016bs\u0173 palaikymo komanda perves pinigus tiesiai \u012f j\u016bs\u0173 s\u0105skait\u0105.<\/li>\n<li>Bet kokia suma, vir\u0161ijanti 2500 \u20ac, jums vis tiek bus paprasta, nes m\u016bs\u0173 palaikymo komanda pad\u0117s jums atlikti \u0161\u012f proces\u0105. Jums atsi\u0173sime pretenzijos form\u0105, kad gal\u0117tum\u0117te j\u0105 u\u017epildyti ir prane\u0161ti, ar norite, kad pinigai b\u016bt\u0173 pervesti \u012f j\u016bs\u0173 bank\u0105, ar i\u0161si\u0173sti kaip \u010dekis.<\/li>\n<\/ul>\n","protected":false},"excerpt":{"rendered":"<p>Jei norite \u012fsigyti bilietus \u012f &#8222;Set for Life&#8221; dabar, turite \u017einoti, kaip tai padaryti. Jei gyvenate Lietuvoje, jums tai padaryti bus paprasta ir tikriausiai jau \u017einosite, kaip \u012fsigyti bilietus. Ta\u010diau k\u0105 daryti loterijos \u017eaid\u0117jams i\u0161 kit\u0173 \u0161ali\u0173, pavyzd\u017eiui, i\u0161 Australijos? K\u0105 gi, tai labai paprastas procesas ir mes galime pad\u0117ti jums prad\u0117ti greitai. Jums tereikia [&hellip;]<\/p>\n","protected":false},"author":1,"featured_media":0,"parent":5656,"menu_order":10,"comment_status":"closed","ping_status":"closed","template":"set-for-life-info.php","meta":{"_et_pb_use_builder":"","_et_pb_old_content":"","_et_gb_content_width":"","exclude_from_search":false,"footnotes":""},"class_list":["post-80401","page","type-page","status-publish","hentry"],"yoast_head":"<!-- This site is optimized with the Yoast SEO plugin v23.4 - https:\/\/yoast.com\/wordpress\/plugins\/seo\/ -->\n<title>Pirkti bilietus \u012f Set for life internetu i\u0161 Australijos | Set for life loterijos informacija, kaip \u012fsigyti bilietus<\/title>\n<meta name=\"description\" content=\"Set for life loterijoje galima laim\u0117ti i\u0161 Australijos - pirkti bilietus internetu \u010dia\" \/>\n<meta name=\"robots\" content=\"index, follow, max-snippet:-1, max-image-preview:large, max-video-preview:-1\" \/>\n<link rel=\"canonical\" href=\"https:\/\/onlinelotto365.com\/lt\/pirkti-bilietus\/set-for-life\/\" \/>\n<meta property=\"og:locale\" content=\"lt_LT\" \/>\n<meta property=\"og:type\" content=\"article\" \/>\n<meta property=\"og:title\" content=\"Pirkti bilietus \u012f Set for life internetu i\u0161 Australijos | Set for life loterijos informacija, kaip \u012fsigyti bilietus\" \/>\n<meta property=\"og:description\" content=\"Set for life loterijoje galima laim\u0117ti i\u0161 Australijos - pirkti bilietus internetu \u010dia\" \/>\n<meta property=\"og:url\" content=\"https:\/\/onlinelotto365.com\/lt\/pirkti-bilietus\/set-for-life\/\" \/>\n<meta property=\"og:site_name\" content=\"OnlineLotto365\" \/>\n<meta property=\"og:image\" content=\"https:\/\/redfoxlotto.com\/image?size=8&amp;lottery=set-for-life-uk\" \/>\n<meta name=\"twitter:card\" content=\"summary_large_image\" \/>\n<meta name=\"twitter:label1\" content=\"Est. reading time\" \/>\n\t<meta name=\"twitter:data1\" content=\"3 minut\u0117s\" \/>\n<script type=\"application\/ld+json\" class=\"yoast-schema-graph\">{\"@context\":\"https:\/\/schema.org\",\"@graph\":[{\"@type\":\"WebPage\",\"@id\":\"https:\/\/onlinelotto365.com\/lt\/pirkti-bilietus\/set-for-life\/\",\"url\":\"https:\/\/onlinelotto365.com\/lt\/pirkti-bilietus\/set-for-life\/\",\"name\":\"Pirkti bilietus \u012f Set for life internetu i\u0161 Australijos | Set for life loterijos informacija, kaip \u012fsigyti bilietus\",\"isPartOf\":{\"@id\":\"https:\/\/onlinelotto365.com\/lt\/#website\"},\"primaryImageOfPage\":{\"@id\":\"https:\/\/onlinelotto365.com\/lt\/pirkti-bilietus\/set-for-life\/#primaryimage\"},\"image\":{\"@id\":\"https:\/\/onlinelotto365.com\/lt\/pirkti-bilietus\/set-for-life\/#primaryimage\"},\"thumbnailUrl\":\"https:\/\/redfoxlotto.com\/image?size=8&amp;lottery=set-for-life-uk\",\"datePublished\":\"2022-11-17T11:01:27+00:00\",\"dateModified\":\"2022-11-17T11:01:27+00:00\",\"description\":\"Set for life loterijoje galima laim\u0117ti i\u0161 Australijos - pirkti bilietus internetu \u010dia\",\"breadcrumb\":{\"@id\":\"https:\/\/onlinelotto365.com\/lt\/pirkti-bilietus\/set-for-life\/#breadcrumb\"},\"inLanguage\":\"lt-LT\",\"potentialAction\":[{\"@type\":\"ReadAction\",\"target\":[\"https:\/\/onlinelotto365.com\/lt\/pirkti-bilietus\/set-for-life\/\"]}]},{\"@type\":\"ImageObject\",\"inLanguage\":\"lt-LT\",\"@id\":\"https:\/\/onlinelotto365.com\/lt\/pirkti-bilietus\/set-for-life\/#primaryimage\",\"url\":\"https:\/\/redfoxlotto.com\/image?size=8&amp;lottery=set-for-life-uk\",\"contentUrl\":\"https:\/\/redfoxlotto.com\/image?size=8&amp;lottery=set-for-life-uk\"},{\"@type\":\"BreadcrumbList\",\"@id\":\"https:\/\/onlinelotto365.com\/lt\/pirkti-bilietus\/set-for-life\/#breadcrumb\",\"itemListElement\":[{\"@type\":\"ListItem\",\"position\":1,\"name\":\"Home\",\"item\":\"https:\/\/onlinelotto365.com\/lt\/\"},{\"@type\":\"ListItem\",\"position\":2,\"name\":\"Internetin\u0117 biliet\u0173 paslauga tarptautiniams loto renginiams\",\"item\":\"https:\/\/onlinelotto365.com\/lt\/pirkti-bilietus\/\"},{\"@type\":\"ListItem\",\"position\":3,\"name\":\"Kaip \u012fsigyti &#8222;Set for life&#8221; bilietus internetu\"}]},{\"@type\":\"WebSite\",\"@id\":\"https:\/\/onlinelotto365.com\/lt\/#website\",\"url\":\"https:\/\/onlinelotto365.com\/lt\/\",\"name\":\"OnlineLotto365\",\"description\":\"\",\"potentialAction\":[{\"@type\":\"SearchAction\",\"target\":{\"@type\":\"EntryPoint\",\"urlTemplate\":\"https:\/\/onlinelotto365.com\/lt\/?s={search_term_string}\"},\"query-input\":{\"@type\":\"PropertyValueSpecification\",\"valueRequired\":true,\"valueName\":\"search_term_string\"}}],\"inLanguage\":\"lt-LT\"}]}<\/script>\n<!-- \/ Yoast SEO plugin. -->","yoast_head_json":{"title":"Pirkti bilietus \u012f Set for life internetu i\u0161 Australijos | Set for life loterijos informacija, kaip \u012fsigyti bilietus","description":"Set for life loterijoje galima laim\u0117ti i\u0161 Australijos - pirkti bilietus internetu \u010dia","robots":{"index":"index","follow":"follow","max-snippet":"max-snippet:-1","max-image-preview":"max-image-preview:large","max-video-preview":"max-video-preview:-1"},"canonical":"https:\/\/onlinelotto365.com\/lt\/pirkti-bilietus\/set-for-life\/","og_locale":"lt_LT","og_type":"article","og_title":"Pirkti bilietus \u012f Set for life internetu i\u0161 Australijos | Set for life loterijos informacija, kaip \u012fsigyti bilietus","og_description":"Set for life loterijoje galima laim\u0117ti i\u0161 Australijos - pirkti bilietus internetu \u010dia","og_url":"https:\/\/onlinelotto365.com\/lt\/pirkti-bilietus\/set-for-life\/","og_site_name":"OnlineLotto365","og_image":[{"url":"https:\/\/redfoxlotto.com\/image?size=8&amp;lottery=set-for-life-uk"}],"twitter_card":"summary_large_image","twitter_misc":{"Est. reading time":"3 minut\u0117s"},"schema":{"@context":"https:\/\/schema.org","@graph":[{"@type":"WebPage","@id":"https:\/\/onlinelotto365.com\/lt\/pirkti-bilietus\/set-for-life\/","url":"https:\/\/onlinelotto365.com\/lt\/pirkti-bilietus\/set-for-life\/","name":"Pirkti bilietus \u012f Set for life internetu i\u0161 Australijos | Set for life loterijos informacija, kaip \u012fsigyti bilietus","isPartOf":{"@id":"https:\/\/onlinelotto365.com\/lt\/#website"},"primaryImageOfPage":{"@id":"https:\/\/onlinelotto365.com\/lt\/pirkti-bilietus\/set-for-life\/#primaryimage"},"image":{"@id":"https:\/\/onlinelotto365.com\/lt\/pirkti-bilietus\/set-for-life\/#primaryimage"},"thumbnailUrl":"https:\/\/redfoxlotto.com\/image?size=8&amp;lottery=set-for-life-uk","datePublished":"2022-11-17T11:01:27+00:00","dateModified":"2022-11-17T11:01:27+00:00","description":"Set for life loterijoje galima laim\u0117ti i\u0161 Australijos - pirkti bilietus internetu \u010dia","breadcrumb":{"@id":"https:\/\/onlinelotto365.com\/lt\/pirkti-bilietus\/set-for-life\/#breadcrumb"},"inLanguage":"lt-LT","potentialAction":[{"@type":"ReadAction","target":["https:\/\/onlinelotto365.com\/lt\/pirkti-bilietus\/set-for-life\/"]}]},{"@type":"ImageObject","inLanguage":"lt-LT","@id":"https:\/\/onlinelotto365.com\/lt\/pirkti-bilietus\/set-for-life\/#primaryimage","url":"https:\/\/redfoxlotto.com\/image?size=8&amp;lottery=set-for-life-uk","contentUrl":"https:\/\/redfoxlotto.com\/image?size=8&amp;lottery=set-for-life-uk"},{"@type":"BreadcrumbList","@id":"https:\/\/onlinelotto365.com\/lt\/pirkti-bilietus\/set-for-life\/#breadcrumb","itemListElement":[{"@type":"ListItem","position":1,"name":"Home","item":"https:\/\/onlinelotto365.com\/lt\/"},{"@type":"ListItem","position":2,"name":"Internetin\u0117 biliet\u0173 paslauga tarptautiniams loto renginiams","item":"https:\/\/onlinelotto365.com\/lt\/pirkti-bilietus\/"},{"@type":"ListItem","position":3,"name":"Kaip \u012fsigyti &#8222;Set for life&#8221; bilietus internetu"}]},{"@type":"WebSite","@id":"https:\/\/onlinelotto365.com\/lt\/#website","url":"https:\/\/onlinelotto365.com\/lt\/","name":"OnlineLotto365","description":"","potentialAction":[{"@type":"SearchAction","target":{"@type":"EntryPoint","urlTemplate":"https:\/\/onlinelotto365.com\/lt\/?s={search_term_string}"},"query-input":{"@type":"PropertyValueSpecification","valueRequired":true,"valueName":"search_term_string"}}],"inLanguage":"lt-LT"}]}},"_links":{"self":[{"href":"https:\/\/onlinelotto365.com\/lt\/wp-json\/wp\/v2\/pages\/80401","targetHints":{"allow":["GET"]}}],"collection":[{"href":"https:\/\/onlinelotto365.com\/lt\/wp-json\/wp\/v2\/pages"}],"about":[{"href":"https:\/\/onlinelotto365.com\/lt\/wp-json\/wp\/v2\/types\/page"}],"author":[{"embeddable":true,"href":"https:\/\/onlinelotto365.com\/lt\/wp-json\/wp\/v2\/users\/1"}],"replies":[{"embeddable":true,"href":"https:\/\/onlinelotto365.com\/lt\/wp-json\/wp\/v2\/comments?post=80401"}],"version-history":[{"count":0,"href":"https:\/\/onlinelotto365.com\/lt\/wp-json\/wp\/v2\/pages\/80401\/revisions"}],"up":[{"embeddable":true,"href":"https:\/\/onlinelotto365.com\/lt\/wp-json\/wp\/v2\/pages\/5656"}],"wp:attachment":[{"href":"https:\/\/onlinelotto365.com\/lt\/wp-json\/wp\/v2\/media?parent=80401"}],"curies":[{"name":"wp","href":"https:\/\/api.w.org\/{rel}","templated":true}]}}