{"id":80443,"date":"2022-11-18T08:00:52","date_gmt":"2022-11-18T07:00:52","guid":{"rendered":"https:\/\/onlinelotto365.com\/?page_id=80443"},"modified":"2022-11-18T08:00:52","modified_gmt":"2022-11-18T07:00:52","slug":"german-lotto","status":"publish","type":"page","link":"https:\/\/onlinelotto365.com\/lt\/pirkti-bilietus\/german-lotto\/","title":{"rendered":"Kaip pirkti bilietus internetu \u012f Vokietijos Lotto"},"content":{"rendered":"<p>Nesate tikri, kaip pirkti Vokietijos Lotto bilietus internetu? Tuomet at\u0117jote \u012f teising\u0105 viet\u0105, nes mes pad\u0117sime jums atlikti itin paprast\u0105 proces\u0105, kaip nuo to, kad nor\u0117dami \u012fsigyti bilietus Lietuvoje, gal\u0117site laukti burt\u0173 traukimo, kad su\u017einotum\u0117te, ar laim\u0117jote ka\u017ek\u0105 didelio.<br \/>\n<a href=\"https:\/\/redfoxlotto.com\/play\/lotto-6aus49\/?ref=a8564250a2&amp;medium=ol365\" target=\"_blank\" rel=\"noopener noreferrer\"><img decoding=\"async\" class=\"aligncenter\" src=\"https:\/\/redfoxlotto.com\/image?size=8&amp;lottery=lotto-6aus49\" alt=\"Vokie\u010di\u0173 Lotto 6aus49\" \/><\/a><\/p>\n<ul>\n<li>Eikite \u012f loterijos \u017eaidimo, kur\u012f norite \u017eaisti, tinklalap\u012f ir pasirinkite norim\u0105 biliet\u0173 skai\u010di\u0173 bei skai\u010dius, kuriuos norite \u017eaisti.<\/li>\n<li>\u012esigykite tiek biliet\u0173, kiek tik norite \u0161iam ir kitiems \u017eaidimams<\/li>\n<li>Spustel\u0117kite mygtuk\u0105 &#8222;Mok\u0117ti dabar&#8221;.<\/li>\n<li>Prisijunkite prie esamos paskyros, kad gal\u0117tum\u0117te atlikti mok\u0117jim\u0105, arba susikurkite nauj\u0105 paskyr\u0105 ir atlikite registracijos proces\u0105<\/li>\n<li>Tiems, kurie turi susikurti paskyr\u0105, taip pat reik\u0117s j\u0105 patvirtinti i\u0161 savo el. pa\u0161to paskyros<\/li>\n<li>B\u016btinai patikrinkite savo pa\u0161to d\u0117\u017eut\u0119 ir nepageidaujam\u0173 lai\u0161k\u0173 aplank\u0105, ar lai\u0161kas atsi\u0173stas ten, ir spustel\u0117kite nuorod\u0105<\/li>\n<li>Patvirtin\u0119 savo paskyr\u0105 eikite \u012f pirkini\u0173 krep\u0161el\u012f ir pirkite prekes<\/li>\n<li>Atlikite mok\u0117jimo proces\u0105 pagal pateiktas instrukcijas<\/li>\n<\/ul>\n<h2>Kaip sumok\u0117ti u\u017e &#8222;German Lotto&#8221; biliet\u0105 internetu<\/h2>\n<p>At\u0117jus laikui sumok\u0117ti u\u017e bilietus, galite rinktis i\u0161 keli\u0173 skirting\u0173 visi\u0161kai saugi\u0173 mok\u0117jimo b\u016bd\u0173.<br \/>\nKiekviena i\u0161 \u0161i\u0173 galimybi\u0173 priskiriama vienai i\u0161 dviej\u0173 skirting\u0173 kategorij\u0173:<\/p>\n<p>Apmok\u0117ti u\u017e bilietus pirkimo metu pateikiant mok\u0117jimo b\u016bd\u0105<br \/>\nApmok\u0117ti u\u017e bilietus \u012fne\u0161ant pinig\u0173 \u012f savo \u017eaid\u0117jo s\u0105skait\u0105 ir naudojant juos pirkimui.<\/p>\n<p>\u012esitikinkite, kad, jei \u012f savo s\u0105skait\u0105 pridedate pinig\u0173, j\u0173 pridedate tiek, kad daugiau nei padengt\u0173 dabartin\u0117s operacijos i\u0161laidas, kad ji b\u016bt\u0173 patvirtinta.<\/p>\n<h2>Daugiau informacijos apie &#8222;German Lotto<\/h2>\n<ul>\n<li>Vokietija<\/li>\n<li>Pagrindini\u0173 skai\u010di\u0173 diapazonas: 49<\/li>\n<li>J\u016bs renkat\u0117s: 6<\/li>\n<li>Papildomas numeris bus parinktas automati\u0161kai<\/li>\n<li>Burt\u0173 traukimo dienos, valandos: \u0160e\u0161tadienis, 20:25 CET, 20:25 CET, 20:25 CET<\/li>\n<li>Minimalus laim\u0117jimas: 1 mln. eur\u0173<\/li>\n<li>Did\u017eiausias laim\u0117jimas: po 12 tira\u017e\u0173<\/li>\n<li>Tikimyb\u0117 laim\u0117ti pagrindin\u012f priz\u0105: 1 i\u0161 125854344<\/li>\n<li>Tikimyb\u0117 laim\u0117ti 2 lygio laim\u0117jim\u0105: 1 i\u0161 13983816<\/li>\n<li>Tikimyb\u0117 laim\u0117ti bet kuriame lygyje: 1 i\u0161 31<\/li>\n<li>Priz\u0173 pakop\u0173 skai\u010dius: 9<\/li>\n<\/ul>\n<h2>Vokietijos Lotto biliet\u0173 pirkimo internetu privalumai<\/h2>\n<ul>\n<li>Gaukite bilietus i\u0161 patogios vietos namuose<\/li>\n<li>Gaukite visus norimus loterijos \u017eaidim\u0173 tipus<\/li>\n<li>Tinkamai pasirinkdami \u017eaidimus, turite daugiau galimybi\u0173 laim\u0117ti geriausius aukso puodus<\/li>\n<li>Gaukite lengvas mok\u0117jimo galimybes, \u012fvesdami pinigus tiesiai \u012f savo \u017eaid\u0117jo s\u0105skait\u0105 ir pirkdami<\/li>\n<li>Lengvai saugokite visus savo loterijos bilietus<\/li>\n<li>Gaukite momentin\u012f prane\u0161im\u0105 apie laim\u0117jimus<\/li>\n<li>Gaukite lengvas pasirinkimo parinktis, kad nereik\u0117t\u0173 rinktis skai\u010di\u0173<\/li>\n<\/ul>\n<h2>Ar teis\u0117ta pirkti Vokietijos Lotto bilietus internetu?<\/h2>\n<p>Jei nerimaujate d\u0117l biliet\u0173 pirkimo internetu, nes esate Lietuvoje<br \/>\nir ne\u017einote taisykli\u0173, galite nesijaudinti. Mes galime pad\u0117ti jums atsikratyti kai kuri\u0173 r\u016bpes\u010di\u0173, nes u\u017etikriname, kad b\u016bt\u0173 laikomasi vis\u0173 \u0161alies, i\u0161 kurios atvykstama \u012f loterij\u0105, taisykli\u0173.<br \/>\nTai padeda jums jaustis u\u017etikrin\u010diau ir u\u017etikrina, kad visi laim\u0117ti pinigai garantuotai atiteks tiesiai jums.<br \/>\nVienintel\u0117 taisykl\u0117 yra ta, kad nor\u0117dami \u017eaisti, turite b\u016bti 18 met\u0173 arba vyresni.<\/p>\n<h2>Kaip man i\u0161mok\u0117ti pinigus, jei laim\u0117jau &#8222;German Lotto&#8221; internete?<\/h2>\n<p><img loading=\"lazy\" decoding=\"async\" class=\"alignright wp-image-3633\" src=\"https:\/\/onlinelotto365.com\/wp-content\/uploads\/2020\/11\/online_lottery-41-300x102.jpg\" alt=\"vokie\u010di\u0173 loto internetu uk\" width=\"376\" height=\"128\" srcset=\"https:\/\/onlinelotto365.com\/wp-content\/uploads\/2020\/11\/online_lottery-41-300x102.jpg 300w, https:\/\/onlinelotto365.com\/wp-content\/uploads\/2020\/11\/online_lottery-41.jpg 593w\" sizes=\"auto, (max-width: 376px) 100vw, 376px\" \/><br \/>\nKai kalbama apie laim\u0117jimo gavim\u0105, mes jau \u017einome, kad j\u016bs nenorite aukotis. J\u016bs norite gauti visus pinigus, \u012f kuriuos turite teis\u0119, ir mes galime jums pad\u0117ti tai padaryti. Ties\u0105 sakant, galime prad\u0117ti i\u0161 karto, nes neimsime komisini\u0173 nuo j\u016bs\u0173 laim\u0117jimo.<\/p>\n<p>Mes taip pat neimsime i\u0161 j\u016bs\u0173 joki\u0173 mokes\u010di\u0173. Teisingai, nebent pasirinksite, kad pinigai b\u016bt\u0173 pervesti \u012f j\u016bs\u0173 bank\u0105, mes i\u0161 j\u016bs\u0173 neimsime joki\u0173 mokes\u010di\u0173 u\u017e bet kokius m\u016bs\u0173 veiksmus. Jei pasirinksite pinig\u0173 pervedim\u0105, mes imsime mokest\u012f, nes j\u016bs\u0173 bankas ima mokest\u012f.<\/p>\n<p><strong>Kas nutinka, kai laimite:<\/strong><\/p>\n<ul>\n<li>Tiems, kurie laimi ma\u017eiau nei 2500 EUR, nieko nereikia daryti. Mes viskuo pasir\u016bpiname pervesdami pinigus \u012f j\u016bs\u0173 s\u0105skait\u0105.<\/li>\n<li>Tiems, kurie laimi daugiau nei 2500 \u20ac, i\u0161 m\u016bs\u0173 palaikymo komandos gausite pretenzijos form\u0105. \u0160ioje formoje gal\u0117site nuspr\u0119sti, ar norite gauti i\u0161mok\u0105 \u010dekiu, ar banko pavedimu. Tada gal\u0117site tiesiog ramiai s\u0117d\u0117ti ir laukti, kol per kelias dienas pinigai atkeliaus pas jus.<\/li>\n<\/ul>\n","protected":false},"excerpt":{"rendered":"<p>Nesate tikri, kaip pirkti Vokietijos Lotto bilietus internetu? Tuomet at\u0117jote \u012f teising\u0105 viet\u0105, nes mes pad\u0117sime jums atlikti itin paprast\u0105 proces\u0105, kaip nuo to, kad nor\u0117dami \u012fsigyti bilietus Lietuvoje, gal\u0117site laukti burt\u0173 traukimo, kad su\u017einotum\u0117te, ar laim\u0117jote ka\u017ek\u0105 didelio. Eikite \u012f loterijos \u017eaidimo, kur\u012f norite \u017eaisti, tinklalap\u012f ir pasirinkite norim\u0105 biliet\u0173 skai\u010di\u0173 bei skai\u010dius, kuriuos [&hellip;]<\/p>\n","protected":false},"author":1,"featured_media":0,"parent":5656,"menu_order":11,"comment_status":"closed","ping_status":"closed","template":"lotto-german-info.php","meta":{"_et_pb_use_builder":"","_et_pb_old_content":"","_et_gb_content_width":"","exclude_from_search":false,"footnotes":""},"class_list":["post-80443","page","type-page","status-publish","hentry"],"yoast_head":"<!-- This site is optimized with the Yoast SEO plugin v23.4 - https:\/\/yoast.com\/wordpress\/plugins\/seo\/ -->\n<title>Dabar pirkti Vokietijos Lotto bilietus internetu i\u0161 Lietuvos<\/title>\n<meta name=\"description\" content=\"Jei gyvenate Lietuvoje, vis dar galite pirkti Vokietijos Lotto bilietus internetu\" \/>\n<meta name=\"robots\" content=\"index, follow, max-snippet:-1, max-image-preview:large, max-video-preview:-1\" \/>\n<link rel=\"canonical\" href=\"https:\/\/onlinelotto365.com\/lt\/pirkti-bilietus\/german-lotto\/\" \/>\n<meta property=\"og:locale\" content=\"lt_LT\" \/>\n<meta property=\"og:type\" content=\"article\" \/>\n<meta property=\"og:title\" content=\"Dabar pirkti Vokietijos Lotto bilietus internetu i\u0161 Lietuvos\" \/>\n<meta property=\"og:description\" content=\"Jei gyvenate Lietuvoje, vis dar galite pirkti Vokietijos Lotto bilietus internetu\" \/>\n<meta property=\"og:url\" content=\"https:\/\/onlinelotto365.com\/lt\/pirkti-bilietus\/german-lotto\/\" \/>\n<meta property=\"og:site_name\" content=\"OnlineLotto365\" \/>\n<meta property=\"og:image\" content=\"https:\/\/redfoxlotto.com\/image?size=8&amp;lottery=lotto-6aus49\" \/>\n<meta name=\"twitter:card\" content=\"summary_large_image\" \/>\n<meta name=\"twitter:label1\" content=\"Est. reading time\" \/>\n\t<meta name=\"twitter:data1\" content=\"3 minut\u0117s\" \/>\n<script type=\"application\/ld+json\" class=\"yoast-schema-graph\">{\"@context\":\"https:\/\/schema.org\",\"@graph\":[{\"@type\":\"WebPage\",\"@id\":\"https:\/\/onlinelotto365.com\/lt\/pirkti-bilietus\/german-lotto\/\",\"url\":\"https:\/\/onlinelotto365.com\/lt\/pirkti-bilietus\/german-lotto\/\",\"name\":\"Dabar pirkti Vokietijos Lotto bilietus internetu i\u0161 Lietuvos\",\"isPartOf\":{\"@id\":\"https:\/\/onlinelotto365.com\/lt\/#website\"},\"primaryImageOfPage\":{\"@id\":\"https:\/\/onlinelotto365.com\/lt\/pirkti-bilietus\/german-lotto\/#primaryimage\"},\"image\":{\"@id\":\"https:\/\/onlinelotto365.com\/lt\/pirkti-bilietus\/german-lotto\/#primaryimage\"},\"thumbnailUrl\":\"https:\/\/redfoxlotto.com\/image?size=8&amp;lottery=lotto-6aus49\",\"datePublished\":\"2022-11-18T07:00:52+00:00\",\"dateModified\":\"2022-11-18T07:00:52+00:00\",\"description\":\"Jei gyvenate Lietuvoje, vis dar galite pirkti Vokietijos Lotto bilietus internetu\",\"breadcrumb\":{\"@id\":\"https:\/\/onlinelotto365.com\/lt\/pirkti-bilietus\/german-lotto\/#breadcrumb\"},\"inLanguage\":\"lt-LT\",\"potentialAction\":[{\"@type\":\"ReadAction\",\"target\":[\"https:\/\/onlinelotto365.com\/lt\/pirkti-bilietus\/german-lotto\/\"]}]},{\"@type\":\"ImageObject\",\"inLanguage\":\"lt-LT\",\"@id\":\"https:\/\/onlinelotto365.com\/lt\/pirkti-bilietus\/german-lotto\/#primaryimage\",\"url\":\"https:\/\/redfoxlotto.com\/image?size=8&amp;lottery=lotto-6aus49\",\"contentUrl\":\"https:\/\/redfoxlotto.com\/image?size=8&amp;lottery=lotto-6aus49\"},{\"@type\":\"BreadcrumbList\",\"@id\":\"https:\/\/onlinelotto365.com\/lt\/pirkti-bilietus\/german-lotto\/#breadcrumb\",\"itemListElement\":[{\"@type\":\"ListItem\",\"position\":1,\"name\":\"Home\",\"item\":\"https:\/\/onlinelotto365.com\/lt\/\"},{\"@type\":\"ListItem\",\"position\":2,\"name\":\"Internetin\u0117 biliet\u0173 paslauga tarptautiniams loto renginiams\",\"item\":\"https:\/\/onlinelotto365.com\/lt\/pirkti-bilietus\/\"},{\"@type\":\"ListItem\",\"position\":3,\"name\":\"Kaip pirkti bilietus internetu \u012f Vokietijos Lotto\"}]},{\"@type\":\"WebSite\",\"@id\":\"https:\/\/onlinelotto365.com\/lt\/#website\",\"url\":\"https:\/\/onlinelotto365.com\/lt\/\",\"name\":\"OnlineLotto365\",\"description\":\"\",\"potentialAction\":[{\"@type\":\"SearchAction\",\"target\":{\"@type\":\"EntryPoint\",\"urlTemplate\":\"https:\/\/onlinelotto365.com\/lt\/?s={search_term_string}\"},\"query-input\":{\"@type\":\"PropertyValueSpecification\",\"valueRequired\":true,\"valueName\":\"search_term_string\"}}],\"inLanguage\":\"lt-LT\"}]}<\/script>\n<!-- \/ Yoast SEO plugin. -->","yoast_head_json":{"title":"Dabar pirkti Vokietijos Lotto bilietus internetu i\u0161 Lietuvos","description":"Jei gyvenate Lietuvoje, vis dar galite pirkti Vokietijos Lotto bilietus internetu","robots":{"index":"index","follow":"follow","max-snippet":"max-snippet:-1","max-image-preview":"max-image-preview:large","max-video-preview":"max-video-preview:-1"},"canonical":"https:\/\/onlinelotto365.com\/lt\/pirkti-bilietus\/german-lotto\/","og_locale":"lt_LT","og_type":"article","og_title":"Dabar pirkti Vokietijos Lotto bilietus internetu i\u0161 Lietuvos","og_description":"Jei gyvenate Lietuvoje, vis dar galite pirkti Vokietijos Lotto bilietus internetu","og_url":"https:\/\/onlinelotto365.com\/lt\/pirkti-bilietus\/german-lotto\/","og_site_name":"OnlineLotto365","og_image":[{"url":"https:\/\/redfoxlotto.com\/image?size=8&amp;lottery=lotto-6aus49"}],"twitter_card":"summary_large_image","twitter_misc":{"Est. reading time":"3 minut\u0117s"},"schema":{"@context":"https:\/\/schema.org","@graph":[{"@type":"WebPage","@id":"https:\/\/onlinelotto365.com\/lt\/pirkti-bilietus\/german-lotto\/","url":"https:\/\/onlinelotto365.com\/lt\/pirkti-bilietus\/german-lotto\/","name":"Dabar pirkti Vokietijos Lotto bilietus internetu i\u0161 Lietuvos","isPartOf":{"@id":"https:\/\/onlinelotto365.com\/lt\/#website"},"primaryImageOfPage":{"@id":"https:\/\/onlinelotto365.com\/lt\/pirkti-bilietus\/german-lotto\/#primaryimage"},"image":{"@id":"https:\/\/onlinelotto365.com\/lt\/pirkti-bilietus\/german-lotto\/#primaryimage"},"thumbnailUrl":"https:\/\/redfoxlotto.com\/image?size=8&amp;lottery=lotto-6aus49","datePublished":"2022-11-18T07:00:52+00:00","dateModified":"2022-11-18T07:00:52+00:00","description":"Jei gyvenate Lietuvoje, vis dar galite pirkti Vokietijos Lotto bilietus internetu","breadcrumb":{"@id":"https:\/\/onlinelotto365.com\/lt\/pirkti-bilietus\/german-lotto\/#breadcrumb"},"inLanguage":"lt-LT","potentialAction":[{"@type":"ReadAction","target":["https:\/\/onlinelotto365.com\/lt\/pirkti-bilietus\/german-lotto\/"]}]},{"@type":"ImageObject","inLanguage":"lt-LT","@id":"https:\/\/onlinelotto365.com\/lt\/pirkti-bilietus\/german-lotto\/#primaryimage","url":"https:\/\/redfoxlotto.com\/image?size=8&amp;lottery=lotto-6aus49","contentUrl":"https:\/\/redfoxlotto.com\/image?size=8&amp;lottery=lotto-6aus49"},{"@type":"BreadcrumbList","@id":"https:\/\/onlinelotto365.com\/lt\/pirkti-bilietus\/german-lotto\/#breadcrumb","itemListElement":[{"@type":"ListItem","position":1,"name":"Home","item":"https:\/\/onlinelotto365.com\/lt\/"},{"@type":"ListItem","position":2,"name":"Internetin\u0117 biliet\u0173 paslauga tarptautiniams loto renginiams","item":"https:\/\/onlinelotto365.com\/lt\/pirkti-bilietus\/"},{"@type":"ListItem","position":3,"name":"Kaip pirkti bilietus internetu \u012f Vokietijos Lotto"}]},{"@type":"WebSite","@id":"https:\/\/onlinelotto365.com\/lt\/#website","url":"https:\/\/onlinelotto365.com\/lt\/","name":"OnlineLotto365","description":"","potentialAction":[{"@type":"SearchAction","target":{"@type":"EntryPoint","urlTemplate":"https:\/\/onlinelotto365.com\/lt\/?s={search_term_string}"},"query-input":{"@type":"PropertyValueSpecification","valueRequired":true,"valueName":"search_term_string"}}],"inLanguage":"lt-LT"}]}},"_links":{"self":[{"href":"https:\/\/onlinelotto365.com\/lt\/wp-json\/wp\/v2\/pages\/80443","targetHints":{"allow":["GET"]}}],"collection":[{"href":"https:\/\/onlinelotto365.com\/lt\/wp-json\/wp\/v2\/pages"}],"about":[{"href":"https:\/\/onlinelotto365.com\/lt\/wp-json\/wp\/v2\/types\/page"}],"author":[{"embeddable":true,"href":"https:\/\/onlinelotto365.com\/lt\/wp-json\/wp\/v2\/users\/1"}],"replies":[{"embeddable":true,"href":"https:\/\/onlinelotto365.com\/lt\/wp-json\/wp\/v2\/comments?post=80443"}],"version-history":[{"count":0,"href":"https:\/\/onlinelotto365.com\/lt\/wp-json\/wp\/v2\/pages\/80443\/revisions"}],"up":[{"embeddable":true,"href":"https:\/\/onlinelotto365.com\/lt\/wp-json\/wp\/v2\/pages\/5656"}],"wp:attachment":[{"href":"https:\/\/onlinelotto365.com\/lt\/wp-json\/wp\/v2\/media?parent=80443"}],"curies":[{"name":"wp","href":"https:\/\/api.w.org\/{rel}","templated":true}]}}