{"id":80475,"date":"2022-11-18T11:17:50","date_gmt":"2022-11-18T10:17:50","guid":{"rendered":"https:\/\/onlinelotto365.com\/?page_id=80475"},"modified":"2022-11-18T11:17:50","modified_gmt":"2022-11-18T10:17:50","slug":"mega-sena","status":"publish","type":"page","link":"https:\/\/onlinelotto365.com\/lt\/pirkti-bilietus\/mega-sena\/","title":{"rendered":"Kaip \u012fsigyti &#8222;Mega-Sena Brazil&#8221; bilietus internetu"},"content":{"rendered":"<p>Norite su\u017einoti, kaip gauti reikiamus bilietus \u012f &#8222;Mega-Sena&#8221;, nors gyvenate Lietuvoje ar bet kurioje kitoje \u0161alyje u\u017e Brazilijos rib\u0173? Tuomet nor\u0117site skaityti toliau, nes mes galime pad\u0117ti jums atlikti vis\u0105 \u0161\u012f proces\u0105 ir u\u017etikrinti, kad b\u016bsite pakeliui \u012f norim\u0173 biliet\u0173 \u012fsigijim\u0105 \u012f visus \u017eaidimus, kuriuos norite \u017eaisti.<br \/>\n<a href=\"https:\/\/redfoxlotto.com\/play\/mega-sena\/?ref=a8564250a2&amp;medium=ol365\" target=\"_blank\" rel=\"noopener noreferrer\"><img decoding=\"async\" class=\"aligncenter\" src=\"https:\/\/redfoxlotto.com\/image?size=8&amp;lottery=mega-sena\" alt=\"mega-sena\" \/><\/a><\/p>\n<ul>\n<li>Viskas, k\u0105 turite padaryti, kad prad\u0117tum\u0117te, tai pasirinkti \u017eaidim\u0105, kur\u012f norite \u017eaisti, ir i\u0161sirinkti norimus to \u017eaidimo biliet\u0173 numerius.<\/li>\n<li>\u012etraukite tiek biliet\u0173, kiek norite, \u012f \u0161\u012f ar bet kur\u012f kit\u0105 \u017eaidim\u0105, kur\u012f norite \u017eaisti.<\/li>\n<li>Spustel\u0117kite mygtuk\u0105 , kad prad\u0117tum\u0117te kasos proces\u0105.<\/li>\n<li>Prisijunkite prie esamos paskyros arba sukurkite nauj\u0105 paskyr\u0105, kad gal\u0117tum\u0117te \u012fsigyti bilietus.<\/li>\n<li>Jei turite susikurti nauj\u0105 paskyr\u0105, tur\u0117site pereiti registracijos proces\u0105. Patvirtinimo nuoroda bus i\u0161si\u0173sta \u012f j\u016bs\u0173 el. pa\u0161t\u0105.<\/li>\n<li>Jei el. lai\u0161kas nerodomas j\u016bs\u0173 pa\u0161to d\u0117\u017eut\u0117je, nor\u0117dami \u012fsitikinti, kad jis gautas, patikrinkite nepageidaujam\u0173 lai\u0161k\u0173 aplank\u0105.<\/li>\n<li>Patvirtin\u0119 paskyr\u0105 eikite \u012f svetain\u0117s pirkini\u0173 krep\u0161el\u012f.<\/li>\n<li>Vadovaudamiesi nurodymais sumok\u0117kite u\u017e bilietus pasirinktu mok\u0117jimo b\u016bdu.<\/li>\n<\/ul>\n<h2>Kaip sumok\u0117ti u\u017e &#8222;Mega-Sena&#8221; biliet\u0105 internetu<\/h2>\n<p>Jums svarbu u\u017e bilietus atsiskaityti saugiai, tod\u0117l mes stengiam\u0117s, kad tai b\u016bt\u0173 kuo papras\u010diau, suteikdami daugyb\u0119 \u012fvairi\u0173 tiesioginio mok\u0117jimo b\u016bd\u0173, taip pat antrin\u0119 galimyb\u0119 \u012fsigyti bilietus. Jums tereikia prad\u0117ti nuo vieno i\u0161 dviej\u0173 toliau nurodyt\u0173 b\u016bd\u0173.<\/p>\n<p>Mok\u0117kite tiesiogiai naudodami m\u0117gstam\u0105 mok\u0117jimo b\u016bd\u0105<br \/>\nPrid\u0117kite pinig\u0173 \u012f savo \u017eaid\u0117jo s\u0105skait\u0105, kad gal\u0117tum\u0117te pirkti bilietus tiesiai i\u0161 s\u0105skaitos.<\/p>\n<p>Jei ketinate rinktis \u0161\u012f b\u016bd\u0105, b\u016btinai \u012f savo \u017eaid\u0117jo s\u0105skait\u0105 \u012fveskite \u0161iek tiek daugiau l\u0117\u0161\u0173. Tokiu b\u016bdu j\u016bs\u0173 s\u0105skaitos likutis gal\u0117s apmok\u0117ti pirkin\u012f.<\/p>\n<h2>Daugiau informacijos apie &#8222;Mega-Sena<\/h2>\n<ul>\n<li>Brazilija<\/li>\n<li>Pagrindini\u0173 numeri\u0173 diapazonas: 60<\/li>\n<li>J\u016bs renkat\u0117s: 6<\/li>\n<li>Traukimo dienos, valandos: Tre\u010diadienis, \u0161e\u0161tadienis, 20:00 GMT -3, 24:00 CET<\/li>\n<li>Minimalus laim\u0117jimas: 1: R$ 2 mln.<\/li>\n<li>Did\u017eiausias prizas: n\u0117ra<\/li>\n<li>Tikimyb\u0117 laim\u0117ti pagrindin\u012f priz\u0105: 1 i\u0161 50063860<\/li>\n<li>Tikimyb\u0117 laim\u0117ti 2 lygio laim\u0117jim\u0105: 1 i\u0161 15451809<\/li>\n<li>Tikimyb\u0117 laim\u0117ti bet kurioje pakopoje: 1 i\u0161 2297,56<\/li>\n<li>Priz\u0173 lygi\u0173 skai\u010dius: 3<\/li>\n<\/ul>\n<h2>Biliet\u0173 \u012f &#8222;Mega-Sena&#8221; pirkimo internetu privalumai<\/h2>\n<ul>\n<li>Nereikia niekur keliauti &#8211; tiesiog pirkite bilietus i\u0161 nam\u0173<\/li>\n<li>Galite rinktis i\u0161 skirting\u0173 loterijos \u017eaidim\u0173<\/li>\n<li>Did\u017eiausi \u0161ansai laim\u0117ti \u017eaidimus su dideliais laim\u0117jimais<\/li>\n<li>Pinigus, skirtus pirkiniui, galite pervesti tiesiai \u012f savo s\u0105skait\u0105<\/li>\n<li>Lengvai sekite savo bilietus<\/li>\n<li>Gaukite prane\u0161imus, kai tik laim\u0117site su savo bilietais<\/li>\n<li>Naudokit\u0117s greito pasirinkimo galimybe, kad gautum\u0117te bilietus nerinkdami skai\u010di\u0173<\/li>\n<\/ul>\n<h2>Ar teis\u0117ta pirkti &#8222;Mega-Sena&#8221; bilietus internetu?<\/h2>\n<p>Daugelis \u017emoni\u0173 nerimauja d\u0117l to, ar jie gali pirkti &#8222;Mega Sena&#8221; loto bilietus internetu, nes Lietuva yra j\u0173 gyvenamoji \u0161alis. O gal jie gyvena kitoje \u0161alyje, bet ne Brazilijoje. Mes padedame jums i\u0161spr\u0119sti kai kuriuos r\u016bpes\u010dius, u\u017etikrindami, kad viskas, k\u0105 darome, b\u016bt\u0173 pagr\u012fsta \u0161alies, kurioje vyksta loterija, taisykl\u0117mis. Taip jums bus lengviau \u012fsigyti bilietus ir jaustis patogiai. Be to, garantuojame, kad gausite visus laim\u0117tus pinigus, \u012fskaitant pagrindin\u012f priz\u0105.<\/p>\n<h2>Kaip gauti i\u0161mok\u0105, jei laim\u0117siu &#8222;Mega-Sena&#8221; internetu?<\/h2>\n<p><img loading=\"lazy\" decoding=\"async\" class=\"alignright wp-image-3660\" src=\"https:\/\/onlinelotto365.com\/wp-content\/uploads\/2020\/11\/online_lottery-133-300x212.jpg\" alt=\"mega-sena internetu Lietuvoje\" width=\"177\" height=\"125\" srcset=\"https:\/\/onlinelotto365.com\/wp-content\/uploads\/2020\/11\/online_lottery-133-300x212.jpg 300w, https:\/\/onlinelotto365.com\/wp-content\/uploads\/2020\/11\/online_lottery-133.jpg 320w\" sizes=\"auto, (max-width: 177px) 100vw, 177px\" \/><br \/>\nKai kalbama apie i\u0161mokas laim\u0117tojams, mes tai darome geriausiu b\u016bdu &#8211; atiduodame jums kiekvien\u0105 cent\u0105. Jums nereikia mok\u0117ti mums komisini\u0173 u\u017e bet koki\u0105 sum\u0105, kuri\u0105 laim\u0117jote, nesvarbu, ar tai b\u016bt\u0173 nedidelis prizas, ar net aukso puodas. Jums taip pat nereikia mok\u0117ti mums joki\u0173 mokes\u010di\u0173, nebent pasirenkate banko pervedim\u0105.<br \/>\nNaudodami visus kitus mok\u0117jimo b\u016bdus, gausite visus laim\u0117tus pinigus. Atlikdami banko pavedimus, kartais i\u0161 banko gauname mokes\u010dius, kurie pervedimo proceso metu i\u0161skai\u010diuojami i\u0161 j\u016bs\u0173 laim\u0117jimo.<\/p>\n<p><strong>Ta\u010diau kai laimite, tur\u0117tum\u0117te \u017einoti, koks procesas vyksta, kad gautum\u0117te pinigus:<\/strong><\/p>\n<ul>\n<li>Visi, kurie laimi ma\u017eiau nei 2500 eur\u0173, gaus pinigus tiesiai \u012f savo s\u0105skait\u0105 ir jiems nieko nereik\u0117s daryti.<\/li>\n<li>Ta\u010diau vis\u0173, kurie laim\u0117s daugiau nei 2500 \u20ac, m\u016bs\u0173 palaikymo komanda papra\u0161ys u\u017epildyti pretenzijos form\u0105. Taip gal\u0117site gauti pinigus vienu i\u0161 dviej\u0173 b\u016bd\u0173. Galite pasirinkti, ar norite gauti visos sumos \u010dek\u012f, ar atlikti banko pavedim\u0105. Bet kuriuo atveju pinigus \u012f bet kuri\u0105 \u0161al\u012f, \u012fskaitant Lietuv\u0105, gausite per kelias dienas.<\/li>\n<\/ul>\n","protected":false},"excerpt":{"rendered":"<p>Norite su\u017einoti, kaip gauti reikiamus bilietus \u012f &#8222;Mega-Sena&#8221;, nors gyvenate Lietuvoje ar bet kurioje kitoje \u0161alyje u\u017e Brazilijos rib\u0173? Tuomet nor\u0117site skaityti toliau, nes mes galime pad\u0117ti jums atlikti vis\u0105 \u0161\u012f proces\u0105 ir u\u017etikrinti, kad b\u016bsite pakeliui \u012f norim\u0173 biliet\u0173 \u012fsigijim\u0105 \u012f visus \u017eaidimus, kuriuos norite \u017eaisti. Viskas, k\u0105 turite padaryti, kad prad\u0117tum\u0117te, tai pasirinkti [&hellip;]<\/p>\n","protected":false},"author":1,"featured_media":0,"parent":5656,"menu_order":12,"comment_status":"closed","ping_status":"closed","template":"megasena-info.php","meta":{"_et_pb_use_builder":"","_et_pb_old_content":"","_et_gb_content_width":"","exclude_from_search":false,"footnotes":""},"class_list":["post-80475","page","type-page","status-publish","hentry"],"yoast_head":"<!-- This site is optimized with the Yoast SEO plugin v23.4 - https:\/\/yoast.com\/wordpress\/plugins\/seo\/ -->\n<title>Pirkti bilietus \u012f &quot;Mega-Sena&quot; internetu i\u0161 Lietuvos | Apie &quot;Mega-Sena&quot; ir kaip \u012fsigyti bilietus<\/title>\n<meta name=\"description\" content=\"Tai puiki loterija i\u0161 Brazilijos, \u012f kuri\u0105 dabar galite \u012fsigyti bilietus internetu\" \/>\n<meta name=\"robots\" content=\"index, follow, max-snippet:-1, max-image-preview:large, max-video-preview:-1\" \/>\n<link rel=\"canonical\" href=\"https:\/\/onlinelotto365.com\/lt\/pirkti-bilietus\/mega-sena\/\" \/>\n<meta property=\"og:locale\" content=\"lt_LT\" \/>\n<meta property=\"og:type\" content=\"article\" \/>\n<meta property=\"og:title\" content=\"Pirkti bilietus \u012f &quot;Mega-Sena&quot; internetu i\u0161 Lietuvos | Apie &quot;Mega-Sena&quot; ir kaip \u012fsigyti bilietus\" \/>\n<meta property=\"og:description\" content=\"Tai puiki loterija i\u0161 Brazilijos, \u012f kuri\u0105 dabar galite \u012fsigyti bilietus internetu\" \/>\n<meta property=\"og:url\" content=\"https:\/\/onlinelotto365.com\/lt\/pirkti-bilietus\/mega-sena\/\" \/>\n<meta property=\"og:site_name\" content=\"OnlineLotto365\" \/>\n<meta property=\"og:image\" content=\"https:\/\/redfoxlotto.com\/image?size=8&amp;lottery=mega-sena\" \/>\n<meta name=\"twitter:card\" content=\"summary_large_image\" \/>\n<meta name=\"twitter:label1\" content=\"Est. reading time\" \/>\n\t<meta name=\"twitter:data1\" content=\"3 minut\u0117s\" \/>\n<script type=\"application\/ld+json\" class=\"yoast-schema-graph\">{\"@context\":\"https:\/\/schema.org\",\"@graph\":[{\"@type\":\"WebPage\",\"@id\":\"https:\/\/onlinelotto365.com\/lt\/pirkti-bilietus\/mega-sena\/\",\"url\":\"https:\/\/onlinelotto365.com\/lt\/pirkti-bilietus\/mega-sena\/\",\"name\":\"Pirkti bilietus \u012f \\\"Mega-Sena\\\" internetu i\u0161 Lietuvos | Apie \\\"Mega-Sena\\\" ir kaip \u012fsigyti bilietus\",\"isPartOf\":{\"@id\":\"https:\/\/onlinelotto365.com\/lt\/#website\"},\"primaryImageOfPage\":{\"@id\":\"https:\/\/onlinelotto365.com\/lt\/pirkti-bilietus\/mega-sena\/#primaryimage\"},\"image\":{\"@id\":\"https:\/\/onlinelotto365.com\/lt\/pirkti-bilietus\/mega-sena\/#primaryimage\"},\"thumbnailUrl\":\"https:\/\/redfoxlotto.com\/image?size=8&amp;lottery=mega-sena\",\"datePublished\":\"2022-11-18T10:17:50+00:00\",\"dateModified\":\"2022-11-18T10:17:50+00:00\",\"description\":\"Tai puiki loterija i\u0161 Brazilijos, \u012f kuri\u0105 dabar galite \u012fsigyti bilietus internetu\",\"breadcrumb\":{\"@id\":\"https:\/\/onlinelotto365.com\/lt\/pirkti-bilietus\/mega-sena\/#breadcrumb\"},\"inLanguage\":\"lt-LT\",\"potentialAction\":[{\"@type\":\"ReadAction\",\"target\":[\"https:\/\/onlinelotto365.com\/lt\/pirkti-bilietus\/mega-sena\/\"]}]},{\"@type\":\"ImageObject\",\"inLanguage\":\"lt-LT\",\"@id\":\"https:\/\/onlinelotto365.com\/lt\/pirkti-bilietus\/mega-sena\/#primaryimage\",\"url\":\"https:\/\/redfoxlotto.com\/image?size=8&amp;lottery=mega-sena\",\"contentUrl\":\"https:\/\/redfoxlotto.com\/image?size=8&amp;lottery=mega-sena\"},{\"@type\":\"BreadcrumbList\",\"@id\":\"https:\/\/onlinelotto365.com\/lt\/pirkti-bilietus\/mega-sena\/#breadcrumb\",\"itemListElement\":[{\"@type\":\"ListItem\",\"position\":1,\"name\":\"Home\",\"item\":\"https:\/\/onlinelotto365.com\/lt\/\"},{\"@type\":\"ListItem\",\"position\":2,\"name\":\"Internetin\u0117 biliet\u0173 paslauga tarptautiniams loto renginiams\",\"item\":\"https:\/\/onlinelotto365.com\/lt\/pirkti-bilietus\/\"},{\"@type\":\"ListItem\",\"position\":3,\"name\":\"Kaip \u012fsigyti &#8222;Mega-Sena Brazil&#8221; bilietus internetu\"}]},{\"@type\":\"WebSite\",\"@id\":\"https:\/\/onlinelotto365.com\/lt\/#website\",\"url\":\"https:\/\/onlinelotto365.com\/lt\/\",\"name\":\"OnlineLotto365\",\"description\":\"\",\"potentialAction\":[{\"@type\":\"SearchAction\",\"target\":{\"@type\":\"EntryPoint\",\"urlTemplate\":\"https:\/\/onlinelotto365.com\/lt\/?s={search_term_string}\"},\"query-input\":{\"@type\":\"PropertyValueSpecification\",\"valueRequired\":true,\"valueName\":\"search_term_string\"}}],\"inLanguage\":\"lt-LT\"}]}<\/script>\n<!-- \/ Yoast SEO plugin. -->","yoast_head_json":{"title":"Pirkti bilietus \u012f \"Mega-Sena\" internetu i\u0161 Lietuvos | Apie \"Mega-Sena\" ir kaip \u012fsigyti bilietus","description":"Tai puiki loterija i\u0161 Brazilijos, \u012f kuri\u0105 dabar galite \u012fsigyti bilietus internetu","robots":{"index":"index","follow":"follow","max-snippet":"max-snippet:-1","max-image-preview":"max-image-preview:large","max-video-preview":"max-video-preview:-1"},"canonical":"https:\/\/onlinelotto365.com\/lt\/pirkti-bilietus\/mega-sena\/","og_locale":"lt_LT","og_type":"article","og_title":"Pirkti bilietus \u012f \"Mega-Sena\" internetu i\u0161 Lietuvos | Apie \"Mega-Sena\" ir kaip \u012fsigyti bilietus","og_description":"Tai puiki loterija i\u0161 Brazilijos, \u012f kuri\u0105 dabar galite \u012fsigyti bilietus internetu","og_url":"https:\/\/onlinelotto365.com\/lt\/pirkti-bilietus\/mega-sena\/","og_site_name":"OnlineLotto365","og_image":[{"url":"https:\/\/redfoxlotto.com\/image?size=8&amp;lottery=mega-sena"}],"twitter_card":"summary_large_image","twitter_misc":{"Est. reading time":"3 minut\u0117s"},"schema":{"@context":"https:\/\/schema.org","@graph":[{"@type":"WebPage","@id":"https:\/\/onlinelotto365.com\/lt\/pirkti-bilietus\/mega-sena\/","url":"https:\/\/onlinelotto365.com\/lt\/pirkti-bilietus\/mega-sena\/","name":"Pirkti bilietus \u012f \"Mega-Sena\" internetu i\u0161 Lietuvos | Apie \"Mega-Sena\" ir kaip \u012fsigyti bilietus","isPartOf":{"@id":"https:\/\/onlinelotto365.com\/lt\/#website"},"primaryImageOfPage":{"@id":"https:\/\/onlinelotto365.com\/lt\/pirkti-bilietus\/mega-sena\/#primaryimage"},"image":{"@id":"https:\/\/onlinelotto365.com\/lt\/pirkti-bilietus\/mega-sena\/#primaryimage"},"thumbnailUrl":"https:\/\/redfoxlotto.com\/image?size=8&amp;lottery=mega-sena","datePublished":"2022-11-18T10:17:50+00:00","dateModified":"2022-11-18T10:17:50+00:00","description":"Tai puiki loterija i\u0161 Brazilijos, \u012f kuri\u0105 dabar galite \u012fsigyti bilietus internetu","breadcrumb":{"@id":"https:\/\/onlinelotto365.com\/lt\/pirkti-bilietus\/mega-sena\/#breadcrumb"},"inLanguage":"lt-LT","potentialAction":[{"@type":"ReadAction","target":["https:\/\/onlinelotto365.com\/lt\/pirkti-bilietus\/mega-sena\/"]}]},{"@type":"ImageObject","inLanguage":"lt-LT","@id":"https:\/\/onlinelotto365.com\/lt\/pirkti-bilietus\/mega-sena\/#primaryimage","url":"https:\/\/redfoxlotto.com\/image?size=8&amp;lottery=mega-sena","contentUrl":"https:\/\/redfoxlotto.com\/image?size=8&amp;lottery=mega-sena"},{"@type":"BreadcrumbList","@id":"https:\/\/onlinelotto365.com\/lt\/pirkti-bilietus\/mega-sena\/#breadcrumb","itemListElement":[{"@type":"ListItem","position":1,"name":"Home","item":"https:\/\/onlinelotto365.com\/lt\/"},{"@type":"ListItem","position":2,"name":"Internetin\u0117 biliet\u0173 paslauga tarptautiniams loto renginiams","item":"https:\/\/onlinelotto365.com\/lt\/pirkti-bilietus\/"},{"@type":"ListItem","position":3,"name":"Kaip \u012fsigyti &#8222;Mega-Sena Brazil&#8221; bilietus internetu"}]},{"@type":"WebSite","@id":"https:\/\/onlinelotto365.com\/lt\/#website","url":"https:\/\/onlinelotto365.com\/lt\/","name":"OnlineLotto365","description":"","potentialAction":[{"@type":"SearchAction","target":{"@type":"EntryPoint","urlTemplate":"https:\/\/onlinelotto365.com\/lt\/?s={search_term_string}"},"query-input":{"@type":"PropertyValueSpecification","valueRequired":true,"valueName":"search_term_string"}}],"inLanguage":"lt-LT"}]}},"_links":{"self":[{"href":"https:\/\/onlinelotto365.com\/lt\/wp-json\/wp\/v2\/pages\/80475","targetHints":{"allow":["GET"]}}],"collection":[{"href":"https:\/\/onlinelotto365.com\/lt\/wp-json\/wp\/v2\/pages"}],"about":[{"href":"https:\/\/onlinelotto365.com\/lt\/wp-json\/wp\/v2\/types\/page"}],"author":[{"embeddable":true,"href":"https:\/\/onlinelotto365.com\/lt\/wp-json\/wp\/v2\/users\/1"}],"replies":[{"embeddable":true,"href":"https:\/\/onlinelotto365.com\/lt\/wp-json\/wp\/v2\/comments?post=80475"}],"version-history":[{"count":0,"href":"https:\/\/onlinelotto365.com\/lt\/wp-json\/wp\/v2\/pages\/80475\/revisions"}],"up":[{"embeddable":true,"href":"https:\/\/onlinelotto365.com\/lt\/wp-json\/wp\/v2\/pages\/5656"}],"wp:attachment":[{"href":"https:\/\/onlinelotto365.com\/lt\/wp-json\/wp\/v2\/media?parent=80475"}],"curies":[{"name":"wp","href":"https:\/\/api.w.org\/{rel}","templated":true}]}}