{"id":80516,"date":"2022-11-21T07:54:19","date_gmt":"2022-11-21T06:54:19","guid":{"rendered":"https:\/\/onlinelotto365.com\/?page_id=80516"},"modified":"2022-11-21T07:57:15","modified_gmt":"2022-11-21T06:57:15","slug":"powerball-australia","status":"publish","type":"page","link":"https:\/\/onlinelotto365.com\/lt\/pirkti-bilietus\/powerball-australia\/","title":{"rendered":"Kaip pirkti &#8222;Powerball Australia&#8221; bilietus internetu"},"content":{"rendered":"<p>Norite su\u017einoti, kaip galite nusipirkti &#8222;Powerball Australia&#8221; bilietus internetu? Savo klientams i\u0161 Lietuvos ir kit\u0173 \u0161ali\u0173 tai suskirst\u0117me \u012f kelet\u0105 paprast\u0173 \u017eingsni\u0173, tod\u0117l galite prad\u0117ti proces\u0105 jau dabar. Ir tai galite padaryti daug grei\u010diau ir papras\u010diau, nei manote.<br \/>\n<a href=\"https:\/\/redfoxlotto.com\/play\/powerball-au\/?ref=a8564250a2&amp;medium=ol365\" target=\"_blank\" rel=\"noopener noreferrer\"><img decoding=\"async\" class=\"aligncenter\" src=\"https:\/\/redfoxlotto.com\/image?size=8&amp;lottery=powerball-au\" alt=\"Powerball Australia\" \/><\/a><\/p>\n<ul>\n<li>Eikite \u012f &#8222;Powerball Australia&#8221; puslap\u012f ir pasirinkite norimus bilietus bei j\u0173 skai\u010dius arba leiskite kompiuteriui pasirinkti u\u017e jus.<\/li>\n<li>Prie\u0161 atlikdami u\u017esakym\u0105 prid\u0117kite tiek biliet\u0173 ir \u017eaidim\u0173, kiek norite.<\/li>\n<li>Spustel\u0117kite mygtuk\u0105 , kad sumok\u0117tum\u0117te dabar<\/li>\n<li>Sukurkite paskyr\u0105 m\u016bs\u0173 svetain\u0117je arba prisijunkite prie esamos paskyros, jei jau turite.<\/li>\n<li>Tiems, kuriems reikia susikurti paskyr\u0105, reik\u0117s j\u0105 u\u017eregistruoti savo el. pa\u0161to adresu.<\/li>\n<li>Patikrinkite savo nepageidaujam\u0173 lai\u0161k\u0173 aplank\u0105 ir \u012fprast\u0105 pa\u0161to d\u0117\u017eut\u0119, kad gautum\u0117te patvirtinimo el. lai\u0161k\u0105<\/li>\n<li>Eikite \u012f krep\u0161el\u012f ir u\u017ebaigkite pirkim\u0105<\/li>\n<li>Pasirinkite mok\u0117jimo b\u016bd\u0105, kur\u012f norite naudoti, ir pereikite mok\u0117jimo proces\u0105<\/li>\n<\/ul>\n<h2>Kaip sumok\u0117ti u\u017e &#8222;Powerball Australia&#8221; biliet\u0105 internetu<\/h2>\n<p>Galite rinktis i\u0161 keli\u0173 skirting\u0173 mok\u0117jimo b\u016bd\u0173, kurie visi yra tokie pat saug\u016bs, kaip ir tik\u0117tum\u0117t\u0117s pirkdami k\u0105 nors internetu i\u0161 Lietuvos.<br \/>\nPirkite bilietus:<\/p>\n<p>Apmok\u0117dami u\u017e u\u017esakym\u0105 tiesiogiai, naudodami pageidaujam\u0105 mok\u0117jimo b\u016bd\u0105<br \/>\nPervesdami pinigus \u012f savo \u017eaid\u0117jo s\u0105skait\u0105 ir naudodami juos bilietams pirkti<\/p>\n<p>Nepamir\u0161kite, kad pasirink\u0119 \u0161\u012f variant\u0105 tur\u0117site \u012f savo \u017eaid\u0117jo s\u0105skait\u0105 \u012fne\u0161ti daugiau nei pakankamai pinig\u0173, kad gal\u0117tum\u0117te \u012fsigyti norimus bilietus.<\/p>\n<h2>Daugiau informacijos apie &#8222;Powerball Australia<\/h2>\n<ul>\n<li>Australija<\/li>\n<li>Pagrindini\u0173 skai\u010di\u0173 intervalas: 35<\/li>\n<li>J\u016bs renkat\u0117s: 7<\/li>\n<li>Papildomi skai\u010diai: 20<\/li>\n<li>J\u016bs renkat\u0117s: 1<\/li>\n<li>Traukimo dienos, valandos: Ketvirtadienis, 21:30 GMT+11, 10:30 CET<\/li>\n<li>Minimalus laim\u0117jimas: 1 val: Australijos doleri\u0173.<\/li>\n<li>Did\u017eiausias prizas: 3 AUA$: AU$ 150 mln.<\/li>\n<li>Tikimyb\u0117 laim\u0117ti pagrindin\u012f priz\u0105: 1 i\u0161 134490400<\/li>\n<li>2 lygio laim\u0117jimo tikimyb\u0117: 1 i\u0161 7078443<\/li>\n<li>Tikimyb\u0117 laim\u0117ti bet kuriame lygyje: 1 i\u0161 24,87<\/li>\n<li>Priz\u0173 pakop\u0173 skai\u010dius: 7<\/li>\n<\/ul>\n<h2>&#8222;Powerball Australia&#8221; biliet\u0173 pirkimo internetu privalumai<\/h2>\n<ul>\n<li>\u012esigykite norimus bilietus nei\u0161eidami i\u0161 nam\u0173<\/li>\n<li>\u012esigyti daugyb\u0117s skirting\u0173 r\u016b\u0161i\u0173 loterij\u0173 bilietus<\/li>\n<li>Pasirink\u0119 geriausius variantus turite daugiau galimybi\u0173 laim\u0117ti didel\u012f pagrindin\u012f priz\u0105<\/li>\n<li>Perveskite pinigus \u012f savo s\u0105skait\u0105 ir naudokite juos bilietams \u012fsigyti<\/li>\n<li>Nesijaudinkite, kad prarasite bilietus<\/li>\n<li>Gaukite prane\u0161imus, jei j\u016bs\u0173 bilietas laim\u0117jo<\/li>\n<li>Pasirinkite atsitiktinius bilietus naudodami skai\u010di\u0173 generatori\u0173<\/li>\n<\/ul>\n<h2>Ar teis\u0117ta pirkti &#8222;Powerball Australia&#8221; bilietus internetu Lietuvoje?<\/h2>\n<p>Nereikia nerimauti d\u0117l biliet\u0173 pirkimo internetu ar tradiciniu b\u016bdu, kai kalbama apie j\u016bs\u0173 gyvenamosios \u0161alies taisykles. Mes pasir\u016bpiname, kad b\u016bt\u0173 laikomasi \u0161alies, kurioje vyksta loterija, taisykli\u0173, kad gal\u0117tum\u0117te gauti savo laim\u0117jim\u0105. Net jei laim\u0117site pagrindin\u012f priz\u0105, netur\u0117site problem\u0173 d\u0117l pinig\u0173 gavimo.<br \/>\nKiekvienas, kuris naudojasi m\u016bs\u0173 paslauga, turi b\u016bti ne jaunesnis nei 18 met\u0173.<\/p>\n<h2>Kaip man i\u0161mok\u0117ti pinigus, jei laim\u0117jau &#8222;Powerball Australia&#8221; internetu?<\/h2>\n<p><img loading=\"lazy\" decoding=\"async\" class=\"alignright wp-image-3631\" src=\"https:\/\/onlinelotto365.com\/wp-content\/uploads\/2020\/11\/online_lottery-40-300x200.jpg\" alt=\"powerball australia internetu\" width=\"252\" height=\"168\" srcset=\"https:\/\/onlinelotto365.com\/wp-content\/uploads\/2020\/11\/online_lottery-40-300x200.jpg 300w, https:\/\/onlinelotto365.com\/wp-content\/uploads\/2020\/11\/online_lottery-40.jpg 424w\" sizes=\"auto, (max-width: 252px) 100vw, 252px\" \/><br \/>\nMes \u017einome, kad norite kuo grei\u010diau gauti savo laim\u0117jim\u0105 ir tikrai nenorite i\u0161 \u0161io laim\u0117jimo mok\u0117ti pinig\u0173 kam nors kitam. Tod\u0117l mes niekada neimame komisini\u0173 i\u0161 j\u016bs\u0173 laim\u0117jim\u0173. Jei laimite, pinigus gaunate j\u016bs. Vienintelis atvejis, kai imame komisin\u012f mokest\u012f, yra tada, jei pasirenkate, kad pinigai b\u016bt\u0173 pervesti bankiniu pavedimu \u012f j\u016bs\u0173 bank\u0105, kuris i\u0161 m\u016bs\u0173 imt\u0173 mokest\u012f, kuris b\u016bt\u0173 perduotas jums.<br \/>\nJei laim\u0117site pinig\u0173, jums tereikia to nepamir\u0161ti:<\/p>\n<ul>\n<li>\u20ac2500 nevir\u0161ijan\u010dios sumos automati\u0161kai pervedamos \u012f j\u016bs\u0173 \u017eaid\u0117jo s\u0105skait\u0105, jums nieko nedarant.<\/li>\n<li>Didesn\u0117s nei 2500 \u20ac sumos i\u0161mokamos \u010dekiu arba banko pavedimu ir jums reikia u\u017epildyti form\u0105, kuri\u0105 atsi\u0173s palaikymo komanda. Tokiu b\u016bdu gal\u0117site gauti pinigus, kuri\u0173 mok\u0117jim\u0105 patvirtina loterijos komisija.<\/li>\n<\/ul>\n","protected":false},"excerpt":{"rendered":"<p>Norite su\u017einoti, kaip galite nusipirkti &#8222;Powerball Australia&#8221; bilietus internetu? Savo klientams i\u0161 Lietuvos ir kit\u0173 \u0161ali\u0173 tai suskirst\u0117me \u012f kelet\u0105 paprast\u0173 \u017eingsni\u0173, tod\u0117l galite prad\u0117ti proces\u0105 jau dabar. Ir tai galite padaryti daug grei\u010diau ir papras\u010diau, nei manote. Eikite \u012f &#8222;Powerball Australia&#8221; puslap\u012f ir pasirinkite norimus bilietus bei j\u0173 skai\u010dius arba leiskite kompiuteriui pasirinkti u\u017e [&hellip;]<\/p>\n","protected":false},"author":1,"featured_media":0,"parent":5656,"menu_order":13,"comment_status":"closed","ping_status":"closed","template":"powerball-au-info.php","meta":{"_et_pb_use_builder":"","_et_pb_old_content":"","_et_gb_content_width":"","exclude_from_search":false,"footnotes":""},"class_list":["post-80516","page","type-page","status-publish","hentry"],"yoast_head":"<!-- This site is optimized with the Yoast SEO plugin v23.4 - https:\/\/yoast.com\/wordpress\/plugins\/seo\/ -->\n<title>Pirkti bilietus \u012f Powerball Australia i\u0161 Lietuvos per internetin\u0119 parduotuv\u0119<\/title>\n<meta name=\"description\" content=\"Pirkite &quot;Powerball Australia&quot; bilietus internetu - suteikiame galimyb\u0119 Lietuvos \u017eaid\u0117jams\" \/>\n<meta name=\"robots\" content=\"index, follow, max-snippet:-1, max-image-preview:large, max-video-preview:-1\" \/>\n<link rel=\"canonical\" href=\"https:\/\/onlinelotto365.com\/lt\/pirkti-bilietus\/powerball-australia\/\" \/>\n<meta property=\"og:locale\" content=\"lt_LT\" \/>\n<meta property=\"og:type\" content=\"article\" \/>\n<meta property=\"og:title\" content=\"Pirkti bilietus \u012f Powerball Australia i\u0161 Lietuvos per internetin\u0119 parduotuv\u0119\" \/>\n<meta property=\"og:description\" content=\"Pirkite &quot;Powerball Australia&quot; bilietus internetu - suteikiame galimyb\u0119 Lietuvos \u017eaid\u0117jams\" \/>\n<meta property=\"og:url\" content=\"https:\/\/onlinelotto365.com\/lt\/pirkti-bilietus\/powerball-australia\/\" \/>\n<meta property=\"og:site_name\" content=\"OnlineLotto365\" \/>\n<meta property=\"article:modified_time\" content=\"2022-11-21T06:57:15+00:00\" \/>\n<meta property=\"og:image\" content=\"https:\/\/redfoxlotto.com\/image?size=8&amp;lottery=powerball-au\" \/>\n<meta name=\"twitter:card\" content=\"summary_large_image\" \/>\n<meta name=\"twitter:label1\" content=\"Est. reading time\" \/>\n\t<meta name=\"twitter:data1\" content=\"3 minut\u0117s\" \/>\n<script type=\"application\/ld+json\" class=\"yoast-schema-graph\">{\"@context\":\"https:\/\/schema.org\",\"@graph\":[{\"@type\":\"WebPage\",\"@id\":\"https:\/\/onlinelotto365.com\/lt\/pirkti-bilietus\/powerball-australia\/\",\"url\":\"https:\/\/onlinelotto365.com\/lt\/pirkti-bilietus\/powerball-australia\/\",\"name\":\"Pirkti bilietus \u012f Powerball Australia i\u0161 Lietuvos per internetin\u0119 parduotuv\u0119\",\"isPartOf\":{\"@id\":\"https:\/\/onlinelotto365.com\/lt\/#website\"},\"primaryImageOfPage\":{\"@id\":\"https:\/\/onlinelotto365.com\/lt\/pirkti-bilietus\/powerball-australia\/#primaryimage\"},\"image\":{\"@id\":\"https:\/\/onlinelotto365.com\/lt\/pirkti-bilietus\/powerball-australia\/#primaryimage\"},\"thumbnailUrl\":\"https:\/\/redfoxlotto.com\/image?size=8&amp;lottery=powerball-au\",\"datePublished\":\"2022-11-21T06:54:19+00:00\",\"dateModified\":\"2022-11-21T06:57:15+00:00\",\"description\":\"Pirkite \\\"Powerball Australia\\\" bilietus internetu - suteikiame galimyb\u0119 Lietuvos \u017eaid\u0117jams\",\"breadcrumb\":{\"@id\":\"https:\/\/onlinelotto365.com\/lt\/pirkti-bilietus\/powerball-australia\/#breadcrumb\"},\"inLanguage\":\"lt-LT\",\"potentialAction\":[{\"@type\":\"ReadAction\",\"target\":[\"https:\/\/onlinelotto365.com\/lt\/pirkti-bilietus\/powerball-australia\/\"]}]},{\"@type\":\"ImageObject\",\"inLanguage\":\"lt-LT\",\"@id\":\"https:\/\/onlinelotto365.com\/lt\/pirkti-bilietus\/powerball-australia\/#primaryimage\",\"url\":\"https:\/\/redfoxlotto.com\/image?size=8&amp;lottery=powerball-au\",\"contentUrl\":\"https:\/\/redfoxlotto.com\/image?size=8&amp;lottery=powerball-au\"},{\"@type\":\"BreadcrumbList\",\"@id\":\"https:\/\/onlinelotto365.com\/lt\/pirkti-bilietus\/powerball-australia\/#breadcrumb\",\"itemListElement\":[{\"@type\":\"ListItem\",\"position\":1,\"name\":\"Home\",\"item\":\"https:\/\/onlinelotto365.com\/lt\/\"},{\"@type\":\"ListItem\",\"position\":2,\"name\":\"Internetin\u0117 biliet\u0173 paslauga tarptautiniams loto renginiams\",\"item\":\"https:\/\/onlinelotto365.com\/lt\/pirkti-bilietus\/\"},{\"@type\":\"ListItem\",\"position\":3,\"name\":\"Kaip pirkti &#8222;Powerball Australia&#8221; bilietus internetu\"}]},{\"@type\":\"WebSite\",\"@id\":\"https:\/\/onlinelotto365.com\/lt\/#website\",\"url\":\"https:\/\/onlinelotto365.com\/lt\/\",\"name\":\"OnlineLotto365\",\"description\":\"\",\"potentialAction\":[{\"@type\":\"SearchAction\",\"target\":{\"@type\":\"EntryPoint\",\"urlTemplate\":\"https:\/\/onlinelotto365.com\/lt\/?s={search_term_string}\"},\"query-input\":{\"@type\":\"PropertyValueSpecification\",\"valueRequired\":true,\"valueName\":\"search_term_string\"}}],\"inLanguage\":\"lt-LT\"}]}<\/script>\n<!-- \/ Yoast SEO plugin. -->","yoast_head_json":{"title":"Pirkti bilietus \u012f Powerball Australia i\u0161 Lietuvos per internetin\u0119 parduotuv\u0119","description":"Pirkite \"Powerball Australia\" bilietus internetu - suteikiame galimyb\u0119 Lietuvos \u017eaid\u0117jams","robots":{"index":"index","follow":"follow","max-snippet":"max-snippet:-1","max-image-preview":"max-image-preview:large","max-video-preview":"max-video-preview:-1"},"canonical":"https:\/\/onlinelotto365.com\/lt\/pirkti-bilietus\/powerball-australia\/","og_locale":"lt_LT","og_type":"article","og_title":"Pirkti bilietus \u012f Powerball Australia i\u0161 Lietuvos per internetin\u0119 parduotuv\u0119","og_description":"Pirkite \"Powerball Australia\" bilietus internetu - suteikiame galimyb\u0119 Lietuvos \u017eaid\u0117jams","og_url":"https:\/\/onlinelotto365.com\/lt\/pirkti-bilietus\/powerball-australia\/","og_site_name":"OnlineLotto365","article_modified_time":"2022-11-21T06:57:15+00:00","og_image":[{"url":"https:\/\/redfoxlotto.com\/image?size=8&amp;lottery=powerball-au"}],"twitter_card":"summary_large_image","twitter_misc":{"Est. reading time":"3 minut\u0117s"},"schema":{"@context":"https:\/\/schema.org","@graph":[{"@type":"WebPage","@id":"https:\/\/onlinelotto365.com\/lt\/pirkti-bilietus\/powerball-australia\/","url":"https:\/\/onlinelotto365.com\/lt\/pirkti-bilietus\/powerball-australia\/","name":"Pirkti bilietus \u012f Powerball Australia i\u0161 Lietuvos per internetin\u0119 parduotuv\u0119","isPartOf":{"@id":"https:\/\/onlinelotto365.com\/lt\/#website"},"primaryImageOfPage":{"@id":"https:\/\/onlinelotto365.com\/lt\/pirkti-bilietus\/powerball-australia\/#primaryimage"},"image":{"@id":"https:\/\/onlinelotto365.com\/lt\/pirkti-bilietus\/powerball-australia\/#primaryimage"},"thumbnailUrl":"https:\/\/redfoxlotto.com\/image?size=8&amp;lottery=powerball-au","datePublished":"2022-11-21T06:54:19+00:00","dateModified":"2022-11-21T06:57:15+00:00","description":"Pirkite \"Powerball Australia\" bilietus internetu - suteikiame galimyb\u0119 Lietuvos \u017eaid\u0117jams","breadcrumb":{"@id":"https:\/\/onlinelotto365.com\/lt\/pirkti-bilietus\/powerball-australia\/#breadcrumb"},"inLanguage":"lt-LT","potentialAction":[{"@type":"ReadAction","target":["https:\/\/onlinelotto365.com\/lt\/pirkti-bilietus\/powerball-australia\/"]}]},{"@type":"ImageObject","inLanguage":"lt-LT","@id":"https:\/\/onlinelotto365.com\/lt\/pirkti-bilietus\/powerball-australia\/#primaryimage","url":"https:\/\/redfoxlotto.com\/image?size=8&amp;lottery=powerball-au","contentUrl":"https:\/\/redfoxlotto.com\/image?size=8&amp;lottery=powerball-au"},{"@type":"BreadcrumbList","@id":"https:\/\/onlinelotto365.com\/lt\/pirkti-bilietus\/powerball-australia\/#breadcrumb","itemListElement":[{"@type":"ListItem","position":1,"name":"Home","item":"https:\/\/onlinelotto365.com\/lt\/"},{"@type":"ListItem","position":2,"name":"Internetin\u0117 biliet\u0173 paslauga tarptautiniams loto renginiams","item":"https:\/\/onlinelotto365.com\/lt\/pirkti-bilietus\/"},{"@type":"ListItem","position":3,"name":"Kaip pirkti &#8222;Powerball Australia&#8221; bilietus internetu"}]},{"@type":"WebSite","@id":"https:\/\/onlinelotto365.com\/lt\/#website","url":"https:\/\/onlinelotto365.com\/lt\/","name":"OnlineLotto365","description":"","potentialAction":[{"@type":"SearchAction","target":{"@type":"EntryPoint","urlTemplate":"https:\/\/onlinelotto365.com\/lt\/?s={search_term_string}"},"query-input":{"@type":"PropertyValueSpecification","valueRequired":true,"valueName":"search_term_string"}}],"inLanguage":"lt-LT"}]}},"_links":{"self":[{"href":"https:\/\/onlinelotto365.com\/lt\/wp-json\/wp\/v2\/pages\/80516","targetHints":{"allow":["GET"]}}],"collection":[{"href":"https:\/\/onlinelotto365.com\/lt\/wp-json\/wp\/v2\/pages"}],"about":[{"href":"https:\/\/onlinelotto365.com\/lt\/wp-json\/wp\/v2\/types\/page"}],"author":[{"embeddable":true,"href":"https:\/\/onlinelotto365.com\/lt\/wp-json\/wp\/v2\/users\/1"}],"replies":[{"embeddable":true,"href":"https:\/\/onlinelotto365.com\/lt\/wp-json\/wp\/v2\/comments?post=80516"}],"version-history":[{"count":0,"href":"https:\/\/onlinelotto365.com\/lt\/wp-json\/wp\/v2\/pages\/80516\/revisions"}],"up":[{"embeddable":true,"href":"https:\/\/onlinelotto365.com\/lt\/wp-json\/wp\/v2\/pages\/5656"}],"wp:attachment":[{"href":"https:\/\/onlinelotto365.com\/lt\/wp-json\/wp\/v2\/media?parent=80516"}],"curies":[{"name":"wp","href":"https:\/\/api.w.org\/{rel}","templated":true}]}}