{"id":80545,"date":"2022-11-21T11:37:04","date_gmt":"2022-11-21T10:37:04","guid":{"rendered":"https:\/\/onlinelotto365.com\/?page_id=80545"},"modified":"2022-11-21T11:37:04","modified_gmt":"2022-11-21T10:37:04","slug":"oz-lotto","status":"publish","type":"page","link":"https:\/\/onlinelotto365.com\/lt\/pirkti-bilietus\/oz-lotto\/","title":{"rendered":"Kaip pirkti Oz Lotto bilietus internetu"},"content":{"rendered":"<p>Jums pasisek\u0117, nes mes paai\u0161kinome, k\u0105 reikia daryti, kad &#8222;Oz Lotto&#8221; bilietus gautum\u0117te \u010dia ir i\u0161 Lietuvos.<br \/>\ntaip pat ir i\u0161 Lietuvos. Galite lengvai nusipirkti internetu, jei tik atliksite \u0161iuos paprastus \u017eingsnius, kuriuos jums nurod\u0117me.<br \/>\n<a href=\"https:\/\/redfoxlotto.com\/play\/oz-lotto\/?ref=a8564250a2&amp;medium=ol365\" target=\"_blank\" rel=\"noopener noreferrer\"><img decoding=\"async\" class=\"aligncenter\" src=\"https:\/\/redfoxlotto.com\/image?size=8&amp;lottery=oz-lotto\" alt=\"Oz Lotto\" \/><\/a><\/p>\n<ul>\n<li>Eikite \u012f loterijos, kurioje norite \u017eaisti, puslap\u012f ir pasirinkite norimus skai\u010dius. Arba leiskite kompiuteriui parinkti skai\u010dius u\u017e jus.<\/li>\n<li>Prid\u0117kite dar daugiau loterij\u0173 ir \u0161io \u017eaidimo biliet\u0173<\/li>\n<li>Mok\u0117kite dabar u\u017e bilietus<\/li>\n<li>U\u017eregistruokite nauj\u0105 paskyr\u0105 arba prisijunkite prie esamos paskyros, kad gal\u0117tum\u0117te atlikti mok\u0117jimo proces\u0105<\/li>\n<li>Paskyr\u0173, kurias reikia u\u017eregistruoti, atveju \u012fsitikinkite, kad pasitikrinote savo el. pa\u0161t\u0105, ar gausite patvirtinimo nuorod\u0105, kad gal\u0117tum\u0117te prad\u0117ti darb\u0105<\/li>\n<li>Jei negavote el. lai\u0161ko \u012f \u012fprast\u0105 pa\u0161to d\u0117\u017eut\u0119, ie\u0161kokite jo nepageidaujam\u0173 lai\u0161k\u0173 aplanke ir spustel\u0117kite patvirtinimo nuorod\u0105<\/li>\n<li>Eikite \u012f pirkini\u0173 krep\u0161el\u012f ir \u012fsigykite bilietus<\/li>\n<li>Atlikite mok\u0117jimo proces\u0105, kad gautum\u0117te bilietus<\/li>\n<\/ul>\n<h2>Kaip sumok\u0117ti u\u017e &#8222;Oz Lotto&#8221; biliet\u0105 internetu<\/h2>\n<p>Galite rinktis i\u0161 keli\u0173 skirting\u0173 visi\u0161kai saugi\u0173 b\u016bd\u0173, kai reikia sumok\u0117ti u\u017e &#8222;Oz Lotto&#8221; bilietus.<br \/>\nKiekvienas i\u0161 j\u0173 priskiriamas dviem skirtingoms kategorijoms:<\/p>\n<p>Apmok\u0117ti u\u017e u\u017esakym\u0105 bet kuriuo pasirinktu mok\u0117jimo b\u016bdu<br \/>\n\u012fmok\u0117ti pinigus \u012f savo dabartin\u0119 \u017eaid\u0117jo s\u0105skait\u0105 ir panaudoti juos pirkimui<\/p>\n<p>\u012esitikinkite, kad \u012fne\u0161\u0117te daugiau pinig\u0173, nei reikia pirkimui atlikti, jei ketinate naudotis savo \u017eaid\u0117jo s\u0105skaita.<\/p>\n<h2>Daugiau informacijos apie &#8222;Oz Lotto<\/h2>\n<ul>\n<li>Loto Lotto \u0161alis: Australija<\/li>\n<li>Pagrindini\u0173 skai\u010di\u0173 diapazonas: 45<\/li>\n<li>J\u016bs renkat\u0117s: 7<\/li>\n<li>Traukimo dienos, valandos: Antradienis, 21:30 GMT+11, 10:30 CET<\/li>\n<li>Minimalus prizas: Australijos doleri\u0173.<\/li>\n<li>Did\u017eiausias prizas: n\u0117ra<\/li>\n<li>Tikimyb\u0117 laim\u0117ti pagrindin\u012f priz\u0105: 1 i\u0161 45379620<\/li>\n<li>2 lygio laim\u0117jimo tikimyb\u0117: 1 i\u0161 3241401<\/li>\n<li>Tikimyb\u0117 laim\u0117ti bet kuriame lygyje: 1 i\u0161 54,59<\/li>\n<li>Priz\u0173 pakop\u0173 skai\u010dius: 7<\/li>\n<\/ul>\n<h2>Privalumai perkant Oz Lotto bilietus internetu<\/h2>\n<ul>\n<li>Jums nereikia i\u0161eiti i\u0161 nam\u0173, kad i\u0161sirinktum\u0117te bilietus<\/li>\n<li>Galite rinktis i\u0161 daugyb\u0117s skirting\u0173 variant\u0173<\/li>\n<li>Pa\u017evelkite \u012f pagrindinio prizo sumas, kad nuspr\u0119stum\u0117te, kuri\u0105 loterij\u0105 norite pirkti<\/li>\n<li>Tiesiogiai \u012f savo \u017eaid\u0117jo s\u0105skait\u0105 galite prid\u0117ti pinig\u0173 ir naudoti juos bilietams pirkti<\/li>\n<li>Niekada nesijaudinkite, kad prarasite bilietus<\/li>\n<li>Gaukite prane\u0161imus, jei k\u0105 nors laim\u0117site<\/li>\n<li>Naudokit\u0117s greito pasirinkimo galimybe, kad gautum\u0117te bilietus patys nerinkdami skai\u010di\u0173<\/li>\n<\/ul>\n<h2>Ar teis\u0117ta pirkti &#8222;Oz Lotto&#8221; bilietus internetu?<\/h2>\n<p>Gali b\u016bti, kad abejojate, ar j\u016bs\u0173 gyvenamojoje \u0161alyje leid\u017eiama pirkti loterijos bilietus internetu ar net tradiciniu b\u016bdu. K\u0105 gi, jums nereikia nerimauti, nesvarbu, ar Lietuvoje<br \/>\nar kitur, nes mes pasir\u016bpinsime, kad b\u016bt\u0173 laikomasi \u0161alyje, kurioje \u017eaid\u017eiamas \u017eaidimas, galiojan\u010di\u0173 taisykli\u0173. Jums nereikia nerimauti, ar legalu naudotis m\u016bs\u0173 teikiamomis paslaugomis, jei esate bent 18 met\u0173 am\u017eiaus. Mes pasir\u016bpinsime, kad jums b\u016bt\u0173 sumok\u0117ta, nesvarbu, kas nutikt\u0173.<\/p>\n<h2>Kaip man i\u0161mok\u0117ti pinigus, jei laim\u0117jau &#8222;Oz Lotto&#8221; internete?<\/h2>\n<p><img loading=\"lazy\" decoding=\"async\" class=\"alignright wp-image-3659\" src=\"https:\/\/onlinelotto365.com\/wp-content\/uploads\/2020\/11\/online_lottery-4-300x300.jpg\" alt=\"Oz Lotto i\u0161 Jungtin\u0117s Karalyst\u0117s\" width=\"246\" height=\"246\" srcset=\"https:\/\/onlinelotto365.com\/wp-content\/uploads\/2020\/11\/online_lottery-4-300x300.jpg 300w, https:\/\/onlinelotto365.com\/wp-content\/uploads\/2020\/11\/online_lottery-4-100x100.jpg 100w, https:\/\/onlinelotto365.com\/wp-content\/uploads\/2020\/11\/online_lottery-4-150x150.jpg 150w, https:\/\/onlinelotto365.com\/wp-content\/uploads\/2020\/11\/online_lottery-4.jpg 320w\" sizes=\"auto, (max-width: 246px) 100vw, 246px\" \/><br \/>\nMok\u0117jimai yra svarbi proceso dalis, kai kalbama apie j\u016bs\u0173 \u017eaidim\u0105 loterijoje. Norime b\u016bti tikri, kad gausite visus savo pinigus, tod\u0117l pasir\u016bpiname, kad laim\u0117j\u0119 k\u0105 nors negautum\u0117te komisini\u0173 mokes\u010di\u0173.<\/p>\n<p>Jums taip pat nebus taikomi jokie mokes\u010diai, nebent pasirinksite banko pavedim\u0105, kad pinigai b\u016bt\u0173 pervesti \u012f j\u016bs\u0173 s\u0105skait\u0105. Tokiu atveju i\u0161 j\u016bs\u0173 bus imamas mokestis, lygus bet kokiam banko taikomam pervedimo mokes\u010diui.<\/p>\n<p><strong>Prie\u0161ingu atveju tur\u0117kite omenyje tai:<\/strong><\/p>\n<ul>\n<li>Jei laim\u0117jote ma\u017eiau nei 2500 eur\u0173, pinigai \u012f j\u016bs\u0173 s\u0105skait\u0105 pervedami automati\u0161kai. Jums nereik\u0117s d\u0117l nieko nerimauti<\/li>\n<li>Jei laim\u0117site daugiau nei 2500 \u20ac, pinigus reik\u0117s pervesti atitinkamais kanalais. Tai rei\u0161kia, kad i\u0161 m\u016bs\u0173 gausite el. lai\u0161k\u0105 apie tai, kaip u\u017epildyti pretenzijos form\u0105 loterijos komisijai. Tada pinigai bus pervesti \u012f j\u016bs\u0173 banko s\u0105skait\u0105 arba bus i\u0161si\u0173sti \u010dekiu tiesiai jums.<\/li>\n<\/ul>\n","protected":false},"excerpt":{"rendered":"<p>Jums pasisek\u0117, nes mes paai\u0161kinome, k\u0105 reikia daryti, kad &#8222;Oz Lotto&#8221; bilietus gautum\u0117te \u010dia ir i\u0161 Lietuvos. taip pat ir i\u0161 Lietuvos. Galite lengvai nusipirkti internetu, jei tik atliksite \u0161iuos paprastus \u017eingsnius, kuriuos jums nurod\u0117me. Eikite \u012f loterijos, kurioje norite \u017eaisti, puslap\u012f ir pasirinkite norimus skai\u010dius. Arba leiskite kompiuteriui parinkti skai\u010dius u\u017e jus. Prid\u0117kite dar [&hellip;]<\/p>\n","protected":false},"author":1,"featured_media":0,"parent":5656,"menu_order":14,"comment_status":"closed","ping_status":"closed","template":"template-rightsidebar.php","meta":{"_et_pb_use_builder":"","_et_pb_old_content":"","_et_gb_content_width":"","exclude_from_search":false,"footnotes":""},"class_list":["post-80545","page","type-page","status-publish","hentry"],"yoast_head":"<!-- This site is optimized with the Yoast SEO plugin v23.4 - https:\/\/yoast.com\/wordpress\/plugins\/seo\/ -->\n<title>Biliet\u0173 \u012f &quot;Oz Lotto&quot; \u012fsigijimas internetu i\u0161 Lietuvos<\/title>\n<meta name=\"description\" content=\"Gaukite Australijos &quot;Oz Lotto&quot; bilietus i\u0161 Lietuvos\" \/>\n<meta name=\"robots\" content=\"index, follow, max-snippet:-1, max-image-preview:large, max-video-preview:-1\" \/>\n<link rel=\"canonical\" href=\"https:\/\/onlinelotto365.com\/lt\/pirkti-bilietus\/oz-lotto\/\" \/>\n<meta property=\"og:locale\" content=\"lt_LT\" \/>\n<meta property=\"og:type\" content=\"article\" \/>\n<meta property=\"og:title\" content=\"Biliet\u0173 \u012f &quot;Oz Lotto&quot; \u012fsigijimas internetu i\u0161 Lietuvos\" \/>\n<meta property=\"og:description\" content=\"Gaukite Australijos &quot;Oz Lotto&quot; bilietus i\u0161 Lietuvos\" \/>\n<meta property=\"og:url\" content=\"https:\/\/onlinelotto365.com\/lt\/pirkti-bilietus\/oz-lotto\/\" \/>\n<meta property=\"og:site_name\" content=\"OnlineLotto365\" \/>\n<meta property=\"og:image\" content=\"https:\/\/redfoxlotto.com\/image?size=8&amp;lottery=oz-lotto\" \/>\n<meta name=\"twitter:card\" content=\"summary_large_image\" \/>\n<meta name=\"twitter:label1\" content=\"Est. reading time\" \/>\n\t<meta name=\"twitter:data1\" content=\"3 minut\u0117s\" \/>\n<script type=\"application\/ld+json\" class=\"yoast-schema-graph\">{\"@context\":\"https:\/\/schema.org\",\"@graph\":[{\"@type\":\"WebPage\",\"@id\":\"https:\/\/onlinelotto365.com\/lt\/pirkti-bilietus\/oz-lotto\/\",\"url\":\"https:\/\/onlinelotto365.com\/lt\/pirkti-bilietus\/oz-lotto\/\",\"name\":\"Biliet\u0173 \u012f \\\"Oz Lotto\\\" \u012fsigijimas internetu i\u0161 Lietuvos\",\"isPartOf\":{\"@id\":\"https:\/\/onlinelotto365.com\/lt\/#website\"},\"primaryImageOfPage\":{\"@id\":\"https:\/\/onlinelotto365.com\/lt\/pirkti-bilietus\/oz-lotto\/#primaryimage\"},\"image\":{\"@id\":\"https:\/\/onlinelotto365.com\/lt\/pirkti-bilietus\/oz-lotto\/#primaryimage\"},\"thumbnailUrl\":\"https:\/\/redfoxlotto.com\/image?size=8&amp;lottery=oz-lotto\",\"datePublished\":\"2022-11-21T10:37:04+00:00\",\"dateModified\":\"2022-11-21T10:37:04+00:00\",\"description\":\"Gaukite Australijos \\\"Oz Lotto\\\" bilietus i\u0161 Lietuvos\",\"breadcrumb\":{\"@id\":\"https:\/\/onlinelotto365.com\/lt\/pirkti-bilietus\/oz-lotto\/#breadcrumb\"},\"inLanguage\":\"lt-LT\",\"potentialAction\":[{\"@type\":\"ReadAction\",\"target\":[\"https:\/\/onlinelotto365.com\/lt\/pirkti-bilietus\/oz-lotto\/\"]}]},{\"@type\":\"ImageObject\",\"inLanguage\":\"lt-LT\",\"@id\":\"https:\/\/onlinelotto365.com\/lt\/pirkti-bilietus\/oz-lotto\/#primaryimage\",\"url\":\"https:\/\/redfoxlotto.com\/image?size=8&amp;lottery=oz-lotto\",\"contentUrl\":\"https:\/\/redfoxlotto.com\/image?size=8&amp;lottery=oz-lotto\"},{\"@type\":\"BreadcrumbList\",\"@id\":\"https:\/\/onlinelotto365.com\/lt\/pirkti-bilietus\/oz-lotto\/#breadcrumb\",\"itemListElement\":[{\"@type\":\"ListItem\",\"position\":1,\"name\":\"Home\",\"item\":\"https:\/\/onlinelotto365.com\/lt\/\"},{\"@type\":\"ListItem\",\"position\":2,\"name\":\"Internetin\u0117 biliet\u0173 paslauga tarptautiniams loto renginiams\",\"item\":\"https:\/\/onlinelotto365.com\/lt\/pirkti-bilietus\/\"},{\"@type\":\"ListItem\",\"position\":3,\"name\":\"Kaip pirkti Oz Lotto bilietus internetu\"}]},{\"@type\":\"WebSite\",\"@id\":\"https:\/\/onlinelotto365.com\/lt\/#website\",\"url\":\"https:\/\/onlinelotto365.com\/lt\/\",\"name\":\"OnlineLotto365\",\"description\":\"\",\"potentialAction\":[{\"@type\":\"SearchAction\",\"target\":{\"@type\":\"EntryPoint\",\"urlTemplate\":\"https:\/\/onlinelotto365.com\/lt\/?s={search_term_string}\"},\"query-input\":{\"@type\":\"PropertyValueSpecification\",\"valueRequired\":true,\"valueName\":\"search_term_string\"}}],\"inLanguage\":\"lt-LT\"}]}<\/script>\n<!-- \/ Yoast SEO plugin. -->","yoast_head_json":{"title":"Biliet\u0173 \u012f \"Oz Lotto\" \u012fsigijimas internetu i\u0161 Lietuvos","description":"Gaukite Australijos \"Oz Lotto\" bilietus i\u0161 Lietuvos","robots":{"index":"index","follow":"follow","max-snippet":"max-snippet:-1","max-image-preview":"max-image-preview:large","max-video-preview":"max-video-preview:-1"},"canonical":"https:\/\/onlinelotto365.com\/lt\/pirkti-bilietus\/oz-lotto\/","og_locale":"lt_LT","og_type":"article","og_title":"Biliet\u0173 \u012f \"Oz Lotto\" \u012fsigijimas internetu i\u0161 Lietuvos","og_description":"Gaukite Australijos \"Oz Lotto\" bilietus i\u0161 Lietuvos","og_url":"https:\/\/onlinelotto365.com\/lt\/pirkti-bilietus\/oz-lotto\/","og_site_name":"OnlineLotto365","og_image":[{"url":"https:\/\/redfoxlotto.com\/image?size=8&amp;lottery=oz-lotto"}],"twitter_card":"summary_large_image","twitter_misc":{"Est. reading time":"3 minut\u0117s"},"schema":{"@context":"https:\/\/schema.org","@graph":[{"@type":"WebPage","@id":"https:\/\/onlinelotto365.com\/lt\/pirkti-bilietus\/oz-lotto\/","url":"https:\/\/onlinelotto365.com\/lt\/pirkti-bilietus\/oz-lotto\/","name":"Biliet\u0173 \u012f \"Oz Lotto\" \u012fsigijimas internetu i\u0161 Lietuvos","isPartOf":{"@id":"https:\/\/onlinelotto365.com\/lt\/#website"},"primaryImageOfPage":{"@id":"https:\/\/onlinelotto365.com\/lt\/pirkti-bilietus\/oz-lotto\/#primaryimage"},"image":{"@id":"https:\/\/onlinelotto365.com\/lt\/pirkti-bilietus\/oz-lotto\/#primaryimage"},"thumbnailUrl":"https:\/\/redfoxlotto.com\/image?size=8&amp;lottery=oz-lotto","datePublished":"2022-11-21T10:37:04+00:00","dateModified":"2022-11-21T10:37:04+00:00","description":"Gaukite Australijos \"Oz Lotto\" bilietus i\u0161 Lietuvos","breadcrumb":{"@id":"https:\/\/onlinelotto365.com\/lt\/pirkti-bilietus\/oz-lotto\/#breadcrumb"},"inLanguage":"lt-LT","potentialAction":[{"@type":"ReadAction","target":["https:\/\/onlinelotto365.com\/lt\/pirkti-bilietus\/oz-lotto\/"]}]},{"@type":"ImageObject","inLanguage":"lt-LT","@id":"https:\/\/onlinelotto365.com\/lt\/pirkti-bilietus\/oz-lotto\/#primaryimage","url":"https:\/\/redfoxlotto.com\/image?size=8&amp;lottery=oz-lotto","contentUrl":"https:\/\/redfoxlotto.com\/image?size=8&amp;lottery=oz-lotto"},{"@type":"BreadcrumbList","@id":"https:\/\/onlinelotto365.com\/lt\/pirkti-bilietus\/oz-lotto\/#breadcrumb","itemListElement":[{"@type":"ListItem","position":1,"name":"Home","item":"https:\/\/onlinelotto365.com\/lt\/"},{"@type":"ListItem","position":2,"name":"Internetin\u0117 biliet\u0173 paslauga tarptautiniams loto renginiams","item":"https:\/\/onlinelotto365.com\/lt\/pirkti-bilietus\/"},{"@type":"ListItem","position":3,"name":"Kaip pirkti Oz Lotto bilietus internetu"}]},{"@type":"WebSite","@id":"https:\/\/onlinelotto365.com\/lt\/#website","url":"https:\/\/onlinelotto365.com\/lt\/","name":"OnlineLotto365","description":"","potentialAction":[{"@type":"SearchAction","target":{"@type":"EntryPoint","urlTemplate":"https:\/\/onlinelotto365.com\/lt\/?s={search_term_string}"},"query-input":{"@type":"PropertyValueSpecification","valueRequired":true,"valueName":"search_term_string"}}],"inLanguage":"lt-LT"}]}},"_links":{"self":[{"href":"https:\/\/onlinelotto365.com\/lt\/wp-json\/wp\/v2\/pages\/80545","targetHints":{"allow":["GET"]}}],"collection":[{"href":"https:\/\/onlinelotto365.com\/lt\/wp-json\/wp\/v2\/pages"}],"about":[{"href":"https:\/\/onlinelotto365.com\/lt\/wp-json\/wp\/v2\/types\/page"}],"author":[{"embeddable":true,"href":"https:\/\/onlinelotto365.com\/lt\/wp-json\/wp\/v2\/users\/1"}],"replies":[{"embeddable":true,"href":"https:\/\/onlinelotto365.com\/lt\/wp-json\/wp\/v2\/comments?post=80545"}],"version-history":[{"count":0,"href":"https:\/\/onlinelotto365.com\/lt\/wp-json\/wp\/v2\/pages\/80545\/revisions"}],"up":[{"embeddable":true,"href":"https:\/\/onlinelotto365.com\/lt\/wp-json\/wp\/v2\/pages\/5656"}],"wp:attachment":[{"href":"https:\/\/onlinelotto365.com\/lt\/wp-json\/wp\/v2\/media?parent=80545"}],"curies":[{"name":"wp","href":"https:\/\/api.w.org\/{rel}","templated":true}]}}