{"id":80581,"date":"2022-11-21T13:57:52","date_gmt":"2022-11-21T12:57:52","guid":{"rendered":"https:\/\/onlinelotto365.com\/?page_id=80581"},"modified":"2022-11-21T13:57:52","modified_gmt":"2022-11-21T12:57:52","slug":"saturday-lotto-australia","status":"publish","type":"page","link":"https:\/\/onlinelotto365.com\/lt\/pirkti-bilietus\/saturday-lotto-australia\/","title":{"rendered":"Kaip pirkti \u0161e\u0161tadienio Lotto Australia bilietus internetu"},"content":{"rendered":"<p>Jei ne\u017einote, kaip pirkti &#8222;Saturday Lotto Australia&#8221; bilietus internetu, nor\u0117site susipa\u017einti su \u0161iuo \u017eingsnis po \u017eingsnio vadovu, kuris pad\u0117s jums tai padaryti greitai. Jums nereik\u0117s d\u0117l nieko nerimauti, nes mes jums pad\u0117sime.<br \/>\n<a href=\"https:\/\/redfoxlotto.com\/play\/saturday-lotto-au\/?ref=a8564250a2&amp;medium=ol365\" target=\"_blank\" rel=\"noopener noreferrer\"><img decoding=\"async\" class=\"aligncenter\" src=\"https:\/\/redfoxlotto.com\/image?size=8&amp;lottery=saturday-lotto-au\" alt=\"Saturday Lotto Australia\" \/><\/a><\/p>\n<ul>\n<li>Eikite \u012f &#8222;Saturday Lotto Australia&#8221; puslap\u012f ir pasirinkite skai\u010dius, kuriuos norite \u017eaisti ant kiekvieno i\u0161 savo biliet\u0173.<\/li>\n<li>Prid\u0117kite daugiau to paties \u017eaidimo arba skirting\u0173 \u017eaidim\u0173 biliet\u0173<\/li>\n<li>Eikite \u012f mok\u0117jimo dabar parinkt\u012f<\/li>\n<li>Prisijunkite prie savo dabartin\u0117s paskyros arba pasirinkite parinkt\u012f u\u017esiregistruoti nauj\u0105 paskyr\u0105 ir vykdykite nurodymus.<\/li>\n<li>Nauj\u0173 paskyr\u0173 atveju b\u016btinai patikrinkite savo el. pa\u0161to d\u0117\u017eut\u0119, ar gausite patvirtinimo el. lai\u0161k\u0105 su patvirtinimo nuoroda.<\/li>\n<li>Jei nematote patvirtinimo lai\u0161ko, patikrinkite nepageidaujam\u0173 lai\u0161k\u0173 aplank\u0105 ir spustel\u0117kite nuorod\u0105<\/li>\n<li>Eikite \u012f pirkini\u0173 krep\u0161el\u012f<\/li>\n<li>Pasirinkite mok\u0117jimo b\u016bd\u0105, kur\u012f norite naudoti, ir pereikite mok\u0117jimo proces\u0105<\/li>\n<\/ul>\n<h2>Kaip sumok\u0117ti u\u017e &#8222;Saturday Lotto Australia&#8221; biliet\u0105 internetu<\/h2>\n<p>Kai b\u016bsite pasiruo\u0161\u0119 \u012fsigyti kitus loterijos bilietus i\u0161 Lietuvos, galite naudoti vien\u0105 i\u0161 daugelio skirting\u0173 saugi\u0173 mok\u0117jimo b\u016bd\u0173.<br \/>\nPasirinkite vien\u0105 i\u0161 \u0161i\u0173 skirting\u0173 parink\u010di\u0173:<\/p>\n<p>Apmok\u0117kite u\u017e u\u017esakym\u0105 tiesiai per pageidaujam\u0105 mok\u0117jimo b\u016bd\u0105<br \/>\nPervesti pinigus \u012f savo s\u0105skait\u0105 ir naudoti juos biliet\u0173 pirkimui<\/p>\n<p>Jei nuspr\u0119site \u012fd\u0117ti pinig\u0173 \u012f savo s\u0105skait\u0105, \u012fsitikinkite, kad pirkiniui reikia daugiau nei pakankamai pinig\u0173.<\/p>\n<h2>Daugiau informacijos apie Saturday Lotto Australia<\/h2>\n<ul>\n<li>\u0160alis: Australija<\/li>\n<li>Pagrindini\u0173 skai\u010di\u0173 intervalas: 45<\/li>\n<li>J\u016bs renkat\u0117s: 6<\/li>\n<li>Traukimo dienos, valandos: \u0160e\u0161tadienis, 21:30 GMT+11, 10:30 CET<\/li>\n<li>Minimalus laim\u0117jimas: Australijos doleri\u0173.<\/li>\n<li>Did\u017eiausias prizas: 5 AUA $: AU$ 150 mln.<\/li>\n<li>Tikimyb\u0117 laim\u0117ti pagrindin\u012f priz\u0105: 1 i\u0161 8145060<\/li>\n<li>2 lygio laim\u0117jimo tikimyb\u0117: 1 i\u0161 678755<\/li>\n<li>Tikimyb\u0117 laim\u0117ti bet kuriame lygyje: 1 i\u0161 85,44<\/li>\n<li>Priz\u0173 pakop\u0173 skai\u010dius: 6<\/li>\n<\/ul>\n<h2>Privalumai perkant Saturday Lotto Australia bilietus internetu<\/h2>\n<ul>\n<li>Gaukite norimus bilietus ir niekada nei\u0161eikite pro duris<\/li>\n<li>I\u0161sirinkite i\u0161 daugyb\u0117s skirting\u0173 loterijos \u017eaidim\u0173<\/li>\n<li>Didesn\u0117 tikimyb\u0117 laim\u0117ti, jei renkat\u0117s did\u017eiausius prizus<\/li>\n<li>Perveskite pinigus \u012f s\u0105skait\u0105, o tada sumok\u0117kite u\u017e bilietus<\/li>\n<li>Lengvai sekite savo bilietus<\/li>\n<li>Kaskart gaukite prane\u0161imus apie laim\u0117jim\u0105<\/li>\n<li>Naudokite greit\u0105j\u012f pasirinkim\u0105, kad gautum\u0117te bilietus nerinkdami skai\u010di\u0173<\/li>\n<\/ul>\n<h2>Ar teis\u0117ta pirkti &#8222;Saturday Lotto Australia&#8221; bilietus internetu?<\/h2>\n<p>Gali b\u016bti, kad nerimaujate d\u0117l to, ar perkant loterijos bilietus tokiu b\u016bdu, kol gyvenate Lietuvoje, i\u0161 ties\u0173 tai yra teis\u0117ta j\u016bs\u0173 gyvenamojoje \u0161alyje. K\u0105 gi, jums nereikia nerimauti, nes mes pasir\u016bpiname, kad viskas b\u016bt\u0173 teis\u0117ta pagal \u0161al\u012f, kurioje perkami bilietai, \u012fskaitant \u0161al\u012f, kurioje \u012fsik\u016brusi loterija. Jums nereikia r\u016bpintis niekuo, i\u0161skyrus tai, kad \u012fsitikintum\u0117te, jog esate pakankamai teis\u0117tai pilnametis, kad gal\u0117tum\u0117te pirkti bilietus. Kad gal\u0117tum\u0117te naudotis m\u016bs\u0173 svetaine, jums turi b\u016bti 18 met\u0173.<\/p>\n<h2>Kaip man sumok\u0117ti, jei laim\u0117siu &#8222;Saturday Lotto Australia&#8221; internetu?<\/h2>\n<p><img loading=\"lazy\" decoding=\"async\" class=\"alignright wp-image-3694\" src=\"https:\/\/onlinelotto365.com\/wp-content\/uploads\/2020\/11\/online_lottery-11-300x300.jpeg\" alt=\"pirkti bilietus saturday lotto internetu\" width=\"187\" height=\"187\" srcset=\"https:\/\/onlinelotto365.com\/wp-content\/uploads\/2020\/11\/online_lottery-11-300x300.jpeg 300w, https:\/\/onlinelotto365.com\/wp-content\/uploads\/2020\/11\/online_lottery-11-100x100.jpeg 100w, https:\/\/onlinelotto365.com\/wp-content\/uploads\/2020\/11\/online_lottery-11-150x150.jpeg 150w, https:\/\/onlinelotto365.com\/wp-content\/uploads\/2020\/11\/online_lottery-11.jpeg 480w\" sizes=\"auto, (max-width: 187px) 100vw, 187px\" \/><br \/>\nMes \u017einome, kad nenorite, jog kas nors pasiimt\u0173 dal\u012f j\u016bs\u0173 laim\u0117jimo, tod\u0117l pasir\u016bpiname, kad to neb\u016bt\u0173. Niekada nemok\u0117site mums komisini\u0173, kai laim\u0117site savo m\u0117gstamus loterijos \u017eaidimus. Jums taip pat nereikia nerimauti, kad mok\u0117site mums komisinius nuo laim\u0117jim\u0173.<\/p>\n<p>Komisin\u012f mokest\u012f mok\u0117site tik tuo atveju, jei pasirinksite, kad loterijos laim\u0117jimas b\u016bt\u0173 pervestas banko pavedimu, pavyzd\u017eiui, \u012f bank\u0105 Lietuvoje. U\u017e \u0161iuos bankinius pervedimus mums kartais gali tekti mok\u0117ti mokes\u010dius, nes bankai taiko mokes\u010dius u\u017e tarptautinius pervedimus. \u0160is mokestis gali b\u016bti perkeltas jums ir i\u0161skai\u010diuotas i\u0161 j\u016bs\u0173 laim\u0117jimo.<br \/>\n<strong>Kai kalbama apie i\u0161mok\u0173 gavim\u0105, jums tereikia nepamir\u0161ti:<\/strong><\/p>\n<ul>\n<li>Ma\u017eesni nei 2500 eur\u0173 mok\u0117jimai pervedami \u012f j\u016bs\u0173 s\u0105skait\u0105. Jums nieko nereikia daryti, nes visk\u0105 u\u017e jus padarysime mes.<\/li>\n<li>Didesn\u0117s nei 2500 \u20ac i\u0161mokos i\u0161mokamos banko pavedimu arba \u010dekiu. Su jumis susisieks m\u016bs\u0173 palaikymo komanda, kad u\u017epildytum\u0117te form\u0105, kuri leis mums su\u017einoti, kaip jums pervesti pinigus. Tada jums tereik\u0117s kelias dienas palaukti, kol jie bus gauti.<\/li>\n<\/ul>\n","protected":false},"excerpt":{"rendered":"<p>Jei ne\u017einote, kaip pirkti &#8222;Saturday Lotto Australia&#8221; bilietus internetu, nor\u0117site susipa\u017einti su \u0161iuo \u017eingsnis po \u017eingsnio vadovu, kuris pad\u0117s jums tai padaryti greitai. Jums nereik\u0117s d\u0117l nieko nerimauti, nes mes jums pad\u0117sime. Eikite \u012f &#8222;Saturday Lotto Australia&#8221; puslap\u012f ir pasirinkite skai\u010dius, kuriuos norite \u017eaisti ant kiekvieno i\u0161 savo biliet\u0173. Prid\u0117kite daugiau to paties \u017eaidimo arba [&hellip;]<\/p>\n","protected":false},"author":1,"featured_media":0,"parent":5656,"menu_order":15,"comment_status":"closed","ping_status":"closed","template":"saturday-lotto-info.php","meta":{"_et_pb_use_builder":"","_et_pb_old_content":"","_et_gb_content_width":"","exclude_from_search":false,"footnotes":""},"class_list":["post-80581","page","type-page","status-publish","hentry"],"yoast_head":"<!-- This site is optimized with the Yoast SEO plugin v23.4 - https:\/\/yoast.com\/wordpress\/plugins\/seo\/ -->\n<title>Kaip gauti bilietus Saturday Lotto Australia, jei esate Lietuvos gyventojas<\/title>\n<meta name=\"description\" content=\"Lietuvos gyventojai dabar gali \u012fsigyti \u0161e\u0161tadienio Lotto Australia bilietus\" \/>\n<meta name=\"robots\" content=\"index, follow, max-snippet:-1, max-image-preview:large, max-video-preview:-1\" \/>\n<link rel=\"canonical\" href=\"https:\/\/onlinelotto365.com\/lt\/pirkti-bilietus\/saturday-lotto-australia\/\" \/>\n<meta property=\"og:locale\" content=\"lt_LT\" \/>\n<meta property=\"og:type\" content=\"article\" \/>\n<meta property=\"og:title\" content=\"Kaip gauti bilietus Saturday Lotto Australia, jei esate Lietuvos gyventojas\" \/>\n<meta property=\"og:description\" content=\"Lietuvos gyventojai dabar gali \u012fsigyti \u0161e\u0161tadienio Lotto Australia bilietus\" \/>\n<meta property=\"og:url\" content=\"https:\/\/onlinelotto365.com\/lt\/pirkti-bilietus\/saturday-lotto-australia\/\" \/>\n<meta property=\"og:site_name\" content=\"OnlineLotto365\" \/>\n<meta property=\"og:image\" content=\"https:\/\/redfoxlotto.com\/image?size=8&amp;lottery=saturday-lotto-au\" \/>\n<meta name=\"twitter:card\" content=\"summary_large_image\" \/>\n<meta name=\"twitter:label1\" content=\"Est. reading time\" \/>\n\t<meta name=\"twitter:data1\" content=\"3 minut\u0117s\" \/>\n<script type=\"application\/ld+json\" class=\"yoast-schema-graph\">{\"@context\":\"https:\/\/schema.org\",\"@graph\":[{\"@type\":\"WebPage\",\"@id\":\"https:\/\/onlinelotto365.com\/lt\/pirkti-bilietus\/saturday-lotto-australia\/\",\"url\":\"https:\/\/onlinelotto365.com\/lt\/pirkti-bilietus\/saturday-lotto-australia\/\",\"name\":\"Kaip gauti bilietus Saturday Lotto Australia, jei esate Lietuvos gyventojas\",\"isPartOf\":{\"@id\":\"https:\/\/onlinelotto365.com\/lt\/#website\"},\"primaryImageOfPage\":{\"@id\":\"https:\/\/onlinelotto365.com\/lt\/pirkti-bilietus\/saturday-lotto-australia\/#primaryimage\"},\"image\":{\"@id\":\"https:\/\/onlinelotto365.com\/lt\/pirkti-bilietus\/saturday-lotto-australia\/#primaryimage\"},\"thumbnailUrl\":\"https:\/\/redfoxlotto.com\/image?size=8&amp;lottery=saturday-lotto-au\",\"datePublished\":\"2022-11-21T12:57:52+00:00\",\"dateModified\":\"2022-11-21T12:57:52+00:00\",\"description\":\"Lietuvos gyventojai dabar gali \u012fsigyti \u0161e\u0161tadienio Lotto Australia bilietus\",\"breadcrumb\":{\"@id\":\"https:\/\/onlinelotto365.com\/lt\/pirkti-bilietus\/saturday-lotto-australia\/#breadcrumb\"},\"inLanguage\":\"lt-LT\",\"potentialAction\":[{\"@type\":\"ReadAction\",\"target\":[\"https:\/\/onlinelotto365.com\/lt\/pirkti-bilietus\/saturday-lotto-australia\/\"]}]},{\"@type\":\"ImageObject\",\"inLanguage\":\"lt-LT\",\"@id\":\"https:\/\/onlinelotto365.com\/lt\/pirkti-bilietus\/saturday-lotto-australia\/#primaryimage\",\"url\":\"https:\/\/redfoxlotto.com\/image?size=8&amp;lottery=saturday-lotto-au\",\"contentUrl\":\"https:\/\/redfoxlotto.com\/image?size=8&amp;lottery=saturday-lotto-au\"},{\"@type\":\"BreadcrumbList\",\"@id\":\"https:\/\/onlinelotto365.com\/lt\/pirkti-bilietus\/saturday-lotto-australia\/#breadcrumb\",\"itemListElement\":[{\"@type\":\"ListItem\",\"position\":1,\"name\":\"Home\",\"item\":\"https:\/\/onlinelotto365.com\/lt\/\"},{\"@type\":\"ListItem\",\"position\":2,\"name\":\"Internetin\u0117 biliet\u0173 paslauga tarptautiniams loto renginiams\",\"item\":\"https:\/\/onlinelotto365.com\/lt\/pirkti-bilietus\/\"},{\"@type\":\"ListItem\",\"position\":3,\"name\":\"Kaip pirkti \u0161e\u0161tadienio Lotto Australia bilietus internetu\"}]},{\"@type\":\"WebSite\",\"@id\":\"https:\/\/onlinelotto365.com\/lt\/#website\",\"url\":\"https:\/\/onlinelotto365.com\/lt\/\",\"name\":\"OnlineLotto365\",\"description\":\"\",\"potentialAction\":[{\"@type\":\"SearchAction\",\"target\":{\"@type\":\"EntryPoint\",\"urlTemplate\":\"https:\/\/onlinelotto365.com\/lt\/?s={search_term_string}\"},\"query-input\":{\"@type\":\"PropertyValueSpecification\",\"valueRequired\":true,\"valueName\":\"search_term_string\"}}],\"inLanguage\":\"lt-LT\"}]}<\/script>\n<!-- \/ Yoast SEO plugin. -->","yoast_head_json":{"title":"Kaip gauti bilietus Saturday Lotto Australia, jei esate Lietuvos gyventojas","description":"Lietuvos gyventojai dabar gali \u012fsigyti \u0161e\u0161tadienio Lotto Australia bilietus","robots":{"index":"index","follow":"follow","max-snippet":"max-snippet:-1","max-image-preview":"max-image-preview:large","max-video-preview":"max-video-preview:-1"},"canonical":"https:\/\/onlinelotto365.com\/lt\/pirkti-bilietus\/saturday-lotto-australia\/","og_locale":"lt_LT","og_type":"article","og_title":"Kaip gauti bilietus Saturday Lotto Australia, jei esate Lietuvos gyventojas","og_description":"Lietuvos gyventojai dabar gali \u012fsigyti \u0161e\u0161tadienio Lotto Australia bilietus","og_url":"https:\/\/onlinelotto365.com\/lt\/pirkti-bilietus\/saturday-lotto-australia\/","og_site_name":"OnlineLotto365","og_image":[{"url":"https:\/\/redfoxlotto.com\/image?size=8&amp;lottery=saturday-lotto-au"}],"twitter_card":"summary_large_image","twitter_misc":{"Est. reading time":"3 minut\u0117s"},"schema":{"@context":"https:\/\/schema.org","@graph":[{"@type":"WebPage","@id":"https:\/\/onlinelotto365.com\/lt\/pirkti-bilietus\/saturday-lotto-australia\/","url":"https:\/\/onlinelotto365.com\/lt\/pirkti-bilietus\/saturday-lotto-australia\/","name":"Kaip gauti bilietus Saturday Lotto Australia, jei esate Lietuvos gyventojas","isPartOf":{"@id":"https:\/\/onlinelotto365.com\/lt\/#website"},"primaryImageOfPage":{"@id":"https:\/\/onlinelotto365.com\/lt\/pirkti-bilietus\/saturday-lotto-australia\/#primaryimage"},"image":{"@id":"https:\/\/onlinelotto365.com\/lt\/pirkti-bilietus\/saturday-lotto-australia\/#primaryimage"},"thumbnailUrl":"https:\/\/redfoxlotto.com\/image?size=8&amp;lottery=saturday-lotto-au","datePublished":"2022-11-21T12:57:52+00:00","dateModified":"2022-11-21T12:57:52+00:00","description":"Lietuvos gyventojai dabar gali \u012fsigyti \u0161e\u0161tadienio Lotto Australia bilietus","breadcrumb":{"@id":"https:\/\/onlinelotto365.com\/lt\/pirkti-bilietus\/saturday-lotto-australia\/#breadcrumb"},"inLanguage":"lt-LT","potentialAction":[{"@type":"ReadAction","target":["https:\/\/onlinelotto365.com\/lt\/pirkti-bilietus\/saturday-lotto-australia\/"]}]},{"@type":"ImageObject","inLanguage":"lt-LT","@id":"https:\/\/onlinelotto365.com\/lt\/pirkti-bilietus\/saturday-lotto-australia\/#primaryimage","url":"https:\/\/redfoxlotto.com\/image?size=8&amp;lottery=saturday-lotto-au","contentUrl":"https:\/\/redfoxlotto.com\/image?size=8&amp;lottery=saturday-lotto-au"},{"@type":"BreadcrumbList","@id":"https:\/\/onlinelotto365.com\/lt\/pirkti-bilietus\/saturday-lotto-australia\/#breadcrumb","itemListElement":[{"@type":"ListItem","position":1,"name":"Home","item":"https:\/\/onlinelotto365.com\/lt\/"},{"@type":"ListItem","position":2,"name":"Internetin\u0117 biliet\u0173 paslauga tarptautiniams loto renginiams","item":"https:\/\/onlinelotto365.com\/lt\/pirkti-bilietus\/"},{"@type":"ListItem","position":3,"name":"Kaip pirkti \u0161e\u0161tadienio Lotto Australia bilietus internetu"}]},{"@type":"WebSite","@id":"https:\/\/onlinelotto365.com\/lt\/#website","url":"https:\/\/onlinelotto365.com\/lt\/","name":"OnlineLotto365","description":"","potentialAction":[{"@type":"SearchAction","target":{"@type":"EntryPoint","urlTemplate":"https:\/\/onlinelotto365.com\/lt\/?s={search_term_string}"},"query-input":{"@type":"PropertyValueSpecification","valueRequired":true,"valueName":"search_term_string"}}],"inLanguage":"lt-LT"}]}},"_links":{"self":[{"href":"https:\/\/onlinelotto365.com\/lt\/wp-json\/wp\/v2\/pages\/80581","targetHints":{"allow":["GET"]}}],"collection":[{"href":"https:\/\/onlinelotto365.com\/lt\/wp-json\/wp\/v2\/pages"}],"about":[{"href":"https:\/\/onlinelotto365.com\/lt\/wp-json\/wp\/v2\/types\/page"}],"author":[{"embeddable":true,"href":"https:\/\/onlinelotto365.com\/lt\/wp-json\/wp\/v2\/users\/1"}],"replies":[{"embeddable":true,"href":"https:\/\/onlinelotto365.com\/lt\/wp-json\/wp\/v2\/comments?post=80581"}],"version-history":[{"count":0,"href":"https:\/\/onlinelotto365.com\/lt\/wp-json\/wp\/v2\/pages\/80581\/revisions"}],"up":[{"embeddable":true,"href":"https:\/\/onlinelotto365.com\/lt\/wp-json\/wp\/v2\/pages\/5656"}],"wp:attachment":[{"href":"https:\/\/onlinelotto365.com\/lt\/wp-json\/wp\/v2\/media?parent=80581"}],"curies":[{"name":"wp","href":"https:\/\/api.w.org\/{rel}","templated":true}]}}