{"id":80606,"date":"2022-11-22T08:07:23","date_gmt":"2022-11-22T07:07:23","guid":{"rendered":"https:\/\/onlinelotto365.com\/?page_id=80606"},"modified":"2022-11-22T08:07:23","modified_gmt":"2022-11-22T07:07:23","slug":"mon-wed-lotto","status":"publish","type":"page","link":"https:\/\/onlinelotto365.com\/lt\/pirkti-bilietus\/mon-wed-lotto\/","title":{"rendered":"Kaip pirkti Mon &#038; Wed Lotto Australia bilietus internetu"},"content":{"rendered":"<p>Mes apra\u0161\u0117me \u012fvairius veiksmus, kuri\u0173 turite laikytis, jei norite \u012fsigyti &#8222;Mon &amp; Wed Lotto Australia&#8221; bilietus i\u0161 m\u016bs\u0173 svetain\u0117s. Tai paprasta ir lengva, o atlik\u0119 \u0161iuos \u017eingsnius pamatysite, kad bilietai bus paruo\u0161ti greitai.<br \/>\n<a href=\"https:\/\/redfoxlotto.com\/play\/monday-wednesday-lotto-au\/?ref=a8564250a2&amp;medium=ol365\" target=\"_blank\" rel=\"noopener noreferrer\"><img decoding=\"async\" class=\"aligncenter\" src=\"https:\/\/redfoxlotto.com\/image?size=8&amp;lottery=monday-wednesday-lotto-au\" alt=\"Mon &amp; Wed Lotto Australia\" \/><\/a><\/p>\n<ul>\n<li>Eikite \u012f loterijos, kuri\u0105 norite \u017eaisti, puslap\u012f ir pasirinkite skai\u010dius, kuriuos ketinate \u017eaisti ant kiekvieno bilieto.<\/li>\n<li>Prid\u0117kite tiek \u0161io ar bet kurio kito \u017eaidimo biliet\u0173, kiek norite, kad sukurtum\u0117te u\u017esakym\u0105<\/li>\n<li>Pasirinkite galimyb\u0119 mok\u0117ti dabar<\/li>\n<li>Prisijunkite prie esamos paskyros arba atlikite naujos paskyros k\u016brimo ir registravimo proces\u0105<\/li>\n<li>Eikite \u012f savo el. pa\u0161t\u0105 ir gaukite patvirtinimo nuorod\u0105, kad gal\u0117tum\u0117te u\u017eregistruoti savo paskyr\u0105 ir atlikti pirkim\u0105<\/li>\n<li>Patikrinkite nepageidaujam\u0173 lai\u0161k\u0173 aplank\u0105, kad su\u017einotum\u0117te, ar lai\u0161kas nebuvo i\u0161si\u0173stas ten per klaid\u0105, jei jo nematote savo pa\u0161to d\u0117\u017eut\u0117je<\/li>\n<li>Eikite per kasos proces\u0105 savo pirkini\u0173 krep\u0161elyje<\/li>\n<li>Pasirinkite mok\u0117jimo b\u016bd\u0105, kur\u012f norite naudoti, ir vadovaukit\u0117s instrukcijomis, kad atliktum\u0117te mok\u0117jim\u0105<\/li>\n<\/ul>\n<h2>Kaip sumok\u0117ti u\u017e &#8222;Mon &amp; Wed Lotto Australia&#8221; biliet\u0105 internetu<\/h2>\n<p>Kai reikia atlikti mok\u0117jim\u0105, turite kelias skirtingas visi\u0161kai saugias galimybes. Viskas, k\u0105 jums reikia padaryti, tai pa\u017evelgti \u010dia ir pamatyti, kokios bus kai kurios i\u0161 \u0161i\u0173 galimybi\u0173.<br \/>\nGaukite bilietus pasirink\u0119 vien\u0105 i\u0161 dviej\u0173 variant\u0173:<\/p>\n<p>Mok\u0117kite tiesiogiai pasirinktu mok\u0117jimo b\u016bdu<br \/>\n\u012eveskite pinig\u0173 \u012f \u017eaid\u0117jo s\u0105skait\u0105 ir naudokite j\u0105 bilietams \u012fsigyti<\/p>\n<p>Nedarykite klaidos, jei \u012f savo s\u0105skait\u0105 \u012fne\u0161ite per ma\u017eai pinig\u0173, kad gal\u0117tum\u0117te sumok\u0117ti u\u017e bilietus. Jums reikia \u0161iek tiek daugiau nei suma, esanti j\u016bs\u0173 krep\u0161elyje.<\/p>\n<h2>Daugiau informacijos apie &#8222;Mon &amp; Wed Lotto Australia<\/h2>\n<ul>\n<li>Australija<\/li>\n<li>Pagrindini\u0173 skai\u010di\u0173 intervalas: 45<\/li>\n<li>J\u016bs renkat\u0117s: 6<\/li>\n<li>Traukimo dienos, valandos: Pirmadienis, tre\u010diadienis, 21:30 GMT+11, 10:30 CET<\/li>\n<li>Minimalus prizas: Australijos doleri\u0173.<\/li>\n<li>Did\u017eiausias prizas: fiksuotas prizas<\/li>\n<li>Tikimyb\u0117 laim\u0117ti pagrindin\u012f priz\u0105: 1 i\u0161 8145060<\/li>\n<li>2 lygio laim\u0117jimo tikimyb\u0117: Tikimyb\u0117 laim\u0117ti aukso puod\u0105: 1 i\u0161 678755<\/li>\n<li>Tikimyb\u0117 laim\u0117ti bet kuriame lygyje: 1 i\u0161 85,44<\/li>\n<li>Laim\u0117jimo pakop\u0173 skai\u010dius: 6<\/li>\n<\/ul>\n<h2>Privalumai perkant Mon &amp; Wed Lotto Australia bilietus internetu<\/h2>\n<ul>\n<li>Gaukite loto bilietus i\u0161 nam\u0173, nesir\u016bpindami, kad i\u0161eitum\u0117te i\u0161 nam\u0173<\/li>\n<li>Rinkit\u0117s i\u0161 vis\u0173 savo m\u0117gstam\u0173 biliet\u0173 ir dar daugiau<\/li>\n<li>Gaukite geresnius \u0161ansus rinkdamiesi \u017eaidimus su did\u017eiausiomis pagrindinio prizo sumomis<\/li>\n<li>Naudokite savo s\u0105skaitos likut\u012f bilietams \u012fsigyti \u012fne\u0161dami pinigus<\/li>\n<li>Sekite savo bilietus naudodamiesi internetine paskyra<\/li>\n<li>Gaukite prane\u0161imus, kai turite laiming\u0105 biliet\u0105<\/li>\n<li>Naudokit\u0117s atsitiktini\u0173 skai\u010di\u0173 generatoriumi, kad i\u0161sirinktum\u0117te bilietus<\/li>\n<\/ul>\n<h2>Ar teis\u0117ta pirkti &#8222;Mon &amp; Wed Lotto Australia&#8221; bilietus internetu?<\/h2>\n<p>Daugelis \u017emoni\u0173 nerimauja, kad biliet\u0173 pirkimas internetu yra neteis\u0117tas arba kad j\u0173 pirkimas tradiciniu b\u016bdu gali b\u016bti neteis\u0117tas j\u0173 \u0161alyje. Mes u\u017etikriname, kad b\u016bt\u0173 laikomasi vis\u0173 \u0161alies, i\u0161 kurios yra kilusi pati loterija, taisykli\u0173. Taip pat pasir\u016bpinsime, kad gautum\u0117te savo loterijos laim\u0117jim\u0105. Nesvarbu, ar laim\u0117jote nedidel\u012f, ar didel\u012f priz\u0105, mes pad\u0117sime jums gauti tai, ko ie\u0161kote ir \u012f k\u0105 turite teis\u0119.<br \/>\nVisi m\u016bs\u0173 svetain\u0117s naudotojai turi b\u016bti ne jaunesni kaip 18 met\u0173.<\/p>\n<h2>Kaip gauti i\u0161mok\u0105, jei laim\u0117jau &#8222;Mon &amp; Wed Lotto Australia&#8221; internete?<\/h2>\n<p><img loading=\"lazy\" decoding=\"async\" class=\"alignright wp-image-3685\" src=\"https:\/\/onlinelotto365.com\/wp-content\/uploads\/2020\/11\/online_lottery-4-300x192.jpeg\" alt=\"mon wed lotto australia internetu\" width=\"255\" height=\"163\" srcset=\"https:\/\/onlinelotto365.com\/wp-content\/uploads\/2020\/11\/online_lottery-4-300x192.jpeg 300w, https:\/\/onlinelotto365.com\/wp-content\/uploads\/2020\/11\/online_lottery-4-600x383.jpeg 600w, https:\/\/onlinelotto365.com\/wp-content\/uploads\/2020\/11\/online_lottery-4.jpeg 751w\" sizes=\"auto, (max-width: 255px) 100vw, 255px\" \/><br \/>\nGauti laim\u0117jimus m\u016bs\u0173 klientams yra svarbiausia proceso dalis, o mes tai darome u\u017etikrindami, kad neb\u016bt\u0173 joki\u0173 komisini\u0173. Jums nereikia nerimauti, kad mes k\u0105 nors paimsime i\u0161 j\u016bs\u0173 laim\u0117jimo, nebent pasirinksite atlikti banko pavedim\u0105.<br \/>\n\u0160is mok\u0117jimo b\u016bdas, ypa\u010d kai atliekamas kaip tarptautin\u0117 operacija, gali mums kainuoti, kai bankas ima mokes\u010dius. Tokiu atveju i\u0161laidos gali b\u016bti perkeltos jums ir i\u0161skai\u010diuotos i\u0161 j\u016bs\u0173 laim\u0117jimo.<br \/>\nMok\u0117jimai atliekami dviem skirtingais b\u016bdais.<\/p>\n<ul>\n<li>Mok\u0117jimai, kuri\u0173 suma nevir\u0161ija 2500 EUR, bus atliekami be j\u016bs\u0173 ind\u0117lio. M\u016bs\u0173 komanda pasir\u016bpins, kad pinigai b\u016bt\u0173 pervesti tiesiai \u012f j\u016bs\u0173 s\u0105skait\u0105.<\/li>\n<li>Laim\u0117jimai, kuri\u0173 suma vir\u0161ija 2500 \u20ac, tvarkomi kitu b\u016bdu. \u0160ias sumas reikia tvarkyti su loterijos komisija, o tai rei\u0161kia, kad mums reikia u\u017epildyti pra\u0161ymo form\u0105. Mes atsi\u0173sime form\u0105 jums, o jums tereik\u0117s j\u0105 u\u017epildyti ir prane\u0161ti, ar norite gauti pinigus banko pavedimu, ar \u010dekiu.<\/li>\n<\/ul>\n","protected":false},"excerpt":{"rendered":"<p>Mes apra\u0161\u0117me \u012fvairius veiksmus, kuri\u0173 turite laikytis, jei norite \u012fsigyti &#8222;Mon &amp; Wed Lotto Australia&#8221; bilietus i\u0161 m\u016bs\u0173 svetain\u0117s. Tai paprasta ir lengva, o atlik\u0119 \u0161iuos \u017eingsnius pamatysite, kad bilietai bus paruo\u0161ti greitai. Eikite \u012f loterijos, kuri\u0105 norite \u017eaisti, puslap\u012f ir pasirinkite skai\u010dius, kuriuos ketinate \u017eaisti ant kiekvieno bilieto. Prid\u0117kite tiek \u0161io ar bet kurio [&hellip;]<\/p>\n","protected":false},"author":1,"featured_media":0,"parent":5656,"menu_order":16,"comment_status":"closed","ping_status":"closed","template":"template-rightsidebar.php","meta":{"_et_pb_use_builder":"","_et_pb_old_content":"","_et_gb_content_width":"","exclude_from_search":false,"footnotes":""},"class_list":["post-80606","page","type-page","status-publish","hentry"],"yoast_head":"<!-- This site is optimized with the Yoast SEO plugin v23.4 - https:\/\/yoast.com\/wordpress\/plugins\/seo\/ -->\n<title>Biliet\u0173 pirkimas internetu Mon &amp; Wed Lotto Australia<\/title>\n<meta name=\"description\" content=\"Nesvarbu, kur gyvenate, ir dabar nesvarbu, ko ie\u0161kote, bilietus Mon &amp; Wed Lotto Australia galite \u012fsigyti \u010dia!\" \/>\n<meta name=\"robots\" content=\"index, follow, max-snippet:-1, max-image-preview:large, max-video-preview:-1\" \/>\n<link rel=\"canonical\" href=\"https:\/\/onlinelotto365.com\/lt\/pirkti-bilietus\/mon-wed-lotto\/\" \/>\n<meta property=\"og:locale\" content=\"lt_LT\" \/>\n<meta property=\"og:type\" content=\"article\" \/>\n<meta property=\"og:title\" content=\"Biliet\u0173 pirkimas internetu Mon &amp; Wed Lotto Australia\" \/>\n<meta property=\"og:description\" content=\"Nesvarbu, kur gyvenate, ir dabar nesvarbu, ko ie\u0161kote, bilietus Mon &amp; Wed Lotto Australia galite \u012fsigyti \u010dia!\" \/>\n<meta property=\"og:url\" content=\"https:\/\/onlinelotto365.com\/lt\/pirkti-bilietus\/mon-wed-lotto\/\" \/>\n<meta property=\"og:site_name\" content=\"OnlineLotto365\" \/>\n<meta property=\"og:image\" content=\"https:\/\/redfoxlotto.com\/image?size=8&amp;lottery=monday-wednesday-lotto-au\" \/>\n<meta name=\"twitter:card\" content=\"summary_large_image\" \/>\n<meta name=\"twitter:label1\" content=\"Est. reading time\" \/>\n\t<meta name=\"twitter:data1\" content=\"3 minut\u0117s\" \/>\n<script type=\"application\/ld+json\" class=\"yoast-schema-graph\">{\"@context\":\"https:\/\/schema.org\",\"@graph\":[{\"@type\":\"WebPage\",\"@id\":\"https:\/\/onlinelotto365.com\/lt\/pirkti-bilietus\/mon-wed-lotto\/\",\"url\":\"https:\/\/onlinelotto365.com\/lt\/pirkti-bilietus\/mon-wed-lotto\/\",\"name\":\"Biliet\u0173 pirkimas internetu Mon & Wed Lotto Australia\",\"isPartOf\":{\"@id\":\"https:\/\/onlinelotto365.com\/lt\/#website\"},\"primaryImageOfPage\":{\"@id\":\"https:\/\/onlinelotto365.com\/lt\/pirkti-bilietus\/mon-wed-lotto\/#primaryimage\"},\"image\":{\"@id\":\"https:\/\/onlinelotto365.com\/lt\/pirkti-bilietus\/mon-wed-lotto\/#primaryimage\"},\"thumbnailUrl\":\"https:\/\/redfoxlotto.com\/image?size=8&amp;lottery=monday-wednesday-lotto-au\",\"datePublished\":\"2022-11-22T07:07:23+00:00\",\"dateModified\":\"2022-11-22T07:07:23+00:00\",\"description\":\"Nesvarbu, kur gyvenate, ir dabar nesvarbu, ko ie\u0161kote, bilietus Mon & Wed Lotto Australia galite \u012fsigyti \u010dia!\",\"breadcrumb\":{\"@id\":\"https:\/\/onlinelotto365.com\/lt\/pirkti-bilietus\/mon-wed-lotto\/#breadcrumb\"},\"inLanguage\":\"lt-LT\",\"potentialAction\":[{\"@type\":\"ReadAction\",\"target\":[\"https:\/\/onlinelotto365.com\/lt\/pirkti-bilietus\/mon-wed-lotto\/\"]}]},{\"@type\":\"ImageObject\",\"inLanguage\":\"lt-LT\",\"@id\":\"https:\/\/onlinelotto365.com\/lt\/pirkti-bilietus\/mon-wed-lotto\/#primaryimage\",\"url\":\"https:\/\/redfoxlotto.com\/image?size=8&amp;lottery=monday-wednesday-lotto-au\",\"contentUrl\":\"https:\/\/redfoxlotto.com\/image?size=8&amp;lottery=monday-wednesday-lotto-au\"},{\"@type\":\"BreadcrumbList\",\"@id\":\"https:\/\/onlinelotto365.com\/lt\/pirkti-bilietus\/mon-wed-lotto\/#breadcrumb\",\"itemListElement\":[{\"@type\":\"ListItem\",\"position\":1,\"name\":\"Home\",\"item\":\"https:\/\/onlinelotto365.com\/lt\/\"},{\"@type\":\"ListItem\",\"position\":2,\"name\":\"Internetin\u0117 biliet\u0173 paslauga tarptautiniams loto renginiams\",\"item\":\"https:\/\/onlinelotto365.com\/lt\/pirkti-bilietus\/\"},{\"@type\":\"ListItem\",\"position\":3,\"name\":\"Kaip pirkti Mon &#038; Wed Lotto Australia bilietus internetu\"}]},{\"@type\":\"WebSite\",\"@id\":\"https:\/\/onlinelotto365.com\/lt\/#website\",\"url\":\"https:\/\/onlinelotto365.com\/lt\/\",\"name\":\"OnlineLotto365\",\"description\":\"\",\"potentialAction\":[{\"@type\":\"SearchAction\",\"target\":{\"@type\":\"EntryPoint\",\"urlTemplate\":\"https:\/\/onlinelotto365.com\/lt\/?s={search_term_string}\"},\"query-input\":{\"@type\":\"PropertyValueSpecification\",\"valueRequired\":true,\"valueName\":\"search_term_string\"}}],\"inLanguage\":\"lt-LT\"}]}<\/script>\n<!-- \/ Yoast SEO plugin. -->","yoast_head_json":{"title":"Biliet\u0173 pirkimas internetu Mon & Wed Lotto Australia","description":"Nesvarbu, kur gyvenate, ir dabar nesvarbu, ko ie\u0161kote, bilietus Mon & Wed Lotto Australia galite \u012fsigyti \u010dia!","robots":{"index":"index","follow":"follow","max-snippet":"max-snippet:-1","max-image-preview":"max-image-preview:large","max-video-preview":"max-video-preview:-1"},"canonical":"https:\/\/onlinelotto365.com\/lt\/pirkti-bilietus\/mon-wed-lotto\/","og_locale":"lt_LT","og_type":"article","og_title":"Biliet\u0173 pirkimas internetu Mon & Wed Lotto Australia","og_description":"Nesvarbu, kur gyvenate, ir dabar nesvarbu, ko ie\u0161kote, bilietus Mon & Wed Lotto Australia galite \u012fsigyti \u010dia!","og_url":"https:\/\/onlinelotto365.com\/lt\/pirkti-bilietus\/mon-wed-lotto\/","og_site_name":"OnlineLotto365","og_image":[{"url":"https:\/\/redfoxlotto.com\/image?size=8&amp;lottery=monday-wednesday-lotto-au"}],"twitter_card":"summary_large_image","twitter_misc":{"Est. reading time":"3 minut\u0117s"},"schema":{"@context":"https:\/\/schema.org","@graph":[{"@type":"WebPage","@id":"https:\/\/onlinelotto365.com\/lt\/pirkti-bilietus\/mon-wed-lotto\/","url":"https:\/\/onlinelotto365.com\/lt\/pirkti-bilietus\/mon-wed-lotto\/","name":"Biliet\u0173 pirkimas internetu Mon & Wed Lotto Australia","isPartOf":{"@id":"https:\/\/onlinelotto365.com\/lt\/#website"},"primaryImageOfPage":{"@id":"https:\/\/onlinelotto365.com\/lt\/pirkti-bilietus\/mon-wed-lotto\/#primaryimage"},"image":{"@id":"https:\/\/onlinelotto365.com\/lt\/pirkti-bilietus\/mon-wed-lotto\/#primaryimage"},"thumbnailUrl":"https:\/\/redfoxlotto.com\/image?size=8&amp;lottery=monday-wednesday-lotto-au","datePublished":"2022-11-22T07:07:23+00:00","dateModified":"2022-11-22T07:07:23+00:00","description":"Nesvarbu, kur gyvenate, ir dabar nesvarbu, ko ie\u0161kote, bilietus Mon & Wed Lotto Australia galite \u012fsigyti \u010dia!","breadcrumb":{"@id":"https:\/\/onlinelotto365.com\/lt\/pirkti-bilietus\/mon-wed-lotto\/#breadcrumb"},"inLanguage":"lt-LT","potentialAction":[{"@type":"ReadAction","target":["https:\/\/onlinelotto365.com\/lt\/pirkti-bilietus\/mon-wed-lotto\/"]}]},{"@type":"ImageObject","inLanguage":"lt-LT","@id":"https:\/\/onlinelotto365.com\/lt\/pirkti-bilietus\/mon-wed-lotto\/#primaryimage","url":"https:\/\/redfoxlotto.com\/image?size=8&amp;lottery=monday-wednesday-lotto-au","contentUrl":"https:\/\/redfoxlotto.com\/image?size=8&amp;lottery=monday-wednesday-lotto-au"},{"@type":"BreadcrumbList","@id":"https:\/\/onlinelotto365.com\/lt\/pirkti-bilietus\/mon-wed-lotto\/#breadcrumb","itemListElement":[{"@type":"ListItem","position":1,"name":"Home","item":"https:\/\/onlinelotto365.com\/lt\/"},{"@type":"ListItem","position":2,"name":"Internetin\u0117 biliet\u0173 paslauga tarptautiniams loto renginiams","item":"https:\/\/onlinelotto365.com\/lt\/pirkti-bilietus\/"},{"@type":"ListItem","position":3,"name":"Kaip pirkti Mon &#038; Wed Lotto Australia bilietus internetu"}]},{"@type":"WebSite","@id":"https:\/\/onlinelotto365.com\/lt\/#website","url":"https:\/\/onlinelotto365.com\/lt\/","name":"OnlineLotto365","description":"","potentialAction":[{"@type":"SearchAction","target":{"@type":"EntryPoint","urlTemplate":"https:\/\/onlinelotto365.com\/lt\/?s={search_term_string}"},"query-input":{"@type":"PropertyValueSpecification","valueRequired":true,"valueName":"search_term_string"}}],"inLanguage":"lt-LT"}]}},"_links":{"self":[{"href":"https:\/\/onlinelotto365.com\/lt\/wp-json\/wp\/v2\/pages\/80606","targetHints":{"allow":["GET"]}}],"collection":[{"href":"https:\/\/onlinelotto365.com\/lt\/wp-json\/wp\/v2\/pages"}],"about":[{"href":"https:\/\/onlinelotto365.com\/lt\/wp-json\/wp\/v2\/types\/page"}],"author":[{"embeddable":true,"href":"https:\/\/onlinelotto365.com\/lt\/wp-json\/wp\/v2\/users\/1"}],"replies":[{"embeddable":true,"href":"https:\/\/onlinelotto365.com\/lt\/wp-json\/wp\/v2\/comments?post=80606"}],"version-history":[{"count":0,"href":"https:\/\/onlinelotto365.com\/lt\/wp-json\/wp\/v2\/pages\/80606\/revisions"}],"up":[{"embeddable":true,"href":"https:\/\/onlinelotto365.com\/lt\/wp-json\/wp\/v2\/pages\/5656"}],"wp:attachment":[{"href":"https:\/\/onlinelotto365.com\/lt\/wp-json\/wp\/v2\/media?parent=80606"}],"curies":[{"name":"wp","href":"https:\/\/api.w.org\/{rel}","templated":true}]}}