{"id":80645,"date":"2022-11-22T10:21:40","date_gmt":"2022-11-22T09:21:40","guid":{"rendered":"https:\/\/onlinelotto365.com\/?page_id=80645"},"modified":"2022-11-22T10:21:40","modified_gmt":"2022-11-22T09:21:40","slug":"euromillions","status":"publish","type":"page","link":"https:\/\/onlinelotto365.com\/lt\/pirkti-bilietus\/euromillions\/","title":{"rendered":"Kaip pirkti &#8222;Euromillions&#8221; bilietus internetu"},"content":{"rendered":"<p>Ar norite pirkti &#8222;EuroMillions&#8221; bilietus kitam lo\u0161imui? Ar norite bilietus atsiimti tik internetu? Ar norite \u017eaisti loterijose, kuri\u0173 n\u0117ra Australijoje? Tuomet nor\u0117site atid\u017eiau susipa\u017einti su \u0161ia vieta, kur ap\u017evelgsime visus su tuo susijusius veiksmus. J\u016bs\u0173 laimei, prad\u0117ti yra labai paprasta.<br \/>\n<a href=\"https:\/\/redfoxlotto.com\/play\/euromillions\/?ref=a8564250a2&amp;medium=ol365\" target=\"_blank\" rel=\"noopener noreferrer\"><img decoding=\"async\" class=\"aligncenter\" src=\"https:\/\/redfoxlotto.com\/image?size=8&amp;lottery=euromillions\" alt=\"euromillions\" \/><\/a><\/p>\n<ul>\n<li>Pasirinkite loterij\u0105, kurioje norite \u017eaisti, ir pasirinkite norimus skai\u010dius arba pasirinkite greit\u0105j\u012f pasirinkim\u0105, kad kompiuteris juos parinkt\u0173 u\u017e jus.<\/li>\n<li>Prid\u0117kite dar daugiau loterijos \u017eaidim\u0173 ir daugiau biliet\u0173 bet kokiems \u017eaidimams net u\u017e Australijos rib\u0173, kad j\u016bs\u0173 u\u017esakymas atspind\u0117t\u0173 vis\u0105 norim\u0105 biliet\u0173 skai\u010di\u0173<\/li>\n<li>Pasirinkite mok\u0117jimo dabar parinkt\u012f<\/li>\n<li>Sukurkite ir u\u017eregistruokite savo paskyr\u0105 arba prisijunkite prie esamos nario paskyros, kad \u012fsigytum\u0117te bilietus<\/li>\n<li>Tiems, kuriems reikia u\u017esiregistruoti, patikrinkite, ar j\u016bs\u0173 el. lai\u0161ke n\u0117ra patvirtinimo nuorodos, kad gal\u0117tum\u0117te u\u017ebaigti proces\u0105<\/li>\n<li>Steb\u0117kite nepageidaujam\u0173 lai\u0161k\u0173 aplank\u0105, jei el. lai\u0161kas \u012f j\u012f atsi\u0173stas per klaid\u0105<\/li>\n<li>Patikrinkite savo el. pa\u0161t\u0105 ir spustel\u0117kite svetain\u0117s krep\u0161el\u012f<\/li>\n<li>Pasirinkite pageidaujam\u0105 mok\u0117jimo b\u016bd\u0105 ir vadovaudamiesi nurodymais sumok\u0117kite u\u017e bilietus<\/li>\n<\/ul>\n<h2>Kaip sumok\u0117ti u\u017e &#8222;EuroMillions&#8221; biliet\u0105 internetu<\/h2>\n<p>Apmok\u0117ti u\u017e &#8222;EuroMillions&#8221; bilietus internetu paprasta, nes yra daugyb\u0117 \u012fvairi\u0173 saugi\u0173 mok\u0117jimo b\u016bd\u0173. Tiesiog pasirinkite jums priimtiniausi\u0105.<br \/>\nPirkite bilietus ir sumok\u0117kite u\u017e juos atlikdami vien\u0105 i\u0161 toliau nurodyt\u0173 veiksm\u0173:<\/p>\n<p>Apmok\u0117kite u\u017e u\u017esakym\u0105 naudodamiesi mok\u0117jimo s\u0105skaita<br \/>\n\u012e \u017eaid\u0117jo s\u0105skait\u0105 \u012fveskite pinig\u0173 ir pirkite bilietus i\u0161 \u017eaid\u0117jo s\u0105skaitos<\/p>\n<p>Pasirinkusiems prid\u0117ti pinig\u0173 tiesiai \u012f \u017eaid\u0117jo s\u0105skait\u0105 tereikia \u012fsitikinti, kad j\u0173 turite daugiau nei pakankamai u\u017esakymui, kur\u012f ketinate atlikti.<\/p>\n<h2>Daugiau informacijos apie &#8222;EuroMillions<\/h2>\n<ul>\n<li>\u0160alis: \u012fvairios Europos \u0161alys<\/li>\n<li>Pagrindini\u0173 skai\u010di\u0173 diapazonas: 50<\/li>\n<li>J\u016bs renkat\u0117s: 5<\/li>\n<li>Papildomi skai\u010diai: 12<\/li>\n<li>J\u016bs renkat\u0117s: 2<\/li>\n<li>Traukimo dienos, valandos: Antradienis, penktadienis, 19:30 GMT, 20:30 CET<\/li>\n<li>Minimalus laim\u0117jimas: 17 milijon\u0173 eur\u0173<\/li>\n<li>Did\u017eiausias prizas: 190 mln. eur\u0173<\/li>\n<li>Tikimyb\u0117 laim\u0117ti pagrindin\u012f priz\u0105: 1 i\u0161 186450880<\/li>\n<li>Tikimyb\u0117 laim\u0117ti 2 lygio laim\u0117jim\u0105: 1 i\u0161 2118760.<\/li>\n<li>Tikimyb\u0117 laim\u0117ti bet kuriame lygyje: 1 i\u0161 12,98<\/li>\n<li>Priz\u0173 pakop\u0173 skai\u010dius: 13<\/li>\n<\/ul>\n<h2>&#8222;EuroMillions&#8221; biliet\u0173 pirkimo internetu privalumai<\/h2>\n<ul>\n<li>Nereikia i\u0161eiti i\u0161 nam\u0173, kad \u012fsigytum\u0117te norimus bilietus<\/li>\n<li>Galima rinktis i\u0161 keli\u0173 skirting\u0173 loterij\u0173<\/li>\n<li>Geresni laim\u0117jimo \u0161ansai renkantis \u017eaidimus su didesniais laim\u0117jimais<\/li>\n<li>Tiesiogiai \u012f savo s\u0105skait\u0105 \u012fmok\u0117kite pinig\u0173 ir naudokite juos bilietams pirkti<\/li>\n<li>Jokios galimyb\u0117s prarasti biliet\u0105<\/li>\n<li>Momentiniai prane\u0161imai apie laim\u0117tus prizus<\/li>\n<li>Lengvai pasirenkamos atsitiktini\u0173 skai\u010di\u0173 generavimo parinktys<\/li>\n<\/ul>\n<h2>Ar teis\u0117ta pirkti &#8222;EuroMillions&#8221; bilietus internetu?<\/h2>\n<p>Galb\u016bt jums kilo klausimas, ar loterijos biliet\u0173 pirkimas internetu apskritai yra teis\u0117tas, ypa\u010d jei j\u016bs\u0173 gyvenamojoje \u0161alyje galioja grie\u017etos taisykl\u0117s. Ta\u010diau puiku tai, kad naudodamiesi m\u016bs\u0173 paslauga d\u0117l nieko nerimauti neturite. Visk\u0105 vykdome pagal taisykles ir u\u017etikriname, kad nesvarbu, k\u0105 laim\u0117jote ar kur laim\u0117jote, gal\u0117site gauti savo priz\u0105 ir net laim\u0117ti pagrindin\u012f priz\u0105.<br \/>\nVienintelis dalykas, kur\u012f turite padaryti, tai \u012fsitikinti, kad jums ne ma\u017eiau kaip 18 met\u0173.<\/p>\n<h2>Kaip gauti i\u0161mok\u0105, jei laim\u0117jau &#8222;EuroMillions&#8221; internete?<\/h2>\n<p><img loading=\"lazy\" decoding=\"async\" class=\"alignright size-medium wp-image-3672\" src=\"https:\/\/onlinelotto365.com\/wp-content\/uploads\/2020\/11\/online_lottery-161-300x207.jpg\" alt=\"pirkti Euromillions Australija\" width=\"300\" height=\"207\" srcset=\"https:\/\/onlinelotto365.com\/wp-content\/uploads\/2020\/11\/online_lottery-161-300x207.jpg 300w, https:\/\/onlinelotto365.com\/wp-content\/uploads\/2020\/11\/online_lottery-161.jpg 320w\" sizes=\"auto, (max-width: 300px) 100vw, 300px\" \/><br \/>\nKai laimite pinigus, mes pasir\u016bpinsime, kad juos gautum\u0117te kuo papras\u010diau. Jums tereikia pas mus nusipirkti biliet\u0105, o mes pasir\u016bpinsime, kad laim\u0117jimas b\u016bt\u0173 atsiimtas ir jums perduotas. Mes neimame joki\u0173 komisini\u0173 nuo J\u016bs\u0173 laim\u0117jimo, nebent pasirenkate, kad Jums b\u016bt\u0173 i\u0161mok\u0117ta banko pavedimu \u012f banko s\u0105skait\u0105 Australijoje.<\/p>\n<p>Tokiu atveju bankas ima i\u0161 m\u016bs\u0173 mokest\u012f ir mes pra\u0161ome, kad j\u012f taip pat sumok\u0117tum\u0117te. \u0160is mokestis priklauso nuo to, kur siun\u010diami pinigai. Visa kita, k\u0105 jums reikia \u017einoti apie mok\u0117jimus:<\/p>\n<ul>\n<li>Jei laim\u0117jote 2500 \u20ac arba ma\u017eiau, pinigai automati\u0161kai ir i\u0161 karto pervedami tiesiai \u012f j\u016bs\u0173 \u017eaid\u0117jo s\u0105skait\u0105.<\/li>\n<li>Jei laim\u0117site daugiau nei 2500 \u20ac, gausite el. lai\u0161k\u0105 su pra\u0161ymo forma, kuri\u0105 reikia i\u0161si\u0173sti loterijos komisijai. Joje bus i\u0161samiai nurodyta, kaip norite gauti i\u0161mok\u0105, \u012fskaitant banko pervedim\u0105 arba \u010dek\u012f. J\u016bs\u0173 pra\u0161ymas bus i\u0161nagrin\u0117tas ir gali praeiti kelios dienos, kol j\u016bs\u0173 pinigai bus i\u0161mok\u0117ti.<\/li>\n<\/ul>\n","protected":false},"excerpt":{"rendered":"<p>Ar norite pirkti &#8222;EuroMillions&#8221; bilietus kitam lo\u0161imui? Ar norite bilietus atsiimti tik internetu? Ar norite \u017eaisti loterijose, kuri\u0173 n\u0117ra Australijoje? Tuomet nor\u0117site atid\u017eiau susipa\u017einti su \u0161ia vieta, kur ap\u017evelgsime visus su tuo susijusius veiksmus. J\u016bs\u0173 laimei, prad\u0117ti yra labai paprasta. Pasirinkite loterij\u0105, kurioje norite \u017eaisti, ir pasirinkite norimus skai\u010dius arba pasirinkite greit\u0105j\u012f pasirinkim\u0105, kad kompiuteris [&hellip;]<\/p>\n","protected":false},"author":1,"featured_media":0,"parent":5656,"menu_order":3,"comment_status":"closed","ping_status":"closed","template":"euromillions-info.php","meta":{"_et_pb_use_builder":"","_et_pb_old_content":"","_et_gb_content_width":"","exclude_from_search":false,"footnotes":""},"class_list":["post-80645","page","type-page","status-publish","hentry"],"yoast_head":"<!-- This site is optimized with the Yoast SEO plugin v23.4 - https:\/\/yoast.com\/wordpress\/plugins\/seo\/ -->\n<title>Pirkite &quot;Euromillions&quot; bilietus internetu i\u0161 Australijos | Euromillions informacija, kaip \u012fsigyti bilietus<\/title>\n<meta name=\"description\" content=\"Loterij\u0173 gerb\u0117jai i\u0161 bet kurios \u0161alies, \u012fskaitant Australij\u0105, dabar gali \u012fsigyti &quot;Euromillions&quot; biliet\u0173 \u010dia\" \/>\n<meta name=\"robots\" content=\"index, follow, max-snippet:-1, max-image-preview:large, max-video-preview:-1\" \/>\n<link rel=\"canonical\" href=\"https:\/\/onlinelotto365.com\/lt\/pirkti-bilietus\/euromillions\/\" \/>\n<meta property=\"og:locale\" content=\"lt_LT\" \/>\n<meta property=\"og:type\" content=\"article\" \/>\n<meta property=\"og:title\" content=\"Pirkite &quot;Euromillions&quot; bilietus internetu i\u0161 Australijos | Euromillions informacija, kaip \u012fsigyti bilietus\" \/>\n<meta property=\"og:description\" content=\"Loterij\u0173 gerb\u0117jai i\u0161 bet kurios \u0161alies, \u012fskaitant Australij\u0105, dabar gali \u012fsigyti &quot;Euromillions&quot; biliet\u0173 \u010dia\" \/>\n<meta property=\"og:url\" content=\"https:\/\/onlinelotto365.com\/lt\/pirkti-bilietus\/euromillions\/\" \/>\n<meta property=\"og:site_name\" content=\"OnlineLotto365\" \/>\n<meta property=\"og:image\" content=\"https:\/\/redfoxlotto.com\/image?size=8&amp;lottery=euromillions\" \/>\n<meta name=\"twitter:card\" content=\"summary_large_image\" \/>\n<meta name=\"twitter:label1\" content=\"Est. reading time\" \/>\n\t<meta name=\"twitter:data1\" content=\"3 minut\u0117s\" \/>\n<script type=\"application\/ld+json\" class=\"yoast-schema-graph\">{\"@context\":\"https:\/\/schema.org\",\"@graph\":[{\"@type\":\"WebPage\",\"@id\":\"https:\/\/onlinelotto365.com\/lt\/pirkti-bilietus\/euromillions\/\",\"url\":\"https:\/\/onlinelotto365.com\/lt\/pirkti-bilietus\/euromillions\/\",\"name\":\"Pirkite \\\"Euromillions\\\" bilietus internetu i\u0161 Australijos | Euromillions informacija, kaip \u012fsigyti bilietus\",\"isPartOf\":{\"@id\":\"https:\/\/onlinelotto365.com\/lt\/#website\"},\"primaryImageOfPage\":{\"@id\":\"https:\/\/onlinelotto365.com\/lt\/pirkti-bilietus\/euromillions\/#primaryimage\"},\"image\":{\"@id\":\"https:\/\/onlinelotto365.com\/lt\/pirkti-bilietus\/euromillions\/#primaryimage\"},\"thumbnailUrl\":\"https:\/\/redfoxlotto.com\/image?size=8&amp;lottery=euromillions\",\"datePublished\":\"2022-11-22T09:21:40+00:00\",\"dateModified\":\"2022-11-22T09:21:40+00:00\",\"description\":\"Loterij\u0173 gerb\u0117jai i\u0161 bet kurios \u0161alies, \u012fskaitant Australij\u0105, dabar gali \u012fsigyti \\\"Euromillions\\\" biliet\u0173 \u010dia\",\"breadcrumb\":{\"@id\":\"https:\/\/onlinelotto365.com\/lt\/pirkti-bilietus\/euromillions\/#breadcrumb\"},\"inLanguage\":\"lt-LT\",\"potentialAction\":[{\"@type\":\"ReadAction\",\"target\":[\"https:\/\/onlinelotto365.com\/lt\/pirkti-bilietus\/euromillions\/\"]}]},{\"@type\":\"ImageObject\",\"inLanguage\":\"lt-LT\",\"@id\":\"https:\/\/onlinelotto365.com\/lt\/pirkti-bilietus\/euromillions\/#primaryimage\",\"url\":\"https:\/\/redfoxlotto.com\/image?size=8&amp;lottery=euromillions\",\"contentUrl\":\"https:\/\/redfoxlotto.com\/image?size=8&amp;lottery=euromillions\"},{\"@type\":\"BreadcrumbList\",\"@id\":\"https:\/\/onlinelotto365.com\/lt\/pirkti-bilietus\/euromillions\/#breadcrumb\",\"itemListElement\":[{\"@type\":\"ListItem\",\"position\":1,\"name\":\"Home\",\"item\":\"https:\/\/onlinelotto365.com\/lt\/\"},{\"@type\":\"ListItem\",\"position\":2,\"name\":\"Internetin\u0117 biliet\u0173 paslauga tarptautiniams loto renginiams\",\"item\":\"https:\/\/onlinelotto365.com\/lt\/pirkti-bilietus\/\"},{\"@type\":\"ListItem\",\"position\":3,\"name\":\"Kaip pirkti &#8222;Euromillions&#8221; bilietus internetu\"}]},{\"@type\":\"WebSite\",\"@id\":\"https:\/\/onlinelotto365.com\/lt\/#website\",\"url\":\"https:\/\/onlinelotto365.com\/lt\/\",\"name\":\"OnlineLotto365\",\"description\":\"\",\"potentialAction\":[{\"@type\":\"SearchAction\",\"target\":{\"@type\":\"EntryPoint\",\"urlTemplate\":\"https:\/\/onlinelotto365.com\/lt\/?s={search_term_string}\"},\"query-input\":{\"@type\":\"PropertyValueSpecification\",\"valueRequired\":true,\"valueName\":\"search_term_string\"}}],\"inLanguage\":\"lt-LT\"}]}<\/script>\n<!-- \/ Yoast SEO plugin. -->","yoast_head_json":{"title":"Pirkite \"Euromillions\" bilietus internetu i\u0161 Australijos | Euromillions informacija, kaip \u012fsigyti bilietus","description":"Loterij\u0173 gerb\u0117jai i\u0161 bet kurios \u0161alies, \u012fskaitant Australij\u0105, dabar gali \u012fsigyti \"Euromillions\" biliet\u0173 \u010dia","robots":{"index":"index","follow":"follow","max-snippet":"max-snippet:-1","max-image-preview":"max-image-preview:large","max-video-preview":"max-video-preview:-1"},"canonical":"https:\/\/onlinelotto365.com\/lt\/pirkti-bilietus\/euromillions\/","og_locale":"lt_LT","og_type":"article","og_title":"Pirkite \"Euromillions\" bilietus internetu i\u0161 Australijos | Euromillions informacija, kaip \u012fsigyti bilietus","og_description":"Loterij\u0173 gerb\u0117jai i\u0161 bet kurios \u0161alies, \u012fskaitant Australij\u0105, dabar gali \u012fsigyti \"Euromillions\" biliet\u0173 \u010dia","og_url":"https:\/\/onlinelotto365.com\/lt\/pirkti-bilietus\/euromillions\/","og_site_name":"OnlineLotto365","og_image":[{"url":"https:\/\/redfoxlotto.com\/image?size=8&amp;lottery=euromillions"}],"twitter_card":"summary_large_image","twitter_misc":{"Est. reading time":"3 minut\u0117s"},"schema":{"@context":"https:\/\/schema.org","@graph":[{"@type":"WebPage","@id":"https:\/\/onlinelotto365.com\/lt\/pirkti-bilietus\/euromillions\/","url":"https:\/\/onlinelotto365.com\/lt\/pirkti-bilietus\/euromillions\/","name":"Pirkite \"Euromillions\" bilietus internetu i\u0161 Australijos | Euromillions informacija, kaip \u012fsigyti bilietus","isPartOf":{"@id":"https:\/\/onlinelotto365.com\/lt\/#website"},"primaryImageOfPage":{"@id":"https:\/\/onlinelotto365.com\/lt\/pirkti-bilietus\/euromillions\/#primaryimage"},"image":{"@id":"https:\/\/onlinelotto365.com\/lt\/pirkti-bilietus\/euromillions\/#primaryimage"},"thumbnailUrl":"https:\/\/redfoxlotto.com\/image?size=8&amp;lottery=euromillions","datePublished":"2022-11-22T09:21:40+00:00","dateModified":"2022-11-22T09:21:40+00:00","description":"Loterij\u0173 gerb\u0117jai i\u0161 bet kurios \u0161alies, \u012fskaitant Australij\u0105, dabar gali \u012fsigyti \"Euromillions\" biliet\u0173 \u010dia","breadcrumb":{"@id":"https:\/\/onlinelotto365.com\/lt\/pirkti-bilietus\/euromillions\/#breadcrumb"},"inLanguage":"lt-LT","potentialAction":[{"@type":"ReadAction","target":["https:\/\/onlinelotto365.com\/lt\/pirkti-bilietus\/euromillions\/"]}]},{"@type":"ImageObject","inLanguage":"lt-LT","@id":"https:\/\/onlinelotto365.com\/lt\/pirkti-bilietus\/euromillions\/#primaryimage","url":"https:\/\/redfoxlotto.com\/image?size=8&amp;lottery=euromillions","contentUrl":"https:\/\/redfoxlotto.com\/image?size=8&amp;lottery=euromillions"},{"@type":"BreadcrumbList","@id":"https:\/\/onlinelotto365.com\/lt\/pirkti-bilietus\/euromillions\/#breadcrumb","itemListElement":[{"@type":"ListItem","position":1,"name":"Home","item":"https:\/\/onlinelotto365.com\/lt\/"},{"@type":"ListItem","position":2,"name":"Internetin\u0117 biliet\u0173 paslauga tarptautiniams loto renginiams","item":"https:\/\/onlinelotto365.com\/lt\/pirkti-bilietus\/"},{"@type":"ListItem","position":3,"name":"Kaip pirkti &#8222;Euromillions&#8221; bilietus internetu"}]},{"@type":"WebSite","@id":"https:\/\/onlinelotto365.com\/lt\/#website","url":"https:\/\/onlinelotto365.com\/lt\/","name":"OnlineLotto365","description":"","potentialAction":[{"@type":"SearchAction","target":{"@type":"EntryPoint","urlTemplate":"https:\/\/onlinelotto365.com\/lt\/?s={search_term_string}"},"query-input":{"@type":"PropertyValueSpecification","valueRequired":true,"valueName":"search_term_string"}}],"inLanguage":"lt-LT"}]}},"_links":{"self":[{"href":"https:\/\/onlinelotto365.com\/lt\/wp-json\/wp\/v2\/pages\/80645","targetHints":{"allow":["GET"]}}],"collection":[{"href":"https:\/\/onlinelotto365.com\/lt\/wp-json\/wp\/v2\/pages"}],"about":[{"href":"https:\/\/onlinelotto365.com\/lt\/wp-json\/wp\/v2\/types\/page"}],"author":[{"embeddable":true,"href":"https:\/\/onlinelotto365.com\/lt\/wp-json\/wp\/v2\/users\/1"}],"replies":[{"embeddable":true,"href":"https:\/\/onlinelotto365.com\/lt\/wp-json\/wp\/v2\/comments?post=80645"}],"version-history":[{"count":0,"href":"https:\/\/onlinelotto365.com\/lt\/wp-json\/wp\/v2\/pages\/80645\/revisions"}],"up":[{"embeddable":true,"href":"https:\/\/onlinelotto365.com\/lt\/wp-json\/wp\/v2\/pages\/5656"}],"wp:attachment":[{"href":"https:\/\/onlinelotto365.com\/lt\/wp-json\/wp\/v2\/media?parent=80645"}],"curies":[{"name":"wp","href":"https:\/\/api.w.org\/{rel}","templated":true}]}}