{"id":80675,"date":"2022-11-22T11:29:10","date_gmt":"2022-11-22T10:29:10","guid":{"rendered":"https:\/\/onlinelotto365.com\/?page_id=80675"},"modified":"2022-11-22T11:29:10","modified_gmt":"2022-11-22T10:29:10","slug":"el-gordo","status":"publish","type":"page","link":"https:\/\/onlinelotto365.com\/lt\/laimeti-skaiciai\/el-gordo\/","title":{"rendered":"Per\u017ei\u016br\u0117kite &#8222;El Gordo&#8221; rezultatus ir laim\u0117jimus \u010dia"},"content":{"rendered":"<p>\u017dinome, kad si\u016blome daugyb\u0119 skirting\u0173 tarptautini\u0173 loterij\u0173 ir gali b\u016bti \u0161iek tiek painu bandyti i\u0161siai\u0161kinti laimin\u010dius skai\u010dius. Daugelis \u017emoni\u0173, nor\u0117dami rasti laimin\u010dius m\u0117gstam\u0173 \u017eaidim\u0173 numerius, ie\u0161ko j\u0173 laikra\u0161tyje, ta\u010diau jei negyvenate toje vietov\u0117je, rasti &#8222;El Gordo&#8221; loterijos numerius gali b\u016bti sud\u0117tinga. Tas pats pasakytina ir apie bandym\u0105 steb\u0117ti burt\u0173 traukim\u0105 arba pamatyti laimin\u010dius skai\u010dius per televizij\u0105.<br \/>\n<a href=\"https:\/\/redfoxlotto.com\/play\/el-gordo-primitiva\/?ref=a8564250a2&amp;medium=ol365\" target=\"_blank\" rel=\"noopener noreferrer\"><img decoding=\"async\" class=\"aligncenter\" src=\"https:\/\/redfoxlotto.com\/image?size=8&amp;lottery=el-gordo-primitiva\" alt=\"el gordo\" \/><\/a><\/p>\n<p>Kita galimyb\u0117 &#8211; apsilankyti oficialioje &#8222;El Gordo&#8221; svetain\u0117je ir pa\u017ei\u016br\u0117ti, ar joje si\u016bloma tiesiogin\u0117 burt\u0173 traukimo proceso transliacija. Tiems \u017eaidimams, kurie tai daro, tai gali b\u016bti smagi ir \u012fdomi galimyb\u0117 kiekvienam.<\/p>\n<p>Ta\u010diau yra daug \u017eaidim\u0173, kurie i\u0161 tikr\u0173j\u0173 to nesi\u016blo. Vietoj to, kad pamatytum\u0117te rezultatus, tur\u0117site laukti, kol baigsis burt\u0173 traukimas ir apie visk\u0105 bus prane\u0161ta.<br \/>\nGaliausiai, jei burt\u0173 traukimas jau baig\u0117si, galite nueiti \u012f &#8222;YouTube&#8221; ir ten rasti &#8222;El Gordo&#8221; burt\u0173 traukim\u0105. Ta\u010diau tai dar viena sritis, kurioje jums gali nepasisekti. Gali b\u016bti, kad j\u016bs\u0173 br\u0117\u017einyje nieko n\u0117ra.<\/p>\n<p>Vis d\u0117lto vienas geriausi\u0173 ir papras\u010diausi\u0173 b\u016bd\u0173 rasti laiminguosius numerius yra m\u016bs\u0173 svetain\u0117. Per\u017ei\u016br\u0117kite m\u016bs\u0173 laim\u0117jusi\u0173 skai\u010di\u0173 ir rezultat\u0173 puslapius, kad rastum\u0117te &#8222;El Gordo&#8221; ir bet kurio kito m\u016bs\u0173 si\u016blomo loterijos \u017eaidimo rezultatus.<\/p>\n<h2>Kaip su\u017einoti, ar j\u016bs\u0173 internetinis bilietas laim\u0117jo<\/h2>\n<p>Dar geriau tai, kad jums net nereikia eiti \u012f loterijos rezultat\u0173 puslap\u012f. Jei \u012fsigijote bilietus, galite eiti tiesiai \u012f savo paskyr\u0105. Ten gal\u0117site pamatyti ne tik laim\u0117jusius skai\u010dius, bet ir tai, kaip i\u0161sid\u0117st\u0117 j\u016bs\u0173 skai\u010diai. Galite matyti, kaip lyginami skai\u010diai, o tada matyti, kurie i\u0161 j\u0173 sutampa ir kiek i\u0161 tikr\u0173j\u0173 laim\u0117jote. Jei laim\u0117jote ma\u017eiau nei 2500 eur\u0173, jums net nereik\u0117s nieko daryti, nes laim\u0117jimas bus tiesiai j\u016bs\u0173 s\u0105skaitoje.<\/p>\n<h2>El Gordo rezultat\u0173 archyvas<\/h2>\n<p>Jei norite per\u017ei\u016br\u0117ti senus numerius ir su\u017einoti, kokie jie buvo, tai taip pat galite lengvai padaryti. Ties\u0105 sakant, bet kuriame m\u016bs\u0173 svetain\u0117s puslapyje, kuriame galite per\u017ei\u016br\u0117ti naujausius &#8222;El Gordo&#8221; rezultatus, taip pat gal\u0117site patikrinti ir kai kuriuos senesnius skai\u010dius. Taip lengviau i\u0161siai\u0161kinsite, kuriuos numerius norite \u017eaisti kit\u0105 kart\u0105.<\/p>\n<h2>Mano bilietas laim\u0117jo, kas bus toliau?<\/h2>\n<p><img loading=\"lazy\" decoding=\"async\" class=\"alignright wp-image-3573\" src=\"https:\/\/onlinelotto365.com\/wp-content\/uploads\/2020\/11\/online_lottery-96-300x212.jpg\" alt=\"El Gordo rezultatai\" width=\"166\" height=\"117\" srcset=\"https:\/\/onlinelotto365.com\/wp-content\/uploads\/2020\/11\/online_lottery-96-300x212.jpg 300w, https:\/\/onlinelotto365.com\/wp-content\/uploads\/2020\/11\/online_lottery-96.jpg 320w\" sizes=\"auto, (max-width: 166px) 100vw, 166px\" \/><br \/>\nJei laim\u0117jote, jums bus lengva gauti pinigus, nes juos pervesime tiesiai \u012f j\u016bs\u0173 s\u0105skait\u0105, kai tik bus patvirtinti rezultatai. Jei laim\u0117jimas ma\u017eesnis nei 2500 eur\u0173, pinigus gausite taip pat greitai. Tuomet, jei laim\u0117jimas didesnis nei 10 \u20ac, pinigus gal\u0117site atsiimti \u012f savo s\u0105skait\u0105.<br \/>\nArba galite palikti pinigus savo \u017eaid\u0117jo s\u0105skaitoje ir u\u017e juos \u012fsigyti dar daugiau biliet\u0173 \u012f papildomus \u017eaidimus. Tik nepamir\u0161kite, kad atsiimant pinigus reik\u0117s pateikti tam tikrus dokumentus, kad b\u016bt\u0173 laikomasi federalini\u0173 taisykli\u0173. Be to, turite naudoti metod\u0105, kur\u012f jau naudojote \u012fmokoms atlikti.<\/p>\n","protected":false},"excerpt":{"rendered":"<p>\u017dinome, kad si\u016blome daugyb\u0119 skirting\u0173 tarptautini\u0173 loterij\u0173 ir gali b\u016bti \u0161iek tiek painu bandyti i\u0161siai\u0161kinti laimin\u010dius skai\u010dius. Daugelis \u017emoni\u0173, nor\u0117dami rasti laimin\u010dius m\u0117gstam\u0173 \u017eaidim\u0173 numerius, ie\u0161ko j\u0173 laikra\u0161tyje, ta\u010diau jei negyvenate toje vietov\u0117je, rasti &#8222;El Gordo&#8221; loterijos numerius gali b\u016bti sud\u0117tinga. Tas pats pasakytina ir apie bandym\u0105 steb\u0117ti burt\u0173 traukim\u0105 arba pamatyti laimin\u010dius skai\u010dius per [&hellip;]<\/p>\n","protected":false},"author":1,"featured_media":0,"parent":5852,"menu_order":6,"comment_status":"closed","ping_status":"closed","template":"el-gordo-results.php","meta":{"_et_pb_use_builder":"","_et_pb_old_content":"","_et_gb_content_width":"","exclude_from_search":false,"footnotes":""},"class_list":["post-80675","page","type-page","status-publish","hentry"],"yoast_head":"<!-- This site is optimized with the Yoast SEO plugin v23.4 - https:\/\/yoast.com\/wordpress\/plugins\/seo\/ -->\n<title>El Gordo laimingieji skai\u010diai | El Gordo burt\u0173 rezultatai ir prizai<\/title>\n<meta name=\"description\" content=\"Laim\u0117j\u0119 numeriai, rezultatai, prizai El Gordo ir daugelio kit\u0173 loterij\u0173, visada atnaujinami m\u016bs\u0173 svetain\u0117je\" \/>\n<meta name=\"robots\" content=\"index, follow, max-snippet:-1, max-image-preview:large, max-video-preview:-1\" \/>\n<link rel=\"canonical\" href=\"https:\/\/onlinelotto365.com\/lt\/laimeti-skaiciai\/el-gordo\/\" \/>\n<meta property=\"og:locale\" content=\"lt_LT\" \/>\n<meta property=\"og:type\" content=\"article\" \/>\n<meta property=\"og:title\" content=\"El Gordo laimingieji skai\u010diai | El Gordo burt\u0173 rezultatai ir prizai\" \/>\n<meta property=\"og:description\" content=\"Laim\u0117j\u0119 numeriai, rezultatai, prizai El Gordo ir daugelio kit\u0173 loterij\u0173, visada atnaujinami m\u016bs\u0173 svetain\u0117je\" \/>\n<meta property=\"og:url\" content=\"https:\/\/onlinelotto365.com\/lt\/laimeti-skaiciai\/el-gordo\/\" \/>\n<meta property=\"og:site_name\" content=\"OnlineLotto365\" \/>\n<meta property=\"og:image\" content=\"https:\/\/redfoxlotto.com\/image?size=8&amp;lottery=el-gordo-primitiva\" \/>\n<meta name=\"twitter:card\" content=\"summary_large_image\" \/>\n<meta name=\"twitter:label1\" content=\"Est. reading time\" \/>\n\t<meta name=\"twitter:data1\" content=\"3 minut\u0117s\" \/>\n<script type=\"application\/ld+json\" class=\"yoast-schema-graph\">{\"@context\":\"https:\/\/schema.org\",\"@graph\":[{\"@type\":\"WebPage\",\"@id\":\"https:\/\/onlinelotto365.com\/lt\/laimeti-skaiciai\/el-gordo\/\",\"url\":\"https:\/\/onlinelotto365.com\/lt\/laimeti-skaiciai\/el-gordo\/\",\"name\":\"El Gordo laimingieji skai\u010diai | El Gordo burt\u0173 rezultatai ir prizai\",\"isPartOf\":{\"@id\":\"https:\/\/onlinelotto365.com\/lt\/#website\"},\"primaryImageOfPage\":{\"@id\":\"https:\/\/onlinelotto365.com\/lt\/laimeti-skaiciai\/el-gordo\/#primaryimage\"},\"image\":{\"@id\":\"https:\/\/onlinelotto365.com\/lt\/laimeti-skaiciai\/el-gordo\/#primaryimage\"},\"thumbnailUrl\":\"https:\/\/redfoxlotto.com\/image?size=8&amp;lottery=el-gordo-primitiva\",\"datePublished\":\"2022-11-22T10:29:10+00:00\",\"dateModified\":\"2022-11-22T10:29:10+00:00\",\"description\":\"Laim\u0117j\u0119 numeriai, rezultatai, prizai El Gordo ir daugelio kit\u0173 loterij\u0173, visada atnaujinami m\u016bs\u0173 svetain\u0117je\",\"breadcrumb\":{\"@id\":\"https:\/\/onlinelotto365.com\/lt\/laimeti-skaiciai\/el-gordo\/#breadcrumb\"},\"inLanguage\":\"lt-LT\",\"potentialAction\":[{\"@type\":\"ReadAction\",\"target\":[\"https:\/\/onlinelotto365.com\/lt\/laimeti-skaiciai\/el-gordo\/\"]}]},{\"@type\":\"ImageObject\",\"inLanguage\":\"lt-LT\",\"@id\":\"https:\/\/onlinelotto365.com\/lt\/laimeti-skaiciai\/el-gordo\/#primaryimage\",\"url\":\"https:\/\/redfoxlotto.com\/image?size=8&amp;lottery=el-gordo-primitiva\",\"contentUrl\":\"https:\/\/redfoxlotto.com\/image?size=8&amp;lottery=el-gordo-primitiva\"},{\"@type\":\"BreadcrumbList\",\"@id\":\"https:\/\/onlinelotto365.com\/lt\/laimeti-skaiciai\/el-gordo\/#breadcrumb\",\"itemListElement\":[{\"@type\":\"ListItem\",\"position\":1,\"name\":\"Home\",\"item\":\"https:\/\/onlinelotto365.com\/lt\/\"},{\"@type\":\"ListItem\",\"position\":2,\"name\":\"Raskite naujausi\u0173 loterij\u0173 laim\u0117jim\u0173 skai\u010di\u0173 ir rezultatus\",\"item\":\"https:\/\/onlinelotto365.com\/lt\/laimeti-skaiciai\/\"},{\"@type\":\"ListItem\",\"position\":3,\"name\":\"Per\u017ei\u016br\u0117kite &#8220;El Gordo&#8221; rezultatus ir laim\u0117jimus \u010dia\"}]},{\"@type\":\"WebSite\",\"@id\":\"https:\/\/onlinelotto365.com\/lt\/#website\",\"url\":\"https:\/\/onlinelotto365.com\/lt\/\",\"name\":\"OnlineLotto365\",\"description\":\"\",\"potentialAction\":[{\"@type\":\"SearchAction\",\"target\":{\"@type\":\"EntryPoint\",\"urlTemplate\":\"https:\/\/onlinelotto365.com\/lt\/?s={search_term_string}\"},\"query-input\":{\"@type\":\"PropertyValueSpecification\",\"valueRequired\":true,\"valueName\":\"search_term_string\"}}],\"inLanguage\":\"lt-LT\"}]}<\/script>\n<!-- \/ Yoast SEO plugin. -->","yoast_head_json":{"title":"El Gordo laimingieji skai\u010diai | El Gordo burt\u0173 rezultatai ir prizai","description":"Laim\u0117j\u0119 numeriai, rezultatai, prizai El Gordo ir daugelio kit\u0173 loterij\u0173, visada atnaujinami m\u016bs\u0173 svetain\u0117je","robots":{"index":"index","follow":"follow","max-snippet":"max-snippet:-1","max-image-preview":"max-image-preview:large","max-video-preview":"max-video-preview:-1"},"canonical":"https:\/\/onlinelotto365.com\/lt\/laimeti-skaiciai\/el-gordo\/","og_locale":"lt_LT","og_type":"article","og_title":"El Gordo laimingieji skai\u010diai | El Gordo burt\u0173 rezultatai ir prizai","og_description":"Laim\u0117j\u0119 numeriai, rezultatai, prizai El Gordo ir daugelio kit\u0173 loterij\u0173, visada atnaujinami m\u016bs\u0173 svetain\u0117je","og_url":"https:\/\/onlinelotto365.com\/lt\/laimeti-skaiciai\/el-gordo\/","og_site_name":"OnlineLotto365","og_image":[{"url":"https:\/\/redfoxlotto.com\/image?size=8&amp;lottery=el-gordo-primitiva"}],"twitter_card":"summary_large_image","twitter_misc":{"Est. reading time":"3 minut\u0117s"},"schema":{"@context":"https:\/\/schema.org","@graph":[{"@type":"WebPage","@id":"https:\/\/onlinelotto365.com\/lt\/laimeti-skaiciai\/el-gordo\/","url":"https:\/\/onlinelotto365.com\/lt\/laimeti-skaiciai\/el-gordo\/","name":"El Gordo laimingieji skai\u010diai | El Gordo burt\u0173 rezultatai ir prizai","isPartOf":{"@id":"https:\/\/onlinelotto365.com\/lt\/#website"},"primaryImageOfPage":{"@id":"https:\/\/onlinelotto365.com\/lt\/laimeti-skaiciai\/el-gordo\/#primaryimage"},"image":{"@id":"https:\/\/onlinelotto365.com\/lt\/laimeti-skaiciai\/el-gordo\/#primaryimage"},"thumbnailUrl":"https:\/\/redfoxlotto.com\/image?size=8&amp;lottery=el-gordo-primitiva","datePublished":"2022-11-22T10:29:10+00:00","dateModified":"2022-11-22T10:29:10+00:00","description":"Laim\u0117j\u0119 numeriai, rezultatai, prizai El Gordo ir daugelio kit\u0173 loterij\u0173, visada atnaujinami m\u016bs\u0173 svetain\u0117je","breadcrumb":{"@id":"https:\/\/onlinelotto365.com\/lt\/laimeti-skaiciai\/el-gordo\/#breadcrumb"},"inLanguage":"lt-LT","potentialAction":[{"@type":"ReadAction","target":["https:\/\/onlinelotto365.com\/lt\/laimeti-skaiciai\/el-gordo\/"]}]},{"@type":"ImageObject","inLanguage":"lt-LT","@id":"https:\/\/onlinelotto365.com\/lt\/laimeti-skaiciai\/el-gordo\/#primaryimage","url":"https:\/\/redfoxlotto.com\/image?size=8&amp;lottery=el-gordo-primitiva","contentUrl":"https:\/\/redfoxlotto.com\/image?size=8&amp;lottery=el-gordo-primitiva"},{"@type":"BreadcrumbList","@id":"https:\/\/onlinelotto365.com\/lt\/laimeti-skaiciai\/el-gordo\/#breadcrumb","itemListElement":[{"@type":"ListItem","position":1,"name":"Home","item":"https:\/\/onlinelotto365.com\/lt\/"},{"@type":"ListItem","position":2,"name":"Raskite naujausi\u0173 loterij\u0173 laim\u0117jim\u0173 skai\u010di\u0173 ir rezultatus","item":"https:\/\/onlinelotto365.com\/lt\/laimeti-skaiciai\/"},{"@type":"ListItem","position":3,"name":"Per\u017ei\u016br\u0117kite &#8220;El Gordo&#8221; rezultatus ir laim\u0117jimus \u010dia"}]},{"@type":"WebSite","@id":"https:\/\/onlinelotto365.com\/lt\/#website","url":"https:\/\/onlinelotto365.com\/lt\/","name":"OnlineLotto365","description":"","potentialAction":[{"@type":"SearchAction","target":{"@type":"EntryPoint","urlTemplate":"https:\/\/onlinelotto365.com\/lt\/?s={search_term_string}"},"query-input":{"@type":"PropertyValueSpecification","valueRequired":true,"valueName":"search_term_string"}}],"inLanguage":"lt-LT"}]}},"_links":{"self":[{"href":"https:\/\/onlinelotto365.com\/lt\/wp-json\/wp\/v2\/pages\/80675","targetHints":{"allow":["GET"]}}],"collection":[{"href":"https:\/\/onlinelotto365.com\/lt\/wp-json\/wp\/v2\/pages"}],"about":[{"href":"https:\/\/onlinelotto365.com\/lt\/wp-json\/wp\/v2\/types\/page"}],"author":[{"embeddable":true,"href":"https:\/\/onlinelotto365.com\/lt\/wp-json\/wp\/v2\/users\/1"}],"replies":[{"embeddable":true,"href":"https:\/\/onlinelotto365.com\/lt\/wp-json\/wp\/v2\/comments?post=80675"}],"version-history":[{"count":0,"href":"https:\/\/onlinelotto365.com\/lt\/wp-json\/wp\/v2\/pages\/80675\/revisions"}],"up":[{"embeddable":true,"href":"https:\/\/onlinelotto365.com\/lt\/wp-json\/wp\/v2\/pages\/5852"}],"wp:attachment":[{"href":"https:\/\/onlinelotto365.com\/lt\/wp-json\/wp\/v2\/media?parent=80675"}],"curies":[{"name":"wp","href":"https:\/\/api.w.org\/{rel}","templated":true}]}}