{"id":80708,"date":"2022-11-22T12:45:13","date_gmt":"2022-11-22T11:45:13","guid":{"rendered":"https:\/\/onlinelotto365.com\/?page_id=80708"},"modified":"2022-11-22T12:45:13","modified_gmt":"2022-11-22T11:45:13","slug":"la-primitiva","status":"publish","type":"page","link":"https:\/\/onlinelotto365.com\/lt\/laimeti-skaiciai\/la-primitiva\/","title":{"rendered":"La Primitiva burt\u0173 traukimo rezultatai"},"content":{"rendered":"<p>Si\u016blome daugyb\u0119 \u012fvairi\u0173 tarptautini\u0173 loterijos \u017eaidim\u0173 ir \u017einome, kad norite greitai rasti laimin\u010dius skai\u010dius. Tod\u0117l kai kurie \u017emon\u0117s nusprend\u017eia ie\u0161koti skai\u010di\u0173 laikra\u0161tyje. Ta\u010diau laikra\u0161tyje rasti La Primitiva laiminguosius skai\u010dius gali b\u016bti sud\u0117tinga. Taip pat gali b\u016bti ir \u0161i\u0173 skai\u010di\u0173 paie\u0161ka per televizij\u0105, nes reikia atlikti tyrim\u0105, kad rastum\u0117te tinkam\u0105 kanal\u0105.<br \/>\n<a href=\"https:\/\/redfoxlotto.com\/play\/la-primitiva\/?ref=a8564250a2&amp;medium=ol365\" target=\"_blank\" rel=\"noopener noreferrer\"><img decoding=\"async\" class=\"aligncenter\" src=\"https:\/\/redfoxlotto.com\/image?size=8&amp;lottery=la-primitiva\" alt=\" la primitiva\" \/><\/a><br \/>\nKita galimyb\u0117 &#8211; galite apsilankyti &#8222;La Primitiva&#8221; interneto svetain\u0117je ir pa\u017ei\u016br\u0117ti, ar joje rodomas tiesioginis \u017eaidimo burt\u0173 traukimas. Jei jie tai daro, gali b\u016bti \u012fdomu steb\u0117ti. Ta\u010diau jei jie to nedaro, o to nedaro daugelis loterijos \u017eaidim\u0173, tuomet jums teks laukti toliau.<\/p>\n<p>Po burt\u0173 traukimo naujausi\u0105 &#8222;La Primitiva&#8221; burt\u0173 traukim\u0105 kartais galite rasti &#8222;YouTube&#8221;. Ta\u010diau norint tai padaryti, po burt\u0173 traukimo reikia kur\u012f laik\u0105 palaukti.<\/p>\n<p>Vis d\u0117lto patogiausias b\u016bdas su\u017einoti numerius &#8211; apsilankyti m\u016bs\u0173 svetain\u0117je. La Primitiva laim\u0117toj\u0173 skai\u010dius, rezultatus ir net priz\u0173 sumas pateikiame tiesiai savo svetain\u0117je, taip pat \u012ftraukiame ir kitas m\u016bs\u0173 si\u016blomas loterijas.<\/p>\n<h2>Kaip su\u017einoti, ar j\u016bs\u0173 internetinis bilietas laim\u0117jo<\/h2>\n<p>Jei \u012fsigijote &#8222;La Primitiva&#8221; bilietus, jums net nereikia eiti \u012f rezultat\u0173 puslap\u012f. Galite eiti tiesiai \u012f savo paskyr\u0105 ir per\u017ei\u016br\u0117ti savo bilietus. Tame pa\u010diame ekrane pamatysite kiekvieno \u017eaidimo, kuriame \u017eaid\u0117te, laimin\u010dius skai\u010dius. Taip pat matysite pary\u0161kintus skai\u010dius, kurie sutampa su j\u016bs\u0173 bilieto ir laim\u0117tojo skai\u010diais.<br \/>\nJei teisingai atsp\u0117jote numer\u012f, tapsite laim\u0117toju ir gal\u0117site matyti, kiek tiksliai laim\u0117jote. Be to, pamatysite, kad laim\u0117jimai (bet kokiai sumai, ma\u017eesnei nei 2500 eur\u0173) jau yra j\u016bs\u0173 s\u0105skaitoje, kai tik bus patikrinti rezultatai.<\/p>\n<h2>La Primitiva rezultat\u0173 archyvas<\/h2>\n<p>\u017dinome, kad norintiems i\u0161sirinkti kito burt\u0173 traukimo numerius gali b\u016bti svarbu patikrinti senesnius bilietus ir senesnius numerius. Tod\u0117l pasir\u016bpiname, kad bet kuriame puslapyje, kuriame pateikiami naujausi &#8222;La Primitiva&#8221; rezultatai, b\u016bt\u0173 galima rasti ir senesnius numerius. Juos galite patikrinti bet kada ir d\u0117l bet kokios prie\u017easties.<\/p>\n<h2>Mano bilietas laim\u0117jo, kas bus toliau?<\/h2>\n<p>Jei J\u016bs\u0173 bilietas laim\u0117jo, Jums tereikia patogiai \u012fsitaisyti ir atsipalaiduoti, nes mes pasir\u016bpinsime viskuo u\u017e Jus. Bet koki\u0105 ma\u017eesn\u0119 nei 2500 EUR sum\u0105 pervedame tiesiai \u012f j\u016bs\u0173 s\u0105skait\u0105, tod\u0117l jums nereik\u0117s jos reikalauti ar atlikti papildom\u0173 veiksm\u0173. Tada, jei s\u0105skaitoje turite bent 10 \u20ac, pinigus galite i\u0161sigryninti \u012f savo banko s\u0105skait\u0105 arba kredito kortel\u0119.<br \/>\n<img loading=\"lazy\" decoding=\"async\" class=\"alignright wp-image-3572\" src=\"https:\/\/onlinelotto365.com\/wp-content\/uploads\/2020\/11\/online_lottery-25-300x212.jpg\" alt=\"La Primitiva laim\u0117j\u0119 skai\u010diai\" width=\"232\" height=\"165\" srcset=\"https:\/\/onlinelotto365.com\/wp-content\/uploads\/2020\/11\/online_lottery-25-300x212.jpg 300w, https:\/\/onlinelotto365.com\/wp-content\/uploads\/2020\/11\/online_lottery-25.jpg 320w\" sizes=\"auto, (max-width: 232px) 100vw, 232px\" \/><br \/>\nTik turite \u012fsitikinti, kad ta kortele ar s\u0105skaita pas mus naudojot\u0117s anks\u010diau. Taip pat tur\u0117site u\u017epildyti kelet\u0105 dokument\u0173, kad \u012fsitikintum\u0117te, jog laikom\u0117s m\u016bs\u0173 mok\u0117jimo procesoriaus nustatyt\u0173 taisykli\u0173. \u0160ie dokumentai apsaugo ne tik mus, bet ir jus, nes u\u017etikrina, kad tik j\u016bs galite i\u0161 s\u0105skaitos paimti pinigus.<\/p>\n","protected":false},"excerpt":{"rendered":"<p>Si\u016blome daugyb\u0119 \u012fvairi\u0173 tarptautini\u0173 loterijos \u017eaidim\u0173 ir \u017einome, kad norite greitai rasti laimin\u010dius skai\u010dius. Tod\u0117l kai kurie \u017emon\u0117s nusprend\u017eia ie\u0161koti skai\u010di\u0173 laikra\u0161tyje. Ta\u010diau laikra\u0161tyje rasti La Primitiva laiminguosius skai\u010dius gali b\u016bti sud\u0117tinga. Taip pat gali b\u016bti ir \u0161i\u0173 skai\u010di\u0173 paie\u0161ka per televizij\u0105, nes reikia atlikti tyrim\u0105, kad rastum\u0117te tinkam\u0105 kanal\u0105. Kita galimyb\u0117 &#8211; galite apsilankyti [&hellip;]<\/p>\n","protected":false},"author":1,"featured_media":0,"parent":5852,"menu_order":7,"comment_status":"closed","ping_status":"closed","template":"la-primitiva-results.php","meta":{"_et_pb_use_builder":"","_et_pb_old_content":"","_et_gb_content_width":"","exclude_from_search":false,"footnotes":""},"class_list":["post-80708","page","type-page","status-publish","hentry"],"yoast_head":"<!-- This site is optimized with the Yoast SEO plugin v23.4 - https:\/\/yoast.com\/wordpress\/plugins\/seo\/ -->\n<title>Naujausi La Primitiva burt\u0173 rezultatai, laim\u0117j\u0119 skai\u010diai<\/title>\n<meta name=\"description\" content=\"Gaukite naujausius Ispanijos La Primitiva laimin\u010dius skai\u010dius, taip pat kitus rezultatus\" \/>\n<meta name=\"robots\" content=\"index, follow, max-snippet:-1, max-image-preview:large, max-video-preview:-1\" \/>\n<link rel=\"canonical\" href=\"https:\/\/onlinelotto365.com\/lt\/laimeti-skaiciai\/la-primitiva\/\" \/>\n<meta property=\"og:locale\" content=\"lt_LT\" \/>\n<meta property=\"og:type\" content=\"article\" \/>\n<meta property=\"og:title\" content=\"Naujausi La Primitiva burt\u0173 rezultatai, laim\u0117j\u0119 skai\u010diai\" \/>\n<meta property=\"og:description\" content=\"Gaukite naujausius Ispanijos La Primitiva laimin\u010dius skai\u010dius, taip pat kitus rezultatus\" \/>\n<meta property=\"og:url\" content=\"https:\/\/onlinelotto365.com\/lt\/laimeti-skaiciai\/la-primitiva\/\" \/>\n<meta property=\"og:site_name\" content=\"OnlineLotto365\" \/>\n<meta property=\"og:image\" content=\"https:\/\/redfoxlotto.com\/image?size=8&amp;lottery=la-primitiva\" \/>\n<meta name=\"twitter:card\" content=\"summary_large_image\" \/>\n<meta name=\"twitter:label1\" content=\"Est. reading time\" \/>\n\t<meta name=\"twitter:data1\" content=\"3 minut\u0117s\" \/>\n<script type=\"application\/ld+json\" class=\"yoast-schema-graph\">{\"@context\":\"https:\/\/schema.org\",\"@graph\":[{\"@type\":\"WebPage\",\"@id\":\"https:\/\/onlinelotto365.com\/lt\/laimeti-skaiciai\/la-primitiva\/\",\"url\":\"https:\/\/onlinelotto365.com\/lt\/laimeti-skaiciai\/la-primitiva\/\",\"name\":\"Naujausi La Primitiva burt\u0173 rezultatai, laim\u0117j\u0119 skai\u010diai\",\"isPartOf\":{\"@id\":\"https:\/\/onlinelotto365.com\/lt\/#website\"},\"primaryImageOfPage\":{\"@id\":\"https:\/\/onlinelotto365.com\/lt\/laimeti-skaiciai\/la-primitiva\/#primaryimage\"},\"image\":{\"@id\":\"https:\/\/onlinelotto365.com\/lt\/laimeti-skaiciai\/la-primitiva\/#primaryimage\"},\"thumbnailUrl\":\"https:\/\/redfoxlotto.com\/image?size=8&amp;lottery=la-primitiva\",\"datePublished\":\"2022-11-22T11:45:13+00:00\",\"dateModified\":\"2022-11-22T11:45:13+00:00\",\"description\":\"Gaukite naujausius Ispanijos La Primitiva laimin\u010dius skai\u010dius, taip pat kitus rezultatus\",\"breadcrumb\":{\"@id\":\"https:\/\/onlinelotto365.com\/lt\/laimeti-skaiciai\/la-primitiva\/#breadcrumb\"},\"inLanguage\":\"lt-LT\",\"potentialAction\":[{\"@type\":\"ReadAction\",\"target\":[\"https:\/\/onlinelotto365.com\/lt\/laimeti-skaiciai\/la-primitiva\/\"]}]},{\"@type\":\"ImageObject\",\"inLanguage\":\"lt-LT\",\"@id\":\"https:\/\/onlinelotto365.com\/lt\/laimeti-skaiciai\/la-primitiva\/#primaryimage\",\"url\":\"https:\/\/redfoxlotto.com\/image?size=8&amp;lottery=la-primitiva\",\"contentUrl\":\"https:\/\/redfoxlotto.com\/image?size=8&amp;lottery=la-primitiva\"},{\"@type\":\"BreadcrumbList\",\"@id\":\"https:\/\/onlinelotto365.com\/lt\/laimeti-skaiciai\/la-primitiva\/#breadcrumb\",\"itemListElement\":[{\"@type\":\"ListItem\",\"position\":1,\"name\":\"Home\",\"item\":\"https:\/\/onlinelotto365.com\/lt\/\"},{\"@type\":\"ListItem\",\"position\":2,\"name\":\"Raskite naujausi\u0173 loterij\u0173 laim\u0117jim\u0173 skai\u010di\u0173 ir rezultatus\",\"item\":\"https:\/\/onlinelotto365.com\/lt\/laimeti-skaiciai\/\"},{\"@type\":\"ListItem\",\"position\":3,\"name\":\"La Primitiva burt\u0173 traukimo rezultatai\"}]},{\"@type\":\"WebSite\",\"@id\":\"https:\/\/onlinelotto365.com\/lt\/#website\",\"url\":\"https:\/\/onlinelotto365.com\/lt\/\",\"name\":\"OnlineLotto365\",\"description\":\"\",\"potentialAction\":[{\"@type\":\"SearchAction\",\"target\":{\"@type\":\"EntryPoint\",\"urlTemplate\":\"https:\/\/onlinelotto365.com\/lt\/?s={search_term_string}\"},\"query-input\":{\"@type\":\"PropertyValueSpecification\",\"valueRequired\":true,\"valueName\":\"search_term_string\"}}],\"inLanguage\":\"lt-LT\"}]}<\/script>\n<!-- \/ Yoast SEO plugin. -->","yoast_head_json":{"title":"Naujausi La Primitiva burt\u0173 rezultatai, laim\u0117j\u0119 skai\u010diai","description":"Gaukite naujausius Ispanijos La Primitiva laimin\u010dius skai\u010dius, taip pat kitus rezultatus","robots":{"index":"index","follow":"follow","max-snippet":"max-snippet:-1","max-image-preview":"max-image-preview:large","max-video-preview":"max-video-preview:-1"},"canonical":"https:\/\/onlinelotto365.com\/lt\/laimeti-skaiciai\/la-primitiva\/","og_locale":"lt_LT","og_type":"article","og_title":"Naujausi La Primitiva burt\u0173 rezultatai, laim\u0117j\u0119 skai\u010diai","og_description":"Gaukite naujausius Ispanijos La Primitiva laimin\u010dius skai\u010dius, taip pat kitus rezultatus","og_url":"https:\/\/onlinelotto365.com\/lt\/laimeti-skaiciai\/la-primitiva\/","og_site_name":"OnlineLotto365","og_image":[{"url":"https:\/\/redfoxlotto.com\/image?size=8&amp;lottery=la-primitiva"}],"twitter_card":"summary_large_image","twitter_misc":{"Est. reading time":"3 minut\u0117s"},"schema":{"@context":"https:\/\/schema.org","@graph":[{"@type":"WebPage","@id":"https:\/\/onlinelotto365.com\/lt\/laimeti-skaiciai\/la-primitiva\/","url":"https:\/\/onlinelotto365.com\/lt\/laimeti-skaiciai\/la-primitiva\/","name":"Naujausi La Primitiva burt\u0173 rezultatai, laim\u0117j\u0119 skai\u010diai","isPartOf":{"@id":"https:\/\/onlinelotto365.com\/lt\/#website"},"primaryImageOfPage":{"@id":"https:\/\/onlinelotto365.com\/lt\/laimeti-skaiciai\/la-primitiva\/#primaryimage"},"image":{"@id":"https:\/\/onlinelotto365.com\/lt\/laimeti-skaiciai\/la-primitiva\/#primaryimage"},"thumbnailUrl":"https:\/\/redfoxlotto.com\/image?size=8&amp;lottery=la-primitiva","datePublished":"2022-11-22T11:45:13+00:00","dateModified":"2022-11-22T11:45:13+00:00","description":"Gaukite naujausius Ispanijos La Primitiva laimin\u010dius skai\u010dius, taip pat kitus rezultatus","breadcrumb":{"@id":"https:\/\/onlinelotto365.com\/lt\/laimeti-skaiciai\/la-primitiva\/#breadcrumb"},"inLanguage":"lt-LT","potentialAction":[{"@type":"ReadAction","target":["https:\/\/onlinelotto365.com\/lt\/laimeti-skaiciai\/la-primitiva\/"]}]},{"@type":"ImageObject","inLanguage":"lt-LT","@id":"https:\/\/onlinelotto365.com\/lt\/laimeti-skaiciai\/la-primitiva\/#primaryimage","url":"https:\/\/redfoxlotto.com\/image?size=8&amp;lottery=la-primitiva","contentUrl":"https:\/\/redfoxlotto.com\/image?size=8&amp;lottery=la-primitiva"},{"@type":"BreadcrumbList","@id":"https:\/\/onlinelotto365.com\/lt\/laimeti-skaiciai\/la-primitiva\/#breadcrumb","itemListElement":[{"@type":"ListItem","position":1,"name":"Home","item":"https:\/\/onlinelotto365.com\/lt\/"},{"@type":"ListItem","position":2,"name":"Raskite naujausi\u0173 loterij\u0173 laim\u0117jim\u0173 skai\u010di\u0173 ir rezultatus","item":"https:\/\/onlinelotto365.com\/lt\/laimeti-skaiciai\/"},{"@type":"ListItem","position":3,"name":"La Primitiva burt\u0173 traukimo rezultatai"}]},{"@type":"WebSite","@id":"https:\/\/onlinelotto365.com\/lt\/#website","url":"https:\/\/onlinelotto365.com\/lt\/","name":"OnlineLotto365","description":"","potentialAction":[{"@type":"SearchAction","target":{"@type":"EntryPoint","urlTemplate":"https:\/\/onlinelotto365.com\/lt\/?s={search_term_string}"},"query-input":{"@type":"PropertyValueSpecification","valueRequired":true,"valueName":"search_term_string"}}],"inLanguage":"lt-LT"}]}},"_links":{"self":[{"href":"https:\/\/onlinelotto365.com\/lt\/wp-json\/wp\/v2\/pages\/80708","targetHints":{"allow":["GET"]}}],"collection":[{"href":"https:\/\/onlinelotto365.com\/lt\/wp-json\/wp\/v2\/pages"}],"about":[{"href":"https:\/\/onlinelotto365.com\/lt\/wp-json\/wp\/v2\/types\/page"}],"author":[{"embeddable":true,"href":"https:\/\/onlinelotto365.com\/lt\/wp-json\/wp\/v2\/users\/1"}],"replies":[{"embeddable":true,"href":"https:\/\/onlinelotto365.com\/lt\/wp-json\/wp\/v2\/comments?post=80708"}],"version-history":[{"count":0,"href":"https:\/\/onlinelotto365.com\/lt\/wp-json\/wp\/v2\/pages\/80708\/revisions"}],"up":[{"embeddable":true,"href":"https:\/\/onlinelotto365.com\/lt\/wp-json\/wp\/v2\/pages\/5852"}],"wp:attachment":[{"href":"https:\/\/onlinelotto365.com\/lt\/wp-json\/wp\/v2\/media?parent=80708"}],"curies":[{"name":"wp","href":"https:\/\/api.w.org\/{rel}","templated":true}]}}