{"id":80740,"date":"2022-11-22T13:35:49","date_gmt":"2022-11-22T12:35:49","guid":{"rendered":"https:\/\/onlinelotto365.com\/?page_id=80740"},"modified":"2022-11-22T13:35:49","modified_gmt":"2022-11-22T12:35:49","slug":"bonoloto","status":"publish","type":"page","link":"https:\/\/onlinelotto365.com\/lt\/laimeti-skaiciai\/bonoloto\/","title":{"rendered":"Ispanijos Bonoloto rezultatai"},"content":{"rendered":"<p>Tarptautin\u0117s loterijos \u017eaidimai gali b\u016bti labai smag\u016bs, ta\u010diau turite \u017einoti, kaip patikrinti laimin\u010dius skai\u010dius. Vienas i\u0161 b\u016bd\u0173 su\u017einoti laimin\u010dius &#8222;BonoLoto&#8221; numerius &#8211; apsilankyti laikra\u0161tyje. Ta\u010diau tik vietiniuose laikra\u0161\u010diuose paprastai bus skelbiami rezultatai, kuri\u0173 ie\u0161kote.<br \/>\n<a href=\"https:\/\/redfoxlotto.com\/play\/bonoloto\/?ref=a8564250a2&amp;medium=ol365\" target=\"_blank\" rel=\"noopener noreferrer\"><img decoding=\"async\" class=\"aligncenter\" src=\"https:\/\/redfoxlotto.com\/image?size=8&amp;lottery=bonoloto\" alt=\"BonoLoto\" \/><\/a><br \/>\nKitas variantas &#8211; pa\u017evelgti \u012f televizijos stotis, ta\u010diau ten taip pat galite rasti ne t\u0105 informacij\u0105, kurios ie\u0161kote. Turite gyventi tinkamoje vietov\u0117je ir \u017einoti, kada tikrinti skai\u010dius.<\/p>\n<p>Toliau galite pasi\u017ei\u016br\u0117ti oficialioje &#8222;BonoLoto&#8221; svetain\u0117je ir su\u017einoti, ar jie si\u016blo tiesiogin\u012f lo\u0161im\u0105 internetu. \u017daidim\u0173, kurie tai daro, atveju tai gali b\u016bti \u012fdomu kiekvienam, nes galite pasinerti \u012f akimirk\u0105, \u017ei\u016br\u0117dami \u012f tuoj pat pasirodysian\u010dius skai\u010dius. Ta\u010diau nepamir\u0161kite, kad i\u0161 tikr\u0173j\u0173 ne visi loterijos \u017eaidimai si\u016blo \u0161i\u0105 galimyb\u0119.<\/p>\n<p>Galiausiai galite pa\u017evelgti \u012f &#8222;YouTube&#8221; ir pa\u017ei\u016br\u0117ti, ar kas nors paskelb\u0117 tiesiogin\u012f burt\u0173 traukimo vaizdo \u012fra\u0161\u0105 arba ar kokiu nors kitu b\u016bdu u\u017efiksavo laimin\u010dius skai\u010dius ir pasidalijo &#8222;BonoLoto&#8221; burt\u0173 traukimu.<\/p>\n<p>Ta\u010diau patogiausias b\u016bdas, kuriuo galite su\u017einoti laimin\u010dius skai\u010dius, neabejotinai yra apsilankymas m\u016bs\u0173 svetain\u0117je. Pateiksime jums visus &#8222;BonoLoto&#8221;, taip pat ir kit\u0173 m\u016bs\u0173 svetain\u0117je esan\u010di\u0173 \u017eaidim\u0173 laiminguosius numerius, kad gal\u0117tum\u0117te sekti vienoje vietoje.<\/p>\n<h2>Kaip su\u017einoti, ar j\u016bs\u0173 internetinis bilietas laim\u0117jo<\/h2>\n<p>Tie, kurie jau nusipirko &#8222;BonoLoto&#8221; biliet\u0105, gali eiti tiesiai \u012f savo paskyr\u0105. Prisijunkite ir eikite \u012f puslap\u012f, kuriame yra j\u016bs\u0173 bilietai. Ten atsid\u016br\u0119 gal\u0117site pamatyti bet kurio \u017eaidimo, \u012f kur\u012f \u012fsigijote bilietus, rezultatus. Taip jums bus daug lengviau pamatyti, kokie j\u016bs\u0173 numeriai sutapo, o kokie ne. Taip pat gal\u0117site i\u0161 karto gauti pinigus, jei laim\u0117jote ma\u017eiau nei 2500 eur\u0173. Taip yra tod\u0117l, kad \u0161ios sumos bus pervestos tiesiai \u012f j\u016bs\u0173 s\u0105skait\u0105, jums nieko nedarant.<\/p>\n<h2>BonoLoto rezultat\u0173 archyvas<\/h2>\n<p>Jei ie\u0161kote sen\u0173 &#8222;BonoLoto&#8221; numeri\u0173, toli ie\u0161koti nereikia. Taip yra tod\u0117l, kad mes viskuo pasir\u016bpinome u\u017e jus. Visus senus numerius netgi patalpinome toje pa\u010dioje vietoje kaip ir naujausius numerius, kad jums nereik\u0117t\u0173 jaudintis bandant juos surasti. Taip yra tod\u0117l, kad \u017einome, kaip svarbu, kad gal\u0117tum\u0117te rasti tuos numerius, kai j\u0173 reikia.<\/p>\n<h2>Mano bilietas laim\u0117jo, kas bus toliau?<\/h2>\n<p><img decoding=\"async\" class=\"alignright wp-image-3651\" src=\"https:\/\/onlinelotto365.com\/wp-content\/uploads\/2020\/11\/online_lottery-79-300x292.jpg\" alt=\"Bonoloto laim\u0117j\u0119 skai\u010diai width=\" height=\"145\" srcset=\"https:\/\/onlinelotto365.com\/wp-content\/uploads\/2020\/11\/online_lottery-79-300x292.jpg 300w, https:\/\/onlinelotto365.com\/wp-content\/uploads\/2020\/11\/online_lottery-79.jpg 320w\" sizes=\"(max-width: 300px) 100vw, 300px\" \/><br \/>\nJau kalb\u0117jome apie tai, kad jei laim\u0117jote kur\u012f nors i\u0161 ma\u017e\u0173 bet kurio loto \u017eaidimo priz\u0173, jums nereikia jaudintis d\u0117l pinig\u0173 gavimo. Taip yra tod\u0117l, kad mes pasir\u016bpinsime, kad jie b\u016bt\u0173 pervesti tiesiai \u012f j\u016bs\u0173 s\u0105skait\u0105 u\u017e jus. Bet kokia ma\u017eesn\u0117 nei 2500 \u20ac suma bus automati\u0161kai \u012ftraukta \u012f j\u016bs\u0173 s\u0105skait\u0105, tod\u0117l ji bus paruo\u0161ta, kai tik panor\u0117site.<br \/>\nTai tikrai bus jums patogu ir pad\u0117s prad\u0117ti naudotis \u0161iais pinigais. Taip yra tod\u0117l, kad juos gal\u0117site naudoti pirkdami daugiau biliet\u0173, kai tik panor\u0117site. Jei suma vir\u0161ija 10 eur\u0173, galite net i\u0161sigryninti pinigus \u012f bet kuri\u0105 s\u0105skait\u0105, kuria anks\u010diau naudojot\u0117s m\u016bs\u0173 svetain\u0117je.<\/p>\n","protected":false},"excerpt":{"rendered":"<p>Tarptautin\u0117s loterijos \u017eaidimai gali b\u016bti labai smag\u016bs, ta\u010diau turite \u017einoti, kaip patikrinti laimin\u010dius skai\u010dius. Vienas i\u0161 b\u016bd\u0173 su\u017einoti laimin\u010dius &#8222;BonoLoto&#8221; numerius &#8211; apsilankyti laikra\u0161tyje. Ta\u010diau tik vietiniuose laikra\u0161\u010diuose paprastai bus skelbiami rezultatai, kuri\u0173 ie\u0161kote. Kitas variantas &#8211; pa\u017evelgti \u012f televizijos stotis, ta\u010diau ten taip pat galite rasti ne t\u0105 informacij\u0105, kurios ie\u0161kote. Turite gyventi tinkamoje [&hellip;]<\/p>\n","protected":false},"author":1,"featured_media":0,"parent":5852,"menu_order":8,"comment_status":"closed","ping_status":"closed","template":"template-rightsidebar.php","meta":{"_et_pb_use_builder":"","_et_pb_old_content":"","_et_gb_content_width":"","exclude_from_search":false,"footnotes":""},"class_list":["post-80740","page","type-page","status-publish","hentry"],"yoast_head":"<!-- This site is optimized with the Yoast SEO plugin v23.4 - https:\/\/yoast.com\/wordpress\/plugins\/seo\/ -->\n<title>Ispanijos BonoLoto rezultatai ir prizai<\/title>\n<meta name=\"description\" content=\"Nor\u0117dami su\u017einoti, ar j\u016bs\u0173 Bonoloto bilietai laim\u0117jo, \u017ei\u016br\u0117kite \u010dia\" \/>\n<meta name=\"robots\" content=\"index, follow, max-snippet:-1, max-image-preview:large, max-video-preview:-1\" \/>\n<link rel=\"canonical\" href=\"https:\/\/onlinelotto365.com\/lt\/laimeti-skaiciai\/bonoloto\/\" \/>\n<meta property=\"og:locale\" content=\"lt_LT\" \/>\n<meta property=\"og:type\" content=\"article\" \/>\n<meta property=\"og:title\" content=\"Ispanijos BonoLoto rezultatai ir prizai\" \/>\n<meta property=\"og:description\" content=\"Nor\u0117dami su\u017einoti, ar j\u016bs\u0173 Bonoloto bilietai laim\u0117jo, \u017ei\u016br\u0117kite \u010dia\" \/>\n<meta property=\"og:url\" content=\"https:\/\/onlinelotto365.com\/lt\/laimeti-skaiciai\/bonoloto\/\" \/>\n<meta property=\"og:site_name\" content=\"OnlineLotto365\" \/>\n<meta property=\"og:image\" content=\"https:\/\/redfoxlotto.com\/image?size=8&amp;lottery=bonoloto\" \/>\n<meta name=\"twitter:card\" content=\"summary_large_image\" \/>\n<meta name=\"twitter:label1\" content=\"Est. reading time\" \/>\n\t<meta name=\"twitter:data1\" content=\"3 minut\u0117s\" \/>\n<script type=\"application\/ld+json\" class=\"yoast-schema-graph\">{\"@context\":\"https:\/\/schema.org\",\"@graph\":[{\"@type\":\"WebPage\",\"@id\":\"https:\/\/onlinelotto365.com\/lt\/laimeti-skaiciai\/bonoloto\/\",\"url\":\"https:\/\/onlinelotto365.com\/lt\/laimeti-skaiciai\/bonoloto\/\",\"name\":\"Ispanijos BonoLoto rezultatai ir prizai\",\"isPartOf\":{\"@id\":\"https:\/\/onlinelotto365.com\/lt\/#website\"},\"primaryImageOfPage\":{\"@id\":\"https:\/\/onlinelotto365.com\/lt\/laimeti-skaiciai\/bonoloto\/#primaryimage\"},\"image\":{\"@id\":\"https:\/\/onlinelotto365.com\/lt\/laimeti-skaiciai\/bonoloto\/#primaryimage\"},\"thumbnailUrl\":\"https:\/\/redfoxlotto.com\/image?size=8&amp;lottery=bonoloto\",\"datePublished\":\"2022-11-22T12:35:49+00:00\",\"dateModified\":\"2022-11-22T12:35:49+00:00\",\"description\":\"Nor\u0117dami su\u017einoti, ar j\u016bs\u0173 Bonoloto bilietai laim\u0117jo, \u017ei\u016br\u0117kite \u010dia\",\"breadcrumb\":{\"@id\":\"https:\/\/onlinelotto365.com\/lt\/laimeti-skaiciai\/bonoloto\/#breadcrumb\"},\"inLanguage\":\"lt-LT\",\"potentialAction\":[{\"@type\":\"ReadAction\",\"target\":[\"https:\/\/onlinelotto365.com\/lt\/laimeti-skaiciai\/bonoloto\/\"]}]},{\"@type\":\"ImageObject\",\"inLanguage\":\"lt-LT\",\"@id\":\"https:\/\/onlinelotto365.com\/lt\/laimeti-skaiciai\/bonoloto\/#primaryimage\",\"url\":\"https:\/\/redfoxlotto.com\/image?size=8&amp;lottery=bonoloto\",\"contentUrl\":\"https:\/\/redfoxlotto.com\/image?size=8&amp;lottery=bonoloto\"},{\"@type\":\"BreadcrumbList\",\"@id\":\"https:\/\/onlinelotto365.com\/lt\/laimeti-skaiciai\/bonoloto\/#breadcrumb\",\"itemListElement\":[{\"@type\":\"ListItem\",\"position\":1,\"name\":\"Home\",\"item\":\"https:\/\/onlinelotto365.com\/lt\/\"},{\"@type\":\"ListItem\",\"position\":2,\"name\":\"Raskite naujausi\u0173 loterij\u0173 laim\u0117jim\u0173 skai\u010di\u0173 ir rezultatus\",\"item\":\"https:\/\/onlinelotto365.com\/lt\/laimeti-skaiciai\/\"},{\"@type\":\"ListItem\",\"position\":3,\"name\":\"Ispanijos Bonoloto rezultatai\"}]},{\"@type\":\"WebSite\",\"@id\":\"https:\/\/onlinelotto365.com\/lt\/#website\",\"url\":\"https:\/\/onlinelotto365.com\/lt\/\",\"name\":\"OnlineLotto365\",\"description\":\"\",\"potentialAction\":[{\"@type\":\"SearchAction\",\"target\":{\"@type\":\"EntryPoint\",\"urlTemplate\":\"https:\/\/onlinelotto365.com\/lt\/?s={search_term_string}\"},\"query-input\":{\"@type\":\"PropertyValueSpecification\",\"valueRequired\":true,\"valueName\":\"search_term_string\"}}],\"inLanguage\":\"lt-LT\"}]}<\/script>\n<!-- \/ Yoast SEO plugin. -->","yoast_head_json":{"title":"Ispanijos BonoLoto rezultatai ir prizai","description":"Nor\u0117dami su\u017einoti, ar j\u016bs\u0173 Bonoloto bilietai laim\u0117jo, \u017ei\u016br\u0117kite \u010dia","robots":{"index":"index","follow":"follow","max-snippet":"max-snippet:-1","max-image-preview":"max-image-preview:large","max-video-preview":"max-video-preview:-1"},"canonical":"https:\/\/onlinelotto365.com\/lt\/laimeti-skaiciai\/bonoloto\/","og_locale":"lt_LT","og_type":"article","og_title":"Ispanijos BonoLoto rezultatai ir prizai","og_description":"Nor\u0117dami su\u017einoti, ar j\u016bs\u0173 Bonoloto bilietai laim\u0117jo, \u017ei\u016br\u0117kite \u010dia","og_url":"https:\/\/onlinelotto365.com\/lt\/laimeti-skaiciai\/bonoloto\/","og_site_name":"OnlineLotto365","og_image":[{"url":"https:\/\/redfoxlotto.com\/image?size=8&amp;lottery=bonoloto"}],"twitter_card":"summary_large_image","twitter_misc":{"Est. reading time":"3 minut\u0117s"},"schema":{"@context":"https:\/\/schema.org","@graph":[{"@type":"WebPage","@id":"https:\/\/onlinelotto365.com\/lt\/laimeti-skaiciai\/bonoloto\/","url":"https:\/\/onlinelotto365.com\/lt\/laimeti-skaiciai\/bonoloto\/","name":"Ispanijos BonoLoto rezultatai ir prizai","isPartOf":{"@id":"https:\/\/onlinelotto365.com\/lt\/#website"},"primaryImageOfPage":{"@id":"https:\/\/onlinelotto365.com\/lt\/laimeti-skaiciai\/bonoloto\/#primaryimage"},"image":{"@id":"https:\/\/onlinelotto365.com\/lt\/laimeti-skaiciai\/bonoloto\/#primaryimage"},"thumbnailUrl":"https:\/\/redfoxlotto.com\/image?size=8&amp;lottery=bonoloto","datePublished":"2022-11-22T12:35:49+00:00","dateModified":"2022-11-22T12:35:49+00:00","description":"Nor\u0117dami su\u017einoti, ar j\u016bs\u0173 Bonoloto bilietai laim\u0117jo, \u017ei\u016br\u0117kite \u010dia","breadcrumb":{"@id":"https:\/\/onlinelotto365.com\/lt\/laimeti-skaiciai\/bonoloto\/#breadcrumb"},"inLanguage":"lt-LT","potentialAction":[{"@type":"ReadAction","target":["https:\/\/onlinelotto365.com\/lt\/laimeti-skaiciai\/bonoloto\/"]}]},{"@type":"ImageObject","inLanguage":"lt-LT","@id":"https:\/\/onlinelotto365.com\/lt\/laimeti-skaiciai\/bonoloto\/#primaryimage","url":"https:\/\/redfoxlotto.com\/image?size=8&amp;lottery=bonoloto","contentUrl":"https:\/\/redfoxlotto.com\/image?size=8&amp;lottery=bonoloto"},{"@type":"BreadcrumbList","@id":"https:\/\/onlinelotto365.com\/lt\/laimeti-skaiciai\/bonoloto\/#breadcrumb","itemListElement":[{"@type":"ListItem","position":1,"name":"Home","item":"https:\/\/onlinelotto365.com\/lt\/"},{"@type":"ListItem","position":2,"name":"Raskite naujausi\u0173 loterij\u0173 laim\u0117jim\u0173 skai\u010di\u0173 ir rezultatus","item":"https:\/\/onlinelotto365.com\/lt\/laimeti-skaiciai\/"},{"@type":"ListItem","position":3,"name":"Ispanijos Bonoloto rezultatai"}]},{"@type":"WebSite","@id":"https:\/\/onlinelotto365.com\/lt\/#website","url":"https:\/\/onlinelotto365.com\/lt\/","name":"OnlineLotto365","description":"","potentialAction":[{"@type":"SearchAction","target":{"@type":"EntryPoint","urlTemplate":"https:\/\/onlinelotto365.com\/lt\/?s={search_term_string}"},"query-input":{"@type":"PropertyValueSpecification","valueRequired":true,"valueName":"search_term_string"}}],"inLanguage":"lt-LT"}]}},"_links":{"self":[{"href":"https:\/\/onlinelotto365.com\/lt\/wp-json\/wp\/v2\/pages\/80740","targetHints":{"allow":["GET"]}}],"collection":[{"href":"https:\/\/onlinelotto365.com\/lt\/wp-json\/wp\/v2\/pages"}],"about":[{"href":"https:\/\/onlinelotto365.com\/lt\/wp-json\/wp\/v2\/types\/page"}],"author":[{"embeddable":true,"href":"https:\/\/onlinelotto365.com\/lt\/wp-json\/wp\/v2\/users\/1"}],"replies":[{"embeddable":true,"href":"https:\/\/onlinelotto365.com\/lt\/wp-json\/wp\/v2\/comments?post=80740"}],"version-history":[{"count":0,"href":"https:\/\/onlinelotto365.com\/lt\/wp-json\/wp\/v2\/pages\/80740\/revisions"}],"up":[{"embeddable":true,"href":"https:\/\/onlinelotto365.com\/lt\/wp-json\/wp\/v2\/pages\/5852"}],"wp:attachment":[{"href":"https:\/\/onlinelotto365.com\/lt\/wp-json\/wp\/v2\/media?parent=80740"}],"curies":[{"name":"wp","href":"https:\/\/api.w.org\/{rel}","templated":true}]}}