{"id":80772,"date":"2022-11-23T07:30:07","date_gmt":"2022-11-23T06:30:07","guid":{"rendered":"https:\/\/onlinelotto365.com\/?page_id=80772"},"modified":"2022-11-23T07:30:07","modified_gmt":"2022-11-23T06:30:07","slug":"uk-lottery","status":"publish","type":"page","link":"https:\/\/onlinelotto365.com\/lt\/laimeti-skaiciai\/uk-lottery\/","title":{"rendered":"JK loterijos rezultatai"},"content":{"rendered":"<p>Yra daugyb\u0117 \u012fvairi\u0173 tarptautini\u0173 \u017eaidim\u0173, o mes j\u0173 si\u016blome daugyb\u0119. Tai gali reik\u0161ti, kad po burt\u0173 traukimo jums bus sunku rasti rezultatus. Kai kurie nori ie\u0161koti laikra\u0161tyje, ta\u010diau j\u016bs\u0173 vietiniame laikra\u0161tyje gali neb\u016bti JK loterijos rezultat\u0173. Kita vertus, televizijos stotys taip pat gali netur\u0117ti \u0161i\u0173 rezultat\u0173 arba gali prireikti laiko, kol rasite tinkam\u0105 kanal\u0105, kuris juos turi.<br \/>\n<a href=\"https:\/\/redfoxlotto.com\/play\/lotto-uk\/?ref=a8564250a2&amp;medium=ol365\" target=\"_blank\" rel=\"noopener noreferrer\"><img decoding=\"async\" class=\"aligncenter\" src=\"https:\/\/redfoxlotto.com\/image?size=8&amp;lottery=lotto-uk\" alt=\"uk loterija\" \/><\/a><br \/>\nKita galimyb\u0117 &#8211; pa\u017evelgti \u012f oficiali\u0105 Jungtin\u0117s Karalyst\u0117s loterijos svetain\u0119, kurioje gali b\u016bti tiesiogin\u0117 burt\u0173 traukimo proceso transliacija. Ta\u010diau ne visi loterij\u0173 \u017eaidimai si\u016blo toki\u0105 tiesiogin\u0117s transliacijos sistem\u0105, o net ir tada, kai j\u0105 si\u016blo, turite b\u016bti ten tinkamu laiku. Taigi, kokiu b\u016bdu galite su\u017einoti JK loterijos rezultatus?<br \/>\nKita galimyb\u0117 &#8211; patikrinti &#8222;YouTube&#8221;, ar n\u0117ra naujausi\u0173 JK loterijos burt\u0173 traukimo rezultat\u0173, jei jie jau baig\u0117si. Kartais \u017emon\u0117s \u012fkelia \u012fra\u0161\u0105 arba kokiu nors b\u016bdu paskelbia laim\u0117jusius skai\u010dius.<\/p>\n<p>Ta\u010diau lengviausias b\u016bdas, kuriuo galite su\u017einoti laimin\u010dius skai\u010dius, yra patikrinti m\u016bs\u0173 svetain\u0119. M\u016bs\u0173 loterijos rezultat\u0173 puslapyje rasite JK loterijos, taip pat vis\u0173 kit\u0173 m\u016bs\u0173 si\u016blom\u0173 loterijos \u017eaidim\u0173 rezultatus ir prizus.<\/p>\n<h2>Kaip su\u017einoti, ar j\u016bs\u0173 internetinis bilietas laim\u0117jo<\/h2>\n<p>Dar geriau tai, kad galite patikrinti savo paskyros puslap\u012f, jei jau \u012fsigijote bilietus. J\u016bs\u0173 paskyros puslapyje parodysime bet kurio j\u016bs\u0173 turimo bilieto laim\u0117jusius skai\u010dius ir palyginsime juos su j\u016bs\u0173 bilieto skai\u010diais. Netgi pary\u0161kinsime tuos skai\u010dius, kurie sutampa.<br \/>\nO jei laim\u0117jote ma\u017eiau nei 2500 eur\u0173, jums nieko daryti nereikia, nes pinigai jau bus pervesti tiesiai \u012f j\u016bs\u0173 \u017eaid\u0117jo s\u0105skait\u0105, kai tik bus patikrinti rezultatai. Taip jums bus lengviau nusipirkti daugiau biliet\u0173 kitam lo\u0161imui.<\/p>\n<h2>JK loterijos rezultat\u0173 archyvas<\/h2>\n<p>Kiekviename i\u0161 m\u016bs\u0173 svetain\u0117s puslapi\u0173, kuriuose rodomi dabartiniai laimingieji numeriai, taip pat bus rodomi senieji JK loterijos rezultatai. Gal\u0117site pasitikrinti ankstesnius tira\u017eus, ar turite sen\u0173 biliet\u0173, arba i\u0161siai\u0161kinti, kokiais skai\u010diais norite \u017eaisti kit\u0105 kart\u0105. Juk daugelis \u017emoni\u0173 m\u0117gsta patikrinti senuosius skai\u010dius, kad i\u0161sirinkt\u0173 savuosius.<\/p>\n<h2>Mano bilietas laim\u0117jo, kas bus toliau?<\/h2>\n<p><img loading=\"lazy\" decoding=\"async\" class=\"alignright wp-image-3550\" src=\"https:\/\/onlinelotto365.com\/wp-content\/uploads\/2020\/11\/online_lottery-108-300x232.jpg\" alt=\" uk loterijos rezultatai\" width=\"146\" height=\"113\" srcset=\"https:\/\/onlinelotto365.com\/wp-content\/uploads\/2020\/11\/online_lottery-108-300x232.jpg 300w, https:\/\/onlinelotto365.com\/wp-content\/uploads\/2020\/11\/online_lottery-108.jpg 320w\" sizes=\"auto, (max-width: 146px) 100vw, 146px\" \/><br \/>\nJei turite laiming\u0105 biliet\u0105 ir turite teis\u0119 \u012f ma\u017eesn\u0119 nei 2500 eur\u0173 sum\u0105, jums visai nieko nereikia daryti. Mes viskuo pasir\u016bpinsime u\u017e jus ir pasir\u016bpinsime, kad laim\u0117jim\u0105 gautum\u0117te tiesiai \u012f savo s\u0105skait\u0105. Jei norite \u0161iuos pinigus panaudoti, galite u\u017e juos \u012fsigyti dar daugiau biliet\u0173. Jei nenorite, galite atsiimti pinigus, jei tik turite bent 10 eur\u0173. \u0160ie pinigai turi b\u016bti atsiimti naudojant mok\u0117jimo b\u016bd\u0105, kuris jau buvo naudotas m\u016bs\u0173 svetain\u0117je, ir gali tekti patvirtinti savo tapatyb\u0119, kad b\u016bt\u0173 laikomasi federalini\u0173 taisykli\u0173.<\/p>\n","protected":false},"excerpt":{"rendered":"<p>Yra daugyb\u0117 \u012fvairi\u0173 tarptautini\u0173 \u017eaidim\u0173, o mes j\u0173 si\u016blome daugyb\u0119. Tai gali reik\u0161ti, kad po burt\u0173 traukimo jums bus sunku rasti rezultatus. Kai kurie nori ie\u0161koti laikra\u0161tyje, ta\u010diau j\u016bs\u0173 vietiniame laikra\u0161tyje gali neb\u016bti JK loterijos rezultat\u0173. Kita vertus, televizijos stotys taip pat gali netur\u0117ti \u0161i\u0173 rezultat\u0173 arba gali prireikti laiko, kol rasite tinkam\u0105 kanal\u0105, kuris [&hellip;]<\/p>\n","protected":false},"author":1,"featured_media":0,"parent":5852,"menu_order":9,"comment_status":"closed","ping_status":"closed","template":"lotto-uk-results.php","meta":{"_et_pb_use_builder":"","_et_pb_old_content":"","_et_gb_content_width":"","exclude_from_search":false,"footnotes":""},"class_list":["post-80772","page","type-page","status-publish","hentry"],"yoast_head":"<!-- This site is optimized with the Yoast SEO plugin v23.4 - https:\/\/yoast.com\/wordpress\/plugins\/seo\/ -->\n<title>Rezultatai, laim\u0117ti numeriai JK loterijos<\/title>\n<meta name=\"description\" content=\"I\u0161kart po pie\u0161imo, pamatyti rezultatus ir numerius JK loterijos \u010dia\" \/>\n<meta name=\"robots\" content=\"index, follow, max-snippet:-1, max-image-preview:large, max-video-preview:-1\" \/>\n<link rel=\"canonical\" href=\"https:\/\/onlinelotto365.com\/lt\/laimeti-skaiciai\/uk-lottery\/\" \/>\n<meta property=\"og:locale\" content=\"lt_LT\" \/>\n<meta property=\"og:type\" content=\"article\" \/>\n<meta property=\"og:title\" content=\"Rezultatai, laim\u0117ti numeriai JK loterijos\" \/>\n<meta property=\"og:description\" content=\"I\u0161kart po pie\u0161imo, pamatyti rezultatus ir numerius JK loterijos \u010dia\" \/>\n<meta property=\"og:url\" content=\"https:\/\/onlinelotto365.com\/lt\/laimeti-skaiciai\/uk-lottery\/\" \/>\n<meta property=\"og:site_name\" content=\"OnlineLotto365\" \/>\n<meta property=\"og:image\" content=\"https:\/\/redfoxlotto.com\/image?size=8&amp;lottery=lotto-uk\" \/>\n<meta name=\"twitter:card\" content=\"summary_large_image\" \/>\n<meta name=\"twitter:label1\" content=\"Est. reading time\" \/>\n\t<meta name=\"twitter:data1\" content=\"3 minut\u0117s\" \/>\n<script type=\"application\/ld+json\" class=\"yoast-schema-graph\">{\"@context\":\"https:\/\/schema.org\",\"@graph\":[{\"@type\":\"WebPage\",\"@id\":\"https:\/\/onlinelotto365.com\/lt\/laimeti-skaiciai\/uk-lottery\/\",\"url\":\"https:\/\/onlinelotto365.com\/lt\/laimeti-skaiciai\/uk-lottery\/\",\"name\":\"Rezultatai, laim\u0117ti numeriai JK loterijos\",\"isPartOf\":{\"@id\":\"https:\/\/onlinelotto365.com\/lt\/#website\"},\"primaryImageOfPage\":{\"@id\":\"https:\/\/onlinelotto365.com\/lt\/laimeti-skaiciai\/uk-lottery\/#primaryimage\"},\"image\":{\"@id\":\"https:\/\/onlinelotto365.com\/lt\/laimeti-skaiciai\/uk-lottery\/#primaryimage\"},\"thumbnailUrl\":\"https:\/\/redfoxlotto.com\/image?size=8&amp;lottery=lotto-uk\",\"datePublished\":\"2022-11-23T06:30:07+00:00\",\"dateModified\":\"2022-11-23T06:30:07+00:00\",\"description\":\"I\u0161kart po pie\u0161imo, pamatyti rezultatus ir numerius JK loterijos \u010dia\",\"breadcrumb\":{\"@id\":\"https:\/\/onlinelotto365.com\/lt\/laimeti-skaiciai\/uk-lottery\/#breadcrumb\"},\"inLanguage\":\"lt-LT\",\"potentialAction\":[{\"@type\":\"ReadAction\",\"target\":[\"https:\/\/onlinelotto365.com\/lt\/laimeti-skaiciai\/uk-lottery\/\"]}]},{\"@type\":\"ImageObject\",\"inLanguage\":\"lt-LT\",\"@id\":\"https:\/\/onlinelotto365.com\/lt\/laimeti-skaiciai\/uk-lottery\/#primaryimage\",\"url\":\"https:\/\/redfoxlotto.com\/image?size=8&amp;lottery=lotto-uk\",\"contentUrl\":\"https:\/\/redfoxlotto.com\/image?size=8&amp;lottery=lotto-uk\"},{\"@type\":\"BreadcrumbList\",\"@id\":\"https:\/\/onlinelotto365.com\/lt\/laimeti-skaiciai\/uk-lottery\/#breadcrumb\",\"itemListElement\":[{\"@type\":\"ListItem\",\"position\":1,\"name\":\"Home\",\"item\":\"https:\/\/onlinelotto365.com\/lt\/\"},{\"@type\":\"ListItem\",\"position\":2,\"name\":\"Raskite naujausi\u0173 loterij\u0173 laim\u0117jim\u0173 skai\u010di\u0173 ir rezultatus\",\"item\":\"https:\/\/onlinelotto365.com\/lt\/laimeti-skaiciai\/\"},{\"@type\":\"ListItem\",\"position\":3,\"name\":\"JK loterijos rezultatai\"}]},{\"@type\":\"WebSite\",\"@id\":\"https:\/\/onlinelotto365.com\/lt\/#website\",\"url\":\"https:\/\/onlinelotto365.com\/lt\/\",\"name\":\"OnlineLotto365\",\"description\":\"\",\"potentialAction\":[{\"@type\":\"SearchAction\",\"target\":{\"@type\":\"EntryPoint\",\"urlTemplate\":\"https:\/\/onlinelotto365.com\/lt\/?s={search_term_string}\"},\"query-input\":{\"@type\":\"PropertyValueSpecification\",\"valueRequired\":true,\"valueName\":\"search_term_string\"}}],\"inLanguage\":\"lt-LT\"}]}<\/script>\n<!-- \/ Yoast SEO plugin. -->","yoast_head_json":{"title":"Rezultatai, laim\u0117ti numeriai JK loterijos","description":"I\u0161kart po pie\u0161imo, pamatyti rezultatus ir numerius JK loterijos \u010dia","robots":{"index":"index","follow":"follow","max-snippet":"max-snippet:-1","max-image-preview":"max-image-preview:large","max-video-preview":"max-video-preview:-1"},"canonical":"https:\/\/onlinelotto365.com\/lt\/laimeti-skaiciai\/uk-lottery\/","og_locale":"lt_LT","og_type":"article","og_title":"Rezultatai, laim\u0117ti numeriai JK loterijos","og_description":"I\u0161kart po pie\u0161imo, pamatyti rezultatus ir numerius JK loterijos \u010dia","og_url":"https:\/\/onlinelotto365.com\/lt\/laimeti-skaiciai\/uk-lottery\/","og_site_name":"OnlineLotto365","og_image":[{"url":"https:\/\/redfoxlotto.com\/image?size=8&amp;lottery=lotto-uk"}],"twitter_card":"summary_large_image","twitter_misc":{"Est. reading time":"3 minut\u0117s"},"schema":{"@context":"https:\/\/schema.org","@graph":[{"@type":"WebPage","@id":"https:\/\/onlinelotto365.com\/lt\/laimeti-skaiciai\/uk-lottery\/","url":"https:\/\/onlinelotto365.com\/lt\/laimeti-skaiciai\/uk-lottery\/","name":"Rezultatai, laim\u0117ti numeriai JK loterijos","isPartOf":{"@id":"https:\/\/onlinelotto365.com\/lt\/#website"},"primaryImageOfPage":{"@id":"https:\/\/onlinelotto365.com\/lt\/laimeti-skaiciai\/uk-lottery\/#primaryimage"},"image":{"@id":"https:\/\/onlinelotto365.com\/lt\/laimeti-skaiciai\/uk-lottery\/#primaryimage"},"thumbnailUrl":"https:\/\/redfoxlotto.com\/image?size=8&amp;lottery=lotto-uk","datePublished":"2022-11-23T06:30:07+00:00","dateModified":"2022-11-23T06:30:07+00:00","description":"I\u0161kart po pie\u0161imo, pamatyti rezultatus ir numerius JK loterijos \u010dia","breadcrumb":{"@id":"https:\/\/onlinelotto365.com\/lt\/laimeti-skaiciai\/uk-lottery\/#breadcrumb"},"inLanguage":"lt-LT","potentialAction":[{"@type":"ReadAction","target":["https:\/\/onlinelotto365.com\/lt\/laimeti-skaiciai\/uk-lottery\/"]}]},{"@type":"ImageObject","inLanguage":"lt-LT","@id":"https:\/\/onlinelotto365.com\/lt\/laimeti-skaiciai\/uk-lottery\/#primaryimage","url":"https:\/\/redfoxlotto.com\/image?size=8&amp;lottery=lotto-uk","contentUrl":"https:\/\/redfoxlotto.com\/image?size=8&amp;lottery=lotto-uk"},{"@type":"BreadcrumbList","@id":"https:\/\/onlinelotto365.com\/lt\/laimeti-skaiciai\/uk-lottery\/#breadcrumb","itemListElement":[{"@type":"ListItem","position":1,"name":"Home","item":"https:\/\/onlinelotto365.com\/lt\/"},{"@type":"ListItem","position":2,"name":"Raskite naujausi\u0173 loterij\u0173 laim\u0117jim\u0173 skai\u010di\u0173 ir rezultatus","item":"https:\/\/onlinelotto365.com\/lt\/laimeti-skaiciai\/"},{"@type":"ListItem","position":3,"name":"JK loterijos rezultatai"}]},{"@type":"WebSite","@id":"https:\/\/onlinelotto365.com\/lt\/#website","url":"https:\/\/onlinelotto365.com\/lt\/","name":"OnlineLotto365","description":"","potentialAction":[{"@type":"SearchAction","target":{"@type":"EntryPoint","urlTemplate":"https:\/\/onlinelotto365.com\/lt\/?s={search_term_string}"},"query-input":{"@type":"PropertyValueSpecification","valueRequired":true,"valueName":"search_term_string"}}],"inLanguage":"lt-LT"}]}},"_links":{"self":[{"href":"https:\/\/onlinelotto365.com\/lt\/wp-json\/wp\/v2\/pages\/80772","targetHints":{"allow":["GET"]}}],"collection":[{"href":"https:\/\/onlinelotto365.com\/lt\/wp-json\/wp\/v2\/pages"}],"about":[{"href":"https:\/\/onlinelotto365.com\/lt\/wp-json\/wp\/v2\/types\/page"}],"author":[{"embeddable":true,"href":"https:\/\/onlinelotto365.com\/lt\/wp-json\/wp\/v2\/users\/1"}],"replies":[{"embeddable":true,"href":"https:\/\/onlinelotto365.com\/lt\/wp-json\/wp\/v2\/comments?post=80772"}],"version-history":[{"count":0,"href":"https:\/\/onlinelotto365.com\/lt\/wp-json\/wp\/v2\/pages\/80772\/revisions"}],"up":[{"embeddable":true,"href":"https:\/\/onlinelotto365.com\/lt\/wp-json\/wp\/v2\/pages\/5852"}],"wp:attachment":[{"href":"https:\/\/onlinelotto365.com\/lt\/wp-json\/wp\/v2\/media?parent=80772"}],"curies":[{"name":"wp","href":"https:\/\/api.w.org\/{rel}","templated":true}]}}