{"id":80808,"date":"2022-11-23T08:31:56","date_gmt":"2022-11-23T07:31:56","guid":{"rendered":"https:\/\/onlinelotto365.com\/?page_id=80808"},"modified":"2022-11-23T08:31:56","modified_gmt":"2022-11-23T07:31:56","slug":"set-for-life","status":"publish","type":"page","link":"https:\/\/onlinelotto365.com\/lt\/laimeti-skaiciai\/set-for-life\/","title":{"rendered":"&#8222;Set for life&#8221; burt\u0173 traukimo rezultatai"},"content":{"rendered":"<p>Tarptautin\u0117s loterijos \u017eaidimai gali b\u016bti labai smag\u016bs, ta\u010diau norint rasti laimin\u010dius skai\u010dius reikia \u0161iek tiek pastang\u0173. J\u016bs\u0173 vietiniame laikra\u0161tyje gali b\u016bti nepateikti &#8222;Set for Life&#8221; numeriai. Taip yra tod\u0117l, kad galb\u016bt nesate tinkamoje vietov\u0117je.<br \/>\n<a href=\"https:\/\/redfoxlotto.com\/play\/set-for-life-uk\/?ref=a8564250a2&amp;medium=ol365\" target=\"_blank\" rel=\"noopener noreferrer\"><img decoding=\"async\" class=\"aligncenter\" src=\"https:\/\/redfoxlotto.com\/image?size=8&amp;lottery=set-for-life-uk\" alt=\"set for life\" \/><\/a><\/p>\n<p>Tas pats pasakytina ir apie rezultat\u0173 steb\u0117jim\u0105 per televizij\u0105. Jei nesate tinkamoje vietov\u0117je, teks nema\u017eai paie\u0161koti, kad rastum\u0117te kanal\u0105, kuris rodo rezultatus.<br \/>\nTaip pat galite pasi\u017ei\u016br\u0117ti oficialioje &#8222;Set for Life&#8221; svetain\u0117je, ar joje n\u0117ra tiesiogin\u0117s laim\u0117jusi\u0173 skai\u010di\u0173 transliacijos. Jei taip, galb\u016bt nor\u0117site j\u0105 i\u0161bandyti, nes tiesioginis burt\u0173 traukimo steb\u0117jimas yra viena \u012fdomiausi\u0173 galimybi\u0173. Kita vertus, ne kiekvienas loterijos \u017eaidimas si\u016blo toki\u0105 galimyb\u0119, tod\u0117l galite jos ir nerasti.<\/p>\n<p>Kita vieta, kur galite ie\u0161koti, yra &#8222;YouTube&#8221;. Kartais ten galite rasti burt\u0173 traukimo vaizdo \u012fra\u0161\u0173 po to, kai burt\u0173 traukimas jau \u012fvyko, ir galb\u016bt gal\u0117site rasti laim\u0117jusius skai\u010dius.<\/p>\n<p>Patogiausias b\u016bdas rasti &#8222;Set for Life&#8221; laiminguosius skai\u010dius &#8211; apsilankyti m\u016bs\u0173 svetain\u0117je. Pas mus rasite visus laiminguosius numerius, skirtus visiems m\u016bs\u0173 si\u016blomiems \u017eaidimams. Taigi, galite rasti &#8222;Set for Life&#8221; ir daugyb\u0119 kit\u0173.<\/p>\n<h2>Kaip su\u017einoti, ar j\u016bs\u0173 internetinis bilietas laim\u0117jo<\/h2>\n<p>Dar geriau, jei jau \u012fsigijote &#8222;Set for Life&#8221; bilietus pas mus. Taip yra tod\u0117l, kad mes leid\u017eiame dar papras\u010diau patikrinti jau turimus bilietus. Galite patikrinti puslap\u012f, kuriame saugomi visi j\u016bs\u0173 bilietai, ir rasite ne tik savo biliet\u0173 numerius, bet ir laim\u0117jusio bilieto numerius. Mes net pasir\u016bpinsime, kad \u017einotum\u0117te, kurie skai\u010diai sutampa, \u017eym\u0117dami juos spalvomis. Taip jums net nereik\u0117s patiems ie\u0161koti variant\u0173. Tada, jei laim\u0117jimo suma bus ma\u017eesn\u0117 nei 2500 eur\u0173, jums nereik\u0117s nerimauti, nes pinigus i\u0161 karto pervesime \u012f j\u016bs\u0173 s\u0105skait\u0105.<\/p>\n<h2>Nustatyti visam gyvenimui rezultat\u0173 archyvas<\/h2>\n<p>Tie, kurie nori pa\u017evelgti \u012f senus &#8222;Set for Life&#8221; skai\u010dius, tai gali padaryti nesunkiai. Archyvinius numerius galime rasti visur, kur yra naujausi rezultatai. Taip gal\u0117site pamatyti, kokie numeriai traukiami da\u017eniausiai ir kurie gali b\u016bti skirti kitam traukimui.<\/p>\n<h2>Mano bilietas laim\u0117jo, kas bus toliau?<\/h2>\n<p>Jei laim\u0117jote loterijos biliet\u0105 su &#8222;Set for Life&#8221;, jums belieka tik laukti ir steb\u0117ti, kas bus toliau. Taip yra tod\u0117l, kad daugeliu dalyk\u0173 pasir\u016bpinsime u\u017e jus. Galite laukti bet kokios sumos, kuri yra ma\u017eesn\u0117 nei 2500 eur\u0173, nes mes j\u0105 i\u0161 karto pervesime \u012f j\u016bs\u0173 s\u0105skait\u0105, kai tik bus patikrinti laim\u0117j\u0119 skai\u010diai.<br \/>\n<img loading=\"lazy\" decoding=\"async\" class=\"alignright wp-image-3543\" src=\"https:\/\/onlinelotto365.com\/wp-content\/uploads\/2020\/11\/online_lottery-3-300x300.jpg\" alt=\"Set for life laimingieji numeriai\" width=\"187\" height=\"187\" srcset=\"https:\/\/onlinelotto365.com\/wp-content\/uploads\/2020\/11\/online_lottery-3-300x300.jpg 300w, https:\/\/onlinelotto365.com\/wp-content\/uploads\/2020\/11\/online_lottery-3-100x100.jpg 100w, https:\/\/onlinelotto365.com\/wp-content\/uploads\/2020\/11\/online_lottery-3-150x150.jpg 150w, https:\/\/onlinelotto365.com\/wp-content\/uploads\/2020\/11\/online_lottery-3.jpg 320w\" sizes=\"auto, (max-width: 187px) 100vw, 187px\" \/><br \/>\nTada, jei j\u016bs\u0173 s\u0105skaitoje bus bent 10 \u20ac, gal\u0117site atsiimti pinigus \u012f savo banko s\u0105skait\u0105. Jums tereikia \u012fsitikinti, kad naudojat\u0117s s\u0105skaita, kuria jau anks\u010diau naudojot\u0117s m\u016bs\u0173 sistemoje. Ir tur\u0117site patvirtinti savo tapatyb\u0119 ir informacij\u0105 m\u016bs\u0173 mok\u0117jimo procesoriui. Tai paprastas procesas, kur\u012f galima atlikti naudojant vos kelias formas, ir dar nesp\u0117jus apsidairyti j\u016bs\u0173 pinigai bus prieinami.<\/p>\n","protected":false},"excerpt":{"rendered":"<p>Tarptautin\u0117s loterijos \u017eaidimai gali b\u016bti labai smag\u016bs, ta\u010diau norint rasti laimin\u010dius skai\u010dius reikia \u0161iek tiek pastang\u0173. J\u016bs\u0173 vietiniame laikra\u0161tyje gali b\u016bti nepateikti &#8222;Set for Life&#8221; numeriai. Taip yra tod\u0117l, kad galb\u016bt nesate tinkamoje vietov\u0117je. Tas pats pasakytina ir apie rezultat\u0173 steb\u0117jim\u0105 per televizij\u0105. Jei nesate tinkamoje vietov\u0117je, teks nema\u017eai paie\u0161koti, kad rastum\u0117te kanal\u0105, kuris rodo [&hellip;]<\/p>\n","protected":false},"author":1,"featured_media":0,"parent":5852,"menu_order":10,"comment_status":"closed","ping_status":"closed","template":"set-for-life-results.php","meta":{"_et_pb_use_builder":"","_et_pb_old_content":"","_et_gb_content_width":"","exclude_from_search":false,"footnotes":""},"class_list":["post-80808","page","type-page","status-publish","hentry"],"yoast_head":"<!-- This site is optimized with the Yoast SEO plugin v23.4 - https:\/\/yoast.com\/wordpress\/plugins\/seo\/ -->\n<title>Paskutiniai &quot;Set for life&quot; laim\u0117j\u0119 skai\u010diai ir i\u0161mokos<\/title>\n<meta name=\"description\" content=\"Ar \u017eaid\u0117te loterijoje &quot;Set for life&quot;? Turime naujausius ir ankstesnius laim\u0117jusius skai\u010dius\" \/>\n<meta name=\"robots\" content=\"index, follow, max-snippet:-1, max-image-preview:large, max-video-preview:-1\" \/>\n<link rel=\"canonical\" href=\"https:\/\/onlinelotto365.com\/lt\/laimeti-skaiciai\/set-for-life\/\" \/>\n<meta property=\"og:locale\" content=\"lt_LT\" \/>\n<meta property=\"og:type\" content=\"article\" \/>\n<meta property=\"og:title\" content=\"Paskutiniai &quot;Set for life&quot; laim\u0117j\u0119 skai\u010diai ir i\u0161mokos\" \/>\n<meta property=\"og:description\" content=\"Ar \u017eaid\u0117te loterijoje &quot;Set for life&quot;? Turime naujausius ir ankstesnius laim\u0117jusius skai\u010dius\" \/>\n<meta property=\"og:url\" content=\"https:\/\/onlinelotto365.com\/lt\/laimeti-skaiciai\/set-for-life\/\" \/>\n<meta property=\"og:site_name\" content=\"OnlineLotto365\" \/>\n<meta property=\"og:image\" content=\"https:\/\/redfoxlotto.com\/image?size=8&amp;lottery=set-for-life-uk\" \/>\n<meta name=\"twitter:card\" content=\"summary_large_image\" \/>\n<meta name=\"twitter:label1\" content=\"Est. reading time\" \/>\n\t<meta name=\"twitter:data1\" content=\"3 minut\u0117s\" \/>\n<script type=\"application\/ld+json\" class=\"yoast-schema-graph\">{\"@context\":\"https:\/\/schema.org\",\"@graph\":[{\"@type\":\"WebPage\",\"@id\":\"https:\/\/onlinelotto365.com\/lt\/laimeti-skaiciai\/set-for-life\/\",\"url\":\"https:\/\/onlinelotto365.com\/lt\/laimeti-skaiciai\/set-for-life\/\",\"name\":\"Paskutiniai \\\"Set for life\\\" laim\u0117j\u0119 skai\u010diai ir i\u0161mokos\",\"isPartOf\":{\"@id\":\"https:\/\/onlinelotto365.com\/lt\/#website\"},\"primaryImageOfPage\":{\"@id\":\"https:\/\/onlinelotto365.com\/lt\/laimeti-skaiciai\/set-for-life\/#primaryimage\"},\"image\":{\"@id\":\"https:\/\/onlinelotto365.com\/lt\/laimeti-skaiciai\/set-for-life\/#primaryimage\"},\"thumbnailUrl\":\"https:\/\/redfoxlotto.com\/image?size=8&amp;lottery=set-for-life-uk\",\"datePublished\":\"2022-11-23T07:31:56+00:00\",\"dateModified\":\"2022-11-23T07:31:56+00:00\",\"description\":\"Ar \u017eaid\u0117te loterijoje \\\"Set for life\\\"? Turime naujausius ir ankstesnius laim\u0117jusius skai\u010dius\",\"breadcrumb\":{\"@id\":\"https:\/\/onlinelotto365.com\/lt\/laimeti-skaiciai\/set-for-life\/#breadcrumb\"},\"inLanguage\":\"lt-LT\",\"potentialAction\":[{\"@type\":\"ReadAction\",\"target\":[\"https:\/\/onlinelotto365.com\/lt\/laimeti-skaiciai\/set-for-life\/\"]}]},{\"@type\":\"ImageObject\",\"inLanguage\":\"lt-LT\",\"@id\":\"https:\/\/onlinelotto365.com\/lt\/laimeti-skaiciai\/set-for-life\/#primaryimage\",\"url\":\"https:\/\/redfoxlotto.com\/image?size=8&amp;lottery=set-for-life-uk\",\"contentUrl\":\"https:\/\/redfoxlotto.com\/image?size=8&amp;lottery=set-for-life-uk\"},{\"@type\":\"BreadcrumbList\",\"@id\":\"https:\/\/onlinelotto365.com\/lt\/laimeti-skaiciai\/set-for-life\/#breadcrumb\",\"itemListElement\":[{\"@type\":\"ListItem\",\"position\":1,\"name\":\"Home\",\"item\":\"https:\/\/onlinelotto365.com\/lt\/\"},{\"@type\":\"ListItem\",\"position\":2,\"name\":\"Raskite naujausi\u0173 loterij\u0173 laim\u0117jim\u0173 skai\u010di\u0173 ir rezultatus\",\"item\":\"https:\/\/onlinelotto365.com\/lt\/laimeti-skaiciai\/\"},{\"@type\":\"ListItem\",\"position\":3,\"name\":\"&#8222;Set for life&#8221; burt\u0173 traukimo rezultatai\"}]},{\"@type\":\"WebSite\",\"@id\":\"https:\/\/onlinelotto365.com\/lt\/#website\",\"url\":\"https:\/\/onlinelotto365.com\/lt\/\",\"name\":\"OnlineLotto365\",\"description\":\"\",\"potentialAction\":[{\"@type\":\"SearchAction\",\"target\":{\"@type\":\"EntryPoint\",\"urlTemplate\":\"https:\/\/onlinelotto365.com\/lt\/?s={search_term_string}\"},\"query-input\":{\"@type\":\"PropertyValueSpecification\",\"valueRequired\":true,\"valueName\":\"search_term_string\"}}],\"inLanguage\":\"lt-LT\"}]}<\/script>\n<!-- \/ Yoast SEO plugin. -->","yoast_head_json":{"title":"Paskutiniai \"Set for life\" laim\u0117j\u0119 skai\u010diai ir i\u0161mokos","description":"Ar \u017eaid\u0117te loterijoje \"Set for life\"? Turime naujausius ir ankstesnius laim\u0117jusius skai\u010dius","robots":{"index":"index","follow":"follow","max-snippet":"max-snippet:-1","max-image-preview":"max-image-preview:large","max-video-preview":"max-video-preview:-1"},"canonical":"https:\/\/onlinelotto365.com\/lt\/laimeti-skaiciai\/set-for-life\/","og_locale":"lt_LT","og_type":"article","og_title":"Paskutiniai \"Set for life\" laim\u0117j\u0119 skai\u010diai ir i\u0161mokos","og_description":"Ar \u017eaid\u0117te loterijoje \"Set for life\"? Turime naujausius ir ankstesnius laim\u0117jusius skai\u010dius","og_url":"https:\/\/onlinelotto365.com\/lt\/laimeti-skaiciai\/set-for-life\/","og_site_name":"OnlineLotto365","og_image":[{"url":"https:\/\/redfoxlotto.com\/image?size=8&amp;lottery=set-for-life-uk"}],"twitter_card":"summary_large_image","twitter_misc":{"Est. reading time":"3 minut\u0117s"},"schema":{"@context":"https:\/\/schema.org","@graph":[{"@type":"WebPage","@id":"https:\/\/onlinelotto365.com\/lt\/laimeti-skaiciai\/set-for-life\/","url":"https:\/\/onlinelotto365.com\/lt\/laimeti-skaiciai\/set-for-life\/","name":"Paskutiniai \"Set for life\" laim\u0117j\u0119 skai\u010diai ir i\u0161mokos","isPartOf":{"@id":"https:\/\/onlinelotto365.com\/lt\/#website"},"primaryImageOfPage":{"@id":"https:\/\/onlinelotto365.com\/lt\/laimeti-skaiciai\/set-for-life\/#primaryimage"},"image":{"@id":"https:\/\/onlinelotto365.com\/lt\/laimeti-skaiciai\/set-for-life\/#primaryimage"},"thumbnailUrl":"https:\/\/redfoxlotto.com\/image?size=8&amp;lottery=set-for-life-uk","datePublished":"2022-11-23T07:31:56+00:00","dateModified":"2022-11-23T07:31:56+00:00","description":"Ar \u017eaid\u0117te loterijoje \"Set for life\"? Turime naujausius ir ankstesnius laim\u0117jusius skai\u010dius","breadcrumb":{"@id":"https:\/\/onlinelotto365.com\/lt\/laimeti-skaiciai\/set-for-life\/#breadcrumb"},"inLanguage":"lt-LT","potentialAction":[{"@type":"ReadAction","target":["https:\/\/onlinelotto365.com\/lt\/laimeti-skaiciai\/set-for-life\/"]}]},{"@type":"ImageObject","inLanguage":"lt-LT","@id":"https:\/\/onlinelotto365.com\/lt\/laimeti-skaiciai\/set-for-life\/#primaryimage","url":"https:\/\/redfoxlotto.com\/image?size=8&amp;lottery=set-for-life-uk","contentUrl":"https:\/\/redfoxlotto.com\/image?size=8&amp;lottery=set-for-life-uk"},{"@type":"BreadcrumbList","@id":"https:\/\/onlinelotto365.com\/lt\/laimeti-skaiciai\/set-for-life\/#breadcrumb","itemListElement":[{"@type":"ListItem","position":1,"name":"Home","item":"https:\/\/onlinelotto365.com\/lt\/"},{"@type":"ListItem","position":2,"name":"Raskite naujausi\u0173 loterij\u0173 laim\u0117jim\u0173 skai\u010di\u0173 ir rezultatus","item":"https:\/\/onlinelotto365.com\/lt\/laimeti-skaiciai\/"},{"@type":"ListItem","position":3,"name":"&#8222;Set for life&#8221; burt\u0173 traukimo rezultatai"}]},{"@type":"WebSite","@id":"https:\/\/onlinelotto365.com\/lt\/#website","url":"https:\/\/onlinelotto365.com\/lt\/","name":"OnlineLotto365","description":"","potentialAction":[{"@type":"SearchAction","target":{"@type":"EntryPoint","urlTemplate":"https:\/\/onlinelotto365.com\/lt\/?s={search_term_string}"},"query-input":{"@type":"PropertyValueSpecification","valueRequired":true,"valueName":"search_term_string"}}],"inLanguage":"lt-LT"}]}},"_links":{"self":[{"href":"https:\/\/onlinelotto365.com\/lt\/wp-json\/wp\/v2\/pages\/80808","targetHints":{"allow":["GET"]}}],"collection":[{"href":"https:\/\/onlinelotto365.com\/lt\/wp-json\/wp\/v2\/pages"}],"about":[{"href":"https:\/\/onlinelotto365.com\/lt\/wp-json\/wp\/v2\/types\/page"}],"author":[{"embeddable":true,"href":"https:\/\/onlinelotto365.com\/lt\/wp-json\/wp\/v2\/users\/1"}],"replies":[{"embeddable":true,"href":"https:\/\/onlinelotto365.com\/lt\/wp-json\/wp\/v2\/comments?post=80808"}],"version-history":[{"count":0,"href":"https:\/\/onlinelotto365.com\/lt\/wp-json\/wp\/v2\/pages\/80808\/revisions"}],"up":[{"embeddable":true,"href":"https:\/\/onlinelotto365.com\/lt\/wp-json\/wp\/v2\/pages\/5852"}],"wp:attachment":[{"href":"https:\/\/onlinelotto365.com\/lt\/wp-json\/wp\/v2\/media?parent=80808"}],"curies":[{"name":"wp","href":"https:\/\/api.w.org\/{rel}","templated":true}]}}