{"id":80841,"date":"2022-11-23T11:43:45","date_gmt":"2022-11-23T10:43:45","guid":{"rendered":"https:\/\/onlinelotto365.com\/?page_id=80841"},"modified":"2022-11-23T11:43:45","modified_gmt":"2022-11-23T10:43:45","slug":"german-lotto","status":"publish","type":"page","link":"https:\/\/onlinelotto365.com\/lt\/laimeti-skaiciai\/german-lotto\/","title":{"rendered":"\u017di\u016br\u0117ti Vokietijos Lotto laim\u0117ti numeriai \u010dia"},"content":{"rendered":"<p>Tarptautin\u0117s loterijos \u017eaidimus gali b\u016bti \u0161iek tiek sunkiau steb\u0117ti, nes galite gyventi ne toje pa\u010dioje vietov\u0117je, kurioje jie traukiami. Gali b\u016bti, kad vietiniame laikra\u0161tyje negal\u0117site patikrinti Vokietijos loterijos rezultat\u0173. O per televizij\u0105 taip pat gali nepavykti rasti t\u0173 Vokietijos Lotto laim\u0117jusi\u0173 skai\u010di\u0173. Jei juos rasite bet kurioje i\u0161 \u0161i\u0173 viet\u0173, tur\u0117site atlikti nema\u017eai tyrim\u0173, kad juos pasiektum\u0117te.<br \/>\n<a href=\"https:\/\/redfoxlotto.com\/play\/lotto-6aus49\/?ref=a8564250a2&amp;medium=ol365\" target=\"_blank\" rel=\"noopener noreferrer\"><img decoding=\"async\" class=\"aligncenter\" src=\"https:\/\/redfoxlotto.com\/image?size=8&amp;lottery=lotto-6aus49\" alt=\"GVokietijos Lotto 6aus49\" \/><\/a><\/p>\n<p>Taip pat galite pagalvoti apie galimyb\u0119 apsilankyti Vokietijos Lotto svetain\u0117je. Kartais \u0161iose oficialiose svetain\u0117se si\u016blomi tiesioginiai burt\u0173 traukimai, tod\u0117l galite matyti rezultatus, kai jie gaunami. Ta\u010diau ne visuose \u017eaidimuose yra tokia galimyb\u0117, tod\u0117l gali b\u016bti, kad net ir oficialioje svetain\u0117je netur\u0117site galimyb\u0117s rasti savo rezultat\u0173.<\/p>\n<p>Taip pat galite pasi\u017ei\u016br\u0117ti \u012f &#8222;YouTube&#8221; ir pa\u017ei\u016br\u0117ti, ar kas nors ne\u012fk\u0117l\u0117 tiesioginio burt\u0173 traukimo vaizdo \u012fra\u0161o arba net vaizdo \u012fra\u0161o su rezultatais pra\u0117jus kuriam laikui po burt\u0173 traukimo.<\/p>\n<p>Vis d\u0117lto lengviausias b\u016bdas jums su\u017einoti ie\u0161komus rezultatus &#8211; pa\u017evelgti \u012f m\u016bs\u0173 svetain\u0119. Pad\u0117sime jums rasti Vokietijos Lotto rezultatus tiesiai m\u016bs\u0173 rezultat\u0173 puslapyje. Ten dalijam\u0117s vis\u0173 loterijos \u017eaidim\u0173, kuriuos rasite m\u016bs\u0173 svetain\u0117je, laim\u0117jusiais skai\u010diais.<\/p>\n<h2>Kaip su\u017einoti, ar j\u016bs\u0173 internetinis bilietas laim\u0117jo<\/h2>\n<p>Tiems, kurie i\u0161 m\u016bs\u0173 pirko bilietus \u012f &#8222;German Lotto&#8221;, su\u017einoti rezultatus bus dar papras\u010diau. Taip yra tod\u0117l, kad jums tereikia pa\u017evelgti \u012f savo paskyros puslap\u012f. Jame gal\u0117site pamatyti savo \u012fsigytus bilietus bet kuriam i\u0161 m\u016bs\u0173 si\u016blom\u0173 \u017eaidim\u0173. Tada toje pa\u010dioje vietoje gal\u0117site pa\u017evelgti \u012f laim\u0117jusius skai\u010dius.<br \/>\nMes netgi pary\u0161kinsime visus j\u016bs\u0173 atsp\u0117tus skai\u010dius, kad \u017einotum\u0117te, k\u0105 laim\u0117jote. O jei laim\u0117jote ma\u017eiau nei 2500 eur\u0173, mes pasir\u016bpinsime, kad jie b\u016bt\u0173 \u012ftraukti \u012f j\u016bs\u0173 s\u0105skait\u0105, kai tik bus oficialiai patvirtinti \u017eaidimo numeriai. Jums taip paprasta.<\/p>\n<h2>Vokietijos Lotto rezultat\u0173 archyvas<\/h2>\n<p>M\u016bs\u0173 svetain\u0117s puslapiuose, kuriuose pateikiami naujausi &#8222;German Lotto&#8221; numeriai, taip pat matysite visus senus numerius i\u0161 m\u016bs\u0173 archyvo. Taip yra tod\u0117l, kad \u017einome, jog daugelis \u017emoni\u0173 nori \u017einoti senesnius numerius, kad gal\u0117t\u0173 lengviau i\u0161sirinkti numerius, kuriuos nor\u0117t\u0173 naudoti kitiems bilietams. Juos pateikiame bet kuriame puslapyje, kuriame rodomi nauji numeriai.<\/p>\n<h2>Mano bilietas laim\u0117jo, kas bus toliau?<\/h2>\n<p><img loading=\"lazy\" decoding=\"async\" class=\"alignright size-medium wp-image-3593\" src=\"https:\/\/onlinelotto365.com\/wp-content\/uploads\/2020\/11\/online_lottery-39-300x150.jpg\" alt=\"Vokie\u010di\u0173 loto laimingieji numeriai\" width=\"300\" height=\"150\" srcset=\"https:\/\/onlinelotto365.com\/wp-content\/uploads\/2020\/11\/online_lottery-39-300x150.jpg 300w, https:\/\/onlinelotto365.com\/wp-content\/uploads\/2020\/11\/online_lottery-39.jpg 490w\" sizes=\"auto, (max-width: 300px) 100vw, 300px\" \/><br \/>\nJei laim\u0117jote &#8222;German Lotto&#8221; ir j\u016bs\u0173 laimingo bilieto vert\u0117 yra ma\u017eesn\u0117 nei 2500 eur\u0173, mes pasir\u016bpinsime, kad pinigai b\u016bt\u0173 pervesti \u012f j\u016bs\u0173 s\u0105skait\u0105, kai tik bus patikrinti visi laim\u0117j\u0119 skai\u010diai. Tai rei\u0161kia, kad jums nereikia nieko daryti. Jei laimingojo bilieto vert\u0117 didesn\u0117 nei 2500 \u20ac, tur\u0117site u\u017epildyti form\u0105, ta\u010diau mes vis tiek pad\u0117sime jums atlikti \u0161\u012f proces\u0105. Tada, jei j\u016bs\u0173 s\u0105skaitoje bus bent 10 \u20ac, tur\u0117site galimyb\u0119 i\u0161sigryninti pinigus \u012f bet kuri\u0105 banko ar kredito kortel\u0117s s\u0105skait\u0105, kuria jau naudojot\u0117s m\u016bs\u0173 svetain\u0117je. Jei dar nesinaudojote m\u016bs\u0173 s\u0105skaita, negal\u0117site \u012f j\u0105 i\u0161sigryninti pinig\u0173.<\/p>\n","protected":false},"excerpt":{"rendered":"<p>Tarptautin\u0117s loterijos \u017eaidimus gali b\u016bti \u0161iek tiek sunkiau steb\u0117ti, nes galite gyventi ne toje pa\u010dioje vietov\u0117je, kurioje jie traukiami. Gali b\u016bti, kad vietiniame laikra\u0161tyje negal\u0117site patikrinti Vokietijos loterijos rezultat\u0173. O per televizij\u0105 taip pat gali nepavykti rasti t\u0173 Vokietijos Lotto laim\u0117jusi\u0173 skai\u010di\u0173. Jei juos rasite bet kurioje i\u0161 \u0161i\u0173 viet\u0173, tur\u0117site atlikti nema\u017eai tyrim\u0173, kad [&hellip;]<\/p>\n","protected":false},"author":1,"featured_media":0,"parent":5852,"menu_order":11,"comment_status":"closed","ping_status":"closed","template":"lotto-german-results.php","meta":{"_et_pb_use_builder":"","_et_pb_old_content":"","_et_gb_content_width":"","exclude_from_search":false,"footnotes":""},"class_list":["post-80841","page","type-page","status-publish","hentry"],"yoast_head":"<!-- This site is optimized with the Yoast SEO plugin v23.4 - https:\/\/yoast.com\/wordpress\/plugins\/seo\/ -->\n<title>Laim\u0117j\u0119 numeriai Vokietijos Lotto | Lygiosios rezultatai ir laim\u0117tos sumos Vokietijos Lotto<\/title>\n<meta name=\"description\" content=\"Jei norite rasti laim\u0117jusius Vokietijos loterijos 6aus49 numerius, ie\u0161kokite \u010dia!\" \/>\n<meta name=\"robots\" content=\"index, follow, max-snippet:-1, max-image-preview:large, max-video-preview:-1\" \/>\n<link rel=\"canonical\" href=\"https:\/\/onlinelotto365.com\/lt\/laimeti-skaiciai\/german-lotto\/\" \/>\n<meta property=\"og:locale\" content=\"lt_LT\" \/>\n<meta property=\"og:type\" content=\"article\" \/>\n<meta property=\"og:title\" content=\"Laim\u0117j\u0119 numeriai Vokietijos Lotto | Lygiosios rezultatai ir laim\u0117tos sumos Vokietijos Lotto\" \/>\n<meta property=\"og:description\" content=\"Jei norite rasti laim\u0117jusius Vokietijos loterijos 6aus49 numerius, ie\u0161kokite \u010dia!\" \/>\n<meta property=\"og:url\" content=\"https:\/\/onlinelotto365.com\/lt\/laimeti-skaiciai\/german-lotto\/\" \/>\n<meta property=\"og:site_name\" content=\"OnlineLotto365\" \/>\n<meta property=\"og:image\" content=\"https:\/\/redfoxlotto.com\/image?size=8&amp;lottery=lotto-6aus49\" \/>\n<meta name=\"twitter:card\" content=\"summary_large_image\" \/>\n<meta name=\"twitter:label1\" content=\"Est. reading time\" \/>\n\t<meta name=\"twitter:data1\" content=\"3 minut\u0117s\" \/>\n<script type=\"application\/ld+json\" class=\"yoast-schema-graph\">{\"@context\":\"https:\/\/schema.org\",\"@graph\":[{\"@type\":\"WebPage\",\"@id\":\"https:\/\/onlinelotto365.com\/lt\/laimeti-skaiciai\/german-lotto\/\",\"url\":\"https:\/\/onlinelotto365.com\/lt\/laimeti-skaiciai\/german-lotto\/\",\"name\":\"Laim\u0117j\u0119 numeriai Vokietijos Lotto | Lygiosios rezultatai ir laim\u0117tos sumos Vokietijos Lotto\",\"isPartOf\":{\"@id\":\"https:\/\/onlinelotto365.com\/lt\/#website\"},\"primaryImageOfPage\":{\"@id\":\"https:\/\/onlinelotto365.com\/lt\/laimeti-skaiciai\/german-lotto\/#primaryimage\"},\"image\":{\"@id\":\"https:\/\/onlinelotto365.com\/lt\/laimeti-skaiciai\/german-lotto\/#primaryimage\"},\"thumbnailUrl\":\"https:\/\/redfoxlotto.com\/image?size=8&amp;lottery=lotto-6aus49\",\"datePublished\":\"2022-11-23T10:43:45+00:00\",\"dateModified\":\"2022-11-23T10:43:45+00:00\",\"description\":\"Jei norite rasti laim\u0117jusius Vokietijos loterijos 6aus49 numerius, ie\u0161kokite \u010dia!\",\"breadcrumb\":{\"@id\":\"https:\/\/onlinelotto365.com\/lt\/laimeti-skaiciai\/german-lotto\/#breadcrumb\"},\"inLanguage\":\"lt-LT\",\"potentialAction\":[{\"@type\":\"ReadAction\",\"target\":[\"https:\/\/onlinelotto365.com\/lt\/laimeti-skaiciai\/german-lotto\/\"]}]},{\"@type\":\"ImageObject\",\"inLanguage\":\"lt-LT\",\"@id\":\"https:\/\/onlinelotto365.com\/lt\/laimeti-skaiciai\/german-lotto\/#primaryimage\",\"url\":\"https:\/\/redfoxlotto.com\/image?size=8&amp;lottery=lotto-6aus49\",\"contentUrl\":\"https:\/\/redfoxlotto.com\/image?size=8&amp;lottery=lotto-6aus49\"},{\"@type\":\"BreadcrumbList\",\"@id\":\"https:\/\/onlinelotto365.com\/lt\/laimeti-skaiciai\/german-lotto\/#breadcrumb\",\"itemListElement\":[{\"@type\":\"ListItem\",\"position\":1,\"name\":\"Home\",\"item\":\"https:\/\/onlinelotto365.com\/lt\/\"},{\"@type\":\"ListItem\",\"position\":2,\"name\":\"Raskite naujausi\u0173 loterij\u0173 laim\u0117jim\u0173 skai\u010di\u0173 ir rezultatus\",\"item\":\"https:\/\/onlinelotto365.com\/lt\/laimeti-skaiciai\/\"},{\"@type\":\"ListItem\",\"position\":3,\"name\":\"\u017di\u016br\u0117ti Vokietijos Lotto laim\u0117ti numeriai \u010dia\"}]},{\"@type\":\"WebSite\",\"@id\":\"https:\/\/onlinelotto365.com\/lt\/#website\",\"url\":\"https:\/\/onlinelotto365.com\/lt\/\",\"name\":\"OnlineLotto365\",\"description\":\"\",\"potentialAction\":[{\"@type\":\"SearchAction\",\"target\":{\"@type\":\"EntryPoint\",\"urlTemplate\":\"https:\/\/onlinelotto365.com\/lt\/?s={search_term_string}\"},\"query-input\":{\"@type\":\"PropertyValueSpecification\",\"valueRequired\":true,\"valueName\":\"search_term_string\"}}],\"inLanguage\":\"lt-LT\"}]}<\/script>\n<!-- \/ Yoast SEO plugin. -->","yoast_head_json":{"title":"Laim\u0117j\u0119 numeriai Vokietijos Lotto | Lygiosios rezultatai ir laim\u0117tos sumos Vokietijos Lotto","description":"Jei norite rasti laim\u0117jusius Vokietijos loterijos 6aus49 numerius, ie\u0161kokite \u010dia!","robots":{"index":"index","follow":"follow","max-snippet":"max-snippet:-1","max-image-preview":"max-image-preview:large","max-video-preview":"max-video-preview:-1"},"canonical":"https:\/\/onlinelotto365.com\/lt\/laimeti-skaiciai\/german-lotto\/","og_locale":"lt_LT","og_type":"article","og_title":"Laim\u0117j\u0119 numeriai Vokietijos Lotto | Lygiosios rezultatai ir laim\u0117tos sumos Vokietijos Lotto","og_description":"Jei norite rasti laim\u0117jusius Vokietijos loterijos 6aus49 numerius, ie\u0161kokite \u010dia!","og_url":"https:\/\/onlinelotto365.com\/lt\/laimeti-skaiciai\/german-lotto\/","og_site_name":"OnlineLotto365","og_image":[{"url":"https:\/\/redfoxlotto.com\/image?size=8&amp;lottery=lotto-6aus49"}],"twitter_card":"summary_large_image","twitter_misc":{"Est. reading time":"3 minut\u0117s"},"schema":{"@context":"https:\/\/schema.org","@graph":[{"@type":"WebPage","@id":"https:\/\/onlinelotto365.com\/lt\/laimeti-skaiciai\/german-lotto\/","url":"https:\/\/onlinelotto365.com\/lt\/laimeti-skaiciai\/german-lotto\/","name":"Laim\u0117j\u0119 numeriai Vokietijos Lotto | Lygiosios rezultatai ir laim\u0117tos sumos Vokietijos Lotto","isPartOf":{"@id":"https:\/\/onlinelotto365.com\/lt\/#website"},"primaryImageOfPage":{"@id":"https:\/\/onlinelotto365.com\/lt\/laimeti-skaiciai\/german-lotto\/#primaryimage"},"image":{"@id":"https:\/\/onlinelotto365.com\/lt\/laimeti-skaiciai\/german-lotto\/#primaryimage"},"thumbnailUrl":"https:\/\/redfoxlotto.com\/image?size=8&amp;lottery=lotto-6aus49","datePublished":"2022-11-23T10:43:45+00:00","dateModified":"2022-11-23T10:43:45+00:00","description":"Jei norite rasti laim\u0117jusius Vokietijos loterijos 6aus49 numerius, ie\u0161kokite \u010dia!","breadcrumb":{"@id":"https:\/\/onlinelotto365.com\/lt\/laimeti-skaiciai\/german-lotto\/#breadcrumb"},"inLanguage":"lt-LT","potentialAction":[{"@type":"ReadAction","target":["https:\/\/onlinelotto365.com\/lt\/laimeti-skaiciai\/german-lotto\/"]}]},{"@type":"ImageObject","inLanguage":"lt-LT","@id":"https:\/\/onlinelotto365.com\/lt\/laimeti-skaiciai\/german-lotto\/#primaryimage","url":"https:\/\/redfoxlotto.com\/image?size=8&amp;lottery=lotto-6aus49","contentUrl":"https:\/\/redfoxlotto.com\/image?size=8&amp;lottery=lotto-6aus49"},{"@type":"BreadcrumbList","@id":"https:\/\/onlinelotto365.com\/lt\/laimeti-skaiciai\/german-lotto\/#breadcrumb","itemListElement":[{"@type":"ListItem","position":1,"name":"Home","item":"https:\/\/onlinelotto365.com\/lt\/"},{"@type":"ListItem","position":2,"name":"Raskite naujausi\u0173 loterij\u0173 laim\u0117jim\u0173 skai\u010di\u0173 ir rezultatus","item":"https:\/\/onlinelotto365.com\/lt\/laimeti-skaiciai\/"},{"@type":"ListItem","position":3,"name":"\u017di\u016br\u0117ti Vokietijos Lotto laim\u0117ti numeriai \u010dia"}]},{"@type":"WebSite","@id":"https:\/\/onlinelotto365.com\/lt\/#website","url":"https:\/\/onlinelotto365.com\/lt\/","name":"OnlineLotto365","description":"","potentialAction":[{"@type":"SearchAction","target":{"@type":"EntryPoint","urlTemplate":"https:\/\/onlinelotto365.com\/lt\/?s={search_term_string}"},"query-input":{"@type":"PropertyValueSpecification","valueRequired":true,"valueName":"search_term_string"}}],"inLanguage":"lt-LT"}]}},"_links":{"self":[{"href":"https:\/\/onlinelotto365.com\/lt\/wp-json\/wp\/v2\/pages\/80841","targetHints":{"allow":["GET"]}}],"collection":[{"href":"https:\/\/onlinelotto365.com\/lt\/wp-json\/wp\/v2\/pages"}],"about":[{"href":"https:\/\/onlinelotto365.com\/lt\/wp-json\/wp\/v2\/types\/page"}],"author":[{"embeddable":true,"href":"https:\/\/onlinelotto365.com\/lt\/wp-json\/wp\/v2\/users\/1"}],"replies":[{"embeddable":true,"href":"https:\/\/onlinelotto365.com\/lt\/wp-json\/wp\/v2\/comments?post=80841"}],"version-history":[{"count":0,"href":"https:\/\/onlinelotto365.com\/lt\/wp-json\/wp\/v2\/pages\/80841\/revisions"}],"up":[{"embeddable":true,"href":"https:\/\/onlinelotto365.com\/lt\/wp-json\/wp\/v2\/pages\/5852"}],"wp:attachment":[{"href":"https:\/\/onlinelotto365.com\/lt\/wp-json\/wp\/v2\/media?parent=80841"}],"curies":[{"name":"wp","href":"https:\/\/api.w.org\/{rel}","templated":true}]}}