{"id":80873,"date":"2022-11-23T12:35:27","date_gmt":"2022-11-23T11:35:27","guid":{"rendered":"https:\/\/onlinelotto365.com\/?page_id=80873"},"modified":"2022-11-23T12:35:27","modified_gmt":"2022-11-23T11:35:27","slug":"mega-sena","status":"publish","type":"page","link":"https:\/\/onlinelotto365.com\/lt\/laimeti-skaiciai\/mega-sena\/","title":{"rendered":"&#8222;Mega-Sena&#8221; i\u0161 Brazilijos &#8211; naujausi laim\u0117j\u0119 numeriai"},"content":{"rendered":"<p>Yra daugyb\u0117 \u012fvairi\u0173 \u017eaidim\u0173, tod\u0117l norite b\u016bti tikri, kad kuo grei\u010diau rasite laimin\u010dius skai\u010dius. Na, tai \u012fmanoma \u012fvairiais b\u016bdais, jei \u017einote, kur ie\u0161koti. Laimingus numerius kartais galima rasti laikra\u0161tyje, jei gyvenate vietov\u0117je, kurioje tai vietinis \u017eaidimas. Tai gali reik\u0161ti, kad &#8222;Mega-Sena&#8221; rezultat\u0173 j\u016bs\u0173 vietov\u0117je n\u0117ra. Be to, kai kuriose vietov\u0117se laimingieji skai\u010diai rodomi per televizij\u0105, o tai \u012fvyks tik tuo atveju, jei gyvenate tam tikrose vietov\u0117se.<br \/>\n<a href=\"https:\/\/redfoxlotto.com\/play\/mega-sena\/?ref=a8564250a2&amp;medium=ol365\" target=\"_blank\" rel=\"noopener noreferrer\"><img decoding=\"async\" class=\"aligncenter\" src=\"https:\/\/redfoxlotto.com\/image?size=8&amp;lottery=mega-sena\" alt=\"mega-sena\" \/><\/a><br \/>\nKita galimyb\u0117 &#8211; pa\u017evelgti \u012f loterijos &#8222;Mega-Sena&#8221; interneto svetain\u0119 ir su\u017einoti, ar joje transliuojama tiesiogin\u0117 transliacija, kai traukiami \u017eaidimo rezultatai. Tai daroma ne visuose \u017eaidimuose, ta\u010diau tuose, kuriuose tai daroma, tai gali b\u016bti \u012fdomi patirtis visiems, kurie stebi. Ypa\u010d jei i\u0161 tikr\u0173j\u0173 esate laim\u0117tojas ir stebite, kaip traukiami j\u016bs\u0173 numeriai.<\/p>\n<p>Taip pat yra galimyb\u0117 persikelti \u012f &#8222;YouTube&#8221;. Kartais \u017emon\u0117s \u012f internet\u0105 \u012fkelia tiesioginius burt\u0173 traukimo vaizdo \u012fra\u0161us ir galb\u016bt gal\u0117site pamatyti naujausi\u0105 &#8222;Mega Sena&#8221; burt\u0173 traukim\u0105.<\/p>\n<p>Ta\u010diau lengviausias b\u016bdas su\u017einoti laimin\u010dius skai\u010dius jums bus apsilankius m\u016bs\u0173 svetain\u0117je. Galime suteikti jums prieig\u0105 prie vis\u0173 &#8222;Mega Sena&#8221; laiming\u0173j\u0173 skai\u010di\u0173, taip pat prie bet kurio kito m\u016bs\u0173 turimo \u017eaidimo, kurio norite. Taip jums bus lengviau rasti norimus rezultatus.<\/p>\n<h2>Kaip su\u017einoti, ar j\u016bs\u0173 internetinis bilietas laim\u0117jo<\/h2>\n<p>Dar geriau tai, kad galite tiesiogiai prisijungti prie savo paskyros ir rasti bet kurio \u017eaidimo, \u012f kur\u012f \u012fsigijote bilietus, rezultatus. Jums tereikia nueiti \u012f svetain\u0117s skyri\u0173, kuriame saugomi j\u016bs\u0173 bilietai, ir gal\u0117site rasti laim\u0117jusius skai\u010dius, kurie taikomi tiems bilietams.<\/p>\n<p>Tada netgi galite pamatyti, kokie laim\u0117j\u0119 skai\u010diai sutampa su j\u016bs\u0173 dabartiniais skai\u010diais, kad gal\u0117tum\u0117te su\u017einoti, kiek jau laim\u0117jote. Jei tai ma\u017eiau nei 2500 eur\u0173, mes pasir\u016bpinsime, kad \u0161ie pinigai b\u016bt\u0173 pervesti tiesiai \u012f j\u016bs\u0173 s\u0105skait\u0105, kad gal\u0117tum\u0117te prad\u0117ti juos leisti arba atsiimti \u012f savo s\u0105skait\u0105. Viskas, k\u0105 turite padaryti, tai \u012fsitikinti, kad pinigus i\u0161siimate \u012f s\u0105skait\u0105, kuria jau naudojot\u0117s pas mus.<\/p>\n<h2>&#8222;Mega-Sena&#8221; rezultat\u0173 archyvas<\/h2>\n<p><img loading=\"lazy\" decoding=\"async\" class=\"alignright wp-image-3640\" src=\"https:\/\/onlinelotto365.com\/wp-content\/uploads\/2020\/11\/lottery_balls1-300x160.jpg\" alt=\"mega-sena rezultatai\" width=\"249\" height=\"133\" srcset=\"https:\/\/onlinelotto365.com\/wp-content\/uploads\/2020\/11\/lottery_balls1-300x160.jpg 300w, https:\/\/onlinelotto365.com\/wp-content\/uploads\/2020\/11\/lottery_balls1.jpg 472w\" sizes=\"auto, (max-width: 249px) 100vw, 249px\" \/><br \/>\nTiems, kurie nori gauti prieig\u0105 prie senesni\u0173 &#8222;Mega-Sena&#8221; skai\u010di\u0173, nor\u0117site atid\u017eiai per\u017ei\u016br\u0117ti tinklalapius, kuriuose jau pateikiami naujausi skai\u010diai. Juose taip pat galite rasti visus senuosius numerius, tod\u0117l nereik\u0117s nerimauti, kad praleisite geriausi\u0105 informacij\u0105 kitam numeri\u0173 rinkiniui i\u0161sirinkti.<\/p>\n","protected":false},"excerpt":{"rendered":"<p>Yra daugyb\u0117 \u012fvairi\u0173 \u017eaidim\u0173, tod\u0117l norite b\u016bti tikri, kad kuo grei\u010diau rasite laimin\u010dius skai\u010dius. Na, tai \u012fmanoma \u012fvairiais b\u016bdais, jei \u017einote, kur ie\u0161koti. Laimingus numerius kartais galima rasti laikra\u0161tyje, jei gyvenate vietov\u0117je, kurioje tai vietinis \u017eaidimas. Tai gali reik\u0161ti, kad &#8222;Mega-Sena&#8221; rezultat\u0173 j\u016bs\u0173 vietov\u0117je n\u0117ra. Be to, kai kuriose vietov\u0117se laimingieji skai\u010diai rodomi per televizij\u0105, [&hellip;]<\/p>\n","protected":false},"author":1,"featured_media":0,"parent":5852,"menu_order":12,"comment_status":"closed","ping_status":"closed","template":"megasena-results.php","meta":{"_et_pb_use_builder":"","_et_pb_old_content":"","_et_gb_content_width":"","exclude_from_search":false,"footnotes":""},"class_list":["post-80873","page","type-page","status-publish","hentry"],"yoast_head":"<!-- This site is optimized with the Yoast SEO plugin v23.4 - https:\/\/yoast.com\/wordpress\/plugins\/seo\/ -->\n<title>Naujausi &quot;Mega-Sena&quot; traukimo rezultatai ir prizai<\/title>\n<meta name=\"description\" content=\"Mega-Sena Brazilijos ir daugelio kit\u0173 pasaulio loterij\u0173 rezultatai rasti \u010dia\" \/>\n<meta name=\"robots\" content=\"index, follow, max-snippet:-1, max-image-preview:large, max-video-preview:-1\" \/>\n<link rel=\"canonical\" href=\"https:\/\/onlinelotto365.com\/lt\/laimeti-skaiciai\/mega-sena\/\" \/>\n<meta property=\"og:locale\" content=\"lt_LT\" \/>\n<meta property=\"og:type\" content=\"article\" \/>\n<meta property=\"og:title\" content=\"Naujausi &quot;Mega-Sena&quot; traukimo rezultatai ir prizai\" \/>\n<meta property=\"og:description\" content=\"Mega-Sena Brazilijos ir daugelio kit\u0173 pasaulio loterij\u0173 rezultatai rasti \u010dia\" \/>\n<meta property=\"og:url\" content=\"https:\/\/onlinelotto365.com\/lt\/laimeti-skaiciai\/mega-sena\/\" \/>\n<meta property=\"og:site_name\" content=\"OnlineLotto365\" \/>\n<meta property=\"og:image\" content=\"https:\/\/redfoxlotto.com\/image?size=8&amp;lottery=mega-sena\" \/>\n<meta name=\"twitter:card\" content=\"summary_large_image\" \/>\n<meta name=\"twitter:label1\" content=\"Est. reading time\" \/>\n\t<meta name=\"twitter:data1\" content=\"2 minut\u0117s\" \/>\n<script type=\"application\/ld+json\" class=\"yoast-schema-graph\">{\"@context\":\"https:\/\/schema.org\",\"@graph\":[{\"@type\":\"WebPage\",\"@id\":\"https:\/\/onlinelotto365.com\/lt\/laimeti-skaiciai\/mega-sena\/\",\"url\":\"https:\/\/onlinelotto365.com\/lt\/laimeti-skaiciai\/mega-sena\/\",\"name\":\"Naujausi \\\"Mega-Sena\\\" traukimo rezultatai ir prizai\",\"isPartOf\":{\"@id\":\"https:\/\/onlinelotto365.com\/lt\/#website\"},\"primaryImageOfPage\":{\"@id\":\"https:\/\/onlinelotto365.com\/lt\/laimeti-skaiciai\/mega-sena\/#primaryimage\"},\"image\":{\"@id\":\"https:\/\/onlinelotto365.com\/lt\/laimeti-skaiciai\/mega-sena\/#primaryimage\"},\"thumbnailUrl\":\"https:\/\/redfoxlotto.com\/image?size=8&amp;lottery=mega-sena\",\"datePublished\":\"2022-11-23T11:35:27+00:00\",\"dateModified\":\"2022-11-23T11:35:27+00:00\",\"description\":\"Mega-Sena Brazilijos ir daugelio kit\u0173 pasaulio loterij\u0173 rezultatai rasti \u010dia\",\"breadcrumb\":{\"@id\":\"https:\/\/onlinelotto365.com\/lt\/laimeti-skaiciai\/mega-sena\/#breadcrumb\"},\"inLanguage\":\"lt-LT\",\"potentialAction\":[{\"@type\":\"ReadAction\",\"target\":[\"https:\/\/onlinelotto365.com\/lt\/laimeti-skaiciai\/mega-sena\/\"]}]},{\"@type\":\"ImageObject\",\"inLanguage\":\"lt-LT\",\"@id\":\"https:\/\/onlinelotto365.com\/lt\/laimeti-skaiciai\/mega-sena\/#primaryimage\",\"url\":\"https:\/\/redfoxlotto.com\/image?size=8&amp;lottery=mega-sena\",\"contentUrl\":\"https:\/\/redfoxlotto.com\/image?size=8&amp;lottery=mega-sena\"},{\"@type\":\"BreadcrumbList\",\"@id\":\"https:\/\/onlinelotto365.com\/lt\/laimeti-skaiciai\/mega-sena\/#breadcrumb\",\"itemListElement\":[{\"@type\":\"ListItem\",\"position\":1,\"name\":\"Home\",\"item\":\"https:\/\/onlinelotto365.com\/lt\/\"},{\"@type\":\"ListItem\",\"position\":2,\"name\":\"Raskite naujausi\u0173 loterij\u0173 laim\u0117jim\u0173 skai\u010di\u0173 ir rezultatus\",\"item\":\"https:\/\/onlinelotto365.com\/lt\/laimeti-skaiciai\/\"},{\"@type\":\"ListItem\",\"position\":3,\"name\":\"&#8222;Mega-Sena&#8221; i\u0161 Brazilijos &#8211; naujausi laim\u0117j\u0119 numeriai\"}]},{\"@type\":\"WebSite\",\"@id\":\"https:\/\/onlinelotto365.com\/lt\/#website\",\"url\":\"https:\/\/onlinelotto365.com\/lt\/\",\"name\":\"OnlineLotto365\",\"description\":\"\",\"potentialAction\":[{\"@type\":\"SearchAction\",\"target\":{\"@type\":\"EntryPoint\",\"urlTemplate\":\"https:\/\/onlinelotto365.com\/lt\/?s={search_term_string}\"},\"query-input\":{\"@type\":\"PropertyValueSpecification\",\"valueRequired\":true,\"valueName\":\"search_term_string\"}}],\"inLanguage\":\"lt-LT\"}]}<\/script>\n<!-- \/ Yoast SEO plugin. -->","yoast_head_json":{"title":"Naujausi \"Mega-Sena\" traukimo rezultatai ir prizai","description":"Mega-Sena Brazilijos ir daugelio kit\u0173 pasaulio loterij\u0173 rezultatai rasti \u010dia","robots":{"index":"index","follow":"follow","max-snippet":"max-snippet:-1","max-image-preview":"max-image-preview:large","max-video-preview":"max-video-preview:-1"},"canonical":"https:\/\/onlinelotto365.com\/lt\/laimeti-skaiciai\/mega-sena\/","og_locale":"lt_LT","og_type":"article","og_title":"Naujausi \"Mega-Sena\" traukimo rezultatai ir prizai","og_description":"Mega-Sena Brazilijos ir daugelio kit\u0173 pasaulio loterij\u0173 rezultatai rasti \u010dia","og_url":"https:\/\/onlinelotto365.com\/lt\/laimeti-skaiciai\/mega-sena\/","og_site_name":"OnlineLotto365","og_image":[{"url":"https:\/\/redfoxlotto.com\/image?size=8&amp;lottery=mega-sena"}],"twitter_card":"summary_large_image","twitter_misc":{"Est. reading time":"2 minut\u0117s"},"schema":{"@context":"https:\/\/schema.org","@graph":[{"@type":"WebPage","@id":"https:\/\/onlinelotto365.com\/lt\/laimeti-skaiciai\/mega-sena\/","url":"https:\/\/onlinelotto365.com\/lt\/laimeti-skaiciai\/mega-sena\/","name":"Naujausi \"Mega-Sena\" traukimo rezultatai ir prizai","isPartOf":{"@id":"https:\/\/onlinelotto365.com\/lt\/#website"},"primaryImageOfPage":{"@id":"https:\/\/onlinelotto365.com\/lt\/laimeti-skaiciai\/mega-sena\/#primaryimage"},"image":{"@id":"https:\/\/onlinelotto365.com\/lt\/laimeti-skaiciai\/mega-sena\/#primaryimage"},"thumbnailUrl":"https:\/\/redfoxlotto.com\/image?size=8&amp;lottery=mega-sena","datePublished":"2022-11-23T11:35:27+00:00","dateModified":"2022-11-23T11:35:27+00:00","description":"Mega-Sena Brazilijos ir daugelio kit\u0173 pasaulio loterij\u0173 rezultatai rasti \u010dia","breadcrumb":{"@id":"https:\/\/onlinelotto365.com\/lt\/laimeti-skaiciai\/mega-sena\/#breadcrumb"},"inLanguage":"lt-LT","potentialAction":[{"@type":"ReadAction","target":["https:\/\/onlinelotto365.com\/lt\/laimeti-skaiciai\/mega-sena\/"]}]},{"@type":"ImageObject","inLanguage":"lt-LT","@id":"https:\/\/onlinelotto365.com\/lt\/laimeti-skaiciai\/mega-sena\/#primaryimage","url":"https:\/\/redfoxlotto.com\/image?size=8&amp;lottery=mega-sena","contentUrl":"https:\/\/redfoxlotto.com\/image?size=8&amp;lottery=mega-sena"},{"@type":"BreadcrumbList","@id":"https:\/\/onlinelotto365.com\/lt\/laimeti-skaiciai\/mega-sena\/#breadcrumb","itemListElement":[{"@type":"ListItem","position":1,"name":"Home","item":"https:\/\/onlinelotto365.com\/lt\/"},{"@type":"ListItem","position":2,"name":"Raskite naujausi\u0173 loterij\u0173 laim\u0117jim\u0173 skai\u010di\u0173 ir rezultatus","item":"https:\/\/onlinelotto365.com\/lt\/laimeti-skaiciai\/"},{"@type":"ListItem","position":3,"name":"&#8222;Mega-Sena&#8221; i\u0161 Brazilijos &#8211; naujausi laim\u0117j\u0119 numeriai"}]},{"@type":"WebSite","@id":"https:\/\/onlinelotto365.com\/lt\/#website","url":"https:\/\/onlinelotto365.com\/lt\/","name":"OnlineLotto365","description":"","potentialAction":[{"@type":"SearchAction","target":{"@type":"EntryPoint","urlTemplate":"https:\/\/onlinelotto365.com\/lt\/?s={search_term_string}"},"query-input":{"@type":"PropertyValueSpecification","valueRequired":true,"valueName":"search_term_string"}}],"inLanguage":"lt-LT"}]}},"_links":{"self":[{"href":"https:\/\/onlinelotto365.com\/lt\/wp-json\/wp\/v2\/pages\/80873","targetHints":{"allow":["GET"]}}],"collection":[{"href":"https:\/\/onlinelotto365.com\/lt\/wp-json\/wp\/v2\/pages"}],"about":[{"href":"https:\/\/onlinelotto365.com\/lt\/wp-json\/wp\/v2\/types\/page"}],"author":[{"embeddable":true,"href":"https:\/\/onlinelotto365.com\/lt\/wp-json\/wp\/v2\/users\/1"}],"replies":[{"embeddable":true,"href":"https:\/\/onlinelotto365.com\/lt\/wp-json\/wp\/v2\/comments?post=80873"}],"version-history":[{"count":0,"href":"https:\/\/onlinelotto365.com\/lt\/wp-json\/wp\/v2\/pages\/80873\/revisions"}],"up":[{"embeddable":true,"href":"https:\/\/onlinelotto365.com\/lt\/wp-json\/wp\/v2\/pages\/5852"}],"wp:attachment":[{"href":"https:\/\/onlinelotto365.com\/lt\/wp-json\/wp\/v2\/media?parent=80873"}],"curies":[{"name":"wp","href":"https:\/\/api.w.org\/{rel}","templated":true}]}}