{"id":80905,"date":"2022-11-23T13:33:11","date_gmt":"2022-11-23T12:33:11","guid":{"rendered":"https:\/\/onlinelotto365.com\/?page_id=80905"},"modified":"2022-11-23T13:33:11","modified_gmt":"2022-11-23T12:33:11","slug":"powerball-australia","status":"publish","type":"page","link":"https:\/\/onlinelotto365.com\/lt\/laimeti-skaiciai\/powerball-australia\/","title":{"rendered":"Powerball Australija &#8211; naujausi ir ankstesni laim\u0117j\u0119 numeriai, rezultatai"},"content":{"rendered":"<p>Tarptautini\u0173 loterij\u0173 rezultatus galite patikrinti laikra\u0161tyje, ta\u010diau ma\u017eai tik\u0117tina, kad &#8222;Powerball Australia&#8221; laimin\u010dius skai\u010dius rasite vietiniame laikra\u0161tyje. J\u0173 nerasite ir per vietinius televizijos kanalus. Jei rasite, prireiks \u0161iek tiek laiko ir pastang\u0173, kad \u012fsijungtum\u0117te tinkam\u0105 kanal\u0105.<\/p>\n<p>Kita galimyb\u0117 &#8211; patikrinti &#8222;Powerball Australia&#8221; interneto svetain\u0119 ir su\u017einoti, ar joje si\u016bloma tiesioginio burt\u0173 traukimo galimyb\u0117. Jei taip, galb\u016bt gal\u0117site \u017ei\u016br\u0117ti kartu ir patirti vis\u0105 malonum\u0105, matydami, kaip numeriai traukiami gyvai. Ta\u010diau ne visuose \u017eaidimuose tokia galimyb\u0117 si\u016bloma, tod\u0117l gali b\u016bti, kad i\u0161 viso neteksite \u0161ios patirties.<br \/>\nBe to, &#8222;YouTube&#8221; galite pasi\u017ei\u016br\u0117ti, ar yra tiesioginio &#8222;Powerball Australia&#8221; burt\u0173 traukimo \u012fra\u0161as. Tai gali b\u016bti geras b\u016bdas su\u017einoti rezultatus jau po burt\u0173 traukimo.<br \/>\n<a href=\"https:\/\/redfoxlotto.com\/play\/powerball-au\/?ref=a8564250a2&amp;medium=ol365\" target=\"_blank\" rel=\"noopener noreferrer\"><img decoding=\"async\" class=\"aligncenter\" src=\"https:\/\/redfoxlotto.com\/image?size=8&amp;lottery=powerball-au\" alt=\"Powerball Australia\" \/><\/a><br \/>\nTa\u010diau geriausias b\u016bdas, kaip galite rasti &#8222;Powerball Australia&#8221; rezultatus, yra apsilankyti m\u016bs\u0173 svetain\u0117je. \u010cia gal\u0117site rasti \u0161io ir bet kurio kito m\u016bs\u0173 si\u016blomo \u017eaidimo rezultatus, tod\u0117l jums nereik\u0117s nerimauti, kad k\u0105 nors praleisite.<\/p>\n<h2>Kaip su\u017einoti, ar j\u016bs\u0173 internetinis bilietas laim\u0117jo<\/h2>\n<p>O k\u0105 daryti, jei jau nusipirkote savo &#8222;Powerball Australia&#8221; bilietus? K\u0105 gi, tuomet jums dar papras\u010diau su\u017einoti laimin\u010dius skai\u010dius. U\u017euot tikrin\u0119 \u012fprast\u0105 loterijos rezultat\u0173 puslap\u012f, galite patikrinti biliet\u0173 puslap\u012f savo paskyroje. Taip gal\u0117site pamatyti laimin\u010dius skai\u010dius, palyginti su savo laim\u0117taisiais, o tai dar geriau atitiks j\u016bs\u0173 poreikius.<\/p>\n<p>Savo biliete galite ie\u0161koti i\u0161ry\u0161kint\u0173 skai\u010di\u0173, o tai rei\u0161kia, kad jie sutampa su laim\u0117jusiais skai\u010diais. Tada gal\u0117site pamatyti, kiek laim\u0117jote. Ir jei ji bus ma\u017eesn\u0117 nei 2500 eur\u0173, ji tiesiog bus pervesta \u012f j\u016bs\u0173 s\u0105skait\u0105.<\/p>\n<h2>&#8222;Powerball Australia&#8221; rezultat\u0173 archyvas<\/h2>\n<p>M\u016bs\u0173 svetain\u0117je jums suteikiame galimyb\u0119 lengvai patikrinti ne tik dabartinius loterijos &#8222;Powerball Australia&#8221; ir kitus loterijos numerius, bet ir senuosius. Vienas populiariausi\u0173 b\u016bd\u0173, kaip \u017emon\u0117s renkasi skai\u010dius, yra \u017ei\u016br\u0117ti \u012f senesnius skai\u010dius, tod\u0117l pasir\u016bpiname, kad \u0161iuos skai\u010dius gal\u0117tum\u0117te rasti bet kuriame puslapyje, kuriame si\u016blome dabartinius laimin\u010dius skai\u010dius.<\/p>\n<h2>Mano bilietas laim\u0117jo, kas bus toliau?<\/h2>\n<p>Jei j\u016bs\u0173 bilietas laim\u0117jo, jums tereikia ramiai s\u0117d\u0117ti ir leisti mums pad\u0117ti jums gauti pinigus, \u012f kuriuos turite teis\u0119. Jei laim\u0117jote ma\u017eiau nei 2500 eur\u0173, mes juos pervesime \u012f j\u016bs\u0173 \u017eaid\u0117jo s\u0105skait\u0105, kai tik bus patvirtinti rezultatai. Tada gal\u0117site atsiimti pinigus, jei j\u016bs\u0173 s\u0105skaitoje bus 10 \u20ac.<\/p>\n","protected":false},"excerpt":{"rendered":"<p>Tarptautini\u0173 loterij\u0173 rezultatus galite patikrinti laikra\u0161tyje, ta\u010diau ma\u017eai tik\u0117tina, kad &#8222;Powerball Australia&#8221; laimin\u010dius skai\u010dius rasite vietiniame laikra\u0161tyje. J\u0173 nerasite ir per vietinius televizijos kanalus. Jei rasite, prireiks \u0161iek tiek laiko ir pastang\u0173, kad \u012fsijungtum\u0117te tinkam\u0105 kanal\u0105. Kita galimyb\u0117 &#8211; patikrinti &#8222;Powerball Australia&#8221; interneto svetain\u0119 ir su\u017einoti, ar joje si\u016bloma tiesioginio burt\u0173 traukimo galimyb\u0117. Jei taip, [&hellip;]<\/p>\n","protected":false},"author":1,"featured_media":0,"parent":5852,"menu_order":13,"comment_status":"closed","ping_status":"closed","template":"powerball-au-results.php","meta":{"_et_pb_use_builder":"","_et_pb_old_content":"","_et_gb_content_width":"","exclude_from_search":false,"footnotes":""},"class_list":["post-80905","page","type-page","status-publish","hentry"],"yoast_head":"<!-- This site is optimized with the Yoast SEO plugin v23.4 - https:\/\/yoast.com\/wordpress\/plugins\/seo\/ -->\n<title>Naujausi ir ankstesni &quot;Powerball Australia&quot; burt\u0173 rezultatai ir laim\u0117j\u0119 skai\u010diai<\/title>\n<meta name=\"description\" content=\"Paskelbiame &quot;Powerball Australia&quot; laimin\u010dius skai\u010dius i\u0161kart po burt\u0173 traukimo\" \/>\n<meta name=\"robots\" content=\"index, follow, max-snippet:-1, max-image-preview:large, max-video-preview:-1\" \/>\n<link rel=\"canonical\" href=\"https:\/\/onlinelotto365.com\/lt\/laimeti-skaiciai\/powerball-australia\/\" \/>\n<meta property=\"og:locale\" content=\"lt_LT\" \/>\n<meta property=\"og:type\" content=\"article\" \/>\n<meta property=\"og:title\" content=\"Naujausi ir ankstesni &quot;Powerball Australia&quot; burt\u0173 rezultatai ir laim\u0117j\u0119 skai\u010diai\" \/>\n<meta property=\"og:description\" content=\"Paskelbiame &quot;Powerball Australia&quot; laimin\u010dius skai\u010dius i\u0161kart po burt\u0173 traukimo\" \/>\n<meta property=\"og:url\" content=\"https:\/\/onlinelotto365.com\/lt\/laimeti-skaiciai\/powerball-australia\/\" \/>\n<meta property=\"og:site_name\" content=\"OnlineLotto365\" \/>\n<meta property=\"og:image\" content=\"https:\/\/redfoxlotto.com\/image?size=8&amp;lottery=powerball-au\" \/>\n<meta name=\"twitter:card\" content=\"summary_large_image\" \/>\n<meta name=\"twitter:label1\" content=\"Est. reading time\" \/>\n\t<meta name=\"twitter:data1\" content=\"2 minut\u0117s\" \/>\n<script type=\"application\/ld+json\" class=\"yoast-schema-graph\">{\"@context\":\"https:\/\/schema.org\",\"@graph\":[{\"@type\":\"WebPage\",\"@id\":\"https:\/\/onlinelotto365.com\/lt\/laimeti-skaiciai\/powerball-australia\/\",\"url\":\"https:\/\/onlinelotto365.com\/lt\/laimeti-skaiciai\/powerball-australia\/\",\"name\":\"Naujausi ir ankstesni \\\"Powerball Australia\\\" burt\u0173 rezultatai ir laim\u0117j\u0119 skai\u010diai\",\"isPartOf\":{\"@id\":\"https:\/\/onlinelotto365.com\/lt\/#website\"},\"primaryImageOfPage\":{\"@id\":\"https:\/\/onlinelotto365.com\/lt\/laimeti-skaiciai\/powerball-australia\/#primaryimage\"},\"image\":{\"@id\":\"https:\/\/onlinelotto365.com\/lt\/laimeti-skaiciai\/powerball-australia\/#primaryimage\"},\"thumbnailUrl\":\"https:\/\/redfoxlotto.com\/image?size=8&amp;lottery=powerball-au\",\"datePublished\":\"2022-11-23T12:33:11+00:00\",\"dateModified\":\"2022-11-23T12:33:11+00:00\",\"description\":\"Paskelbiame \\\"Powerball Australia\\\" laimin\u010dius skai\u010dius i\u0161kart po burt\u0173 traukimo\",\"breadcrumb\":{\"@id\":\"https:\/\/onlinelotto365.com\/lt\/laimeti-skaiciai\/powerball-australia\/#breadcrumb\"},\"inLanguage\":\"lt-LT\",\"potentialAction\":[{\"@type\":\"ReadAction\",\"target\":[\"https:\/\/onlinelotto365.com\/lt\/laimeti-skaiciai\/powerball-australia\/\"]}]},{\"@type\":\"ImageObject\",\"inLanguage\":\"lt-LT\",\"@id\":\"https:\/\/onlinelotto365.com\/lt\/laimeti-skaiciai\/powerball-australia\/#primaryimage\",\"url\":\"https:\/\/redfoxlotto.com\/image?size=8&amp;lottery=powerball-au\",\"contentUrl\":\"https:\/\/redfoxlotto.com\/image?size=8&amp;lottery=powerball-au\"},{\"@type\":\"BreadcrumbList\",\"@id\":\"https:\/\/onlinelotto365.com\/lt\/laimeti-skaiciai\/powerball-australia\/#breadcrumb\",\"itemListElement\":[{\"@type\":\"ListItem\",\"position\":1,\"name\":\"Home\",\"item\":\"https:\/\/onlinelotto365.com\/lt\/\"},{\"@type\":\"ListItem\",\"position\":2,\"name\":\"Raskite naujausi\u0173 loterij\u0173 laim\u0117jim\u0173 skai\u010di\u0173 ir rezultatus\",\"item\":\"https:\/\/onlinelotto365.com\/lt\/laimeti-skaiciai\/\"},{\"@type\":\"ListItem\",\"position\":3,\"name\":\"Powerball Australija &#8211; naujausi ir ankstesni laim\u0117j\u0119 numeriai, rezultatai\"}]},{\"@type\":\"WebSite\",\"@id\":\"https:\/\/onlinelotto365.com\/lt\/#website\",\"url\":\"https:\/\/onlinelotto365.com\/lt\/\",\"name\":\"OnlineLotto365\",\"description\":\"\",\"potentialAction\":[{\"@type\":\"SearchAction\",\"target\":{\"@type\":\"EntryPoint\",\"urlTemplate\":\"https:\/\/onlinelotto365.com\/lt\/?s={search_term_string}\"},\"query-input\":{\"@type\":\"PropertyValueSpecification\",\"valueRequired\":true,\"valueName\":\"search_term_string\"}}],\"inLanguage\":\"lt-LT\"}]}<\/script>\n<!-- \/ Yoast SEO plugin. -->","yoast_head_json":{"title":"Naujausi ir ankstesni \"Powerball Australia\" burt\u0173 rezultatai ir laim\u0117j\u0119 skai\u010diai","description":"Paskelbiame \"Powerball Australia\" laimin\u010dius skai\u010dius i\u0161kart po burt\u0173 traukimo","robots":{"index":"index","follow":"follow","max-snippet":"max-snippet:-1","max-image-preview":"max-image-preview:large","max-video-preview":"max-video-preview:-1"},"canonical":"https:\/\/onlinelotto365.com\/lt\/laimeti-skaiciai\/powerball-australia\/","og_locale":"lt_LT","og_type":"article","og_title":"Naujausi ir ankstesni \"Powerball Australia\" burt\u0173 rezultatai ir laim\u0117j\u0119 skai\u010diai","og_description":"Paskelbiame \"Powerball Australia\" laimin\u010dius skai\u010dius i\u0161kart po burt\u0173 traukimo","og_url":"https:\/\/onlinelotto365.com\/lt\/laimeti-skaiciai\/powerball-australia\/","og_site_name":"OnlineLotto365","og_image":[{"url":"https:\/\/redfoxlotto.com\/image?size=8&amp;lottery=powerball-au"}],"twitter_card":"summary_large_image","twitter_misc":{"Est. reading time":"2 minut\u0117s"},"schema":{"@context":"https:\/\/schema.org","@graph":[{"@type":"WebPage","@id":"https:\/\/onlinelotto365.com\/lt\/laimeti-skaiciai\/powerball-australia\/","url":"https:\/\/onlinelotto365.com\/lt\/laimeti-skaiciai\/powerball-australia\/","name":"Naujausi ir ankstesni \"Powerball Australia\" burt\u0173 rezultatai ir laim\u0117j\u0119 skai\u010diai","isPartOf":{"@id":"https:\/\/onlinelotto365.com\/lt\/#website"},"primaryImageOfPage":{"@id":"https:\/\/onlinelotto365.com\/lt\/laimeti-skaiciai\/powerball-australia\/#primaryimage"},"image":{"@id":"https:\/\/onlinelotto365.com\/lt\/laimeti-skaiciai\/powerball-australia\/#primaryimage"},"thumbnailUrl":"https:\/\/redfoxlotto.com\/image?size=8&amp;lottery=powerball-au","datePublished":"2022-11-23T12:33:11+00:00","dateModified":"2022-11-23T12:33:11+00:00","description":"Paskelbiame \"Powerball Australia\" laimin\u010dius skai\u010dius i\u0161kart po burt\u0173 traukimo","breadcrumb":{"@id":"https:\/\/onlinelotto365.com\/lt\/laimeti-skaiciai\/powerball-australia\/#breadcrumb"},"inLanguage":"lt-LT","potentialAction":[{"@type":"ReadAction","target":["https:\/\/onlinelotto365.com\/lt\/laimeti-skaiciai\/powerball-australia\/"]}]},{"@type":"ImageObject","inLanguage":"lt-LT","@id":"https:\/\/onlinelotto365.com\/lt\/laimeti-skaiciai\/powerball-australia\/#primaryimage","url":"https:\/\/redfoxlotto.com\/image?size=8&amp;lottery=powerball-au","contentUrl":"https:\/\/redfoxlotto.com\/image?size=8&amp;lottery=powerball-au"},{"@type":"BreadcrumbList","@id":"https:\/\/onlinelotto365.com\/lt\/laimeti-skaiciai\/powerball-australia\/#breadcrumb","itemListElement":[{"@type":"ListItem","position":1,"name":"Home","item":"https:\/\/onlinelotto365.com\/lt\/"},{"@type":"ListItem","position":2,"name":"Raskite naujausi\u0173 loterij\u0173 laim\u0117jim\u0173 skai\u010di\u0173 ir rezultatus","item":"https:\/\/onlinelotto365.com\/lt\/laimeti-skaiciai\/"},{"@type":"ListItem","position":3,"name":"Powerball Australija &#8211; naujausi ir ankstesni laim\u0117j\u0119 numeriai, rezultatai"}]},{"@type":"WebSite","@id":"https:\/\/onlinelotto365.com\/lt\/#website","url":"https:\/\/onlinelotto365.com\/lt\/","name":"OnlineLotto365","description":"","potentialAction":[{"@type":"SearchAction","target":{"@type":"EntryPoint","urlTemplate":"https:\/\/onlinelotto365.com\/lt\/?s={search_term_string}"},"query-input":{"@type":"PropertyValueSpecification","valueRequired":true,"valueName":"search_term_string"}}],"inLanguage":"lt-LT"}]}},"_links":{"self":[{"href":"https:\/\/onlinelotto365.com\/lt\/wp-json\/wp\/v2\/pages\/80905","targetHints":{"allow":["GET"]}}],"collection":[{"href":"https:\/\/onlinelotto365.com\/lt\/wp-json\/wp\/v2\/pages"}],"about":[{"href":"https:\/\/onlinelotto365.com\/lt\/wp-json\/wp\/v2\/types\/page"}],"author":[{"embeddable":true,"href":"https:\/\/onlinelotto365.com\/lt\/wp-json\/wp\/v2\/users\/1"}],"replies":[{"embeddable":true,"href":"https:\/\/onlinelotto365.com\/lt\/wp-json\/wp\/v2\/comments?post=80905"}],"version-history":[{"count":0,"href":"https:\/\/onlinelotto365.com\/lt\/wp-json\/wp\/v2\/pages\/80905\/revisions"}],"up":[{"embeddable":true,"href":"https:\/\/onlinelotto365.com\/lt\/wp-json\/wp\/v2\/pages\/5852"}],"wp:attachment":[{"href":"https:\/\/onlinelotto365.com\/lt\/wp-json\/wp\/v2\/media?parent=80905"}],"curies":[{"name":"wp","href":"https:\/\/api.w.org\/{rel}","templated":true}]}}