{"id":80938,"date":"2022-11-23T21:55:56","date_gmt":"2022-11-23T20:55:56","guid":{"rendered":"https:\/\/onlinelotto365.com\/?page_id=80938"},"modified":"2022-11-23T21:55:56","modified_gmt":"2022-11-23T20:55:56","slug":"oz-lotto","status":"publish","type":"page","link":"https:\/\/onlinelotto365.com\/lt\/laimeti-skaiciai\/oz-lotto\/","title":{"rendered":"Laim\u0117ti numeriai i\u0161 Oz Lotto"},"content":{"rendered":"<p>M\u016bs\u0173 svetain\u0117je yra daugyb\u0117 tarptautini\u0173 loterij\u0173 galimybi\u0173, o \u017eaisdami \u0161iuos \u017eaidimus norite b\u016bti tikri, kad gal\u0117site patikrinti laimin\u010dius skai\u010dius. Vienas i\u0161 b\u016bd\u0173 &#8211; laikra\u0161tis, ta\u010diau rasti Oz Lotto rezultatus laikra\u0161tyje gali b\u016bti sunku. Kita galimyb\u0117 &#8211; per televizij\u0105, ta\u010diau rasti tinkam\u0105 kanal\u0105, per kur\u012f gal\u0117tum\u0117te \u017ei\u016br\u0117ti burt\u0173 traukim\u0105 arba pamatyti rezultatus, daugumai \u017emoni\u0173 taip pat gali b\u016bti sud\u0117tinga.<br \/>\n<a href=\"https:\/\/redfoxlotto.com\/play\/oz-lotto\/?ref=a8564250a2&amp;medium=ol365\" target=\"_blank\" rel=\"noopener noreferrer\"><img decoding=\"async\" class=\"aligncenter\" src=\"https:\/\/redfoxlotto.com\/image?size=8&amp;lottery=oz-lotto\" alt=\"Oz Lotto\" \/><\/a><br \/>\nToliau galite patikrinti oficiali\u0105 &#8222;Oz Lotto&#8221; interneto svetain\u0119 ir pa\u017ei\u016br\u0117ti, ar ten galite su\u017einoti rezultatus. Kai kurie \u017eaidimai leis jums steb\u0117ti burt\u0173 traukim\u0105 tiesiogiai savo svetain\u0117je. Ta\u010diau tur\u0117kite omenyje, kad tai \u012fmanoma ne visuose loto \u017eaidimuose, tod\u0117l gali b\u016bti, kad tokios galimyb\u0117s netur\u0117site.<\/p>\n<p>Po to, kai burt\u0173 traukimas jau \u012fvyko, kartais galite atlikti naujausio &#8222;Oz Lotto&#8221; burt\u0173 traukimo rezultat\u0173 paie\u0161k\u0105 &#8222;YouTube&#8221;. Jie taip pat ne visada b\u016bna prieinami, ta\u010diau kartais kas nors paskelbia tiesioginio burt\u0173 traukimo arba skai\u010di\u0173 vaizdo \u012fra\u0161\u0105.<\/p>\n<p>Ta\u010diau geriausia, k\u0105 galite padaryti, jei norite su\u017einoti naujausius laim\u0117jusius skai\u010dius, tai patikrinti m\u016bs\u0173 svetain\u0119 ir m\u016bs\u0173 &#8222;Lotto&#8221; rezultat\u0173 puslap\u012f. Ten pateikiame kiekvieno loterijos \u017eaidimo, kur\u012f galite \u012fsigyti m\u016bs\u0173 svetain\u0117je, rezultatus, kad \u017einotum\u0117te, kur ie\u0161koti.<\/p>\n<h2>Kaip su\u017einoti, ar j\u016bs\u0173 internetinis bilietas laim\u0117jo<\/h2>\n<p>Tie, kurie yra \u012fsigij\u0119 bet kurio i\u0161 m\u016bs\u0173 si\u016blom\u0173 \u017eaidim\u0173 bilietus, gali prisijungti prie savo paskyros ir pereiti \u012f puslap\u012f, kuriame saugomi j\u016bs\u0173 bilietai. \u0160iame puslapyje rasite vis\u0105 reikiam\u0105 informacij\u0105. Gal\u0117site pamatyti savo loterijos bilietus, taip pat laim\u0117jusius skai\u010dius.<br \/>\nJei jums pasiseks ir kuris nors i\u0161 skai\u010di\u0173 atitiks, ekrane taip pat matysite pary\u0161kintus atitinkamus skai\u010dius. Taip pat galite patikrinti, kiek skai\u010di\u0173 sutapo ir kok\u012f priz\u0105 laim\u0117jote. Jei jis ma\u017eesnis nei 2500 eur\u0173, galite pa\u017ei\u016br\u0117ti \u012f savo paskyr\u0105 ir rasti j\u012f tiesiai \u017eaid\u0117jo s\u0105skaitoje, kai tik bus patvirtinti rezultatai.<\/p>\n<h2>Oz Lotto rezultat\u0173 archyvas<\/h2>\n<p>Norintieji per\u017ei\u016br\u0117ti senesnius &#8222;Oz Lotto&#8221; ar kit\u0173 loterijos \u017eaidim\u0173 skai\u010dius gali lengvai rasti archyv\u0105, susiet\u0105 su bet kuriuo puslapiu, kuriame rodomi dabartiniai skai\u010diai. Taip lengviau rasite ie\u0161komus skai\u010dius, kurie pad\u0117s jums atlikti b\u016bsimus pasirinkimus.<\/p>\n<h2>Mano bilietas laim\u0117jo, kas bus toliau?<\/h2>\n<p><img loading=\"lazy\" decoding=\"async\" class=\"alignright wp-image-3624\" src=\"https:\/\/onlinelotto365.com\/wp-content\/uploads\/2020\/11\/online_lottery-74-200x300.jpg\" alt=\"oz lotto laim\u0117j\u0119 numeriai\" width=\"123\" height=\"185\" srcset=\"https:\/\/onlinelotto365.com\/wp-content\/uploads\/2020\/11\/online_lottery-74-200x300.jpg 200w, https:\/\/onlinelotto365.com\/wp-content\/uploads\/2020\/11\/online_lottery-74.jpg 320w\" sizes=\"auto, (max-width: 123px) 100vw, 123px\" \/><br \/>\nJau kalb\u0117jome apie tai, kaip galite laim\u0117ti, jei j\u016bs\u0173 bilietas atitinka laimin\u010dius skai\u010dius, ta\u010diau pa\u017evelkime \u012f tai \u0161iek tiek atid\u017eiau. Jei turite biliet\u0105, kurio vert\u0117 ma\u017eesn\u0117 nei 2500 \u20ac, pinigai bus automati\u0161kai \u012ftraukti \u012f j\u016bs\u0173 s\u0105skait\u0105, kai tik bus patvirtinti laimingieji skai\u010diai.<\/p>\n<p>Tuomet, jei j\u016bs\u0173 s\u0105skaitoje yra bent 10 \u20ac, \u0161iuos pinigus gal\u0117site atsiimti naudodami bet kur\u012f mok\u0117jimo b\u016bd\u0105, kur\u012f jau naudojote savo paskyroje. Jums tereikia u\u017epildyti por\u0105 form\u0173, kad patvirtintum\u0117te savo tapatyb\u0119, ir pinigai greitai atsidurs j\u016bs\u0173 s\u0105skaitoje. Arba galite juos palikti ten, kur jie yra, ir v\u0117liau panaudoti juos dar daugiau biliet\u0173 nusipirkti.<\/p>\n","protected":false},"excerpt":{"rendered":"<p>M\u016bs\u0173 svetain\u0117je yra daugyb\u0117 tarptautini\u0173 loterij\u0173 galimybi\u0173, o \u017eaisdami \u0161iuos \u017eaidimus norite b\u016bti tikri, kad gal\u0117site patikrinti laimin\u010dius skai\u010dius. Vienas i\u0161 b\u016bd\u0173 &#8211; laikra\u0161tis, ta\u010diau rasti Oz Lotto rezultatus laikra\u0161tyje gali b\u016bti sunku. Kita galimyb\u0117 &#8211; per televizij\u0105, ta\u010diau rasti tinkam\u0105 kanal\u0105, per kur\u012f gal\u0117tum\u0117te \u017ei\u016br\u0117ti burt\u0173 traukim\u0105 arba pamatyti rezultatus, daugumai \u017emoni\u0173 taip pat [&hellip;]<\/p>\n","protected":false},"author":1,"featured_media":0,"parent":5852,"menu_order":14,"comment_status":"closed","ping_status":"closed","template":"template-rightsidebar.php","meta":{"_et_pb_use_builder":"","_et_pb_old_content":"","_et_gb_content_width":"","exclude_from_search":false,"footnotes":""},"class_list":["post-80938","page","type-page","status-publish","hentry"],"yoast_head":"<!-- This site is optimized with the Yoast SEO plugin v23.4 - https:\/\/yoast.com\/wordpress\/plugins\/seo\/ -->\n<title>Oz Lotto atkreipti rezultatai ir prizai<\/title>\n<meta name=\"description\" content=\"Ie\u0161kote Oz Lotto burt\u0173 traukimo rezultat\u0173? \u010cia pateikiami laim\u0117j\u0119 skai\u010diai\" \/>\n<meta name=\"robots\" content=\"index, follow, max-snippet:-1, max-image-preview:large, max-video-preview:-1\" \/>\n<link rel=\"canonical\" href=\"https:\/\/onlinelotto365.com\/lt\/laimeti-skaiciai\/oz-lotto\/\" \/>\n<meta property=\"og:locale\" content=\"lt_LT\" \/>\n<meta property=\"og:type\" content=\"article\" \/>\n<meta property=\"og:title\" content=\"Oz Lotto atkreipti rezultatai ir prizai\" \/>\n<meta property=\"og:description\" content=\"Ie\u0161kote Oz Lotto burt\u0173 traukimo rezultat\u0173? \u010cia pateikiami laim\u0117j\u0119 skai\u010diai\" \/>\n<meta property=\"og:url\" content=\"https:\/\/onlinelotto365.com\/lt\/laimeti-skaiciai\/oz-lotto\/\" \/>\n<meta property=\"og:site_name\" content=\"OnlineLotto365\" \/>\n<meta property=\"og:image\" content=\"https:\/\/redfoxlotto.com\/image?size=8&amp;lottery=oz-lotto\" \/>\n<meta name=\"twitter:card\" content=\"summary_large_image\" \/>\n<meta name=\"twitter:label1\" content=\"Est. reading time\" \/>\n\t<meta name=\"twitter:data1\" content=\"2 minut\u0117s\" \/>\n<script type=\"application\/ld+json\" class=\"yoast-schema-graph\">{\"@context\":\"https:\/\/schema.org\",\"@graph\":[{\"@type\":\"WebPage\",\"@id\":\"https:\/\/onlinelotto365.com\/lt\/laimeti-skaiciai\/oz-lotto\/\",\"url\":\"https:\/\/onlinelotto365.com\/lt\/laimeti-skaiciai\/oz-lotto\/\",\"name\":\"Oz Lotto atkreipti rezultatai ir prizai\",\"isPartOf\":{\"@id\":\"https:\/\/onlinelotto365.com\/lt\/#website\"},\"primaryImageOfPage\":{\"@id\":\"https:\/\/onlinelotto365.com\/lt\/laimeti-skaiciai\/oz-lotto\/#primaryimage\"},\"image\":{\"@id\":\"https:\/\/onlinelotto365.com\/lt\/laimeti-skaiciai\/oz-lotto\/#primaryimage\"},\"thumbnailUrl\":\"https:\/\/redfoxlotto.com\/image?size=8&amp;lottery=oz-lotto\",\"datePublished\":\"2022-11-23T20:55:56+00:00\",\"dateModified\":\"2022-11-23T20:55:56+00:00\",\"description\":\"Ie\u0161kote Oz Lotto burt\u0173 traukimo rezultat\u0173? \u010cia pateikiami laim\u0117j\u0119 skai\u010diai\",\"breadcrumb\":{\"@id\":\"https:\/\/onlinelotto365.com\/lt\/laimeti-skaiciai\/oz-lotto\/#breadcrumb\"},\"inLanguage\":\"lt-LT\",\"potentialAction\":[{\"@type\":\"ReadAction\",\"target\":[\"https:\/\/onlinelotto365.com\/lt\/laimeti-skaiciai\/oz-lotto\/\"]}]},{\"@type\":\"ImageObject\",\"inLanguage\":\"lt-LT\",\"@id\":\"https:\/\/onlinelotto365.com\/lt\/laimeti-skaiciai\/oz-lotto\/#primaryimage\",\"url\":\"https:\/\/redfoxlotto.com\/image?size=8&amp;lottery=oz-lotto\",\"contentUrl\":\"https:\/\/redfoxlotto.com\/image?size=8&amp;lottery=oz-lotto\"},{\"@type\":\"BreadcrumbList\",\"@id\":\"https:\/\/onlinelotto365.com\/lt\/laimeti-skaiciai\/oz-lotto\/#breadcrumb\",\"itemListElement\":[{\"@type\":\"ListItem\",\"position\":1,\"name\":\"Home\",\"item\":\"https:\/\/onlinelotto365.com\/lt\/\"},{\"@type\":\"ListItem\",\"position\":2,\"name\":\"Raskite naujausi\u0173 loterij\u0173 laim\u0117jim\u0173 skai\u010di\u0173 ir rezultatus\",\"item\":\"https:\/\/onlinelotto365.com\/lt\/laimeti-skaiciai\/\"},{\"@type\":\"ListItem\",\"position\":3,\"name\":\"Laim\u0117ti numeriai i\u0161 Oz Lotto\"}]},{\"@type\":\"WebSite\",\"@id\":\"https:\/\/onlinelotto365.com\/lt\/#website\",\"url\":\"https:\/\/onlinelotto365.com\/lt\/\",\"name\":\"OnlineLotto365\",\"description\":\"\",\"potentialAction\":[{\"@type\":\"SearchAction\",\"target\":{\"@type\":\"EntryPoint\",\"urlTemplate\":\"https:\/\/onlinelotto365.com\/lt\/?s={search_term_string}\"},\"query-input\":{\"@type\":\"PropertyValueSpecification\",\"valueRequired\":true,\"valueName\":\"search_term_string\"}}],\"inLanguage\":\"lt-LT\"}]}<\/script>\n<!-- \/ Yoast SEO plugin. -->","yoast_head_json":{"title":"Oz Lotto atkreipti rezultatai ir prizai","description":"Ie\u0161kote Oz Lotto burt\u0173 traukimo rezultat\u0173? \u010cia pateikiami laim\u0117j\u0119 skai\u010diai","robots":{"index":"index","follow":"follow","max-snippet":"max-snippet:-1","max-image-preview":"max-image-preview:large","max-video-preview":"max-video-preview:-1"},"canonical":"https:\/\/onlinelotto365.com\/lt\/laimeti-skaiciai\/oz-lotto\/","og_locale":"lt_LT","og_type":"article","og_title":"Oz Lotto atkreipti rezultatai ir prizai","og_description":"Ie\u0161kote Oz Lotto burt\u0173 traukimo rezultat\u0173? \u010cia pateikiami laim\u0117j\u0119 skai\u010diai","og_url":"https:\/\/onlinelotto365.com\/lt\/laimeti-skaiciai\/oz-lotto\/","og_site_name":"OnlineLotto365","og_image":[{"url":"https:\/\/redfoxlotto.com\/image?size=8&amp;lottery=oz-lotto"}],"twitter_card":"summary_large_image","twitter_misc":{"Est. reading time":"2 minut\u0117s"},"schema":{"@context":"https:\/\/schema.org","@graph":[{"@type":"WebPage","@id":"https:\/\/onlinelotto365.com\/lt\/laimeti-skaiciai\/oz-lotto\/","url":"https:\/\/onlinelotto365.com\/lt\/laimeti-skaiciai\/oz-lotto\/","name":"Oz Lotto atkreipti rezultatai ir prizai","isPartOf":{"@id":"https:\/\/onlinelotto365.com\/lt\/#website"},"primaryImageOfPage":{"@id":"https:\/\/onlinelotto365.com\/lt\/laimeti-skaiciai\/oz-lotto\/#primaryimage"},"image":{"@id":"https:\/\/onlinelotto365.com\/lt\/laimeti-skaiciai\/oz-lotto\/#primaryimage"},"thumbnailUrl":"https:\/\/redfoxlotto.com\/image?size=8&amp;lottery=oz-lotto","datePublished":"2022-11-23T20:55:56+00:00","dateModified":"2022-11-23T20:55:56+00:00","description":"Ie\u0161kote Oz Lotto burt\u0173 traukimo rezultat\u0173? \u010cia pateikiami laim\u0117j\u0119 skai\u010diai","breadcrumb":{"@id":"https:\/\/onlinelotto365.com\/lt\/laimeti-skaiciai\/oz-lotto\/#breadcrumb"},"inLanguage":"lt-LT","potentialAction":[{"@type":"ReadAction","target":["https:\/\/onlinelotto365.com\/lt\/laimeti-skaiciai\/oz-lotto\/"]}]},{"@type":"ImageObject","inLanguage":"lt-LT","@id":"https:\/\/onlinelotto365.com\/lt\/laimeti-skaiciai\/oz-lotto\/#primaryimage","url":"https:\/\/redfoxlotto.com\/image?size=8&amp;lottery=oz-lotto","contentUrl":"https:\/\/redfoxlotto.com\/image?size=8&amp;lottery=oz-lotto"},{"@type":"BreadcrumbList","@id":"https:\/\/onlinelotto365.com\/lt\/laimeti-skaiciai\/oz-lotto\/#breadcrumb","itemListElement":[{"@type":"ListItem","position":1,"name":"Home","item":"https:\/\/onlinelotto365.com\/lt\/"},{"@type":"ListItem","position":2,"name":"Raskite naujausi\u0173 loterij\u0173 laim\u0117jim\u0173 skai\u010di\u0173 ir rezultatus","item":"https:\/\/onlinelotto365.com\/lt\/laimeti-skaiciai\/"},{"@type":"ListItem","position":3,"name":"Laim\u0117ti numeriai i\u0161 Oz Lotto"}]},{"@type":"WebSite","@id":"https:\/\/onlinelotto365.com\/lt\/#website","url":"https:\/\/onlinelotto365.com\/lt\/","name":"OnlineLotto365","description":"","potentialAction":[{"@type":"SearchAction","target":{"@type":"EntryPoint","urlTemplate":"https:\/\/onlinelotto365.com\/lt\/?s={search_term_string}"},"query-input":{"@type":"PropertyValueSpecification","valueRequired":true,"valueName":"search_term_string"}}],"inLanguage":"lt-LT"}]}},"_links":{"self":[{"href":"https:\/\/onlinelotto365.com\/lt\/wp-json\/wp\/v2\/pages\/80938","targetHints":{"allow":["GET"]}}],"collection":[{"href":"https:\/\/onlinelotto365.com\/lt\/wp-json\/wp\/v2\/pages"}],"about":[{"href":"https:\/\/onlinelotto365.com\/lt\/wp-json\/wp\/v2\/types\/page"}],"author":[{"embeddable":true,"href":"https:\/\/onlinelotto365.com\/lt\/wp-json\/wp\/v2\/users\/1"}],"replies":[{"embeddable":true,"href":"https:\/\/onlinelotto365.com\/lt\/wp-json\/wp\/v2\/comments?post=80938"}],"version-history":[{"count":0,"href":"https:\/\/onlinelotto365.com\/lt\/wp-json\/wp\/v2\/pages\/80938\/revisions"}],"up":[{"embeddable":true,"href":"https:\/\/onlinelotto365.com\/lt\/wp-json\/wp\/v2\/pages\/5852"}],"wp:attachment":[{"href":"https:\/\/onlinelotto365.com\/lt\/wp-json\/wp\/v2\/media?parent=80938"}],"curies":[{"name":"wp","href":"https:\/\/api.w.org\/{rel}","templated":true}]}}