{"id":80968,"date":"2022-11-25T09:05:16","date_gmt":"2022-11-25T08:05:16","guid":{"rendered":"https:\/\/onlinelotto365.com\/?page_id=80968"},"modified":"2022-11-25T09:05:16","modified_gmt":"2022-11-25T08:05:16","slug":"saturday-lotto-australia","status":"publish","type":"page","link":"https:\/\/onlinelotto365.com\/lt\/laimeti-skaiciai\/saturday-lotto-australia\/","title":{"rendered":"Patikrinkite laim\u0117jusius numerius ir sumas \u0161e\u0161tadienio Lotto Australija"},"content":{"rendered":"<p>M\u016bs\u0173 svetain\u0117je yra daugyb\u0117 \u012fvairi\u0173 tarptautini\u0173 \u017eaidim\u0173, tod\u0117l \u017einome, kad norite kuo grei\u010diau i\u0161traukti laimingus skai\u010dius. Laikra\u0161tis paprastai n\u0117ra tinkama vieta rasti laimin\u010dius \u0161e\u0161tadienio loterijos &#8222;Saturday Lotto Australia&#8221; numerius. Taip pat nelabai gerai \u017ei\u016br\u0117ti \u012f televizijos kanalus ir tik\u0117tis rasti tinkam\u0105 \u0161iam \u017eaidimui. Taigi, kur kreiptis, kad su\u017einotum\u0117te rezultatus?<br \/>\n<a href=\"https:\/\/redfoxlotto.com\/play\/saturday-lotto-au\/?ref=a8564250a2&amp;medium=ol365\" target=\"_blank\" rel=\"noopener noreferrer\"><img decoding=\"async\" class=\"aligncenter\" src=\"https:\/\/redfoxlotto.com\/image?size=8&amp;lottery=saturday-lotto-au\" alt=\"\u0160e\u0161tadienis Lotto Australija\" \/><\/a><\/p>\n<p>Viena i\u0161 viet\u0173, kur galima ie\u0161koti, yra loterijos svetain\u0117. Kai kurie loterijos \u017eaidimai si\u016blo tiesiogines savo burt\u0173 traukimo transliacijas, ta\u010diau &#8222;Saturday Lotto Australia&#8221; gali b\u016bti ne vienas i\u0161 j\u0173. Kad \u012fsitikintum\u0117te, turite patikrinti svetain\u0119, o tada \u012fsitikinti, kad \u017ei\u016brite tinkamu laiku, jei jie i\u0161 ties\u0173 si\u016blo tiesiogin\u0119 burt\u0173 traukimo transliacij\u0105.<br \/>\nGaliausiai, jei burt\u0173 traukimas jau \u012fvyko, galite atlikti paie\u0161k\u0105 &#8222;YouTube&#8221; ir rasti rezultatus, kuriuos ka\u017ekas jau paskelb\u0117. Jie gali tur\u0117ti tiesioginio pie\u0161imo vaizdo \u012fra\u0161\u0105, kur\u012f galima \u012fd\u0117ti.<\/p>\n<p>Ta\u010diau lengviausias b\u016bdas jums rasti ie\u0161komus rezultatus &#8211; gr\u012f\u017eti tiesiai \u012f m\u016bs\u0173 svetain\u0119. Ten rasite visus \u0161e\u0161tadienio &#8222;Saturday Lotto Australia&#8221;, taip pat vis\u0173 kit\u0173 \u017eaidim\u0173, kuriuos norite \u017eaisti, numerius. Numerius rasite m\u016bs\u0173 loterijos rezultat\u0173 puslapyje ir juos lengva rasti.<\/p>\n<h2>Kaip su\u017einoti, ar j\u016bs\u0173 internetinis bilietas laim\u0117jo<\/h2>\n<p>Visiems, kurie jau nusipirko &#8222;Saturday Lotto Australia&#8221; bilietus m\u016bs\u0173 svetain\u0117je, bus dar lengviau, nes galite tiesiog \u012feiti \u012f savo paskyr\u0105. Prisijunkite ir per\u017ei\u016br\u0117kite puslap\u012f, kuriame saugomi j\u016bs\u0173 bilietai. \u010cia rasite ne tik savo biliet\u0173 numerius, bet ir bet kurio \u017eaidimo, kur\u012f \u017eaid\u0117te, laim\u0117jusius numerius.<\/p>\n<p>Ten galite ie\u0161koti atitikmen\u0173, kuriuos pa\u017eym\u0117sime skirtingomis spalvomis. Taip gal\u0117site matyti, kiek laim\u0117jote, ir matysite, kur j\u016bs\u0173 s\u0105skaitoje yra pinig\u0173. Jei suma ma\u017eesn\u0117 nei 2500 \u20ac, mes jau pervedame j\u0105 tiesiai \u012f j\u016bs\u0173 s\u0105skait\u0105, tod\u0117l jums nieko nereikia daryti.<\/p>\n<h2>Saturday Lotto Australia rezultat\u0173 archyvas<\/h2>\n<p>Tiems, kurie nori per\u017ei\u016br\u0117ti senesnius \u0161e\u0161tadienio &#8222;Saturday Lotto Australia&#8221; numerius, nereikia niekuo r\u016bpintis. Mes pasir\u016bpiname, kad archyvus b\u016bt\u0173 lengva rasti, prid\u0117dami juos prie bet kurio puslapio, kuriame rodome dabartinius Lotto rezultatus. Taip gal\u0117site patikrinti bet kuriuos norimus numerius, net ir seniai i\u0161leistus.<\/p>\n<h2>Mano bilietas laim\u0117jo, kas bus toliau?<\/h2>\n<p><img loading=\"lazy\" decoding=\"async\" class=\"alignright wp-image-3649\" src=\"https:\/\/onlinelotto365.com\/wp-content\/uploads\/2020\/11\/online_lottery-90-300x225.jpg\" alt=\"Laim\u0117j\u0119 numeriai saturday lotto australia\" width=\"207\" height=\"155\" srcset=\"https:\/\/onlinelotto365.com\/wp-content\/uploads\/2020\/11\/online_lottery-90-300x225.jpg 300w, https:\/\/onlinelotto365.com\/wp-content\/uploads\/2020\/11\/online_lottery-90.jpg 320w\" sizes=\"auto, (max-width: 207px) 100vw, 207px\" \/><br \/>\nJau kalb\u0117jome apie laim\u0117jimus, kuriuos galite gauti i\u0161 savo loterijos biliet\u0173. Jei \u0161ie laim\u0117jimai nevir\u0161ija 2500 eur\u0173, jums nereikia nieko daryti, kad juos atsiimtum\u0117te. Mes i\u0161 karto pervesime pinigus \u012f j\u016bs\u0173 \u017eaid\u0117jo s\u0105skait\u0105. Jei laim\u0117jimai yra didesni nei 2500 \u20ac, pad\u0117sime jums juos atsiimti.<\/p>\n<p>Taip pat nepamir\u0161kite, kad savo s\u0105skaitoje galite atsiimti bet kokius pinigus, jei joje yra bent 10 \u20ac. Viskas, k\u0105 jums reikia padaryti, tai pasirinkti mok\u0117jimo b\u016bd\u0105, kur\u012f anks\u010diau naudojote s\u0105skaitoje, ir u\u017epildyti kelias m\u016bs\u0173 mok\u0117jimo procesoriaus patikrinimo formas.<\/p>\n","protected":false},"excerpt":{"rendered":"<p>M\u016bs\u0173 svetain\u0117je yra daugyb\u0117 \u012fvairi\u0173 tarptautini\u0173 \u017eaidim\u0173, tod\u0117l \u017einome, kad norite kuo grei\u010diau i\u0161traukti laimingus skai\u010dius. Laikra\u0161tis paprastai n\u0117ra tinkama vieta rasti laimin\u010dius \u0161e\u0161tadienio loterijos &#8222;Saturday Lotto Australia&#8221; numerius. Taip pat nelabai gerai \u017ei\u016br\u0117ti \u012f televizijos kanalus ir tik\u0117tis rasti tinkam\u0105 \u0161iam \u017eaidimui. Taigi, kur kreiptis, kad su\u017einotum\u0117te rezultatus? Viena i\u0161 viet\u0173, kur galima ie\u0161koti, [&hellip;]<\/p>\n","protected":false},"author":1,"featured_media":0,"parent":5852,"menu_order":15,"comment_status":"closed","ping_status":"closed","template":"saturday-lotto-results.php","meta":{"_et_pb_use_builder":"","_et_pb_old_content":"","_et_gb_content_width":"","exclude_from_search":false,"footnotes":""},"class_list":["post-80968","page","type-page","status-publish","hentry"],"yoast_head":"<!-- This site is optimized with the Yoast SEO plugin v23.4 - https:\/\/yoast.com\/wordpress\/plugins\/seo\/ -->\n<title>Patikrinkite laim\u0117jusius numerius ir sumas \u0161e\u0161tadienio Lotto Australija<\/title>\n<meta name=\"description\" content=\"Lygiosios rezultatai, laim\u0117jusi\u0173 numeri\u0173 \u0161e\u0161tadienis Lotto Australija, plius rezultat\u0173 archyvas\" \/>\n<meta name=\"robots\" content=\"index, follow, max-snippet:-1, max-image-preview:large, max-video-preview:-1\" \/>\n<link rel=\"canonical\" href=\"https:\/\/onlinelotto365.com\/lt\/laimeti-skaiciai\/saturday-lotto-australia\/\" \/>\n<meta property=\"og:locale\" content=\"lt_LT\" \/>\n<meta property=\"og:type\" content=\"article\" \/>\n<meta property=\"og:title\" content=\"Patikrinkite laim\u0117jusius numerius ir sumas \u0161e\u0161tadienio Lotto Australija\" \/>\n<meta property=\"og:description\" content=\"Lygiosios rezultatai, laim\u0117jusi\u0173 numeri\u0173 \u0161e\u0161tadienis Lotto Australija, plius rezultat\u0173 archyvas\" \/>\n<meta property=\"og:url\" content=\"https:\/\/onlinelotto365.com\/lt\/laimeti-skaiciai\/saturday-lotto-australia\/\" \/>\n<meta property=\"og:site_name\" content=\"OnlineLotto365\" \/>\n<meta property=\"og:image\" content=\"https:\/\/redfoxlotto.com\/image?size=8&amp;lottery=saturday-lotto-au\" \/>\n<meta name=\"twitter:card\" content=\"summary_large_image\" \/>\n<meta name=\"twitter:label1\" content=\"Est. reading time\" \/>\n\t<meta name=\"twitter:data1\" content=\"3 minut\u0117s\" \/>\n<script type=\"application\/ld+json\" class=\"yoast-schema-graph\">{\"@context\":\"https:\/\/schema.org\",\"@graph\":[{\"@type\":\"WebPage\",\"@id\":\"https:\/\/onlinelotto365.com\/lt\/laimeti-skaiciai\/saturday-lotto-australia\/\",\"url\":\"https:\/\/onlinelotto365.com\/lt\/laimeti-skaiciai\/saturday-lotto-australia\/\",\"name\":\"Patikrinkite laim\u0117jusius numerius ir sumas \u0161e\u0161tadienio Lotto Australija\",\"isPartOf\":{\"@id\":\"https:\/\/onlinelotto365.com\/lt\/#website\"},\"primaryImageOfPage\":{\"@id\":\"https:\/\/onlinelotto365.com\/lt\/laimeti-skaiciai\/saturday-lotto-australia\/#primaryimage\"},\"image\":{\"@id\":\"https:\/\/onlinelotto365.com\/lt\/laimeti-skaiciai\/saturday-lotto-australia\/#primaryimage\"},\"thumbnailUrl\":\"https:\/\/redfoxlotto.com\/image?size=8&amp;lottery=saturday-lotto-au\",\"datePublished\":\"2022-11-25T08:05:16+00:00\",\"dateModified\":\"2022-11-25T08:05:16+00:00\",\"description\":\"Lygiosios rezultatai, laim\u0117jusi\u0173 numeri\u0173 \u0161e\u0161tadienis Lotto Australija, plius rezultat\u0173 archyvas\",\"breadcrumb\":{\"@id\":\"https:\/\/onlinelotto365.com\/lt\/laimeti-skaiciai\/saturday-lotto-australia\/#breadcrumb\"},\"inLanguage\":\"lt-LT\",\"potentialAction\":[{\"@type\":\"ReadAction\",\"target\":[\"https:\/\/onlinelotto365.com\/lt\/laimeti-skaiciai\/saturday-lotto-australia\/\"]}]},{\"@type\":\"ImageObject\",\"inLanguage\":\"lt-LT\",\"@id\":\"https:\/\/onlinelotto365.com\/lt\/laimeti-skaiciai\/saturday-lotto-australia\/#primaryimage\",\"url\":\"https:\/\/redfoxlotto.com\/image?size=8&amp;lottery=saturday-lotto-au\",\"contentUrl\":\"https:\/\/redfoxlotto.com\/image?size=8&amp;lottery=saturday-lotto-au\"},{\"@type\":\"BreadcrumbList\",\"@id\":\"https:\/\/onlinelotto365.com\/lt\/laimeti-skaiciai\/saturday-lotto-australia\/#breadcrumb\",\"itemListElement\":[{\"@type\":\"ListItem\",\"position\":1,\"name\":\"Home\",\"item\":\"https:\/\/onlinelotto365.com\/lt\/\"},{\"@type\":\"ListItem\",\"position\":2,\"name\":\"Raskite naujausi\u0173 loterij\u0173 laim\u0117jim\u0173 skai\u010di\u0173 ir rezultatus\",\"item\":\"https:\/\/onlinelotto365.com\/lt\/laimeti-skaiciai\/\"},{\"@type\":\"ListItem\",\"position\":3,\"name\":\"Patikrinkite laim\u0117jusius numerius ir sumas \u0161e\u0161tadienio Lotto Australija\"}]},{\"@type\":\"WebSite\",\"@id\":\"https:\/\/onlinelotto365.com\/lt\/#website\",\"url\":\"https:\/\/onlinelotto365.com\/lt\/\",\"name\":\"OnlineLotto365\",\"description\":\"\",\"potentialAction\":[{\"@type\":\"SearchAction\",\"target\":{\"@type\":\"EntryPoint\",\"urlTemplate\":\"https:\/\/onlinelotto365.com\/lt\/?s={search_term_string}\"},\"query-input\":{\"@type\":\"PropertyValueSpecification\",\"valueRequired\":true,\"valueName\":\"search_term_string\"}}],\"inLanguage\":\"lt-LT\"}]}<\/script>\n<!-- \/ Yoast SEO plugin. -->","yoast_head_json":{"title":"Patikrinkite laim\u0117jusius numerius ir sumas \u0161e\u0161tadienio Lotto Australija","description":"Lygiosios rezultatai, laim\u0117jusi\u0173 numeri\u0173 \u0161e\u0161tadienis Lotto Australija, plius rezultat\u0173 archyvas","robots":{"index":"index","follow":"follow","max-snippet":"max-snippet:-1","max-image-preview":"max-image-preview:large","max-video-preview":"max-video-preview:-1"},"canonical":"https:\/\/onlinelotto365.com\/lt\/laimeti-skaiciai\/saturday-lotto-australia\/","og_locale":"lt_LT","og_type":"article","og_title":"Patikrinkite laim\u0117jusius numerius ir sumas \u0161e\u0161tadienio Lotto Australija","og_description":"Lygiosios rezultatai, laim\u0117jusi\u0173 numeri\u0173 \u0161e\u0161tadienis Lotto Australija, plius rezultat\u0173 archyvas","og_url":"https:\/\/onlinelotto365.com\/lt\/laimeti-skaiciai\/saturday-lotto-australia\/","og_site_name":"OnlineLotto365","og_image":[{"url":"https:\/\/redfoxlotto.com\/image?size=8&amp;lottery=saturday-lotto-au"}],"twitter_card":"summary_large_image","twitter_misc":{"Est. reading time":"3 minut\u0117s"},"schema":{"@context":"https:\/\/schema.org","@graph":[{"@type":"WebPage","@id":"https:\/\/onlinelotto365.com\/lt\/laimeti-skaiciai\/saturday-lotto-australia\/","url":"https:\/\/onlinelotto365.com\/lt\/laimeti-skaiciai\/saturday-lotto-australia\/","name":"Patikrinkite laim\u0117jusius numerius ir sumas \u0161e\u0161tadienio Lotto Australija","isPartOf":{"@id":"https:\/\/onlinelotto365.com\/lt\/#website"},"primaryImageOfPage":{"@id":"https:\/\/onlinelotto365.com\/lt\/laimeti-skaiciai\/saturday-lotto-australia\/#primaryimage"},"image":{"@id":"https:\/\/onlinelotto365.com\/lt\/laimeti-skaiciai\/saturday-lotto-australia\/#primaryimage"},"thumbnailUrl":"https:\/\/redfoxlotto.com\/image?size=8&amp;lottery=saturday-lotto-au","datePublished":"2022-11-25T08:05:16+00:00","dateModified":"2022-11-25T08:05:16+00:00","description":"Lygiosios rezultatai, laim\u0117jusi\u0173 numeri\u0173 \u0161e\u0161tadienis Lotto Australija, plius rezultat\u0173 archyvas","breadcrumb":{"@id":"https:\/\/onlinelotto365.com\/lt\/laimeti-skaiciai\/saturday-lotto-australia\/#breadcrumb"},"inLanguage":"lt-LT","potentialAction":[{"@type":"ReadAction","target":["https:\/\/onlinelotto365.com\/lt\/laimeti-skaiciai\/saturday-lotto-australia\/"]}]},{"@type":"ImageObject","inLanguage":"lt-LT","@id":"https:\/\/onlinelotto365.com\/lt\/laimeti-skaiciai\/saturday-lotto-australia\/#primaryimage","url":"https:\/\/redfoxlotto.com\/image?size=8&amp;lottery=saturday-lotto-au","contentUrl":"https:\/\/redfoxlotto.com\/image?size=8&amp;lottery=saturday-lotto-au"},{"@type":"BreadcrumbList","@id":"https:\/\/onlinelotto365.com\/lt\/laimeti-skaiciai\/saturday-lotto-australia\/#breadcrumb","itemListElement":[{"@type":"ListItem","position":1,"name":"Home","item":"https:\/\/onlinelotto365.com\/lt\/"},{"@type":"ListItem","position":2,"name":"Raskite naujausi\u0173 loterij\u0173 laim\u0117jim\u0173 skai\u010di\u0173 ir rezultatus","item":"https:\/\/onlinelotto365.com\/lt\/laimeti-skaiciai\/"},{"@type":"ListItem","position":3,"name":"Patikrinkite laim\u0117jusius numerius ir sumas \u0161e\u0161tadienio Lotto Australija"}]},{"@type":"WebSite","@id":"https:\/\/onlinelotto365.com\/lt\/#website","url":"https:\/\/onlinelotto365.com\/lt\/","name":"OnlineLotto365","description":"","potentialAction":[{"@type":"SearchAction","target":{"@type":"EntryPoint","urlTemplate":"https:\/\/onlinelotto365.com\/lt\/?s={search_term_string}"},"query-input":{"@type":"PropertyValueSpecification","valueRequired":true,"valueName":"search_term_string"}}],"inLanguage":"lt-LT"}]}},"_links":{"self":[{"href":"https:\/\/onlinelotto365.com\/lt\/wp-json\/wp\/v2\/pages\/80968","targetHints":{"allow":["GET"]}}],"collection":[{"href":"https:\/\/onlinelotto365.com\/lt\/wp-json\/wp\/v2\/pages"}],"about":[{"href":"https:\/\/onlinelotto365.com\/lt\/wp-json\/wp\/v2\/types\/page"}],"author":[{"embeddable":true,"href":"https:\/\/onlinelotto365.com\/lt\/wp-json\/wp\/v2\/users\/1"}],"replies":[{"embeddable":true,"href":"https:\/\/onlinelotto365.com\/lt\/wp-json\/wp\/v2\/comments?post=80968"}],"version-history":[{"count":0,"href":"https:\/\/onlinelotto365.com\/lt\/wp-json\/wp\/v2\/pages\/80968\/revisions"}],"up":[{"embeddable":true,"href":"https:\/\/onlinelotto365.com\/lt\/wp-json\/wp\/v2\/pages\/5852"}],"wp:attachment":[{"href":"https:\/\/onlinelotto365.com\/lt\/wp-json\/wp\/v2\/media?parent=80968"}],"curies":[{"name":"wp","href":"https:\/\/api.w.org\/{rel}","templated":true}]}}