{"id":81002,"date":"2022-11-25T10:07:23","date_gmt":"2022-11-25T09:07:23","guid":{"rendered":"https:\/\/onlinelotto365.com\/?page_id=81002"},"modified":"2022-11-25T10:07:23","modified_gmt":"2022-11-25T09:07:23","slug":"mon-wed-lotto","status":"publish","type":"page","link":"https:\/\/onlinelotto365.com\/lt\/laimeti-skaiciai\/mon-wed-lotto\/","title":{"rendered":"Visi Mon &#038; Wed Lotto Australija rezultatai"},"content":{"rendered":"<p>Yra daugyb\u0117 \u012fvairi\u0173 tarptautini\u0173 \u017eaidim\u0173, kuriuos galite \u017eaisti loterijoje. Ir j\u016bs norite kuo grei\u010diau gauti j\u0173 rezultatus. Vienas i\u0161 b\u016bd\u0173 tai padaryti &#8211; ie\u0161koti laikra\u0161\u010dio, kuriame b\u016bt\u0173 skelbiami pirmadienio ir tre\u010diadienio Lotto Australia laim\u0117toj\u0173 numeriai. Ta\u010diau tokius gali b\u016bti sunku rasti. Kita galimyb\u0117 &#8211; televizija, bet ir tuos kanalus gali b\u016bti sunku rasti. Taigi k\u0105 daryti, jei nenorite daug ie\u0161koti?<br \/>\n<a href=\"https:\/\/redfoxlotto.com\/play\/monday-wednesday-lotto-au\/?ref=a8564250a2&amp;medium=ol365\" target=\"_blank\" rel=\"noopener noreferrer\"><img decoding=\"async\" class=\"aligncenter\" src=\"https:\/\/redfoxlotto.com\/image?size=8&amp;lottery=monday-wednesday-lotto-au\" alt=\"Mon &amp; Wed Lotto Australija\" \/><\/a><\/p>\n<p>Patikrinkite &#8222;Mon &amp; Wed Lotto Australia&#8221; svetain\u0119 ir su\u017einokite, ar joje si\u016blomi tiesioginiai traukimai. Bet kokio \u017eaidimo tiesioginiai traukimai gali b\u016bti labai smag\u016bs, nes juos steb\u0117dami i\u0161 karto patirsite daugyb\u0119 \u012fsp\u016bd\u017ei\u0173. Ta\u010diau ne kiekvienas \u017eaidimas si\u016blo tokio tipo pie\u0161inius. Tur\u0117tum\u0117te \u012fsitikinti, kad &#8222;Mon &amp; Wed Lotto&#8221; yra vienas i\u0161 t\u0173, kuriuose tai galima.<\/p>\n<p>Toliau galite pasirinkti patikrinti &#8222;YouTube&#8221; ir su\u017einoti, ar ten galima rasti rezultatus. Galite nustebti, kad kai kurie \u017emon\u0117s skelbia burt\u0173 traukimo rezultatus ar net tiesioginius bet kokio \u017eaidimo burt\u0173 traukimo vaizdo \u012fra\u0161us.<\/p>\n<p>Ta\u010diau bene papras\u010diausias variantas jums bus ie\u0161koti m\u016bs\u0173 svetain\u0117je. Savo svetain\u0117je si\u016blome visus kiekvieno \u017eaidimo, kur\u012f galite \u012fsigyti, laim\u0117toj\u0173 skai\u010dius ir priz\u0173 sumas. D\u0117l to jums daug lengviau gauti rezultatus vienoje vietoje ir taip greitai, kaip norite.<\/p>\n<h2>Kaip su\u017einoti, ar j\u016bs\u0173 internetinis bilietas laim\u0117jo<\/h2>\n<p>Dar geresn\u0117 \u017einia ta, kad jei pas mus nusipirkote &#8222;Mon &amp; Wed Lotto Australia&#8221; biliet\u0105, rezultatus galite su\u017einoti tiesiai \u012f savo \u017eaid\u0117jo paskyr\u0105. Ten rasite savo \u012fsigytus bilietus ir laim\u0117jusius vis\u0173 \u017eaidim\u0173, kuriuos pasirinkote \u017eaisti, skai\u010dius.<\/p>\n<p>Gal\u0117site pamatyti, kokie j\u016bs\u0173 pasirinkti skai\u010diai sutampa su i\u0161trauktais skai\u010diais, o visi laim\u0117ti pinigai, kuri\u0173 suma ma\u017eesn\u0117 nei 2500 eur\u0173, bus automati\u0161kai \u012ftraukti \u012f j\u016bs\u0173 s\u0105skait\u0105. Kas gali b\u016bti papras\u010diau nei tai?<\/p>\n<h2>Pirmadienio ir tre\u010diadienio &#8222;Lotto Australia&#8221; rezultat\u0173 archyvas<\/h2>\n<p>Bet kuriame m\u016bs\u0173 svetain\u0117s puslapyje, kuriame rodomi naujausi &#8222;Mon &amp; Wed Lotto Australia&#8221; rezultatai, taip pat matysite senesnius numerius, kuriuos galb\u016bt nor\u0117site patikrinti. Jie gali pad\u0117ti jums i\u0161sirinkti numerius, kuriuos norite \u017eaisti kit\u0105 kart\u0105 pirkdami biliet\u0105.<\/p>\n<h2>Mano bilietas laim\u0117jo, kas bus toliau?<\/h2>\n<p><img loading=\"lazy\" decoding=\"async\" class=\"alignright wp-image-3542\" src=\"https:\/\/onlinelotto365.com\/wp-content\/uploads\/2020\/11\/online_lottery-154-300x200.jpg\" alt=\"Mon &amp; amp; Wed Lotto laim\u0117j\u0119 numeriai\" width=\"197\" height=\"131\" srcset=\"https:\/\/onlinelotto365.com\/wp-content\/uploads\/2020\/11\/online_lottery-154-300x200.jpg 300w, https:\/\/onlinelotto365.com\/wp-content\/uploads\/2020\/11\/online_lottery-154.jpg 320w\" sizes=\"auto, (max-width: 197px) 100vw, 197px\" \/><br \/>\nJei laim\u0117jote savo biliet\u0105, jums tereikia pa\u017ei\u016br\u0117ti, kiek jums priklauso. Jei ji ma\u017eesn\u0117 nei 2500 eur\u0173, mes pasir\u016bpinsime, kad ji b\u016bt\u0173 patvirtinta ir kuo grei\u010diau atsidurt\u0173 j\u016bs\u0173 s\u0105skaitoje. Tada, jei j\u016bs\u0173 s\u0105skaitoje yra bent 10 \u20ac, galite juos i\u0161sigryninti bet kuriuo mok\u0117jimo b\u016bdu, kur\u012f anks\u010diau naudojote savo paskyroje. Jums tereikia pasir\u016bpinti keliais dokumentais, kurie leis m\u016bs\u0173 mok\u0117jim\u0173 tvarkytojui su\u017einoti, kas esate ir kad turite teis\u0119 \u012f pinigus. Jei turite ma\u017eiau nei 10 eur\u0173 arba nusprend\u0117te palikti pinigus savo s\u0105skaitoje, galite juos panaudoti pirkdami daugiau biliet\u0173.<\/p>\n","protected":false},"excerpt":{"rendered":"<p>Yra daugyb\u0117 \u012fvairi\u0173 tarptautini\u0173 \u017eaidim\u0173, kuriuos galite \u017eaisti loterijoje. Ir j\u016bs norite kuo grei\u010diau gauti j\u0173 rezultatus. Vienas i\u0161 b\u016bd\u0173 tai padaryti &#8211; ie\u0161koti laikra\u0161\u010dio, kuriame b\u016bt\u0173 skelbiami pirmadienio ir tre\u010diadienio Lotto Australia laim\u0117toj\u0173 numeriai. Ta\u010diau tokius gali b\u016bti sunku rasti. Kita galimyb\u0117 &#8211; televizija, bet ir tuos kanalus gali b\u016bti sunku rasti. Taigi k\u0105 [&hellip;]<\/p>\n","protected":false},"author":1,"featured_media":0,"parent":5852,"menu_order":16,"comment_status":"closed","ping_status":"closed","template":"template-rightsidebar.php","meta":{"_et_pb_use_builder":"","_et_pb_old_content":"","_et_gb_content_width":"","exclude_from_search":false,"footnotes":""},"class_list":["post-81002","page","type-page","status-publish","hentry"],"yoast_head":"<!-- This site is optimized with the Yoast SEO plugin v23.4 - https:\/\/yoast.com\/wordpress\/plugins\/seo\/ -->\n<title>Mon &amp; Wed Lotto Australija laim\u0117ti numeriai<\/title>\n<meta name=\"description\" content=\"M\u016bs\u0173 svetain\u0117je rasite naujausius laimin\u010dius skai\u010dius ir wo sumas Mon &amp; Wed Lotto\" \/>\n<meta name=\"robots\" content=\"index, follow, max-snippet:-1, max-image-preview:large, max-video-preview:-1\" \/>\n<link rel=\"canonical\" href=\"https:\/\/onlinelotto365.com\/lt\/laimeti-skaiciai\/mon-wed-lotto\/\" \/>\n<meta property=\"og:locale\" content=\"lt_LT\" \/>\n<meta property=\"og:type\" content=\"article\" \/>\n<meta property=\"og:title\" content=\"Mon &amp; Wed Lotto Australija laim\u0117ti numeriai\" \/>\n<meta property=\"og:description\" content=\"M\u016bs\u0173 svetain\u0117je rasite naujausius laimin\u010dius skai\u010dius ir wo sumas Mon &amp; Wed Lotto\" \/>\n<meta property=\"og:url\" content=\"https:\/\/onlinelotto365.com\/lt\/laimeti-skaiciai\/mon-wed-lotto\/\" \/>\n<meta property=\"og:site_name\" content=\"OnlineLotto365\" \/>\n<meta property=\"og:image\" content=\"https:\/\/redfoxlotto.com\/image?size=8&amp;lottery=monday-wednesday-lotto-au\" \/>\n<meta name=\"twitter:card\" content=\"summary_large_image\" \/>\n<meta name=\"twitter:label1\" content=\"Est. reading time\" \/>\n\t<meta name=\"twitter:data1\" content=\"2 minut\u0117s\" \/>\n<script type=\"application\/ld+json\" class=\"yoast-schema-graph\">{\"@context\":\"https:\/\/schema.org\",\"@graph\":[{\"@type\":\"WebPage\",\"@id\":\"https:\/\/onlinelotto365.com\/lt\/laimeti-skaiciai\/mon-wed-lotto\/\",\"url\":\"https:\/\/onlinelotto365.com\/lt\/laimeti-skaiciai\/mon-wed-lotto\/\",\"name\":\"Mon & Wed Lotto Australija laim\u0117ti numeriai\",\"isPartOf\":{\"@id\":\"https:\/\/onlinelotto365.com\/lt\/#website\"},\"primaryImageOfPage\":{\"@id\":\"https:\/\/onlinelotto365.com\/lt\/laimeti-skaiciai\/mon-wed-lotto\/#primaryimage\"},\"image\":{\"@id\":\"https:\/\/onlinelotto365.com\/lt\/laimeti-skaiciai\/mon-wed-lotto\/#primaryimage\"},\"thumbnailUrl\":\"https:\/\/redfoxlotto.com\/image?size=8&amp;lottery=monday-wednesday-lotto-au\",\"datePublished\":\"2022-11-25T09:07:23+00:00\",\"dateModified\":\"2022-11-25T09:07:23+00:00\",\"description\":\"M\u016bs\u0173 svetain\u0117je rasite naujausius laimin\u010dius skai\u010dius ir wo sumas Mon & Wed Lotto\",\"breadcrumb\":{\"@id\":\"https:\/\/onlinelotto365.com\/lt\/laimeti-skaiciai\/mon-wed-lotto\/#breadcrumb\"},\"inLanguage\":\"lt-LT\",\"potentialAction\":[{\"@type\":\"ReadAction\",\"target\":[\"https:\/\/onlinelotto365.com\/lt\/laimeti-skaiciai\/mon-wed-lotto\/\"]}]},{\"@type\":\"ImageObject\",\"inLanguage\":\"lt-LT\",\"@id\":\"https:\/\/onlinelotto365.com\/lt\/laimeti-skaiciai\/mon-wed-lotto\/#primaryimage\",\"url\":\"https:\/\/redfoxlotto.com\/image?size=8&amp;lottery=monday-wednesday-lotto-au\",\"contentUrl\":\"https:\/\/redfoxlotto.com\/image?size=8&amp;lottery=monday-wednesday-lotto-au\"},{\"@type\":\"BreadcrumbList\",\"@id\":\"https:\/\/onlinelotto365.com\/lt\/laimeti-skaiciai\/mon-wed-lotto\/#breadcrumb\",\"itemListElement\":[{\"@type\":\"ListItem\",\"position\":1,\"name\":\"Home\",\"item\":\"https:\/\/onlinelotto365.com\/lt\/\"},{\"@type\":\"ListItem\",\"position\":2,\"name\":\"Raskite naujausi\u0173 loterij\u0173 laim\u0117jim\u0173 skai\u010di\u0173 ir rezultatus\",\"item\":\"https:\/\/onlinelotto365.com\/lt\/laimeti-skaiciai\/\"},{\"@type\":\"ListItem\",\"position\":3,\"name\":\"Visi Mon &#038; Wed Lotto Australija rezultatai\"}]},{\"@type\":\"WebSite\",\"@id\":\"https:\/\/onlinelotto365.com\/lt\/#website\",\"url\":\"https:\/\/onlinelotto365.com\/lt\/\",\"name\":\"OnlineLotto365\",\"description\":\"\",\"potentialAction\":[{\"@type\":\"SearchAction\",\"target\":{\"@type\":\"EntryPoint\",\"urlTemplate\":\"https:\/\/onlinelotto365.com\/lt\/?s={search_term_string}\"},\"query-input\":{\"@type\":\"PropertyValueSpecification\",\"valueRequired\":true,\"valueName\":\"search_term_string\"}}],\"inLanguage\":\"lt-LT\"}]}<\/script>\n<!-- \/ Yoast SEO plugin. -->","yoast_head_json":{"title":"Mon & Wed Lotto Australija laim\u0117ti numeriai","description":"M\u016bs\u0173 svetain\u0117je rasite naujausius laimin\u010dius skai\u010dius ir wo sumas Mon & Wed Lotto","robots":{"index":"index","follow":"follow","max-snippet":"max-snippet:-1","max-image-preview":"max-image-preview:large","max-video-preview":"max-video-preview:-1"},"canonical":"https:\/\/onlinelotto365.com\/lt\/laimeti-skaiciai\/mon-wed-lotto\/","og_locale":"lt_LT","og_type":"article","og_title":"Mon & Wed Lotto Australija laim\u0117ti numeriai","og_description":"M\u016bs\u0173 svetain\u0117je rasite naujausius laimin\u010dius skai\u010dius ir wo sumas Mon & Wed Lotto","og_url":"https:\/\/onlinelotto365.com\/lt\/laimeti-skaiciai\/mon-wed-lotto\/","og_site_name":"OnlineLotto365","og_image":[{"url":"https:\/\/redfoxlotto.com\/image?size=8&amp;lottery=monday-wednesday-lotto-au"}],"twitter_card":"summary_large_image","twitter_misc":{"Est. reading time":"2 minut\u0117s"},"schema":{"@context":"https:\/\/schema.org","@graph":[{"@type":"WebPage","@id":"https:\/\/onlinelotto365.com\/lt\/laimeti-skaiciai\/mon-wed-lotto\/","url":"https:\/\/onlinelotto365.com\/lt\/laimeti-skaiciai\/mon-wed-lotto\/","name":"Mon & Wed Lotto Australija laim\u0117ti numeriai","isPartOf":{"@id":"https:\/\/onlinelotto365.com\/lt\/#website"},"primaryImageOfPage":{"@id":"https:\/\/onlinelotto365.com\/lt\/laimeti-skaiciai\/mon-wed-lotto\/#primaryimage"},"image":{"@id":"https:\/\/onlinelotto365.com\/lt\/laimeti-skaiciai\/mon-wed-lotto\/#primaryimage"},"thumbnailUrl":"https:\/\/redfoxlotto.com\/image?size=8&amp;lottery=monday-wednesday-lotto-au","datePublished":"2022-11-25T09:07:23+00:00","dateModified":"2022-11-25T09:07:23+00:00","description":"M\u016bs\u0173 svetain\u0117je rasite naujausius laimin\u010dius skai\u010dius ir wo sumas Mon & Wed Lotto","breadcrumb":{"@id":"https:\/\/onlinelotto365.com\/lt\/laimeti-skaiciai\/mon-wed-lotto\/#breadcrumb"},"inLanguage":"lt-LT","potentialAction":[{"@type":"ReadAction","target":["https:\/\/onlinelotto365.com\/lt\/laimeti-skaiciai\/mon-wed-lotto\/"]}]},{"@type":"ImageObject","inLanguage":"lt-LT","@id":"https:\/\/onlinelotto365.com\/lt\/laimeti-skaiciai\/mon-wed-lotto\/#primaryimage","url":"https:\/\/redfoxlotto.com\/image?size=8&amp;lottery=monday-wednesday-lotto-au","contentUrl":"https:\/\/redfoxlotto.com\/image?size=8&amp;lottery=monday-wednesday-lotto-au"},{"@type":"BreadcrumbList","@id":"https:\/\/onlinelotto365.com\/lt\/laimeti-skaiciai\/mon-wed-lotto\/#breadcrumb","itemListElement":[{"@type":"ListItem","position":1,"name":"Home","item":"https:\/\/onlinelotto365.com\/lt\/"},{"@type":"ListItem","position":2,"name":"Raskite naujausi\u0173 loterij\u0173 laim\u0117jim\u0173 skai\u010di\u0173 ir rezultatus","item":"https:\/\/onlinelotto365.com\/lt\/laimeti-skaiciai\/"},{"@type":"ListItem","position":3,"name":"Visi Mon &#038; Wed Lotto Australija rezultatai"}]},{"@type":"WebSite","@id":"https:\/\/onlinelotto365.com\/lt\/#website","url":"https:\/\/onlinelotto365.com\/lt\/","name":"OnlineLotto365","description":"","potentialAction":[{"@type":"SearchAction","target":{"@type":"EntryPoint","urlTemplate":"https:\/\/onlinelotto365.com\/lt\/?s={search_term_string}"},"query-input":{"@type":"PropertyValueSpecification","valueRequired":true,"valueName":"search_term_string"}}],"inLanguage":"lt-LT"}]}},"_links":{"self":[{"href":"https:\/\/onlinelotto365.com\/lt\/wp-json\/wp\/v2\/pages\/81002","targetHints":{"allow":["GET"]}}],"collection":[{"href":"https:\/\/onlinelotto365.com\/lt\/wp-json\/wp\/v2\/pages"}],"about":[{"href":"https:\/\/onlinelotto365.com\/lt\/wp-json\/wp\/v2\/types\/page"}],"author":[{"embeddable":true,"href":"https:\/\/onlinelotto365.com\/lt\/wp-json\/wp\/v2\/users\/1"}],"replies":[{"embeddable":true,"href":"https:\/\/onlinelotto365.com\/lt\/wp-json\/wp\/v2\/comments?post=81002"}],"version-history":[{"count":0,"href":"https:\/\/onlinelotto365.com\/lt\/wp-json\/wp\/v2\/pages\/81002\/revisions"}],"up":[{"embeddable":true,"href":"https:\/\/onlinelotto365.com\/lt\/wp-json\/wp\/v2\/pages\/5852"}],"wp:attachment":[{"href":"https:\/\/onlinelotto365.com\/lt\/wp-json\/wp\/v2\/media?parent=81002"}],"curies":[{"name":"wp","href":"https:\/\/api.w.org\/{rel}","templated":true}]}}