{"id":81162,"date":"2022-11-25T14:41:54","date_gmt":"2022-11-25T13:41:54","guid":{"rendered":"https:\/\/onlinelotto365.com\/?page_id=81162"},"modified":"2022-11-25T14:41:54","modified_gmt":"2022-11-25T13:41:54","slug":"laimeje-skaiciai","status":"publish","type":"page","link":"https:\/\/onlinelotto365.com\/lt\/laimeti-skaiciai\/laimeje-skaiciai\/","title":{"rendered":"Patikrinkite &#8222;Eurojackpot&#8221; laimin\u010dius skai\u010dius \u010dia"},"content":{"rendered":"<p>M\u016bs\u0173 svetain\u0117je yra daug \u012fvairi\u0173 tarptautini\u0173 loterij\u0173, tod\u0117l kai kuriems gali b\u016bti sunku rasti numerius ir rezultatus. O kai reikia rasti numerius kitur, gali b\u016bti dar blogiau. Tikriausiai nerasite &#8222;Eurojackpot&#8221; rezultat\u0173 vietiniame laikra\u0161tyje, be to, j\u0173 gali b\u016bti sunku rasti ir per televizij\u0105. Ypa\u010d tod\u0117l, kad jie da\u017enai n\u0117ra transliuojami tiesiogiai.<br \/>\n<a href=\"https:\/\/redfoxlotto.com\/play\/eurojackpot\/?ref=a8564250a2&amp;medium=ol365\" target=\"_blank\" rel=\"noopener noreferrer\"><img decoding=\"async\" class=\"aligncenter\" src=\"https:\/\/redfoxlotto.com\/image?size=8&amp;lottery=eurojackpot\" alt=\"eurojackpot\" \/><\/a><br \/>\nTaip pat galite apsilankyti loterijos &#8222;Eurojackpot&#8221; interneto svetain\u0117je, kurioje galite steb\u0117ti tiesiogin\u0119 rezultat\u0173 ir burt\u0173 traukimo transliacij\u0105. Tai gali b\u016bti labai smagu ir leid\u017eia daug grei\u010diau su\u017einoti, ar laim\u0117jote. Ta\u010diau tai ne visada \u012fmanoma ir jums reik\u0117s tinkamai pasirinkti laik\u0105.<\/p>\n<p>Jei numeri\u0173 ie\u0161kote po burt\u0173 traukimo, visada galite patikrinti &#8222;YouTube&#8221; ir su\u017einoti, ar yra skelbiamas burt\u0173 traukimo \u012fra\u0161as arba ar kas nors turi vaizdo \u012fra\u0161\u0105 su laim\u0117jusiais numeriais.<\/p>\n<p>Lengviausias b\u016bdas rasti laimin\u010dius skai\u010dius ir net pamatyti visus prizus bei rezultatus &#8211; apsilankyti m\u016bs\u0173 interneto svetain\u0117je loterijos rezultat\u0173 puslapyje adresu m\u016bs\u0173 loterijos rezultat\u0173 puslapis. Ten rasite visus laiminguosius &#8222;Eurojackpot&#8221; ir vis\u0173 kit\u0173 m\u016bs\u0173 si\u016blom\u0173 \u017eaidim\u0173 skai\u010dius.<\/p>\n<h2>Kaip su\u017einoti, ar laim\u0117jote<\/h2>\n<p>Ar nusipirkote &#8222;Eurojackpot&#8221; biliet\u0105? Jei taip, jums net nereikia eiti \u012f rezultat\u0173 puslap\u012f. Tiesiog nueikite \u012f savo paskyr\u0105 ir \u0161alia savo bilieto pamatysite laim\u0117jusius skai\u010dius. Netgi gal\u0117site pamatyti, kurie skai\u010diai buvo teisingi, o kurie ne, ir su\u017einoti, kiek d\u0117l to laim\u0117jote. Jei laim\u0117jote ma\u017eiau nei 2500 eur\u0173, pinigai bus pervesti \u012f j\u016bs\u0173 s\u0105skait\u0105 i\u0161 karto, kai tik bus patvirtinti loterijos numeriai.<\/p>\n<p>M\u016bs\u0173 svetain\u0117je matysite naujausio &#8222;Eurojackpot&#8221; lo\u0161imo rezultatus, ta\u010diau taip pat tur\u0117site daugyb\u0119 galimybi\u0173 patikrinti senesnius tira\u017eus. Taigi galite patikrinti senesnius bilietus arba jei ie\u0161kote geriausi\u0173 skai\u010di\u0173, kuriuos nor\u0117tum\u0117te i\u0161bandyti kit\u0105 kart\u0105 pirkdami biliet\u0105. Ties\u0105 sakant, tai yra viena populiariausi\u0173 loterijos strategij\u0173, kuriomis naudojasi \u017emon\u0117s.<\/p>\n<h2>Mano bilietas laim\u0117jo, kas bus toliau?<\/h2>\n<p>Jau kalb\u0117jome apie ma\u017eesnius nei 2500 eur\u0173 prizus. \u0160ie prizai i\u0161 karto pervedami \u012f j\u016bs\u0173 s\u0105skait\u0105, o tada galite pasirinkti, ar pirkti daugiau biliet\u0173, ar atsiimti visus pinigus arba j\u0173 dal\u012f. Jums tereikia \u012fsitikinti, kad j\u016bs\u0173 s\u0105skaitoje yra bent 10 eur\u0173, kad gal\u0117tum\u0117te juos atsiimti pasirinktu b\u016bdu.<\/p>\n<p>Galite pasirinkti, ar norite atsiimti pinigus \u012f savo banko s\u0105skait\u0105, ar kreditine kortele, o mes jums tai taip pat palengvinsime. Norime, kad gal\u0117tum\u0117te atsiimti savo pinigus, ta\u010diau turime atlikti kelet\u0105 veiksm\u0173, kad pinigai patekt\u0173 \u012f j\u016bs\u0173 s\u0105skait\u0105. Juk pinig\u0173 pervedimams internetu taikomos grie\u017etos taisykl\u0117s.<\/p>\n","protected":false},"excerpt":{"rendered":"<p>M\u016bs\u0173 svetain\u0117je yra daug \u012fvairi\u0173 tarptautini\u0173 loterij\u0173, tod\u0117l kai kuriems gali b\u016bti sunku rasti numerius ir rezultatus. O kai reikia rasti numerius kitur, gali b\u016bti dar blogiau. Tikriausiai nerasite &#8222;Eurojackpot&#8221; rezultat\u0173 vietiniame laikra\u0161tyje, be to, j\u0173 gali b\u016bti sunku rasti ir per televizij\u0105. Ypa\u010d tod\u0117l, kad jie da\u017enai n\u0117ra transliuojami tiesiogiai. Taip pat galite apsilankyti [&hellip;]<\/p>\n","protected":false},"author":1,"featured_media":0,"parent":5852,"menu_order":0,"comment_status":"closed","ping_status":"closed","template":"eurojackpot-results.php","meta":{"_et_pb_use_builder":"","_et_pb_old_content":"","_et_gb_content_width":"","exclude_from_search":false,"footnotes":""},"class_list":["post-81162","page","type-page","status-publish","hentry"],"yoast_head":"<!-- This site is optimized with the Yoast SEO plugin v23.4 - https:\/\/yoast.com\/wordpress\/plugins\/seo\/ -->\n<title>Laimingi skai\u010diai Eurojackpot | Patikrinkite &quot;Eurojackpot&quot; traukimo rezultatus ir laim\u0117jimus \u010dia<\/title>\n<meta name=\"description\" content=\"Skelbiame &quot;Eurojackpot&quot; rezultatus ir laiminguosius skai\u010dius, taip pat ankstesni\u0173 tira\u017e\u0173 archyv\u0105\" \/>\n<meta name=\"robots\" content=\"index, follow, max-snippet:-1, max-image-preview:large, max-video-preview:-1\" \/>\n<link rel=\"canonical\" href=\"https:\/\/onlinelotto365.com\/lt\/laimeti-skaiciai\/laimeje-skaiciai\/\" \/>\n<meta property=\"og:locale\" content=\"lt_LT\" \/>\n<meta property=\"og:type\" content=\"article\" \/>\n<meta property=\"og:title\" content=\"Laimingi skai\u010diai Eurojackpot | Patikrinkite &quot;Eurojackpot&quot; traukimo rezultatus ir laim\u0117jimus \u010dia\" \/>\n<meta property=\"og:description\" content=\"Skelbiame &quot;Eurojackpot&quot; rezultatus ir laiminguosius skai\u010dius, taip pat ankstesni\u0173 tira\u017e\u0173 archyv\u0105\" \/>\n<meta property=\"og:url\" content=\"https:\/\/onlinelotto365.com\/lt\/laimeti-skaiciai\/laimeje-skaiciai\/\" \/>\n<meta property=\"og:site_name\" content=\"OnlineLotto365\" \/>\n<meta property=\"og:image\" content=\"https:\/\/redfoxlotto.com\/image?size=8&amp;lottery=eurojackpot\" \/>\n<meta name=\"twitter:card\" content=\"summary_large_image\" \/>\n<meta name=\"twitter:label1\" content=\"Est. reading time\" \/>\n\t<meta name=\"twitter:data1\" content=\"2 minut\u0117s\" \/>\n<script type=\"application\/ld+json\" class=\"yoast-schema-graph\">{\"@context\":\"https:\/\/schema.org\",\"@graph\":[{\"@type\":\"WebPage\",\"@id\":\"https:\/\/onlinelotto365.com\/lt\/laimeti-skaiciai\/laimeje-skaiciai\/\",\"url\":\"https:\/\/onlinelotto365.com\/lt\/laimeti-skaiciai\/laimeje-skaiciai\/\",\"name\":\"Laimingi skai\u010diai Eurojackpot | Patikrinkite \\\"Eurojackpot\\\" traukimo rezultatus ir laim\u0117jimus \u010dia\",\"isPartOf\":{\"@id\":\"https:\/\/onlinelotto365.com\/lt\/#website\"},\"primaryImageOfPage\":{\"@id\":\"https:\/\/onlinelotto365.com\/lt\/laimeti-skaiciai\/laimeje-skaiciai\/#primaryimage\"},\"image\":{\"@id\":\"https:\/\/onlinelotto365.com\/lt\/laimeti-skaiciai\/laimeje-skaiciai\/#primaryimage\"},\"thumbnailUrl\":\"https:\/\/redfoxlotto.com\/image?size=8&amp;lottery=eurojackpot\",\"datePublished\":\"2022-11-25T13:41:54+00:00\",\"dateModified\":\"2022-11-25T13:41:54+00:00\",\"description\":\"Skelbiame \\\"Eurojackpot\\\" rezultatus ir laiminguosius skai\u010dius, taip pat ankstesni\u0173 tira\u017e\u0173 archyv\u0105\",\"breadcrumb\":{\"@id\":\"https:\/\/onlinelotto365.com\/lt\/laimeti-skaiciai\/laimeje-skaiciai\/#breadcrumb\"},\"inLanguage\":\"lt-LT\",\"potentialAction\":[{\"@type\":\"ReadAction\",\"target\":[\"https:\/\/onlinelotto365.com\/lt\/laimeti-skaiciai\/laimeje-skaiciai\/\"]}]},{\"@type\":\"ImageObject\",\"inLanguage\":\"lt-LT\",\"@id\":\"https:\/\/onlinelotto365.com\/lt\/laimeti-skaiciai\/laimeje-skaiciai\/#primaryimage\",\"url\":\"https:\/\/redfoxlotto.com\/image?size=8&amp;lottery=eurojackpot\",\"contentUrl\":\"https:\/\/redfoxlotto.com\/image?size=8&amp;lottery=eurojackpot\"},{\"@type\":\"BreadcrumbList\",\"@id\":\"https:\/\/onlinelotto365.com\/lt\/laimeti-skaiciai\/laimeje-skaiciai\/#breadcrumb\",\"itemListElement\":[{\"@type\":\"ListItem\",\"position\":1,\"name\":\"Home\",\"item\":\"https:\/\/onlinelotto365.com\/lt\/\"},{\"@type\":\"ListItem\",\"position\":2,\"name\":\"Raskite naujausi\u0173 loterij\u0173 laim\u0117jim\u0173 skai\u010di\u0173 ir rezultatus\",\"item\":\"https:\/\/onlinelotto365.com\/lt\/laimeti-skaiciai\/\"},{\"@type\":\"ListItem\",\"position\":3,\"name\":\"Patikrinkite &#8222;Eurojackpot&#8221; laimin\u010dius skai\u010dius \u010dia\"}]},{\"@type\":\"WebSite\",\"@id\":\"https:\/\/onlinelotto365.com\/lt\/#website\",\"url\":\"https:\/\/onlinelotto365.com\/lt\/\",\"name\":\"OnlineLotto365\",\"description\":\"\",\"potentialAction\":[{\"@type\":\"SearchAction\",\"target\":{\"@type\":\"EntryPoint\",\"urlTemplate\":\"https:\/\/onlinelotto365.com\/lt\/?s={search_term_string}\"},\"query-input\":{\"@type\":\"PropertyValueSpecification\",\"valueRequired\":true,\"valueName\":\"search_term_string\"}}],\"inLanguage\":\"lt-LT\"}]}<\/script>\n<!-- \/ Yoast SEO plugin. -->","yoast_head_json":{"title":"Laimingi skai\u010diai Eurojackpot | Patikrinkite \"Eurojackpot\" traukimo rezultatus ir laim\u0117jimus \u010dia","description":"Skelbiame \"Eurojackpot\" rezultatus ir laiminguosius skai\u010dius, taip pat ankstesni\u0173 tira\u017e\u0173 archyv\u0105","robots":{"index":"index","follow":"follow","max-snippet":"max-snippet:-1","max-image-preview":"max-image-preview:large","max-video-preview":"max-video-preview:-1"},"canonical":"https:\/\/onlinelotto365.com\/lt\/laimeti-skaiciai\/laimeje-skaiciai\/","og_locale":"lt_LT","og_type":"article","og_title":"Laimingi skai\u010diai Eurojackpot | Patikrinkite \"Eurojackpot\" traukimo rezultatus ir laim\u0117jimus \u010dia","og_description":"Skelbiame \"Eurojackpot\" rezultatus ir laiminguosius skai\u010dius, taip pat ankstesni\u0173 tira\u017e\u0173 archyv\u0105","og_url":"https:\/\/onlinelotto365.com\/lt\/laimeti-skaiciai\/laimeje-skaiciai\/","og_site_name":"OnlineLotto365","og_image":[{"url":"https:\/\/redfoxlotto.com\/image?size=8&amp;lottery=eurojackpot"}],"twitter_card":"summary_large_image","twitter_misc":{"Est. reading time":"2 minut\u0117s"},"schema":{"@context":"https:\/\/schema.org","@graph":[{"@type":"WebPage","@id":"https:\/\/onlinelotto365.com\/lt\/laimeti-skaiciai\/laimeje-skaiciai\/","url":"https:\/\/onlinelotto365.com\/lt\/laimeti-skaiciai\/laimeje-skaiciai\/","name":"Laimingi skai\u010diai Eurojackpot | Patikrinkite \"Eurojackpot\" traukimo rezultatus ir laim\u0117jimus \u010dia","isPartOf":{"@id":"https:\/\/onlinelotto365.com\/lt\/#website"},"primaryImageOfPage":{"@id":"https:\/\/onlinelotto365.com\/lt\/laimeti-skaiciai\/laimeje-skaiciai\/#primaryimage"},"image":{"@id":"https:\/\/onlinelotto365.com\/lt\/laimeti-skaiciai\/laimeje-skaiciai\/#primaryimage"},"thumbnailUrl":"https:\/\/redfoxlotto.com\/image?size=8&amp;lottery=eurojackpot","datePublished":"2022-11-25T13:41:54+00:00","dateModified":"2022-11-25T13:41:54+00:00","description":"Skelbiame \"Eurojackpot\" rezultatus ir laiminguosius skai\u010dius, taip pat ankstesni\u0173 tira\u017e\u0173 archyv\u0105","breadcrumb":{"@id":"https:\/\/onlinelotto365.com\/lt\/laimeti-skaiciai\/laimeje-skaiciai\/#breadcrumb"},"inLanguage":"lt-LT","potentialAction":[{"@type":"ReadAction","target":["https:\/\/onlinelotto365.com\/lt\/laimeti-skaiciai\/laimeje-skaiciai\/"]}]},{"@type":"ImageObject","inLanguage":"lt-LT","@id":"https:\/\/onlinelotto365.com\/lt\/laimeti-skaiciai\/laimeje-skaiciai\/#primaryimage","url":"https:\/\/redfoxlotto.com\/image?size=8&amp;lottery=eurojackpot","contentUrl":"https:\/\/redfoxlotto.com\/image?size=8&amp;lottery=eurojackpot"},{"@type":"BreadcrumbList","@id":"https:\/\/onlinelotto365.com\/lt\/laimeti-skaiciai\/laimeje-skaiciai\/#breadcrumb","itemListElement":[{"@type":"ListItem","position":1,"name":"Home","item":"https:\/\/onlinelotto365.com\/lt\/"},{"@type":"ListItem","position":2,"name":"Raskite naujausi\u0173 loterij\u0173 laim\u0117jim\u0173 skai\u010di\u0173 ir rezultatus","item":"https:\/\/onlinelotto365.com\/lt\/laimeti-skaiciai\/"},{"@type":"ListItem","position":3,"name":"Patikrinkite &#8222;Eurojackpot&#8221; laimin\u010dius skai\u010dius \u010dia"}]},{"@type":"WebSite","@id":"https:\/\/onlinelotto365.com\/lt\/#website","url":"https:\/\/onlinelotto365.com\/lt\/","name":"OnlineLotto365","description":"","potentialAction":[{"@type":"SearchAction","target":{"@type":"EntryPoint","urlTemplate":"https:\/\/onlinelotto365.com\/lt\/?s={search_term_string}"},"query-input":{"@type":"PropertyValueSpecification","valueRequired":true,"valueName":"search_term_string"}}],"inLanguage":"lt-LT"}]}},"_links":{"self":[{"href":"https:\/\/onlinelotto365.com\/lt\/wp-json\/wp\/v2\/pages\/81162","targetHints":{"allow":["GET"]}}],"collection":[{"href":"https:\/\/onlinelotto365.com\/lt\/wp-json\/wp\/v2\/pages"}],"about":[{"href":"https:\/\/onlinelotto365.com\/lt\/wp-json\/wp\/v2\/types\/page"}],"author":[{"embeddable":true,"href":"https:\/\/onlinelotto365.com\/lt\/wp-json\/wp\/v2\/users\/1"}],"replies":[{"embeddable":true,"href":"https:\/\/onlinelotto365.com\/lt\/wp-json\/wp\/v2\/comments?post=81162"}],"version-history":[{"count":0,"href":"https:\/\/onlinelotto365.com\/lt\/wp-json\/wp\/v2\/pages\/81162\/revisions"}],"up":[{"embeddable":true,"href":"https:\/\/onlinelotto365.com\/lt\/wp-json\/wp\/v2\/pages\/5852"}],"wp:attachment":[{"href":"https:\/\/onlinelotto365.com\/lt\/wp-json\/wp\/v2\/media?parent=81162"}],"curies":[{"name":"wp","href":"https:\/\/api.w.org\/{rel}","templated":true}]}}