{"id":84446,"date":"2023-10-03T13:06:17","date_gmt":"2023-10-03T12:06:17","guid":{"rendered":"https:\/\/onlinelotto365.com\/duk"},"modified":"2023-10-03T13:06:17","modified_gmt":"2023-10-03T12:06:17","slug":"duk","status":"publish","type":"page","link":"https:\/\/onlinelotto365.com\/lt\/duk\/","title":{"rendered":"DUK"},"content":{"rendered":"<h1>Internetin\u0117 loterija DUK<\/h1>\n<p>\u010cia rasite atsakymus \u012f da\u017eniausiai u\u017eduodamus klausimus apie tai, kaip veikia internetin\u0117s loterijos paslauga.<\/p>\n<p>Kaip gauti bilietus?<\/p>\n<p>Tada vienas i\u0161 m\u016bs\u0173 atstov\u0173 vietoje nuperka biliet\u0105 j\u016bs\u0173 vardu ir j\u016bs\u0173 naudai. Tada bilietas nuskenuojamas ir \u012fkeliamas \u012f j\u016bs\u0173 kliento paskyr\u0105. Kai laim\u0117site, atsi\u0173sime jums el. lai\u0161k\u0105, o m\u016bs\u0173 paslauga apima ir laim\u0117jimo gavim\u0105 jums (\u017er. toliau). you win as well.<\/p>\n<p>Kokie privalumai \u017eaid\u017eiant tarptautines loterijas internetu per mus?<\/p>\n<ul>\n<li>galite rinktis i\u0161 daugyb\u0117s loterij\u0173 ir visada laukia didelis laim\u0117jimas<\/li>\n<li>gaunate tikr\u0105 biliet\u0105<\/li>\n<li>galite \u017eaisti i\u0161 bet kurios vietos<\/li>\n<li>galite patogiai atsiskaityti internetu, turime daugyb\u0119 galimybi\u0173, \u012fskaitant kredito kortel\u0119<\/li>\n<li>ma\u017eesni, iki 2500 eur\u0173, laim\u0117jimai i\u0161 karto bus pervesti \u012f j\u016bs\u0173 \u017eaid\u0117jo s\u0105skait\u0105<\/li>\n<li>jei laim\u0117jimas didesnis nei 2500 \u20ac, mes jums i\u0161mok\u0117sime pinigus tiesiogiai i\u0161 loterijos, be jokio mokes\u010dio.<\/li>\n<\/ul>\n<p>Kas gali \u017eaisti loterijose?<\/p>\n<p>\u017daisti gali visi, ta\u010diau loterijoje turite b\u016bti vyresni nei 18 met\u0173.<\/p>\n<p>Ar galiu \u017eaisti loterijoje i\u0161 u\u017esienio \u0161alies?<\/p>\n<p>Taip. Nesvarbu, kurioje \u0161alyje gyvenate, galite dalyvauti visose m\u016bs\u0173 svetain\u0117je rodomose loterijose.<\/p>\n<p>Ar galiu pats nuspr\u0119sti d\u0117l savo loterijos numeri\u0173?<\/p>\n<p>Taip. Numerius galite rinktis rankiniu b\u016bdu arba pasinaudoti funkcija &#8222;Greitasis pasirinkimas&#8221; ir generuoti numerius atsitiktine tvarka.<\/p>\n<p>Kaip gausiu savo loterijos biliet\u0105?<\/p>\n<p>S\u0117kmingai atlik\u0119 mok\u0117jim\u0105, gausite el. lai\u0161k\u0105 su pirkimo patvirtinimu. Pasirinktus skai\u010dius matysite savo paskyroje. Akivaizdu, kad pirkimo ir nuskaitymo procesas \u0161iek tiek u\u017etrunka, ta\u010diau po 2 ar 3 valand\u0173, prisijung\u0119 prie savo paskyros, gal\u0117site rasti nuskaityt\u0105 biliet\u0105.<\/p>\n<p>Kaip galiu sumok\u0117ti u\u017e savo loterijos bilietus?<\/p>\n<p>Turime jums \u012fvairi\u0173 mok\u0117jimo galimybi\u0173, \u012fskaitant mok\u0117jim\u0105 kredito kortele, momentiniu banko pavedimu, \u012fvairiomis kriptovaliutomis ir kt.<br \/>\nTaip pat galite pirmiausia \u012fmok\u0117ti pinig\u0173 \u012f savo \u017eaid\u0117jo s\u0105skait\u0105, o paskui bet kada pasinaudoti naujuoju balansu ir nusipirkti biliet\u0173. Turint balans\u0105, mok\u0117jimo procesas vyksta daug grei\u010diau!<\/p>\n<p>Ar imate komisin\u012f mokest\u012f, jei laimiu?<\/p>\n<p>Ne, ne, neimame. Visi j\u016bs\u0173 laim\u0117jimai bus i\u0161mok\u0117ti be joki\u0173 mokes\u010di\u0173, i\u0161skyrus banko pavedimo mokes\u010dius kai kuriais atvejais.<\/p>\n<p>Kaip su\u017einoti, ar laim\u0117jau?<\/p>\n<p>Pirmiausia i\u0161si\u0173sime jums el. lai\u0161k\u0105, kuriame informuosime apie laim\u0117jim\u0105. Be to, visada galite prisijungti prie savo paskyros, apsilankyti skiltyje &#8222;Mano bilietai&#8221; ir ten patikrinti savo biliet\u0173 b\u016bkl\u0119. Atnaujinimus su vis\u0173 loterij\u0173 laim\u0117toj\u0173 skai\u010diais rasite m\u016bs\u0173 svetain\u0117je.<\/p>\n<p>Kaip gauti i\u0161mok\u0105, jei laim\u0117jau?<\/p>\n<p>Jei laim\u0117site iki 2500 eur\u0173 priz\u0105, jis i\u0161 karto bus pervestas \u012f j\u016bs\u0173 \u017eaid\u0117jo s\u0105skait\u0105. Jei laim\u0117jimas didesnis, el. pa\u0161tu atsi\u0173sime pra\u0161ymo form\u0105. Turite prisistatyti ir pateikti pagrindin\u0119 informacij\u0105, pavyzd\u017eiui, kaip nor\u0117tum\u0117te gauti i\u0161mok\u0105. Tada mes pateiksime j\u016bs\u0173 pretenzij\u0105 loterijos bendrovei. Tada loterijos bendrov\u0117 tiesiogiai i\u0161mok\u0117s jums pinigus.<br \/>\nJei pageidaujate, taip pat galite atsiimti biliet\u0105 viename i\u0161 m\u016bs\u0173 agent\u0173 biur\u0173 ir tada pateikti j\u012f loterijai asmeni\u0161kai.<\/p>\n<p>Ar j\u016bs\u0173 paslauga tikrai teis\u0117ta?<\/p>\n<p>Taip, absoliu\u010diai. Tai tarsi atostogos loterijos \u0161alyje, o biliet\u0105 perkate patys. Jei tas bilietas laim\u0117t\u0173, j\u016bs turite tokias pa\u010dias teises \u012f laim\u0117jim\u0105 kaip ir visi kiti.<\/p>\n<p>Kaip \u017einoti, kad loterijos bilietas perkamas mano vardu?<\/p>\n<p>Sumok\u0117j\u0119 u\u017e loterijos biliet\u0105, pirmiausia gausite mok\u0117jimo patvirtinim\u0105. Kiek v\u0117liau gal\u0117site pamatyti savo bilieto nuskaitym\u0105 m\u016bs\u0173 svetain\u0117s klient\u0173 zonoje.<\/p>\n","protected":false},"excerpt":{"rendered":"<p>Internetin\u0117 loterija DUK \u010cia rasite atsakymus \u012f da\u017eniausiai u\u017eduodamus klausimus apie tai, kaip veikia internetin\u0117s loterijos paslauga. Kaip gauti bilietus? Tada vienas i\u0161 m\u016bs\u0173 atstov\u0173 vietoje nuperka biliet\u0105 j\u016bs\u0173 vardu ir j\u016bs\u0173 naudai. Tada bilietas nuskenuojamas ir \u012fkeliamas \u012f j\u016bs\u0173 kliento paskyr\u0105. Kai laim\u0117site, atsi\u0173sime jums el. lai\u0161k\u0105, o m\u016bs\u0173 paslauga apima ir laim\u0117jimo gavim\u0105 [&hellip;]<\/p>\n","protected":false},"author":1,"featured_media":0,"parent":0,"menu_order":50,"comment_status":"closed","ping_status":"closed","template":"","meta":{"_et_pb_use_builder":"","_et_pb_old_content":"","_et_gb_content_width":"","exclude_from_search":false,"footnotes":""},"class_list":["post-84446","page","type-page","status-publish","hentry"],"yoast_head":"<!-- This site is optimized with the Yoast SEO plugin v23.4 - https:\/\/yoast.com\/wordpress\/plugins\/seo\/ -->\n<title>Atsakymai \u012f da\u017eniausiai u\u017eduodamus klausimus apie m\u016bs\u0173 internetin\u0117s loterijos paslaug\u0105<\/title>\n<meta name=\"description\" content=\"Norite su\u017einoti daugiau apie tai, kaip veikia m\u016bs\u0173 internetin\u0117 loterijos biliet\u0173 pasiuntini\u0173 paslauga? Atsakymus \u012f da\u017eniausiai u\u017eduodamus klausimus rasite \u010dia\" \/>\n<meta name=\"robots\" content=\"index, follow, max-snippet:-1, max-image-preview:large, max-video-preview:-1\" \/>\n<link rel=\"canonical\" href=\"https:\/\/onlinelotto365.com\/lt\/duk\/\" \/>\n<meta property=\"og:locale\" content=\"lt_LT\" \/>\n<meta property=\"og:type\" content=\"article\" \/>\n<meta property=\"og:title\" content=\"Atsakymai \u012f da\u017eniausiai u\u017eduodamus klausimus apie m\u016bs\u0173 internetin\u0117s loterijos paslaug\u0105\" \/>\n<meta property=\"og:description\" content=\"Norite su\u017einoti daugiau apie tai, kaip veikia m\u016bs\u0173 internetin\u0117 loterijos biliet\u0173 pasiuntini\u0173 paslauga? Atsakymus \u012f da\u017eniausiai u\u017eduodamus klausimus rasite \u010dia\" \/>\n<meta property=\"og:url\" content=\"https:\/\/onlinelotto365.com\/lt\/duk\/\" \/>\n<meta property=\"og:site_name\" content=\"OnlineLotto365\" \/>\n<meta name=\"twitter:card\" content=\"summary_large_image\" \/>\n<meta name=\"twitter:label1\" content=\"Est. reading time\" \/>\n\t<meta name=\"twitter:data1\" content=\"3 minut\u0117s\" \/>\n<script type=\"application\/ld+json\" class=\"yoast-schema-graph\">{\"@context\":\"https:\/\/schema.org\",\"@graph\":[{\"@type\":\"WebPage\",\"@id\":\"https:\/\/onlinelotto365.com\/lt\/duk\/\",\"url\":\"https:\/\/onlinelotto365.com\/lt\/duk\/\",\"name\":\"Atsakymai \u012f da\u017eniausiai u\u017eduodamus klausimus apie m\u016bs\u0173 internetin\u0117s loterijos paslaug\u0105\",\"isPartOf\":{\"@id\":\"https:\/\/onlinelotto365.com\/lt\/#website\"},\"datePublished\":\"2023-10-03T12:06:17+00:00\",\"dateModified\":\"2023-10-03T12:06:17+00:00\",\"description\":\"Norite su\u017einoti daugiau apie tai, kaip veikia m\u016bs\u0173 internetin\u0117 loterijos biliet\u0173 pasiuntini\u0173 paslauga? Atsakymus \u012f da\u017eniausiai u\u017eduodamus klausimus rasite \u010dia\",\"breadcrumb\":{\"@id\":\"https:\/\/onlinelotto365.com\/lt\/duk\/#breadcrumb\"},\"inLanguage\":\"lt-LT\",\"potentialAction\":[{\"@type\":\"ReadAction\",\"target\":[\"https:\/\/onlinelotto365.com\/lt\/duk\/\"]}]},{\"@type\":\"BreadcrumbList\",\"@id\":\"https:\/\/onlinelotto365.com\/lt\/duk\/#breadcrumb\",\"itemListElement\":[{\"@type\":\"ListItem\",\"position\":1,\"name\":\"Home\",\"item\":\"https:\/\/onlinelotto365.com\/lt\/\"},{\"@type\":\"ListItem\",\"position\":2,\"name\":\"DUK\"}]},{\"@type\":\"WebSite\",\"@id\":\"https:\/\/onlinelotto365.com\/lt\/#website\",\"url\":\"https:\/\/onlinelotto365.com\/lt\/\",\"name\":\"OnlineLotto365\",\"description\":\"\",\"potentialAction\":[{\"@type\":\"SearchAction\",\"target\":{\"@type\":\"EntryPoint\",\"urlTemplate\":\"https:\/\/onlinelotto365.com\/lt\/?s={search_term_string}\"},\"query-input\":{\"@type\":\"PropertyValueSpecification\",\"valueRequired\":true,\"valueName\":\"search_term_string\"}}],\"inLanguage\":\"lt-LT\"}]}<\/script>\n<!-- \/ Yoast SEO plugin. -->","yoast_head_json":{"title":"Atsakymai \u012f da\u017eniausiai u\u017eduodamus klausimus apie m\u016bs\u0173 internetin\u0117s loterijos paslaug\u0105","description":"Norite su\u017einoti daugiau apie tai, kaip veikia m\u016bs\u0173 internetin\u0117 loterijos biliet\u0173 pasiuntini\u0173 paslauga? Atsakymus \u012f da\u017eniausiai u\u017eduodamus klausimus rasite \u010dia","robots":{"index":"index","follow":"follow","max-snippet":"max-snippet:-1","max-image-preview":"max-image-preview:large","max-video-preview":"max-video-preview:-1"},"canonical":"https:\/\/onlinelotto365.com\/lt\/duk\/","og_locale":"lt_LT","og_type":"article","og_title":"Atsakymai \u012f da\u017eniausiai u\u017eduodamus klausimus apie m\u016bs\u0173 internetin\u0117s loterijos paslaug\u0105","og_description":"Norite su\u017einoti daugiau apie tai, kaip veikia m\u016bs\u0173 internetin\u0117 loterijos biliet\u0173 pasiuntini\u0173 paslauga? Atsakymus \u012f da\u017eniausiai u\u017eduodamus klausimus rasite \u010dia","og_url":"https:\/\/onlinelotto365.com\/lt\/duk\/","og_site_name":"OnlineLotto365","twitter_card":"summary_large_image","twitter_misc":{"Est. reading time":"3 minut\u0117s"},"schema":{"@context":"https:\/\/schema.org","@graph":[{"@type":"WebPage","@id":"https:\/\/onlinelotto365.com\/lt\/duk\/","url":"https:\/\/onlinelotto365.com\/lt\/duk\/","name":"Atsakymai \u012f da\u017eniausiai u\u017eduodamus klausimus apie m\u016bs\u0173 internetin\u0117s loterijos paslaug\u0105","isPartOf":{"@id":"https:\/\/onlinelotto365.com\/lt\/#website"},"datePublished":"2023-10-03T12:06:17+00:00","dateModified":"2023-10-03T12:06:17+00:00","description":"Norite su\u017einoti daugiau apie tai, kaip veikia m\u016bs\u0173 internetin\u0117 loterijos biliet\u0173 pasiuntini\u0173 paslauga? Atsakymus \u012f da\u017eniausiai u\u017eduodamus klausimus rasite \u010dia","breadcrumb":{"@id":"https:\/\/onlinelotto365.com\/lt\/duk\/#breadcrumb"},"inLanguage":"lt-LT","potentialAction":[{"@type":"ReadAction","target":["https:\/\/onlinelotto365.com\/lt\/duk\/"]}]},{"@type":"BreadcrumbList","@id":"https:\/\/onlinelotto365.com\/lt\/duk\/#breadcrumb","itemListElement":[{"@type":"ListItem","position":1,"name":"Home","item":"https:\/\/onlinelotto365.com\/lt\/"},{"@type":"ListItem","position":2,"name":"DUK"}]},{"@type":"WebSite","@id":"https:\/\/onlinelotto365.com\/lt\/#website","url":"https:\/\/onlinelotto365.com\/lt\/","name":"OnlineLotto365","description":"","potentialAction":[{"@type":"SearchAction","target":{"@type":"EntryPoint","urlTemplate":"https:\/\/onlinelotto365.com\/lt\/?s={search_term_string}"},"query-input":{"@type":"PropertyValueSpecification","valueRequired":true,"valueName":"search_term_string"}}],"inLanguage":"lt-LT"}]}},"_links":{"self":[{"href":"https:\/\/onlinelotto365.com\/lt\/wp-json\/wp\/v2\/pages\/84446","targetHints":{"allow":["GET"]}}],"collection":[{"href":"https:\/\/onlinelotto365.com\/lt\/wp-json\/wp\/v2\/pages"}],"about":[{"href":"https:\/\/onlinelotto365.com\/lt\/wp-json\/wp\/v2\/types\/page"}],"author":[{"embeddable":true,"href":"https:\/\/onlinelotto365.com\/lt\/wp-json\/wp\/v2\/users\/1"}],"replies":[{"embeddable":true,"href":"https:\/\/onlinelotto365.com\/lt\/wp-json\/wp\/v2\/comments?post=84446"}],"version-history":[{"count":0,"href":"https:\/\/onlinelotto365.com\/lt\/wp-json\/wp\/v2\/pages\/84446\/revisions"}],"wp:attachment":[{"href":"https:\/\/onlinelotto365.com\/lt\/wp-json\/wp\/v2\/media?parent=84446"}],"curies":[{"name":"wp","href":"https:\/\/api.w.org\/{rel}","templated":true}]}}