{"id":11094,"date":"2020-12-18T18:15:13","date_gmt":"2020-12-18T17:15:13","guid":{"rendered":"http:\/\/onlinelotto365.net\/?page_id=11094"},"modified":"2022-11-08T10:23:46","modified_gmt":"2022-11-08T09:23:46","slug":"powerball","status":"publish","type":"page","link":"https:\/\/onlinelotto365.com\/lv\/spelet\/powerball\/","title":{"rendered":"K\u0101 Latvijas iedz\u012bvot\u0101ji var piedal\u012bties Powerball internet\u0101?"},"content":{"rendered":"<p>Piedal\u012bties Powerball internet\u0101 paties\u012bb\u0101 ir gau\u017e\u0101m vienk\u0101r\u0161i \u2013 ar\u012b tad, ja atrodies Latvij\u0101. Turkl\u0101t tas ir ar\u012b diezgan \u0113rti.<\/p>\n<p>P\u0101rliecinies, ka esi izv\u0113l\u0113jies pareizo loteriju, proti, Powerball. Tad izv\u0113lies savus skait\u013cus.<br \/>\n<a href=\"https:\/\/redfoxlotto.com\/play\/powerball\/?ref=a8564250a2&amp;medium=ol365\" target=\"_blank\" rel=\"noopener noreferrer\"><img loading=\"lazy\" decoding=\"async\" class=\"aligncenter\" src=\"https:\/\/redfoxlotto.com\/image?size=8&amp;lottery=powerball\" alt=\"powerball\" width=\"793\" height=\"98\" \/><\/a><\/p>\n<p>Ir ar\u012b k\u0101da \u012bpa\u0161a metode, kuru labpr\u0101t izmanto daudzi sp\u0113l\u0113t\u0101ji \u2013 \u0101tr\u0101s izv\u0113les funkcija. Tev tikai atliek noklik\u0161\u0137in\u0101t uz \u0101tr\u0101s izv\u0113les pogas, un vietne izlases veid\u0101 izv\u0113l\u0113sies skait\u013cus tav\u0101 viet\u0101.<\/p>\n<p>Kad visi Powerball skait\u013ci izv\u0113l\u0113ti, vari piedal\u012bties v\u0113l cit\u0101s loterij\u0101s vai \u0146emt papildu bi\u013cetes un pievienot t\u0101s pas\u016bt\u012bjumam. Kad tas dar\u012bts, noklik\u0161\u0137ini, lai pabeigtu pirkumu un dro\u0161\u0101 veid\u0101 veiktu bi\u013ce\u0161u apmaksu. \u0160aj\u0101 br\u012bd\u012b tev pie mums b\u016bs j\u0101izveido konts. Protams, kontu vari izveidot ar\u012b pa\u0161\u0101 s\u0101kum\u0101 un pie bi\u013ce\u0161u pas\u016bt\u012b\u0161anas procesa \u0137erties p\u0113c tam.<\/p>\n<p>P\u0113c konta izveido\u0161anas tev j\u0101apstiprina re\u0123istr\u0101cija m\u016bsu vietn\u0113. M\u0113s tev nos\u016bt\u012bsim verifik\u0101cijas e-pastu ar saiti. \u0160eit j\u0101nor\u0101da, ka b\u016btu pr\u0101t\u012bgi m\u016bsu e-pasta adresi atz\u012bm\u0113t k\u0101 uzticamu s\u016bt\u012bt\u0101ju. Tas \u013caus nodro\u0161in\u0101t, ka svar\u012bgi zi\u0146ojumi, piem\u0113ram, pazi\u0146ojumi par laimestiem, tevi patie\u0161\u0101m sasniegs. Tas ir viens no plusiem, ko paver piedal\u012b\u0161an\u0101s Powerball internet\u0101 \u2013 tu nekad nepalaid\u012bsi gar\u0101m nevienu laimestu, jo m\u0113s par to tev vienm\u0113r pazi\u0146osim.<\/p>\n<p>Pateicoties m\u016bsu pakalpojumam, tagad dal\u012bba loterij\u0101 ir iesp\u0113jama 21. gadsimtam atbilsto\u0161\u0101 veid\u0101, un tas \u0161aj\u0101 lauci\u0146\u0101 ir liel\u0101kais notikums kop\u0161 pirmo loterijas bi\u013ce\u0161u non\u0101k\u0161anas p\u0101rdo\u0161an\u0101. Neizmantojot \u0161\u012b tie\u0161saistes servisa priek\u0161roc\u012bbas, tu laid gar\u0101m visas lielisk\u0101s loteriju pied\u0101v\u0101t\u0101s iesp\u0113jas, kas tevi sagaida.<\/p>\n<h2>Par Powerball<\/h2>\n<p><img loading=\"lazy\" decoding=\"async\" class=\"size-medium wp-image-1356 alignright\" src=\"https:\/\/onlinelotto365.com\/wp-content\/uploads\/2020\/11\/online_lottery-117-300x217.jpg\" alt=\"Piedalies Powerball internet\u0101\" width=\"300\" height=\"217\" \/><\/p>\n<ul>\n<li>Valsts: ASV<\/li>\n<li>Galveno skait\u013cu diapazons: 69<\/li>\n<li>J\u0101izv\u0113las: 5<\/li>\n<li>Papildskait\u013cu diapazons: 26<\/li>\n<li>J\u0101izv\u0113las: 1<\/li>\n<li>Izlo\u017eu dienas, laiki: tre\u0161dien\u0101s, sestdien\u0101s plkst. 21.00 p\u0113c ASV laika (EST), plkst. 4.00 p\u0113c Latvijas laika (+1 d.)<\/li>\n<li>Minim\u0101lais d\u017eekpots: 40 milj. ASV dol\u0101ru<\/li>\n<li>D\u017eekpota maksim\u0101lais ierobe\u017eojums: nav<\/li>\n<li>Izredzes sa\u0146emt Powerball d\u017eekpotu: 1 pret 175 223 510<\/li>\n<li>Izredzes sa\u0146emt 2. l\u012bme\u0146a laimestu: 1 pret 5 006 386<\/li>\n<li>Izredzes sa\u0146emt jebkura l\u012bme\u0146a laimestu: 1 pret 24,87<\/li>\n<li>Laimestu l\u012bme\u0146u skaits: 9<\/li>\n<\/ul>\n<h2>Lab\u0101k\u0101s Powerball pied\u0101v\u0101t\u0101s iesp\u0113jas<\/h2>\n<p><img loading=\"lazy\" decoding=\"async\" class=\"size-medium wp-image-1521 alignright\" src=\"https:\/\/onlinelotto365.com\/wp-content\/uploads\/2020\/11\/online_lottery-133-300x212.jpg\" alt=\"powerball no Latvijas\" width=\"300\" height=\"212\" \/><\/p>\n<p>Lai ar\u012b cik lieli b\u016btu tavi sap\u0146i, loterija Powerball ir pietiekami grandioza, lai \u013cautu tev \u012bstenot tos visus, turkl\u0101t ar uzviju. T\u0101 k\u0101 d\u017eekpoti \u0161aj\u0101 loterij\u0101 regul\u0101ri sasniedz summas, kas izsak\u0101mas simtiem miljonos ASV dol\u0101ru, pavisam dro\u0161i var sac\u012bt, ka taj\u0101 laim\u0113jama tie\u0161\u0101m gigantiska nauda.<\/p>\n<p>Katru reizi, kad d\u017eekpota uzvar\u0113t\u0101js netiek noteikts, d\u017eekpots pieaug, nereti sasniedzot simt miljonu, divsimt miljonu un reiz\u0113m pat tr\u012bssimt miljonu atz\u012bmi. Vairums no mums, dom\u0101jams, piekrit\u012bs, ka pat ar minim\u0101lajiem 40 miljoniem ASV dol\u0101ru b\u016btu gana, lai m\u0113s var\u0113tu realiz\u0113t visas savas fant\u0101zijas. Bet, ja runa ir par loterij\u0101m, tad j\u0101teic t\u0101 \u2013 jo vair\u0101k, jo lab\u0101k. T\u0101tad, ja tu kaut nedaudz l\u012bdzinies liel\u0101kajai da\u013cai citu cilv\u0113ku un v\u0113lies piedal\u012bties ar m\u0113r\u0137i sa\u0146emt p\u0113c iesp\u0113jas vair\u0101k, tad \u0161\u012b loterija noteikti ir dom\u0101ta tev.<\/p>\n<h2>Kas v\u0113l j\u0101zina par piedal\u012b\u0161anos Powerball internet\u0101<\/h2>\n<p>Powerball d\u017eekpota uzvar\u0113t\u0101jiem pied\u0101v\u0101 laimesta sa\u0146em\u0161anu divos veidos. Tev ir iesp\u0113ja vai nu sa\u0146emt vienreiz\u0113ju, t\u016bl\u012bt\u0113ju maks\u0101jumu, vai ar\u012b tikt pie v\u0113l liel\u0101kas summas, laimestu sa\u0146emot 30 ikgad\u0113jos maks\u0101jumos.<\/p>\n<h2>K\u0101 noskaidrot Powerball rezult\u0101tus no Latvijas<\/h2>\n<p>Ir vair\u0101ki veidi, k\u0101, atrodoties Latvij\u0101, noskaidrot Powerball laim\u012bgos skait\u013cus un rezult\u0101tus. Ta\u010du, ja tu Powerball piedalies internet\u0101, vienk\u0101r\u0161\u0101kais veids ir atgriezties \u0161eit, proti, vietn\u0113, kur ieg\u0101d\u0101jies savu bi\u013ceti. Sav\u0101 kont\u0101 var\u0113si sal\u012bdzin\u0101t savus skait\u013cus ar p\u0113d\u0113j\u0101s izlozes skait\u013ciem. T\u0101pat tu sa\u0146emsi e-pasta zi\u0146ojumu ikreiz, kad k\u0101da no tav\u0101m bi\u013cet\u0113m b\u016bs ko laim\u0113jusi.<\/p>\n<h2>Piedal\u012bjies Powerball internet\u0101 un laim\u0113ji \u2013 kas notiek t\u0101l\u0101k?<\/h2>\n<p>M\u016bsu pakalpojums ietver ar\u012b izmaksu apstr\u0101di j\u016bsu viet\u0101. Jums nav j\u0101uztraucas par izmaksu sa\u0146em\u0161anu. Un m\u0113s neiekas\u0113jam komisijas maksu par j\u016bsu laimestu.<\/p>\n<p>Proced\u016bra ir atkar\u012bga no t\u0101, cik daudz esat laim\u0113jis. Ja esat vinn\u0113jis 2500 eiro vai maz\u0101k, \u0161\u012b summa tiks ieskait\u012bta j\u016bsu kont\u0101 pie mums. J\u016bs varat to iz\u0146emt vai atst\u0101t sav\u0101 kont\u0101 un izmantot, lai sp\u0113l\u0113tu vair\u0101k tie\u0161saistes loterijas bi\u013cetes.<\/p>\n<p>Ja laim\u0113siet liel\u0101ku summu, m\u0113s nos\u016bt\u012bsim jums piepras\u012bjuma veidlapu. Tad jums b\u016bs j\u0101aizpilda da\u017ei personas dati, tostarp inform\u0101cija par to, k\u0101 v\u0113laties sa\u0146emt naudu. Ir divas iesp\u0113jas: bankas p\u0101rskait\u012bjums vai \u010deks. M\u0113s p\u0101rs\u016bt\u012bsim piepras\u012bjuma veidlapu loterijas komisijai, un t\u0101 izmaks\u0101s jums naudu saska\u0146\u0101 ar j\u016bsu nor\u0101d\u012bjumiem.<\/p>\n","protected":false},"excerpt":{"rendered":"<p>Piedal\u012bties Powerball internet\u0101 paties\u012bb\u0101 ir gau\u017e\u0101m vienk\u0101r\u0161i \u2013 ar\u012b tad, ja atrodies Latvij\u0101. Turkl\u0101t tas ir ar\u012b diezgan \u0113rti. P\u0101rliecinies, ka esi izv\u0113l\u0113jies pareizo loteriju, proti, Powerball. Tad izv\u0113lies savus skait\u013cus. Ir ar\u012b k\u0101da \u012bpa\u0161a metode, kuru labpr\u0101t izmanto daudzi sp\u0113l\u0113t\u0101ji \u2013 \u0101tr\u0101s izv\u0113les funkcija. Tev tikai atliek noklik\u0161\u0137in\u0101t uz \u0101tr\u0101s izv\u0113les pogas, un vietne [&hellip;]<\/p>\n","protected":false},"author":1,"featured_media":0,"parent":5025,"menu_order":1,"comment_status":"closed","ping_status":"closed","template":"powerball-usa.php","meta":{"_et_pb_use_builder":"","_et_pb_old_content":"","_et_gb_content_width":"","exclude_from_search":false,"footnotes":""},"class_list":["post-11094","page","type-page","status-publish","hentry"],"yoast_head":"<!-- This site is optimized with the Yoast SEO plugin v23.4 - https:\/\/yoast.com\/wordpress\/plugins\/seo\/ -->\n<title>Piedalies Powerball internet\u0101 no Latvijas | Vai var laim\u0113t Powerball, sp\u0113l\u0113jot no Latvijas<\/title>\n<meta name=\"description\" content=\"Piedalies loterij\u0101 Powerball \u0161eit \u2013 liel\u0101k\u0101 ASV loterija internet\u0101 no Latvijas un jebkuras citas valsts\" \/>\n<meta name=\"robots\" content=\"index, follow, max-snippet:-1, max-image-preview:large, max-video-preview:-1\" \/>\n<link rel=\"canonical\" href=\"https:\/\/onlinelotto365.com\/lv\/spelet\/powerball\/\" \/>\n<meta property=\"og:locale\" content=\"lv_LV\" \/>\n<meta property=\"og:type\" content=\"article\" \/>\n<meta property=\"og:title\" content=\"Piedalies Powerball internet\u0101 no Latvijas | Vai var laim\u0113t Powerball, sp\u0113l\u0113jot no Latvijas\" \/>\n<meta property=\"og:description\" content=\"Piedalies loterij\u0101 Powerball \u0161eit \u2013 liel\u0101k\u0101 ASV loterija internet\u0101 no Latvijas un jebkuras citas valsts\" \/>\n<meta property=\"og:url\" content=\"https:\/\/onlinelotto365.com\/lv\/spelet\/powerball\/\" \/>\n<meta property=\"og:site_name\" content=\"OnlineLotto365\" \/>\n<meta property=\"article:modified_time\" content=\"2022-11-08T09:23:46+00:00\" \/>\n<meta property=\"og:image\" content=\"https:\/\/redfoxlotto.com\/image?size=8&amp;lottery=powerball\" \/>\n<meta name=\"twitter:card\" content=\"summary_large_image\" \/>\n<meta name=\"twitter:label1\" content=\"Est. reading time\" \/>\n\t<meta name=\"twitter:data1\" content=\"4 minutes\" \/>\n<script type=\"application\/ld+json\" class=\"yoast-schema-graph\">{\"@context\":\"https:\/\/schema.org\",\"@graph\":[{\"@type\":\"WebPage\",\"@id\":\"https:\/\/onlinelotto365.com\/lv\/spelet\/powerball\/\",\"url\":\"https:\/\/onlinelotto365.com\/lv\/spelet\/powerball\/\",\"name\":\"Piedalies Powerball internet\u0101 no Latvijas | Vai var laim\u0113t Powerball, sp\u0113l\u0113jot no Latvijas\",\"isPartOf\":{\"@id\":\"https:\/\/onlinelotto365.com\/lv\/#website\"},\"primaryImageOfPage\":{\"@id\":\"https:\/\/onlinelotto365.com\/lv\/spelet\/powerball\/#primaryimage\"},\"image\":{\"@id\":\"https:\/\/onlinelotto365.com\/lv\/spelet\/powerball\/#primaryimage\"},\"thumbnailUrl\":\"https:\/\/redfoxlotto.com\/image?size=8&amp;lottery=powerball\",\"datePublished\":\"2020-12-18T17:15:13+00:00\",\"dateModified\":\"2022-11-08T09:23:46+00:00\",\"description\":\"Piedalies loterij\u0101 Powerball \u0161eit \u2013 liel\u0101k\u0101 ASV loterija internet\u0101 no Latvijas un jebkuras citas valsts\",\"breadcrumb\":{\"@id\":\"https:\/\/onlinelotto365.com\/lv\/spelet\/powerball\/#breadcrumb\"},\"inLanguage\":\"lv-LV\",\"potentialAction\":[{\"@type\":\"ReadAction\",\"target\":[\"https:\/\/onlinelotto365.com\/lv\/spelet\/powerball\/\"]}]},{\"@type\":\"ImageObject\",\"inLanguage\":\"lv-LV\",\"@id\":\"https:\/\/onlinelotto365.com\/lv\/spelet\/powerball\/#primaryimage\",\"url\":\"https:\/\/redfoxlotto.com\/image?size=8&amp;lottery=powerball\",\"contentUrl\":\"https:\/\/redfoxlotto.com\/image?size=8&amp;lottery=powerball\"},{\"@type\":\"BreadcrumbList\",\"@id\":\"https:\/\/onlinelotto365.com\/lv\/spelet\/powerball\/#breadcrumb\",\"itemListElement\":[{\"@type\":\"ListItem\",\"position\":1,\"name\":\"Home\",\"item\":\"https:\/\/onlinelotto365.com\/lv\/\"},{\"@type\":\"ListItem\",\"position\":2,\"name\":\"Viss, kas jums j\u0101zina par iesp\u0113j\u0101m sp\u0113l\u0113t lab\u0101k\u0101s loterijas tie\u0161saist\u0113\",\"item\":\"https:\/\/onlinelotto365.com\/lv\/play\/\"},{\"@type\":\"ListItem\",\"position\":3,\"name\":\"K\u0101 Latvijas iedz\u012bvot\u0101ji var piedal\u012bties Powerball internet\u0101?\"}]},{\"@type\":\"WebSite\",\"@id\":\"https:\/\/onlinelotto365.com\/lv\/#website\",\"url\":\"https:\/\/onlinelotto365.com\/lv\/\",\"name\":\"OnlineLotto365\",\"description\":\"\",\"potentialAction\":[{\"@type\":\"SearchAction\",\"target\":{\"@type\":\"EntryPoint\",\"urlTemplate\":\"https:\/\/onlinelotto365.com\/lv\/?s={search_term_string}\"},\"query-input\":{\"@type\":\"PropertyValueSpecification\",\"valueRequired\":true,\"valueName\":\"search_term_string\"}}],\"inLanguage\":\"lv-LV\"}]}<\/script>\n<!-- \/ Yoast SEO plugin. -->","yoast_head_json":{"title":"Piedalies Powerball internet\u0101 no Latvijas | Vai var laim\u0113t Powerball, sp\u0113l\u0113jot no Latvijas","description":"Piedalies loterij\u0101 Powerball \u0161eit \u2013 liel\u0101k\u0101 ASV loterija internet\u0101 no Latvijas un jebkuras citas valsts","robots":{"index":"index","follow":"follow","max-snippet":"max-snippet:-1","max-image-preview":"max-image-preview:large","max-video-preview":"max-video-preview:-1"},"canonical":"https:\/\/onlinelotto365.com\/lv\/spelet\/powerball\/","og_locale":"lv_LV","og_type":"article","og_title":"Piedalies Powerball internet\u0101 no Latvijas | Vai var laim\u0113t Powerball, sp\u0113l\u0113jot no Latvijas","og_description":"Piedalies loterij\u0101 Powerball \u0161eit \u2013 liel\u0101k\u0101 ASV loterija internet\u0101 no Latvijas un jebkuras citas valsts","og_url":"https:\/\/onlinelotto365.com\/lv\/spelet\/powerball\/","og_site_name":"OnlineLotto365","article_modified_time":"2022-11-08T09:23:46+00:00","og_image":[{"url":"https:\/\/redfoxlotto.com\/image?size=8&amp;lottery=powerball"}],"twitter_card":"summary_large_image","twitter_misc":{"Est. reading time":"4 minutes"},"schema":{"@context":"https:\/\/schema.org","@graph":[{"@type":"WebPage","@id":"https:\/\/onlinelotto365.com\/lv\/spelet\/powerball\/","url":"https:\/\/onlinelotto365.com\/lv\/spelet\/powerball\/","name":"Piedalies Powerball internet\u0101 no Latvijas | Vai var laim\u0113t Powerball, sp\u0113l\u0113jot no Latvijas","isPartOf":{"@id":"https:\/\/onlinelotto365.com\/lv\/#website"},"primaryImageOfPage":{"@id":"https:\/\/onlinelotto365.com\/lv\/spelet\/powerball\/#primaryimage"},"image":{"@id":"https:\/\/onlinelotto365.com\/lv\/spelet\/powerball\/#primaryimage"},"thumbnailUrl":"https:\/\/redfoxlotto.com\/image?size=8&amp;lottery=powerball","datePublished":"2020-12-18T17:15:13+00:00","dateModified":"2022-11-08T09:23:46+00:00","description":"Piedalies loterij\u0101 Powerball \u0161eit \u2013 liel\u0101k\u0101 ASV loterija internet\u0101 no Latvijas un jebkuras citas valsts","breadcrumb":{"@id":"https:\/\/onlinelotto365.com\/lv\/spelet\/powerball\/#breadcrumb"},"inLanguage":"lv-LV","potentialAction":[{"@type":"ReadAction","target":["https:\/\/onlinelotto365.com\/lv\/spelet\/powerball\/"]}]},{"@type":"ImageObject","inLanguage":"lv-LV","@id":"https:\/\/onlinelotto365.com\/lv\/spelet\/powerball\/#primaryimage","url":"https:\/\/redfoxlotto.com\/image?size=8&amp;lottery=powerball","contentUrl":"https:\/\/redfoxlotto.com\/image?size=8&amp;lottery=powerball"},{"@type":"BreadcrumbList","@id":"https:\/\/onlinelotto365.com\/lv\/spelet\/powerball\/#breadcrumb","itemListElement":[{"@type":"ListItem","position":1,"name":"Home","item":"https:\/\/onlinelotto365.com\/lv\/"},{"@type":"ListItem","position":2,"name":"Viss, kas jums j\u0101zina par iesp\u0113j\u0101m sp\u0113l\u0113t lab\u0101k\u0101s loterijas tie\u0161saist\u0113","item":"https:\/\/onlinelotto365.com\/lv\/play\/"},{"@type":"ListItem","position":3,"name":"K\u0101 Latvijas iedz\u012bvot\u0101ji var piedal\u012bties Powerball internet\u0101?"}]},{"@type":"WebSite","@id":"https:\/\/onlinelotto365.com\/lv\/#website","url":"https:\/\/onlinelotto365.com\/lv\/","name":"OnlineLotto365","description":"","potentialAction":[{"@type":"SearchAction","target":{"@type":"EntryPoint","urlTemplate":"https:\/\/onlinelotto365.com\/lv\/?s={search_term_string}"},"query-input":{"@type":"PropertyValueSpecification","valueRequired":true,"valueName":"search_term_string"}}],"inLanguage":"lv-LV"}]}},"_links":{"self":[{"href":"https:\/\/onlinelotto365.com\/lv\/wp-json\/wp\/v2\/pages\/11094","targetHints":{"allow":["GET"]}}],"collection":[{"href":"https:\/\/onlinelotto365.com\/lv\/wp-json\/wp\/v2\/pages"}],"about":[{"href":"https:\/\/onlinelotto365.com\/lv\/wp-json\/wp\/v2\/types\/page"}],"author":[{"embeddable":true,"href":"https:\/\/onlinelotto365.com\/lv\/wp-json\/wp\/v2\/users\/1"}],"replies":[{"embeddable":true,"href":"https:\/\/onlinelotto365.com\/lv\/wp-json\/wp\/v2\/comments?post=11094"}],"version-history":[{"count":0,"href":"https:\/\/onlinelotto365.com\/lv\/wp-json\/wp\/v2\/pages\/11094\/revisions"}],"up":[{"embeddable":true,"href":"https:\/\/onlinelotto365.com\/lv\/wp-json\/wp\/v2\/pages\/5025"}],"wp:attachment":[{"href":"https:\/\/onlinelotto365.com\/lv\/wp-json\/wp\/v2\/media?parent=11094"}],"curies":[{"name":"wp","href":"https:\/\/api.w.org\/{rel}","templated":true}]}}