{"id":11096,"date":"2020-12-18T18:16:11","date_gmt":"2020-12-18T17:16:11","guid":{"rendered":"http:\/\/onlinelotto365.net\/?page_id=11096"},"modified":"2021-03-10T11:40:00","modified_gmt":"2021-03-10T10:40:00","slug":"mega-millions","status":"publish","type":"page","link":"https:\/\/onlinelotto365.com\/lv\/spelet\/mega-millions\/","title":{"rendered":"Mega Millions internet\u0101"},"content":{"rendered":"<h2>Par Mega Millions<\/h2>\n<p>\u0160\u012b, iesp\u0113jams, ir pasaul\u0113 visatpaz\u012bstam\u0101k\u0101 loterija. Nodro\u0161inot iesp\u0113ju loterijas entuziastiem no Latvijas piedal\u012bties Mega Millions internet\u0101, m\u0113s pal\u012bdzam piepild\u012bt \u0161o cilv\u0113ku sap\u0146us. Ar\u012b tad, ja tu dz\u012bvo Latvij\u0101, vari piedal\u012bties Mega Millions ar tie\u0161saistes bi\u013ceti. M\u016bsu pakalpojums ir piln\u012bgi likum\u012bgs, un ar t\u0101 starpniec\u012bbu ar\u012b tev ir iesp\u0113ja uzsp\u0113l\u0113t \u0161o amerik\u0101\u0146u \u201cmegaloteriju\u201d.<br \/>\n<a href=\"https:\/\/redfoxlotto.com\/play\/mega-millions\/?ref=a8564250a2&amp;medium=ol365\" target=\"_blank\" rel=\"noopener noreferrer\"><img decoding=\"async\" class=\"aligncenter\" src=\"https:\/\/redfoxlotto.com\/image?size=8&amp;lottery=mega-millions\" alt=\"mega millions\" \/><\/a><\/p>\n<ul>\n<li>Valsts: ASV<\/li>\n<li>Galveno skait\u013cu diapazons: 70<\/li>\n<li>J\u0101izv\u0113las: 5<\/li>\n<li>Papildskait\u013cu diapazons: 25<\/li>\n<li>J\u0101izv\u0113las: 1<\/li>\n<li>Izlo\u017eu dienas, laiki: otrdien\u0101s, piektdien\u0101s plkst. 21.00 p\u0113c ASV laika (EST), plkst. 4.00 p\u0113c Latvijas laika (+1 d.)<\/li>\n<li>Mega Millions d\u017eekpota s\u0101kotn\u0113j\u0101 summa: 40 milj. ASV dol\u0101ru<\/li>\n<li>Mega Millions d\u017eekpota ierobe\u017eojums: nav<\/li>\n<li>Iesp\u0113ja laim\u0113t d\u017eekpotu: 1 pret 175 711 536<\/li>\n<li>Iesp\u0113ja laim\u0113t otru liel\u0101ko laimestu: 1 pret 3 819 816<\/li>\n<li>Iesp\u0113ja laim\u0113t jebkuru laimestu: 1 pret 24,12<\/li>\n<li>Laimestu kategoriju skaits: 9<\/li>\n<\/ul>\n<h2>Lab\u0101k\u0101s Mega Millions pied\u0101v\u0101t\u0101s iesp\u0113jas<\/h2>\n<p><img loading=\"lazy\" decoding=\"async\" class=\"alignright wp-image-1026\" src=\"https:\/\/onlinelotto365.com\/wp-content\/uploads\/2020\/11\/online_lottery-85.jpg\" alt=\"piedal\u012bties mega millions internet\u0101\" width=\"189\" height=\"162\" \/><\/p>\n<p>Mega Millions galvenais valdzin\u0101jums, protams, ir d\u017eekpotu apm\u0113rs. Mega Millions d\u017eekpots nekad nevar b\u016bt maz\u0101ks par 40 miljoniem ASV dol\u0101ru. Katru reizi, kad k\u0101ds \u0161o d\u017eekpotu laim\u0113, tas pieaug no jauna, s\u0101kot no minim\u0101l\u0101s summas 40 miljonu ASV dol\u0101ru apm\u0113r\u0101. T\u0101 k\u0101 ned\u0113\u013c\u0101 notiek divas izlozes, Mega Millions d\u017eekpots aug visai \u0101tri. Katru ned\u0113\u013cu Mega Millions piedal\u0101s miljoniem cilv\u0113ku no ASV, turkl\u0101t cilv\u0113ki no cit\u0101m valst\u012bm, t.sk. no Latvijas, \u0161aj\u0101 loterij\u0101 iesaist\u0101s ar interneta starpniec\u012bbu.<\/p>\n<p>\u0145emot v\u0113r\u0101 min\u0113to, nav nekas neparasts, ka Mega Millions d\u017eekpots p\u0113c katras izlozes pieaug par apm\u0113ram 10 miljoniem dol\u0101ru (ja vien k\u0101ds to neizc\u012bna). Tie ir aptuveni 20 miljoni ASV dol\u0101ru ned\u0113\u013c\u0101, jo katru ned\u0113\u013cu notiek divas izlozes.<\/p>\n<p>Tikl\u012bdz d\u017eekpots p\u0101rsniedz 100 miljonu ASV dol\u0101ru atz\u012bmi, gan loterijas tirdzniec\u012bbas viet\u0101s, gan internet\u0101 sp\u0113l\u0113t\u0101jiem tiek p\u0101rdots v\u0113l vair\u0101k bi\u013ce\u0161u. Daudzos gad\u012bjumos d\u017eekpots var sasniegt pat 400 miljonu ASV dol\u0101ru slieksni. Ja t\u0101 notiek, tad, pateicoties teju vai eksploz\u012bvajiem bi\u013ce\u0161u p\u0101rdo\u0161anas tempiem, par norm\u0101lu uzskat\u0101ms pieaugums par 100 miljoniem ASV dol\u0101riem katru ned\u0113\u013cu. Pa\u0161reiz\u0113jais d\u017eekpota rekords ir 1500 miljoni (j\u0101, 1,5 miljardi!) ASV dol\u0101ru.<\/p>\n<h2>K\u0101 noskaidrot Mega Millions rezult\u0101tus<\/h2>\n<p><img loading=\"lazy\" decoding=\"async\" class=\"alignright size-full wp-image-1103\" src=\"https:\/\/onlinelotto365.com\/wp-content\/uploads\/2020\/11\/online_lottery-93.jpg\" alt=\"mega millions Latvija\" width=\"212\" height=\"142\" \/><\/p>\n<p>Ja tu dz\u012bvo Latvij\u0101 vai jebkur\u0101 cit\u0101 valst\u012b, kas nav ASV, tad tev, visticam\u0101k, nav iesp\u0113jas uzzin\u0101t laim\u012bgos skait\u013cus no viet\u0113j\u0101m radiostacij\u0101m vai TV kan\u0101liem. Lai noskaidrotu rezult\u0101tus, var apmekl\u0113t ofici\u0101lo Mega Millions t\u012bmek\u013ca vietni, ta\u010du past\u0101v ar\u012b k\u0101ds daudz vienk\u0101r\u0161\u0101ks risin\u0101jums. Proti, vienk\u0101r\u0161i iegriezies m\u016bsu t\u012bmek\u013ca vietn\u0113 un ieskaties rezult\u0101tu lap\u0101 \u2013 taj\u0101 tiek public\u0113ti visi loteriju rezult\u0101ti.<\/p>\n<p>Ja b\u016bsi piedal\u012bjies internet\u0101 un ja tav\u0101 kont\u0101 b\u016bs k\u0101da Mega Millions bi\u013cete, m\u0113s tev nos\u016bt\u012bsim ar\u012b e-pastu ar pazi\u0146ojumu par laimestu.<\/p>\n<p>T\u0101pat savus person\u012bgos loterijas rezult\u0101tus vari p\u0101rbaud\u012bt sav\u0101 sp\u0113l\u0113t\u0101ja kont\u0101. Ja b\u016bsi piedal\u012bjies Mega Millions internet\u0101, izmantojot m\u016bsu t\u012bmek\u013ca vietni, tad attiec\u012bg\u0101 bi\u013cete (vai bi\u013cetes) tiks saglab\u0101ta tav\u0101 kont\u0101. P\u0113c izlozes var\u0113si taj\u0101 atgriezties un nekav\u0113joties sal\u012bdzin\u0101t savu Mega Millions bi\u013ceti ar jaun\u0101kajiem laim\u012bgajiem skait\u013ciem.<\/p>\n<h2>Piedal\u012bjies Mega Millions internet\u0101 un laim\u0113ji \u2013 kas notiek t\u0101l\u0101k?<\/h2>\n<p>Ja tev ir izdevies tikt pie k\u0101da liel\u0101ka laimesta, m\u016bsu klientu atbalsta komanda tev nos\u016bt\u012bs zi\u0146ojumu ar nor\u0101d\u012bjumiem, k\u0101 r\u012bkoties t\u0101l\u0101k. P\u0113c tam tev b\u016bs j\u0101aizpilda m\u016bsu sniegt\u0101 veidlapa. M\u016bsu servisa komanda nos\u016bt\u012bs tavu veidlapu loterijas komisijai. Veidlap\u0101 tev b\u016bs j\u0101nor\u0101da inform\u0101cija par savu bankas kontu vai fizisko adresi Latvij\u0101 (vai jebkur\u0101 cit\u0101 valst\u012b), k\u0101 ar\u012b savas v\u0113lmes attiec\u012bb\u0101 uz naudas sa\u0146em\u0161anas veidu. Da\u017eu dienu laik\u0101 tu tiksi pie sava laimesta atbilsto\u0161i izv\u0113l\u0113tajam izmaksas veidam.<\/p>\n<p>Ja laim\u0113si maz\u0101ku naudas summu (izsakoties prec\u012bz\u0101k, l\u012bdz 2500 \u20ac), tad \u0161\u012b summa tiks nekav\u0113joties ieskait\u012bta tav\u0101 sp\u0113l\u0113t\u0101ja kont\u0101 \u2013 tev tikai atliks p\u0101rbaud\u012bt atlikumu. P\u0113c tam var\u0113si izv\u0113l\u0113ties atst\u0101t l\u012bdzek\u013cus kont\u0101 un tos izmantot, lai turpin\u0101tu piedal\u012bties cit\u0101s loterij\u0101s (vai taj\u0101 pa\u0161\u0101 Mega Millions) internet\u0101, vai ar\u012b piepras\u012bt naudas iz\u0146em\u0161anu.<\/p>\n","protected":false},"excerpt":{"rendered":"<p>Par Mega Millions \u0160\u012b, iesp\u0113jams, ir pasaul\u0113 visatpaz\u012bstam\u0101k\u0101 loterija. Nodro\u0161inot iesp\u0113ju loterijas entuziastiem no Latvijas piedal\u012bties Mega Millions internet\u0101, m\u0113s pal\u012bdzam piepild\u012bt \u0161o cilv\u0113ku sap\u0146us. Ar\u012b tad, ja tu dz\u012bvo Latvij\u0101, vari piedal\u012bties Mega Millions ar tie\u0161saistes bi\u013ceti. M\u016bsu pakalpojums ir piln\u012bgi likum\u012bgs, un ar t\u0101 starpniec\u012bbu ar\u012b tev ir iesp\u0113ja uzsp\u0113l\u0113t \u0161o amerik\u0101\u0146u \u201cmegaloteriju\u201d. [&hellip;]<\/p>\n","protected":false},"author":1,"featured_media":0,"parent":5025,"menu_order":2,"comment_status":"closed","ping_status":"closed","template":"megamillion.php","meta":{"_et_pb_use_builder":"","_et_pb_old_content":"","_et_gb_content_width":"","exclude_from_search":false,"footnotes":""},"class_list":["post-11096","page","type-page","status-publish","hentry"],"yoast_head":"<!-- This site is optimized with the Yoast SEO plugin v23.4 - https:\/\/yoast.com\/wordpress\/plugins\/seo\/ -->\n<title>Piedalies Mega Millions ASV tie\u0161saist\u0113 | K\u0101 Latvijas iedz\u012bvot\u0101ji var likum\u012bg\u0101 veid\u0101 piedal\u012bties Mega Millions<\/title>\n<meta name=\"description\" content=\"Tagad ar\u012b tu vari piedal\u012bties Mega Millions \u2013 m\u016bsu tie\u0161saistes serviss \u013cauj tikt pie Mega Millions bi\u013cet\u0113m, atrodoties Latvij\u0101\" \/>\n<meta name=\"robots\" content=\"index, follow, max-snippet:-1, max-image-preview:large, max-video-preview:-1\" \/>\n<link rel=\"canonical\" href=\"https:\/\/onlinelotto365.com\/lv\/spelet\/mega-millions\/\" \/>\n<meta property=\"og:locale\" content=\"lv_LV\" \/>\n<meta property=\"og:type\" content=\"article\" \/>\n<meta property=\"og:title\" content=\"Piedalies Mega Millions ASV tie\u0161saist\u0113 | K\u0101 Latvijas iedz\u012bvot\u0101ji var likum\u012bg\u0101 veid\u0101 piedal\u012bties Mega Millions\" \/>\n<meta property=\"og:description\" content=\"Tagad ar\u012b tu vari piedal\u012bties Mega Millions \u2013 m\u016bsu tie\u0161saistes serviss \u013cauj tikt pie Mega Millions bi\u013cet\u0113m, atrodoties Latvij\u0101\" \/>\n<meta property=\"og:url\" content=\"https:\/\/onlinelotto365.com\/lv\/spelet\/mega-millions\/\" \/>\n<meta property=\"og:site_name\" content=\"OnlineLotto365\" \/>\n<meta property=\"article:modified_time\" content=\"2021-03-10T10:40:00+00:00\" \/>\n<meta property=\"og:image\" content=\"https:\/\/redfoxlotto.com\/image?size=8&amp;lottery=mega-millions\" \/>\n<meta name=\"twitter:card\" content=\"summary_large_image\" \/>\n<meta name=\"twitter:label1\" content=\"Est. reading time\" \/>\n\t<meta name=\"twitter:data1\" content=\"4 minutes\" \/>\n<script type=\"application\/ld+json\" class=\"yoast-schema-graph\">{\"@context\":\"https:\/\/schema.org\",\"@graph\":[{\"@type\":\"WebPage\",\"@id\":\"https:\/\/onlinelotto365.com\/lv\/spelet\/mega-millions\/\",\"url\":\"https:\/\/onlinelotto365.com\/lv\/spelet\/mega-millions\/\",\"name\":\"Piedalies Mega Millions ASV tie\u0161saist\u0113 | K\u0101 Latvijas iedz\u012bvot\u0101ji var likum\u012bg\u0101 veid\u0101 piedal\u012bties Mega Millions\",\"isPartOf\":{\"@id\":\"https:\/\/onlinelotto365.com\/lv\/#website\"},\"primaryImageOfPage\":{\"@id\":\"https:\/\/onlinelotto365.com\/lv\/spelet\/mega-millions\/#primaryimage\"},\"image\":{\"@id\":\"https:\/\/onlinelotto365.com\/lv\/spelet\/mega-millions\/#primaryimage\"},\"thumbnailUrl\":\"https:\/\/redfoxlotto.com\/image?size=8&amp;lottery=mega-millions\",\"datePublished\":\"2020-12-18T17:16:11+00:00\",\"dateModified\":\"2021-03-10T10:40:00+00:00\",\"description\":\"Tagad ar\u012b tu vari piedal\u012bties Mega Millions \u2013 m\u016bsu tie\u0161saistes serviss \u013cauj tikt pie Mega Millions bi\u013cet\u0113m, atrodoties Latvij\u0101\",\"breadcrumb\":{\"@id\":\"https:\/\/onlinelotto365.com\/lv\/spelet\/mega-millions\/#breadcrumb\"},\"inLanguage\":\"lv-LV\",\"potentialAction\":[{\"@type\":\"ReadAction\",\"target\":[\"https:\/\/onlinelotto365.com\/lv\/spelet\/mega-millions\/\"]}]},{\"@type\":\"ImageObject\",\"inLanguage\":\"lv-LV\",\"@id\":\"https:\/\/onlinelotto365.com\/lv\/spelet\/mega-millions\/#primaryimage\",\"url\":\"https:\/\/redfoxlotto.com\/image?size=8&amp;lottery=mega-millions\",\"contentUrl\":\"https:\/\/redfoxlotto.com\/image?size=8&amp;lottery=mega-millions\"},{\"@type\":\"BreadcrumbList\",\"@id\":\"https:\/\/onlinelotto365.com\/lv\/spelet\/mega-millions\/#breadcrumb\",\"itemListElement\":[{\"@type\":\"ListItem\",\"position\":1,\"name\":\"Home\",\"item\":\"https:\/\/onlinelotto365.com\/lv\/\"},{\"@type\":\"ListItem\",\"position\":2,\"name\":\"Viss, kas jums j\u0101zina par iesp\u0113j\u0101m sp\u0113l\u0113t lab\u0101k\u0101s loterijas tie\u0161saist\u0113\",\"item\":\"https:\/\/onlinelotto365.com\/lv\/play\/\"},{\"@type\":\"ListItem\",\"position\":3,\"name\":\"Mega Millions internet\u0101\"}]},{\"@type\":\"WebSite\",\"@id\":\"https:\/\/onlinelotto365.com\/lv\/#website\",\"url\":\"https:\/\/onlinelotto365.com\/lv\/\",\"name\":\"OnlineLotto365\",\"description\":\"\",\"potentialAction\":[{\"@type\":\"SearchAction\",\"target\":{\"@type\":\"EntryPoint\",\"urlTemplate\":\"https:\/\/onlinelotto365.com\/lv\/?s={search_term_string}\"},\"query-input\":{\"@type\":\"PropertyValueSpecification\",\"valueRequired\":true,\"valueName\":\"search_term_string\"}}],\"inLanguage\":\"lv-LV\"}]}<\/script>\n<!-- \/ Yoast SEO plugin. -->","yoast_head_json":{"title":"Piedalies Mega Millions ASV tie\u0161saist\u0113 | K\u0101 Latvijas iedz\u012bvot\u0101ji var likum\u012bg\u0101 veid\u0101 piedal\u012bties Mega Millions","description":"Tagad ar\u012b tu vari piedal\u012bties Mega Millions \u2013 m\u016bsu tie\u0161saistes serviss \u013cauj tikt pie Mega Millions bi\u013cet\u0113m, atrodoties Latvij\u0101","robots":{"index":"index","follow":"follow","max-snippet":"max-snippet:-1","max-image-preview":"max-image-preview:large","max-video-preview":"max-video-preview:-1"},"canonical":"https:\/\/onlinelotto365.com\/lv\/spelet\/mega-millions\/","og_locale":"lv_LV","og_type":"article","og_title":"Piedalies Mega Millions ASV tie\u0161saist\u0113 | K\u0101 Latvijas iedz\u012bvot\u0101ji var likum\u012bg\u0101 veid\u0101 piedal\u012bties Mega Millions","og_description":"Tagad ar\u012b tu vari piedal\u012bties Mega Millions \u2013 m\u016bsu tie\u0161saistes serviss \u013cauj tikt pie Mega Millions bi\u013cet\u0113m, atrodoties Latvij\u0101","og_url":"https:\/\/onlinelotto365.com\/lv\/spelet\/mega-millions\/","og_site_name":"OnlineLotto365","article_modified_time":"2021-03-10T10:40:00+00:00","og_image":[{"url":"https:\/\/redfoxlotto.com\/image?size=8&amp;lottery=mega-millions"}],"twitter_card":"summary_large_image","twitter_misc":{"Est. reading time":"4 minutes"},"schema":{"@context":"https:\/\/schema.org","@graph":[{"@type":"WebPage","@id":"https:\/\/onlinelotto365.com\/lv\/spelet\/mega-millions\/","url":"https:\/\/onlinelotto365.com\/lv\/spelet\/mega-millions\/","name":"Piedalies Mega Millions ASV tie\u0161saist\u0113 | K\u0101 Latvijas iedz\u012bvot\u0101ji var likum\u012bg\u0101 veid\u0101 piedal\u012bties Mega Millions","isPartOf":{"@id":"https:\/\/onlinelotto365.com\/lv\/#website"},"primaryImageOfPage":{"@id":"https:\/\/onlinelotto365.com\/lv\/spelet\/mega-millions\/#primaryimage"},"image":{"@id":"https:\/\/onlinelotto365.com\/lv\/spelet\/mega-millions\/#primaryimage"},"thumbnailUrl":"https:\/\/redfoxlotto.com\/image?size=8&amp;lottery=mega-millions","datePublished":"2020-12-18T17:16:11+00:00","dateModified":"2021-03-10T10:40:00+00:00","description":"Tagad ar\u012b tu vari piedal\u012bties Mega Millions \u2013 m\u016bsu tie\u0161saistes serviss \u013cauj tikt pie Mega Millions bi\u013cet\u0113m, atrodoties Latvij\u0101","breadcrumb":{"@id":"https:\/\/onlinelotto365.com\/lv\/spelet\/mega-millions\/#breadcrumb"},"inLanguage":"lv-LV","potentialAction":[{"@type":"ReadAction","target":["https:\/\/onlinelotto365.com\/lv\/spelet\/mega-millions\/"]}]},{"@type":"ImageObject","inLanguage":"lv-LV","@id":"https:\/\/onlinelotto365.com\/lv\/spelet\/mega-millions\/#primaryimage","url":"https:\/\/redfoxlotto.com\/image?size=8&amp;lottery=mega-millions","contentUrl":"https:\/\/redfoxlotto.com\/image?size=8&amp;lottery=mega-millions"},{"@type":"BreadcrumbList","@id":"https:\/\/onlinelotto365.com\/lv\/spelet\/mega-millions\/#breadcrumb","itemListElement":[{"@type":"ListItem","position":1,"name":"Home","item":"https:\/\/onlinelotto365.com\/lv\/"},{"@type":"ListItem","position":2,"name":"Viss, kas jums j\u0101zina par iesp\u0113j\u0101m sp\u0113l\u0113t lab\u0101k\u0101s loterijas tie\u0161saist\u0113","item":"https:\/\/onlinelotto365.com\/lv\/play\/"},{"@type":"ListItem","position":3,"name":"Mega Millions internet\u0101"}]},{"@type":"WebSite","@id":"https:\/\/onlinelotto365.com\/lv\/#website","url":"https:\/\/onlinelotto365.com\/lv\/","name":"OnlineLotto365","description":"","potentialAction":[{"@type":"SearchAction","target":{"@type":"EntryPoint","urlTemplate":"https:\/\/onlinelotto365.com\/lv\/?s={search_term_string}"},"query-input":{"@type":"PropertyValueSpecification","valueRequired":true,"valueName":"search_term_string"}}],"inLanguage":"lv-LV"}]}},"_links":{"self":[{"href":"https:\/\/onlinelotto365.com\/lv\/wp-json\/wp\/v2\/pages\/11096","targetHints":{"allow":["GET"]}}],"collection":[{"href":"https:\/\/onlinelotto365.com\/lv\/wp-json\/wp\/v2\/pages"}],"about":[{"href":"https:\/\/onlinelotto365.com\/lv\/wp-json\/wp\/v2\/types\/page"}],"author":[{"embeddable":true,"href":"https:\/\/onlinelotto365.com\/lv\/wp-json\/wp\/v2\/users\/1"}],"replies":[{"embeddable":true,"href":"https:\/\/onlinelotto365.com\/lv\/wp-json\/wp\/v2\/comments?post=11096"}],"version-history":[{"count":0,"href":"https:\/\/onlinelotto365.com\/lv\/wp-json\/wp\/v2\/pages\/11096\/revisions"}],"up":[{"embeddable":true,"href":"https:\/\/onlinelotto365.com\/lv\/wp-json\/wp\/v2\/pages\/5025"}],"wp:attachment":[{"href":"https:\/\/onlinelotto365.com\/lv\/wp-json\/wp\/v2\/media?parent=11096"}],"curies":[{"name":"wp","href":"https:\/\/api.w.org\/{rel}","templated":true}]}}