{"id":11101,"date":"2020-12-18T18:19:34","date_gmt":"2020-12-18T17:19:34","guid":{"rendered":"http:\/\/onlinelotto365.net\/?page_id=11101"},"modified":"2022-11-07T12:08:51","modified_gmt":"2022-11-07T11:08:51","slug":"eurojackpot","status":"publish","type":"page","link":"https:\/\/onlinelotto365.com\/lv\/spelet\/eurojackpot\/","title":{"rendered":"Sp\u0113l\u0113jiet Eurojackpot ar tie\u0161saistes bi\u013ceti"},"content":{"rendered":"<h2>Par Eurojackpot<\/h2>\n<p>\u0160\u012b Eiropas loterija tika izveidota, sadarbojoties vair\u0101k\u0101m Eiropas loteriju iest\u0101d\u0113m. Pa\u0161laik j\u016bs varat sp\u0113l\u0113t Eurojackpot ar bi\u013cet\u0113m, kas pieejamas viet\u0113j\u0101 loteriju veikal\u0101, ja dz\u012bvojat k\u0101d\u0101 no iesaist\u012btaj\u0101m valst\u012bm. \u0160\u012bs valstis ir Horv\u0101tija, \u010cehija, D\u0101nija, Igaunija, Grie\u0137ija, V\u0101cija, Ukraina, Islande, It\u0101lija, Latvija, Lietuva, Norv\u0113\u0123ija, Polija, Polija, Bulg\u0101rija, Slov\u0113nija, Sp\u0101nija, Horv\u0101tija, Slov\u0113nija, Zviedrija un N\u012bderlande.<\/p>\n<p><a href=\"https:\/\/redfoxlotto.com\/play\/eurojackpot\/?ref=a8564250a2&amp;medium=ol365\" target=\"_blank\" rel=\"noopener noreferrer\"><img decoding=\"async\" class=\"aligncenter\" src=\"https:\/\/redfoxlotto.com\/image?size=8&amp;lottery=eurojackpot\" alt=\"Eurojackpot\" \/><\/a><\/p>\n<p>Ja dz\u012bvojat valst\u012b, kas nav iek\u013cauta sarakst\u0101, j\u016bsu vien\u012bg\u0101 iesp\u0113ja ir sp\u0113l\u0113t Eurojackpot tie\u0161saist\u0113. Kad b\u016bsiet atkl\u0101ju\u0161i \u0161o iesp\u0113ju, j\u016bs redz\u0113siet, ka ir v\u0113l daudz citu iesp\u0113ju. M\u016bsu vietn\u0113 j\u016bs varat ne tikai viegli sp\u0113l\u0113t Eurojackpot tie\u0161saist\u0113 no Latvijas. M\u0113s sniedzam jums piek\u013cuvi ar\u012b cit\u0101m pasaules l\u012bme\u0146a loterij\u0101m ar milz\u012bgiem d\u017eekpotiem.<\/p>\n<ul>\n<li>Valsts: da\u017e\u0101das Eiropas valstis, skatiet iepriek\u0161.<\/li>\n<li>Galveno skait\u013cu diapazons: 50<\/li>\n<li>Jums ir j\u0101izv\u0113las: 5<\/li>\n<li>Papildu numuru diapazons:: 10<\/li>\n<li>Jums j\u0101izv\u0113las: 2<\/li>\n<li>Izlozes dienas, stundas: Piektdiena, , , , 21:00 CET &#8211; 21:00 CET &#8211; 21:00 CET<\/li>\n<li>D\u017eekpots s\u0101kas plkst: \u20ac 10 miljoni<\/li>\n<li>Maksim\u0101lais d\u017eekpota apjoms: \u20ac 90 miljoni.<\/li>\n<li>Iesp\u0113ja laim\u0113t d\u017eekpotu: 1 pret 135600640<\/li>\n<li>Iesp\u0113ja laim\u0113t otro balvu: 1 pret 2118760<\/li>\n<li>Iesp\u0113ja laim\u0113t jebkuru balvu: 1 pret 26,39<\/li>\n<li>Balvu kategoriju skaits: 12<\/li>\n<\/ul>\n<h2>Eurojackpot lab\u0101k\u0101s iez\u012bmes<\/h2>\n<p>Vispirms j\u016bs paman\u012bsiet, ka d\u017eekpots vienm\u0113r s\u0101kas ar vismaz 10 miljonu eiro lielu summu. Ta\u010du jums j\u0101\u0146em v\u0113r\u0101 ar\u012b tas, ka ar\u012b otrais laimestu l\u012bmenis ir diezgan pievilc\u012bgs, un taj\u0101 ir daudz liel\u0101kas izredzes. Lai vinn\u0113tu otro balvu, jums ir pareizi j\u0101atmin visi 5 galvenie skait\u013ci un viens no diviem papildu skait\u013ciem. \u0160\u0101das izredzes ir aptuveni 1 pret 2 miljoniem, un, vinn\u0113jot \u0161o balvu, parasti tiek izmaks\u0101ti no 100 000 l\u012bdz 500 000 eiro. Tas noteikti ir pietiekami labs iemesls, lai sp\u0113l\u0113tu Eurojackpot tie\u0161saist\u0113 no Latvijas.<\/p>\n<p>Ta\u010du galvenais iemesls, k\u0101p\u0113c jums vienm\u0113r vajadz\u0113tu sekot l\u012bdzi Eurojackpot, ir tas, kas notiks, ja d\u017eekpots sasniegs 90 miljonus eiro, kas parasti notiek da\u017eas reizes gad\u0101. Tikl\u012bdz d\u017eekpots ir p\u0101rsniedzis 40 miljonu eiro slieksni, tam ir tendence diezgan strauji pieaugt, jo Eurojackpot sp\u0113l\u0113 vair\u0101k cilv\u0113ku un tiek p\u0101rdots vair\u0101k bi\u013ce\u0161u. Kas notiks, kad laimests sasniegs 90 miljonu eiro robe\u017eu?<\/p>\n<p>\u0160aj\u0101 br\u012bd\u012b sp\u0113l\u0113t\u0101ju izt\u0113r\u0113t\u0101 papildu nauda nepalielin\u0101s d\u017eekpotu. T\u0101 viet\u0101 \u0161ie l\u012bdzek\u013ci tiks ieskait\u012bti otraj\u0101 balvu kategorij\u0101. T\u0101tad n\u0101kamaj\u0101 izloz\u0113 j\u016bs var\u0113siet ne tikai sp\u0113l\u0113t Eurojackpot tie\u0161saist\u0113 par 90 miljonu eiro d\u017eekpotu, bet ar\u012b sagaid\u012bt daudz liel\u0101ku vinnestu, ja vinn\u0113siet otraj\u0101 kategorij\u0101. Un, kam\u0113r 90 miljonu eiro d\u017eekpots nav izloz\u0113ts, otr\u0101 l\u012bme\u0146a balva var b\u016bt vinn\u0113ta, bet ar katru izlozi tiks pievienota jauna nauda.<\/p>\n<h2>K\u0101 p\u0101rbaud\u012bt Eurojackpot rezult\u0101tus<\/h2>\n<p>P\u0101rbaudiet rezult\u0101tus vai nu k\u0101d\u0101 no ofici\u0101laj\u0101m loteriju m\u0101jaslap\u0101m k\u0101d\u0101 no loterij\u0101 iesaist\u012btaj\u0101s valst\u012bs, vai ar\u012b \u0113rt\u0101k &#8211; apmekl\u0113jiet m\u016bsu t\u012bmek\u013ca vietni, kur atrad\u012bsiet jaun\u0101kos rezult\u0101tus iespaid\u012bg\u0101kaj\u0101m pasaules loterij\u0101m. Un, protams, papildus iesp\u0113jai sp\u0113l\u0113t Eurojackpot tie\u0161saist\u0113 no Latvijas, jums ir ar\u012b iesp\u0113ja vienk\u0101r\u0161i izv\u0113l\u0113ties loteriju, kur\u0101 \u0161obr\u012bd ir visaugst\u0101kais laimests, un sp\u0113l\u0113t \u0161o loteriju tie\u0161saist\u0113.<\/p>\n<h2>J\u016bs sp\u0113l\u0113j\u0101t Eurojackpot tie\u0161saist\u0113 un vinn\u0113j\u0101t &#8211; kas notiks t\u0101l\u0101k?<\/h2>\n<p>P\u0113c tam, kad b\u016bsiet uzzin\u0101jis, ka Eurojackpot loterij\u0101 esat laim\u0113jis, jums tiks nos\u016bt\u012bts ar\u012b m\u016bsu pazi\u0146ojums pa e-pastu. M\u0113s vienm\u0113r inform\u0113sim savus uzvar\u0113t\u0101jus, t\u0101p\u0113c nav iesp\u0113jams, ka j\u016bs palaid\u012bsiet laimestu gar\u0101m. Un visu maz\u0101ko laimestu (maz\u0101ku par vai vien\u0101du ar 2500 eiro) gad\u012bjum\u0101 j\u016bs atrad\u012bsiet laim\u0113to naudu jau sav\u0101 sp\u0113l\u0113t\u0101ja kont\u0101. L\u012bdzek\u013ci b\u016bs j\u016bsu r\u012bc\u012bb\u0101 un var\u0113siet tos iz\u0146emt neilgi p\u0113c izlozes. Protams, j\u016bs varat ar\u012b izv\u0113l\u0113ties neiz\u0146emt naudu vai piepras\u012bt da\u013c\u0113ju atlikuma izmaksu. Neatkar\u012bgi no t\u0101, k\u0101ds b\u016bs j\u016bsu atlikums, to var\u0113siet izmantot, lai sp\u0113l\u0113tu tie\u0161saistes loto un ieg\u0101d\u0101tos jaunas bi\u013cetes.<\/p>\n","protected":false},"excerpt":{"rendered":"<p>Par Eurojackpot \u0160\u012b Eiropas loterija tika izveidota, sadarbojoties vair\u0101k\u0101m Eiropas loteriju iest\u0101d\u0113m. Pa\u0161laik j\u016bs varat sp\u0113l\u0113t Eurojackpot ar bi\u013cet\u0113m, kas pieejamas viet\u0113j\u0101 loteriju veikal\u0101, ja dz\u012bvojat k\u0101d\u0101 no iesaist\u012btaj\u0101m valst\u012bm. \u0160\u012bs valstis ir Horv\u0101tija, \u010cehija, D\u0101nija, Igaunija, Grie\u0137ija, V\u0101cija, Ukraina, Islande, It\u0101lija, Latvija, Lietuva, Norv\u0113\u0123ija, Polija, Polija, Bulg\u0101rija, Slov\u0113nija, Sp\u0101nija, Horv\u0101tija, Slov\u0113nija, Zviedrija un N\u012bderlande. [&hellip;]<\/p>\n","protected":false},"author":1,"featured_media":0,"parent":5025,"menu_order":4,"comment_status":"closed","ping_status":"closed","template":"eurojackpot.php","meta":{"_et_pb_use_builder":"","_et_pb_old_content":"","_et_gb_content_width":"","exclude_from_search":false,"footnotes":""},"class_list":["post-11101","page","type-page","status-publish","hentry"],"yoast_head":"<!-- This site is optimized with the Yoast SEO plugin v23.4 - https:\/\/yoast.com\/wordpress\/plugins\/seo\/ -->\n<title>Eurojackpot Latvijas iedz\u012bvot\u0101jiem | Sp\u0113l\u0113jiet Eurojackpot tie\u0161saist\u0113 \u0161eit<\/title>\n<meta name=\"description\" content=\"Leg\u0101ls un vienk\u0101r\u0161s veids, k\u0101 sp\u0113l\u0113t Eurojackpot tie\u0161saist\u0113 un no Latvijas\" \/>\n<meta name=\"robots\" content=\"index, follow, max-snippet:-1, max-image-preview:large, max-video-preview:-1\" \/>\n<link rel=\"canonical\" href=\"https:\/\/onlinelotto365.com\/lv\/spelet\/eurojackpot\/\" \/>\n<meta property=\"og:locale\" content=\"lv_LV\" \/>\n<meta property=\"og:type\" content=\"article\" \/>\n<meta property=\"og:title\" content=\"Eurojackpot Latvijas iedz\u012bvot\u0101jiem | Sp\u0113l\u0113jiet Eurojackpot tie\u0161saist\u0113 \u0161eit\" \/>\n<meta property=\"og:description\" content=\"Leg\u0101ls un vienk\u0101r\u0161s veids, k\u0101 sp\u0113l\u0113t Eurojackpot tie\u0161saist\u0113 un no Latvijas\" \/>\n<meta property=\"og:url\" content=\"https:\/\/onlinelotto365.com\/lv\/spelet\/eurojackpot\/\" \/>\n<meta property=\"og:site_name\" content=\"OnlineLotto365\" \/>\n<meta property=\"article:modified_time\" content=\"2022-11-07T11:08:51+00:00\" \/>\n<meta property=\"og:image\" content=\"https:\/\/redfoxlotto.com\/image?size=8&amp;lottery=eurojackpot\" \/>\n<meta name=\"twitter:card\" content=\"summary_large_image\" \/>\n<meta name=\"twitter:label1\" content=\"Est. reading time\" \/>\n\t<meta name=\"twitter:data1\" content=\"3 minutes\" \/>\n<script type=\"application\/ld+json\" class=\"yoast-schema-graph\">{\"@context\":\"https:\/\/schema.org\",\"@graph\":[{\"@type\":\"WebPage\",\"@id\":\"https:\/\/onlinelotto365.com\/lv\/spelet\/eurojackpot\/\",\"url\":\"https:\/\/onlinelotto365.com\/lv\/spelet\/eurojackpot\/\",\"name\":\"Eurojackpot Latvijas iedz\u012bvot\u0101jiem | Sp\u0113l\u0113jiet Eurojackpot tie\u0161saist\u0113 \u0161eit\",\"isPartOf\":{\"@id\":\"https:\/\/onlinelotto365.com\/lv\/#website\"},\"primaryImageOfPage\":{\"@id\":\"https:\/\/onlinelotto365.com\/lv\/spelet\/eurojackpot\/#primaryimage\"},\"image\":{\"@id\":\"https:\/\/onlinelotto365.com\/lv\/spelet\/eurojackpot\/#primaryimage\"},\"thumbnailUrl\":\"https:\/\/redfoxlotto.com\/image?size=8&amp;lottery=eurojackpot\",\"datePublished\":\"2020-12-18T17:19:34+00:00\",\"dateModified\":\"2022-11-07T11:08:51+00:00\",\"description\":\"Leg\u0101ls un vienk\u0101r\u0161s veids, k\u0101 sp\u0113l\u0113t Eurojackpot tie\u0161saist\u0113 un no Latvijas\",\"breadcrumb\":{\"@id\":\"https:\/\/onlinelotto365.com\/lv\/spelet\/eurojackpot\/#breadcrumb\"},\"inLanguage\":\"lv-LV\",\"potentialAction\":[{\"@type\":\"ReadAction\",\"target\":[\"https:\/\/onlinelotto365.com\/lv\/spelet\/eurojackpot\/\"]}]},{\"@type\":\"ImageObject\",\"inLanguage\":\"lv-LV\",\"@id\":\"https:\/\/onlinelotto365.com\/lv\/spelet\/eurojackpot\/#primaryimage\",\"url\":\"https:\/\/redfoxlotto.com\/image?size=8&amp;lottery=eurojackpot\",\"contentUrl\":\"https:\/\/redfoxlotto.com\/image?size=8&amp;lottery=eurojackpot\"},{\"@type\":\"BreadcrumbList\",\"@id\":\"https:\/\/onlinelotto365.com\/lv\/spelet\/eurojackpot\/#breadcrumb\",\"itemListElement\":[{\"@type\":\"ListItem\",\"position\":1,\"name\":\"Home\",\"item\":\"https:\/\/onlinelotto365.com\/lv\/\"},{\"@type\":\"ListItem\",\"position\":2,\"name\":\"Viss, kas jums j\u0101zina par iesp\u0113j\u0101m sp\u0113l\u0113t lab\u0101k\u0101s loterijas tie\u0161saist\u0113\",\"item\":\"https:\/\/onlinelotto365.com\/lv\/play\/\"},{\"@type\":\"ListItem\",\"position\":3,\"name\":\"Sp\u0113l\u0113jiet Eurojackpot ar tie\u0161saistes bi\u013ceti\"}]},{\"@type\":\"WebSite\",\"@id\":\"https:\/\/onlinelotto365.com\/lv\/#website\",\"url\":\"https:\/\/onlinelotto365.com\/lv\/\",\"name\":\"OnlineLotto365\",\"description\":\"\",\"potentialAction\":[{\"@type\":\"SearchAction\",\"target\":{\"@type\":\"EntryPoint\",\"urlTemplate\":\"https:\/\/onlinelotto365.com\/lv\/?s={search_term_string}\"},\"query-input\":{\"@type\":\"PropertyValueSpecification\",\"valueRequired\":true,\"valueName\":\"search_term_string\"}}],\"inLanguage\":\"lv-LV\"}]}<\/script>\n<!-- \/ Yoast SEO plugin. -->","yoast_head_json":{"title":"Eurojackpot Latvijas iedz\u012bvot\u0101jiem | Sp\u0113l\u0113jiet Eurojackpot tie\u0161saist\u0113 \u0161eit","description":"Leg\u0101ls un vienk\u0101r\u0161s veids, k\u0101 sp\u0113l\u0113t Eurojackpot tie\u0161saist\u0113 un no Latvijas","robots":{"index":"index","follow":"follow","max-snippet":"max-snippet:-1","max-image-preview":"max-image-preview:large","max-video-preview":"max-video-preview:-1"},"canonical":"https:\/\/onlinelotto365.com\/lv\/spelet\/eurojackpot\/","og_locale":"lv_LV","og_type":"article","og_title":"Eurojackpot Latvijas iedz\u012bvot\u0101jiem | Sp\u0113l\u0113jiet Eurojackpot tie\u0161saist\u0113 \u0161eit","og_description":"Leg\u0101ls un vienk\u0101r\u0161s veids, k\u0101 sp\u0113l\u0113t Eurojackpot tie\u0161saist\u0113 un no Latvijas","og_url":"https:\/\/onlinelotto365.com\/lv\/spelet\/eurojackpot\/","og_site_name":"OnlineLotto365","article_modified_time":"2022-11-07T11:08:51+00:00","og_image":[{"url":"https:\/\/redfoxlotto.com\/image?size=8&amp;lottery=eurojackpot"}],"twitter_card":"summary_large_image","twitter_misc":{"Est. reading time":"3 minutes"},"schema":{"@context":"https:\/\/schema.org","@graph":[{"@type":"WebPage","@id":"https:\/\/onlinelotto365.com\/lv\/spelet\/eurojackpot\/","url":"https:\/\/onlinelotto365.com\/lv\/spelet\/eurojackpot\/","name":"Eurojackpot Latvijas iedz\u012bvot\u0101jiem | Sp\u0113l\u0113jiet Eurojackpot tie\u0161saist\u0113 \u0161eit","isPartOf":{"@id":"https:\/\/onlinelotto365.com\/lv\/#website"},"primaryImageOfPage":{"@id":"https:\/\/onlinelotto365.com\/lv\/spelet\/eurojackpot\/#primaryimage"},"image":{"@id":"https:\/\/onlinelotto365.com\/lv\/spelet\/eurojackpot\/#primaryimage"},"thumbnailUrl":"https:\/\/redfoxlotto.com\/image?size=8&amp;lottery=eurojackpot","datePublished":"2020-12-18T17:19:34+00:00","dateModified":"2022-11-07T11:08:51+00:00","description":"Leg\u0101ls un vienk\u0101r\u0161s veids, k\u0101 sp\u0113l\u0113t Eurojackpot tie\u0161saist\u0113 un no Latvijas","breadcrumb":{"@id":"https:\/\/onlinelotto365.com\/lv\/spelet\/eurojackpot\/#breadcrumb"},"inLanguage":"lv-LV","potentialAction":[{"@type":"ReadAction","target":["https:\/\/onlinelotto365.com\/lv\/spelet\/eurojackpot\/"]}]},{"@type":"ImageObject","inLanguage":"lv-LV","@id":"https:\/\/onlinelotto365.com\/lv\/spelet\/eurojackpot\/#primaryimage","url":"https:\/\/redfoxlotto.com\/image?size=8&amp;lottery=eurojackpot","contentUrl":"https:\/\/redfoxlotto.com\/image?size=8&amp;lottery=eurojackpot"},{"@type":"BreadcrumbList","@id":"https:\/\/onlinelotto365.com\/lv\/spelet\/eurojackpot\/#breadcrumb","itemListElement":[{"@type":"ListItem","position":1,"name":"Home","item":"https:\/\/onlinelotto365.com\/lv\/"},{"@type":"ListItem","position":2,"name":"Viss, kas jums j\u0101zina par iesp\u0113j\u0101m sp\u0113l\u0113t lab\u0101k\u0101s loterijas tie\u0161saist\u0113","item":"https:\/\/onlinelotto365.com\/lv\/play\/"},{"@type":"ListItem","position":3,"name":"Sp\u0113l\u0113jiet Eurojackpot ar tie\u0161saistes bi\u013ceti"}]},{"@type":"WebSite","@id":"https:\/\/onlinelotto365.com\/lv\/#website","url":"https:\/\/onlinelotto365.com\/lv\/","name":"OnlineLotto365","description":"","potentialAction":[{"@type":"SearchAction","target":{"@type":"EntryPoint","urlTemplate":"https:\/\/onlinelotto365.com\/lv\/?s={search_term_string}"},"query-input":{"@type":"PropertyValueSpecification","valueRequired":true,"valueName":"search_term_string"}}],"inLanguage":"lv-LV"}]}},"_links":{"self":[{"href":"https:\/\/onlinelotto365.com\/lv\/wp-json\/wp\/v2\/pages\/11101","targetHints":{"allow":["GET"]}}],"collection":[{"href":"https:\/\/onlinelotto365.com\/lv\/wp-json\/wp\/v2\/pages"}],"about":[{"href":"https:\/\/onlinelotto365.com\/lv\/wp-json\/wp\/v2\/types\/page"}],"author":[{"embeddable":true,"href":"https:\/\/onlinelotto365.com\/lv\/wp-json\/wp\/v2\/users\/1"}],"replies":[{"embeddable":true,"href":"https:\/\/onlinelotto365.com\/lv\/wp-json\/wp\/v2\/comments?post=11101"}],"version-history":[{"count":0,"href":"https:\/\/onlinelotto365.com\/lv\/wp-json\/wp\/v2\/pages\/11101\/revisions"}],"up":[{"embeddable":true,"href":"https:\/\/onlinelotto365.com\/lv\/wp-json\/wp\/v2\/pages\/5025"}],"wp:attachment":[{"href":"https:\/\/onlinelotto365.com\/lv\/wp-json\/wp\/v2\/media?parent=11101"}],"curies":[{"name":"wp","href":"https:\/\/api.w.org\/{rel}","templated":true}]}}