{"id":11106,"date":"2020-12-18T18:22:08","date_gmt":"2020-12-18T17:22:08","guid":{"rendered":"http:\/\/onlinelotto365.net\/?page_id=11106"},"modified":"2022-11-09T10:15:14","modified_gmt":"2022-11-09T09:15:14","slug":"el-gordo","status":"publish","type":"page","link":"https:\/\/onlinelotto365.com\/lv\/spelet\/el-gordo\/","title":{"rendered":"K\u0101 Latvijas iedz\u012bvot\u0101ji var piedal\u012bties El Gordo?"},"content":{"rendered":"<p>Ja dz\u012bvojat Sp\u0101nij\u0101, tad man jums nav j\u0101st\u0101sta, cik aizraujo\u0161a ir loterija El Gordo. Tiesa gan, liel\u0101k\u0101 da\u013ca loteriju dal\u012bbnieku tur nedz\u012bvo, un vairums par Sp\u0101nijas liel\u0101ko loteriju nemaz nav dzird\u0113ju\u0161i. V\u0113l pavisam nesen tam nebija nek\u0101das noz\u012bmes, jo j\u016bs tik un t\u0101 nevar\u0113j\u0101t taj\u0101 piedal\u012bties, jo Sp\u0101nija bija vien\u012bg\u0101 vieta, kur var\u0113ja ieg\u0101d\u0101ties \u0161\u012bs loterijas bi\u013cetes.<\/p>\n<p>Ar interneta ma\u0123ijas pal\u012bdz\u012bbu m\u016bsdien\u0101s El Gordo piedal\u0101s vair\u0101k nek\u0101 150 000 sp\u0113l\u0113t\u0101ju no vismaz 140 valst\u012bm. Tagad, lai ieg\u0101d\u0101tos bi\u013cetes, jums atliek vien zin\u0101t, kur t\u0101s nopirkt tie\u0161saist\u0113. Tie\u0161i t\u0101d\u0113\u013c m\u0113s esam \u0161eit, lai jums pal\u012bdz\u0113tu.<br \/>\n<a href=\"https:\/\/redfoxlotto.com\/play\/el-gordo-primitiva\/?ref=a8564250a2&amp;medium=ol365\" target=\"_blank\" rel=\"noopener noreferrer\"><img decoding=\"async\" class=\"aligncenter\" src=\"https:\/\/redfoxlotto.com\/image?size=8&amp;lottery=el-gordo-primitiva\" alt=\"el gordo la primitiva\" \/><\/a><\/p>\n<p>Ir pieejams lielisks, jauns pakalpojums ar nosaukumu RedFoxLotto, kur\u0101 j\u016bs varat ne tikai ieg\u0101d\u0101ties El Gordo loterijas bi\u013cetes tie\u0161saist\u0113, bet ar\u012b tie\u0161saist\u0113 nopirkt bi\u013cetes uz vis\u0101m cit\u0101m pasaules liel\u0101kaj\u0101m loterij\u0101m. Min\u0113tais pakalpojums visu \u0161o procesu neticami atvieglo, un da\u017eu min\u016b\u0161u laik\u0101 j\u016bs varat sa\u0146emt tik n\u0101kam\u0101s izlozes bi\u013ce\u0161u, cik vien v\u0113laties, k\u0101 ar\u012b bi\u013cetes jebkur\u0101 cit\u0101 lielaj\u0101 loterij\u0101, kur\u0101 v\u0113laties piedal\u012bties.<\/p>\n<p>T\u0101tad, pateicoties \u0161im tie\u0161saistes pakalpojumam, loteriju sp\u0113l\u0113\u0161anas azarts ir pieaudzis l\u012bdz episkiem m\u0113rogiem. \u0145emiet to, cik \u013coti jums pat\u012bk piedal\u012bties loterij\u0101s, un sareiziniet ar desmit vai divdesmit \u2013 un iedom\u0101jieties, k\u0101 tas b\u016btu. _Apmekl\u0113jiet RedFoxLotto, noklik\u0161\u0137inot uz \u0161\u012bs saites_, un gatavojieties to visu \u012bstenot dz\u012bv\u0113!<\/p>\n<h2>Par El Gordo<\/h2>\n<ul>\n<li>Valsts: Sp\u0101nija<\/li>\n<li><span style=\"font-size: 16px;\"> Galvenais skait\u013cu diapazons: 54 <\/span><\/li>\n<li>J\u016bs izv\u0113laties: 5<\/li>\n<li>Papildu skait\u013cu diapazons: nav<\/li>\n<li>J\u016bs izv\u0113laties: neviens<\/li>\n<li>Z\u012bm\u0113 dienas, stundas: sv\u0113tdien, plkst. 21:30 p\u0113c CET laika, plkst. 21:30 p\u0113cpusdien\u0101<\/li>\n<li>Minim\u0101lais d\u017eekpots: 4 miljoni eiro<\/li>\n<li>D\u017eekpots maksim\u0101li ierobe\u017eots: nav maksimuma<\/li>\n<li>Iesp\u0113jas laim\u0113t d\u017eekpotu: 1 no 31.625.100<\/li>\n<li>2. l\u012bme\u0146a uzvar\u0113\u0161anas varb\u016bt\u012bba: 1 no 3.513.900<\/li>\n<li>Varb\u016bt\u012bba uzvar\u0113t jebkur\u0101 l\u012bmen\u012b: 1 pret 6,16<\/li>\n<li>\u012apa\u0161i notikumi El Gordo: Ziemassv\u0113tku \u012bpa\u0161ais pas\u0101kums<\/li>\n<\/ul>\n<h2>\u201cEl Gordo\u201d noz\u012bm\u0113 \u201cLielais\u201d<\/h2>\n<p><img loading=\"lazy\" decoding=\"async\" class=\" wp-image-1829 alignright\" src=\"https:\/\/onlinelotto365.com\/wp-content\/uploads\/2020\/11\/online_lottery-163.jpg\" alt=\"sp\u0113l\u0113t el gordo tie\u0161saist\u0113 \" width=\"299\" height=\"216\" \/><\/p>\n<p>Visi El Gordo d\u017eekpoti ir milz\u012bgi, un to sp\u0113j nov\u0113rt\u0113t ikviens loterijas sp\u0113l\u0113t\u0101js. Ir pag\u0101ju\u0161i tie laiki, kad diezgan ilgi n\u0101c\u0101s gaid\u012bt cer\u012bb\u0101, ka j\u016bsu m\u012b\u013c\u0101k\u0101s loterijas d\u017eekpots augs un augs, l\u012bdz beidzot tas k\u013cuva tik milz\u012bgs, kad cilv\u0113ki klupdami, krizdami steidza ieg\u0101d\u0101t bi\u013cetes.<\/p>\n<p>M\u016bsdien\u0101s pasaul\u0113 ir daudz loteriju, kuras visas s\u0101kas ar milz\u012bgiem d\u017eekpotiem, kas k\u013c\u016bst arvien liel\u0101ki un liel\u0101ki. \u0160\u012b loterija pavisam noteikti ir viena no t\u0101m. Piem\u0113ram, \u0161\u012b raksta tap\u0161anas br\u012bd\u012b t\u0101s d\u017eekpotu veido 23 miljoni eiro.<\/p>\n<p>Turkl\u0101t, ja jums pat\u012bk lieli d\u017eekpoti k\u0101 \u0161is, k\u0101di, dom\u0101jams, pat\u012bk mums visiem, RedFoxLotto pied\u0101v\u0101 v\u0113l daudz vair\u0101k, tostarp da\u017eus pat v\u0113l iespaid\u012bg\u0101kus d\u017eekpotus. Tom\u0113r runa nav tikai par vienu loteriju \u2013 m\u0113s varam piedal\u012bties vismaz vair\u0101k\u0101s, un El Gordo ir viena no t\u0101m, kuru pavisam noteikti ir v\u0113rts uzsp\u0113l\u0113t.<\/p>\n<p>T\u0101pat k\u0101 daudz\u0101s lielaj\u0101s loterij\u0101s, ar\u012b \u0161aj\u0101 izloz\u0113 ir divas da\u013cas. Pirmaj\u0101 da\u013c\u0101 no 54 skait\u013ciem j\u0101izloz\u0113 5 skait\u013ci. Ja jums tas izdodas, j\u016bs jau gaida \u013coti liela balva. P\u0113c tam, ja jums atbilst gan 5 skait\u013ci, gan galvenais skaitlis no 1 l\u012bdz 9, j\u016bs esat to paveicis un laim\u0113jis lielo d\u017eekpotu.<\/p>\n<p>Kop\u0101 El Gordo ir 9 da\u017e\u0101das balvu kategorijas, s\u0101kot no vienk\u0101r\u0161as kritisk\u0101 skait\u013ca starp 1 un 9 sakrit\u012bbas l\u012bdz pat lielajam laimestam. Lai gan m\u0113s visi \u013coti v\u0113lamies vinn\u0113t d\u017eekpotus, noteikti ir pat\u012bkami, ja j\u016bs vinn\u0113siet jebkuras summas balvu, un Sp\u0101nijas popul\u0101r\u0101k\u0101 loterija sniedz jums v\u0113l liel\u0101kas iesp\u0113jas to izdar\u012bt nek\u0101 da\u017eas citas loterijas.<\/p>\n<p>Turkl\u0101t at\u0161\u0137ir\u012bb\u0101 no da\u017e\u0101m valst\u012bm Sp\u0101nij\u0101 loterijas laimestiem netiek uzlikti nodok\u013ci. Atkar\u012bb\u0101 no dz\u012bvesvietas jums var b\u016bt vai var neb\u016bt j\u0101deklar\u0113 savs laimests vald\u012bbai, ta\u010du da\u017eviet no loterijas laimestiem tiek ietur\u0113ti nodok\u013ci, pat ja j\u016bsu valst\u012b loterijas laimestam nodok\u013ci nav j\u0101maks\u0101. Lai gan j\u016bs varat atg\u016bt \u0161o naudu, t\u0101s ir ne\u0113rt\u012bbas, par kur\u0101m jums nav j\u0101uztraucas, izmantojot El Gordo.<\/p>\n<p>Tom\u0113r pat taj\u0101s valst\u012bs, kur\u0101s tas tiek dar\u012bts, vienm\u0113r, kad j\u016bs vinn\u0113siet d\u017eekpotu, naudas, ko j\u016bs sa\u0146emat avans\u0101 ar vai bez nodok\u013cu ietur\u0113\u0161anas, noteikti jums tik un t\u0101 pietiks ilgam laikam, t\u0101p\u0113c tam nevajadz\u0113tu j\u016bs \u012bpa\u0161i uztraukt. T\u0101pat jums nevajadz\u0113tu doties uz Sp\u0101niju, lai pa\u0146emtu savus miljonus. Iesp\u0113jams, ka j\u016bs daudz vair\u0101k ce\u013cosiet, un ar \u0161o ce\u013cojumu j\u016bs var\u0113tu ar\u012b s\u0101kt savu reakt\u012bv\u0101 lidot\u0101ja karjeru.<\/p>\n<h2>K\u0101p\u0113c palaist gar\u0101m El Gordo, ja jums tas nav j\u0101dara tagad?<\/h2>\n<p>Gadiem ilgi jums bija labs attaisnojums, lai nesp\u0113l\u0113tu El Gordo Lotto, jo dz\u012bvojat Latvij\u0101, nevis Sp\u0101nij\u0101. Par laimi, t\u0101 vairs nav. Kas zina, cik daudz naudas j\u016bs b\u016btu var\u0113ju\u0161i laim\u0113t, ja visu laiku b\u016btu sp\u0113l\u0113ju\u0161i \u0161o un visas p\u0101r\u0113j\u0101s liel\u0101k\u0101s pasaules loterijas?<\/p>\n<p>Nu, jums par to vairs nav j\u0101br\u012bn\u0101s, jo tagad m\u0113s El Gordo atved\u012bsim tie\u0161i uz j\u016bsu m\u0101j\u0101m, tur, kur j\u016bs s\u0113\u017eat tie\u0161i tagad. Es zinu, ka jums pat\u012bk sp\u0113l\u0113t loteriju, cit\u0101di j\u016bs neb\u016btu las\u012bjis \u0161o. K\u0101d\u0113\u013c gan tagad nelas\u012bt sev El Gordo loterijas bi\u013ceti? Kam\u0113r j\u016bs to dar\u0101t, k\u0101p\u0113c gan jums nep\u0101rbaud\u012bt visu p\u0101r\u0113jo, ko m\u0113s jums varam pied\u0101v\u0101t?<\/p>\n<h2>K\u0101 p\u0101rbaud\u012bt El Gordo rezult\u0101tus<\/h2>\n<p>J\u016bs varat atgriezties \u0161eit, lai p\u0101rbaud\u012btu laim\u0113ju\u0161os skait\u013cus un sal\u012bdzin\u0101tu tos ar sav\u0101m El Gordo bi\u013cet\u0113m. M\u0113s par\u0101d\u012bsim jums jaun\u0101kos laim\u0113ju\u0161os skait\u013cus blakus j\u016bsu bi\u013cetes skait\u013ciem. Protams, j\u016bs varat ar\u012b redz\u0113t, cik daudz esat vinn\u0113jis, ja esat vinn\u0113jis.<\/p>\n<p>M\u016bsu pakalpojums ietver ar\u012b laimestu sa\u0146em\u0161anu j\u016bsu kont\u0101. Atkar\u012bb\u0101 no laimestu summas ir atkar\u012bgs, k\u0101 j\u016bs sa\u0146emat naudu. Par \u0161o pakalpojumu m\u0113s ne\u0146emam naudu no j\u016bsu laimestiem.<\/p>\n","protected":false},"excerpt":{"rendered":"<p>Ja dz\u012bvojat Sp\u0101nij\u0101, tad man jums nav j\u0101st\u0101sta, cik aizraujo\u0161a ir loterija El Gordo. Tiesa gan, liel\u0101k\u0101 da\u013ca loteriju dal\u012bbnieku tur nedz\u012bvo, un vairums par Sp\u0101nijas liel\u0101ko loteriju nemaz nav dzird\u0113ju\u0161i. V\u0113l pavisam nesen tam nebija nek\u0101das noz\u012bmes, jo j\u016bs tik un t\u0101 nevar\u0113j\u0101t taj\u0101 piedal\u012bties, jo Sp\u0101nija bija vien\u012bg\u0101 vieta, kur var\u0113ja ieg\u0101d\u0101ties \u0161\u012bs [&hellip;]<\/p>\n","protected":false},"author":1,"featured_media":0,"parent":5025,"menu_order":6,"comment_status":"closed","ping_status":"closed","template":"el-gordo.php","meta":{"_et_pb_use_builder":"","_et_pb_old_content":"","_et_gb_content_width":"","exclude_from_search":false,"footnotes":""},"class_list":["post-11106","page","type-page","status-publish","hentry"],"yoast_head":"<!-- This site is optimized with the Yoast SEO plugin v23.4 - https:\/\/yoast.com\/wordpress\/plugins\/seo\/ -->\n<title>Sp\u0113l\u0113jiet El Gordo tie\u0161saist\u0113 no Latvijas | Vai es varu piedal\u012bties El Gordo, ja dz\u012bvoju Latvij\u0101?<\/title>\n<meta name=\"description\" content=\"Sp\u0113l\u0113jiet El Gordo loto \u0161eit - Sp\u0101nijas liel\u0101k\u0101 loterija, kas pieejama tie\u0161saist\u0113 no jebkuras valsts.\" \/>\n<meta name=\"robots\" content=\"index, follow, max-snippet:-1, max-image-preview:large, max-video-preview:-1\" \/>\n<link rel=\"canonical\" href=\"https:\/\/onlinelotto365.com\/lv\/spelet\/el-gordo\/\" \/>\n<meta property=\"og:locale\" content=\"lv_LV\" \/>\n<meta property=\"og:type\" content=\"article\" \/>\n<meta property=\"og:title\" content=\"Sp\u0113l\u0113jiet El Gordo tie\u0161saist\u0113 no Latvijas | Vai es varu piedal\u012bties El Gordo, ja dz\u012bvoju Latvij\u0101?\" \/>\n<meta property=\"og:description\" content=\"Sp\u0113l\u0113jiet El Gordo loto \u0161eit - Sp\u0101nijas liel\u0101k\u0101 loterija, kas pieejama tie\u0161saist\u0113 no jebkuras valsts.\" \/>\n<meta property=\"og:url\" content=\"https:\/\/onlinelotto365.com\/lv\/spelet\/el-gordo\/\" \/>\n<meta property=\"og:site_name\" content=\"OnlineLotto365\" \/>\n<meta property=\"article:modified_time\" content=\"2022-11-09T09:15:14+00:00\" \/>\n<meta property=\"og:image\" content=\"https:\/\/redfoxlotto.com\/image?size=8&amp;lottery=el-gordo-primitiva\" \/>\n<meta name=\"twitter:card\" content=\"summary_large_image\" \/>\n<meta name=\"twitter:label1\" content=\"Est. reading time\" \/>\n\t<meta name=\"twitter:data1\" content=\"4 minutes\" \/>\n<script type=\"application\/ld+json\" class=\"yoast-schema-graph\">{\"@context\":\"https:\/\/schema.org\",\"@graph\":[{\"@type\":\"WebPage\",\"@id\":\"https:\/\/onlinelotto365.com\/lv\/spelet\/el-gordo\/\",\"url\":\"https:\/\/onlinelotto365.com\/lv\/spelet\/el-gordo\/\",\"name\":\"Sp\u0113l\u0113jiet El Gordo tie\u0161saist\u0113 no Latvijas | Vai es varu piedal\u012bties El Gordo, ja dz\u012bvoju Latvij\u0101?\",\"isPartOf\":{\"@id\":\"https:\/\/onlinelotto365.com\/lv\/#website\"},\"primaryImageOfPage\":{\"@id\":\"https:\/\/onlinelotto365.com\/lv\/spelet\/el-gordo\/#primaryimage\"},\"image\":{\"@id\":\"https:\/\/onlinelotto365.com\/lv\/spelet\/el-gordo\/#primaryimage\"},\"thumbnailUrl\":\"https:\/\/redfoxlotto.com\/image?size=8&amp;lottery=el-gordo-primitiva\",\"datePublished\":\"2020-12-18T17:22:08+00:00\",\"dateModified\":\"2022-11-09T09:15:14+00:00\",\"description\":\"Sp\u0113l\u0113jiet El Gordo loto \u0161eit - Sp\u0101nijas liel\u0101k\u0101 loterija, kas pieejama tie\u0161saist\u0113 no jebkuras valsts.\",\"breadcrumb\":{\"@id\":\"https:\/\/onlinelotto365.com\/lv\/spelet\/el-gordo\/#breadcrumb\"},\"inLanguage\":\"lv-LV\",\"potentialAction\":[{\"@type\":\"ReadAction\",\"target\":[\"https:\/\/onlinelotto365.com\/lv\/spelet\/el-gordo\/\"]}]},{\"@type\":\"ImageObject\",\"inLanguage\":\"lv-LV\",\"@id\":\"https:\/\/onlinelotto365.com\/lv\/spelet\/el-gordo\/#primaryimage\",\"url\":\"https:\/\/redfoxlotto.com\/image?size=8&amp;lottery=el-gordo-primitiva\",\"contentUrl\":\"https:\/\/redfoxlotto.com\/image?size=8&amp;lottery=el-gordo-primitiva\"},{\"@type\":\"BreadcrumbList\",\"@id\":\"https:\/\/onlinelotto365.com\/lv\/spelet\/el-gordo\/#breadcrumb\",\"itemListElement\":[{\"@type\":\"ListItem\",\"position\":1,\"name\":\"Home\",\"item\":\"https:\/\/onlinelotto365.com\/lv\/\"},{\"@type\":\"ListItem\",\"position\":2,\"name\":\"Viss, kas jums j\u0101zina par iesp\u0113j\u0101m sp\u0113l\u0113t lab\u0101k\u0101s loterijas tie\u0161saist\u0113\",\"item\":\"https:\/\/onlinelotto365.com\/lv\/play\/\"},{\"@type\":\"ListItem\",\"position\":3,\"name\":\"K\u0101 Latvijas iedz\u012bvot\u0101ji var piedal\u012bties El Gordo?\"}]},{\"@type\":\"WebSite\",\"@id\":\"https:\/\/onlinelotto365.com\/lv\/#website\",\"url\":\"https:\/\/onlinelotto365.com\/lv\/\",\"name\":\"OnlineLotto365\",\"description\":\"\",\"potentialAction\":[{\"@type\":\"SearchAction\",\"target\":{\"@type\":\"EntryPoint\",\"urlTemplate\":\"https:\/\/onlinelotto365.com\/lv\/?s={search_term_string}\"},\"query-input\":{\"@type\":\"PropertyValueSpecification\",\"valueRequired\":true,\"valueName\":\"search_term_string\"}}],\"inLanguage\":\"lv-LV\"}]}<\/script>\n<!-- \/ Yoast SEO plugin. -->","yoast_head_json":{"title":"Sp\u0113l\u0113jiet El Gordo tie\u0161saist\u0113 no Latvijas | Vai es varu piedal\u012bties El Gordo, ja dz\u012bvoju Latvij\u0101?","description":"Sp\u0113l\u0113jiet El Gordo loto \u0161eit - Sp\u0101nijas liel\u0101k\u0101 loterija, kas pieejama tie\u0161saist\u0113 no jebkuras valsts.","robots":{"index":"index","follow":"follow","max-snippet":"max-snippet:-1","max-image-preview":"max-image-preview:large","max-video-preview":"max-video-preview:-1"},"canonical":"https:\/\/onlinelotto365.com\/lv\/spelet\/el-gordo\/","og_locale":"lv_LV","og_type":"article","og_title":"Sp\u0113l\u0113jiet El Gordo tie\u0161saist\u0113 no Latvijas | Vai es varu piedal\u012bties El Gordo, ja dz\u012bvoju Latvij\u0101?","og_description":"Sp\u0113l\u0113jiet El Gordo loto \u0161eit - Sp\u0101nijas liel\u0101k\u0101 loterija, kas pieejama tie\u0161saist\u0113 no jebkuras valsts.","og_url":"https:\/\/onlinelotto365.com\/lv\/spelet\/el-gordo\/","og_site_name":"OnlineLotto365","article_modified_time":"2022-11-09T09:15:14+00:00","og_image":[{"url":"https:\/\/redfoxlotto.com\/image?size=8&amp;lottery=el-gordo-primitiva"}],"twitter_card":"summary_large_image","twitter_misc":{"Est. reading time":"4 minutes"},"schema":{"@context":"https:\/\/schema.org","@graph":[{"@type":"WebPage","@id":"https:\/\/onlinelotto365.com\/lv\/spelet\/el-gordo\/","url":"https:\/\/onlinelotto365.com\/lv\/spelet\/el-gordo\/","name":"Sp\u0113l\u0113jiet El Gordo tie\u0161saist\u0113 no Latvijas | Vai es varu piedal\u012bties El Gordo, ja dz\u012bvoju Latvij\u0101?","isPartOf":{"@id":"https:\/\/onlinelotto365.com\/lv\/#website"},"primaryImageOfPage":{"@id":"https:\/\/onlinelotto365.com\/lv\/spelet\/el-gordo\/#primaryimage"},"image":{"@id":"https:\/\/onlinelotto365.com\/lv\/spelet\/el-gordo\/#primaryimage"},"thumbnailUrl":"https:\/\/redfoxlotto.com\/image?size=8&amp;lottery=el-gordo-primitiva","datePublished":"2020-12-18T17:22:08+00:00","dateModified":"2022-11-09T09:15:14+00:00","description":"Sp\u0113l\u0113jiet El Gordo loto \u0161eit - Sp\u0101nijas liel\u0101k\u0101 loterija, kas pieejama tie\u0161saist\u0113 no jebkuras valsts.","breadcrumb":{"@id":"https:\/\/onlinelotto365.com\/lv\/spelet\/el-gordo\/#breadcrumb"},"inLanguage":"lv-LV","potentialAction":[{"@type":"ReadAction","target":["https:\/\/onlinelotto365.com\/lv\/spelet\/el-gordo\/"]}]},{"@type":"ImageObject","inLanguage":"lv-LV","@id":"https:\/\/onlinelotto365.com\/lv\/spelet\/el-gordo\/#primaryimage","url":"https:\/\/redfoxlotto.com\/image?size=8&amp;lottery=el-gordo-primitiva","contentUrl":"https:\/\/redfoxlotto.com\/image?size=8&amp;lottery=el-gordo-primitiva"},{"@type":"BreadcrumbList","@id":"https:\/\/onlinelotto365.com\/lv\/spelet\/el-gordo\/#breadcrumb","itemListElement":[{"@type":"ListItem","position":1,"name":"Home","item":"https:\/\/onlinelotto365.com\/lv\/"},{"@type":"ListItem","position":2,"name":"Viss, kas jums j\u0101zina par iesp\u0113j\u0101m sp\u0113l\u0113t lab\u0101k\u0101s loterijas tie\u0161saist\u0113","item":"https:\/\/onlinelotto365.com\/lv\/play\/"},{"@type":"ListItem","position":3,"name":"K\u0101 Latvijas iedz\u012bvot\u0101ji var piedal\u012bties El Gordo?"}]},{"@type":"WebSite","@id":"https:\/\/onlinelotto365.com\/lv\/#website","url":"https:\/\/onlinelotto365.com\/lv\/","name":"OnlineLotto365","description":"","potentialAction":[{"@type":"SearchAction","target":{"@type":"EntryPoint","urlTemplate":"https:\/\/onlinelotto365.com\/lv\/?s={search_term_string}"},"query-input":{"@type":"PropertyValueSpecification","valueRequired":true,"valueName":"search_term_string"}}],"inLanguage":"lv-LV"}]}},"_links":{"self":[{"href":"https:\/\/onlinelotto365.com\/lv\/wp-json\/wp\/v2\/pages\/11106","targetHints":{"allow":["GET"]}}],"collection":[{"href":"https:\/\/onlinelotto365.com\/lv\/wp-json\/wp\/v2\/pages"}],"about":[{"href":"https:\/\/onlinelotto365.com\/lv\/wp-json\/wp\/v2\/types\/page"}],"author":[{"embeddable":true,"href":"https:\/\/onlinelotto365.com\/lv\/wp-json\/wp\/v2\/users\/1"}],"replies":[{"embeddable":true,"href":"https:\/\/onlinelotto365.com\/lv\/wp-json\/wp\/v2\/comments?post=11106"}],"version-history":[{"count":0,"href":"https:\/\/onlinelotto365.com\/lv\/wp-json\/wp\/v2\/pages\/11106\/revisions"}],"up":[{"embeddable":true,"href":"https:\/\/onlinelotto365.com\/lv\/wp-json\/wp\/v2\/pages\/5025"}],"wp:attachment":[{"href":"https:\/\/onlinelotto365.com\/lv\/wp-json\/wp\/v2\/media?parent=11106"}],"curies":[{"name":"wp","href":"https:\/\/api.w.org\/{rel}","templated":true}]}}