{"id":11130,"date":"2020-12-18T18:41:11","date_gmt":"2020-12-18T17:41:11","guid":{"rendered":"http:\/\/onlinelotto365.net\/?page_id=11130"},"modified":"2022-11-10T10:56:45","modified_gmt":"2022-11-10T09:56:45","slug":"powerball","status":"publish","type":"page","link":"https:\/\/onlinelotto365.com\/lv\/pirkt-biletes\/powerball\/","title":{"rendered":"K\u0101 ieg\u0101d\u0101ties Powerball bi\u013cetes tie\u0161saist\u0113 no Latvijas"},"content":{"rendered":"<p>Ac\u012bmredzot tie\u0161i internets ir tas, kas \u013cauj ieg\u016bt bi\u013cetes uz lielaj\u0101m ASV loterij\u0101m tie\u0161saist\u0113. Jums nav j\u0101dz\u012bvo ASV, lai piedal\u012btos un ieg\u016btu iesp\u0113ju laim\u0113t \u0161os neticamos d\u017eekpotus. J\u016bs varat ieg\u0101d\u0101ties bi\u013ceti no Latvijas, izmantojot m\u016bsu tie\u0161saistes pakalpojumu.<\/p>\n<p>Vispirms j\u016bs varat pie mums re\u0123istr\u0113t kontu, p\u0113c tam izv\u0113l\u0113ties k\u0101du no m\u016bsu loterij\u0101m un izv\u0113l\u0113ties skait\u013cus. Vai ar\u012b j\u016bs varat vienk\u0101r\u0161i vispirms p\u0101rbaud\u012bt loterijas un izveidot bi\u013cetes ar j\u016bsu numuriem. Kad esat apmierin\u0101ts ar savu izv\u0113li, varat veikt apmaksu. \u0160aj\u0101 br\u012bd\u012b jums tiks pied\u0101v\u0101ts izveidot kontu.<\/p>\n<p>Abos gad\u012bjumos p\u0113c jaun\u0101 konta re\u0123istr\u0113\u0161anas jums b\u016bs j\u0101p\u0101rbauda sava e-pasta ies\u016btne. Sa\u0146emsiet verifik\u0101cijas e-pasta v\u0113stuli ar saiti. Noklik\u0161\u0137iniet uz \u0161\u012bs saites, lai apstiprin\u0101tu savu e-pasta adresi. Kad to b\u016bsiet izdar\u012bjis, j\u016bsu konts tiks aktiviz\u0113ts. Ja nevarat atrast verifik\u0101cijas e-pastu, p\u0101rbaudiet savu surog\u0101tpasta mapi. Kad esat atradis e-pasta v\u0113stuli, ir svar\u012bgi to atz\u012bm\u0113t k\u0101 &#8220;ne surog\u0101tpastu&#8221; vai &#8220;ne surog\u0101tpastu&#8221;. Tas nodro\u0161in\u0101s, ka turpm\u0101k m\u016bsu e-pasta v\u0113stules nenon\u0101ks j\u016bsu surog\u0101tpasta map\u0113. Iedom\u0101jieties, ka j\u016bs palaid\u0101t gar\u0101m laimestu, jo neesat sa\u0146\u0113mis e-pasta pazi\u0146ojumu par to!<br \/>\n<a href=\"https:\/\/redfoxlotto.com\/play\/powerball\/?ref=a8564250a2&amp;medium=ol365\" target=\"_blank\" rel=\"noopener noreferrer\"><img loading=\"lazy\" decoding=\"async\" class=\"aligncenter\" src=\"https:\/\/redfoxlotto.com\/image?size=8&amp;lottery=powerball\" alt=\"powerball\" width=\"793\" height=\"98\" \/><\/a><\/p>\n<h2>K\u0101 samaks\u0101t par Powerball bi\u013ceti tie\u0161saist\u0113<\/h2>\n<p>Ir divi veidi, k\u0101 samaks\u0101t par loterijas bi\u013cet\u0113m tie\u0161saist\u0113.<\/p>\n<ul>\n<li>Pirmk\u0101rt, j\u016bs varat veikt iemaksu sav\u0101 kont\u0101. P\u0113c tam varat ieg\u0101d\u0101ties tik bi\u013ce\u0161u, cik v\u0113laties, un to apmaksai izmantot savu bilances atlikumu.<\/li>\n<li>Otrk\u0101rt, j\u016bs vispirms izv\u0113laties bi\u013cetes un p\u0113c tam apmaks\u0101jat pas\u016bt\u012bjuma summu.<\/li>\n<\/ul>\n<p>Jums ir pieejamas vair\u0101kas maks\u0101jumu iesp\u0113jas, un visas t\u0101s ir dro\u0161i \u0161ifr\u0113tas. Popul\u0101r\u0101k\u0101s metodes ir kred\u012btkarte un Bitcoin.<\/p>\n<h2>Vair\u0101k inform\u0101cijas par Powerball<\/h2>\n<ul>\n<li>Loterija notiek kur: AMERIKAS SAVIENOT\u0100S VALSTIS<\/li>\n<li>No cik galvenajiem skait\u013ciem var izv\u0113l\u0113ties: 69<\/li>\n<li>Jums j\u0101izv\u0113las: 5<\/li>\n<li>Cik papildu skait\u013cu var izv\u0113l\u0113ties: 26<\/li>\n<li>Jums j\u0101izv\u0113las: 1<\/li>\n<li>Izloz\u0113jiet dienas, stundas: Izloze: tre\u0161diena, sestdiena, 21:00 EST, +1 diena 3:00 CET.<\/li>\n<li>Minim\u0101lais d\u017eekpots: $ 40 miljoni<\/li>\n<li>Maksim\u0101l\u0101 d\u017eekpota summa: nav<\/li>\n<li>Iesp\u0113jam\u0101 skait\u013cu kombin\u0101cija d\u017eekpota vinnesta ieg\u016b\u0161anai:: 1 no 175 223 510.<\/li>\n<li>Iesp\u0113jam\u0101 skait\u013cu kombin\u0101cija 2. l\u012bme\u0146a laimestam: 1 pret 5 006 386<\/li>\n<li>Iesp\u0113ja laim\u0113t jebkur\u0101 l\u012bmen\u012b: 1 pret 24,87<\/li>\n<li>Cik ir laimestu l\u012bme\u0146u: 9<\/li>\n<\/ul>\n<p>Pirms pavisam neilga br\u012b\u017ea, 2016. gada 13. febru\u0101r\u012b, tr\u012bs laim\u012bgie sp\u0113l\u0113t\u0101ji laim\u0113ja liel\u0101ko ASV loterijas d\u017eekpotu v\u0113stur\u0113. Neticamais d\u017eekpota lielums bija 1,5 miljardi ASV dol\u0101ru, un lotto fani vis\u0101 ASV stund\u0101m ilgi st\u0101v\u0113ja rind\u0101 p\u0113c bi\u013cetes. Bet k\u0101 ir ar loterijas sp\u0113l\u0113t\u0101jiem no Latvijas? Vai vi\u0146i nevar\u0113ja ieg\u0101d\u0101ties Powerball bi\u013ceti, ja vien tobr\u012bd neatrad\u0101s ASV? N\u0113, nebija &#8211; ja vi\u0146i b\u016btu zin\u0101ju\u0161i, ka Powerball vai Mega Millions loto var sp\u0113l\u0113t ar\u012b no Latvijas!<\/p>\n<h2>Powerball bi\u013ce\u0161u ieg\u0101des priek\u0161roc\u012bbas tie\u0161saist\u0113<\/h2>\n<p>Izmantojot \u0161o tie\u0161saistes loterijas bi\u013ce\u0161u kurjeru pakalpojumu, j\u016bs varat ieg\u0101d\u0101ties bi\u013cetes uz vair\u0101k nek\u0101 20 liel\u0101kaj\u0101m loterij\u0101m uz \u0161\u012bs plan\u0113tas. Lai gan j\u016bs dz\u012bvojat Latvij\u0101, j\u016bs varat izv\u0113l\u0113ties loterijas, kas tiek izloz\u0113tas cit\u0101s valst\u012bs. Protams, ja nedz\u012bvojat Latvij\u0101, bet v\u0113laties ieg\u0101d\u0101ties Latvijas loterijas bi\u013ceti, ar\u012b to varat izdar\u012bt tie\u0161saist\u0113!<\/p>\n<h2>Vai ir likum\u012bgi ieg\u0101d\u0101ties Powerball bi\u013cetes tie\u0161saist\u0113?<\/h2>\n<p><img loading=\"lazy\" decoding=\"async\" class=\"size-medium wp-image-1356 alignright\" src=\"https:\/\/onlinelotto365.com\/wp-content\/uploads\/2020\/11\/online_lottery-117-300x217.jpg\" alt=\"sp\u0113l\u0113t powerball tie\u0161saist\u0113\" width=\"300\" height=\"217\" \/><\/p>\n<p>Ir svar\u012bgi zin\u0101t, ka \u0161is ir leg\u0101ls un uzticams bi\u013ce\u0161u v\u0113stnesis. Ieg\u0101d\u0101joties loterijas bi\u013ceti tie\u0161saist\u0113, j\u016bs nosl\u0113dzat l\u012bgumu ar pa\u0161u loteriju &#8211; tas garant\u0113, ka naudu, ko j\u016bs, iesp\u0113jams, vinn\u0113siet, sa\u0146emsiet no vi\u0146iem!<\/p>\n<h2>K\u0101 es varu sa\u0146emt samaksu, ja laim\u0113ju Powerball tie\u0161saist\u0113?<\/h2>\n<p>Ja esat laim\u0113jis, izmaksas proced\u016bra ir atkar\u012bga no laim\u0113t\u0101s summas. Maz\u0101kas summas, kas nep\u0101rsniedz 2500 eiro, tiks ieskait\u012btas j\u016bsu tie\u0161saistes kont\u0101. J\u016bs varat vai nu sa\u0146emt \u0161o naudu skaidr\u0101 naud\u0101, vai izmantot to, lai ieg\u0101d\u0101tos vair\u0101k tie\u0161saistes loto bi\u013ce\u0161u. Ja laim\u0113siet liel\u0101ku summu, m\u0113s jums nos\u016bt\u012bsim veidlapu, kas jums b\u016bs j\u0101aizpilda un j\u0101nos\u016bta mums atpaka\u013c pa e-pastu. P\u0113c tam m\u0113s nos\u016bt\u012bsim \u0161o veidlapu loterijas komisijai, un t\u0101 jums izmaks\u0101s naudu. \u0160is pakalpojums jums ir bez maksas.<\/p>\n<p>Ja ar savu tie\u0161saistes bi\u013ceti vinn\u0113siet Powerball d\u017eekpotu, jums b\u016bs j\u0101izdara izv\u0113le. J\u016bs varat vai nu sa\u0146emt vienreiz\u0113ju izmaksu, kas b\u016bs maz\u0101ka nek\u0101 patiesais d\u017eekpots, vai ar\u012b sa\u0146emt izmaksu 30 gada maks\u0101jumos un procentus.<\/p>\n","protected":false},"excerpt":{"rendered":"<p>Ac\u012bmredzot tie\u0161i internets ir tas, kas \u013cauj ieg\u016bt bi\u013cetes uz lielaj\u0101m ASV loterij\u0101m tie\u0161saist\u0113. Jums nav j\u0101dz\u012bvo ASV, lai piedal\u012btos un ieg\u016btu iesp\u0113ju laim\u0113t \u0161os neticamos d\u017eekpotus. J\u016bs varat ieg\u0101d\u0101ties bi\u013ceti no Latvijas, izmantojot m\u016bsu tie\u0161saistes pakalpojumu. Vispirms j\u016bs varat pie mums re\u0123istr\u0113t kontu, p\u0113c tam izv\u0113l\u0113ties k\u0101du no m\u016bsu loterij\u0101m un izv\u0113l\u0113ties skait\u013cus. Vai [&hellip;]<\/p>\n","protected":false},"author":1,"featured_media":0,"parent":5646,"menu_order":0,"comment_status":"closed","ping_status":"closed","template":"powerball-usa-info.php","meta":{"_et_pb_use_builder":"","_et_pb_old_content":"","_et_gb_content_width":"","exclude_from_search":false,"footnotes":""},"class_list":["post-11130","page","type-page","status-publish","hentry"],"yoast_head":"<!-- This site is optimized with the Yoast SEO plugin v23.4 - https:\/\/yoast.com\/wordpress\/plugins\/seo\/ -->\n<title>Pirkt Powerball bi\u013cetes tie\u0161saist\u0113 no Latvijas | Par Powerball, k\u0101 ieg\u0101d\u0101ties bi\u013cetes tie\u0161saist\u0113<\/title>\n<meta name=\"description\" content=\"Ieg\u0101d\u0101ties slaven\u0101s Powerball loterijas bi\u013cetes tagad ir vienk\u0101r\u0161i, ieg\u0101d\u0101jieties t\u0101s tie\u0161saist\u0113 no Latvijas un citur.\" \/>\n<meta name=\"robots\" content=\"index, follow, max-snippet:-1, max-image-preview:large, max-video-preview:-1\" \/>\n<link rel=\"canonical\" href=\"https:\/\/onlinelotto365.com\/lv\/pirkt-biletes\/powerball\/\" \/>\n<meta property=\"og:locale\" content=\"lv_LV\" \/>\n<meta property=\"og:type\" content=\"article\" \/>\n<meta property=\"og:title\" content=\"Pirkt Powerball bi\u013cetes tie\u0161saist\u0113 no Latvijas | Par Powerball, k\u0101 ieg\u0101d\u0101ties bi\u013cetes tie\u0161saist\u0113\" \/>\n<meta property=\"og:description\" content=\"Ieg\u0101d\u0101ties slaven\u0101s Powerball loterijas bi\u013cetes tagad ir vienk\u0101r\u0161i, ieg\u0101d\u0101jieties t\u0101s tie\u0161saist\u0113 no Latvijas un citur.\" \/>\n<meta property=\"og:url\" content=\"https:\/\/onlinelotto365.com\/lv\/pirkt-biletes\/powerball\/\" \/>\n<meta property=\"og:site_name\" content=\"OnlineLotto365\" \/>\n<meta property=\"article:modified_time\" content=\"2022-11-10T09:56:45+00:00\" \/>\n<meta property=\"og:image\" content=\"https:\/\/redfoxlotto.com\/image?size=8&amp;lottery=powerball\" \/>\n<meta name=\"twitter:card\" content=\"summary_large_image\" \/>\n<meta name=\"twitter:label1\" content=\"Est. reading time\" \/>\n\t<meta name=\"twitter:data1\" content=\"4 minutes\" \/>\n<script type=\"application\/ld+json\" class=\"yoast-schema-graph\">{\"@context\":\"https:\/\/schema.org\",\"@graph\":[{\"@type\":\"WebPage\",\"@id\":\"https:\/\/onlinelotto365.com\/lv\/pirkt-biletes\/powerball\/\",\"url\":\"https:\/\/onlinelotto365.com\/lv\/pirkt-biletes\/powerball\/\",\"name\":\"Pirkt Powerball bi\u013cetes tie\u0161saist\u0113 no Latvijas | Par Powerball, k\u0101 ieg\u0101d\u0101ties bi\u013cetes tie\u0161saist\u0113\",\"isPartOf\":{\"@id\":\"https:\/\/onlinelotto365.com\/lv\/#website\"},\"primaryImageOfPage\":{\"@id\":\"https:\/\/onlinelotto365.com\/lv\/pirkt-biletes\/powerball\/#primaryimage\"},\"image\":{\"@id\":\"https:\/\/onlinelotto365.com\/lv\/pirkt-biletes\/powerball\/#primaryimage\"},\"thumbnailUrl\":\"https:\/\/redfoxlotto.com\/image?size=8&amp;lottery=powerball\",\"datePublished\":\"2020-12-18T17:41:11+00:00\",\"dateModified\":\"2022-11-10T09:56:45+00:00\",\"description\":\"Ieg\u0101d\u0101ties slaven\u0101s Powerball loterijas bi\u013cetes tagad ir vienk\u0101r\u0161i, ieg\u0101d\u0101jieties t\u0101s tie\u0161saist\u0113 no Latvijas un citur.\",\"breadcrumb\":{\"@id\":\"https:\/\/onlinelotto365.com\/lv\/pirkt-biletes\/powerball\/#breadcrumb\"},\"inLanguage\":\"lv-LV\",\"potentialAction\":[{\"@type\":\"ReadAction\",\"target\":[\"https:\/\/onlinelotto365.com\/lv\/pirkt-biletes\/powerball\/\"]}]},{\"@type\":\"ImageObject\",\"inLanguage\":\"lv-LV\",\"@id\":\"https:\/\/onlinelotto365.com\/lv\/pirkt-biletes\/powerball\/#primaryimage\",\"url\":\"https:\/\/redfoxlotto.com\/image?size=8&amp;lottery=powerball\",\"contentUrl\":\"https:\/\/redfoxlotto.com\/image?size=8&amp;lottery=powerball\"},{\"@type\":\"BreadcrumbList\",\"@id\":\"https:\/\/onlinelotto365.com\/lv\/pirkt-biletes\/powerball\/#breadcrumb\",\"itemListElement\":[{\"@type\":\"ListItem\",\"position\":1,\"name\":\"Home\",\"item\":\"https:\/\/onlinelotto365.com\/lv\/\"},{\"@type\":\"ListItem\",\"position\":2,\"name\":\"K\u0101p\u0113c pirkt loterijas bi\u013cetes internet\u0101 ir lo\u0123isk\u0101k\",\"item\":\"https:\/\/onlinelotto365.com\/lv\/pirkt-biletes\/\"},{\"@type\":\"ListItem\",\"position\":3,\"name\":\"K\u0101 ieg\u0101d\u0101ties Powerball bi\u013cetes tie\u0161saist\u0113 no Latvijas\"}]},{\"@type\":\"WebSite\",\"@id\":\"https:\/\/onlinelotto365.com\/lv\/#website\",\"url\":\"https:\/\/onlinelotto365.com\/lv\/\",\"name\":\"OnlineLotto365\",\"description\":\"\",\"potentialAction\":[{\"@type\":\"SearchAction\",\"target\":{\"@type\":\"EntryPoint\",\"urlTemplate\":\"https:\/\/onlinelotto365.com\/lv\/?s={search_term_string}\"},\"query-input\":{\"@type\":\"PropertyValueSpecification\",\"valueRequired\":true,\"valueName\":\"search_term_string\"}}],\"inLanguage\":\"lv-LV\"}]}<\/script>\n<!-- \/ Yoast SEO plugin. -->","yoast_head_json":{"title":"Pirkt Powerball bi\u013cetes tie\u0161saist\u0113 no Latvijas | Par Powerball, k\u0101 ieg\u0101d\u0101ties bi\u013cetes tie\u0161saist\u0113","description":"Ieg\u0101d\u0101ties slaven\u0101s Powerball loterijas bi\u013cetes tagad ir vienk\u0101r\u0161i, ieg\u0101d\u0101jieties t\u0101s tie\u0161saist\u0113 no Latvijas un citur.","robots":{"index":"index","follow":"follow","max-snippet":"max-snippet:-1","max-image-preview":"max-image-preview:large","max-video-preview":"max-video-preview:-1"},"canonical":"https:\/\/onlinelotto365.com\/lv\/pirkt-biletes\/powerball\/","og_locale":"lv_LV","og_type":"article","og_title":"Pirkt Powerball bi\u013cetes tie\u0161saist\u0113 no Latvijas | Par Powerball, k\u0101 ieg\u0101d\u0101ties bi\u013cetes tie\u0161saist\u0113","og_description":"Ieg\u0101d\u0101ties slaven\u0101s Powerball loterijas bi\u013cetes tagad ir vienk\u0101r\u0161i, ieg\u0101d\u0101jieties t\u0101s tie\u0161saist\u0113 no Latvijas un citur.","og_url":"https:\/\/onlinelotto365.com\/lv\/pirkt-biletes\/powerball\/","og_site_name":"OnlineLotto365","article_modified_time":"2022-11-10T09:56:45+00:00","og_image":[{"url":"https:\/\/redfoxlotto.com\/image?size=8&amp;lottery=powerball"}],"twitter_card":"summary_large_image","twitter_misc":{"Est. reading time":"4 minutes"},"schema":{"@context":"https:\/\/schema.org","@graph":[{"@type":"WebPage","@id":"https:\/\/onlinelotto365.com\/lv\/pirkt-biletes\/powerball\/","url":"https:\/\/onlinelotto365.com\/lv\/pirkt-biletes\/powerball\/","name":"Pirkt Powerball bi\u013cetes tie\u0161saist\u0113 no Latvijas | Par Powerball, k\u0101 ieg\u0101d\u0101ties bi\u013cetes tie\u0161saist\u0113","isPartOf":{"@id":"https:\/\/onlinelotto365.com\/lv\/#website"},"primaryImageOfPage":{"@id":"https:\/\/onlinelotto365.com\/lv\/pirkt-biletes\/powerball\/#primaryimage"},"image":{"@id":"https:\/\/onlinelotto365.com\/lv\/pirkt-biletes\/powerball\/#primaryimage"},"thumbnailUrl":"https:\/\/redfoxlotto.com\/image?size=8&amp;lottery=powerball","datePublished":"2020-12-18T17:41:11+00:00","dateModified":"2022-11-10T09:56:45+00:00","description":"Ieg\u0101d\u0101ties slaven\u0101s Powerball loterijas bi\u013cetes tagad ir vienk\u0101r\u0161i, ieg\u0101d\u0101jieties t\u0101s tie\u0161saist\u0113 no Latvijas un citur.","breadcrumb":{"@id":"https:\/\/onlinelotto365.com\/lv\/pirkt-biletes\/powerball\/#breadcrumb"},"inLanguage":"lv-LV","potentialAction":[{"@type":"ReadAction","target":["https:\/\/onlinelotto365.com\/lv\/pirkt-biletes\/powerball\/"]}]},{"@type":"ImageObject","inLanguage":"lv-LV","@id":"https:\/\/onlinelotto365.com\/lv\/pirkt-biletes\/powerball\/#primaryimage","url":"https:\/\/redfoxlotto.com\/image?size=8&amp;lottery=powerball","contentUrl":"https:\/\/redfoxlotto.com\/image?size=8&amp;lottery=powerball"},{"@type":"BreadcrumbList","@id":"https:\/\/onlinelotto365.com\/lv\/pirkt-biletes\/powerball\/#breadcrumb","itemListElement":[{"@type":"ListItem","position":1,"name":"Home","item":"https:\/\/onlinelotto365.com\/lv\/"},{"@type":"ListItem","position":2,"name":"K\u0101p\u0113c pirkt loterijas bi\u013cetes internet\u0101 ir lo\u0123isk\u0101k","item":"https:\/\/onlinelotto365.com\/lv\/pirkt-biletes\/"},{"@type":"ListItem","position":3,"name":"K\u0101 ieg\u0101d\u0101ties Powerball bi\u013cetes tie\u0161saist\u0113 no Latvijas"}]},{"@type":"WebSite","@id":"https:\/\/onlinelotto365.com\/lv\/#website","url":"https:\/\/onlinelotto365.com\/lv\/","name":"OnlineLotto365","description":"","potentialAction":[{"@type":"SearchAction","target":{"@type":"EntryPoint","urlTemplate":"https:\/\/onlinelotto365.com\/lv\/?s={search_term_string}"},"query-input":{"@type":"PropertyValueSpecification","valueRequired":true,"valueName":"search_term_string"}}],"inLanguage":"lv-LV"}]}},"_links":{"self":[{"href":"https:\/\/onlinelotto365.com\/lv\/wp-json\/wp\/v2\/pages\/11130","targetHints":{"allow":["GET"]}}],"collection":[{"href":"https:\/\/onlinelotto365.com\/lv\/wp-json\/wp\/v2\/pages"}],"about":[{"href":"https:\/\/onlinelotto365.com\/lv\/wp-json\/wp\/v2\/types\/page"}],"author":[{"embeddable":true,"href":"https:\/\/onlinelotto365.com\/lv\/wp-json\/wp\/v2\/users\/1"}],"replies":[{"embeddable":true,"href":"https:\/\/onlinelotto365.com\/lv\/wp-json\/wp\/v2\/comments?post=11130"}],"version-history":[{"count":0,"href":"https:\/\/onlinelotto365.com\/lv\/wp-json\/wp\/v2\/pages\/11130\/revisions"}],"up":[{"embeddable":true,"href":"https:\/\/onlinelotto365.com\/lv\/wp-json\/wp\/v2\/pages\/5646"}],"wp:attachment":[{"href":"https:\/\/onlinelotto365.com\/lv\/wp-json\/wp\/v2\/media?parent=11130"}],"curies":[{"name":"wp","href":"https:\/\/api.w.org\/{rel}","templated":true}]}}