{"id":11133,"date":"2020-12-18T18:44:17","date_gmt":"2020-12-18T17:44:17","guid":{"rendered":"http:\/\/onlinelotto365.net\/?page_id=11133"},"modified":"2021-03-04T14:42:44","modified_gmt":"2021-03-04T13:42:44","slug":"mega-millions","status":"publish","type":"page","link":"https:\/\/onlinelotto365.com\/lv\/pirkt-biletes\/mega-millions\/","title":{"rendered":"Mega Millions ir viena no lab\u0101kaj\u0101m loterij\u0101m uz plan\u0113tas"},"content":{"rendered":"<h2>Piedalies Mega Millions no Latvijas<\/h2>\n<p>Vel pavisam nesen, 2016. gada 13. februari, tris laimigie speletaji tika pie lielaka d\u017eekpota ASV loteriju vesture. Pateicoties neticamam kopejam d\u017eekpotam 1,5 miljardu ASV dolaru apmera, loteriju fani visas ASV pavadija stundam ilgi, stavot rindas pec biletem. <strong>Tacu ka bija ar speletajiem no Latvijas?<\/strong> Vai viniem bija liegta iespeja iegut Mega Millions bileti, attiecigaja laika neatrodoties ASV? Ne, nebut ne \u2013 ja vien vini zinaja, <strong>ka Mega Millions loterijas iespejams piedalities ari no Latvijas!<\/strong><br \/>\n<a href=\"https:\/\/redfoxlotto.com\/play\/mega-millions\/?ref=a8564250a2&amp;medium=ol365\" target=\"_blank\" rel=\"noopener noreferrer\"><img decoding=\"async\" class=\"aligncenter\" src=\"https:\/\/redfoxlotto.com\/image?size=8&amp;lottery=mega-millions\" alt=\"mega millions\" \/><\/a><\/p>\n<p>Protams, tie\u0161i internets lauj tev tikt pie mineto ASV loteriju biletem. Tev nav jaatrodas ASV, lai iegutu iespeju laimet \u0161os neticamos d\u017eekpotus.<\/p>\n<p>Lai piedalitos, <span style=\"text-decoration: underline;\"><a href=\"https:\/\/redfoxlotto.com\/lv\/?ref=A8564250A2&amp;campaign=ol\" target=\"_blank\" rel=\"noopener\">vienkar\u0161i seko saitei uz tie\u0161saistes loteriju bile\u0161u pakalpojumu RedFoxLotto<\/a><\/span>. Tev tikai atliks izveleties loterijas skaitlus, veikt apmaksu tie\u0161saiste, un jau da\u017eu stundu laika tava ipa\u0161uma bus Mega Millions bilete.<\/p>\n<h2>Piedalies Mega Millions loterijas tie\u0161saiste, ja dzivo Latvija<\/h2>\n<p><img loading=\"lazy\" decoding=\"async\" class=\" wp-image-1785 alignright\" src=\"https:\/\/onlinelotto365.com\/wp-content\/uploads\/2020\/11\/online_lottery-159-300x300.jpg\" alt=\"nop\u0113rciet mega millions tie\u0161saist\u0113\" width=\"204\" height=\"204\" \/><\/p>\n<p>Luk, ka tas darbojas: pec tam, kad busi izvelejies\/-usies savus skaitlus un samaksajis-\/-usi par bileti, tie\u0161saistes loteriju pakalpojums nosutis savu agentu uz loteriju tirdzniecibas vietu ASV. Agents iegadasies bileti tava varda, parliecinasies, ka uz tas ir tavi skaitli un tavs vards, bet pec tam \u2013 noskenes bileti un elektroniski nosutis to tev uz e-pastu. Atverot saiti e-pasta, tu skeneto bileti varesi lejupieladet.<\/p>\n<p>Laimesta gadijuma procedura ir atkariga no summas, kadu esi laimejis. Summas zem 500 ASV dolariem tiks ieskaititas tava konta. \u0160o naudu tu varesi vai nu iznemt, vai ari izmantot jaunu loterijas bile\u0161u iegadei. Ja laimeta lielaka summa, RedFoxLotto tev nosutis veidlapu, kas tev bus jaaizpilda un elektroniski jaaizsuta viniem atpakal. RedFoxLotto \u0161o veidlapu nosuta loteriju komisijai, kas savukart izmaksas tavu laimestu.<\/p>\n<p>Ir svarigi zinat, ka RedFoxLotto ir legals un uzticams kurjerpakalpojums. Iegadajoties loterijas bileti tie\u0161saiste, tu nosledz ligumu ar pa\u0161u loteriju, kas savukart nodro\u0161ina, ka tavs laimests naks tie\u0161i no loterijas organizatora!<\/p>\n<h2>Citas loterijas, kuras var piedalities no Latvijas<\/h2>\n<p>Ar \u0161i tie\u0161saistes loteriju pakalpojuma starpniecibu tu vari iegadaties biletes 20 lielakajam loterijam visa pasaule.<\/p>\n","protected":false},"excerpt":{"rendered":"<p>Piedalies Mega Millions no Latvijas Vel pavisam nesen, 2016. gada 13. februari, tris laimigie speletaji tika pie lielaka d\u017eekpota ASV loteriju vesture. Pateicoties neticamam kopejam d\u017eekpotam 1,5 miljardu ASV dolaru apmera, loteriju fani visas ASV pavadija stundam ilgi, stavot rindas pec biletem. Tacu ka bija ar speletajiem no Latvijas? Vai viniem bija liegta iespeja iegut [&hellip;]<\/p>\n","protected":false},"author":1,"featured_media":0,"parent":5646,"menu_order":2,"comment_status":"closed","ping_status":"closed","template":"megamillion-info.php","meta":{"_et_pb_use_builder":"","_et_pb_old_content":"","_et_gb_content_width":"","exclude_from_search":false,"footnotes":""},"class_list":["post-11133","page","type-page","status-publish","hentry"],"yoast_head":"<!-- This site is optimized with the Yoast SEO plugin v23.4 - https:\/\/yoast.com\/wordpress\/plugins\/seo\/ -->\n<title>Sanem Mega Millions loteriju biletes no Latvijas | Piedalies ASV loterijas Mega Millions no Latvijas<\/title>\n<meta name=\"description\" content=\"Mega Millions Lotto tagad ir pieejams Latvijas iedz\u012bvot\u0101jiem - \u0161eit ieg\u0101d\u0101jieties leg\u0101l\u0101s Mega Millions tie\u0161saistes bi\u013cetes\" \/>\n<meta name=\"robots\" content=\"index, follow, max-snippet:-1, max-image-preview:large, max-video-preview:-1\" \/>\n<link rel=\"canonical\" href=\"https:\/\/onlinelotto365.com\/lv\/pirkt-biletes\/mega-millions\/\" \/>\n<meta property=\"og:locale\" content=\"lv_LV\" \/>\n<meta property=\"og:type\" content=\"article\" \/>\n<meta property=\"og:title\" content=\"Sanem Mega Millions loteriju biletes no Latvijas | Piedalies ASV loterijas Mega Millions no Latvijas\" \/>\n<meta property=\"og:description\" content=\"Mega Millions Lotto tagad ir pieejams Latvijas iedz\u012bvot\u0101jiem - \u0161eit ieg\u0101d\u0101jieties leg\u0101l\u0101s Mega Millions tie\u0161saistes bi\u013cetes\" \/>\n<meta property=\"og:url\" content=\"https:\/\/onlinelotto365.com\/lv\/pirkt-biletes\/mega-millions\/\" \/>\n<meta property=\"og:site_name\" content=\"OnlineLotto365\" \/>\n<meta property=\"article:modified_time\" content=\"2021-03-04T13:42:44+00:00\" \/>\n<meta property=\"og:image\" content=\"https:\/\/redfoxlotto.com\/image?size=8&amp;lottery=mega-millions\" \/>\n<meta name=\"twitter:card\" content=\"summary_large_image\" \/>\n<meta name=\"twitter:label1\" content=\"Est. reading time\" \/>\n\t<meta name=\"twitter:data1\" content=\"2 minutes\" \/>\n<script type=\"application\/ld+json\" class=\"yoast-schema-graph\">{\"@context\":\"https:\/\/schema.org\",\"@graph\":[{\"@type\":\"WebPage\",\"@id\":\"https:\/\/onlinelotto365.com\/lv\/pirkt-biletes\/mega-millions\/\",\"url\":\"https:\/\/onlinelotto365.com\/lv\/pirkt-biletes\/mega-millions\/\",\"name\":\"Sanem Mega Millions loteriju biletes no Latvijas | Piedalies ASV loterijas Mega Millions no Latvijas\",\"isPartOf\":{\"@id\":\"https:\/\/onlinelotto365.com\/lv\/#website\"},\"primaryImageOfPage\":{\"@id\":\"https:\/\/onlinelotto365.com\/lv\/pirkt-biletes\/mega-millions\/#primaryimage\"},\"image\":{\"@id\":\"https:\/\/onlinelotto365.com\/lv\/pirkt-biletes\/mega-millions\/#primaryimage\"},\"thumbnailUrl\":\"https:\/\/redfoxlotto.com\/image?size=8&amp;lottery=mega-millions\",\"datePublished\":\"2020-12-18T17:44:17+00:00\",\"dateModified\":\"2021-03-04T13:42:44+00:00\",\"description\":\"Mega Millions Lotto tagad ir pieejams Latvijas iedz\u012bvot\u0101jiem - \u0161eit ieg\u0101d\u0101jieties leg\u0101l\u0101s Mega Millions tie\u0161saistes bi\u013cetes\",\"breadcrumb\":{\"@id\":\"https:\/\/onlinelotto365.com\/lv\/pirkt-biletes\/mega-millions\/#breadcrumb\"},\"inLanguage\":\"lv-LV\",\"potentialAction\":[{\"@type\":\"ReadAction\",\"target\":[\"https:\/\/onlinelotto365.com\/lv\/pirkt-biletes\/mega-millions\/\"]}]},{\"@type\":\"ImageObject\",\"inLanguage\":\"lv-LV\",\"@id\":\"https:\/\/onlinelotto365.com\/lv\/pirkt-biletes\/mega-millions\/#primaryimage\",\"url\":\"https:\/\/redfoxlotto.com\/image?size=8&amp;lottery=mega-millions\",\"contentUrl\":\"https:\/\/redfoxlotto.com\/image?size=8&amp;lottery=mega-millions\"},{\"@type\":\"BreadcrumbList\",\"@id\":\"https:\/\/onlinelotto365.com\/lv\/pirkt-biletes\/mega-millions\/#breadcrumb\",\"itemListElement\":[{\"@type\":\"ListItem\",\"position\":1,\"name\":\"Home\",\"item\":\"https:\/\/onlinelotto365.com\/lv\/\"},{\"@type\":\"ListItem\",\"position\":2,\"name\":\"K\u0101p\u0113c pirkt loterijas bi\u013cetes internet\u0101 ir lo\u0123isk\u0101k\",\"item\":\"https:\/\/onlinelotto365.com\/lv\/pirkt-biletes\/\"},{\"@type\":\"ListItem\",\"position\":3,\"name\":\"Mega Millions ir viena no lab\u0101kaj\u0101m loterij\u0101m uz plan\u0113tas\"}]},{\"@type\":\"WebSite\",\"@id\":\"https:\/\/onlinelotto365.com\/lv\/#website\",\"url\":\"https:\/\/onlinelotto365.com\/lv\/\",\"name\":\"OnlineLotto365\",\"description\":\"\",\"potentialAction\":[{\"@type\":\"SearchAction\",\"target\":{\"@type\":\"EntryPoint\",\"urlTemplate\":\"https:\/\/onlinelotto365.com\/lv\/?s={search_term_string}\"},\"query-input\":{\"@type\":\"PropertyValueSpecification\",\"valueRequired\":true,\"valueName\":\"search_term_string\"}}],\"inLanguage\":\"lv-LV\"}]}<\/script>\n<!-- \/ Yoast SEO plugin. -->","yoast_head_json":{"title":"Sanem Mega Millions loteriju biletes no Latvijas | Piedalies ASV loterijas Mega Millions no Latvijas","description":"Mega Millions Lotto tagad ir pieejams Latvijas iedz\u012bvot\u0101jiem - \u0161eit ieg\u0101d\u0101jieties leg\u0101l\u0101s Mega Millions tie\u0161saistes bi\u013cetes","robots":{"index":"index","follow":"follow","max-snippet":"max-snippet:-1","max-image-preview":"max-image-preview:large","max-video-preview":"max-video-preview:-1"},"canonical":"https:\/\/onlinelotto365.com\/lv\/pirkt-biletes\/mega-millions\/","og_locale":"lv_LV","og_type":"article","og_title":"Sanem Mega Millions loteriju biletes no Latvijas | Piedalies ASV loterijas Mega Millions no Latvijas","og_description":"Mega Millions Lotto tagad ir pieejams Latvijas iedz\u012bvot\u0101jiem - \u0161eit ieg\u0101d\u0101jieties leg\u0101l\u0101s Mega Millions tie\u0161saistes bi\u013cetes","og_url":"https:\/\/onlinelotto365.com\/lv\/pirkt-biletes\/mega-millions\/","og_site_name":"OnlineLotto365","article_modified_time":"2021-03-04T13:42:44+00:00","og_image":[{"url":"https:\/\/redfoxlotto.com\/image?size=8&amp;lottery=mega-millions"}],"twitter_card":"summary_large_image","twitter_misc":{"Est. reading time":"2 minutes"},"schema":{"@context":"https:\/\/schema.org","@graph":[{"@type":"WebPage","@id":"https:\/\/onlinelotto365.com\/lv\/pirkt-biletes\/mega-millions\/","url":"https:\/\/onlinelotto365.com\/lv\/pirkt-biletes\/mega-millions\/","name":"Sanem Mega Millions loteriju biletes no Latvijas | Piedalies ASV loterijas Mega Millions no Latvijas","isPartOf":{"@id":"https:\/\/onlinelotto365.com\/lv\/#website"},"primaryImageOfPage":{"@id":"https:\/\/onlinelotto365.com\/lv\/pirkt-biletes\/mega-millions\/#primaryimage"},"image":{"@id":"https:\/\/onlinelotto365.com\/lv\/pirkt-biletes\/mega-millions\/#primaryimage"},"thumbnailUrl":"https:\/\/redfoxlotto.com\/image?size=8&amp;lottery=mega-millions","datePublished":"2020-12-18T17:44:17+00:00","dateModified":"2021-03-04T13:42:44+00:00","description":"Mega Millions Lotto tagad ir pieejams Latvijas iedz\u012bvot\u0101jiem - \u0161eit ieg\u0101d\u0101jieties leg\u0101l\u0101s Mega Millions tie\u0161saistes bi\u013cetes","breadcrumb":{"@id":"https:\/\/onlinelotto365.com\/lv\/pirkt-biletes\/mega-millions\/#breadcrumb"},"inLanguage":"lv-LV","potentialAction":[{"@type":"ReadAction","target":["https:\/\/onlinelotto365.com\/lv\/pirkt-biletes\/mega-millions\/"]}]},{"@type":"ImageObject","inLanguage":"lv-LV","@id":"https:\/\/onlinelotto365.com\/lv\/pirkt-biletes\/mega-millions\/#primaryimage","url":"https:\/\/redfoxlotto.com\/image?size=8&amp;lottery=mega-millions","contentUrl":"https:\/\/redfoxlotto.com\/image?size=8&amp;lottery=mega-millions"},{"@type":"BreadcrumbList","@id":"https:\/\/onlinelotto365.com\/lv\/pirkt-biletes\/mega-millions\/#breadcrumb","itemListElement":[{"@type":"ListItem","position":1,"name":"Home","item":"https:\/\/onlinelotto365.com\/lv\/"},{"@type":"ListItem","position":2,"name":"K\u0101p\u0113c pirkt loterijas bi\u013cetes internet\u0101 ir lo\u0123isk\u0101k","item":"https:\/\/onlinelotto365.com\/lv\/pirkt-biletes\/"},{"@type":"ListItem","position":3,"name":"Mega Millions ir viena no lab\u0101kaj\u0101m loterij\u0101m uz plan\u0113tas"}]},{"@type":"WebSite","@id":"https:\/\/onlinelotto365.com\/lv\/#website","url":"https:\/\/onlinelotto365.com\/lv\/","name":"OnlineLotto365","description":"","potentialAction":[{"@type":"SearchAction","target":{"@type":"EntryPoint","urlTemplate":"https:\/\/onlinelotto365.com\/lv\/?s={search_term_string}"},"query-input":{"@type":"PropertyValueSpecification","valueRequired":true,"valueName":"search_term_string"}}],"inLanguage":"lv-LV"}]}},"_links":{"self":[{"href":"https:\/\/onlinelotto365.com\/lv\/wp-json\/wp\/v2\/pages\/11133","targetHints":{"allow":["GET"]}}],"collection":[{"href":"https:\/\/onlinelotto365.com\/lv\/wp-json\/wp\/v2\/pages"}],"about":[{"href":"https:\/\/onlinelotto365.com\/lv\/wp-json\/wp\/v2\/types\/page"}],"author":[{"embeddable":true,"href":"https:\/\/onlinelotto365.com\/lv\/wp-json\/wp\/v2\/users\/1"}],"replies":[{"embeddable":true,"href":"https:\/\/onlinelotto365.com\/lv\/wp-json\/wp\/v2\/comments?post=11133"}],"version-history":[{"count":0,"href":"https:\/\/onlinelotto365.com\/lv\/wp-json\/wp\/v2\/pages\/11133\/revisions"}],"up":[{"embeddable":true,"href":"https:\/\/onlinelotto365.com\/lv\/wp-json\/wp\/v2\/pages\/5646"}],"wp:attachment":[{"href":"https:\/\/onlinelotto365.com\/lv\/wp-json\/wp\/v2\/media?parent=11133"}],"curies":[{"name":"wp","href":"https:\/\/api.w.org\/{rel}","templated":true}]}}