{"id":11135,"date":"2020-12-18T18:45:46","date_gmt":"2020-12-18T17:45:46","guid":{"rendered":"http:\/\/onlinelotto365.net\/?page_id=11135"},"modified":"2021-03-04T15:00:50","modified_gmt":"2021-03-04T14:00:50","slug":"euromillions","status":"publish","type":"page","link":"https:\/\/onlinelotto365.com\/lv\/pirkt-biletes\/euromillions\/","title":{"rendered":"K\u0101 nopirkt Euromillions bi\u013cetes tie\u0161saist\u0113"},"content":{"rendered":"<h2>EuroMillions Ir Viena No Liel\u0101kaj\u0101m Loterij\u0101m Pasaul\u0113<\/h2>\n<p>EuroMillions tika izveidots 2004.gad\u0101 k\u0101 m\u0113\u0123in\u0101jums sadarboties nacion\u0101lo loteriju operatoriem Francij\u0101, Sp\u0101nij\u0101 un Lielbrit\u0101nij\u0101. Tas pras\u012bja pilnus desmit gadus, l\u012bdz vieno\u0161an\u0101s starp \u0161\u012bm valst\u012bm tika pan\u0101kta, un jau no br\u012b\u017ea, kad t\u0101 tika nosl\u0113gta, t\u0101 bez \u0161aub\u0101m bija \u013coti labi organiz\u0113ta, un ir sp\u0113k\u0101 v\u0113l l\u012bdz \u0161im.<\/p>\n<p>Bija pl\u0101nots loteriju sp\u0113l\u0113t\u0101jiem tr\u012bs valst\u012bs pied\u0101v\u0101t iesp\u0113ju sp\u0113l\u0113t par daudz liel\u0101kiem d\u017eekpotiem, nek\u0101 iepriek\u0161. Kop\u0161 t\u0101 br\u012b\u017ea, kad d\u017eekpots ir k\u013cuvis par iemeslu, kas aizrauj sp\u0113l\u0113t\u0101jus, bija cer\u012bbas, ka \u0161is iev\u0113rojamais loto b\u016bs milz\u012bgs trieciens un uzkr\u0101s fantastiskus d\u017eekpotus ned\u0113\u013cu p\u0113c ned\u0113\u013cas. T\u0101 tas ar\u012b notika.<br \/>\n<a href=\"https:\/\/redfoxlotto.com\/play\/euromillions\/?ref=a8564250a2&amp;medium=ol365\" target=\"_blank\" rel=\"noopener noreferrer\"><img decoding=\"async\" class=\"aligncenter\" src=\"https:\/\/redfoxlotto.com\/image?size=8&amp;lottery=euromillions\" alt=\"euromillions\" \/><\/a><\/p>\n<p>T\u0101 k\u0101 loterijas pan\u0101kumi auga, sadarb\u012bbai pievienoj\u0101s ar\u012b citas valstis, un tagad taj\u0101 kopum\u0101 ir devi\u0146as da\u017e\u0101das valstis, kas taj\u0101 \u0146em dal\u012bbu. D\u017eekpoti vienm\u0113r ir starp liel\u0101kajiem pieejamajiem vis\u0101 pasaul\u0113, s\u0101kot no 15 miljoniem Eiro un veidojot uzkr\u0101jumu, s\u0101kot ar \u0161o summu.<\/p>\n<h2>Pla\u0161\u0101ka inform\u0101cija par EuroMillions<\/h2>\n<ul>\n<li>Valsts: da\u017e\u0101di. Eiropa<\/li>\n<li>Galvenais skait\u013cu diapazons: 50<\/li>\n<li>J\u016bs izv\u0113laties: 5<\/li>\n<li>Papildu skait\u013cu diapazons: 12<\/li>\n<li>J\u016bs izv\u0113laties: 2<\/li>\n<li>Dienu un stundu z\u012bm\u0113\u0161ana: otrdiena, piektdiena, plkst. 19:30 GMT, plkst. 20:30 p\u0113c Vidusj\u016bras laika<\/li>\n<li>Minim\u0101lais d\u017eekpots: 17 miljoni eiro<\/li>\n<li>Maksim\u0101lais d\u017eekpots: 190 miljoni eiro<\/li>\n<li>Iesp\u0113jas laim\u0113t d\u017eekpotu: 1 186450880<\/li>\n<li>2. l\u012bme\u0146a uzvar\u0113\u0161anas varb\u016bt\u012bba: 1 2118760. gad\u0101<\/li>\n<li>Varb\u016bt\u012bba uzvar\u0113t jebkur\u0101 l\u012bmen\u012b: 1 pret 12,98<\/li>\n<li>Balvu l\u012bme\u0146u skaits: 13<\/li>\n<\/ul>\n<p>Tikl\u012bdz d\u017eekpots sasniedz 190 miljonus Eiro, tas tiek ierobe\u017eots un t\u0101l\u0101kie uzkr\u0101jumi tiek pievienoti cit\u0101m balv\u0101m. Loterijas organiz\u0113t\u0101ji uzskata, ka \u0161\u0101da lieluma d\u017eekpots ir pietiekami liels un tas noteikti ir vair\u0101k nek\u0101 nepiecie\u0161ams, lai var\u0113tu apmierin\u0101t jebkuru no mums. Vi\u0146i uzskata ar\u012b, ka \u0161aj\u0101 zi\u0146\u0101 vi\u0146i ir izveidoju\u0161i vair\u0101k aizraujo\u0161u emociju saist\u012bb\u0101 ar \u0161o d\u017eekpotu, t\u0101d\u0113\u013c tagad vi\u0146i var to dar\u012bt ar\u012b ar cit\u0101m balv\u0101m.<\/p>\n<h2>Tev Vairs Nav J\u0101dz\u012bvo K\u0101d\u0101 No \u0160\u012bm Valst\u012bm, Lai Sp\u0113l\u0113tu<\/h2>\n<p><img loading=\"lazy\" decoding=\"async\" class=\"alignright size-medium wp-image-3672\" src=\"https:\/\/onlinelotto365.com\/wp-content\/uploads\/2020\/11\/online_lottery-161-300x207.jpg\" alt=\"nopirkt Euromillions\" width=\"300\" height=\"207\" srcset=\"https:\/\/onlinelotto365.com\/wp-content\/uploads\/2020\/11\/online_lottery-161-300x207.jpg 300w, https:\/\/onlinelotto365.com\/wp-content\/uploads\/2020\/11\/online_lottery-161.jpg 320w\" sizes=\"auto, (max-width: 300px) 100vw, 300px\" \/><\/p>\n<p>Kop\u0161 EuroMillions v\u0113sturiski tika pied\u0101v\u0101ts tikai \u0161aj\u0101s izv\u0113l\u0113taj\u0101s devi\u0146\u0101s Eiropas valst\u012bs, liel\u0101k\u0101 da\u013ca no mums ir devu\u0161ies prom tik t\u0101lu, cik sp\u0113ju\u0161i, lai izbaud\u012btu sp\u0113li. Faktiski, da\u013ca no mums nav pat apsv\u0113rusi iesp\u0113ju sp\u0113l\u0113t \u0161o loteriju, ta\u010du tikai l\u012bdz nesenam br\u012bdim.<\/p>\n<p>Atjaut\u012bgie loteriju sp\u0113l\u0113t\u0101ji, tie no mums, kas zina, tagad atsk\u0101r\u0161, ka fizisk\u0101s barjeras loteriju pasaul\u0113 vairs nepast\u0101v. P\u0113c b\u016bt\u012bbas t\u0101s v\u0113l joproj\u0101m past\u0101v, jo Tev v\u0113l joproj\u0101m j\u0101veic fizisks EuroMillions un citu pasaules loteriju bi\u013ce\u0161u pirkums. Protams, Tu nedosies ce\u013c\u0101 uz turieni divas reizes ned\u0113\u013c\u0101, lai ieg\u0101d\u0101tos savas bi\u013cetes, jo tas pras\u012bs smiekl\u012bgu laika un naudas daudzumu.<\/p>\n<p>Tu var\u0113tu nol\u012bgt k\u0101du, kas dz\u012bvo valst\u012bs, kur\u0101s Tu v\u0113lies nopirkt loterijas bi\u013cetes, bet tas pras\u012btu vair\u0101k zin\u0101\u0161anu un p\u016b\u013cu, nek\u0101 liel\u0101k\u0101 da\u013ca cilv\u0113ku jebkad var\u0113tu iedom\u0101ties izdar\u012bt. T\u0101tad, k\u0101 Tu vari cit\u0101d\u0101k ieg\u0101d\u0101ties loterijas bi\u013cetes priek\u0161 EuroMillions?<\/p>\n<p>Atbilde ir \u2013 vienk\u0101r\u0161i nopirkt t\u0101s tie\u0161saist\u0113, tie\u0161i no m\u0101j\u0101m, izmantojot cien\u012bjamu un uzticamu servisu, kas par\u016bp\u0113sies par vis\u0101m Tav\u0101m vajadz\u012bb\u0101m, tai skait\u0101 nopirkt bi\u013cetes uz Tava v\u0101rda, nos\u016bt\u012bt Tev noskan\u0113tu kopiju, patur\u0113t Tavas bi\u013cetes dro\u0161\u012bb\u0101, p\u0101rbaud\u012bt Tavus ciparus un pazi\u0146ot Tev, ja Tu laim\u0113, k\u0101 ar\u012b pal\u012bdz\u0113t Tev sa\u0146emt Tavus laimestus.<\/p>\n<p>\u0160is jaunais pakalpojums tiek saukts par RedFoxLotto, kas ir piepild\u012bjis cilv\u0113ku sap\u0146us par iesp\u0113ju nopirkt loterijas bi\u013cetes tie\u0161saist\u0113 un neraiz\u0113ties ne par ko. Tu vari ne tikai \u0113rti nopirkt visas EuroMillions bi\u013cetes, k\u0101das vien v\u0113lies, vi\u0146i pied\u0101v\u0101 ieg\u0101d\u0101ties bi\u013cetes ar\u012b citu liel\u0101ko un popul\u0101r\u0101ko loteriju izloz\u0113m.<\/p>\n<p><a href=\"https:\/\/redfoxlotto.com\/lv\/?ref=A8564250A2&amp;campaign=ol\" target=\"_blank\" rel=\"noopener\"><strong><span style=\"text-decoration: underline;\">Spied \u0161eit, lai apmekl\u0113tu vi\u0146u m\u0101jas lapu un sa\u0146emtu EuroMillions bi\u013ceti!<\/span><\/strong><\/a><\/p>\n<h2>K\u0101 Darbojas EuroMillions Lotto<\/h2>\n<p>Kopum\u0101 ir 13 da\u017e\u0101di izmaksu laimesti \u0161aj\u0101 loto, s\u0101kot no tikai divu ciparu uzmin\u0113\u0161anas no 5 galvenajiem, l\u012bdz pat visu 5 ciparu un abu veiksmes zvaig\u017e\u0146u ciparu uzmin\u0113\u0161anai, t\u0101d\u0113j\u0101di vinn\u0113jot d\u017eekpotu. Bez t\u0101 neticami lielajiem d\u017eekpota apjomiem, EuroMillions pied\u0101v\u0101 saviem sp\u0113l\u0113t\u0101jiem ar\u012b lielisku iesp\u0113ju laim\u0113t k\u0101du no izmaksu veidiem, k\u0101di parasti redzami lielaj\u0101s loterij\u0101s.<\/p>\n<p>Izlozes norisin\u0101s divas reizes ned\u0113\u013c\u0101, otrdien\u0101s un piektdien\u0101s, plkst.9.00 p\u0113c Lielbrit\u0101nijas laika. RedFoxLotto veido atskaites par \u0161\u012bm un cit\u0101m loterij\u0101m vi\u0146u m\u0101jas lap\u0101, t\u0101d\u0113\u013c sp\u0113l\u0113t\u0101ji vienm\u0113r zina, cik daudz laika ir atlicis l\u012bdz n\u0101kamajai izlozei. Sp\u0113l\u0113t\u0101ji izv\u0113las 5 ciparus no 1 l\u012bdz 50, k\u0101 ar\u012b 2 laim\u012bgos zvaig\u017e\u0146u ciparus no 1 l\u012bdz 11. T\u0101pat, k\u0101 loto stendi, RedFoxLotto pied\u0101v\u0101 saviem sp\u0113l\u0113t\u0101jiem iesp\u0113ju izv\u0113l\u0113ties ciparus pa\u0161iem vai \u013caut datoram izv\u0113l\u0113ties nejau\u0161us ciparus vi\u0146u viet\u0101.<\/p>\n<p>Katrai izlozei Tu vari ieg\u0101d\u0101ties tik daudz bi\u013cetes, cik vien v\u0113lies. P\u0113c tam, Tu vari apmekl\u0113t RedFoxLotto m\u0101jas lapu, lai p\u0101rbaud\u012btu savas bi\u013cetes, vai, ja Tev t\u0101 lab\u0101k pat\u012bk, Tu vari sagaid\u012bt ar\u012b e-pastu, ko RedFoxLotto Tev s\u016bta gad\u012bjum\u0101, ja Tu vinn\u0113. Atkar\u012bb\u0101 no t\u0101, cik daudz Tu vinn\u0113, vi\u0146i Tev ieteiks un sniegs pal\u012bdz\u012bbu laimesta sa\u0146em\u0161an\u0101.<\/p>\n<h2>Tagad, Kad Tu Visu Esi Noskaidrojis, Viss Ir Tav\u0101s Rok\u0101s<\/h2>\n<p>M\u0113s vairs neesam ierobe\u017eoti no t\u0101d\u0101m loterij\u0101m k\u0101 EuroMillions tikai pamatojoties uz vietu, kur m\u0113s dz\u012bvojam. Tagad m\u0113s varam pirkt jebkuras loterijas bi\u013cetes, k\u0101das vien v\u0113lamies, un neviens m\u016bs nesp\u0113j aptur\u0113t. Internets patie\u0161\u0101m ir atv\u0113ris mums pasauli, un beidzot tas ir sasniedzis ar\u012b loterijas. M\u016bsu gaid\u012b\u0161anai ir pien\u0101cis gals.<\/p>\n<p>T\u0101tad, kad ir iesp\u0113jams piedz\u012bvot to saj\u016bsmu un satraukumu, ko izraisa loterijas, vairs nav cien\u012bga iemesla, lai liegtu mums prieku, kas jau ir uzkr\u0101ts tie\u0161i priek\u0161 mums.<\/p>\n","protected":false},"excerpt":{"rendered":"<p>EuroMillions Ir Viena No Liel\u0101kaj\u0101m Loterij\u0101m Pasaul\u0113 EuroMillions tika izveidots 2004.gad\u0101 k\u0101 m\u0113\u0123in\u0101jums sadarboties nacion\u0101lo loteriju operatoriem Francij\u0101, Sp\u0101nij\u0101 un Lielbrit\u0101nij\u0101. Tas pras\u012bja pilnus desmit gadus, l\u012bdz vieno\u0161an\u0101s starp \u0161\u012bm valst\u012bm tika pan\u0101kta, un jau no br\u012b\u017ea, kad t\u0101 tika nosl\u0113gta, t\u0101 bez \u0161aub\u0101m bija \u013coti labi organiz\u0113ta, un ir sp\u0113k\u0101 v\u0113l l\u012bdz \u0161im. Bija [&hellip;]<\/p>\n","protected":false},"author":1,"featured_media":0,"parent":5646,"menu_order":3,"comment_status":"closed","ping_status":"closed","template":"euromillions-info.php","meta":{"_et_pb_use_builder":"","_et_pb_old_content":"","_et_gb_content_width":"","exclude_from_search":false,"footnotes":""},"class_list":["post-11135","page","type-page","status-publish","hentry"],"yoast_head":"<!-- This site is optimized with the Yoast SEO plugin v23.4 - https:\/\/yoast.com\/wordpress\/plugins\/seo\/ -->\n<title>EuroMillions Lotto Online | Bi\u013cetes Priek\u0161 EuroMillions, izmantojot starptautisku tie\u0161saistes servisu<\/title>\n<meta name=\"description\" content=\"Lotto fani no jebkuras valsts, ieskaitot Latviju, tagad \u0161eit var ieg\u0101d\u0101ties Euromillions bi\u013cetes\" \/>\n<meta name=\"robots\" content=\"index, follow, max-snippet:-1, max-image-preview:large, max-video-preview:-1\" \/>\n<link rel=\"canonical\" href=\"https:\/\/onlinelotto365.com\/lv\/pirkt-biletes\/euromillions\/\" \/>\n<meta property=\"og:locale\" content=\"lv_LV\" \/>\n<meta property=\"og:type\" content=\"article\" \/>\n<meta property=\"og:title\" content=\"EuroMillions Lotto Online | Bi\u013cetes Priek\u0161 EuroMillions, izmantojot starptautisku tie\u0161saistes servisu\" \/>\n<meta property=\"og:description\" content=\"Lotto fani no jebkuras valsts, ieskaitot Latviju, tagad \u0161eit var ieg\u0101d\u0101ties Euromillions bi\u013cetes\" \/>\n<meta property=\"og:url\" content=\"https:\/\/onlinelotto365.com\/lv\/pirkt-biletes\/euromillions\/\" \/>\n<meta property=\"og:site_name\" content=\"OnlineLotto365\" \/>\n<meta property=\"article:modified_time\" content=\"2021-03-04T14:00:50+00:00\" \/>\n<meta property=\"og:image\" content=\"https:\/\/redfoxlotto.com\/image?size=8&amp;lottery=euromillions\" \/>\n<meta name=\"twitter:card\" content=\"summary_large_image\" \/>\n<meta name=\"twitter:label1\" content=\"Est. reading time\" \/>\n\t<meta name=\"twitter:data1\" content=\"4 minutes\" \/>\n<script type=\"application\/ld+json\" class=\"yoast-schema-graph\">{\"@context\":\"https:\/\/schema.org\",\"@graph\":[{\"@type\":\"WebPage\",\"@id\":\"https:\/\/onlinelotto365.com\/lv\/pirkt-biletes\/euromillions\/\",\"url\":\"https:\/\/onlinelotto365.com\/lv\/pirkt-biletes\/euromillions\/\",\"name\":\"EuroMillions Lotto Online | Bi\u013cetes Priek\u0161 EuroMillions, izmantojot starptautisku tie\u0161saistes servisu\",\"isPartOf\":{\"@id\":\"https:\/\/onlinelotto365.com\/lv\/#website\"},\"primaryImageOfPage\":{\"@id\":\"https:\/\/onlinelotto365.com\/lv\/pirkt-biletes\/euromillions\/#primaryimage\"},\"image\":{\"@id\":\"https:\/\/onlinelotto365.com\/lv\/pirkt-biletes\/euromillions\/#primaryimage\"},\"thumbnailUrl\":\"https:\/\/redfoxlotto.com\/image?size=8&amp;lottery=euromillions\",\"datePublished\":\"2020-12-18T17:45:46+00:00\",\"dateModified\":\"2021-03-04T14:00:50+00:00\",\"description\":\"Lotto fani no jebkuras valsts, ieskaitot Latviju, tagad \u0161eit var ieg\u0101d\u0101ties Euromillions bi\u013cetes\",\"breadcrumb\":{\"@id\":\"https:\/\/onlinelotto365.com\/lv\/pirkt-biletes\/euromillions\/#breadcrumb\"},\"inLanguage\":\"lv-LV\",\"potentialAction\":[{\"@type\":\"ReadAction\",\"target\":[\"https:\/\/onlinelotto365.com\/lv\/pirkt-biletes\/euromillions\/\"]}]},{\"@type\":\"ImageObject\",\"inLanguage\":\"lv-LV\",\"@id\":\"https:\/\/onlinelotto365.com\/lv\/pirkt-biletes\/euromillions\/#primaryimage\",\"url\":\"https:\/\/redfoxlotto.com\/image?size=8&amp;lottery=euromillions\",\"contentUrl\":\"https:\/\/redfoxlotto.com\/image?size=8&amp;lottery=euromillions\"},{\"@type\":\"BreadcrumbList\",\"@id\":\"https:\/\/onlinelotto365.com\/lv\/pirkt-biletes\/euromillions\/#breadcrumb\",\"itemListElement\":[{\"@type\":\"ListItem\",\"position\":1,\"name\":\"Home\",\"item\":\"https:\/\/onlinelotto365.com\/lv\/\"},{\"@type\":\"ListItem\",\"position\":2,\"name\":\"K\u0101p\u0113c pirkt loterijas bi\u013cetes internet\u0101 ir lo\u0123isk\u0101k\",\"item\":\"https:\/\/onlinelotto365.com\/lv\/pirkt-biletes\/\"},{\"@type\":\"ListItem\",\"position\":3,\"name\":\"K\u0101 nopirkt Euromillions bi\u013cetes tie\u0161saist\u0113\"}]},{\"@type\":\"WebSite\",\"@id\":\"https:\/\/onlinelotto365.com\/lv\/#website\",\"url\":\"https:\/\/onlinelotto365.com\/lv\/\",\"name\":\"OnlineLotto365\",\"description\":\"\",\"potentialAction\":[{\"@type\":\"SearchAction\",\"target\":{\"@type\":\"EntryPoint\",\"urlTemplate\":\"https:\/\/onlinelotto365.com\/lv\/?s={search_term_string}\"},\"query-input\":{\"@type\":\"PropertyValueSpecification\",\"valueRequired\":true,\"valueName\":\"search_term_string\"}}],\"inLanguage\":\"lv-LV\"}]}<\/script>\n<!-- \/ Yoast SEO plugin. -->","yoast_head_json":{"title":"EuroMillions Lotto Online | Bi\u013cetes Priek\u0161 EuroMillions, izmantojot starptautisku tie\u0161saistes servisu","description":"Lotto fani no jebkuras valsts, ieskaitot Latviju, tagad \u0161eit var ieg\u0101d\u0101ties Euromillions bi\u013cetes","robots":{"index":"index","follow":"follow","max-snippet":"max-snippet:-1","max-image-preview":"max-image-preview:large","max-video-preview":"max-video-preview:-1"},"canonical":"https:\/\/onlinelotto365.com\/lv\/pirkt-biletes\/euromillions\/","og_locale":"lv_LV","og_type":"article","og_title":"EuroMillions Lotto Online | Bi\u013cetes Priek\u0161 EuroMillions, izmantojot starptautisku tie\u0161saistes servisu","og_description":"Lotto fani no jebkuras valsts, ieskaitot Latviju, tagad \u0161eit var ieg\u0101d\u0101ties Euromillions bi\u013cetes","og_url":"https:\/\/onlinelotto365.com\/lv\/pirkt-biletes\/euromillions\/","og_site_name":"OnlineLotto365","article_modified_time":"2021-03-04T14:00:50+00:00","og_image":[{"url":"https:\/\/redfoxlotto.com\/image?size=8&amp;lottery=euromillions"}],"twitter_card":"summary_large_image","twitter_misc":{"Est. reading time":"4 minutes"},"schema":{"@context":"https:\/\/schema.org","@graph":[{"@type":"WebPage","@id":"https:\/\/onlinelotto365.com\/lv\/pirkt-biletes\/euromillions\/","url":"https:\/\/onlinelotto365.com\/lv\/pirkt-biletes\/euromillions\/","name":"EuroMillions Lotto Online | Bi\u013cetes Priek\u0161 EuroMillions, izmantojot starptautisku tie\u0161saistes servisu","isPartOf":{"@id":"https:\/\/onlinelotto365.com\/lv\/#website"},"primaryImageOfPage":{"@id":"https:\/\/onlinelotto365.com\/lv\/pirkt-biletes\/euromillions\/#primaryimage"},"image":{"@id":"https:\/\/onlinelotto365.com\/lv\/pirkt-biletes\/euromillions\/#primaryimage"},"thumbnailUrl":"https:\/\/redfoxlotto.com\/image?size=8&amp;lottery=euromillions","datePublished":"2020-12-18T17:45:46+00:00","dateModified":"2021-03-04T14:00:50+00:00","description":"Lotto fani no jebkuras valsts, ieskaitot Latviju, tagad \u0161eit var ieg\u0101d\u0101ties Euromillions bi\u013cetes","breadcrumb":{"@id":"https:\/\/onlinelotto365.com\/lv\/pirkt-biletes\/euromillions\/#breadcrumb"},"inLanguage":"lv-LV","potentialAction":[{"@type":"ReadAction","target":["https:\/\/onlinelotto365.com\/lv\/pirkt-biletes\/euromillions\/"]}]},{"@type":"ImageObject","inLanguage":"lv-LV","@id":"https:\/\/onlinelotto365.com\/lv\/pirkt-biletes\/euromillions\/#primaryimage","url":"https:\/\/redfoxlotto.com\/image?size=8&amp;lottery=euromillions","contentUrl":"https:\/\/redfoxlotto.com\/image?size=8&amp;lottery=euromillions"},{"@type":"BreadcrumbList","@id":"https:\/\/onlinelotto365.com\/lv\/pirkt-biletes\/euromillions\/#breadcrumb","itemListElement":[{"@type":"ListItem","position":1,"name":"Home","item":"https:\/\/onlinelotto365.com\/lv\/"},{"@type":"ListItem","position":2,"name":"K\u0101p\u0113c pirkt loterijas bi\u013cetes internet\u0101 ir lo\u0123isk\u0101k","item":"https:\/\/onlinelotto365.com\/lv\/pirkt-biletes\/"},{"@type":"ListItem","position":3,"name":"K\u0101 nopirkt Euromillions bi\u013cetes tie\u0161saist\u0113"}]},{"@type":"WebSite","@id":"https:\/\/onlinelotto365.com\/lv\/#website","url":"https:\/\/onlinelotto365.com\/lv\/","name":"OnlineLotto365","description":"","potentialAction":[{"@type":"SearchAction","target":{"@type":"EntryPoint","urlTemplate":"https:\/\/onlinelotto365.com\/lv\/?s={search_term_string}"},"query-input":{"@type":"PropertyValueSpecification","valueRequired":true,"valueName":"search_term_string"}}],"inLanguage":"lv-LV"}]}},"_links":{"self":[{"href":"https:\/\/onlinelotto365.com\/lv\/wp-json\/wp\/v2\/pages\/11135","targetHints":{"allow":["GET"]}}],"collection":[{"href":"https:\/\/onlinelotto365.com\/lv\/wp-json\/wp\/v2\/pages"}],"about":[{"href":"https:\/\/onlinelotto365.com\/lv\/wp-json\/wp\/v2\/types\/page"}],"author":[{"embeddable":true,"href":"https:\/\/onlinelotto365.com\/lv\/wp-json\/wp\/v2\/users\/1"}],"replies":[{"embeddable":true,"href":"https:\/\/onlinelotto365.com\/lv\/wp-json\/wp\/v2\/comments?post=11135"}],"version-history":[{"count":0,"href":"https:\/\/onlinelotto365.com\/lv\/wp-json\/wp\/v2\/pages\/11135\/revisions"}],"up":[{"embeddable":true,"href":"https:\/\/onlinelotto365.com\/lv\/wp-json\/wp\/v2\/pages\/5646"}],"wp:attachment":[{"href":"https:\/\/onlinelotto365.com\/lv\/wp-json\/wp\/v2\/media?parent=11135"}],"curies":[{"name":"wp","href":"https:\/\/api.w.org\/{rel}","templated":true}]}}