{"id":11137,"date":"2020-12-18T18:52:07","date_gmt":"2020-12-18T17:52:07","guid":{"rendered":"http:\/\/onlinelotto365.net\/?page_id=11137"},"modified":"2021-03-04T15:04:34","modified_gmt":"2021-03-04T14:04:34","slug":"eurojackpot","status":"publish","type":"page","link":"https:\/\/onlinelotto365.com\/lv\/pirkt-biletes\/eurojackpot\/","title":{"rendered":"K\u0101 nopirkt Eurojackpot bi\u013cetes tie\u0161saist\u0113"},"content":{"rendered":"<p>Ja k\u0101da iemesla d\u0113\u013c j\u016bs nevarat ieg\u0101d\u0101ties Eurojackpot bi\u013ceti sav\u0101 tuv\u0113j\u0101 veikal\u0101, jums tik un t\u0101 ir iesp\u0113ja piedal\u012bties Eurojackpot izloz\u0113 tie\u0161saist\u0113.<\/p>\n<p>Jums tikai atliek <a href=\"https:\/\/redfoxlotto.com\/lv\/?ref=A8564250A2&amp;campaign=ol\" target=\"_blank\" rel=\"noopener\"><span style=\"text-decoration: underline;\">noklik\u0161\u0137in\u0101t uz \u0161\u012bs saites, lai nok\u013c\u016btu RedFoxLotto t\u012bmek\u013ca vietn\u0113<\/span><\/a>. RedFoxLotto ir tie\u0161saistes pakalpojums, kas \u013cauj jums piedal\u012bties vair\u0101k nek\u0101 20 pasaules liel\u0101kaj\u0101s loterij\u0101s neatkar\u012bgi no j\u016bsu atra\u0161an\u0101s vietas.<\/p>\n<p>Tas ir iesp\u0113jams, pateicoties \u0161aj\u0101 uz\u0146\u0113mum\u0101 str\u0101d\u0101jo\u0161o darbinieku t\u012bklam, kuri saviem klientiem nop\u0113rk s\u0101kotn\u0113ji tie\u0161saist\u0113 pas\u016bt\u012bt\u0101s loterija bi\u013cetes. Pas\u016bt\u012bt\u0101s bi\u013cetes var apmaks\u0101t ar nor\u0113\u0137inu karti (ir pieejamas ar\u012b da\u017e\u0101das citas apmaksas iesp\u0113jas), un jau p\u0113c \u012bsa br\u012b\u017ea klients sa\u0146em apstiprin\u0101juma e-pasta zi\u0146ojumu, kas uzreiz ir der\u012bgs n\u0101kamajai attiec\u012bg\u0101s loterijas izlozei.<\/p>\n<h2>Pla\u0161\u0101ka inform\u0101cija par Eurojackpot<\/h2>\n<p><img loading=\"lazy\" decoding=\"async\" class=\"alignright wp-image-1246\" src=\"https:\/\/onlinelotto365.com\/wp-content\/uploads\/2020\/11\/online_lottery-106.jpg\" alt=\"nopirkt eurojackpot tie\u0161saist\u0113\" width=\"302\" height=\"181\" \/><\/p>\n<ul>\n<li>Valsts: da\u017e\u0101das Eiropas valstis<\/li>\n<li>Galvenais skait\u013cu diapazons: 50<\/li>\n<li>J\u016bs izv\u0113laties: 5<\/li>\n<li>Papildu skait\u013cu diapazons: 10<\/li>\n<li>J\u016bs izv\u0113laties: 2<\/li>\n<li>Z\u012bm\u0113 dienas, stundas: piektdien, plkst. 21:00 p\u0113c Centr\u0101leiropas laika.<\/li>\n<li>Minim\u0101lais d\u017eekpots: 10 miljoni eiro<\/li>\n<li>Maksim\u0101lais d\u017eekpots: 90 miljoni eiro<\/li>\n<li>Iesp\u0113jas laim\u0113t d\u017eekpotu: 1 no 135.600.640<\/li>\n<li>2. l\u012bme\u0146a uzvaras varb\u016bt\u012bba: 1 no 2.118.760<\/li>\n<li>Varb\u016bt\u012bba uzvar\u0113t jebkur\u0101 l\u012bmen\u012b: 1 no 26,39<\/li>\n<li>Balvu l\u012bme\u0146u skaits: 12<\/li>\n<\/ul>\n<p><a href=\"https:\/\/redfoxlotto.com\/play\/eurojackpot\/?ref=a8564250a2&amp;medium=ol365\" target=\"_blank\" rel=\"noopener noreferrer\"> <img decoding=\"async\" class=\"aligncenter\" src=\"https:\/\/redfoxlotto.com\/image?size=8&amp;lottery=eurojackpot\" alt=\"eurojackpot\" \/> <\/a><\/p>\n<p>Piedal\u012bties Eurojackpot, k\u0101 ar\u012b jebkur\u0101 cit\u0101 no vair\u0101k nek\u0101 20 tie\u0161saist\u0113 pieejamaj\u0101m loterij\u0101m ir piln\u012bb\u0101 likum\u012bgi, un, tikl\u012bdz ieg\u0101d\u0101ta bi\u013cete, j\u016bs varat pretend\u0113t uz attiec\u012bg\u0101s loterijas laimestu. Maz\u0101ki laimesti apm\u0113r\u0101 l\u012bdz \u20ac2500 ASV dol\u0101riem tiks nekav\u0113joties ieskait\u012bti j\u016bsu RedFoxLotto kont\u0101, savuk\u0101rt lielo laimestu gad\u012bjum\u0101 paies vair\u0101kas dienas, kam\u0113r RedFoxLotto j\u016bsu laimestus apstr\u0101d\u0101s j\u016bsu viet\u0101 (bez maksas), nok\u0101rtojot visus nepiecie\u0161amos jaut\u0101jumus ar attiec\u012bg\u0101s viet\u0113j\u0101s loterijas organizatoru.<\/p>\n<p>Pa\u0161reiz\u0113j\u0101 da\u017e\u0101du d\u017eekpotu summa ir atrodama labaj\u0101 pus\u0113 (vai zem \u0161\u012b teksta, ja las\u0101t to mobilaj\u0101 t\u0101lrun\u012b).<\/p>\n<h2>K\u0101 darbojas Eurojackpot?<\/h2>\n<p>\u0160\u012b loterija tiek pied\u0101v\u0101ta vair\u0101k\u0101s Eiropas valst\u012bs (V\u0101cij\u0101, Sp\u0101nij\u0101, It\u0101lij\u0101, N\u012bderland\u0113, Igaunij\u0101, Somij\u0101, D\u0101nij\u0101, Island\u0113, Horv\u0101tij\u0101, Ung\u0101rij\u0101, Latvij\u0101, Lietuv\u0101, Norv\u0113\u0123ij\u0101, Polij\u0101, Zviedrij\u0101, Slov\u0101kij\u0101, Slov\u0113nij\u0101, \u010cehij\u0101). Ja j\u016bs nedz\u012bvojat un patlaban neatrodaties nevien\u0101 no \u0161\u012bm valst\u012bm, Eurojackpot varat piedal\u012bties vien\u012bgi ar \u0161\u012b tie\u0161saistes bi\u013ce\u0161u servisa pal\u012bdz\u012bbu.<\/p>\n<p>D\u017eekpota summa s\u0101kum\u0101 vienm\u0113r ir vismaz 10 miljoni eiro. Sp\u0113l\u0113t\u0101jiem tiek pied\u0101v\u0101ti 50 galvenie skait\u013ci, no kuriem vi\u0146i var izv\u0113l\u0113ties 5. T\u0101pat iesp\u0113jams izv\u0113l\u0113ties ar\u012b 2 papildskait\u013cus (no 1 l\u012bdz 10). D\u017eekpots tiek pie\u0161\u0137irts, ja sp\u0113l\u0113t\u0101js pareizi atmin\u0113jis 5 + 2 skait\u013cus. Ja d\u017eekpota summa p\u0101rsniedz 90 miljonus eiro, p\u0101rpalikums tiek p\u0101rnests uz 2. klasi. T\u0101d\u0113j\u0101di palielin\u0101s summa, kuru j\u016bs varat laim\u0113t ar 5 pareizi atmin\u0113tiem galvenajiem skait\u013ciem un vienu papildskaitli. Faktiskais d\u017eekpots 90 miljonu eiro apm\u0113r\u0101 b\u016bs pieejams izlozei l\u012bdz br\u012bdim, kad tas tiks laim\u0113ts.<\/p>\n<p>L\u012bdz \u0161im pie d\u017eekpota liel\u0101kaj\u0101 da\u013c\u0101 gad\u012bjumu tika viens vien\u012bgs laim\u012bgais; d\u017eekpota dal\u012b\u0161ana vair\u0101ku sp\u0113l\u0113t\u0101ju starp\u0101 pieredz\u0113ta diezgan reti.<\/p>\n<p>Matem\u0101tisk\u0101 varb\u016bt\u012bba laim\u0113t d\u017eekpotu ir 1:95 miljoni \u2013 tas ir liels skaitlis, ta\u010du \u0161\u012bs izredzes tik un t\u0101 ir lab\u0101kas nek\u0101 lielaj\u0101s ASV loterij\u0101s, piem\u0113ram, Powerball un Mega Millions.<\/p>\n<p>Sa\u0146emiet savu Eurojackpot bi\u013ceti jau t\u016bl\u012bt un piedalieties vien\u0101 no liel\u0101kaj\u0101m loterij\u0101m pasaul\u0113 \u2013 \u013coti iesp\u0113jams, ka pa\u0161reiz\u0113jais Eurojackpot laimests gaida tie\u0161i j\u016bs!<\/p>\n","protected":false},"excerpt":{"rendered":"<p>Ja k\u0101da iemesla d\u0113\u013c j\u016bs nevarat ieg\u0101d\u0101ties Eurojackpot bi\u013ceti sav\u0101 tuv\u0113j\u0101 veikal\u0101, jums tik un t\u0101 ir iesp\u0113ja piedal\u012bties Eurojackpot izloz\u0113 tie\u0161saist\u0113. Jums tikai atliek noklik\u0161\u0137in\u0101t uz \u0161\u012bs saites, lai nok\u013c\u016btu RedFoxLotto t\u012bmek\u013ca vietn\u0113. RedFoxLotto ir tie\u0161saistes pakalpojums, kas \u013cauj jums piedal\u012bties vair\u0101k nek\u0101 20 pasaules liel\u0101kaj\u0101s loterij\u0101s neatkar\u012bgi no j\u016bsu atra\u0161an\u0101s vietas. Tas ir [&hellip;]<\/p>\n","protected":false},"author":1,"featured_media":0,"parent":5646,"menu_order":4,"comment_status":"closed","ping_status":"closed","template":"eurojackpot-info.php","meta":{"_et_pb_use_builder":"","_et_pb_old_content":"","_et_gb_content_width":"","exclude_from_search":false,"footnotes":""},"class_list":["post-11137","page","type-page","status-publish","hentry"],"yoast_head":"<!-- This site is optimized with the Yoast SEO plugin v23.4 - https:\/\/yoast.com\/wordpress\/plugins\/seo\/ -->\n<title>Vai es varu piedal\u012bties Eurojackpot tie\u0161saist\u0113? | Eurojackpot tie\u0161saist\u0113<\/title>\n<meta name=\"description\" content=\"Dz\u012bvojat Latvij\u0101, bet v\u0113laties ieg\u0101d\u0101ties bi\u013cetes uz Eurojackpot? P\u0113rciet tos tie\u0161saist\u0113 \u0161eit!\" \/>\n<meta name=\"robots\" content=\"index, follow, max-snippet:-1, max-image-preview:large, max-video-preview:-1\" \/>\n<link rel=\"canonical\" href=\"https:\/\/onlinelotto365.com\/lv\/pirkt-biletes\/eurojackpot\/\" \/>\n<meta property=\"og:locale\" content=\"lv_LV\" \/>\n<meta property=\"og:type\" content=\"article\" \/>\n<meta property=\"og:title\" content=\"Vai es varu piedal\u012bties Eurojackpot tie\u0161saist\u0113? | Eurojackpot tie\u0161saist\u0113\" \/>\n<meta property=\"og:description\" content=\"Dz\u012bvojat Latvij\u0101, bet v\u0113laties ieg\u0101d\u0101ties bi\u013cetes uz Eurojackpot? P\u0113rciet tos tie\u0161saist\u0113 \u0161eit!\" \/>\n<meta property=\"og:url\" content=\"https:\/\/onlinelotto365.com\/lv\/pirkt-biletes\/eurojackpot\/\" \/>\n<meta property=\"og:site_name\" content=\"OnlineLotto365\" \/>\n<meta property=\"article:modified_time\" content=\"2021-03-04T14:04:34+00:00\" \/>\n<meta property=\"og:image\" content=\"https:\/\/onlinelotto365.com\/wp-content\/uploads\/2020\/11\/online_lottery-106.jpg\" \/>\n<meta name=\"twitter:card\" content=\"summary_large_image\" \/>\n<meta name=\"twitter:label1\" content=\"Est. reading time\" \/>\n\t<meta name=\"twitter:data1\" content=\"3 minutes\" \/>\n<script type=\"application\/ld+json\" class=\"yoast-schema-graph\">{\"@context\":\"https:\/\/schema.org\",\"@graph\":[{\"@type\":\"WebPage\",\"@id\":\"https:\/\/onlinelotto365.com\/lv\/pirkt-biletes\/eurojackpot\/\",\"url\":\"https:\/\/onlinelotto365.com\/lv\/pirkt-biletes\/eurojackpot\/\",\"name\":\"Vai es varu piedal\u012bties Eurojackpot tie\u0161saist\u0113? | Eurojackpot tie\u0161saist\u0113\",\"isPartOf\":{\"@id\":\"https:\/\/onlinelotto365.com\/lv\/#website\"},\"primaryImageOfPage\":{\"@id\":\"https:\/\/onlinelotto365.com\/lv\/pirkt-biletes\/eurojackpot\/#primaryimage\"},\"image\":{\"@id\":\"https:\/\/onlinelotto365.com\/lv\/pirkt-biletes\/eurojackpot\/#primaryimage\"},\"thumbnailUrl\":\"https:\/\/onlinelotto365.com\/wp-content\/uploads\/2020\/11\/online_lottery-106.jpg\",\"datePublished\":\"2020-12-18T17:52:07+00:00\",\"dateModified\":\"2021-03-04T14:04:34+00:00\",\"description\":\"Dz\u012bvojat Latvij\u0101, bet v\u0113laties ieg\u0101d\u0101ties bi\u013cetes uz Eurojackpot? P\u0113rciet tos tie\u0161saist\u0113 \u0161eit!\",\"breadcrumb\":{\"@id\":\"https:\/\/onlinelotto365.com\/lv\/pirkt-biletes\/eurojackpot\/#breadcrumb\"},\"inLanguage\":\"lv-LV\",\"potentialAction\":[{\"@type\":\"ReadAction\",\"target\":[\"https:\/\/onlinelotto365.com\/lv\/pirkt-biletes\/eurojackpot\/\"]}]},{\"@type\":\"ImageObject\",\"inLanguage\":\"lv-LV\",\"@id\":\"https:\/\/onlinelotto365.com\/lv\/pirkt-biletes\/eurojackpot\/#primaryimage\",\"url\":\"https:\/\/onlinelotto365.com\/wp-content\/uploads\/2020\/11\/online_lottery-106.jpg\",\"contentUrl\":\"https:\/\/onlinelotto365.com\/wp-content\/uploads\/2020\/11\/online_lottery-106.jpg\"},{\"@type\":\"BreadcrumbList\",\"@id\":\"https:\/\/onlinelotto365.com\/lv\/pirkt-biletes\/eurojackpot\/#breadcrumb\",\"itemListElement\":[{\"@type\":\"ListItem\",\"position\":1,\"name\":\"Home\",\"item\":\"https:\/\/onlinelotto365.com\/lv\/\"},{\"@type\":\"ListItem\",\"position\":2,\"name\":\"K\u0101p\u0113c pirkt loterijas bi\u013cetes internet\u0101 ir lo\u0123isk\u0101k\",\"item\":\"https:\/\/onlinelotto365.com\/lv\/pirkt-biletes\/\"},{\"@type\":\"ListItem\",\"position\":3,\"name\":\"K\u0101 nopirkt Eurojackpot bi\u013cetes tie\u0161saist\u0113\"}]},{\"@type\":\"WebSite\",\"@id\":\"https:\/\/onlinelotto365.com\/lv\/#website\",\"url\":\"https:\/\/onlinelotto365.com\/lv\/\",\"name\":\"OnlineLotto365\",\"description\":\"\",\"potentialAction\":[{\"@type\":\"SearchAction\",\"target\":{\"@type\":\"EntryPoint\",\"urlTemplate\":\"https:\/\/onlinelotto365.com\/lv\/?s={search_term_string}\"},\"query-input\":{\"@type\":\"PropertyValueSpecification\",\"valueRequired\":true,\"valueName\":\"search_term_string\"}}],\"inLanguage\":\"lv-LV\"}]}<\/script>\n<!-- \/ Yoast SEO plugin. -->","yoast_head_json":{"title":"Vai es varu piedal\u012bties Eurojackpot tie\u0161saist\u0113? | Eurojackpot tie\u0161saist\u0113","description":"Dz\u012bvojat Latvij\u0101, bet v\u0113laties ieg\u0101d\u0101ties bi\u013cetes uz Eurojackpot? P\u0113rciet tos tie\u0161saist\u0113 \u0161eit!","robots":{"index":"index","follow":"follow","max-snippet":"max-snippet:-1","max-image-preview":"max-image-preview:large","max-video-preview":"max-video-preview:-1"},"canonical":"https:\/\/onlinelotto365.com\/lv\/pirkt-biletes\/eurojackpot\/","og_locale":"lv_LV","og_type":"article","og_title":"Vai es varu piedal\u012bties Eurojackpot tie\u0161saist\u0113? | Eurojackpot tie\u0161saist\u0113","og_description":"Dz\u012bvojat Latvij\u0101, bet v\u0113laties ieg\u0101d\u0101ties bi\u013cetes uz Eurojackpot? P\u0113rciet tos tie\u0161saist\u0113 \u0161eit!","og_url":"https:\/\/onlinelotto365.com\/lv\/pirkt-biletes\/eurojackpot\/","og_site_name":"OnlineLotto365","article_modified_time":"2021-03-04T14:04:34+00:00","og_image":[{"url":"https:\/\/onlinelotto365.com\/wp-content\/uploads\/2020\/11\/online_lottery-106.jpg"}],"twitter_card":"summary_large_image","twitter_misc":{"Est. reading time":"3 minutes"},"schema":{"@context":"https:\/\/schema.org","@graph":[{"@type":"WebPage","@id":"https:\/\/onlinelotto365.com\/lv\/pirkt-biletes\/eurojackpot\/","url":"https:\/\/onlinelotto365.com\/lv\/pirkt-biletes\/eurojackpot\/","name":"Vai es varu piedal\u012bties Eurojackpot tie\u0161saist\u0113? | Eurojackpot tie\u0161saist\u0113","isPartOf":{"@id":"https:\/\/onlinelotto365.com\/lv\/#website"},"primaryImageOfPage":{"@id":"https:\/\/onlinelotto365.com\/lv\/pirkt-biletes\/eurojackpot\/#primaryimage"},"image":{"@id":"https:\/\/onlinelotto365.com\/lv\/pirkt-biletes\/eurojackpot\/#primaryimage"},"thumbnailUrl":"https:\/\/onlinelotto365.com\/wp-content\/uploads\/2020\/11\/online_lottery-106.jpg","datePublished":"2020-12-18T17:52:07+00:00","dateModified":"2021-03-04T14:04:34+00:00","description":"Dz\u012bvojat Latvij\u0101, bet v\u0113laties ieg\u0101d\u0101ties bi\u013cetes uz Eurojackpot? P\u0113rciet tos tie\u0161saist\u0113 \u0161eit!","breadcrumb":{"@id":"https:\/\/onlinelotto365.com\/lv\/pirkt-biletes\/eurojackpot\/#breadcrumb"},"inLanguage":"lv-LV","potentialAction":[{"@type":"ReadAction","target":["https:\/\/onlinelotto365.com\/lv\/pirkt-biletes\/eurojackpot\/"]}]},{"@type":"ImageObject","inLanguage":"lv-LV","@id":"https:\/\/onlinelotto365.com\/lv\/pirkt-biletes\/eurojackpot\/#primaryimage","url":"https:\/\/onlinelotto365.com\/wp-content\/uploads\/2020\/11\/online_lottery-106.jpg","contentUrl":"https:\/\/onlinelotto365.com\/wp-content\/uploads\/2020\/11\/online_lottery-106.jpg"},{"@type":"BreadcrumbList","@id":"https:\/\/onlinelotto365.com\/lv\/pirkt-biletes\/eurojackpot\/#breadcrumb","itemListElement":[{"@type":"ListItem","position":1,"name":"Home","item":"https:\/\/onlinelotto365.com\/lv\/"},{"@type":"ListItem","position":2,"name":"K\u0101p\u0113c pirkt loterijas bi\u013cetes internet\u0101 ir lo\u0123isk\u0101k","item":"https:\/\/onlinelotto365.com\/lv\/pirkt-biletes\/"},{"@type":"ListItem","position":3,"name":"K\u0101 nopirkt Eurojackpot bi\u013cetes tie\u0161saist\u0113"}]},{"@type":"WebSite","@id":"https:\/\/onlinelotto365.com\/lv\/#website","url":"https:\/\/onlinelotto365.com\/lv\/","name":"OnlineLotto365","description":"","potentialAction":[{"@type":"SearchAction","target":{"@type":"EntryPoint","urlTemplate":"https:\/\/onlinelotto365.com\/lv\/?s={search_term_string}"},"query-input":{"@type":"PropertyValueSpecification","valueRequired":true,"valueName":"search_term_string"}}],"inLanguage":"lv-LV"}]}},"_links":{"self":[{"href":"https:\/\/onlinelotto365.com\/lv\/wp-json\/wp\/v2\/pages\/11137","targetHints":{"allow":["GET"]}}],"collection":[{"href":"https:\/\/onlinelotto365.com\/lv\/wp-json\/wp\/v2\/pages"}],"about":[{"href":"https:\/\/onlinelotto365.com\/lv\/wp-json\/wp\/v2\/types\/page"}],"author":[{"embeddable":true,"href":"https:\/\/onlinelotto365.com\/lv\/wp-json\/wp\/v2\/users\/1"}],"replies":[{"embeddable":true,"href":"https:\/\/onlinelotto365.com\/lv\/wp-json\/wp\/v2\/comments?post=11137"}],"version-history":[{"count":0,"href":"https:\/\/onlinelotto365.com\/lv\/wp-json\/wp\/v2\/pages\/11137\/revisions"}],"up":[{"embeddable":true,"href":"https:\/\/onlinelotto365.com\/lv\/wp-json\/wp\/v2\/pages\/5646"}],"wp:attachment":[{"href":"https:\/\/onlinelotto365.com\/lv\/wp-json\/wp\/v2\/media?parent=11137"}],"curies":[{"name":"wp","href":"https:\/\/api.w.org\/{rel}","templated":true}]}}