{"id":4492,"date":"2020-11-30T12:01:06","date_gmt":"2020-11-30T11:01:06","guid":{"rendered":"http:\/\/onlinelotto365.net\/laipni-ludzam-vietne-onlinelotto365"},"modified":"2023-10-04T09:16:20","modified_gmt":"2023-10-04T08:16:20","slug":"home","status":"publish","type":"page","link":"https:\/\/onlinelotto365.com\/lv\/","title":{"rendered":"Laipni l\u016bdzam OnlineLotto365!"},"content":{"rendered":"<p>V\u0113l nesen mums, loterijas faniem, n\u0101c\u0101s aprobe\u017eoties ar piedal\u012b\u0161anos m\u016bsu pa\u0161u valsts vai re\u0123iona loterij\u0101s. Nereti dzird\u0113j\u0101m par lielajiem, aizraujo\u0161ajiem d\u017eekpotiem citviet pasaul\u0113, kuru summas izsak\u0101mas desmitos vai pat simtos miljonu dol\u0101ru vai eiro, un tikpat bie\u017ei iev\u0113l\u0113jamies, kaut nu m\u0113s dz\u012bvotu viet\u0101, kur b\u016btu iesp\u0113jams ieg\u0101d\u0101ties bi\u013cetes dal\u012bbai \u0161aj\u0101s patiesi ienes\u012bgaj\u0101s izloz\u0113s.<\/p>\n<p>Es zinu, ka tev ir bijusi v\u0113l\u0113\u0161an\u0101s iesaist\u012bties \u0161ajos lieliskajos notikumos tikpat daudz rei\u017eu, cik man. Ta\u010du mums pat nav bijusi iesp\u0113ja piedal\u012bties, kur nu v\u0113l laim\u0113t.<br \/>\n<a href=\"https:\/\/redfoxlotto.com\/?ref=a8564250a2&amp;medium=ol365\" target=\"_blank\" rel=\"noopener noreferrer\"><img loading=\"lazy\" decoding=\"async\" class=\"aligncenter\" src=\"https:\/\/redfoxlotto.com\/image?size=8&amp;lottery=mega-millions\" alt=\"Mega Millions\" width=\"728\" height=\"90\" \/><\/a><br \/>\nNu ko \u2013 tas viss main\u012bsies. Pateicoties m\u016bsu jaunajam tie\u0161saistes loto bi\u013ce\u0161u servisam, tam, vai tu dz\u012bvo vai nedz\u012bvo valst\u012b, kur\u0101 notiek tevis noskat\u012bt\u0101 loterija, vairs nav piln\u012bgi nek\u0101das noz\u012bmes.<\/p>\n<h2>Pas\u016bti loterijas bi\u013cetes tie\u0161saist\u0113 jau t\u016bl\u012bt<\/h2>\n<p>Vairs nav vecie laiki, un, k\u0101 m\u0113s labi zin\u0101m, internets mums paver visu pasauli, jo nu tie\u0161saist\u0113 ir pieejams teju piln\u012bgi viss. T\u0101tad \u2013 k\u0101p\u0113c gan neieg\u016bt piek\u013cuvi katram no lielajiem loto d\u017eekpotiem? \u0160\u012b ir ideja, kuras \u012bsteno\u0161anai laiks bija pien\u0101cis jau sen, un nu gaid\u012b\u0161ana ir beigusies.<\/p>\n<p>M\u0113s piek\u013cuvi tie\u0161saist\u0113 visam min\u0113tajam esam atviegloju\u0161i tikt\u0101l, cik tas vien ir iesp\u0113jams. Viss, kas tev j\u0101dara, ir j\u0101noklik\u0161\u0137ina uz k\u0101das no loterij\u0101m, lai sa\u0146emtu t\u016bl\u012bt\u0113ju piek\u013cuvi daudziem jo daudziem grandioziem d\u017eekpotiem. P\u0113c tam atliek vien izpild\u012bt vienk\u0101r\u0161os nor\u0101d\u012bjumus, kas tev tiks sniegti, izv\u0113l\u0113ties skait\u013cus un ieg\u0101d\u0101ties bi\u013ceti.<\/p>\n<h2>Dro\u0161a loterijas bi\u013ce\u0161u apmaksa tie\u0161saist\u0113<\/h2>\n<p>\u0160is jaunais, lieliskais serviss nodro\u0161ina vair\u0101kas \u0113rtas tie\u0161saistes nor\u0113\u0137inu iesp\u0113jas, izmantojot simtprocent\u012bgi dro\u0161u un modernu maks\u0101jumu pakalpojumu sniedz\u0113ju. Tikl\u012bdz b\u016bs ieg\u0101d\u0101tas bi\u013cetes, tu sa\u0146emsi apstiprin\u0101jumu e-past\u0101 un redz\u0113si bi\u013ceti sav\u0101 klienta kont\u0101. Turkl\u0101t m\u0113s sniegsim bezmaksas pal\u012bdz\u012bbu laimestu sa\u0146em\u0161an\u0101, kas tev b\u016bs nepiecie\u0161ama, ja nedz\u012bvo valst\u012b, kur\u0101 tiek r\u012bkota attiec\u012bg\u0101 loterija. \u0160eit ne par ko nav j\u0101raiz\u0113jas, jo m\u016bsu klientiem viss ir piln\u012bb\u0101 nodro\u0161in\u0101ts.<\/p>\n<h2>Jo liel\u0101ki d\u017eekpoti, jo liel\u0101kas tavas izredzes<\/h2>\n<p><img loading=\"lazy\" decoding=\"async\" class=\" wp-image-1840 alignright\" src=\"https:\/\/onlinelotto365.com\/wp-content\/uploads\/2023\/10\/online_lottery-164-300x250-1.jpg\" alt=\"loto tie\u0161saistes serviss\" width=\"250\" height=\"200\" \/><br \/>\nNav nosl\u0113pums, ka piedal\u012bties loterij\u0101 ir krietni izdev\u012bg\u0101k tad, kad pieaug t\u0101s d\u017eekpots. Ja neliel\u0101s summas m\u016bsu valst\u012b pieejamaj\u0101s loterij\u0101s tev liek sajusties k\u0101 spruk\u0101s, tev diem\u017e\u0113l neatliek nekas cits k\u0101 gaid\u012bt. Protams, piedal\u012bties neliel\u0101ko laimestu izsp\u0113l\u0113s ir ne maz\u0101k aizraujo\u0161i, tom\u0113r piln\u012bgi nekas nel\u012bdzin\u0101s dal\u012bbai lielo d\u017eekpotu izloz\u0113s tie\u0161saist\u0113. Ir ne tikai daudz jautr\u0101k izt\u0113loties sevi tiekam pie k\u0101das no \u0161\u012bm milz\u012bgaj\u0101m balv\u0101m, ar k\u0101d\u0101m m\u016bsu acu priek\u0161\u0101 itin bie\u017ei tiek aplaimoti citi \u2013 ar\u012b izredzes laim\u0113t lielaj\u0101s izloz\u0113s mums ir daudz labv\u0113l\u012bg\u0101kas.<\/p>\n<p>Tagad tev ir piek\u013cuve visiem pasaules grandiem, tostarp ASV loterij\u0101m Powerball un Mega Millions, Sp\u0101nijas El Gordo, it\u0101\u013cu Superenalotto, EuroMillions, Eurojackpot, Lielbrit\u0101nijas loterijai, da\u017e\u0101d\u0101m Austr\u0101lijas loterij\u0101m un daudz\u0101m, daudz\u0101m cit\u0101m izloz\u0113m.<\/p>\n<p>Pat ja tu loterij\u0101s piedalies tikai pa retam, k\u0101p\u0113c aprobe\u017eoties tikai ar t\u0101m, kuru bi\u013cetes nop\u0113rkamas fizisk\u0101s tirdzniec\u012bbas viet\u0101s, ja vari papla\u0161in\u0101t savu redzesloku, ar \u0161\u012b lielisk\u0101 tie\u0161saistes servisa starpniec\u012bbu taj\u0101 iek\u013caujot visu pasauli? J\u0101atz\u012bm\u0113, ka viss min\u0113tais tiek nodro\u0161in\u0101ts par maksu, ta\u010du nekas netiek atskait\u012bts no laimestiem.<\/p>\n<h2>Liel\u0101kie laimesti v\u0113stur\u0113<\/h2>\n<p>Turpin\u0101jum\u0101 esam apkopoju\u0161i sarakstu ar visliel\u0101kajiem p\u0113d\u0113jo gadu laik\u0101 izloz\u0113tajiem laimestiem. Nav nek\u0101ds p\u0101rsteigums, ka tie visi izloz\u0113ti ASV. Lielaj\u0101s ASV loterijas Powerball un Mega Millions regul\u0101ri veidojas milz\u012bgi uzkr\u0101jumi, t\u0101p\u0113c nav br\u012bnums, ka liel\u0101kaj\u0101 da\u013c\u0101 tie\u0161saistes pirkumu tiek ieg\u0101d\u0101tas tie\u0161i Powerball un Mega Millions bi\u013cetes.<\/p>\n<ul>\n<li>1,568 miljardi ASV dol\u0101ru \u2013 Powerball d\u017eekpots, kas tika izloz\u0113ts 2016. gada 13. janv\u0101r\u012b; \u0161is d\u017eekpots tika sadal\u012bts tr\u012bs laim\u012bgo uzvar\u0113t\u0101ju starp\u0101<\/li>\n<li>1,537 miljardi ASV dol\u0101ru \u2013 Mega Millions d\u017eekpots, kuru laim\u0113ja viens uzvar\u0113t\u0101js 2018. g. 23. oktobr\u012b<\/li>\n<li>1 miljards ASV dol\u0101ru \u2013 Mega Millions viena uzvar\u0113t\u0101ja d\u017eekpots 2021. g. 22. janv\u0101r\u012b<\/li>\n<li>768 miljoni ASV dol\u0101ru \u2013 Powerball laimests 2019. g. 27. mart\u0101<\/li>\n<li>758 miljoni ASV dol\u0101ru \u2013 viena uzvar\u0113t\u0101ja laimests loterij\u0101 Powerball 2017. g. august\u0101<\/li>\n<li>730 miljoni ASV dol\u0101ru \u2013 viena uzvar\u0113t\u0101ja laimests loterij\u0101 Powerball 2021. g. 20. janv\u0101r\u012b<\/li>\n<li>687 miljoni ASV dol\u0101ru \u2013 laimests loterij\u0101 Powerball, kas tika sadal\u012bts starp diviem uzvar\u0113t\u0101jiem 2018. g. 27. oktobr\u012b<\/li>\n<li>656 miljoni ASV dol\u0101ru \u2013 Mega Millions d\u017eekpots, kuru sav\u0101 starp\u0101 sadal\u012bja tr\u012bs uzvar\u0113t\u0101ji 2016. g. mart\u0101<\/li>\n<\/ul>\n<p>Tagad tev ir iesp\u0113ja ieg\u016bt patiesi lielus laimestus jebkur\u0101 no min\u0113taj\u0101m loterij\u0101m. Sagatavojies iepaz\u012bt lab\u0101ko, ko pasaule sp\u0113j pied\u0101v\u0101t, un, kas ir v\u0113l svar\u012bg\u0101k, iev\u0113rojami uzlabo savas izredzes tikt pie bag\u0101t\u012bbas internet\u0101!<\/p>\n<h2>Loterijas evol\u016bcija<\/h2>\n<p><img loading=\"lazy\" decoding=\"async\" class=\" wp-image-1840 alignright\" src=\"https:\/\/onlinelotto365.com\/wp-content\/uploads\/2021\/02\/international-lottery.jpg\" alt=\"starptautisk\u0101s loterijas\" width=\"250\" height=\"200\" \/><br \/>\nTicams, ka v\u0113sturiski pa\u0161as pirm\u0101s loterijas ir norisin\u0101ju\u0161\u0101s \u0136\u012bn\u0101, un pat tolaik t\u0101s galvenok\u0101rt kalpoja sabiedrisko projektu finans\u0113\u0161anai. Ar\u012b Lielais \u0136\u012bnas m\u016bris, iesp\u0113jams, bija viens no \u0161\u0101diem projektiem. Gadsimtu gait\u0101 loterijas liel\u0101koties ir biju\u0161as sankcion\u0113tas, un to organiz\u0113\u0161anu veiku\u0161as valstis un vald\u012bbas naudas piesaistei.<\/p>\n<h2>Loterija m\u016bsdien\u0101s<\/h2>\n<p>T\u0101 k\u0101 internets ir atvieglojis dz\u012bvi daudziem no mums, liel\u0101k\u0101 da\u013ca nacion\u0101lo loteriju organizatoru ir s\u0101ku\u0161i pied\u0101v\u0101t iesp\u0113ju ieg\u0101d\u0101ties bi\u013cetes tie\u0161saist\u0113. Tom\u0113r loterijas bi\u013ce\u0161u ieg\u0101de internet\u0101 nacion\u0101lo loteriju t\u012bmek\u013ca vietn\u0113s s\u0101kotn\u0113ji bija at\u013cauta tikai sp\u0113l\u0113t\u0101jiem no attiec\u012bg\u0101s loterijas valsts. L\u012bdz ar n\u0101kamo soli loterijas evol\u016bcij\u0101 \u0161is ierobe\u017eojums nu ir atcelts.<\/p>\n<h2>Pla\u0161\u0101ka izlo\u017eu izv\u0113le sniedz lab\u0101kas izredzes laim\u0113t<\/h2>\n<p>Ideja izveidot t\u0101du tie\u0161saistes pakalpojumu k\u0101 m\u016bsu pied\u0101v\u0101tais, kas loterijas cien\u012bt\u0101jiem \u013cautu piedal\u012bties cit\u0101s jurisdikcij\u0101s r\u012bkot\u0101s izloz\u0113s, bija n\u0101kamais lo\u0123iskais att\u012bst\u012bbas solis. Tagad interesenti var izv\u0113l\u0113ties no da\u017eneda\u017e\u0101d\u0101m loterij\u0101m. M\u0113r\u0137\u0113jot uz attiec\u012bgaj\u0101 br\u012bd\u012b liel\u0101ko d\u017eekpotu, ir iesp\u0113jams iev\u0113rojami uzlabot savas izredzes laim\u0113t. T\u0101d\u0101s loterij\u0101s k\u0101 Mega Millions, Powerball un Euromillions to loterijas bi\u013ce\u0161u procentu\u0101lais daudzums, ko sp\u0113l\u0113t\u0101ji no visas pasaules ieg\u0101d\u0101jas tie\u0161saist\u0113, pieaug ar katru m\u0113nesi.<\/p>\n","protected":false},"excerpt":{"rendered":"<p>V\u0113l nesen mums, loterijas faniem, n\u0101c\u0101s aprobe\u017eoties ar piedal\u012b\u0161anos m\u016bsu pa\u0161u valsts vai re\u0123iona loterij\u0101s. Nereti dzird\u0113j\u0101m par lielajiem, aizraujo\u0161ajiem d\u017eekpotiem citviet pasaul\u0113, kuru summas izsak\u0101mas desmitos vai pat simtos miljonu dol\u0101ru vai eiro, un tikpat bie\u017ei iev\u0113l\u0113jamies, kaut nu m\u0113s dz\u012bvotu viet\u0101, kur b\u016btu iesp\u0113jams ieg\u0101d\u0101ties bi\u013cetes dal\u012bbai \u0161aj\u0101s patiesi ienes\u012bgaj\u0101s izloz\u0113s. Es zinu, [&hellip;]<\/p>\n","protected":false},"author":1,"featured_media":0,"parent":0,"menu_order":1,"comment_status":"closed","ping_status":"closed","template":"lotto.php","meta":{"_et_pb_use_builder":"","_et_pb_old_content":"","_et_gb_content_width":"","exclude_from_search":false,"footnotes":""},"class_list":["post-4492","page","type-page","status-publish","hentry"],"yoast_head":"<!-- This site is optimized with the Yoast SEO plugin v23.4 - https:\/\/yoast.com\/wordpress\/plugins\/seo\/ -->\n<title>Loto tie\u0161saist\u0113 | Visi pasaules loteriju d\u017eekpoti tie\u0161saist\u0113<\/title>\n<meta name=\"description\" content=\"Loto tie\u0161saist\u0113 \u2013 bi\u013ce\u0161u serviss dal\u012bbai jebkura starptautiska d\u017eekpota izloz\u0113. Ieg\u016bsti jebkuras pasaules loterijas bi\u013cetes neatkar\u012bgi no savas dz\u012bvesvietas\" \/>\n<meta name=\"robots\" content=\"index, follow, max-snippet:-1, max-image-preview:large, max-video-preview:-1\" \/>\n<link rel=\"canonical\" href=\"https:\/\/onlinelotto365.com\/lv\/\" \/>\n<meta property=\"og:locale\" content=\"lv_LV\" \/>\n<meta property=\"og:type\" content=\"article\" \/>\n<meta property=\"og:title\" content=\"Loto tie\u0161saist\u0113 | Visi pasaules loteriju d\u017eekpoti tie\u0161saist\u0113\" \/>\n<meta property=\"og:description\" content=\"Loto tie\u0161saist\u0113 \u2013 bi\u013ce\u0161u serviss dal\u012bbai jebkura starptautiska d\u017eekpota izloz\u0113. Ieg\u016bsti jebkuras pasaules loterijas bi\u013cetes neatkar\u012bgi no savas dz\u012bvesvietas\" \/>\n<meta property=\"og:url\" content=\"https:\/\/onlinelotto365.com\/lv\/\" \/>\n<meta property=\"og:site_name\" content=\"OnlineLotto365\" \/>\n<meta property=\"article:modified_time\" content=\"2023-10-04T08:16:20+00:00\" \/>\n<meta property=\"og:image\" content=\"https:\/\/redfoxlotto.com\/image?size=8&amp;lottery=mega-millions\" \/>\n<meta name=\"twitter:card\" content=\"summary_large_image\" \/>\n<meta name=\"twitter:label1\" content=\"Est. reading time\" \/>\n\t<meta name=\"twitter:data1\" content=\"5 minutes\" \/>\n<script type=\"application\/ld+json\" class=\"yoast-schema-graph\">{\"@context\":\"https:\/\/schema.org\",\"@graph\":[{\"@type\":\"WebPage\",\"@id\":\"https:\/\/onlinelotto365.com\/lv\/\",\"url\":\"https:\/\/onlinelotto365.com\/lv\/\",\"name\":\"Loto tie\u0161saist\u0113 | Visi pasaules loteriju d\u017eekpoti tie\u0161saist\u0113\",\"isPartOf\":{\"@id\":\"https:\/\/onlinelotto365.com\/lv\/#website\"},\"primaryImageOfPage\":{\"@id\":\"https:\/\/onlinelotto365.com\/lv\/#primaryimage\"},\"image\":{\"@id\":\"https:\/\/onlinelotto365.com\/lv\/#primaryimage\"},\"thumbnailUrl\":\"https:\/\/redfoxlotto.com\/image?size=8&amp;lottery=mega-millions\",\"datePublished\":\"2020-11-30T11:01:06+00:00\",\"dateModified\":\"2023-10-04T08:16:20+00:00\",\"description\":\"Loto tie\u0161saist\u0113 \u2013 bi\u013ce\u0161u serviss dal\u012bbai jebkura starptautiska d\u017eekpota izloz\u0113. Ieg\u016bsti jebkuras pasaules loterijas bi\u013cetes neatkar\u012bgi no savas dz\u012bvesvietas\",\"breadcrumb\":{\"@id\":\"https:\/\/onlinelotto365.com\/lv\/#breadcrumb\"},\"inLanguage\":\"lv-LV\",\"potentialAction\":[{\"@type\":\"ReadAction\",\"target\":[\"https:\/\/onlinelotto365.com\/lv\/\"]}]},{\"@type\":\"ImageObject\",\"inLanguage\":\"lv-LV\",\"@id\":\"https:\/\/onlinelotto365.com\/lv\/#primaryimage\",\"url\":\"https:\/\/redfoxlotto.com\/image?size=8&amp;lottery=mega-millions\",\"contentUrl\":\"https:\/\/redfoxlotto.com\/image?size=8&amp;lottery=mega-millions\"},{\"@type\":\"BreadcrumbList\",\"@id\":\"https:\/\/onlinelotto365.com\/lv\/#breadcrumb\",\"itemListElement\":[{\"@type\":\"ListItem\",\"position\":1,\"name\":\"Home\",\"item\":\"https:\/\/onlinelotto365.com\/lv\/\"},{\"@type\":\"ListItem\",\"position\":2,\"name\":\"Laipni l\u016bdzam OnlineLotto365!\"}]},{\"@type\":\"WebSite\",\"@id\":\"https:\/\/onlinelotto365.com\/lv\/#website\",\"url\":\"https:\/\/onlinelotto365.com\/lv\/\",\"name\":\"OnlineLotto365\",\"description\":\"\",\"potentialAction\":[{\"@type\":\"SearchAction\",\"target\":{\"@type\":\"EntryPoint\",\"urlTemplate\":\"https:\/\/onlinelotto365.com\/lv\/?s={search_term_string}\"},\"query-input\":{\"@type\":\"PropertyValueSpecification\",\"valueRequired\":true,\"valueName\":\"search_term_string\"}}],\"inLanguage\":\"lv-LV\"}]}<\/script>\n<!-- \/ Yoast SEO plugin. -->","yoast_head_json":{"title":"Loto tie\u0161saist\u0113 | Visi pasaules loteriju d\u017eekpoti tie\u0161saist\u0113","description":"Loto tie\u0161saist\u0113 \u2013 bi\u013ce\u0161u serviss dal\u012bbai jebkura starptautiska d\u017eekpota izloz\u0113. Ieg\u016bsti jebkuras pasaules loterijas bi\u013cetes neatkar\u012bgi no savas dz\u012bvesvietas","robots":{"index":"index","follow":"follow","max-snippet":"max-snippet:-1","max-image-preview":"max-image-preview:large","max-video-preview":"max-video-preview:-1"},"canonical":"https:\/\/onlinelotto365.com\/lv\/","og_locale":"lv_LV","og_type":"article","og_title":"Loto tie\u0161saist\u0113 | Visi pasaules loteriju d\u017eekpoti tie\u0161saist\u0113","og_description":"Loto tie\u0161saist\u0113 \u2013 bi\u013ce\u0161u serviss dal\u012bbai jebkura starptautiska d\u017eekpota izloz\u0113. Ieg\u016bsti jebkuras pasaules loterijas bi\u013cetes neatkar\u012bgi no savas dz\u012bvesvietas","og_url":"https:\/\/onlinelotto365.com\/lv\/","og_site_name":"OnlineLotto365","article_modified_time":"2023-10-04T08:16:20+00:00","og_image":[{"url":"https:\/\/redfoxlotto.com\/image?size=8&amp;lottery=mega-millions"}],"twitter_card":"summary_large_image","twitter_misc":{"Est. reading time":"5 minutes"},"schema":{"@context":"https:\/\/schema.org","@graph":[{"@type":"WebPage","@id":"https:\/\/onlinelotto365.com\/lv\/","url":"https:\/\/onlinelotto365.com\/lv\/","name":"Loto tie\u0161saist\u0113 | Visi pasaules loteriju d\u017eekpoti tie\u0161saist\u0113","isPartOf":{"@id":"https:\/\/onlinelotto365.com\/lv\/#website"},"primaryImageOfPage":{"@id":"https:\/\/onlinelotto365.com\/lv\/#primaryimage"},"image":{"@id":"https:\/\/onlinelotto365.com\/lv\/#primaryimage"},"thumbnailUrl":"https:\/\/redfoxlotto.com\/image?size=8&amp;lottery=mega-millions","datePublished":"2020-11-30T11:01:06+00:00","dateModified":"2023-10-04T08:16:20+00:00","description":"Loto tie\u0161saist\u0113 \u2013 bi\u013ce\u0161u serviss dal\u012bbai jebkura starptautiska d\u017eekpota izloz\u0113. Ieg\u016bsti jebkuras pasaules loterijas bi\u013cetes neatkar\u012bgi no savas dz\u012bvesvietas","breadcrumb":{"@id":"https:\/\/onlinelotto365.com\/lv\/#breadcrumb"},"inLanguage":"lv-LV","potentialAction":[{"@type":"ReadAction","target":["https:\/\/onlinelotto365.com\/lv\/"]}]},{"@type":"ImageObject","inLanguage":"lv-LV","@id":"https:\/\/onlinelotto365.com\/lv\/#primaryimage","url":"https:\/\/redfoxlotto.com\/image?size=8&amp;lottery=mega-millions","contentUrl":"https:\/\/redfoxlotto.com\/image?size=8&amp;lottery=mega-millions"},{"@type":"BreadcrumbList","@id":"https:\/\/onlinelotto365.com\/lv\/#breadcrumb","itemListElement":[{"@type":"ListItem","position":1,"name":"Home","item":"https:\/\/onlinelotto365.com\/lv\/"},{"@type":"ListItem","position":2,"name":"Laipni l\u016bdzam OnlineLotto365!"}]},{"@type":"WebSite","@id":"https:\/\/onlinelotto365.com\/lv\/#website","url":"https:\/\/onlinelotto365.com\/lv\/","name":"OnlineLotto365","description":"","potentialAction":[{"@type":"SearchAction","target":{"@type":"EntryPoint","urlTemplate":"https:\/\/onlinelotto365.com\/lv\/?s={search_term_string}"},"query-input":{"@type":"PropertyValueSpecification","valueRequired":true,"valueName":"search_term_string"}}],"inLanguage":"lv-LV"}]}},"_links":{"self":[{"href":"https:\/\/onlinelotto365.com\/lv\/wp-json\/wp\/v2\/pages\/4492","targetHints":{"allow":["GET"]}}],"collection":[{"href":"https:\/\/onlinelotto365.com\/lv\/wp-json\/wp\/v2\/pages"}],"about":[{"href":"https:\/\/onlinelotto365.com\/lv\/wp-json\/wp\/v2\/types\/page"}],"author":[{"embeddable":true,"href":"https:\/\/onlinelotto365.com\/lv\/wp-json\/wp\/v2\/users\/1"}],"replies":[{"embeddable":true,"href":"https:\/\/onlinelotto365.com\/lv\/wp-json\/wp\/v2\/comments?post=4492"}],"version-history":[{"count":0,"href":"https:\/\/onlinelotto365.com\/lv\/wp-json\/wp\/v2\/pages\/4492\/revisions"}],"wp:attachment":[{"href":"https:\/\/onlinelotto365.com\/lv\/wp-json\/wp\/v2\/media?parent=4492"}],"curies":[{"name":"wp","href":"https:\/\/api.w.org\/{rel}","templated":true}]}}