{"id":5025,"date":"2020-12-03T09:20:31","date_gmt":"2020-12-03T08:20:31","guid":{"rendered":"http:\/\/onlinelotto365.net\/?page_id=5025"},"modified":"2022-11-08T11:47:10","modified_gmt":"2022-11-08T10:47:10","slug":"spelet","status":"publish","type":"page","link":"https:\/\/onlinelotto365.com\/lv\/spelet\/","title":{"rendered":"Viss, kas jums j\u0101zina par iesp\u0113j\u0101m sp\u0113l\u0113t lab\u0101k\u0101s loterijas tie\u0161saist\u0113"},"content":{"rendered":"<p>Vai v\u0113laties s\u0101kt sp\u0113l\u0113t loteriju? Ja tas t\u0101 ir, tad noteikti v\u0113laties p\u0101rbaud\u012bt tie\u0161saistes iesp\u0113jas. Visas liel\u0101s loto sp\u0113les no jebkuras vietas pasaul\u0113 ir pieejamas tie\u0161saist\u0113. Jums tikai j\u0101zina, kur mekl\u0113t un k\u0101 s\u0101kt. Par laimi, tas ir \u013coti vienk\u0101r\u0161i izdar\u0101ms. Jums tikai j\u0101atz\u012bm\u0113 m\u016bsu t\u012bmek\u013ca vietne un j\u0101atgrie\u017eas, lai sa\u0146emtu atjaunin\u0101tu inform\u0101ciju. J\u016bs atrad\u012bsiet daudz iesp\u0113ju sp\u0113l\u0113t katru no redzamaj\u0101m loterijas sp\u0113l\u0113m jebkur\u0101 no sarakst\u0101 min\u0113taj\u0101m valst\u012bm.<\/p>\n<p>Tie\u0161saistes iesp\u0113jas ir lieliskas ar to, ka t\u0101s \u013cauj sp\u0113l\u0113t sp\u0113les, kas atrodas vis\u0101 pasaul\u0113. J\u016bs vairs neaprobe\u017eosieties tikai ar t\u0101m sp\u0113l\u0113m, kuras varat sp\u0113l\u0113t viet\u0113j\u0101 veikal\u0101. T\u0101 viet\u0101 j\u016bs var\u0113siet p\u0101rbaud\u012bt, k\u0101 sp\u0113les tiek sp\u0113l\u0113tas da\u017e\u0101d\u0101s valst\u012bs, un var\u0113siet izm\u0113\u0123in\u0101t savu veiksmi taj\u0101s.<\/p>\n<p><a href=\"https:\/\/redfoxlotto.com\/play\/mega-millions\/?ref=a8564250a2&amp;medium=ol365\" target=\"_blank\" rel=\"noopener noreferrer\"><img loading=\"lazy\" decoding=\"async\" class=\"aligncenter\" src=\"https:\/\/redfoxlotto.com\/image?size=7&amp;lottery=mega-millions\" alt=\"play mega millions\" width=\"841\" height=\"108\" \/><\/a><\/p>\n<h2>Sp\u0113l\u0113jot loteriju tie\u0161saist\u0113, jums ir pla\u0161\u0101kas izv\u0113les iesp\u0113jas.<\/h2>\n<p>Vislab\u0101kais loterijas sp\u0113l\u0113\u0161anas tie\u0161saist\u0113 aspekts ir tas, ka jebkur\u0101 br\u012bd\u012b jums b\u016bs pieejams liels d\u017eekpots, ko vinn\u0113t. Ja j\u016bs aprobe\u017eosieties tikai ar viet\u0113j\u0101s loterijas sp\u0113l\u0113\u0161anu, jums var n\u0101kties ilgi gaid\u012bt, l\u012bdz d\u017eekpots pieaugs l\u012bdz t\u0101dam l\u012bmenim, lai b\u016btu lietder\u012bgi ieguld\u012bt naudu bi\u013cet\u0113s.<\/p>\n<p>Ir skaidrs, ka d\u017eekpota lielums ir svar\u012bgs j\u016bsu l\u0113muma pie\u0146em\u0161anai. Liel\u0101ks laimests noz\u012bm\u0113, ka j\u016bsu matem\u0101tisk\u0101 laimestu prognoze ir liel\u0101ka. T\u0101p\u0113c liel\u0101k\u0101 da\u013ca m\u016bsu klientu izt\u0113r\u0113 savu loterijas naudu par to d\u017eekpotu, kas \u0161obr\u012bd ir visaugst\u0101kais.<\/p>\n<h2>K\u0101 darbojas tie\u0161saistes loto pakalpojums?<\/h2>\n<p>Vis\u0101tr\u0101kais veids, k\u0101 s\u0101kt sp\u0113l\u0113t loteriju tie\u0161saist\u0113, ir noklik\u0161\u0137in\u0101t uz vienas no loterijas pog\u0101m vai baneriem un izv\u0113l\u0113ties skait\u013cus, lai izveidotu bi\u013ceti. Ja v\u0113laties, varat sp\u0113l\u0113t vair\u0101k nek\u0101 vienu loteriju. Vienk\u0101r\u0161i pievienojiet groz\u0101 tik bi\u013ce\u0161u, cik v\u0113laties. P\u0113c tam noklik\u0161\u0137iniet, lai izrakst\u012btos un samaks\u0101tu. Jums ir j\u0101izveido m\u016bsu konts. Neaizmirstiet verific\u0113t savu kontu &#8211; mekl\u0113jiet verifik\u0101cijas e-pastu sav\u0101 pastkast\u012bt\u0113. Ja e-pasta tur nav, j\u016bs to atrad\u012bsiet map\u0113 ar nezin\u0101miem s\u016bt\u012bt\u0101jiem vai, iesp\u0113jams, surog\u0101tpasta kast\u012bt\u0113.<\/p>\n<h2>Vai es varu sp\u0113l\u0113t no savas dz\u012bvesvietas valsts?<\/h2>\n<p>J\u016bsu dz\u012bvesvietai patie\u0161\u0101m nav noz\u012bmes. Loto sp\u0113l\u0113\u0161ana tie\u0161saist\u0113 ir iesp\u0113jama (gandr\u012bz) no jebkuras vietas. Vien\u012bgie iz\u0146\u0113mumi ir t\u0101di, ka m\u0113s nevaram pie\u0146emt klientus no ASV un N\u012bderlandes.<\/p>\n<h2>K\u0101 es varu sa\u0146emt savu laimestu?<\/h2>\n<p>M\u016bsu loterijas bi\u013ce\u0161u pakalpojums ietver m\u016bsu pal\u012bdz\u012bbu, kad runa ir par laimestu sa\u0146em\u0161anu. \u0160im nol\u016bkam ir divas da\u017e\u0101das proced\u016bras:<\/p>\n<ul>\n<li>Vinnesti, kas ir maz\u0101ki par \u20ac2500: laim\u0113t\u0101 summa tiks ieskait\u012bta j\u016bsu lietot\u0101ja bilanc\u0113 m\u016bsu t\u012bmek\u013ca vietn\u0113. No turienes j\u016bs varat sa\u0146emt naudu, piem\u0113ram, uz savu kred\u012btkarti vai bankas kontu.<\/li>\n<li>Liel\u0101ki nek\u0101 2500 \u20ac laimesti: liel\u0101kas summas izmaks\u0101s tie\u0161i loterija. M\u0113s jums izsniegsim veidlapu, kas jums b\u016bs j\u0101aizpilda un j\u0101nos\u016bta atpaka\u013c mums. Veidlap\u0101 ir nor\u0101d\u012bjumi par izmaksu, kas var b\u016bt vai nu bankas p\u0101rskait\u012bjums, vai \u010deks. Tas viss notiks tie\u0161saist\u0113. M\u0113s nos\u016bt\u012bsim veidlapu loterijai, un t\u0101 p\u0101rskait\u012bs naudu uz j\u016bsu bankas kontu vai nos\u016bt\u012bs jums \u010deku &#8211; p\u0113c j\u016bsu izv\u0113les.<\/li>\n<\/ul>\n","protected":false},"excerpt":{"rendered":"<p>Vai v\u0113laties s\u0101kt sp\u0113l\u0113t loteriju? Ja tas t\u0101 ir, tad noteikti v\u0113laties p\u0101rbaud\u012bt tie\u0161saistes iesp\u0113jas. Visas liel\u0101s loto sp\u0113les no jebkuras vietas pasaul\u0113 ir pieejamas tie\u0161saist\u0113. Jums tikai j\u0101zina, kur mekl\u0113t un k\u0101 s\u0101kt. Par laimi, tas ir \u013coti vienk\u0101r\u0161i izdar\u0101ms. Jums tikai j\u0101atz\u012bm\u0113 m\u016bsu t\u012bmek\u013ca vietne un j\u0101atgrie\u017eas, lai sa\u0146emtu atjaunin\u0101tu inform\u0101ciju. J\u016bs atrad\u012bsiet [&hellip;]<\/p>\n","protected":false},"author":1,"featured_media":0,"parent":0,"menu_order":2,"comment_status":"closed","ping_status":"closed","template":"Play-all.php","meta":{"_et_pb_use_builder":"","_et_pb_old_content":"","_et_gb_content_width":"","exclude_from_search":false,"footnotes":""},"class_list":["post-5025","page","type-page","status-publish","hentry"],"yoast_head":"<!-- This site is optimized with the Yoast SEO plugin v23.4 - https:\/\/yoast.com\/wordpress\/plugins\/seo\/ -->\n<title>Play Lotto Online - vair\u0101k d\u017eekpotu loteriju faniem no visas pasaules<\/title>\n<meta name=\"description\" content=\"M\u0113s atvieglojam jums iesp\u0113ju sp\u0113l\u0113t \u0101rvalstu loterijas tie\u0161saist\u0113 - visi lielie d\u017eekpoti ir \u0161eit.\" \/>\n<meta name=\"robots\" content=\"index, follow, max-snippet:-1, max-image-preview:large, max-video-preview:-1\" \/>\n<link rel=\"canonical\" href=\"https:\/\/onlinelotto365.com\/lv\/spelet\/\" \/>\n<meta property=\"og:locale\" content=\"lv_LV\" \/>\n<meta property=\"og:type\" content=\"article\" \/>\n<meta property=\"og:title\" content=\"Play Lotto Online - vair\u0101k d\u017eekpotu loteriju faniem no visas pasaules\" \/>\n<meta property=\"og:description\" content=\"M\u0113s atvieglojam jums iesp\u0113ju sp\u0113l\u0113t \u0101rvalstu loterijas tie\u0161saist\u0113 - visi lielie d\u017eekpoti ir \u0161eit.\" \/>\n<meta property=\"og:url\" content=\"https:\/\/onlinelotto365.com\/lv\/spelet\/\" \/>\n<meta property=\"og:site_name\" content=\"OnlineLotto365\" \/>\n<meta property=\"article:modified_time\" content=\"2022-11-08T10:47:10+00:00\" \/>\n<meta property=\"og:image\" content=\"https:\/\/redfoxlotto.com\/image?size=7&amp;lottery=mega-millions\" \/>\n<meta name=\"twitter:card\" content=\"summary_large_image\" \/>\n<meta name=\"twitter:label1\" content=\"Est. reading time\" \/>\n\t<meta name=\"twitter:data1\" content=\"3 minutes\" \/>\n<script type=\"application\/ld+json\" class=\"yoast-schema-graph\">{\"@context\":\"https:\/\/schema.org\",\"@graph\":[{\"@type\":\"WebPage\",\"@id\":\"https:\/\/onlinelotto365.com\/lv\/spelet\/\",\"url\":\"https:\/\/onlinelotto365.com\/lv\/spelet\/\",\"name\":\"Play Lotto Online - vair\u0101k d\u017eekpotu loteriju faniem no visas pasaules\",\"isPartOf\":{\"@id\":\"https:\/\/onlinelotto365.com\/lv\/#website\"},\"primaryImageOfPage\":{\"@id\":\"https:\/\/onlinelotto365.com\/lv\/spelet\/#primaryimage\"},\"image\":{\"@id\":\"https:\/\/onlinelotto365.com\/lv\/spelet\/#primaryimage\"},\"thumbnailUrl\":\"https:\/\/redfoxlotto.com\/image?size=7&amp;lottery=mega-millions\",\"datePublished\":\"2020-12-03T08:20:31+00:00\",\"dateModified\":\"2022-11-08T10:47:10+00:00\",\"description\":\"M\u0113s atvieglojam jums iesp\u0113ju sp\u0113l\u0113t \u0101rvalstu loterijas tie\u0161saist\u0113 - visi lielie d\u017eekpoti ir \u0161eit.\",\"breadcrumb\":{\"@id\":\"https:\/\/onlinelotto365.com\/lv\/spelet\/#breadcrumb\"},\"inLanguage\":\"lv-LV\",\"potentialAction\":[{\"@type\":\"ReadAction\",\"target\":[\"https:\/\/onlinelotto365.com\/lv\/spelet\/\"]}]},{\"@type\":\"ImageObject\",\"inLanguage\":\"lv-LV\",\"@id\":\"https:\/\/onlinelotto365.com\/lv\/spelet\/#primaryimage\",\"url\":\"https:\/\/redfoxlotto.com\/image?size=7&amp;lottery=mega-millions\",\"contentUrl\":\"https:\/\/redfoxlotto.com\/image?size=7&amp;lottery=mega-millions\"},{\"@type\":\"BreadcrumbList\",\"@id\":\"https:\/\/onlinelotto365.com\/lv\/spelet\/#breadcrumb\",\"itemListElement\":[{\"@type\":\"ListItem\",\"position\":1,\"name\":\"Home\",\"item\":\"https:\/\/onlinelotto365.com\/lv\/\"},{\"@type\":\"ListItem\",\"position\":2,\"name\":\"Viss, kas jums j\u0101zina par iesp\u0113j\u0101m sp\u0113l\u0113t lab\u0101k\u0101s loterijas tie\u0161saist\u0113\"}]},{\"@type\":\"WebSite\",\"@id\":\"https:\/\/onlinelotto365.com\/lv\/#website\",\"url\":\"https:\/\/onlinelotto365.com\/lv\/\",\"name\":\"OnlineLotto365\",\"description\":\"\",\"potentialAction\":[{\"@type\":\"SearchAction\",\"target\":{\"@type\":\"EntryPoint\",\"urlTemplate\":\"https:\/\/onlinelotto365.com\/lv\/?s={search_term_string}\"},\"query-input\":{\"@type\":\"PropertyValueSpecification\",\"valueRequired\":true,\"valueName\":\"search_term_string\"}}],\"inLanguage\":\"lv-LV\"}]}<\/script>\n<!-- \/ Yoast SEO plugin. -->","yoast_head_json":{"title":"Play Lotto Online - vair\u0101k d\u017eekpotu loteriju faniem no visas pasaules","description":"M\u0113s atvieglojam jums iesp\u0113ju sp\u0113l\u0113t \u0101rvalstu loterijas tie\u0161saist\u0113 - visi lielie d\u017eekpoti ir \u0161eit.","robots":{"index":"index","follow":"follow","max-snippet":"max-snippet:-1","max-image-preview":"max-image-preview:large","max-video-preview":"max-video-preview:-1"},"canonical":"https:\/\/onlinelotto365.com\/lv\/spelet\/","og_locale":"lv_LV","og_type":"article","og_title":"Play Lotto Online - vair\u0101k d\u017eekpotu loteriju faniem no visas pasaules","og_description":"M\u0113s atvieglojam jums iesp\u0113ju sp\u0113l\u0113t \u0101rvalstu loterijas tie\u0161saist\u0113 - visi lielie d\u017eekpoti ir \u0161eit.","og_url":"https:\/\/onlinelotto365.com\/lv\/spelet\/","og_site_name":"OnlineLotto365","article_modified_time":"2022-11-08T10:47:10+00:00","og_image":[{"url":"https:\/\/redfoxlotto.com\/image?size=7&amp;lottery=mega-millions"}],"twitter_card":"summary_large_image","twitter_misc":{"Est. reading time":"3 minutes"},"schema":{"@context":"https:\/\/schema.org","@graph":[{"@type":"WebPage","@id":"https:\/\/onlinelotto365.com\/lv\/spelet\/","url":"https:\/\/onlinelotto365.com\/lv\/spelet\/","name":"Play Lotto Online - vair\u0101k d\u017eekpotu loteriju faniem no visas pasaules","isPartOf":{"@id":"https:\/\/onlinelotto365.com\/lv\/#website"},"primaryImageOfPage":{"@id":"https:\/\/onlinelotto365.com\/lv\/spelet\/#primaryimage"},"image":{"@id":"https:\/\/onlinelotto365.com\/lv\/spelet\/#primaryimage"},"thumbnailUrl":"https:\/\/redfoxlotto.com\/image?size=7&amp;lottery=mega-millions","datePublished":"2020-12-03T08:20:31+00:00","dateModified":"2022-11-08T10:47:10+00:00","description":"M\u0113s atvieglojam jums iesp\u0113ju sp\u0113l\u0113t \u0101rvalstu loterijas tie\u0161saist\u0113 - visi lielie d\u017eekpoti ir \u0161eit.","breadcrumb":{"@id":"https:\/\/onlinelotto365.com\/lv\/spelet\/#breadcrumb"},"inLanguage":"lv-LV","potentialAction":[{"@type":"ReadAction","target":["https:\/\/onlinelotto365.com\/lv\/spelet\/"]}]},{"@type":"ImageObject","inLanguage":"lv-LV","@id":"https:\/\/onlinelotto365.com\/lv\/spelet\/#primaryimage","url":"https:\/\/redfoxlotto.com\/image?size=7&amp;lottery=mega-millions","contentUrl":"https:\/\/redfoxlotto.com\/image?size=7&amp;lottery=mega-millions"},{"@type":"BreadcrumbList","@id":"https:\/\/onlinelotto365.com\/lv\/spelet\/#breadcrumb","itemListElement":[{"@type":"ListItem","position":1,"name":"Home","item":"https:\/\/onlinelotto365.com\/lv\/"},{"@type":"ListItem","position":2,"name":"Viss, kas jums j\u0101zina par iesp\u0113j\u0101m sp\u0113l\u0113t lab\u0101k\u0101s loterijas tie\u0161saist\u0113"}]},{"@type":"WebSite","@id":"https:\/\/onlinelotto365.com\/lv\/#website","url":"https:\/\/onlinelotto365.com\/lv\/","name":"OnlineLotto365","description":"","potentialAction":[{"@type":"SearchAction","target":{"@type":"EntryPoint","urlTemplate":"https:\/\/onlinelotto365.com\/lv\/?s={search_term_string}"},"query-input":{"@type":"PropertyValueSpecification","valueRequired":true,"valueName":"search_term_string"}}],"inLanguage":"lv-LV"}]}},"_links":{"self":[{"href":"https:\/\/onlinelotto365.com\/lv\/wp-json\/wp\/v2\/pages\/5025","targetHints":{"allow":["GET"]}}],"collection":[{"href":"https:\/\/onlinelotto365.com\/lv\/wp-json\/wp\/v2\/pages"}],"about":[{"href":"https:\/\/onlinelotto365.com\/lv\/wp-json\/wp\/v2\/types\/page"}],"author":[{"embeddable":true,"href":"https:\/\/onlinelotto365.com\/lv\/wp-json\/wp\/v2\/users\/1"}],"replies":[{"embeddable":true,"href":"https:\/\/onlinelotto365.com\/lv\/wp-json\/wp\/v2\/comments?post=5025"}],"version-history":[{"count":0,"href":"https:\/\/onlinelotto365.com\/lv\/wp-json\/wp\/v2\/pages\/5025\/revisions"}],"wp:attachment":[{"href":"https:\/\/onlinelotto365.com\/lv\/wp-json\/wp\/v2\/media?parent=5025"}],"curies":[{"name":"wp","href":"https:\/\/api.w.org\/{rel}","templated":true}]}}