{"id":5646,"date":"2020-12-04T18:09:15","date_gmt":"2020-12-04T17:09:15","guid":{"rendered":"http:\/\/onlinelotto365.net\/?page_id=5646"},"modified":"2021-03-10T11:46:18","modified_gmt":"2021-03-10T10:46:18","slug":"pirkt-biletes","status":"publish","type":"page","link":"https:\/\/onlinelotto365.com\/lv\/pirkt-biletes\/","title":{"rendered":"K\u0101p\u0113c pirkt loterijas bi\u013cetes internet\u0101 ir lo\u0123isk\u0101k"},"content":{"rendered":"<p>Iepirkties internet\u0101 liel\u0101kaj\u0101 da\u013c\u0101 gad\u012bjumu ir daudz \u0113rt\u0101k. Tas attiecas ar\u012b uz loterijas bi\u013ce\u0161u ieg\u0101di. Nav nepiecie\u0161ams iziet no m\u0101jas, t\u0113r\u0113t naudu transportam un st\u0101v\u0113t rind\u0101 pie loterijas bi\u013ce\u0161u tirdzniec\u012bbas punkta.<\/p>\n<p>Tom\u0113r v\u0113l svar\u012bg\u0101k ir tas, ka \u0161\u0101di tev vairs neb\u016bs j\u0101aprobe\u017eojas tikai ar viet\u0113j\u0101m loterij\u0101m. Pateicoties m\u016bsu servisam, tagad tav\u0101 r\u012bc\u012bb\u0101 internet\u0101 ir visda\u017e\u0101d\u0101kie d\u017eekpoti un loterijas no t\u0101lt\u0101l\u0101m zem\u0113m. Tev nav j\u0101samierin\u0101s ar maziem d\u017eekpotiem! Turkl\u0101t vairs neb\u016bs j\u0101gaida, kam\u0113r galvenie laimesti viet\u0113j\u0101s loterij\u0101s sasniegs pietiekami lielas summas.<br \/>\n<a href=\"https:\/\/redfoxlotto.com\/?ref=a8564250a2&amp;medium=ol365\" target=\"_blank\" rel=\"noopener noreferrer\"><img loading=\"lazy\" decoding=\"async\" class=\"aligncenter\" src=\"https:\/\/redfoxlotto.com\/image?size=8&amp;lottery=euromillions\" alt=\"Euromillions\" width=\"720\" height=\"90\" \/><\/a><br \/>\nT\u0101das loterijas k\u0101 Mega Millions, Powerball, Euromillions, Eurojackpot un Superenalotto (tikai da\u017ei piem\u0113ri) ir daudz pievilc\u012bg\u0101kas nek\u0101 laimesti da\u017e\u0101du citu pasaules valstu nacion\u0101laj\u0101s loterij\u0101s caurm\u0113r\u0101. P\u0113rc bi\u013cetes internet\u0101 vien\u0101 vai vair\u0101k\u0101s loterij\u0101s, piedalies vien\u0101 vai vair\u0101k\u0101s izloz\u0113s \u2013 \u0161eit ir iesp\u0113jams it viss! Turkl\u0101t \u0161is ir piln\u012bgi likum\u012bgs serviss \u2013 b\u016bt\u012bb\u0101 to var nod\u0113v\u0113t par loterijas bi\u013ce\u0161u kurjerpakalpojumu.<\/p>\n<h2>K\u0101 notiek loterijas bi\u013ce\u0161u ieg\u0101de?<\/h2>\n<p><img loading=\"lazy\" decoding=\"async\" class=\" wp-image-729 alignright\" src=\"https:\/\/onlinelotto365.com\/wp-content\/uploads\/2020\/11\/online_lottery-52-300x169.jpg\" alt=\"pirkt loterijas bi\u013cetes internet\u0101\" width=\"254\" height=\"143\" \/><\/p>\n<p>M\u0113s esam centu\u0161ies \u0161o procesu padar\u012bt p\u0113c iesp\u0113jas vienk\u0101r\u0161\u0101ku un \u0101tr\u0101ku. M\u016bsu platforma pal\u012bdz\u0113s tev veikt visas darb\u012bbas, kas nepiecie\u0161amas, lai ieg\u0101d\u0101tos bi\u013cetes, re\u0123istr\u0113tu klienta kontu un, visbeidzot, veiktu apmaksu tie\u0161saist\u0113. Ja tev rodas jaut\u0101jumi, iesak\u0101m vispirms apl\u016bkot m\u016bsu BUJ sada\u013cu. Izlasot taj\u0101 apkopoto inform\u0101ciju, g\u016bsi atbildes uz visiem izplat\u012bt\u0101kajiem jaut\u0101jumiem. Ja tev tik un t\u0101 ir kas neskaidrs, vari sazin\u0101ties ar m\u016bsu klientu atbalsta komandu. Uz taviem jaut\u0101jumiem tiks atbild\u0113ts 24 stundu laik\u0101.<\/p>\n<h2>Noskaidro rezult\u0101tus \u0113rt\u0101k\u0101 veid\u0101<\/h2>\n<p>P\u0113rkot bi\u013ceti internet\u0101, v\u0113l\u0101k b\u016bs viegl\u0101k noskaidrot ar\u012b izlozes rezult\u0101tus. Atliek vien atkal iegriezties m\u016bsu t\u012bmek\u013ca vietn\u0113, ien\u0101kt sav\u0101 kont\u0101 un apl\u016bkot aktu\u0101l\u0101s bi\u013cetes. Laim\u012bgie skait\u013ci b\u016bs izcelti, un izlozes rezult\u0101ti tiks par\u0101d\u012bti tie\u0161i blakus tavai bi\u013cetei. T\u0101pat m\u0113s tevi inform\u0113sim par tava laimesta summu.<\/p>\n<p>Pie mums atrad\u012bsi ar\u012b iepriek\u0161\u0113jo izlo\u017eu rezult\u0101tu arh\u012bvu. Daudzi m\u016bsu sp\u0113l\u0113t\u0101ji vispirms labpr\u0101t noskaidro iepriek\u0161\u0113jos rezult\u0101tus un p\u0113c tam izv\u0113las skait\u013cus savai bi\u013cetei, pamatojoties uz agr\u0101k izkritu\u0161ajiem laim\u012bgajiem skait\u013ciem.<\/p>\n<h2>Loterijas bi\u013ce\u0161u ieg\u0101de un apmaksa visdro\u0161\u0101kaj\u0101 veid\u0101<\/h2>\n<p>Tev nav j\u0101raiz\u0113jas par maks\u0101jumu inform\u0101cijas (piem\u0113ram, kar\u0161u datu, bankas kontu numuru utt.) dro\u0161\u012bbu. Apmaksas proces\u0101 m\u0113s izmantojam visjaun\u0101ko un visdro\u0161\u0101ko \u0161ifr\u0113\u0161anas tehnolo\u0123iju. T\u0101pat pied\u0101v\u0101jam vair\u0101kas apmaksas iesp\u0113jas. Vispopul\u0101r\u0101k\u0101 no t\u0101m ir nor\u0113\u0137in\u0101\u0161an\u0101s ar maks\u0101jumu karti, ta\u010du bi\u013ce\u0161u ieg\u0101dei vari izmantot ar\u012b Bitcoin, bankas p\u0101rskait\u012bjumu (no atsevi\u0161\u0137\u0101m valst\u012bm), k\u0101 ar\u012b da\u017e\u0101das citas iesp\u0113jas.<\/p>\n","protected":false},"excerpt":{"rendered":"<p>Iepirkties internet\u0101 liel\u0101kaj\u0101 da\u013c\u0101 gad\u012bjumu ir daudz \u0113rt\u0101k. Tas attiecas ar\u012b uz loterijas bi\u013ce\u0161u ieg\u0101di. Nav nepiecie\u0161ams iziet no m\u0101jas, t\u0113r\u0113t naudu transportam un st\u0101v\u0113t rind\u0101 pie loterijas bi\u013ce\u0161u tirdzniec\u012bbas punkta. Tom\u0113r v\u0113l svar\u012bg\u0101k ir tas, ka \u0161\u0101di tev vairs neb\u016bs j\u0101aprobe\u017eojas tikai ar viet\u0113j\u0101m loterij\u0101m. Pateicoties m\u016bsu servisam, tagad tav\u0101 r\u012bc\u012bb\u0101 internet\u0101 ir visda\u017e\u0101d\u0101kie [&hellip;]<\/p>\n","protected":false},"author":1,"featured_media":0,"parent":0,"menu_order":3,"comment_status":"closed","ping_status":"closed","template":"Information.php","meta":{"_et_pb_use_builder":"","_et_pb_old_content":"","_et_gb_content_width":"","exclude_from_search":false,"footnotes":""},"class_list":["post-5646","page","type-page","status-publish","hentry"],"yoast_head":"<!-- This site is optimized with the Yoast SEO plugin v23.4 - https:\/\/yoast.com\/wordpress\/plugins\/seo\/ -->\n<title>P\u0113rc loterijas bi\u013cetes internet\u0101 un piedalies plan\u0113tas liel\u0101ko d\u017eekpotu izloz\u0113s<\/title>\n<meta name=\"description\" content=\"Vai tu joproj\u0101m p\u0113rc loterijas bi\u013cetes uz viet\u0113j\u0101m izloz\u0113m? Pasaul\u0113 ir citi, daudz lab\u0101ki d\u017eekpoti \u2013 vienk\u0101r\u0161i p\u0113rc bi\u013cetes internet\u0101!\" \/>\n<meta name=\"robots\" content=\"index, follow, max-snippet:-1, max-image-preview:large, max-video-preview:-1\" \/>\n<link rel=\"canonical\" href=\"https:\/\/onlinelotto365.com\/lv\/pirkt-biletes\/\" \/>\n<meta property=\"og:locale\" content=\"lv_LV\" \/>\n<meta property=\"og:type\" content=\"article\" \/>\n<meta property=\"og:title\" content=\"P\u0113rc loterijas bi\u013cetes internet\u0101 un piedalies plan\u0113tas liel\u0101ko d\u017eekpotu izloz\u0113s\" \/>\n<meta property=\"og:description\" content=\"Vai tu joproj\u0101m p\u0113rc loterijas bi\u013cetes uz viet\u0113j\u0101m izloz\u0113m? Pasaul\u0113 ir citi, daudz lab\u0101ki d\u017eekpoti \u2013 vienk\u0101r\u0161i p\u0113rc bi\u013cetes internet\u0101!\" \/>\n<meta property=\"og:url\" content=\"https:\/\/onlinelotto365.com\/lv\/pirkt-biletes\/\" \/>\n<meta property=\"og:site_name\" content=\"OnlineLotto365\" \/>\n<meta property=\"article:modified_time\" content=\"2021-03-10T10:46:18+00:00\" \/>\n<meta property=\"og:image\" content=\"https:\/\/redfoxlotto.com\/image?size=8&amp;lottery=euromillions\" \/>\n<meta name=\"twitter:card\" content=\"summary_large_image\" \/>\n<meta name=\"twitter:label1\" content=\"Est. reading time\" \/>\n\t<meta name=\"twitter:data1\" content=\"2 minutes\" \/>\n<script type=\"application\/ld+json\" class=\"yoast-schema-graph\">{\"@context\":\"https:\/\/schema.org\",\"@graph\":[{\"@type\":\"WebPage\",\"@id\":\"https:\/\/onlinelotto365.com\/lv\/pirkt-biletes\/\",\"url\":\"https:\/\/onlinelotto365.com\/lv\/pirkt-biletes\/\",\"name\":\"P\u0113rc loterijas bi\u013cetes internet\u0101 un piedalies plan\u0113tas liel\u0101ko d\u017eekpotu izloz\u0113s\",\"isPartOf\":{\"@id\":\"https:\/\/onlinelotto365.com\/lv\/#website\"},\"primaryImageOfPage\":{\"@id\":\"https:\/\/onlinelotto365.com\/lv\/pirkt-biletes\/#primaryimage\"},\"image\":{\"@id\":\"https:\/\/onlinelotto365.com\/lv\/pirkt-biletes\/#primaryimage\"},\"thumbnailUrl\":\"https:\/\/redfoxlotto.com\/image?size=8&amp;lottery=euromillions\",\"datePublished\":\"2020-12-04T17:09:15+00:00\",\"dateModified\":\"2021-03-10T10:46:18+00:00\",\"description\":\"Vai tu joproj\u0101m p\u0113rc loterijas bi\u013cetes uz viet\u0113j\u0101m izloz\u0113m? Pasaul\u0113 ir citi, daudz lab\u0101ki d\u017eekpoti \u2013 vienk\u0101r\u0161i p\u0113rc bi\u013cetes internet\u0101!\",\"breadcrumb\":{\"@id\":\"https:\/\/onlinelotto365.com\/lv\/pirkt-biletes\/#breadcrumb\"},\"inLanguage\":\"lv-LV\",\"potentialAction\":[{\"@type\":\"ReadAction\",\"target\":[\"https:\/\/onlinelotto365.com\/lv\/pirkt-biletes\/\"]}]},{\"@type\":\"ImageObject\",\"inLanguage\":\"lv-LV\",\"@id\":\"https:\/\/onlinelotto365.com\/lv\/pirkt-biletes\/#primaryimage\",\"url\":\"https:\/\/redfoxlotto.com\/image?size=8&amp;lottery=euromillions\",\"contentUrl\":\"https:\/\/redfoxlotto.com\/image?size=8&amp;lottery=euromillions\"},{\"@type\":\"BreadcrumbList\",\"@id\":\"https:\/\/onlinelotto365.com\/lv\/pirkt-biletes\/#breadcrumb\",\"itemListElement\":[{\"@type\":\"ListItem\",\"position\":1,\"name\":\"Home\",\"item\":\"https:\/\/onlinelotto365.com\/lv\/\"},{\"@type\":\"ListItem\",\"position\":2,\"name\":\"K\u0101p\u0113c pirkt loterijas bi\u013cetes internet\u0101 ir lo\u0123isk\u0101k\"}]},{\"@type\":\"WebSite\",\"@id\":\"https:\/\/onlinelotto365.com\/lv\/#website\",\"url\":\"https:\/\/onlinelotto365.com\/lv\/\",\"name\":\"OnlineLotto365\",\"description\":\"\",\"potentialAction\":[{\"@type\":\"SearchAction\",\"target\":{\"@type\":\"EntryPoint\",\"urlTemplate\":\"https:\/\/onlinelotto365.com\/lv\/?s={search_term_string}\"},\"query-input\":{\"@type\":\"PropertyValueSpecification\",\"valueRequired\":true,\"valueName\":\"search_term_string\"}}],\"inLanguage\":\"lv-LV\"}]}<\/script>\n<!-- \/ Yoast SEO plugin. -->","yoast_head_json":{"title":"P\u0113rc loterijas bi\u013cetes internet\u0101 un piedalies plan\u0113tas liel\u0101ko d\u017eekpotu izloz\u0113s","description":"Vai tu joproj\u0101m p\u0113rc loterijas bi\u013cetes uz viet\u0113j\u0101m izloz\u0113m? Pasaul\u0113 ir citi, daudz lab\u0101ki d\u017eekpoti \u2013 vienk\u0101r\u0161i p\u0113rc bi\u013cetes internet\u0101!","robots":{"index":"index","follow":"follow","max-snippet":"max-snippet:-1","max-image-preview":"max-image-preview:large","max-video-preview":"max-video-preview:-1"},"canonical":"https:\/\/onlinelotto365.com\/lv\/pirkt-biletes\/","og_locale":"lv_LV","og_type":"article","og_title":"P\u0113rc loterijas bi\u013cetes internet\u0101 un piedalies plan\u0113tas liel\u0101ko d\u017eekpotu izloz\u0113s","og_description":"Vai tu joproj\u0101m p\u0113rc loterijas bi\u013cetes uz viet\u0113j\u0101m izloz\u0113m? Pasaul\u0113 ir citi, daudz lab\u0101ki d\u017eekpoti \u2013 vienk\u0101r\u0161i p\u0113rc bi\u013cetes internet\u0101!","og_url":"https:\/\/onlinelotto365.com\/lv\/pirkt-biletes\/","og_site_name":"OnlineLotto365","article_modified_time":"2021-03-10T10:46:18+00:00","og_image":[{"url":"https:\/\/redfoxlotto.com\/image?size=8&amp;lottery=euromillions"}],"twitter_card":"summary_large_image","twitter_misc":{"Est. reading time":"2 minutes"},"schema":{"@context":"https:\/\/schema.org","@graph":[{"@type":"WebPage","@id":"https:\/\/onlinelotto365.com\/lv\/pirkt-biletes\/","url":"https:\/\/onlinelotto365.com\/lv\/pirkt-biletes\/","name":"P\u0113rc loterijas bi\u013cetes internet\u0101 un piedalies plan\u0113tas liel\u0101ko d\u017eekpotu izloz\u0113s","isPartOf":{"@id":"https:\/\/onlinelotto365.com\/lv\/#website"},"primaryImageOfPage":{"@id":"https:\/\/onlinelotto365.com\/lv\/pirkt-biletes\/#primaryimage"},"image":{"@id":"https:\/\/onlinelotto365.com\/lv\/pirkt-biletes\/#primaryimage"},"thumbnailUrl":"https:\/\/redfoxlotto.com\/image?size=8&amp;lottery=euromillions","datePublished":"2020-12-04T17:09:15+00:00","dateModified":"2021-03-10T10:46:18+00:00","description":"Vai tu joproj\u0101m p\u0113rc loterijas bi\u013cetes uz viet\u0113j\u0101m izloz\u0113m? Pasaul\u0113 ir citi, daudz lab\u0101ki d\u017eekpoti \u2013 vienk\u0101r\u0161i p\u0113rc bi\u013cetes internet\u0101!","breadcrumb":{"@id":"https:\/\/onlinelotto365.com\/lv\/pirkt-biletes\/#breadcrumb"},"inLanguage":"lv-LV","potentialAction":[{"@type":"ReadAction","target":["https:\/\/onlinelotto365.com\/lv\/pirkt-biletes\/"]}]},{"@type":"ImageObject","inLanguage":"lv-LV","@id":"https:\/\/onlinelotto365.com\/lv\/pirkt-biletes\/#primaryimage","url":"https:\/\/redfoxlotto.com\/image?size=8&amp;lottery=euromillions","contentUrl":"https:\/\/redfoxlotto.com\/image?size=8&amp;lottery=euromillions"},{"@type":"BreadcrumbList","@id":"https:\/\/onlinelotto365.com\/lv\/pirkt-biletes\/#breadcrumb","itemListElement":[{"@type":"ListItem","position":1,"name":"Home","item":"https:\/\/onlinelotto365.com\/lv\/"},{"@type":"ListItem","position":2,"name":"K\u0101p\u0113c pirkt loterijas bi\u013cetes internet\u0101 ir lo\u0123isk\u0101k"}]},{"@type":"WebSite","@id":"https:\/\/onlinelotto365.com\/lv\/#website","url":"https:\/\/onlinelotto365.com\/lv\/","name":"OnlineLotto365","description":"","potentialAction":[{"@type":"SearchAction","target":{"@type":"EntryPoint","urlTemplate":"https:\/\/onlinelotto365.com\/lv\/?s={search_term_string}"},"query-input":{"@type":"PropertyValueSpecification","valueRequired":true,"valueName":"search_term_string"}}],"inLanguage":"lv-LV"}]}},"_links":{"self":[{"href":"https:\/\/onlinelotto365.com\/lv\/wp-json\/wp\/v2\/pages\/5646","targetHints":{"allow":["GET"]}}],"collection":[{"href":"https:\/\/onlinelotto365.com\/lv\/wp-json\/wp\/v2\/pages"}],"about":[{"href":"https:\/\/onlinelotto365.com\/lv\/wp-json\/wp\/v2\/types\/page"}],"author":[{"embeddable":true,"href":"https:\/\/onlinelotto365.com\/lv\/wp-json\/wp\/v2\/users\/1"}],"replies":[{"embeddable":true,"href":"https:\/\/onlinelotto365.com\/lv\/wp-json\/wp\/v2\/comments?post=5646"}],"version-history":[{"count":0,"href":"https:\/\/onlinelotto365.com\/lv\/wp-json\/wp\/v2\/pages\/5646\/revisions"}],"wp:attachment":[{"href":"https:\/\/onlinelotto365.com\/lv\/wp-json\/wp\/v2\/media?parent=5646"}],"curies":[{"name":"wp","href":"https:\/\/api.w.org\/{rel}","templated":true}]}}