{"id":5850,"date":"2020-12-05T09:52:03","date_gmt":"2020-12-05T08:52:03","guid":{"rendered":"http:\/\/onlinelotto365.net\/?page_id=5850"},"modified":"2021-03-04T14:44:35","modified_gmt":"2021-03-04T13:44:35","slug":"uzvarot-loterijas-numurus","status":"publish","type":"page","link":"https:\/\/onlinelotto365.com\/lv\/uzvarot-loterijas-numurus\/","title":{"rendered":"Atrodiet uzvar\u0113t\u0101ju ciparus un rezult\u0101tus jaun\u0101kaj\u0101m izloz\u0113m"},"content":{"rendered":"<h2>Visu starptautisko loteriju rezult\u0101ti<\/h2>\n<p>Mekl\u0113jat starptautisko loteriju rezult\u0101tus? \u0160eit j\u016bs atrad\u012bsiet liel\u0101ko starptautisko loteriju laim\u012bgos skait\u013cus. M\u0113s \u0161\u012bs lapas saturu nep\u0101rtraukti atjaunin\u0101m, t\u0101d\u0113\u013c dro\u0161i iegriezieties atkal, lai apskat\u012btu jaun\u0101kos rezult\u0101tus, kad vien jums tas nepiecie\u0161ams. Ja piedal\u0101ties k\u0101d\u0101 no \u0161\u012bm starptautiskaj\u0101m loterij\u0101m, m\u0113s ceram, ka j\u016bsu bi\u013cet\u0113 ir atz\u012bm\u0113ti laim\u012bgie skait\u013ci!<br \/>\n<a href=\"https:\/\/redfoxlotto.com\/?ref=a8564250a2&amp;medium=ol365\" target=\"_blank\" rel=\"noopener noreferrer\"><img loading=\"lazy\" decoding=\"async\" class=\"aligncenter\" src=\"https:\/\/redfoxlotto.com\/image?size=8&amp;lottery=eurojackpot\" alt=\"eurojackpot\" width=\"720\" height=\"90\" \/><\/a><\/p>\n<p>Bet, kas vissvar\u012bg\u0101kais, j\u016bs, iesp\u0113jams, nemaz nezin\u0101j\u0101t, ka nu jums ir iesp\u0113ja piedal\u012bties JEBKUR\u0100 pasaules loterij\u0101 \u2013 pat t\u0101d\u0101s loterij\u0101s, kas tiek r\u012bkotas aiz j\u016bsu dz\u012bvesvietas valsts robe\u017e\u0101m! Vienalga, vai j\u016bs interes\u0113 Powerball, Mega Millions, Euromillions, vai ar\u012b jebkura cita no zem\u0101k redzamaj\u0101m loterij\u0101m \u2013 tagad to bi\u013cetes ir iesp\u0113jams ieg\u0101d\u0101ties tie\u0161saist\u0113. Lai piedal\u012btos, vienk\u0101r\u0161i noklik\u0161\u0137iniet uz &#8220;Play&#8221; pogas savai m\u012b\u013c\u0101kajai loterijai blakus zem\u0101k redzamajiem rezult\u0101tiem. Da\u017eu min\u016b\u0161u laik\u0101 attiec\u012bg\u0101s loterijas bi\u013cete b\u016bs j\u016bsu. L\u016bk, m\u016bsu ieteikums: apl\u016bkojiet d\u017eekpotu apm\u0113rus un izv\u0113l\u0113ties to loteriju, kurai \u0161obr\u012bd ir visliel\u0101kais d\u017eekpots!<\/p>\n","protected":false},"excerpt":{"rendered":"<p>Visu starptautisko loteriju rezult\u0101ti Mekl\u0113jat starptautisko loteriju rezult\u0101tus? \u0160eit j\u016bs atrad\u012bsiet liel\u0101ko starptautisko loteriju laim\u012bgos skait\u013cus. M\u0113s \u0161\u012bs lapas saturu nep\u0101rtraukti atjaunin\u0101m, t\u0101d\u0113\u013c dro\u0161i iegriezieties atkal, lai apskat\u012btu jaun\u0101kos rezult\u0101tus, kad vien jums tas nepiecie\u0161ams. Ja piedal\u0101ties k\u0101d\u0101 no \u0161\u012bm starptautiskaj\u0101m loterij\u0101m, m\u0113s ceram, ka j\u016bsu bi\u013cet\u0113 ir atz\u012bm\u0113ti laim\u012bgie skait\u013ci! Bet, kas vissvar\u012bg\u0101kais, j\u016bs, [&hellip;]<\/p>\n","protected":false},"author":1,"featured_media":0,"parent":0,"menu_order":4,"comment_status":"closed","ping_status":"closed","template":"Results.php","meta":{"_et_pb_use_builder":"","_et_pb_old_content":"","_et_gb_content_width":"","exclude_from_search":false,"footnotes":""},"class_list":["post-5850","page","type-page","status-publish","hentry"],"yoast_head":"<!-- This site is optimized with the Yoast SEO plugin v23.4 - https:\/\/yoast.com\/wordpress\/plugins\/seo\/ -->\n<title>Visu starptautisko loteriju rezult\u0101ti | Liel\u0101ko loteriju laim\u012bgie skait\u013ci<\/title>\n<meta name=\"description\" content=\"\u0160\u012bs ned\u0113\u013cas loto rezult\u0101tus un laimestu numurus liel\u0101kaj\u0101m loterij\u0101m atrodiet \u0161eit\" \/>\n<meta name=\"robots\" content=\"index, follow, max-snippet:-1, max-image-preview:large, max-video-preview:-1\" \/>\n<link rel=\"canonical\" href=\"https:\/\/onlinelotto365.com\/lv\/uzvarot-loterijas-numurus\/\" \/>\n<meta property=\"og:locale\" content=\"lv_LV\" \/>\n<meta property=\"og:type\" content=\"article\" \/>\n<meta property=\"og:title\" content=\"Visu starptautisko loteriju rezult\u0101ti | Liel\u0101ko loteriju laim\u012bgie skait\u013ci\" \/>\n<meta property=\"og:description\" content=\"\u0160\u012bs ned\u0113\u013cas loto rezult\u0101tus un laimestu numurus liel\u0101kaj\u0101m loterij\u0101m atrodiet \u0161eit\" \/>\n<meta property=\"og:url\" content=\"https:\/\/onlinelotto365.com\/lv\/uzvarot-loterijas-numurus\/\" \/>\n<meta property=\"og:site_name\" content=\"OnlineLotto365\" \/>\n<meta property=\"article:modified_time\" content=\"2021-03-04T13:44:35+00:00\" \/>\n<meta property=\"og:image\" content=\"https:\/\/redfoxlotto.com\/image?size=8&amp;lottery=eurojackpot\" \/>\n<meta name=\"twitter:card\" content=\"summary_large_image\" \/>\n<meta name=\"twitter:label1\" content=\"Est. reading time\" \/>\n\t<meta name=\"twitter:data1\" content=\"1 minute\" \/>\n<script type=\"application\/ld+json\" class=\"yoast-schema-graph\">{\"@context\":\"https:\/\/schema.org\",\"@graph\":[{\"@type\":\"WebPage\",\"@id\":\"https:\/\/onlinelotto365.com\/lv\/uzvarot-loterijas-numurus\/\",\"url\":\"https:\/\/onlinelotto365.com\/lv\/uzvarot-loterijas-numurus\/\",\"name\":\"Visu starptautisko loteriju rezult\u0101ti | Liel\u0101ko loteriju laim\u012bgie skait\u013ci\",\"isPartOf\":{\"@id\":\"https:\/\/onlinelotto365.com\/lv\/#website\"},\"primaryImageOfPage\":{\"@id\":\"https:\/\/onlinelotto365.com\/lv\/uzvarot-loterijas-numurus\/#primaryimage\"},\"image\":{\"@id\":\"https:\/\/onlinelotto365.com\/lv\/uzvarot-loterijas-numurus\/#primaryimage\"},\"thumbnailUrl\":\"https:\/\/redfoxlotto.com\/image?size=8&amp;lottery=eurojackpot\",\"datePublished\":\"2020-12-05T08:52:03+00:00\",\"dateModified\":\"2021-03-04T13:44:35+00:00\",\"description\":\"\u0160\u012bs ned\u0113\u013cas loto rezult\u0101tus un laimestu numurus liel\u0101kaj\u0101m loterij\u0101m atrodiet \u0161eit\",\"breadcrumb\":{\"@id\":\"https:\/\/onlinelotto365.com\/lv\/uzvarot-loterijas-numurus\/#breadcrumb\"},\"inLanguage\":\"lv-LV\",\"potentialAction\":[{\"@type\":\"ReadAction\",\"target\":[\"https:\/\/onlinelotto365.com\/lv\/uzvarot-loterijas-numurus\/\"]}]},{\"@type\":\"ImageObject\",\"inLanguage\":\"lv-LV\",\"@id\":\"https:\/\/onlinelotto365.com\/lv\/uzvarot-loterijas-numurus\/#primaryimage\",\"url\":\"https:\/\/redfoxlotto.com\/image?size=8&amp;lottery=eurojackpot\",\"contentUrl\":\"https:\/\/redfoxlotto.com\/image?size=8&amp;lottery=eurojackpot\"},{\"@type\":\"BreadcrumbList\",\"@id\":\"https:\/\/onlinelotto365.com\/lv\/uzvarot-loterijas-numurus\/#breadcrumb\",\"itemListElement\":[{\"@type\":\"ListItem\",\"position\":1,\"name\":\"Home\",\"item\":\"https:\/\/onlinelotto365.com\/lv\/\"},{\"@type\":\"ListItem\",\"position\":2,\"name\":\"Atrodiet uzvar\u0113t\u0101ju ciparus un rezult\u0101tus jaun\u0101kaj\u0101m izloz\u0113m\"}]},{\"@type\":\"WebSite\",\"@id\":\"https:\/\/onlinelotto365.com\/lv\/#website\",\"url\":\"https:\/\/onlinelotto365.com\/lv\/\",\"name\":\"OnlineLotto365\",\"description\":\"\",\"potentialAction\":[{\"@type\":\"SearchAction\",\"target\":{\"@type\":\"EntryPoint\",\"urlTemplate\":\"https:\/\/onlinelotto365.com\/lv\/?s={search_term_string}\"},\"query-input\":{\"@type\":\"PropertyValueSpecification\",\"valueRequired\":true,\"valueName\":\"search_term_string\"}}],\"inLanguage\":\"lv-LV\"}]}<\/script>\n<!-- \/ Yoast SEO plugin. -->","yoast_head_json":{"title":"Visu starptautisko loteriju rezult\u0101ti | Liel\u0101ko loteriju laim\u012bgie skait\u013ci","description":"\u0160\u012bs ned\u0113\u013cas loto rezult\u0101tus un laimestu numurus liel\u0101kaj\u0101m loterij\u0101m atrodiet \u0161eit","robots":{"index":"index","follow":"follow","max-snippet":"max-snippet:-1","max-image-preview":"max-image-preview:large","max-video-preview":"max-video-preview:-1"},"canonical":"https:\/\/onlinelotto365.com\/lv\/uzvarot-loterijas-numurus\/","og_locale":"lv_LV","og_type":"article","og_title":"Visu starptautisko loteriju rezult\u0101ti | Liel\u0101ko loteriju laim\u012bgie skait\u013ci","og_description":"\u0160\u012bs ned\u0113\u013cas loto rezult\u0101tus un laimestu numurus liel\u0101kaj\u0101m loterij\u0101m atrodiet \u0161eit","og_url":"https:\/\/onlinelotto365.com\/lv\/uzvarot-loterijas-numurus\/","og_site_name":"OnlineLotto365","article_modified_time":"2021-03-04T13:44:35+00:00","og_image":[{"url":"https:\/\/redfoxlotto.com\/image?size=8&amp;lottery=eurojackpot"}],"twitter_card":"summary_large_image","twitter_misc":{"Est. reading time":"1 minute"},"schema":{"@context":"https:\/\/schema.org","@graph":[{"@type":"WebPage","@id":"https:\/\/onlinelotto365.com\/lv\/uzvarot-loterijas-numurus\/","url":"https:\/\/onlinelotto365.com\/lv\/uzvarot-loterijas-numurus\/","name":"Visu starptautisko loteriju rezult\u0101ti | Liel\u0101ko loteriju laim\u012bgie skait\u013ci","isPartOf":{"@id":"https:\/\/onlinelotto365.com\/lv\/#website"},"primaryImageOfPage":{"@id":"https:\/\/onlinelotto365.com\/lv\/uzvarot-loterijas-numurus\/#primaryimage"},"image":{"@id":"https:\/\/onlinelotto365.com\/lv\/uzvarot-loterijas-numurus\/#primaryimage"},"thumbnailUrl":"https:\/\/redfoxlotto.com\/image?size=8&amp;lottery=eurojackpot","datePublished":"2020-12-05T08:52:03+00:00","dateModified":"2021-03-04T13:44:35+00:00","description":"\u0160\u012bs ned\u0113\u013cas loto rezult\u0101tus un laimestu numurus liel\u0101kaj\u0101m loterij\u0101m atrodiet \u0161eit","breadcrumb":{"@id":"https:\/\/onlinelotto365.com\/lv\/uzvarot-loterijas-numurus\/#breadcrumb"},"inLanguage":"lv-LV","potentialAction":[{"@type":"ReadAction","target":["https:\/\/onlinelotto365.com\/lv\/uzvarot-loterijas-numurus\/"]}]},{"@type":"ImageObject","inLanguage":"lv-LV","@id":"https:\/\/onlinelotto365.com\/lv\/uzvarot-loterijas-numurus\/#primaryimage","url":"https:\/\/redfoxlotto.com\/image?size=8&amp;lottery=eurojackpot","contentUrl":"https:\/\/redfoxlotto.com\/image?size=8&amp;lottery=eurojackpot"},{"@type":"BreadcrumbList","@id":"https:\/\/onlinelotto365.com\/lv\/uzvarot-loterijas-numurus\/#breadcrumb","itemListElement":[{"@type":"ListItem","position":1,"name":"Home","item":"https:\/\/onlinelotto365.com\/lv\/"},{"@type":"ListItem","position":2,"name":"Atrodiet uzvar\u0113t\u0101ju ciparus un rezult\u0101tus jaun\u0101kaj\u0101m izloz\u0113m"}]},{"@type":"WebSite","@id":"https:\/\/onlinelotto365.com\/lv\/#website","url":"https:\/\/onlinelotto365.com\/lv\/","name":"OnlineLotto365","description":"","potentialAction":[{"@type":"SearchAction","target":{"@type":"EntryPoint","urlTemplate":"https:\/\/onlinelotto365.com\/lv\/?s={search_term_string}"},"query-input":{"@type":"PropertyValueSpecification","valueRequired":true,"valueName":"search_term_string"}}],"inLanguage":"lv-LV"}]}},"_links":{"self":[{"href":"https:\/\/onlinelotto365.com\/lv\/wp-json\/wp\/v2\/pages\/5850","targetHints":{"allow":["GET"]}}],"collection":[{"href":"https:\/\/onlinelotto365.com\/lv\/wp-json\/wp\/v2\/pages"}],"about":[{"href":"https:\/\/onlinelotto365.com\/lv\/wp-json\/wp\/v2\/types\/page"}],"author":[{"embeddable":true,"href":"https:\/\/onlinelotto365.com\/lv\/wp-json\/wp\/v2\/users\/1"}],"replies":[{"embeddable":true,"href":"https:\/\/onlinelotto365.com\/lv\/wp-json\/wp\/v2\/comments?post=5850"}],"version-history":[{"count":0,"href":"https:\/\/onlinelotto365.com\/lv\/wp-json\/wp\/v2\/pages\/5850\/revisions"}],"wp:attachment":[{"href":"https:\/\/onlinelotto365.com\/lv\/wp-json\/wp\/v2\/media?parent=5850"}],"curies":[{"name":"wp","href":"https:\/\/api.w.org\/{rel}","templated":true}]}}