{"id":79117,"date":"2022-11-01T12:03:10","date_gmt":"2022-11-01T11:03:10","guid":{"rendered":"https:\/\/onlinelotto365.com\/?page_id=79117"},"modified":"2022-11-30T10:59:19","modified_gmt":"2022-11-30T09:59:19","slug":"mon-wed-lotto","status":"publish","type":"page","link":"https:\/\/onlinelotto365.com\/lv\/spelet\/mon-wed-lotto\/","title":{"rendered":"Sp\u0113l\u0113jot Mon &#038; Wed Lotto Australia ir tikai viena no iesp\u0113j\u0101m loterijas faniem no Latvijas."},"content":{"rendered":"<h2>K\u0101 sp\u0113l\u0113t Mon &amp; Wed Lotto Australia tie\u0161saist\u0113<\/h2>\n<p>Ja atrodaties Latvij\u0101, sp\u0113l\u0113t Mon &amp; Wed Lotto Australia tie\u0161saist\u0113 nav gr\u016bti. Viss, kas jums j\u0101dara, ir j\u0101izdom\u0101, k\u0101d\u0101 veid\u0101 j\u016bs to dar\u012bsiet un k\u0101 j\u016bs ieg\u016bsiet bi\u013cetes, kuras v\u0113laties n\u0101kamaj\u0101 izloz\u0113. M\u0113s varam jums pal\u012bdz\u0113t.<\/p>\n<p>M\u016bsu sist\u0113ma p\u0101rliecin\u0101s, ka j\u016bs visu laiku esat uz pareiz\u0101 ce\u013ca. Viss, kas jums j\u0101dara, ir j\u0101izveido konts, j\u0101izv\u0113las v\u0113lam\u0101s bi\u013cetes un numuri un p\u0113c tam j\u0101apmaks\u0101 par t\u0101m, izmantojot v\u0113lamo maks\u0101jumu veidu. Glu\u017ei t\u0101pat j\u016bs b\u016bsiet gatavs un gaid\u012bsiet n\u0101kamo izlozi, lai var\u0113tu p\u0101rbaud\u012bt savas bi\u013cetes.<\/p>\n<p>Ja esat gatavs izv\u0113l\u0113ties pirm\u0101s bi\u013cetes, jums tikai j\u0101izv\u0113las pareiz\u0101 sp\u0113le. \u0160aj\u0101 gad\u012bjum\u0101 m\u0113s run\u0101jam par Mon &amp; Wed Lotto Australia. T\u0101tad izv\u0113lieties pareizo sp\u0113li un s\u0101ciet skait\u013cu izv\u0113li.<br \/>\nVai ar\u012b izv\u0113lieties \u0101tro izv\u0113li, kad dators izv\u0113l\u0113sies nejau\u0161us skait\u013cus j\u016bsu viet\u0101. J\u016bs pat joproj\u0101m varat piel\u0101got \u0161os skait\u013cus, ja p\u0101rdom\u0101jat, lai katr\u0101 izloz\u0113 sa\u0146emtu v\u0113lamos skait\u013cus.<\/p>\n<p>Kad esat izv\u0113l\u0113jies savus pirmdienas un tre\u0161dienas Lotto Australia numurus, varat izv\u0113l\u0113ties bi\u013cetes cit\u0101m sp\u0113l\u0113m, kuras v\u0113laties sp\u0113l\u0113t, un izloz\u0113t. Izrakst\u012b\u0161an\u0101s process ir dro\u0161s un dro\u0161s, turkl\u0101t tas nodro\u0161ina, ka bi\u013cetes p\u0113rkat tie\u0161i j\u016bs. Jums b\u016bs nepiecie\u0161ams p\u0101rbaud\u012bt savu kontu (un izveidot kontu), un tad var\u0113siet s\u0101kt pirkt bi\u013cetes, k\u0101das vien v\u0113laties.<\/p>\n<p>Vienk\u0101r\u0161i izveidojiet kontu, nor\u0101dot savu personisko inform\u0101ciju, un noklik\u0161\u0137iniet uz saites m\u016bsu nos\u016bt\u012btaj\u0101 verifik\u0101cijas e-past\u0101. T\u0101 var b\u016bt j\u016bsu surog\u0101tpasta map\u0113, ja v\u0113l neesat pievienojis m\u016bs savai adre\u0161u gr\u0101mati\u0146ai, t\u0101p\u0113c p\u0101rliecinieties, ka t\u0101 ir j\u016bsu uzman\u012bbas lok\u0101. P\u0113c tam j\u016bsu konts b\u016bs gatavs, un j\u016bs var\u0113siet s\u0101kt pirkt jebkuras bi\u013cetes.<\/p>\n<p><a href=\"https:\/\/redfoxlotto.com\/play\/monday-wednesday-lotto-au\/?ref=a8564250a2&amp;medium=ol365\" target=\"_blank\" rel=\"noopener noreferrer\"><img decoding=\"async\" class=\"aligncenter\" src=\"https:\/\/redfoxlotto.com\/image?size=8&amp;lottery=monday-wednesday-lotto-au\" alt=\"Mon &amp; Wed Lotto Australia \" \/><\/a><\/p>\n<h2>Par Mon &amp; Wed Lotto Australia<\/h2>\n<ul>\n<li>Valsts: Loto Lotto Lotto valsts: Austr\u0101lija<\/li>\n<li>Galveno skait\u013cu diapazons: 45<\/li>\n<li>Jums ir j\u0101izv\u0113las: 6<\/li>\n<li>Izlozes dienas, stundas: Pirmdiena, tre\u0161diena, 21:30 GMT+11 &#8211; 10:30 CET.<\/li>\n<li>D\u017eekpota s\u0101kums: AU$ 2,5 milj.<\/li>\n<li>Maksim\u0101lais d\u017eekpota apjoms: fiks\u0113ts d\u017eekpots<\/li>\n<li>Iesp\u0113ja laim\u0113t d\u017eekpotu: 1 pret 8145060<\/li>\n<li>Iesp\u0113ja laim\u0113t otro balvu: 1 pret 678755<\/li>\n<li>Iesp\u0113ja laim\u0113t jebkuru balvu: 1 pret 85,44<\/li>\n<li>Balvu kategoriju skaits: 6<\/li>\n<\/ul>\n<h2>Mon &amp; Wed Lotto Australia lab\u0101k\u0101s iez\u012bmes<\/h2>\n<p>Mon &amp; Wed Lotto Australia, kas tiek izloz\u0113ts divas reizes ned\u0113\u013c\u0101, dod jums iesp\u0113ju ieg\u016bt miljonu balvas. Viss, kas jums j\u0101dara, ir j\u0101dod tai iesp\u0113ja un j\u0101iek\u013c\u016bst 1. noda\u013cas balvu fond\u0101. J\u016bs nekad nevarat zin\u0101t, ko j\u016bs var\u0113tu laim\u0113t.<\/p>\n<h2>K\u0101 p\u0101rbaud\u012bt Mon &amp; Wed Lotto Australia rezult\u0101tus<\/h2>\n<p>Kad runa ir par rezult\u0101tu p\u0101rbaudi, j\u016bs var\u0113tu b\u016bt p\u0101rsteigti par vis\u0101m viet\u0101m, kur j\u016bs varat doties. J\u016bs varat p\u0101rbaud\u012bt loterijas t\u012bmek\u013ca vietn\u0113, lai uzreiz p\u0113c izlozes uzzin\u0101tu skait\u013cus. P\u0113c izlozes varat ar\u012b p\u0101rbaud\u012bt viet\u0113jos laikrakstus un telev\u012bzijas stacijas.<br \/>\nTa\u010du, ja v\u0113laties rezult\u0101tus uzzin\u0101t \u0101tri un vienk\u0101r\u0161i, jums vajadz\u0113tu p\u0101rbaud\u012bt m\u016bsu t\u012bmek\u013ca vietn\u0113, kur\u0101 ieg\u0101d\u0101j\u0101ties bi\u013cetes. J\u016bs atrad\u012bsiet ne tikai laim\u0113ju\u0161os skait\u013cus, bet ar\u012b sal\u012bdzin\u0101jumu ar saviem skait\u013ciem.<\/p>\n<h2>J\u016bs sp\u0113l\u0113j\u0101t Mon &amp; Wed Lotto Australia tie\u0161saist\u0113 un vinn\u0113j\u0101t &#8211; kas notiks t\u0101l\u0101k?<\/h2>\n<p>P\u0101rbaudiet laim\u0113ju\u0161os skait\u013cus, savus skait\u013cus un to, cik daudz esat vinn\u0113jis \u0161aj\u0101 sp\u0113l\u0113. Ja esat vinn\u0113jis maz\u0101k nek\u0101 \u20ac2500, jums nekas nav j\u0101dara. Nauda jau b\u016bs j\u016bsu kont\u0101.<br \/>\nUn, tikl\u012bdz t\u0101 b\u016bs j\u016bsu kont\u0101, jums atliek tikai iz\u0146emt to (ja t\u0101 ir liel\u0101ka par 10 eiro) vai izt\u0113r\u0113t to, ieg\u0101d\u0101joties v\u0113l da\u017eas loterijas bi\u013cetes. J\u016bs varat atst\u0101t to sav\u0101 kont\u0101 t\u0113r\u0113t tik ilgi, cik v\u0113laties, lai t\u0101 vienm\u0113r b\u016btu tur.<br \/>\nTom\u0113r, ja jums paveiksies un j\u016bs vinn\u0113siet vair\u0101k nek\u0101 \u20ac2500, j\u016bs sa\u0146emsiet pazi\u0146ojumu no m\u016bsu atbalsta dienesta. Vi\u0146i pal\u012bdz\u0113s jums izdom\u0101t n\u0101kamos so\u013cus, tostarp aizpild\u012bt piepras\u012bjuma veidlapu, lai sa\u0146emtu savu laimestu. Un tad j\u016bsu nauda tiks p\u0101rskait\u012bta tie\u0161i j\u016bsu bankas kont\u0101 vai nos\u016bt\u012bta jums ar \u010deku.<\/p>\n","protected":false},"excerpt":{"rendered":"<p>K\u0101 sp\u0113l\u0113t Mon &amp; Wed Lotto Australia tie\u0161saist\u0113 Ja atrodaties Latvij\u0101, sp\u0113l\u0113t Mon &amp; Wed Lotto Australia tie\u0161saist\u0113 nav gr\u016bti. Viss, kas jums j\u0101dara, ir j\u0101izdom\u0101, k\u0101d\u0101 veid\u0101 j\u016bs to dar\u012bsiet un k\u0101 j\u016bs ieg\u016bsiet bi\u013cetes, kuras v\u0113laties n\u0101kamaj\u0101 izloz\u0113. M\u0113s varam jums pal\u012bdz\u0113t. M\u016bsu sist\u0113ma p\u0101rliecin\u0101s, ka j\u016bs visu laiku esat uz pareiz\u0101 ce\u013ca. [&hellip;]<\/p>\n","protected":false},"author":1,"featured_media":0,"parent":5025,"menu_order":16,"comment_status":"closed","ping_status":"closed","template":"template-rightsidebar.php","meta":{"_et_pb_use_builder":"","_et_pb_old_content":"","_et_gb_content_width":"","exclude_from_search":false,"footnotes":""},"class_list":["post-79117","page","type-page","status-publish","hentry"],"yoast_head":"<!-- This site is optimized with the Yoast SEO plugin v23.4 - https:\/\/yoast.com\/wordpress\/plugins\/seo\/ -->\n<title>Piedalieties Mon &amp; Wed Lotto Australia pat no Latvijas<\/title>\n<meta name=\"description\" content=\"V\u0113laties sp\u0113l\u0113t Austr\u0101lijas Won &amp; Wed Lotto? Ieg\u0101d\u0101jieties bi\u013cetes \u0161eit!\" \/>\n<meta name=\"robots\" content=\"index, follow, max-snippet:-1, max-image-preview:large, max-video-preview:-1\" \/>\n<link rel=\"canonical\" href=\"https:\/\/onlinelotto365.com\/lv\/spelet\/mon-wed-lotto\/\" \/>\n<meta property=\"og:locale\" content=\"lv_LV\" \/>\n<meta property=\"og:type\" content=\"article\" \/>\n<meta property=\"og:title\" content=\"Piedalieties Mon &amp; Wed Lotto Australia pat no Latvijas\" \/>\n<meta property=\"og:description\" content=\"V\u0113laties sp\u0113l\u0113t Austr\u0101lijas Won &amp; Wed Lotto? Ieg\u0101d\u0101jieties bi\u013cetes \u0161eit!\" \/>\n<meta property=\"og:url\" content=\"https:\/\/onlinelotto365.com\/lv\/spelet\/mon-wed-lotto\/\" \/>\n<meta property=\"og:site_name\" content=\"OnlineLotto365\" \/>\n<meta property=\"article:modified_time\" content=\"2022-11-30T09:59:19+00:00\" \/>\n<meta property=\"og:image\" content=\"https:\/\/redfoxlotto.com\/image?size=8&amp;lottery=monday-wednesday-lotto-au\" \/>\n<meta name=\"twitter:card\" content=\"summary_large_image\" \/>\n<meta name=\"twitter:label1\" content=\"Est. reading time\" \/>\n\t<meta name=\"twitter:data1\" content=\"3 minutes\" \/>\n<script type=\"application\/ld+json\" class=\"yoast-schema-graph\">{\"@context\":\"https:\/\/schema.org\",\"@graph\":[{\"@type\":\"WebPage\",\"@id\":\"https:\/\/onlinelotto365.com\/lv\/spelet\/mon-wed-lotto\/\",\"url\":\"https:\/\/onlinelotto365.com\/lv\/spelet\/mon-wed-lotto\/\",\"name\":\"Piedalieties Mon & Wed Lotto Australia pat no Latvijas\",\"isPartOf\":{\"@id\":\"https:\/\/onlinelotto365.com\/lv\/#website\"},\"primaryImageOfPage\":{\"@id\":\"https:\/\/onlinelotto365.com\/lv\/spelet\/mon-wed-lotto\/#primaryimage\"},\"image\":{\"@id\":\"https:\/\/onlinelotto365.com\/lv\/spelet\/mon-wed-lotto\/#primaryimage\"},\"thumbnailUrl\":\"https:\/\/redfoxlotto.com\/image?size=8&amp;lottery=monday-wednesday-lotto-au\",\"datePublished\":\"2022-11-01T11:03:10+00:00\",\"dateModified\":\"2022-11-30T09:59:19+00:00\",\"description\":\"V\u0113laties sp\u0113l\u0113t Austr\u0101lijas Won & Wed Lotto? Ieg\u0101d\u0101jieties bi\u013cetes \u0161eit!\",\"breadcrumb\":{\"@id\":\"https:\/\/onlinelotto365.com\/lv\/spelet\/mon-wed-lotto\/#breadcrumb\"},\"inLanguage\":\"lv-LV\",\"potentialAction\":[{\"@type\":\"ReadAction\",\"target\":[\"https:\/\/onlinelotto365.com\/lv\/spelet\/mon-wed-lotto\/\"]}]},{\"@type\":\"ImageObject\",\"inLanguage\":\"lv-LV\",\"@id\":\"https:\/\/onlinelotto365.com\/lv\/spelet\/mon-wed-lotto\/#primaryimage\",\"url\":\"https:\/\/redfoxlotto.com\/image?size=8&amp;lottery=monday-wednesday-lotto-au\",\"contentUrl\":\"https:\/\/redfoxlotto.com\/image?size=8&amp;lottery=monday-wednesday-lotto-au\"},{\"@type\":\"BreadcrumbList\",\"@id\":\"https:\/\/onlinelotto365.com\/lv\/spelet\/mon-wed-lotto\/#breadcrumb\",\"itemListElement\":[{\"@type\":\"ListItem\",\"position\":1,\"name\":\"Home\",\"item\":\"https:\/\/onlinelotto365.com\/lv\/\"},{\"@type\":\"ListItem\",\"position\":2,\"name\":\"Viss, kas jums j\u0101zina par iesp\u0113j\u0101m sp\u0113l\u0113t lab\u0101k\u0101s loterijas tie\u0161saist\u0113\",\"item\":\"https:\/\/onlinelotto365.com\/lv\/play\/\"},{\"@type\":\"ListItem\",\"position\":3,\"name\":\"Sp\u0113l\u0113jot Mon &#038; Wed Lotto Australia ir tikai viena no iesp\u0113j\u0101m loterijas faniem no Latvijas.\"}]},{\"@type\":\"WebSite\",\"@id\":\"https:\/\/onlinelotto365.com\/lv\/#website\",\"url\":\"https:\/\/onlinelotto365.com\/lv\/\",\"name\":\"OnlineLotto365\",\"description\":\"\",\"potentialAction\":[{\"@type\":\"SearchAction\",\"target\":{\"@type\":\"EntryPoint\",\"urlTemplate\":\"https:\/\/onlinelotto365.com\/lv\/?s={search_term_string}\"},\"query-input\":{\"@type\":\"PropertyValueSpecification\",\"valueRequired\":true,\"valueName\":\"search_term_string\"}}],\"inLanguage\":\"lv-LV\"}]}<\/script>\n<!-- \/ Yoast SEO plugin. -->","yoast_head_json":{"title":"Piedalieties Mon & Wed Lotto Australia pat no Latvijas","description":"V\u0113laties sp\u0113l\u0113t Austr\u0101lijas Won & Wed Lotto? Ieg\u0101d\u0101jieties bi\u013cetes \u0161eit!","robots":{"index":"index","follow":"follow","max-snippet":"max-snippet:-1","max-image-preview":"max-image-preview:large","max-video-preview":"max-video-preview:-1"},"canonical":"https:\/\/onlinelotto365.com\/lv\/spelet\/mon-wed-lotto\/","og_locale":"lv_LV","og_type":"article","og_title":"Piedalieties Mon & Wed Lotto Australia pat no Latvijas","og_description":"V\u0113laties sp\u0113l\u0113t Austr\u0101lijas Won & Wed Lotto? Ieg\u0101d\u0101jieties bi\u013cetes \u0161eit!","og_url":"https:\/\/onlinelotto365.com\/lv\/spelet\/mon-wed-lotto\/","og_site_name":"OnlineLotto365","article_modified_time":"2022-11-30T09:59:19+00:00","og_image":[{"url":"https:\/\/redfoxlotto.com\/image?size=8&amp;lottery=monday-wednesday-lotto-au"}],"twitter_card":"summary_large_image","twitter_misc":{"Est. reading time":"3 minutes"},"schema":{"@context":"https:\/\/schema.org","@graph":[{"@type":"WebPage","@id":"https:\/\/onlinelotto365.com\/lv\/spelet\/mon-wed-lotto\/","url":"https:\/\/onlinelotto365.com\/lv\/spelet\/mon-wed-lotto\/","name":"Piedalieties Mon & Wed Lotto Australia pat no Latvijas","isPartOf":{"@id":"https:\/\/onlinelotto365.com\/lv\/#website"},"primaryImageOfPage":{"@id":"https:\/\/onlinelotto365.com\/lv\/spelet\/mon-wed-lotto\/#primaryimage"},"image":{"@id":"https:\/\/onlinelotto365.com\/lv\/spelet\/mon-wed-lotto\/#primaryimage"},"thumbnailUrl":"https:\/\/redfoxlotto.com\/image?size=8&amp;lottery=monday-wednesday-lotto-au","datePublished":"2022-11-01T11:03:10+00:00","dateModified":"2022-11-30T09:59:19+00:00","description":"V\u0113laties sp\u0113l\u0113t Austr\u0101lijas Won & Wed Lotto? Ieg\u0101d\u0101jieties bi\u013cetes \u0161eit!","breadcrumb":{"@id":"https:\/\/onlinelotto365.com\/lv\/spelet\/mon-wed-lotto\/#breadcrumb"},"inLanguage":"lv-LV","potentialAction":[{"@type":"ReadAction","target":["https:\/\/onlinelotto365.com\/lv\/spelet\/mon-wed-lotto\/"]}]},{"@type":"ImageObject","inLanguage":"lv-LV","@id":"https:\/\/onlinelotto365.com\/lv\/spelet\/mon-wed-lotto\/#primaryimage","url":"https:\/\/redfoxlotto.com\/image?size=8&amp;lottery=monday-wednesday-lotto-au","contentUrl":"https:\/\/redfoxlotto.com\/image?size=8&amp;lottery=monday-wednesday-lotto-au"},{"@type":"BreadcrumbList","@id":"https:\/\/onlinelotto365.com\/lv\/spelet\/mon-wed-lotto\/#breadcrumb","itemListElement":[{"@type":"ListItem","position":1,"name":"Home","item":"https:\/\/onlinelotto365.com\/lv\/"},{"@type":"ListItem","position":2,"name":"Viss, kas jums j\u0101zina par iesp\u0113j\u0101m sp\u0113l\u0113t lab\u0101k\u0101s loterijas tie\u0161saist\u0113","item":"https:\/\/onlinelotto365.com\/lv\/play\/"},{"@type":"ListItem","position":3,"name":"Sp\u0113l\u0113jot Mon &#038; Wed Lotto Australia ir tikai viena no iesp\u0113j\u0101m loterijas faniem no Latvijas."}]},{"@type":"WebSite","@id":"https:\/\/onlinelotto365.com\/lv\/#website","url":"https:\/\/onlinelotto365.com\/lv\/","name":"OnlineLotto365","description":"","potentialAction":[{"@type":"SearchAction","target":{"@type":"EntryPoint","urlTemplate":"https:\/\/onlinelotto365.com\/lv\/?s={search_term_string}"},"query-input":{"@type":"PropertyValueSpecification","valueRequired":true,"valueName":"search_term_string"}}],"inLanguage":"lv-LV"}]}},"_links":{"self":[{"href":"https:\/\/onlinelotto365.com\/lv\/wp-json\/wp\/v2\/pages\/79117","targetHints":{"allow":["GET"]}}],"collection":[{"href":"https:\/\/onlinelotto365.com\/lv\/wp-json\/wp\/v2\/pages"}],"about":[{"href":"https:\/\/onlinelotto365.com\/lv\/wp-json\/wp\/v2\/types\/page"}],"author":[{"embeddable":true,"href":"https:\/\/onlinelotto365.com\/lv\/wp-json\/wp\/v2\/users\/1"}],"replies":[{"embeddable":true,"href":"https:\/\/onlinelotto365.com\/lv\/wp-json\/wp\/v2\/comments?post=79117"}],"version-history":[{"count":0,"href":"https:\/\/onlinelotto365.com\/lv\/wp-json\/wp\/v2\/pages\/79117\/revisions"}],"up":[{"embeddable":true,"href":"https:\/\/onlinelotto365.com\/lv\/wp-json\/wp\/v2\/pages\/5025"}],"wp:attachment":[{"href":"https:\/\/onlinelotto365.com\/lv\/wp-json\/wp\/v2\/media?parent=79117"}],"curies":[{"name":"wp","href":"https:\/\/api.w.org\/{rel}","templated":true}]}}