{"id":79173,"date":"2022-11-02T08:16:30","date_gmt":"2022-11-02T07:16:30","guid":{"rendered":"https:\/\/onlinelotto365.com\/?page_id=79173"},"modified":"2022-11-02T08:16:30","modified_gmt":"2022-11-02T07:16:30","slug":"bonoloto","status":"publish","type":"page","link":"https:\/\/onlinelotto365.com\/lv\/spelet\/bonoloto\/","title":{"rendered":"Bonoloto tagad pieejams visur"},"content":{"rendered":"<h2>K\u0101 sp\u0113l\u0113t BonoLoto tie\u0161saist\u0113<\/h2>\n<p>Sp\u0113l\u0113t BonoLoto ir viegl\u0101k, nek\u0101 J\u016bs dom\u0101jat. Jums tikai j\u0101zina, kur s\u0101kt un kur ieg\u0101d\u0101ties bi\u013cetes. Un lab\u0101k\u0101 vieta, kur j\u016bs to varat izdar\u012bt, ir pie mums, veicot da\u017eus vienk\u0101r\u0161us so\u013cus.<\/p>\n<p>M\u016bsu sist\u0113ma nodro\u0161ina, ka par jums tiek g\u0101d\u0101ts no s\u0101kuma l\u012bdz beig\u0101m. Viss, kas jums j\u0101dara, ir j\u0101veido piln\u012bgi bezmaksas konts, un j\u016bs jau esat ce\u013c\u0101. J\u016bs var\u0113siet izv\u0113l\u0113ties no vis\u0101m m\u016bsu pied\u0101v\u0101taj\u0101m loto sp\u0113l\u0113m un izv\u0113l\u0113ties bi\u013cetes un konkr\u0113tus skait\u013cus, kurus v\u0113laties. P\u0113c tam varat samaks\u0101t, izmantojot v\u0113lamo maks\u0101jumu metodi, un viss ir izdar\u012bts.<\/p>\n<p>Viss, kas jums j\u0101dara, ir j\u0101apskata m\u016bsu pied\u0101v\u0101t\u0101s da\u017e\u0101d\u0101s loto sp\u0113les un j\u0101izv\u0113las pareiz\u0101 (BonoLoto). T\u0101l\u0101k izv\u0113laties numurus, kurus v\u0113laties sp\u0113l\u0113t. Ja izv\u0113l\u0113sieties p\u0101r\u0101k daudz vai p\u0101r\u0101k maz, tam nav noz\u012bmes, m\u016bsu sist\u0113ma j\u016bs br\u012bdin\u0101s, kas jums j\u0101dara, lai j\u016bs var\u0113tu labot savu bi\u013ceti. Varat ar\u012b \u013caut datoram pie\u0161\u0137irt jums numurus p\u0113c nejau\u0161\u012bbas principa.<\/p>\n<p>Kad esat ieguvis BonoLoto bi\u013cetes, j\u016bs varat izv\u0113l\u0113ties pievienot ar\u012b citu sp\u0113\u013cu bi\u013cetes. Tas b\u016bs \u013coti vienk\u0101r\u0161i, un tas aiz\u0146ems tikai da\u017eas min\u016btes. J\u016bs sagaid\u0101t, kad apstiprin\u0101juma e-pasts pien\u0101ks uz J\u016bsu nor\u0101d\u012bto e-pasta adresi, un noklik\u0161\u0137in\u0101t uz saites. Tas ir viss, kas ir nepiecie\u0161ams, un j\u016bsu konts tiks izveidots. T\u0101d\u0113j\u0101di j\u016bs var\u0113siet turpin\u0101t bi\u013ce\u0161u ieg\u0101di.<\/p>\n<p><a href=\"https:\/\/redfoxlotto.com\/play\/bonoloto\/?ref=a8564250a2&amp;medium=ol365\" target=\"_blank\" rel=\"noopener noreferrer\"><img decoding=\"async\" class=\"aligncenter\" src=\"https:\/\/redfoxlotto.com\/image?size=8&amp;lottery=bonoloto\" alt=\"Bono Lotto\" \/><\/a><\/p>\n<p>P\u0101rliecinieties, vai verifik\u0101cijas saite nav par\u0101d\u012bjusies j\u016bsu parastaj\u0101 e-pasta pastkast\u012bt\u0113, k\u0101 ar\u012b surog\u0101tpasta map\u0113, lai b\u016btu dro\u0161i. Ja m\u0113s neesam j\u016bsu adre\u0161u gr\u0101mati\u0146\u0101, j\u016bs varat neredz\u0113t e-pasta v\u0113stuli sav\u0101 parastaj\u0101 konta map\u0113.<\/p>\n<h2>Par BonoLoto<\/h2>\n<ul>\n<li>Valsts: Sp\u0101nija<\/li>\n<li>Galvenais numuru diapazons: 49<\/li>\n<li>Jums ir j\u0101izv\u0113las: 6<\/li>\n<li>Izlozes dienas, stundas: katru dienu, iz\u0146emot sv\u0113tdienas, no 21:30 l\u012bdz 21:30 p\u0113c Viduseiropas laika.<\/li>\n<li>D\u017eekpota s\u0101kums: \u20ac400.000<\/li>\n<li>Maksim\u0101lais d\u017eekpota apjoms: nav<\/li>\n<li>Iesp\u0113ja laim\u0113t d\u017eekpotu: 1 pret 13983816<\/li>\n<li>Iesp\u0113ja laim\u0113t otro balvu: 1 pret 2330636<\/li>\n<li>Iesp\u0113ja laim\u0113t jebkuru balvu: 1 pret 8,43<\/li>\n<li>Balvu kategoriju skaits: 6<\/li>\n<\/ul>\n<p>&nbsp;<\/p>\n<h2>BonoLoto lab\u0101k\u0101s iez\u012bmes<\/h2>\n<p>BonoLoto darbojas jau diezgan ilgi, un \u0161aj\u0101 laik\u0101 t\u0101 ir pasniegusi daudz balvu. V\u0113l lab\u0101k ir tas, ka taj\u0101 katru ned\u0113\u013cu notiek \u010detras da\u017e\u0101das izlozes, un s\u0101kotn\u0113ji tas tika izveidots, lai b\u016btu pieejams par pie\u0146emamu cenu. T\u0101 joproj\u0101m t\u0101da ir, un j\u016bs varat laim\u0113t da\u013cu no 55% no kop\u0113j\u0101 ien\u0101kumu apjoma balv\u0101s.<\/p>\n<h2>K\u0101 p\u0101rbaud\u012bt BonoLoto rezult\u0101tus<\/h2>\n<p>Vai esat gatavs noskaidrot BonoLoto laimestu skait\u013cus? Paties\u012bb\u0101 tas ir pavisam vienk\u0101r\u0161i, jo viss, kas jums j\u0101dara, ir j\u0101dodas uz BonoLoto ofici\u0101lo t\u012bmek\u013ca vietni. Vai ar\u012b j\u016bs varat p\u0101rbaud\u012bt viet\u0113jos laikrakstus un telev\u012bzijas stacijas. Visas \u0161\u012bs vietas zi\u0146o par laimestu numuriem.<br \/>\nTa\u010du vislab\u0101k\u0101 vieta, kur doties, noteikti ir vieta, kur j\u016bs ieg\u0101d\u0101j\u0101ties bi\u013ceti, proti, tie\u0161i \u0161eit. J\u016bs var\u0113siet redz\u0113t laim\u0113ju\u0161os skait\u013cus, k\u0101 ar\u012b savus skait\u013cus un to sal\u012bdzin\u0101jumu. T\u0101d\u0101 veid\u0101 j\u016bs varat uzreiz redz\u0113t ar\u012b savu laimestu. <img loading=\"lazy\" decoding=\"async\" class=\"alignright wp-image-3656\" src=\"https:\/\/onlinelotto365.com\/wp-content\/uploads\/2020\/11\/online_lottery-16-300x200.jpg\" alt=\"sp\u0113l\u0113t Bonoloto tie\u0161saist\u0113\" width=\"215\" height=\"143\" srcset=\"https:\/\/onlinelotto365.com\/wp-content\/uploads\/2020\/11\/online_lottery-16-300x200.jpg 300w, https:\/\/onlinelotto365.com\/wp-content\/uploads\/2020\/11\/online_lottery-16.jpg 320w\" sizes=\"auto, (max-width: 215px) 100vw, 215px\" \/><\/p>\n<h2>J\u016bs sp\u0113l\u0113j\u0101t BonoLoto tie\u0161saist\u0113 un vinn\u0113j\u0101t &#8211; kas notiks t\u0101l\u0101k?<\/h2>\n<p>Ja laim\u0113j\u0101t maz\u0101k nek\u0101 \u20ac2500, jums nekas nav j\u0101dara. Tas ir t\u0101p\u0113c, ka m\u0113s piepras\u0101m naudu par jums un iemaks\u0101jam to tie\u0161i j\u016bsu kont\u0101. J\u016bs to var\u0113siet izmantot, kad vien v\u0113laties un k\u0101 vien v\u0113laties. Vai ar\u012b J\u016bs varat to iz\u0146emt sav\u0101 parastaj\u0101 bankas kont\u0101, ja Jums ir vismaz \u20ac10.<br \/>\nJa esat vinn\u0113jis vair\u0101k nek\u0101 \u20ac2500, jums b\u016bs j\u0101gaida, l\u012bdz m\u016bsu atbalsta komanda jums atbild\u0113s, jo, lai sa\u0146emtu savu laimestu, ir nepiecie\u0161ams nedaudz vair\u0101k laika. Par laimi, m\u0113s jums pal\u012bdz\u0113sim \u0161aj\u0101 proces\u0101 un nodro\u0161in\u0101sim, lai j\u016bs uzreiz var\u0113tu sa\u0146emt savu naudu ar \u010deku vai tie\u0161i uz savu kontu.<\/p>\n","protected":false},"excerpt":{"rendered":"<p>K\u0101 sp\u0113l\u0113t BonoLoto tie\u0161saist\u0113 Sp\u0113l\u0113t BonoLoto ir viegl\u0101k, nek\u0101 J\u016bs dom\u0101jat. Jums tikai j\u0101zina, kur s\u0101kt un kur ieg\u0101d\u0101ties bi\u013cetes. Un lab\u0101k\u0101 vieta, kur j\u016bs to varat izdar\u012bt, ir pie mums, veicot da\u017eus vienk\u0101r\u0161us so\u013cus. M\u016bsu sist\u0113ma nodro\u0161ina, ka par jums tiek g\u0101d\u0101ts no s\u0101kuma l\u012bdz beig\u0101m. Viss, kas jums j\u0101dara, ir j\u0101veido piln\u012bgi bezmaksas [&hellip;]<\/p>\n","protected":false},"author":1,"featured_media":0,"parent":5025,"menu_order":8,"comment_status":"closed","ping_status":"closed","template":"","meta":{"_et_pb_use_builder":"","_et_pb_old_content":"","_et_gb_content_width":"","exclude_from_search":false,"footnotes":""},"class_list":["post-79173","page","type-page","status-publish","hentry"],"yoast_head":"<!-- This site is optimized with the Yoast SEO plugin v23.4 - https:\/\/yoast.com\/wordpress\/plugins\/seo\/ -->\n<title>K\u0101 sp\u0113l\u0113t BonoLoto, ja tu dz\u012bvo Latvij\u0101<\/title>\n<meta name=\"description\" content=\"Leg\u0101li pas\u016btiet bi\u013cetes, lai sp\u0113l\u0113tu Bonoloto, \u0161eit m\u016bsu t\u012bmek\u013ca vietn\u0113\" \/>\n<meta name=\"robots\" content=\"index, follow, max-snippet:-1, max-image-preview:large, max-video-preview:-1\" \/>\n<link rel=\"canonical\" href=\"https:\/\/onlinelotto365.com\/lv\/spelet\/bonoloto\/\" \/>\n<meta property=\"og:locale\" content=\"lv_LV\" \/>\n<meta property=\"og:type\" content=\"article\" \/>\n<meta property=\"og:title\" content=\"K\u0101 sp\u0113l\u0113t BonoLoto, ja tu dz\u012bvo Latvij\u0101\" \/>\n<meta property=\"og:description\" content=\"Leg\u0101li pas\u016btiet bi\u013cetes, lai sp\u0113l\u0113tu Bonoloto, \u0161eit m\u016bsu t\u012bmek\u013ca vietn\u0113\" \/>\n<meta property=\"og:url\" content=\"https:\/\/onlinelotto365.com\/lv\/spelet\/bonoloto\/\" \/>\n<meta property=\"og:site_name\" content=\"OnlineLotto365\" \/>\n<meta property=\"og:image\" content=\"https:\/\/redfoxlotto.com\/image?size=8&amp;lottery=bonoloto\" \/>\n<meta name=\"twitter:card\" content=\"summary_large_image\" \/>\n<meta name=\"twitter:label1\" content=\"Est. reading time\" \/>\n\t<meta name=\"twitter:data1\" content=\"3 minutes\" \/>\n<script type=\"application\/ld+json\" class=\"yoast-schema-graph\">{\"@context\":\"https:\/\/schema.org\",\"@graph\":[{\"@type\":\"WebPage\",\"@id\":\"https:\/\/onlinelotto365.com\/lv\/spelet\/bonoloto\/\",\"url\":\"https:\/\/onlinelotto365.com\/lv\/spelet\/bonoloto\/\",\"name\":\"K\u0101 sp\u0113l\u0113t BonoLoto, ja tu dz\u012bvo Latvij\u0101\",\"isPartOf\":{\"@id\":\"https:\/\/onlinelotto365.com\/lv\/#website\"},\"primaryImageOfPage\":{\"@id\":\"https:\/\/onlinelotto365.com\/lv\/spelet\/bonoloto\/#primaryimage\"},\"image\":{\"@id\":\"https:\/\/onlinelotto365.com\/lv\/spelet\/bonoloto\/#primaryimage\"},\"thumbnailUrl\":\"https:\/\/redfoxlotto.com\/image?size=8&amp;lottery=bonoloto\",\"datePublished\":\"2022-11-02T07:16:30+00:00\",\"dateModified\":\"2022-11-02T07:16:30+00:00\",\"description\":\"Leg\u0101li pas\u016btiet bi\u013cetes, lai sp\u0113l\u0113tu Bonoloto, \u0161eit m\u016bsu t\u012bmek\u013ca vietn\u0113\",\"breadcrumb\":{\"@id\":\"https:\/\/onlinelotto365.com\/lv\/spelet\/bonoloto\/#breadcrumb\"},\"inLanguage\":\"lv-LV\",\"potentialAction\":[{\"@type\":\"ReadAction\",\"target\":[\"https:\/\/onlinelotto365.com\/lv\/spelet\/bonoloto\/\"]}]},{\"@type\":\"ImageObject\",\"inLanguage\":\"lv-LV\",\"@id\":\"https:\/\/onlinelotto365.com\/lv\/spelet\/bonoloto\/#primaryimage\",\"url\":\"https:\/\/redfoxlotto.com\/image?size=8&amp;lottery=bonoloto\",\"contentUrl\":\"https:\/\/redfoxlotto.com\/image?size=8&amp;lottery=bonoloto\"},{\"@type\":\"BreadcrumbList\",\"@id\":\"https:\/\/onlinelotto365.com\/lv\/spelet\/bonoloto\/#breadcrumb\",\"itemListElement\":[{\"@type\":\"ListItem\",\"position\":1,\"name\":\"Home\",\"item\":\"https:\/\/onlinelotto365.com\/lv\/\"},{\"@type\":\"ListItem\",\"position\":2,\"name\":\"Viss, kas jums j\u0101zina par iesp\u0113j\u0101m sp\u0113l\u0113t lab\u0101k\u0101s loterijas tie\u0161saist\u0113\",\"item\":\"https:\/\/onlinelotto365.com\/lv\/play\/\"},{\"@type\":\"ListItem\",\"position\":3,\"name\":\"Bonoloto tagad pieejams visur\"}]},{\"@type\":\"WebSite\",\"@id\":\"https:\/\/onlinelotto365.com\/lv\/#website\",\"url\":\"https:\/\/onlinelotto365.com\/lv\/\",\"name\":\"OnlineLotto365\",\"description\":\"\",\"potentialAction\":[{\"@type\":\"SearchAction\",\"target\":{\"@type\":\"EntryPoint\",\"urlTemplate\":\"https:\/\/onlinelotto365.com\/lv\/?s={search_term_string}\"},\"query-input\":{\"@type\":\"PropertyValueSpecification\",\"valueRequired\":true,\"valueName\":\"search_term_string\"}}],\"inLanguage\":\"lv-LV\"}]}<\/script>\n<!-- \/ Yoast SEO plugin. -->","yoast_head_json":{"title":"K\u0101 sp\u0113l\u0113t BonoLoto, ja tu dz\u012bvo Latvij\u0101","description":"Leg\u0101li pas\u016btiet bi\u013cetes, lai sp\u0113l\u0113tu Bonoloto, \u0161eit m\u016bsu t\u012bmek\u013ca vietn\u0113","robots":{"index":"index","follow":"follow","max-snippet":"max-snippet:-1","max-image-preview":"max-image-preview:large","max-video-preview":"max-video-preview:-1"},"canonical":"https:\/\/onlinelotto365.com\/lv\/spelet\/bonoloto\/","og_locale":"lv_LV","og_type":"article","og_title":"K\u0101 sp\u0113l\u0113t BonoLoto, ja tu dz\u012bvo Latvij\u0101","og_description":"Leg\u0101li pas\u016btiet bi\u013cetes, lai sp\u0113l\u0113tu Bonoloto, \u0161eit m\u016bsu t\u012bmek\u013ca vietn\u0113","og_url":"https:\/\/onlinelotto365.com\/lv\/spelet\/bonoloto\/","og_site_name":"OnlineLotto365","og_image":[{"url":"https:\/\/redfoxlotto.com\/image?size=8&amp;lottery=bonoloto"}],"twitter_card":"summary_large_image","twitter_misc":{"Est. reading time":"3 minutes"},"schema":{"@context":"https:\/\/schema.org","@graph":[{"@type":"WebPage","@id":"https:\/\/onlinelotto365.com\/lv\/spelet\/bonoloto\/","url":"https:\/\/onlinelotto365.com\/lv\/spelet\/bonoloto\/","name":"K\u0101 sp\u0113l\u0113t BonoLoto, ja tu dz\u012bvo Latvij\u0101","isPartOf":{"@id":"https:\/\/onlinelotto365.com\/lv\/#website"},"primaryImageOfPage":{"@id":"https:\/\/onlinelotto365.com\/lv\/spelet\/bonoloto\/#primaryimage"},"image":{"@id":"https:\/\/onlinelotto365.com\/lv\/spelet\/bonoloto\/#primaryimage"},"thumbnailUrl":"https:\/\/redfoxlotto.com\/image?size=8&amp;lottery=bonoloto","datePublished":"2022-11-02T07:16:30+00:00","dateModified":"2022-11-02T07:16:30+00:00","description":"Leg\u0101li pas\u016btiet bi\u013cetes, lai sp\u0113l\u0113tu Bonoloto, \u0161eit m\u016bsu t\u012bmek\u013ca vietn\u0113","breadcrumb":{"@id":"https:\/\/onlinelotto365.com\/lv\/spelet\/bonoloto\/#breadcrumb"},"inLanguage":"lv-LV","potentialAction":[{"@type":"ReadAction","target":["https:\/\/onlinelotto365.com\/lv\/spelet\/bonoloto\/"]}]},{"@type":"ImageObject","inLanguage":"lv-LV","@id":"https:\/\/onlinelotto365.com\/lv\/spelet\/bonoloto\/#primaryimage","url":"https:\/\/redfoxlotto.com\/image?size=8&amp;lottery=bonoloto","contentUrl":"https:\/\/redfoxlotto.com\/image?size=8&amp;lottery=bonoloto"},{"@type":"BreadcrumbList","@id":"https:\/\/onlinelotto365.com\/lv\/spelet\/bonoloto\/#breadcrumb","itemListElement":[{"@type":"ListItem","position":1,"name":"Home","item":"https:\/\/onlinelotto365.com\/lv\/"},{"@type":"ListItem","position":2,"name":"Viss, kas jums j\u0101zina par iesp\u0113j\u0101m sp\u0113l\u0113t lab\u0101k\u0101s loterijas tie\u0161saist\u0113","item":"https:\/\/onlinelotto365.com\/lv\/play\/"},{"@type":"ListItem","position":3,"name":"Bonoloto tagad pieejams visur"}]},{"@type":"WebSite","@id":"https:\/\/onlinelotto365.com\/lv\/#website","url":"https:\/\/onlinelotto365.com\/lv\/","name":"OnlineLotto365","description":"","potentialAction":[{"@type":"SearchAction","target":{"@type":"EntryPoint","urlTemplate":"https:\/\/onlinelotto365.com\/lv\/?s={search_term_string}"},"query-input":{"@type":"PropertyValueSpecification","valueRequired":true,"valueName":"search_term_string"}}],"inLanguage":"lv-LV"}]}},"_links":{"self":[{"href":"https:\/\/onlinelotto365.com\/lv\/wp-json\/wp\/v2\/pages\/79173","targetHints":{"allow":["GET"]}}],"collection":[{"href":"https:\/\/onlinelotto365.com\/lv\/wp-json\/wp\/v2\/pages"}],"about":[{"href":"https:\/\/onlinelotto365.com\/lv\/wp-json\/wp\/v2\/types\/page"}],"author":[{"embeddable":true,"href":"https:\/\/onlinelotto365.com\/lv\/wp-json\/wp\/v2\/users\/1"}],"replies":[{"embeddable":true,"href":"https:\/\/onlinelotto365.com\/lv\/wp-json\/wp\/v2\/comments?post=79173"}],"version-history":[{"count":0,"href":"https:\/\/onlinelotto365.com\/lv\/wp-json\/wp\/v2\/pages\/79173\/revisions"}],"up":[{"embeddable":true,"href":"https:\/\/onlinelotto365.com\/lv\/wp-json\/wp\/v2\/pages\/5025"}],"wp:attachment":[{"href":"https:\/\/onlinelotto365.com\/lv\/wp-json\/wp\/v2\/media?parent=79173"}],"curies":[{"name":"wp","href":"https:\/\/api.w.org\/{rel}","templated":true}]}}