{"id":79213,"date":"2022-11-02T11:21:22","date_gmt":"2022-11-02T10:21:22","guid":{"rendered":"https:\/\/onlinelotto365.com\/?page_id=79213"},"modified":"2022-11-02T11:21:22","modified_gmt":"2022-11-02T10:21:22","slug":"german-lotto","status":"publish","type":"page","link":"https:\/\/onlinelotto365.com\/lv\/spelet\/german-lotto\/","title":{"rendered":"Piedal\u012bties V\u0101cijas Lotto no cit\u0101m valst\u012bm"},"content":{"rendered":"<p>V\u0101cu Lotto ir viena no pasaul\u0113 visilg\u0101k r\u012bkotaj\u0101m loterij\u0101m, kas tiek organiz\u0113ta jau vair\u0101k nek\u0101 50 gadus. J\u016bs varat der\u0113t, ka \u0161\u012b pieredze vi\u0146iem ir \u013coti noder\u012bga, un t\u0101 ir viena no liel\u0101kaj\u0101m Eiropas valst\u012bm, kas saglab\u0101 savu nacion\u0101lo loteriju, nevis apvienojas ar EuroMillions loteriju. T\u0101p\u0113c v\u0101cie\u0161i lepojas ar savu V\u0101cijas loto, un vi\u0146iem tas ir j\u0101dara.<\/p>\n<p>Tom\u0113r, ja j\u016bs dz\u012bvojat Latvij\u0101 un v\u0113laties sp\u0113l\u0113t V\u0101cijas Loto vai jebkuru citu pasaules lielo loteriju, nekas vairs netrauc\u0113 jums to dar\u012bt. Viss, kas jums m\u016bsdien\u0101s ir j\u0101dara, ir nopirkt bi\u013cetes tie\u0161saist\u0113. Ja esat no Latvijas, j\u016bs joproj\u0101m varat ieg\u0101d\u0101ties V\u0101cijas Lotto bi\u013cetes ar\u012b tie\u0161saist\u0113.<\/p>\n<p>Protams, jums ir j\u0101zina, kur \u0161\u0101d\u0101 veid\u0101 ieg\u0101d\u0101ties loterijas bi\u013cetes, un tie\u0161i \u0161eit m\u0113s iejaucamies. \u0160o loterijas bi\u013ce\u0161u ieg\u0101des tie\u0161saistes pakalpojumu m\u0113s pied\u0101v\u0101jam jau ilgu laiku. K\u0101 j\u016bs varat iedom\u0101ties, t\u0101 ir liel\u0101k\u0101 lieta, kas jebkad ir notikusi loteriju sp\u0113l\u0113\u0161an\u0101 kop\u0161 loteriju izgudro\u0161anas.<\/p>\n<p><a href=\"https:\/\/redfoxlotto.com\/play\/lotto-6aus49\/?ref=a8564250a2&amp;medium=ol365\" target=\"_blank\" rel=\"noopener noreferrer\"><img decoding=\"async\" class=\"aligncenter\" src=\"https:\/\/redfoxlotto.com\/image?size=8&amp;lottery=lotto-6aus49\" alt=\"German 6aus49\" \/><\/a><\/p>\n<h2>J\u016bs vairs nevarat piedal\u012bties tikai loterij\u0101 sav\u0101 re\u0123ion\u0101<\/h2>\n<p>Ja esat t\u0101ds pats k\u0101 vairums loteriju sp\u0113l\u0113t\u0101ju, j\u016bs v\u0113laties sp\u0113l\u0113t liel\u0101s loterijas, un, ja jums ir iesp\u0113ja izv\u0113l\u0113ties, j\u016bs v\u0113laties sp\u0113l\u0113t vair\u0101k nek\u0101 tikai vienu. Tom\u0113r l\u012bdz \u0161im tas nebija iesp\u0113jams. Cilv\u0113ki br\u012bn\u012bj\u0101s, k\u0101p\u0113c tas nav iesp\u0113jams, piem\u0113ram, k\u0101p\u0113c tie\u0161saist\u0113 var ieg\u0101d\u0101ties gandr\u012bz visu, iz\u0146emot loterijas bi\u013cetes?<\/p>\n<p>Lai to izdar\u012btu, bija nepiecie\u0161ams izveidot cilv\u0113ku t\u012bklu, kas m\u016bsu klientu lab\u0101 veiktu sol\u012bjumus, kas paredz\u0113ja doties un ieg\u0101d\u0101ties bi\u013cetes ikvienam cilv\u0113kam daudz\u0101s da\u017e\u0101d\u0101s valst\u012bs. Tas ietv\u0113ra ar\u012b klientu pieredzes p\u0101rvald\u012bbu, s\u0101kot no p\u0101rdo\u0161anas br\u012b\u017ea, un t\u0101du izcilu pakalpojumu nodro\u0161in\u0101\u0161anu, k\u0101dus cilv\u0113ki sagaida.<\/p>\n<p><img loading=\"lazy\" decoding=\"async\" class=\" wp-image-1543 alignright\" src=\"https:\/\/onlinelotto365.com\/wp-content\/uploads\/2020\/11\/online_lottery-135.jpg\" alt=\"Sp\u0113l\u0113jiet v\u0101cu loto tie\u0161saist\u0113\" width=\"305\" height=\"204\" \/><\/p>\n<h2>Par German Lotto<\/h2>\n<ul>\n<li>Valsts: V\u0101cija<\/li>\n<li>Galveno skait\u013cu diapazons: 49<\/li>\n<li>J\u016bs izv\u0113laties: 6<\/li>\n<li>Papildu skait\u013cu diapazons: nav<\/li>\n<li>J\u016bs izv\u0113laties: nav<\/li>\n<li>Izlozes dienas, stundas: Sestdiena, 20:25 CET, 20:25 CET, 20:25 CET<\/li>\n<li>Minim\u0101lais d\u017eekpots: \u20ac 1 miljons<\/li>\n<li>Maksim\u0101lais d\u017eekpota limits: bez maksim\u0101l\u0101 limita<\/li>\n<li>D\u017eekpota laim\u0113\u0161anas varb\u016bt\u012bba: 1 pret 125 854 344<\/li>\n<li>2. l\u012bme\u0146a laimesta varb\u016bt\u012bba: 1 pret 13 983 816<\/li>\n<li>Iesp\u0113ja laim\u0113t jebkur\u0101 l\u012bmen\u012b: 1 pret 31<\/li>\n<li>Balvu l\u012bme\u0146u skaits: 9<\/li>\n<\/ul>\n<p>Visas m\u016bsu pied\u0101v\u0101t\u0101s loterijas ir pirm\u0101s klases galven\u0101s loterijas, tostarp V\u0101cijas Lotto. Lai sp\u0113l\u0113tu V\u0101cu loto, J\u016bs izv\u0113laties 6 skait\u013cus no 49 iesp\u0113jamiem, k\u0101 ar\u012b bonusa skaitli no 1 l\u012bdz 9.\u00a0Ja veiksm\u012bgi tr\u0101p\u012bsiet visus 6 skait\u013cus un bonusa skaitli, j\u016bs dr\u012bzum\u0101 dosieties uz V\u0101ciju, lai pa\u0146emtu vair\u0101kus miljonus eiro vai vair\u0101k.<\/p>\n<p>\u0145emot v\u0113r\u0101 maz\u0101ko bumbi\u0146u skaitu cilindr\u0101 sal\u012bdzin\u0101jum\u0101 ar daudz\u0101m cit\u0101m lielaj\u0101m loterij\u0101m, j\u016bsu izredzes vinn\u0113t V\u0101cijas Lotto d\u017eekpotu noteikti ir liel\u0101kas. V\u0101cijas Lotto, protams, t\u0101pat k\u0101 visas loterijas, pied\u0101v\u0101 ar\u012b citas balvas, un bez d\u017eekpota ir v\u0113l 7 papildu balvas. Ja jums izdosies sakrit\u012bs tikai 3 skait\u013ci, j\u016bs sa\u0146emsiet balvu.<\/p>\n<h2>\u013baujiet mums b\u016bt j\u016bsu ce\u013cvedis V\u0101cijas loto un ne tikai.<\/h2>\n<p>\u0145emot v\u0113r\u0101 to, cik popul\u0101ras vis\u0101 pasaul\u0113 ir loterijas, piek\u013cuve vis\u0101m labaj\u0101m loterij\u0101m ir loteriju sp\u0113l\u0113t\u0101ju sapnis. K\u0101p\u0113c sp\u0113l\u0113t tikai vienu, ja t\u0101 viet\u0101 varat sp\u0113l\u0113t tik daudz, cik v\u0113laties? K\u0101p\u0113c samierin\u0101ties ar vienu vai diviem izlozes cikliem ned\u0113\u013c\u0101, ja p\u0113c v\u0113l\u0113\u0161an\u0101s varat piedal\u012bties desmitos? K\u0101d\u0113\u013c gan staig\u0101t uz veikalu, ja varat ieg\u0101d\u0101ties visas v\u0113lam\u0101s loterijas bi\u013cetes tie\u0161saist\u0113?<\/p>\n<h2>J\u016bs esat sp\u0113l\u0113jis V\u0101cu Lotto tie\u0161saist\u0113 un vinn\u0113jis &#8211; kas notiks t\u0101l\u0101k?<\/h2>\n<p>M\u0113s jums pal\u012bdz\u0113sim katr\u0101 sol\u012b, s\u0101kot no pirkuma apstiprin\u0101juma nos\u016bt\u012b\u0161anas pa e-pastu l\u012bdz pazi\u0146ojumam pa e-pastu, kad j\u016bs vinn\u0113siet, un beidzot ar pal\u012bdz\u012bbu vinn\u0113t laim\u0113to naudu. Tas viss ir neticami vienk\u0101r\u0161i.<\/p>\n","protected":false},"excerpt":{"rendered":"<p>V\u0101cu Lotto ir viena no pasaul\u0113 visilg\u0101k r\u012bkotaj\u0101m loterij\u0101m, kas tiek organiz\u0113ta jau vair\u0101k nek\u0101 50 gadus. J\u016bs varat der\u0113t, ka \u0161\u012b pieredze vi\u0146iem ir \u013coti noder\u012bga, un t\u0101 ir viena no liel\u0101kaj\u0101m Eiropas valst\u012bm, kas saglab\u0101 savu nacion\u0101lo loteriju, nevis apvienojas ar EuroMillions loteriju. T\u0101p\u0113c v\u0101cie\u0161i lepojas ar savu V\u0101cijas loto, un vi\u0146iem tas [&hellip;]<\/p>\n","protected":false},"author":1,"featured_media":0,"parent":5025,"menu_order":11,"comment_status":"closed","ping_status":"closed","template":"lotto-german.php","meta":{"_et_pb_use_builder":"","_et_pb_old_content":"","_et_gb_content_width":"","exclude_from_search":false,"footnotes":""},"class_list":["post-79213","page","type-page","status-publish","hentry"],"yoast_head":"<!-- This site is optimized with the Yoast SEO plugin v23.4 - https:\/\/yoast.com\/wordpress\/plugins\/seo\/ -->\n<title>Sp\u0113l\u0113jiet V\u0101cijas Lotto tie\u0161saist\u0113 no Latvijas | Vai es varu piedal\u012bties V\u0101cijas Lotto, ja dz\u012bvoju Latvij\u0101?<\/title>\n<meta name=\"description\" content=\"Sp\u0113l\u0113jiet V\u0101cu Loto Loto \u0161eit - m\u016bsu tie\u0161saistes bi\u013ce\u0161u pakalpojums \u013cauj to dar\u012bt no Latvijas\" \/>\n<meta name=\"robots\" content=\"index, follow, max-snippet:-1, max-image-preview:large, max-video-preview:-1\" \/>\n<link rel=\"canonical\" href=\"https:\/\/onlinelotto365.com\/lv\/spelet\/german-lotto\/\" \/>\n<meta property=\"og:locale\" content=\"lv_LV\" \/>\n<meta property=\"og:type\" content=\"article\" \/>\n<meta property=\"og:title\" content=\"Sp\u0113l\u0113jiet V\u0101cijas Lotto tie\u0161saist\u0113 no Latvijas | Vai es varu piedal\u012bties V\u0101cijas Lotto, ja dz\u012bvoju Latvij\u0101?\" \/>\n<meta property=\"og:description\" content=\"Sp\u0113l\u0113jiet V\u0101cu Loto Loto \u0161eit - m\u016bsu tie\u0161saistes bi\u013ce\u0161u pakalpojums \u013cauj to dar\u012bt no Latvijas\" \/>\n<meta property=\"og:url\" content=\"https:\/\/onlinelotto365.com\/lv\/spelet\/german-lotto\/\" \/>\n<meta property=\"og:site_name\" content=\"OnlineLotto365\" \/>\n<meta property=\"og:image\" content=\"https:\/\/redfoxlotto.com\/image?size=8&amp;lottery=lotto-6aus49\" \/>\n<meta name=\"twitter:card\" content=\"summary_large_image\" \/>\n<meta name=\"twitter:label1\" content=\"Est. reading time\" \/>\n\t<meta name=\"twitter:data1\" content=\"3 minutes\" \/>\n<script type=\"application\/ld+json\" class=\"yoast-schema-graph\">{\"@context\":\"https:\/\/schema.org\",\"@graph\":[{\"@type\":\"WebPage\",\"@id\":\"https:\/\/onlinelotto365.com\/lv\/spelet\/german-lotto\/\",\"url\":\"https:\/\/onlinelotto365.com\/lv\/spelet\/german-lotto\/\",\"name\":\"Sp\u0113l\u0113jiet V\u0101cijas Lotto tie\u0161saist\u0113 no Latvijas | Vai es varu piedal\u012bties V\u0101cijas Lotto, ja dz\u012bvoju Latvij\u0101?\",\"isPartOf\":{\"@id\":\"https:\/\/onlinelotto365.com\/lv\/#website\"},\"primaryImageOfPage\":{\"@id\":\"https:\/\/onlinelotto365.com\/lv\/spelet\/german-lotto\/#primaryimage\"},\"image\":{\"@id\":\"https:\/\/onlinelotto365.com\/lv\/spelet\/german-lotto\/#primaryimage\"},\"thumbnailUrl\":\"https:\/\/redfoxlotto.com\/image?size=8&amp;lottery=lotto-6aus49\",\"datePublished\":\"2022-11-02T10:21:22+00:00\",\"dateModified\":\"2022-11-02T10:21:22+00:00\",\"description\":\"Sp\u0113l\u0113jiet V\u0101cu Loto Loto \u0161eit - m\u016bsu tie\u0161saistes bi\u013ce\u0161u pakalpojums \u013cauj to dar\u012bt no Latvijas\",\"breadcrumb\":{\"@id\":\"https:\/\/onlinelotto365.com\/lv\/spelet\/german-lotto\/#breadcrumb\"},\"inLanguage\":\"lv-LV\",\"potentialAction\":[{\"@type\":\"ReadAction\",\"target\":[\"https:\/\/onlinelotto365.com\/lv\/spelet\/german-lotto\/\"]}]},{\"@type\":\"ImageObject\",\"inLanguage\":\"lv-LV\",\"@id\":\"https:\/\/onlinelotto365.com\/lv\/spelet\/german-lotto\/#primaryimage\",\"url\":\"https:\/\/redfoxlotto.com\/image?size=8&amp;lottery=lotto-6aus49\",\"contentUrl\":\"https:\/\/redfoxlotto.com\/image?size=8&amp;lottery=lotto-6aus49\"},{\"@type\":\"BreadcrumbList\",\"@id\":\"https:\/\/onlinelotto365.com\/lv\/spelet\/german-lotto\/#breadcrumb\",\"itemListElement\":[{\"@type\":\"ListItem\",\"position\":1,\"name\":\"Home\",\"item\":\"https:\/\/onlinelotto365.com\/lv\/\"},{\"@type\":\"ListItem\",\"position\":2,\"name\":\"Viss, kas jums j\u0101zina par iesp\u0113j\u0101m sp\u0113l\u0113t lab\u0101k\u0101s loterijas tie\u0161saist\u0113\",\"item\":\"https:\/\/onlinelotto365.com\/lv\/play\/\"},{\"@type\":\"ListItem\",\"position\":3,\"name\":\"Piedal\u012bties V\u0101cijas Lotto no cit\u0101m valst\u012bm\"}]},{\"@type\":\"WebSite\",\"@id\":\"https:\/\/onlinelotto365.com\/lv\/#website\",\"url\":\"https:\/\/onlinelotto365.com\/lv\/\",\"name\":\"OnlineLotto365\",\"description\":\"\",\"potentialAction\":[{\"@type\":\"SearchAction\",\"target\":{\"@type\":\"EntryPoint\",\"urlTemplate\":\"https:\/\/onlinelotto365.com\/lv\/?s={search_term_string}\"},\"query-input\":{\"@type\":\"PropertyValueSpecification\",\"valueRequired\":true,\"valueName\":\"search_term_string\"}}],\"inLanguage\":\"lv-LV\"}]}<\/script>\n<!-- \/ Yoast SEO plugin. -->","yoast_head_json":{"title":"Sp\u0113l\u0113jiet V\u0101cijas Lotto tie\u0161saist\u0113 no Latvijas | Vai es varu piedal\u012bties V\u0101cijas Lotto, ja dz\u012bvoju Latvij\u0101?","description":"Sp\u0113l\u0113jiet V\u0101cu Loto Loto \u0161eit - m\u016bsu tie\u0161saistes bi\u013ce\u0161u pakalpojums \u013cauj to dar\u012bt no Latvijas","robots":{"index":"index","follow":"follow","max-snippet":"max-snippet:-1","max-image-preview":"max-image-preview:large","max-video-preview":"max-video-preview:-1"},"canonical":"https:\/\/onlinelotto365.com\/lv\/spelet\/german-lotto\/","og_locale":"lv_LV","og_type":"article","og_title":"Sp\u0113l\u0113jiet V\u0101cijas Lotto tie\u0161saist\u0113 no Latvijas | Vai es varu piedal\u012bties V\u0101cijas Lotto, ja dz\u012bvoju Latvij\u0101?","og_description":"Sp\u0113l\u0113jiet V\u0101cu Loto Loto \u0161eit - m\u016bsu tie\u0161saistes bi\u013ce\u0161u pakalpojums \u013cauj to dar\u012bt no Latvijas","og_url":"https:\/\/onlinelotto365.com\/lv\/spelet\/german-lotto\/","og_site_name":"OnlineLotto365","og_image":[{"url":"https:\/\/redfoxlotto.com\/image?size=8&amp;lottery=lotto-6aus49"}],"twitter_card":"summary_large_image","twitter_misc":{"Est. reading time":"3 minutes"},"schema":{"@context":"https:\/\/schema.org","@graph":[{"@type":"WebPage","@id":"https:\/\/onlinelotto365.com\/lv\/spelet\/german-lotto\/","url":"https:\/\/onlinelotto365.com\/lv\/spelet\/german-lotto\/","name":"Sp\u0113l\u0113jiet V\u0101cijas Lotto tie\u0161saist\u0113 no Latvijas | Vai es varu piedal\u012bties V\u0101cijas Lotto, ja dz\u012bvoju Latvij\u0101?","isPartOf":{"@id":"https:\/\/onlinelotto365.com\/lv\/#website"},"primaryImageOfPage":{"@id":"https:\/\/onlinelotto365.com\/lv\/spelet\/german-lotto\/#primaryimage"},"image":{"@id":"https:\/\/onlinelotto365.com\/lv\/spelet\/german-lotto\/#primaryimage"},"thumbnailUrl":"https:\/\/redfoxlotto.com\/image?size=8&amp;lottery=lotto-6aus49","datePublished":"2022-11-02T10:21:22+00:00","dateModified":"2022-11-02T10:21:22+00:00","description":"Sp\u0113l\u0113jiet V\u0101cu Loto Loto \u0161eit - m\u016bsu tie\u0161saistes bi\u013ce\u0161u pakalpojums \u013cauj to dar\u012bt no Latvijas","breadcrumb":{"@id":"https:\/\/onlinelotto365.com\/lv\/spelet\/german-lotto\/#breadcrumb"},"inLanguage":"lv-LV","potentialAction":[{"@type":"ReadAction","target":["https:\/\/onlinelotto365.com\/lv\/spelet\/german-lotto\/"]}]},{"@type":"ImageObject","inLanguage":"lv-LV","@id":"https:\/\/onlinelotto365.com\/lv\/spelet\/german-lotto\/#primaryimage","url":"https:\/\/redfoxlotto.com\/image?size=8&amp;lottery=lotto-6aus49","contentUrl":"https:\/\/redfoxlotto.com\/image?size=8&amp;lottery=lotto-6aus49"},{"@type":"BreadcrumbList","@id":"https:\/\/onlinelotto365.com\/lv\/spelet\/german-lotto\/#breadcrumb","itemListElement":[{"@type":"ListItem","position":1,"name":"Home","item":"https:\/\/onlinelotto365.com\/lv\/"},{"@type":"ListItem","position":2,"name":"Viss, kas jums j\u0101zina par iesp\u0113j\u0101m sp\u0113l\u0113t lab\u0101k\u0101s loterijas tie\u0161saist\u0113","item":"https:\/\/onlinelotto365.com\/lv\/play\/"},{"@type":"ListItem","position":3,"name":"Piedal\u012bties V\u0101cijas Lotto no cit\u0101m valst\u012bm"}]},{"@type":"WebSite","@id":"https:\/\/onlinelotto365.com\/lv\/#website","url":"https:\/\/onlinelotto365.com\/lv\/","name":"OnlineLotto365","description":"","potentialAction":[{"@type":"SearchAction","target":{"@type":"EntryPoint","urlTemplate":"https:\/\/onlinelotto365.com\/lv\/?s={search_term_string}"},"query-input":{"@type":"PropertyValueSpecification","valueRequired":true,"valueName":"search_term_string"}}],"inLanguage":"lv-LV"}]}},"_links":{"self":[{"href":"https:\/\/onlinelotto365.com\/lv\/wp-json\/wp\/v2\/pages\/79213","targetHints":{"allow":["GET"]}}],"collection":[{"href":"https:\/\/onlinelotto365.com\/lv\/wp-json\/wp\/v2\/pages"}],"about":[{"href":"https:\/\/onlinelotto365.com\/lv\/wp-json\/wp\/v2\/types\/page"}],"author":[{"embeddable":true,"href":"https:\/\/onlinelotto365.com\/lv\/wp-json\/wp\/v2\/users\/1"}],"replies":[{"embeddable":true,"href":"https:\/\/onlinelotto365.com\/lv\/wp-json\/wp\/v2\/comments?post=79213"}],"version-history":[{"count":0,"href":"https:\/\/onlinelotto365.com\/lv\/wp-json\/wp\/v2\/pages\/79213\/revisions"}],"up":[{"embeddable":true,"href":"https:\/\/onlinelotto365.com\/lv\/wp-json\/wp\/v2\/pages\/5025"}],"wp:attachment":[{"href":"https:\/\/onlinelotto365.com\/lv\/wp-json\/wp\/v2\/media?parent=79213"}],"curies":[{"name":"wp","href":"https:\/\/api.w.org\/{rel}","templated":true}]}}