{"id":79254,"date":"2022-11-03T08:19:17","date_gmt":"2022-11-03T07:19:17","guid":{"rendered":"https:\/\/onlinelotto365.com\/?page_id=79254"},"modified":"2022-11-03T08:19:17","modified_gmt":"2022-11-03T07:19:17","slug":"la-primitiva","status":"publish","type":"page","link":"https:\/\/onlinelotto365.com\/lv\/spelet\/la-primitiva\/","title":{"rendered":"K\u0101 sp\u0113l\u0113t Sp\u0101nijas La Primitiva loterij\u0101"},"content":{"rendered":"<h2>Par La Primitiva<\/h2>\n<p>\u0160\u012b loterija no Sp\u0101nijas ir paz\u012bstama ar\u012b k\u0101 El Gordo, lai gan tas ir maldino\u0161i. Paties\u012bb\u0101 El Gordo ir La Primitiva loterijas Ziemassv\u0113tku izlozes iesauka. La Primitiva var sp\u0113l\u0113t visu gadu, bet El Gordo tiek pied\u0101v\u0101ta tikai Ziemassv\u0113tkos. La Primitiva Latvijas iedz\u012bvot\u0101ji var sp\u0113l\u0113t tie\u0161saist\u0113 m\u016bsu t\u012bmek\u013ca vietn\u0113.<\/p>\n<p>La Primitiva notiek divas izlozes ned\u0113\u013c\u0101. Izredzes laim\u0113t d\u017eekpotu ir sal\u012bdzino\u0161i augstas, jo nav papildu skait\u013cu.<\/p>\n<p><a href=\"https:\/\/redfoxlotto.com\/play\/la-primitiva\/?ref=a8564250a2&amp;medium=ol365\" target=\"_blank\" rel=\"noopener noreferrer\"><img decoding=\"async\" class=\"aligncenter\" src=\"https:\/\/redfoxlotto.com\/image?size=8&amp;lottery=la-primitiva\" alt=\"La Primitiva\" \/><\/a><\/p>\n<p>&nbsp;<\/p>\n<ul>\n<li>Valsts: Sp\u0101nija<\/li>\n<li>Galveno skait\u013cu diapazons: 49<\/li>\n<li>Jums j\u0101izv\u0113las: 6<\/li>\n<li>Papildu numuru diapazons:<\/li>\n<li>Jums j\u0101izv\u0113las: 1<\/li>\n<li>Izlozes dienas, stundas: Ceturtdiena, sestdiena, 21:30 CET &#8211; 21:30 CET &#8211; 21:30 CET<\/li>\n<li>D\u017eekpota s\u0101kums: \u20ac 2 miljoni<\/li>\n<li>Maksim\u0101lais d\u017eekpota apjoms: nav<\/li>\n<li>Iesp\u0113ja laim\u0113t d\u017eekpotu: 1 pret 15537573<\/li>\n<li>Iesp\u0113ja laim\u0113t otro balvu: 1 pret 542008<\/li>\n<li>Iesp\u0113ja laim\u0113t jebkuru balvu: 1 pret 8,43<\/li>\n<li>Balvu kategoriju skaits: 9<\/li>\n<\/ul>\n<p>&nbsp;<\/p>\n<h2>\nLa Primitiva lab\u0101k\u0101s iez\u012bmes<\/h2>\n<p>K\u0101 jau min\u0113ts, tas, ka jums ir j\u0101izsp\u0113l\u0113 tikai 6 skait\u013ci no 49 un nav papildu skait\u013cu, noz\u012bm\u0113, ka j\u016bsu izredzes laim\u0113t d\u017eekpotu ir diezgan labas.<\/p>\n<h2>K\u0101 p\u0101rbaud\u012bt La Primitiva rezult\u0101tus<\/h2>\n<p>Ja esat ieg\u0101d\u0101jies bi\u013ceti tie\u0161saist\u0113 no Latvijas vai citas valsts \u0101rpus Sp\u0101nijas, atrast laim\u0113ju\u0161os skait\u013cus un laimestu summas var b\u016bt sare\u017e\u0123\u012bti. Ta\u010du \u0161eit, m\u016bsu t\u012bmek\u013ca vietn\u0113, m\u0113s public\u0113jam rezult\u0101tus uzreiz p\u0113c La Primitiva loterijas numuru izlozes. J\u016bs pat varat apskat\u012bt savu bi\u013ceti sav\u0101 sp\u0113l\u0113t\u0101ja kont\u0101, kur uzreiz redz\u0113siet, kuri skait\u013ci no j\u016bsu loterijas bi\u013cetes atbilst izlozes rezult\u0101tiem.<\/p>\n<p><img loading=\"lazy\" decoding=\"async\" class=\"alignright size-full wp-image-905\" src=\"https:\/\/onlinelotto365.com\/wp-content\/uploads\/2020\/11\/online_lottery-71.jpg\" alt=\"sp\u0113l\u0113t la primitiva\" width=\"302\" height=\"100\" \/><\/p>\n<h2>J\u016bs nosp\u0113l\u0113j\u0101t La Primitiva tie\u0161saist\u0113 un vinn\u0113j\u0101t &#8211; kas notiks t\u0101l\u0101k?<\/h2>\n<p>Ja j\u016bsu bi\u013cete ir vinn\u0113jusi balvu, kas ir maz\u0101ka par 2500 eiro, \u0161\u012b balvas summa uzreiz p\u0113c izlozes non\u0101ks j\u016bsu sp\u0113l\u0113t\u0101ja kont\u0101. Ja laim\u0113j\u0101t liel\u0101ku balvu, l\u016bdzu, sazinieties ar m\u016bsu apkalpojo\u0161o dienestu. Vi\u0146i pal\u012bdz\u0113s jums iestat\u012bt izmaksu &#8211; vai nu tie\u0161i uz j\u016bsu bankas kontu, vai ar\u012b ar \u010deku.<\/p>\n","protected":false},"excerpt":{"rendered":"<p>Par La Primitiva \u0160\u012b loterija no Sp\u0101nijas ir paz\u012bstama ar\u012b k\u0101 El Gordo, lai gan tas ir maldino\u0161i. Paties\u012bb\u0101 El Gordo ir La Primitiva loterijas Ziemassv\u0113tku izlozes iesauka. La Primitiva var sp\u0113l\u0113t visu gadu, bet El Gordo tiek pied\u0101v\u0101ta tikai Ziemassv\u0113tkos. La Primitiva Latvijas iedz\u012bvot\u0101ji var sp\u0113l\u0113t tie\u0161saist\u0113 m\u016bsu t\u012bmek\u013ca vietn\u0113. La Primitiva notiek divas [&hellip;]<\/p>\n","protected":false},"author":1,"featured_media":0,"parent":5025,"menu_order":7,"comment_status":"closed","ping_status":"closed","template":"la-primitiva.php","meta":{"_et_pb_use_builder":"","_et_pb_old_content":"","_et_gb_content_width":"","exclude_from_search":false,"footnotes":""},"class_list":["post-79254","page","type-page","status-publish","hentry"],"yoast_head":"<!-- This site is optimized with the Yoast SEO plugin v23.4 - https:\/\/yoast.com\/wordpress\/plugins\/seo\/ -->\n<title>Sp\u0113l\u0113jiet La Primitiva Sp\u0101nij\u0101 tie\u0161saist\u0113 | La Primitiva no Latvijas<\/title>\n<meta name=\"description\" content=\"Sp\u0101nijas La Primitiva loteriju tagad var sp\u0113l\u0113t tie\u0161saist\u0113 no Latvijas\" \/>\n<meta name=\"robots\" content=\"index, follow, max-snippet:-1, max-image-preview:large, max-video-preview:-1\" \/>\n<link rel=\"canonical\" href=\"https:\/\/onlinelotto365.com\/lv\/spelet\/la-primitiva\/\" \/>\n<meta property=\"og:locale\" content=\"lv_LV\" \/>\n<meta property=\"og:type\" content=\"article\" \/>\n<meta property=\"og:title\" content=\"Sp\u0113l\u0113jiet La Primitiva Sp\u0101nij\u0101 tie\u0161saist\u0113 | La Primitiva no Latvijas\" \/>\n<meta property=\"og:description\" content=\"Sp\u0101nijas La Primitiva loteriju tagad var sp\u0113l\u0113t tie\u0161saist\u0113 no Latvijas\" \/>\n<meta property=\"og:url\" content=\"https:\/\/onlinelotto365.com\/lv\/spelet\/la-primitiva\/\" \/>\n<meta property=\"og:site_name\" content=\"OnlineLotto365\" \/>\n<meta property=\"og:image\" content=\"https:\/\/redfoxlotto.com\/image?size=8&amp;lottery=la-primitiva\" \/>\n<meta name=\"twitter:card\" content=\"summary_large_image\" \/>\n<meta name=\"twitter:label1\" content=\"Est. reading time\" \/>\n\t<meta name=\"twitter:data1\" content=\"2 minutes\" \/>\n<script type=\"application\/ld+json\" class=\"yoast-schema-graph\">{\"@context\":\"https:\/\/schema.org\",\"@graph\":[{\"@type\":\"WebPage\",\"@id\":\"https:\/\/onlinelotto365.com\/lv\/spelet\/la-primitiva\/\",\"url\":\"https:\/\/onlinelotto365.com\/lv\/spelet\/la-primitiva\/\",\"name\":\"Sp\u0113l\u0113jiet La Primitiva Sp\u0101nij\u0101 tie\u0161saist\u0113 | La Primitiva no Latvijas\",\"isPartOf\":{\"@id\":\"https:\/\/onlinelotto365.com\/lv\/#website\"},\"primaryImageOfPage\":{\"@id\":\"https:\/\/onlinelotto365.com\/lv\/spelet\/la-primitiva\/#primaryimage\"},\"image\":{\"@id\":\"https:\/\/onlinelotto365.com\/lv\/spelet\/la-primitiva\/#primaryimage\"},\"thumbnailUrl\":\"https:\/\/redfoxlotto.com\/image?size=8&amp;lottery=la-primitiva\",\"datePublished\":\"2022-11-03T07:19:17+00:00\",\"dateModified\":\"2022-11-03T07:19:17+00:00\",\"description\":\"Sp\u0101nijas La Primitiva loteriju tagad var sp\u0113l\u0113t tie\u0161saist\u0113 no Latvijas\",\"breadcrumb\":{\"@id\":\"https:\/\/onlinelotto365.com\/lv\/spelet\/la-primitiva\/#breadcrumb\"},\"inLanguage\":\"lv-LV\",\"potentialAction\":[{\"@type\":\"ReadAction\",\"target\":[\"https:\/\/onlinelotto365.com\/lv\/spelet\/la-primitiva\/\"]}]},{\"@type\":\"ImageObject\",\"inLanguage\":\"lv-LV\",\"@id\":\"https:\/\/onlinelotto365.com\/lv\/spelet\/la-primitiva\/#primaryimage\",\"url\":\"https:\/\/redfoxlotto.com\/image?size=8&amp;lottery=la-primitiva\",\"contentUrl\":\"https:\/\/redfoxlotto.com\/image?size=8&amp;lottery=la-primitiva\"},{\"@type\":\"BreadcrumbList\",\"@id\":\"https:\/\/onlinelotto365.com\/lv\/spelet\/la-primitiva\/#breadcrumb\",\"itemListElement\":[{\"@type\":\"ListItem\",\"position\":1,\"name\":\"Home\",\"item\":\"https:\/\/onlinelotto365.com\/lv\/\"},{\"@type\":\"ListItem\",\"position\":2,\"name\":\"Viss, kas jums j\u0101zina par iesp\u0113j\u0101m sp\u0113l\u0113t lab\u0101k\u0101s loterijas tie\u0161saist\u0113\",\"item\":\"https:\/\/onlinelotto365.com\/lv\/play\/\"},{\"@type\":\"ListItem\",\"position\":3,\"name\":\"K\u0101 sp\u0113l\u0113t Sp\u0101nijas La Primitiva loterij\u0101\"}]},{\"@type\":\"WebSite\",\"@id\":\"https:\/\/onlinelotto365.com\/lv\/#website\",\"url\":\"https:\/\/onlinelotto365.com\/lv\/\",\"name\":\"OnlineLotto365\",\"description\":\"\",\"potentialAction\":[{\"@type\":\"SearchAction\",\"target\":{\"@type\":\"EntryPoint\",\"urlTemplate\":\"https:\/\/onlinelotto365.com\/lv\/?s={search_term_string}\"},\"query-input\":{\"@type\":\"PropertyValueSpecification\",\"valueRequired\":true,\"valueName\":\"search_term_string\"}}],\"inLanguage\":\"lv-LV\"}]}<\/script>\n<!-- \/ Yoast SEO plugin. -->","yoast_head_json":{"title":"Sp\u0113l\u0113jiet La Primitiva Sp\u0101nij\u0101 tie\u0161saist\u0113 | La Primitiva no Latvijas","description":"Sp\u0101nijas La Primitiva loteriju tagad var sp\u0113l\u0113t tie\u0161saist\u0113 no Latvijas","robots":{"index":"index","follow":"follow","max-snippet":"max-snippet:-1","max-image-preview":"max-image-preview:large","max-video-preview":"max-video-preview:-1"},"canonical":"https:\/\/onlinelotto365.com\/lv\/spelet\/la-primitiva\/","og_locale":"lv_LV","og_type":"article","og_title":"Sp\u0113l\u0113jiet La Primitiva Sp\u0101nij\u0101 tie\u0161saist\u0113 | La Primitiva no Latvijas","og_description":"Sp\u0101nijas La Primitiva loteriju tagad var sp\u0113l\u0113t tie\u0161saist\u0113 no Latvijas","og_url":"https:\/\/onlinelotto365.com\/lv\/spelet\/la-primitiva\/","og_site_name":"OnlineLotto365","og_image":[{"url":"https:\/\/redfoxlotto.com\/image?size=8&amp;lottery=la-primitiva"}],"twitter_card":"summary_large_image","twitter_misc":{"Est. reading time":"2 minutes"},"schema":{"@context":"https:\/\/schema.org","@graph":[{"@type":"WebPage","@id":"https:\/\/onlinelotto365.com\/lv\/spelet\/la-primitiva\/","url":"https:\/\/onlinelotto365.com\/lv\/spelet\/la-primitiva\/","name":"Sp\u0113l\u0113jiet La Primitiva Sp\u0101nij\u0101 tie\u0161saist\u0113 | La Primitiva no Latvijas","isPartOf":{"@id":"https:\/\/onlinelotto365.com\/lv\/#website"},"primaryImageOfPage":{"@id":"https:\/\/onlinelotto365.com\/lv\/spelet\/la-primitiva\/#primaryimage"},"image":{"@id":"https:\/\/onlinelotto365.com\/lv\/spelet\/la-primitiva\/#primaryimage"},"thumbnailUrl":"https:\/\/redfoxlotto.com\/image?size=8&amp;lottery=la-primitiva","datePublished":"2022-11-03T07:19:17+00:00","dateModified":"2022-11-03T07:19:17+00:00","description":"Sp\u0101nijas La Primitiva loteriju tagad var sp\u0113l\u0113t tie\u0161saist\u0113 no Latvijas","breadcrumb":{"@id":"https:\/\/onlinelotto365.com\/lv\/spelet\/la-primitiva\/#breadcrumb"},"inLanguage":"lv-LV","potentialAction":[{"@type":"ReadAction","target":["https:\/\/onlinelotto365.com\/lv\/spelet\/la-primitiva\/"]}]},{"@type":"ImageObject","inLanguage":"lv-LV","@id":"https:\/\/onlinelotto365.com\/lv\/spelet\/la-primitiva\/#primaryimage","url":"https:\/\/redfoxlotto.com\/image?size=8&amp;lottery=la-primitiva","contentUrl":"https:\/\/redfoxlotto.com\/image?size=8&amp;lottery=la-primitiva"},{"@type":"BreadcrumbList","@id":"https:\/\/onlinelotto365.com\/lv\/spelet\/la-primitiva\/#breadcrumb","itemListElement":[{"@type":"ListItem","position":1,"name":"Home","item":"https:\/\/onlinelotto365.com\/lv\/"},{"@type":"ListItem","position":2,"name":"Viss, kas jums j\u0101zina par iesp\u0113j\u0101m sp\u0113l\u0113t lab\u0101k\u0101s loterijas tie\u0161saist\u0113","item":"https:\/\/onlinelotto365.com\/lv\/play\/"},{"@type":"ListItem","position":3,"name":"K\u0101 sp\u0113l\u0113t Sp\u0101nijas La Primitiva loterij\u0101"}]},{"@type":"WebSite","@id":"https:\/\/onlinelotto365.com\/lv\/#website","url":"https:\/\/onlinelotto365.com\/lv\/","name":"OnlineLotto365","description":"","potentialAction":[{"@type":"SearchAction","target":{"@type":"EntryPoint","urlTemplate":"https:\/\/onlinelotto365.com\/lv\/?s={search_term_string}"},"query-input":{"@type":"PropertyValueSpecification","valueRequired":true,"valueName":"search_term_string"}}],"inLanguage":"lv-LV"}]}},"_links":{"self":[{"href":"https:\/\/onlinelotto365.com\/lv\/wp-json\/wp\/v2\/pages\/79254","targetHints":{"allow":["GET"]}}],"collection":[{"href":"https:\/\/onlinelotto365.com\/lv\/wp-json\/wp\/v2\/pages"}],"about":[{"href":"https:\/\/onlinelotto365.com\/lv\/wp-json\/wp\/v2\/types\/page"}],"author":[{"embeddable":true,"href":"https:\/\/onlinelotto365.com\/lv\/wp-json\/wp\/v2\/users\/1"}],"replies":[{"embeddable":true,"href":"https:\/\/onlinelotto365.com\/lv\/wp-json\/wp\/v2\/comments?post=79254"}],"version-history":[{"count":0,"href":"https:\/\/onlinelotto365.com\/lv\/wp-json\/wp\/v2\/pages\/79254\/revisions"}],"up":[{"embeddable":true,"href":"https:\/\/onlinelotto365.com\/lv\/wp-json\/wp\/v2\/pages\/5025"}],"wp:attachment":[{"href":"https:\/\/onlinelotto365.com\/lv\/wp-json\/wp\/v2\/media?parent=79254"}],"curies":[{"name":"wp","href":"https:\/\/api.w.org\/{rel}","templated":true}]}}