{"id":79293,"date":"2022-11-03T10:13:30","date_gmt":"2022-11-03T09:13:30","guid":{"rendered":"https:\/\/onlinelotto365.com\/?page_id=79293"},"modified":"2022-11-03T10:13:54","modified_gmt":"2022-11-03T09:13:54","slug":"saturday-lotto-australia","status":"publish","type":"page","link":"https:\/\/onlinelotto365.com\/lv\/spelet\/saturday-lotto-australia\/","title":{"rendered":"Sp\u0113l\u0113jot Saturday Lotto Australia ir tikai viena no iesp\u0113j\u0101m loterijas faniem no Latvijas."},"content":{"rendered":"<h2>K\u0101 sp\u0113l\u0113t Saturday Lotto Australia online<\/h2>\n<p>Ja j\u016bs dz\u012bvojat Latvij\u0101 vai citur pasaul\u0113, j\u016bs redz\u0113siet, ka sp\u0113l\u0113t Saturday Lotto Australia nav tik gr\u016bti, k\u0101 j\u016bs dom\u0101jat. Turkl\u0101t jums b\u016bs iesp\u0113jas ieg\u016bt v\u0113lam\u0101s bi\u013cetes, net\u0113r\u0113jot tam daudz laika &#8211; kas var b\u016bt lab\u0101ks par to?<\/p>\n<p>Fakts, ka m\u0113s jums pal\u012bdz\u0113sim \u0161aj\u0101 ce\u013c\u0101, noteikti b\u016bs ar\u012b liels ieguvums. J\u016bs varat izv\u0113l\u0113ties visas v\u0113lam\u0101s iesp\u0113jas, izveidot savu kontu, ieg\u0101d\u0101ties bi\u013cetes un visu p\u0101r\u0113jo, kas jums nepiecie\u0161ams, izmantojot v\u0113lamo maks\u0101\u0161anas veidu, pavisam \u012bs\u0101 laik\u0101. Un m\u0113s par\u016bp\u0113simies, lai \u0161\u012bs bi\u013cetes b\u016btu gatavas jums izlozes br\u012bd\u012b.<\/p>\n<p>Viss, kas jums j\u0101dara, ir j\u0101p\u0101rbauda da\u017e\u0101das loto iesp\u0113jas un j\u0101izv\u0113las Saturday Lotto Australia. Kad to izdar\u012bsiet, jums b\u016bs iesp\u0113ja izv\u0113l\u0113ties v\u0113lamos skait\u013cus katrai bi\u013cetei.<br \/>\nTom\u0113r neuztraucieties par nepareiza skait\u013cu skaita izv\u0113li, jo sist\u0113ma pal\u012bdz\u0113s jums izv\u0113l\u0113ties pareizo skaitu. Un, ja neesat p\u0101rliecin\u0101ts par v\u0113lamajiem numuriem, varat vienk\u0101r\u0161i izv\u0113l\u0113ties \u0101tro izv\u0113li, lai dators izv\u0113l\u0113tos numurus j\u016bsu viet\u0101.<\/p>\n<p>Kad esat ieguvis bi\u013cetes, varat izv\u0113l\u0113ties, vai v\u0113laties pievienot v\u0113l, izv\u0113l\u0113ties bi\u013cetes uz citu sp\u0113li vai vienk\u0101r\u0161i pievienot t\u0101s savam pas\u016bt\u012bjumam un sagatavoties pirkumam. Izrakst\u012b\u0161an\u0101s process ir izstr\u0101d\u0101ts t\u0101, lai tas b\u016btu p\u0113c iesp\u0113jas vienk\u0101r\u0161\u0101ks, t\u0101p\u0113c j\u016bs varat samaks\u0101t par bi\u013cet\u0113m un nekav\u0113joties doties ce\u013c\u0101. Viss, kas jums j\u0101dara, ir j\u0101izveido konts.<\/p>\n<p>Konta izveide ir pavisam vienk\u0101r\u0161a, jo mums nav nepiecie\u0161ams daudz inform\u0101cijas. Un p\u0113c tam m\u0113s nos\u016bt\u012bsim jums verifik\u0101cijas e-pastu, lai j\u016bs var\u0113tu pabeigt sava konta izveidi. Paturiet pr\u0101t\u0101, ka tas var non\u0101kt j\u016bsu surog\u0101tpasta map\u0113 (tas noz\u012bm\u0113, ka jums nepiecie\u0161ams pievienot m\u016bs savai adre\u0161u gr\u0101mati\u0146ai), un l\u012bdz ar to jums b\u016bs konts un iesp\u0113ja ieg\u0101d\u0101ties vair\u0101k bi\u013ce\u0161u, kad vien v\u0113laties.<\/p>\n<p><a href=\"https:\/\/redfoxlotto.com\/play\/saturday-lotto-au\/?ref=a8564250a2&amp;medium=ol365\" target=\"_blank\" rel=\"noopener noreferrer\"><img decoding=\"async\" class=\"aligncenter\" src=\"https:\/\/redfoxlotto.com\/image?size=8&amp;lottery=saturday-lotto-au\" alt=\"Saturday Lotto Austr\u0101lija\" \/><\/a><\/p>\n<h2>Par Saturday Lotto Australia<\/h2>\n<ul>\n<li>Valsts: Austr\u0101lija<\/li>\n<li>Galveno skait\u013cu diapazons: 45<\/li>\n<li>Jums ir j\u0101izv\u0113las: 6<\/li>\n<li>Izlozes dienas, stundas: Sestdiena, 21:30 GMT+11 &#8211; 10:30 CET.<\/li>\n<li>D\u017eekpots s\u0101kas plkst: AU$ 5 miljoni<\/li>\n<li>Maksim\u0101lais d\u017eekpota apjoms: AU$ 150 miljoni<\/li>\n<li>Iesp\u0113ja laim\u0113t d\u017eekpotu: 1 pret 8145060<\/li>\n<li>Iesp\u0113ja laim\u0113t otro balvu: 1 pret 678755<\/li>\n<li>Iesp\u0113ja laim\u0113t jebkuru balvu: 1 pret 85,44<\/li>\n<li>Balvu kategoriju skaits: 6<\/li>\n<\/ul>\n<h2>Sestdienas Lotto Australia lab\u0101k\u0101s iez\u012bmes<\/h2>\n<p>Saturday Lotto Australia pied\u0101v\u0101 daudz iesp\u0113ju laim\u0113t un vair\u0101ku miljonu d\u017eekpotus. V\u0113l lab\u0101k ir tas, ka katr\u0101 izloz\u0113 ir simtiem t\u016bksto\u0161u uzvar\u0113t\u0101ju. J\u016bs varat vinn\u0113t nelielu balvu, kas ir maz\u0101ka par 10 dol\u0101riem, vai ar\u012b vinn\u0113t lielas balvas, kuru v\u0113rt\u012bba ir simtiem t\u016bksto\u0161u dol\u0101ru. Viss, kas jums j\u0101dara, ir j\u0101izv\u0113las pareizie skait\u013ci.<\/p>\n<h2>K\u0101 p\u0101rbaud\u012bt Saturday Lotto Australia rezult\u0101tus<\/h2>\n<p>Kad pien\u0101k laiks p\u0101rbaud\u012bt Saturday Lotto Australia rezult\u0101tus, jums ir vair\u0101kas da\u017e\u0101das iesp\u0113jas. Pirm\u0101 no t\u0101m ir apskat\u012bt loterijas ofici\u0101lo t\u012bmek\u013ca vietni. Taj\u0101 vienm\u0113r tiek public\u0113ti laim\u012bgie skait\u013ci p\u0113c to izlozes.<br \/>\nTa\u010du varat ar\u012b p\u0101rbaud\u012bt viet\u0113jos laikrakstus un telev\u012bzijas kan\u0101lus, ja dz\u012bvojat uz vietas. Protams, visvienk\u0101r\u0161\u0101kais un lab\u0101kais veids, k\u0101 p\u0101rbaud\u012bt, ir atgriezties m\u016bsu vietn\u0113 un pieteikties sav\u0101 kont\u0101. No turienes j\u016bs var\u0113siet apskat\u012bt jaun\u0101kos laim\u0113ju\u0161os skait\u013cus, k\u0101 ar\u012b sal\u012bdzin\u0101t tos ar saviem skait\u013ciem.<\/p>\n<h2>J\u016bs esat sp\u0113l\u0113jis Saturday Lotto Australia tie\u0161saist\u0113 un vinn\u0113jis &#8211; kas notiks t\u0101l\u0101k?<\/h2>\n<p>Vai p\u0113d\u0113j\u0101 izloz\u0113 j\u016bs kaut ko vinn\u0113j\u0101t? Ja vinn\u0113j\u0101t, j\u016bs v\u0113laties uzzin\u0101t, cik daudz, un tas ietekm\u0113s to, k\u0101 j\u016bs sa\u0146emsiet savu naudu. Jebkuru summu, kas ir maz\u0101ka par \u20ac2500, var iemaks\u0101t tie\u0161i j\u016bsu kont\u0101, un t\u0101 tiks. Tas noz\u012bm\u0113, ka ar to varat dar\u012bt, ko vien v\u0113laties, s\u0101kot no t\u0101s iz\u0146em\u0161anas (ja t\u0101 p\u0101rsniedz \u20ac10) l\u012bdz pat da\u017eu papildu bi\u013ce\u0161u ieg\u0101dei \u0161aj\u0101 vai jebkur\u0101 cit\u0101 sp\u0113l\u0113, ko v\u0113laties.<br \/>\nNo otras puses, ja jums ir paveicies laim\u0113t vair\u0101k nek\u0101 \u20ac2500, m\u0113s pal\u012bdz\u0113sim jums veikt laimestu piepras\u012b\u0161anas procesu, kas prasa nedaudz vair\u0101k p\u016b\u013cu. \u0160aj\u0101 proces\u0101 jums b\u016bs j\u0101aizpilda loterijas komisijas piepras\u012bjuma veidlapa un j\u0101izlemj, vai v\u0113laties, lai nauda jums tiktu nos\u016bt\u012bta ar bankas p\u0101rskait\u012bjumu vai \u010deku. Tas ir atkar\u012bgs tikai no jums.<\/p>\n","protected":false},"excerpt":{"rendered":"<p>K\u0101 sp\u0113l\u0113t Saturday Lotto Australia online Ja j\u016bs dz\u012bvojat Latvij\u0101 vai citur pasaul\u0113, j\u016bs redz\u0113siet, ka sp\u0113l\u0113t Saturday Lotto Australia nav tik gr\u016bti, k\u0101 j\u016bs dom\u0101jat. Turkl\u0101t jums b\u016bs iesp\u0113jas ieg\u016bt v\u0113lam\u0101s bi\u013cetes, net\u0113r\u0113jot tam daudz laika &#8211; kas var b\u016bt lab\u0101ks par to? Fakts, ka m\u0113s jums pal\u012bdz\u0113sim \u0161aj\u0101 ce\u013c\u0101, noteikti b\u016bs ar\u012b liels [&hellip;]<\/p>\n","protected":false},"author":1,"featured_media":0,"parent":5025,"menu_order":15,"comment_status":"closed","ping_status":"closed","template":"saturday-lotto.php","meta":{"_et_pb_use_builder":"","_et_pb_old_content":"","_et_gb_content_width":"","exclude_from_search":false,"footnotes":""},"class_list":["post-79293","page","type-page","status-publish","hentry"],"yoast_head":"<!-- This site is optimized with the Yoast SEO plugin v23.4 - https:\/\/yoast.com\/wordpress\/plugins\/seo\/ -->\n<title>M\u016bsu pakalpojums \u013cauj sp\u0113l\u0113t Saturday Lotto Australia tie\u0161saist\u0113 no Latvijas<\/title>\n<meta name=\"description\" content=\"Ar\u012b Austr\u0101lij\u0101 ir sestdienas lotto - tagad sp\u0113l\u0113jiet to tie\u0161saist\u0113.\" \/>\n<meta name=\"robots\" content=\"index, follow, max-snippet:-1, max-image-preview:large, max-video-preview:-1\" \/>\n<link rel=\"canonical\" href=\"https:\/\/onlinelotto365.com\/lv\/spelet\/saturday-lotto-australia\/\" \/>\n<meta property=\"og:locale\" content=\"lv_LV\" \/>\n<meta property=\"og:type\" content=\"article\" \/>\n<meta property=\"og:title\" content=\"M\u016bsu pakalpojums \u013cauj sp\u0113l\u0113t Saturday Lotto Australia tie\u0161saist\u0113 no Latvijas\" \/>\n<meta property=\"og:description\" content=\"Ar\u012b Austr\u0101lij\u0101 ir sestdienas lotto - tagad sp\u0113l\u0113jiet to tie\u0161saist\u0113.\" \/>\n<meta property=\"og:url\" content=\"https:\/\/onlinelotto365.com\/lv\/spelet\/saturday-lotto-australia\/\" \/>\n<meta property=\"og:site_name\" content=\"OnlineLotto365\" \/>\n<meta property=\"article:modified_time\" content=\"2022-11-03T09:13:54+00:00\" \/>\n<meta property=\"og:image\" content=\"https:\/\/redfoxlotto.com\/image?size=8&amp;lottery=saturday-lotto-au\" \/>\n<meta name=\"twitter:card\" content=\"summary_large_image\" \/>\n<meta name=\"twitter:label1\" content=\"Est. reading time\" \/>\n\t<meta name=\"twitter:data1\" content=\"3 minutes\" \/>\n<script type=\"application\/ld+json\" class=\"yoast-schema-graph\">{\"@context\":\"https:\/\/schema.org\",\"@graph\":[{\"@type\":\"WebPage\",\"@id\":\"https:\/\/onlinelotto365.com\/lv\/spelet\/saturday-lotto-australia\/\",\"url\":\"https:\/\/onlinelotto365.com\/lv\/spelet\/saturday-lotto-australia\/\",\"name\":\"M\u016bsu pakalpojums \u013cauj sp\u0113l\u0113t Saturday Lotto Australia tie\u0161saist\u0113 no Latvijas\",\"isPartOf\":{\"@id\":\"https:\/\/onlinelotto365.com\/lv\/#website\"},\"primaryImageOfPage\":{\"@id\":\"https:\/\/onlinelotto365.com\/lv\/spelet\/saturday-lotto-australia\/#primaryimage\"},\"image\":{\"@id\":\"https:\/\/onlinelotto365.com\/lv\/spelet\/saturday-lotto-australia\/#primaryimage\"},\"thumbnailUrl\":\"https:\/\/redfoxlotto.com\/image?size=8&amp;lottery=saturday-lotto-au\",\"datePublished\":\"2022-11-03T09:13:30+00:00\",\"dateModified\":\"2022-11-03T09:13:54+00:00\",\"description\":\"Ar\u012b Austr\u0101lij\u0101 ir sestdienas lotto - tagad sp\u0113l\u0113jiet to tie\u0161saist\u0113.\",\"breadcrumb\":{\"@id\":\"https:\/\/onlinelotto365.com\/lv\/spelet\/saturday-lotto-australia\/#breadcrumb\"},\"inLanguage\":\"lv-LV\",\"potentialAction\":[{\"@type\":\"ReadAction\",\"target\":[\"https:\/\/onlinelotto365.com\/lv\/spelet\/saturday-lotto-australia\/\"]}]},{\"@type\":\"ImageObject\",\"inLanguage\":\"lv-LV\",\"@id\":\"https:\/\/onlinelotto365.com\/lv\/spelet\/saturday-lotto-australia\/#primaryimage\",\"url\":\"https:\/\/redfoxlotto.com\/image?size=8&amp;lottery=saturday-lotto-au\",\"contentUrl\":\"https:\/\/redfoxlotto.com\/image?size=8&amp;lottery=saturday-lotto-au\"},{\"@type\":\"BreadcrumbList\",\"@id\":\"https:\/\/onlinelotto365.com\/lv\/spelet\/saturday-lotto-australia\/#breadcrumb\",\"itemListElement\":[{\"@type\":\"ListItem\",\"position\":1,\"name\":\"Home\",\"item\":\"https:\/\/onlinelotto365.com\/lv\/\"},{\"@type\":\"ListItem\",\"position\":2,\"name\":\"Viss, kas jums j\u0101zina par iesp\u0113j\u0101m sp\u0113l\u0113t lab\u0101k\u0101s loterijas tie\u0161saist\u0113\",\"item\":\"https:\/\/onlinelotto365.com\/lv\/play\/\"},{\"@type\":\"ListItem\",\"position\":3,\"name\":\"Sp\u0113l\u0113jot Saturday Lotto Australia ir tikai viena no iesp\u0113j\u0101m loterijas faniem no Latvijas.\"}]},{\"@type\":\"WebSite\",\"@id\":\"https:\/\/onlinelotto365.com\/lv\/#website\",\"url\":\"https:\/\/onlinelotto365.com\/lv\/\",\"name\":\"OnlineLotto365\",\"description\":\"\",\"potentialAction\":[{\"@type\":\"SearchAction\",\"target\":{\"@type\":\"EntryPoint\",\"urlTemplate\":\"https:\/\/onlinelotto365.com\/lv\/?s={search_term_string}\"},\"query-input\":{\"@type\":\"PropertyValueSpecification\",\"valueRequired\":true,\"valueName\":\"search_term_string\"}}],\"inLanguage\":\"lv-LV\"}]}<\/script>\n<!-- \/ Yoast SEO plugin. -->","yoast_head_json":{"title":"M\u016bsu pakalpojums \u013cauj sp\u0113l\u0113t Saturday Lotto Australia tie\u0161saist\u0113 no Latvijas","description":"Ar\u012b Austr\u0101lij\u0101 ir sestdienas lotto - tagad sp\u0113l\u0113jiet to tie\u0161saist\u0113.","robots":{"index":"index","follow":"follow","max-snippet":"max-snippet:-1","max-image-preview":"max-image-preview:large","max-video-preview":"max-video-preview:-1"},"canonical":"https:\/\/onlinelotto365.com\/lv\/spelet\/saturday-lotto-australia\/","og_locale":"lv_LV","og_type":"article","og_title":"M\u016bsu pakalpojums \u013cauj sp\u0113l\u0113t Saturday Lotto Australia tie\u0161saist\u0113 no Latvijas","og_description":"Ar\u012b Austr\u0101lij\u0101 ir sestdienas lotto - tagad sp\u0113l\u0113jiet to tie\u0161saist\u0113.","og_url":"https:\/\/onlinelotto365.com\/lv\/spelet\/saturday-lotto-australia\/","og_site_name":"OnlineLotto365","article_modified_time":"2022-11-03T09:13:54+00:00","og_image":[{"url":"https:\/\/redfoxlotto.com\/image?size=8&amp;lottery=saturday-lotto-au"}],"twitter_card":"summary_large_image","twitter_misc":{"Est. reading time":"3 minutes"},"schema":{"@context":"https:\/\/schema.org","@graph":[{"@type":"WebPage","@id":"https:\/\/onlinelotto365.com\/lv\/spelet\/saturday-lotto-australia\/","url":"https:\/\/onlinelotto365.com\/lv\/spelet\/saturday-lotto-australia\/","name":"M\u016bsu pakalpojums \u013cauj sp\u0113l\u0113t Saturday Lotto Australia tie\u0161saist\u0113 no Latvijas","isPartOf":{"@id":"https:\/\/onlinelotto365.com\/lv\/#website"},"primaryImageOfPage":{"@id":"https:\/\/onlinelotto365.com\/lv\/spelet\/saturday-lotto-australia\/#primaryimage"},"image":{"@id":"https:\/\/onlinelotto365.com\/lv\/spelet\/saturday-lotto-australia\/#primaryimage"},"thumbnailUrl":"https:\/\/redfoxlotto.com\/image?size=8&amp;lottery=saturday-lotto-au","datePublished":"2022-11-03T09:13:30+00:00","dateModified":"2022-11-03T09:13:54+00:00","description":"Ar\u012b Austr\u0101lij\u0101 ir sestdienas lotto - tagad sp\u0113l\u0113jiet to tie\u0161saist\u0113.","breadcrumb":{"@id":"https:\/\/onlinelotto365.com\/lv\/spelet\/saturday-lotto-australia\/#breadcrumb"},"inLanguage":"lv-LV","potentialAction":[{"@type":"ReadAction","target":["https:\/\/onlinelotto365.com\/lv\/spelet\/saturday-lotto-australia\/"]}]},{"@type":"ImageObject","inLanguage":"lv-LV","@id":"https:\/\/onlinelotto365.com\/lv\/spelet\/saturday-lotto-australia\/#primaryimage","url":"https:\/\/redfoxlotto.com\/image?size=8&amp;lottery=saturday-lotto-au","contentUrl":"https:\/\/redfoxlotto.com\/image?size=8&amp;lottery=saturday-lotto-au"},{"@type":"BreadcrumbList","@id":"https:\/\/onlinelotto365.com\/lv\/spelet\/saturday-lotto-australia\/#breadcrumb","itemListElement":[{"@type":"ListItem","position":1,"name":"Home","item":"https:\/\/onlinelotto365.com\/lv\/"},{"@type":"ListItem","position":2,"name":"Viss, kas jums j\u0101zina par iesp\u0113j\u0101m sp\u0113l\u0113t lab\u0101k\u0101s loterijas tie\u0161saist\u0113","item":"https:\/\/onlinelotto365.com\/lv\/play\/"},{"@type":"ListItem","position":3,"name":"Sp\u0113l\u0113jot Saturday Lotto Australia ir tikai viena no iesp\u0113j\u0101m loterijas faniem no Latvijas."}]},{"@type":"WebSite","@id":"https:\/\/onlinelotto365.com\/lv\/#website","url":"https:\/\/onlinelotto365.com\/lv\/","name":"OnlineLotto365","description":"","potentialAction":[{"@type":"SearchAction","target":{"@type":"EntryPoint","urlTemplate":"https:\/\/onlinelotto365.com\/lv\/?s={search_term_string}"},"query-input":{"@type":"PropertyValueSpecification","valueRequired":true,"valueName":"search_term_string"}}],"inLanguage":"lv-LV"}]}},"_links":{"self":[{"href":"https:\/\/onlinelotto365.com\/lv\/wp-json\/wp\/v2\/pages\/79293","targetHints":{"allow":["GET"]}}],"collection":[{"href":"https:\/\/onlinelotto365.com\/lv\/wp-json\/wp\/v2\/pages"}],"about":[{"href":"https:\/\/onlinelotto365.com\/lv\/wp-json\/wp\/v2\/types\/page"}],"author":[{"embeddable":true,"href":"https:\/\/onlinelotto365.com\/lv\/wp-json\/wp\/v2\/users\/1"}],"replies":[{"embeddable":true,"href":"https:\/\/onlinelotto365.com\/lv\/wp-json\/wp\/v2\/comments?post=79293"}],"version-history":[{"count":0,"href":"https:\/\/onlinelotto365.com\/lv\/wp-json\/wp\/v2\/pages\/79293\/revisions"}],"up":[{"embeddable":true,"href":"https:\/\/onlinelotto365.com\/lv\/wp-json\/wp\/v2\/pages\/5025"}],"wp:attachment":[{"href":"https:\/\/onlinelotto365.com\/lv\/wp-json\/wp\/v2\/media?parent=79293"}],"curies":[{"name":"wp","href":"https:\/\/api.w.org\/{rel}","templated":true}]}}