{"id":79335,"date":"2022-11-03T12:03:49","date_gmt":"2022-11-03T11:03:49","guid":{"rendered":"https:\/\/onlinelotto365.com\/?page_id=79335"},"modified":"2022-11-03T12:04:03","modified_gmt":"2022-11-03T11:04:03","slug":"oz-lotto","status":"publish","type":"page","link":"https:\/\/onlinelotto365.com\/lv\/spelet\/oz-lotto\/","title":{"rendered":"Oz Lotto sp\u0113l\u0113\u0161ana ir tikai viena no iesp\u0113j\u0101m loterijas faniem no Latvijas."},"content":{"rendered":"<h2>K\u0101 sp\u0113l\u0113t Oz Lotto online<\/h2>\n<p>Neatkar\u012bgi no t\u0101, vai dz\u012bvojat Latvij\u0101 vai ne, j\u016bs varat sp\u0113l\u0113t Oz Lotto tie\u0161saist\u0113. Tas ir t\u0101p\u0113c, ka viss, kas jums j\u0101dara, ir j\u0101atrod pareiz\u0101 lapa m\u016bsu t\u012bmek\u013ca vietn\u0113, j\u0101nospie\u017e da\u017eas pogas, un, pirms j\u016bs to paman\u012bsiet, jums b\u016bs vajadz\u012bg\u0101s bi\u013cetes.<\/p>\n<p>V\u0113l lab\u0101k, j\u016bs vienk\u0101r\u0161i izveidojat piln\u012bgi bezmaksas kontu, izv\u0113laties v\u0113lam\u0101s bi\u013cetes un skait\u013cus, izv\u0113laties sev piem\u0113rot\u0101ko maks\u0101juma veidu un esat gatavs. Tas patie\u0161\u0101m ir tik vienk\u0101r\u0161i.<\/p>\n<p>Ja esat gatavs s\u0101kt, pirmais, kas jums j\u0101dara, ir j\u0101izv\u0113las v\u0113lamais lotto. \u0160aj\u0101 gad\u012bjum\u0101 j\u016bs izv\u0113laties Oz Lotto. P\u0113c tam, kad esat ieejis, j\u016bs vienk\u0101r\u0161i izv\u0113laties skait\u013cus, kurus v\u0113laties sp\u0113l\u0113t. Jums pat nav j\u0101uztraucas par nepareizu numuru izv\u0113li, jo sist\u0113ma jums pazi\u0146os, kas jums ir nepiecie\u0161ams.<\/p>\n<p>Tas noz\u012bm\u0113 ar\u012b numuru daudzumu. Turkl\u0101t j\u016bs varat izv\u0113l\u0113ties \u0101tro izv\u0113li, lai dators nejau\u0161i izv\u0113l\u0113tos numurus, un p\u0113c tam \u0161os numurus ar\u012b redi\u0123\u0113t.<br \/>\nKad esat ieguvis v\u0113lam\u0101s Oz Lotto bi\u013cetes, varat izv\u0113l\u0113ties pievienot v\u0113l vair\u0101k bi\u013ce\u0161u, izv\u0113l\u0113ties citu sp\u0113li un pievienot \u0161\u012bs bi\u013cetes vai vienk\u0101r\u0161i pievienot bi\u013cetes pas\u016bt\u012bjumam, lai t\u0101s ieg\u0101d\u0101tos. Izrakstieties un samaks\u0101jiet, izmantojot v\u0113lamo maks\u0101\u0161anas metodi, un viss b\u016bs gatavs. Lai gan, protams, jums b\u016bs j\u0101izveido konts, lai nok\u013c\u016btu l\u012bdz galam l\u012bdz galam, veicot apmaksas procesu.<\/p>\n<p>Konta izveide ir vienk\u0101r\u0161a, un m\u0113s jums nekav\u0113joties nos\u016bt\u012bsim apstiprin\u0101juma e-pastu un saiti. T\u0101d\u0113j\u0101di j\u016bs var\u0113siet uzreiz ieg\u0101d\u0101ties bi\u013cetes, negaidot. Tikai p\u0101rliecinieties, ka p\u0101rbaud\u0101t savu ies\u016btni un surog\u0101tpasta mapi, jo bi\u013cetes var\u0113siet sa\u0146emt tikai p\u0113c apstiprin\u0101juma. B\u016bsiet gatavs doties uz pas\u0101kumu.<\/p>\n<p><a href=\"https:\/\/redfoxlotto.com\/play\/oz-lotto\/?ref=a8564250a2&amp;medium=ol365\" target=\"_blank\" rel=\"noopener noreferrer\"><img decoding=\"async\" class=\"aligncenter\" src=\"https:\/\/redfoxlotto.com\/image?size=8&amp;lottery=oz-lotto\" alt=\"Oz Lotto\" \/><\/a><\/p>\n<h2>Par Oz Lotto<\/h2>\n<ul>\n<li>Valsts: Loto Lotto: Austr\u0101lija<\/li>\n<li>Galveno skait\u013cu diapazons: 45<\/li>\n<li>Jums ir j\u0101izv\u0113las: 7<\/li>\n<li>Izlozes dienas, stundas: Otrdiena, 21:30 GMT+11 &#8211; 10:30 CET.<\/li>\n<li>D\u017eekpots s\u0101kas plkst: AU$ 2 miljoni<\/li>\n<li>D\u017eekpota maksim\u0101l\u0101 summa: nav<\/li>\n<li>Iesp\u0113ja laim\u0113t d\u017eekpotu: 1 pret 45379620<\/li>\n<li>Iesp\u0113ja laim\u0113t otro balvu: 1 pret 3241401<\/li>\n<li>Iesp\u0113ja laim\u0113t jebkuru balvu: 1 pret 54,59<\/li>\n<li>Balvu kategoriju skaits: 7<\/li>\n<\/ul>\n<h2>Oz Lotto lab\u0101k\u0101s iez\u012bmes<\/h2>\n<p>Oz Lotto sniedz iesp\u0113ju laim\u0113t septi\u0146\u0101s da\u017e\u0101d\u0101s kategorij\u0101s, t\u0101d\u0113j\u0101di palielinot j\u016bsu izredzes laim\u0113t lielisku balvu. Turkl\u0101t, ja j\u016bs vinn\u0113siet 1. div\u012bzij\u0101, j\u016bs garant\u0113ti sadal\u012bsiet 2 miljonus ASV dol\u0101ru lielu balvu, bet bie\u017ei vien ar\u012b daudz liel\u0101ku balvu. Tas noz\u012bm\u0113, ka jums neb\u016bs probl\u0113mu laim\u0113t kaut ko lielu vai vismaz ieg\u016bt da\u013cu no k\u0101das no lieliskaj\u0101m balvu iesp\u0113j\u0101m.<\/p>\n<h2>K\u0101 p\u0101rbaud\u012bt Oz Lotto rezult\u0101tus<\/h2>\n<p>Ir daudz veidu, k\u0101 p\u0101rbaud\u012bt Oz Lotto laim\u0113ju\u0161os skait\u013cus. Pirmais no tiem ir doties uz ofici\u0101lo t\u012bmek\u013ca vietni vai p\u0101rbaud\u012bt viet\u0113j\u0101s loterijas, izmantojot savu laikrakstu vai iecien\u012bt\u0101ko zi\u0146u kan\u0101lu. Ta\u010du tas darbojas tikai tad, ja sp\u0113le ir viet\u0113ja. Un vislab\u0101kais veids, k\u0101 j\u016bs varat ieg\u016bt savus loterijas numurus, ir atgriezties m\u016bsu vietn\u0113.<br \/>\nGalu gal\u0101, j\u016bs jau ieg\u0101d\u0101j\u0101ties bi\u013cetes \u0161eit, tad k\u0101p\u0113c gan ne? J\u016bs var\u0113siet pieteikties sav\u0101 kont\u0101 un sal\u012bdzin\u0101t savus skait\u013cus ar laimestu skait\u013ciem, lai uzzin\u0101tu, cik daudz esat laim\u0113jis.<\/p>\n<h2>J\u016bs esat Oz Lotto uzvar\u0113t\u0101js! &#8211; Kas tagad?<\/h2>\n<p>Vispirms j\u016bs v\u0113laties uzzin\u0101t, cik daudz j\u016bs vinn\u0113siet. Galu gal\u0101 ikviens v\u0113las zin\u0101t par savu laimestu, vai ne? Ja esat laim\u0113jis maz\u0101k nek\u0101 2500 eiro, jums nekas neb\u016bs j\u0101dara. M\u0113s par\u016bp\u0113simies par laimesta piepras\u012b\u0161anu un iemaks\u0101sim to tie\u0161i j\u016bsu tie\u0161saistes kont\u0101. No turienes j\u016bs varat izv\u0113l\u0113ties, vai to iz\u0146emt, ieg\u0101d\u0101ties jaunas bi\u013cetes vai jebko citu, ko v\u0113laties, ja vien summa ir liel\u0101ka par 10 eiro.<br \/>\n<img loading=\"lazy\" decoding=\"async\" class=\"alignright wp-image-3635\" src=\"https:\/\/onlinelotto365.com\/wp-content\/uploads\/2020\/11\/online_lottery-123-300x300.jpg\" alt=\"sp\u0113l\u0113t oz lotto tie\u0161saist\u0113\" width=\"228\" height=\"228\" srcset=\"https:\/\/onlinelotto365.com\/wp-content\/uploads\/2020\/11\/online_lottery-123-300x300.jpg 300w, https:\/\/onlinelotto365.com\/wp-content\/uploads\/2020\/11\/online_lottery-123-100x100.jpg 100w, https:\/\/onlinelotto365.com\/wp-content\/uploads\/2020\/11\/online_lottery-123-150x150.jpg 150w, https:\/\/onlinelotto365.com\/wp-content\/uploads\/2020\/11\/online_lottery-123.jpg 320w\" sizes=\"auto, (max-width: 228px) 100vw, 228px\" \/><\/p>\n<p>Tagad, ja esat laim\u0113jis vair\u0101k nek\u0101 2500 \u20ac, \u0161is process ir nedaudz sare\u017e\u0123\u012bt\u0101ks, bet neuztraucieties, jo m\u0113s jums pal\u012bdz\u0113sim to visu paveikt. M\u0113s ar jums sazin\u0101simies un nos\u016bt\u012bsim jums pieteikuma veidlapas kopiju, kas j\u0101nos\u016bta loterijas komisijai. Kad j\u016bs to aizpild\u012bsiet, j\u016bs var\u0113siet sa\u0146emt savu laimestu saska\u0146\u0101 ar to, ko j\u016bs iesniedz\u0101t \u0161aj\u0101 dokument\u0101. J\u016bs varat sa\u0146emt \u010deku vai bankas p\u0101rskait\u012bjumu.<\/p>\n","protected":false},"excerpt":{"rendered":"<p>K\u0101 sp\u0113l\u0113t Oz Lotto online Neatkar\u012bgi no t\u0101, vai dz\u012bvojat Latvij\u0101 vai ne, j\u016bs varat sp\u0113l\u0113t Oz Lotto tie\u0161saist\u0113. Tas ir t\u0101p\u0113c, ka viss, kas jums j\u0101dara, ir j\u0101atrod pareiz\u0101 lapa m\u016bsu t\u012bmek\u013ca vietn\u0113, j\u0101nospie\u017e da\u017eas pogas, un, pirms j\u016bs to paman\u012bsiet, jums b\u016bs vajadz\u012bg\u0101s bi\u013cetes. V\u0113l lab\u0101k, j\u016bs vienk\u0101r\u0161i izveidojat piln\u012bgi bezmaksas kontu, izv\u0113laties [&hellip;]<\/p>\n","protected":false},"author":1,"featured_media":0,"parent":5025,"menu_order":14,"comment_status":"closed","ping_status":"closed","template":"template-rightsidebar.php","meta":{"_et_pb_use_builder":"","_et_pb_old_content":"","_et_gb_content_width":"","exclude_from_search":false,"footnotes":""},"class_list":["post-79335","page","type-page","status-publish","hentry"],"yoast_head":"<!-- This site is optimized with the Yoast SEO plugin v23.4 - https:\/\/yoast.com\/wordpress\/plugins\/seo\/ -->\n<title>Sp\u0113l\u0113jiet Oz Lotto tie\u0161i \u0161eit - liel\u0101k\u0101s plan\u0113tas loterijas, kas pieejamas tie\u0161saist\u0113 no Latvijas.<\/title>\n<meta name=\"description\" content=\"Sp\u0113l\u0113jiet daudzas starptautisk\u0101s loterijas tie\u0161saist\u0113, tostarp OzLotto\" \/>\n<meta name=\"robots\" content=\"index, follow, max-snippet:-1, max-image-preview:large, max-video-preview:-1\" \/>\n<link rel=\"canonical\" href=\"https:\/\/onlinelotto365.com\/lv\/spelet\/oz-lotto\/\" \/>\n<meta property=\"og:locale\" content=\"lv_LV\" \/>\n<meta property=\"og:type\" content=\"article\" \/>\n<meta property=\"og:title\" content=\"Sp\u0113l\u0113jiet Oz Lotto tie\u0161i \u0161eit - liel\u0101k\u0101s plan\u0113tas loterijas, kas pieejamas tie\u0161saist\u0113 no Latvijas.\" \/>\n<meta property=\"og:description\" content=\"Sp\u0113l\u0113jiet daudzas starptautisk\u0101s loterijas tie\u0161saist\u0113, tostarp OzLotto\" \/>\n<meta property=\"og:url\" content=\"https:\/\/onlinelotto365.com\/lv\/spelet\/oz-lotto\/\" \/>\n<meta property=\"og:site_name\" content=\"OnlineLotto365\" \/>\n<meta property=\"article:modified_time\" content=\"2022-11-03T11:04:03+00:00\" \/>\n<meta property=\"og:image\" content=\"https:\/\/redfoxlotto.com\/image?size=8&amp;lottery=oz-lotto\" \/>\n<meta name=\"twitter:card\" content=\"summary_large_image\" \/>\n<meta name=\"twitter:label1\" content=\"Est. reading time\" \/>\n\t<meta name=\"twitter:data1\" content=\"3 minutes\" \/>\n<script type=\"application\/ld+json\" class=\"yoast-schema-graph\">{\"@context\":\"https:\/\/schema.org\",\"@graph\":[{\"@type\":\"WebPage\",\"@id\":\"https:\/\/onlinelotto365.com\/lv\/spelet\/oz-lotto\/\",\"url\":\"https:\/\/onlinelotto365.com\/lv\/spelet\/oz-lotto\/\",\"name\":\"Sp\u0113l\u0113jiet Oz Lotto tie\u0161i \u0161eit - liel\u0101k\u0101s plan\u0113tas loterijas, kas pieejamas tie\u0161saist\u0113 no Latvijas.\",\"isPartOf\":{\"@id\":\"https:\/\/onlinelotto365.com\/lv\/#website\"},\"primaryImageOfPage\":{\"@id\":\"https:\/\/onlinelotto365.com\/lv\/spelet\/oz-lotto\/#primaryimage\"},\"image\":{\"@id\":\"https:\/\/onlinelotto365.com\/lv\/spelet\/oz-lotto\/#primaryimage\"},\"thumbnailUrl\":\"https:\/\/redfoxlotto.com\/image?size=8&amp;lottery=oz-lotto\",\"datePublished\":\"2022-11-03T11:03:49+00:00\",\"dateModified\":\"2022-11-03T11:04:03+00:00\",\"description\":\"Sp\u0113l\u0113jiet daudzas starptautisk\u0101s loterijas tie\u0161saist\u0113, tostarp OzLotto\",\"breadcrumb\":{\"@id\":\"https:\/\/onlinelotto365.com\/lv\/spelet\/oz-lotto\/#breadcrumb\"},\"inLanguage\":\"lv-LV\",\"potentialAction\":[{\"@type\":\"ReadAction\",\"target\":[\"https:\/\/onlinelotto365.com\/lv\/spelet\/oz-lotto\/\"]}]},{\"@type\":\"ImageObject\",\"inLanguage\":\"lv-LV\",\"@id\":\"https:\/\/onlinelotto365.com\/lv\/spelet\/oz-lotto\/#primaryimage\",\"url\":\"https:\/\/redfoxlotto.com\/image?size=8&amp;lottery=oz-lotto\",\"contentUrl\":\"https:\/\/redfoxlotto.com\/image?size=8&amp;lottery=oz-lotto\"},{\"@type\":\"BreadcrumbList\",\"@id\":\"https:\/\/onlinelotto365.com\/lv\/spelet\/oz-lotto\/#breadcrumb\",\"itemListElement\":[{\"@type\":\"ListItem\",\"position\":1,\"name\":\"Home\",\"item\":\"https:\/\/onlinelotto365.com\/lv\/\"},{\"@type\":\"ListItem\",\"position\":2,\"name\":\"Viss, kas jums j\u0101zina par iesp\u0113j\u0101m sp\u0113l\u0113t lab\u0101k\u0101s loterijas tie\u0161saist\u0113\",\"item\":\"https:\/\/onlinelotto365.com\/lv\/play\/\"},{\"@type\":\"ListItem\",\"position\":3,\"name\":\"Oz Lotto sp\u0113l\u0113\u0161ana ir tikai viena no iesp\u0113j\u0101m loterijas faniem no Latvijas.\"}]},{\"@type\":\"WebSite\",\"@id\":\"https:\/\/onlinelotto365.com\/lv\/#website\",\"url\":\"https:\/\/onlinelotto365.com\/lv\/\",\"name\":\"OnlineLotto365\",\"description\":\"\",\"potentialAction\":[{\"@type\":\"SearchAction\",\"target\":{\"@type\":\"EntryPoint\",\"urlTemplate\":\"https:\/\/onlinelotto365.com\/lv\/?s={search_term_string}\"},\"query-input\":{\"@type\":\"PropertyValueSpecification\",\"valueRequired\":true,\"valueName\":\"search_term_string\"}}],\"inLanguage\":\"lv-LV\"}]}<\/script>\n<!-- \/ Yoast SEO plugin. -->","yoast_head_json":{"title":"Sp\u0113l\u0113jiet Oz Lotto tie\u0161i \u0161eit - liel\u0101k\u0101s plan\u0113tas loterijas, kas pieejamas tie\u0161saist\u0113 no Latvijas.","description":"Sp\u0113l\u0113jiet daudzas starptautisk\u0101s loterijas tie\u0161saist\u0113, tostarp OzLotto","robots":{"index":"index","follow":"follow","max-snippet":"max-snippet:-1","max-image-preview":"max-image-preview:large","max-video-preview":"max-video-preview:-1"},"canonical":"https:\/\/onlinelotto365.com\/lv\/spelet\/oz-lotto\/","og_locale":"lv_LV","og_type":"article","og_title":"Sp\u0113l\u0113jiet Oz Lotto tie\u0161i \u0161eit - liel\u0101k\u0101s plan\u0113tas loterijas, kas pieejamas tie\u0161saist\u0113 no Latvijas.","og_description":"Sp\u0113l\u0113jiet daudzas starptautisk\u0101s loterijas tie\u0161saist\u0113, tostarp OzLotto","og_url":"https:\/\/onlinelotto365.com\/lv\/spelet\/oz-lotto\/","og_site_name":"OnlineLotto365","article_modified_time":"2022-11-03T11:04:03+00:00","og_image":[{"url":"https:\/\/redfoxlotto.com\/image?size=8&amp;lottery=oz-lotto"}],"twitter_card":"summary_large_image","twitter_misc":{"Est. reading time":"3 minutes"},"schema":{"@context":"https:\/\/schema.org","@graph":[{"@type":"WebPage","@id":"https:\/\/onlinelotto365.com\/lv\/spelet\/oz-lotto\/","url":"https:\/\/onlinelotto365.com\/lv\/spelet\/oz-lotto\/","name":"Sp\u0113l\u0113jiet Oz Lotto tie\u0161i \u0161eit - liel\u0101k\u0101s plan\u0113tas loterijas, kas pieejamas tie\u0161saist\u0113 no Latvijas.","isPartOf":{"@id":"https:\/\/onlinelotto365.com\/lv\/#website"},"primaryImageOfPage":{"@id":"https:\/\/onlinelotto365.com\/lv\/spelet\/oz-lotto\/#primaryimage"},"image":{"@id":"https:\/\/onlinelotto365.com\/lv\/spelet\/oz-lotto\/#primaryimage"},"thumbnailUrl":"https:\/\/redfoxlotto.com\/image?size=8&amp;lottery=oz-lotto","datePublished":"2022-11-03T11:03:49+00:00","dateModified":"2022-11-03T11:04:03+00:00","description":"Sp\u0113l\u0113jiet daudzas starptautisk\u0101s loterijas tie\u0161saist\u0113, tostarp OzLotto","breadcrumb":{"@id":"https:\/\/onlinelotto365.com\/lv\/spelet\/oz-lotto\/#breadcrumb"},"inLanguage":"lv-LV","potentialAction":[{"@type":"ReadAction","target":["https:\/\/onlinelotto365.com\/lv\/spelet\/oz-lotto\/"]}]},{"@type":"ImageObject","inLanguage":"lv-LV","@id":"https:\/\/onlinelotto365.com\/lv\/spelet\/oz-lotto\/#primaryimage","url":"https:\/\/redfoxlotto.com\/image?size=8&amp;lottery=oz-lotto","contentUrl":"https:\/\/redfoxlotto.com\/image?size=8&amp;lottery=oz-lotto"},{"@type":"BreadcrumbList","@id":"https:\/\/onlinelotto365.com\/lv\/spelet\/oz-lotto\/#breadcrumb","itemListElement":[{"@type":"ListItem","position":1,"name":"Home","item":"https:\/\/onlinelotto365.com\/lv\/"},{"@type":"ListItem","position":2,"name":"Viss, kas jums j\u0101zina par iesp\u0113j\u0101m sp\u0113l\u0113t lab\u0101k\u0101s loterijas tie\u0161saist\u0113","item":"https:\/\/onlinelotto365.com\/lv\/play\/"},{"@type":"ListItem","position":3,"name":"Oz Lotto sp\u0113l\u0113\u0161ana ir tikai viena no iesp\u0113j\u0101m loterijas faniem no Latvijas."}]},{"@type":"WebSite","@id":"https:\/\/onlinelotto365.com\/lv\/#website","url":"https:\/\/onlinelotto365.com\/lv\/","name":"OnlineLotto365","description":"","potentialAction":[{"@type":"SearchAction","target":{"@type":"EntryPoint","urlTemplate":"https:\/\/onlinelotto365.com\/lv\/?s={search_term_string}"},"query-input":{"@type":"PropertyValueSpecification","valueRequired":true,"valueName":"search_term_string"}}],"inLanguage":"lv-LV"}]}},"_links":{"self":[{"href":"https:\/\/onlinelotto365.com\/lv\/wp-json\/wp\/v2\/pages\/79335","targetHints":{"allow":["GET"]}}],"collection":[{"href":"https:\/\/onlinelotto365.com\/lv\/wp-json\/wp\/v2\/pages"}],"about":[{"href":"https:\/\/onlinelotto365.com\/lv\/wp-json\/wp\/v2\/types\/page"}],"author":[{"embeddable":true,"href":"https:\/\/onlinelotto365.com\/lv\/wp-json\/wp\/v2\/users\/1"}],"replies":[{"embeddable":true,"href":"https:\/\/onlinelotto365.com\/lv\/wp-json\/wp\/v2\/comments?post=79335"}],"version-history":[{"count":0,"href":"https:\/\/onlinelotto365.com\/lv\/wp-json\/wp\/v2\/pages\/79335\/revisions"}],"up":[{"embeddable":true,"href":"https:\/\/onlinelotto365.com\/lv\/wp-json\/wp\/v2\/pages\/5025"}],"wp:attachment":[{"href":"https:\/\/onlinelotto365.com\/lv\/wp-json\/wp\/v2\/media?parent=79335"}],"curies":[{"name":"wp","href":"https:\/\/api.w.org\/{rel}","templated":true}]}}