{"id":79377,"date":"2022-11-03T15:11:05","date_gmt":"2022-11-03T14:11:05","guid":{"rendered":"https:\/\/onlinelotto365.com\/?page_id=79377"},"modified":"2022-11-03T15:11:21","modified_gmt":"2022-11-03T14:11:21","slug":"powerball-australia","status":"publish","type":"page","link":"https:\/\/onlinelotto365.com\/lv\/spelet\/powerball-australia\/","title":{"rendered":"Powerball Austr\u0101lija &#8211; j\u016bs vairs neesat ierobe\u017eots ar savu Latvijas loterijas"},"content":{"rendered":"<h2>K\u0101 sp\u0113l\u0113t Powerball Australia tie\u0161saist\u0113<\/h2>\n<p>Sp\u0113l\u0113t Powerball Australia tie\u0161saist\u0113 ir pavisam vienk\u0101r\u0161i, pat ja atrodaties Latvij\u0101. Un tas ir ar\u012b diezgan \u0113rti, jo j\u016bs jau atrodaties \u0161eit, kur ar da\u017eiem peles klik\u0161\u0137iem varat ieg\u016bt bi\u013cetes.<\/p>\n<p>Par jums b\u016bs par\u016bp\u0113ju\u0161ies ik uz so\u013ca, kur viss, kas jums b\u016bs j\u0101dara, ir j\u0101izveido bezmaksas konts, j\u0101izdara izv\u0113le, j\u0101izv\u0113las viena no daudzaj\u0101m \u0113rtaj\u0101m maks\u0101jumu iesp\u0113j\u0101m, un visu p\u0101r\u0113jo izdar\u012bsim m\u0113s.<\/p>\n<p>P\u0101rliecinieties, ka esat noklik\u0161\u0137in\u0101jis uz pareiz\u0101s loterijas, proti, Powerball Australia. P\u0113c tam atlasiet savus skait\u013cus. Ja m\u0113\u0123in\u0101siet izv\u0113l\u0113ties p\u0101r\u0101k daudz numuru vai neb\u016bsiet izv\u0113l\u0113jies pietiekami daudz numuru, sist\u0113ma jums pied\u0101v\u0101s izv\u0113l\u0113ties maz\u0101k vai vair\u0101k numuru. Varat ar\u012b noklik\u0161\u0137in\u0101t uz \u0101tr\u0101s izv\u0113les pogas, un vietne p\u0113c nejau\u0161\u012bbas principa izv\u0113l\u0113sies da\u017eus skait\u013cus. Ja jums \u0161ie skait\u013ci nepat\u012bk, varat tos manu\u0101li redi\u0123\u0113t.<\/p>\n<p>Ir ar\u012b metode, ko daudzi sp\u0113l\u0113t\u0101ji labpr\u0101t izmanto, &#8211; \u0101tr\u0101s izv\u0113les funkcija. Vai ar\u012b varat manu\u0101li izmantot da\u017eus no saviem iecien\u012bt\u0101kajiem skait\u013ciem un \u013caut nejau\u0161o skait\u013cu \u0123eneratoram izv\u0113l\u0113ties p\u0101r\u0113jos.<\/p>\n<p>P\u0113c tam varat izv\u0113l\u0113ties citu loteriju, izsp\u0113l\u0113t vair\u0101k loto bi\u013ce\u0161u un pievienot t\u0101s savam pas\u016bt\u012bjumam. P\u0113c tam noklik\u0161\u0137iniet, lai izrakst\u012btos un dro\u0161i samaks\u0101tu par bi\u013cet\u0113m. \u0160aj\u0101 laik\u0101 jums b\u016bs j\u0101izveido m\u016bsu konts. Protams, j\u016bs varat ar\u012b vispirms izveidot savu kontu un tikai p\u0113c tam s\u0101kt bi\u013ce\u0161u pas\u016bt\u012b\u0161anas procesu.<\/p>\n<p>P\u0113c tam, kad b\u016bsiet izveidojis savu kontu, m\u0113s jums nos\u016bt\u012bsim verifik\u0101cijas e-pastu ar saiti, uz kuras jums b\u016bs j\u0101noklik\u0161\u0137ina. L\u016bdzu, p\u0101rliecinieties, vai \u0161\u012b e-pasta v\u0113stule nav non\u0101kusi j\u016bsu surog\u0101tpasta map\u0113. B\u016btu pr\u0101t\u012bgi atz\u012bm\u0113t m\u016bsu e-pasta adresi k\u0101 uzticamu s\u016bt\u012bt\u0101ju. Tas nodro\u0161in\u0101s, ka svar\u012bgi zi\u0146ojumi, piem\u0113ram, pazi\u0146ojumi par laimestiem, tie\u0161\u0101m j\u016bs sasniegs.<br \/>\n<a href=\"https:\/\/redfoxlotto.com\/play\/powerball-au\/?ref=a8564250a2&amp;medium=ol365\" target=\"_blank\" rel=\"noopener noreferrer\"><img decoding=\"async\" class=\"aligncenter\" src=\"https:\/\/redfoxlotto.com\/image?size=8&amp;lottery=powerball-au\" alt=\"Powerball Australia\" \/><\/a><\/p>\n<h2>Par Powerball Australia<\/h2>\n<ul>\n<li>Valsts: Austr\u0101lija<\/li>\n<li>Galveno skait\u013cu diapazons: 35<\/li>\n<li>Jums ir j\u0101izv\u0113las: 7<\/li>\n<li>Papildu numuru diapazons: 20<\/li>\n<li>Jums j\u0101izv\u0113las: 1<\/li>\n<li>Izlozes dienas, stundas: Ceturtdiena, 21:30 GMT+11, 10:30 CET.<\/li>\n<li>D\u017eekpota s\u0101kums: plkst: AU$ 3 miljoni<\/li>\n<li>Maksim\u0101lais d\u017eekpota apjoms: AU$ 150 miljoni<\/li>\n<li>Iesp\u0113ja laim\u0113t d\u017eekpotu: 1 pret 134 490 400.<\/li>\n<li>Iesp\u0113ja laim\u0113t otro balvu: 1 pret 7 078 443<\/li>\n<li>Iesp\u0113ja laim\u0113t jebkuru balvu: 1 pret 24,87<\/li>\n<li>Balvu kategoriju skaits: 7<\/li>\n<\/ul>\n<h2>K\u0101 p\u0101rbaud\u012bt Powerball Australia rezult\u0101tus<\/h2>\n<p>Lai p\u0101rbaud\u012btu rezult\u0101tus, varat izmantot vair\u0101kas metodes. Tos var atrast loterijas ofici\u0101laj\u0101 t\u012bmek\u013ca vietn\u0113. Da\u017eu loteriju laim\u0113ju\u0161os skait\u013cus var atrast viet\u0113j\u0101 laikrakst\u0101 vai ar\u012b tos var p\u0101rraid\u012bt k\u0101ds telev\u012bzijas kan\u0101ls. Ta\u010du visvienk\u0101r\u0161\u0101kais veids ir atgriezties m\u016bsu vietn\u0113 un p\u0101rbaud\u012bt jaun\u0101kos laimesta numurus \u0161eit. Kad esat pieteicies sav\u0101 kont\u0101, varat sal\u012bdzin\u0101t izloz\u0113tos skait\u013cus ar izlozes skait\u013ciem. Un uzreiz var\u0113siet uzzin\u0101t, cik daudz esat vinn\u0113jis.<\/p>\n<h2>J\u016bs sp\u0113l\u0113j\u0101t Powerball Australia tie\u0161saist\u0113 un vinn\u0113j\u0101t &#8211; kas notiks t\u0101l\u0101k?<\/h2>\n<p>Vispirms p\u0101rbaudiet, cik daudz esat vinn\u0113jis. Ja laimests ir maz\u0101ks par 2500 eiro, j\u016bs atrad\u012bsiet summu, kas ieskait\u012bta j\u016bsu sp\u0113l\u0113t\u0101ja kont\u0101. J\u016bs varat izv\u0113l\u0113ties, vai izmantot to papildu bi\u013ce\u0161u ieg\u0101dei, vai ar\u012b, ja v\u0113laties, varat to iz\u0146emt. \u0145emiet v\u0113r\u0101, ka izmaksu iesp\u0113ja ir redzama tikai tad, ja J\u016bsu konta atlikums ir vismaz \u20ac10.<br \/>\n<img loading=\"lazy\" decoding=\"async\" class=\"alignright wp-image-1653\" src=\"https:\/\/onlinelotto365.com\/wp-content\/uploads\/2020\/11\/online_lottery-145-300x143.jpg\" alt=\"sp\u0113l\u0113t powerball australia tie\u0161saist\u0113\" width=\"413\" height=\"197\" \/><br \/>\nJa laimestu summa p\u0101rsniedz \u20ac2500, m\u016bsu atbalsta dienests ar jums sazin\u0101sies. Jums b\u016bs j\u0101aizpilda piepras\u012bjuma veidlapa, kuru m\u0113s p\u0113c tam nos\u016bt\u012bsim loterijas komisijai. P\u0113c tam atkar\u012bb\u0101 no j\u016bsu v\u0113lm\u0113m j\u016bs sa\u0146emsiet savu laimestu, izmantojot bankas p\u0101rskait\u012bjumu vai \u010deku.<\/p>\n","protected":false},"excerpt":{"rendered":"<p>K\u0101 sp\u0113l\u0113t Powerball Australia tie\u0161saist\u0113 Sp\u0113l\u0113t Powerball Australia tie\u0161saist\u0113 ir pavisam vienk\u0101r\u0161i, pat ja atrodaties Latvij\u0101. Un tas ir ar\u012b diezgan \u0113rti, jo j\u016bs jau atrodaties \u0161eit, kur ar da\u017eiem peles klik\u0161\u0137iem varat ieg\u016bt bi\u013cetes. Par jums b\u016bs par\u016bp\u0113ju\u0161ies ik uz so\u013ca, kur viss, kas jums b\u016bs j\u0101dara, ir j\u0101izveido bezmaksas konts, j\u0101izdara izv\u0113le, j\u0101izv\u0113las [&hellip;]<\/p>\n","protected":false},"author":1,"featured_media":0,"parent":5025,"menu_order":13,"comment_status":"closed","ping_status":"closed","template":"powerball-au.php","meta":{"_et_pb_use_builder":"","_et_pb_old_content":"","_et_gb_content_width":"","exclude_from_search":false,"footnotes":""},"class_list":["post-79377","page","type-page","status-publish","hentry"],"yoast_head":"<!-- This site is optimized with the Yoast SEO plugin v23.4 - https:\/\/yoast.com\/wordpress\/plugins\/seo\/ -->\n<title>Sp\u0113l\u0113jiet Powerball Australia tie\u0161saist\u0113 no Latvijas | Vai es varu piedal\u012bties Powerball Australia, ja dz\u012bvoju Latvij\u0101?<\/title>\n<meta name=\"description\" content=\"Sp\u0113l\u0113jiet Powerball Australia tie\u0161i \u0161eit - liel\u0101k\u0101s plan\u0113tas loterijas, kas pieejamas tie\u0161saist\u0113 no Latvijas.\" \/>\n<meta name=\"robots\" content=\"index, follow, max-snippet:-1, max-image-preview:large, max-video-preview:-1\" \/>\n<link rel=\"canonical\" href=\"https:\/\/onlinelotto365.com\/lv\/spelet\/powerball-australia\/\" \/>\n<meta property=\"og:locale\" content=\"lv_LV\" \/>\n<meta property=\"og:type\" content=\"article\" \/>\n<meta property=\"og:title\" content=\"Sp\u0113l\u0113jiet Powerball Australia tie\u0161saist\u0113 no Latvijas | Vai es varu piedal\u012bties Powerball Australia, ja dz\u012bvoju Latvij\u0101?\" \/>\n<meta property=\"og:description\" content=\"Sp\u0113l\u0113jiet Powerball Australia tie\u0161i \u0161eit - liel\u0101k\u0101s plan\u0113tas loterijas, kas pieejamas tie\u0161saist\u0113 no Latvijas.\" \/>\n<meta property=\"og:url\" content=\"https:\/\/onlinelotto365.com\/lv\/spelet\/powerball-australia\/\" \/>\n<meta property=\"og:site_name\" content=\"OnlineLotto365\" \/>\n<meta property=\"article:modified_time\" content=\"2022-11-03T14:11:21+00:00\" \/>\n<meta property=\"og:image\" content=\"https:\/\/redfoxlotto.com\/image?size=8&amp;lottery=powerball-au\" \/>\n<meta name=\"twitter:card\" content=\"summary_large_image\" \/>\n<meta name=\"twitter:label1\" content=\"Est. reading time\" \/>\n\t<meta name=\"twitter:data1\" content=\"3 minutes\" \/>\n<script type=\"application\/ld+json\" class=\"yoast-schema-graph\">{\"@context\":\"https:\/\/schema.org\",\"@graph\":[{\"@type\":\"WebPage\",\"@id\":\"https:\/\/onlinelotto365.com\/lv\/spelet\/powerball-australia\/\",\"url\":\"https:\/\/onlinelotto365.com\/lv\/spelet\/powerball-australia\/\",\"name\":\"Sp\u0113l\u0113jiet Powerball Australia tie\u0161saist\u0113 no Latvijas | Vai es varu piedal\u012bties Powerball Australia, ja dz\u012bvoju Latvij\u0101?\",\"isPartOf\":{\"@id\":\"https:\/\/onlinelotto365.com\/lv\/#website\"},\"primaryImageOfPage\":{\"@id\":\"https:\/\/onlinelotto365.com\/lv\/spelet\/powerball-australia\/#primaryimage\"},\"image\":{\"@id\":\"https:\/\/onlinelotto365.com\/lv\/spelet\/powerball-australia\/#primaryimage\"},\"thumbnailUrl\":\"https:\/\/redfoxlotto.com\/image?size=8&amp;lottery=powerball-au\",\"datePublished\":\"2022-11-03T14:11:05+00:00\",\"dateModified\":\"2022-11-03T14:11:21+00:00\",\"description\":\"Sp\u0113l\u0113jiet Powerball Australia tie\u0161i \u0161eit - liel\u0101k\u0101s plan\u0113tas loterijas, kas pieejamas tie\u0161saist\u0113 no Latvijas.\",\"breadcrumb\":{\"@id\":\"https:\/\/onlinelotto365.com\/lv\/spelet\/powerball-australia\/#breadcrumb\"},\"inLanguage\":\"lv-LV\",\"potentialAction\":[{\"@type\":\"ReadAction\",\"target\":[\"https:\/\/onlinelotto365.com\/lv\/spelet\/powerball-australia\/\"]}]},{\"@type\":\"ImageObject\",\"inLanguage\":\"lv-LV\",\"@id\":\"https:\/\/onlinelotto365.com\/lv\/spelet\/powerball-australia\/#primaryimage\",\"url\":\"https:\/\/redfoxlotto.com\/image?size=8&amp;lottery=powerball-au\",\"contentUrl\":\"https:\/\/redfoxlotto.com\/image?size=8&amp;lottery=powerball-au\"},{\"@type\":\"BreadcrumbList\",\"@id\":\"https:\/\/onlinelotto365.com\/lv\/spelet\/powerball-australia\/#breadcrumb\",\"itemListElement\":[{\"@type\":\"ListItem\",\"position\":1,\"name\":\"Home\",\"item\":\"https:\/\/onlinelotto365.com\/lv\/\"},{\"@type\":\"ListItem\",\"position\":2,\"name\":\"Viss, kas jums j\u0101zina par iesp\u0113j\u0101m sp\u0113l\u0113t lab\u0101k\u0101s loterijas tie\u0161saist\u0113\",\"item\":\"https:\/\/onlinelotto365.com\/lv\/play\/\"},{\"@type\":\"ListItem\",\"position\":3,\"name\":\"Powerball Austr\u0101lija &#8211; j\u016bs vairs neesat ierobe\u017eots ar savu Latvijas loterijas\"}]},{\"@type\":\"WebSite\",\"@id\":\"https:\/\/onlinelotto365.com\/lv\/#website\",\"url\":\"https:\/\/onlinelotto365.com\/lv\/\",\"name\":\"OnlineLotto365\",\"description\":\"\",\"potentialAction\":[{\"@type\":\"SearchAction\",\"target\":{\"@type\":\"EntryPoint\",\"urlTemplate\":\"https:\/\/onlinelotto365.com\/lv\/?s={search_term_string}\"},\"query-input\":{\"@type\":\"PropertyValueSpecification\",\"valueRequired\":true,\"valueName\":\"search_term_string\"}}],\"inLanguage\":\"lv-LV\"}]}<\/script>\n<!-- \/ Yoast SEO plugin. -->","yoast_head_json":{"title":"Sp\u0113l\u0113jiet Powerball Australia tie\u0161saist\u0113 no Latvijas | Vai es varu piedal\u012bties Powerball Australia, ja dz\u012bvoju Latvij\u0101?","description":"Sp\u0113l\u0113jiet Powerball Australia tie\u0161i \u0161eit - liel\u0101k\u0101s plan\u0113tas loterijas, kas pieejamas tie\u0161saist\u0113 no Latvijas.","robots":{"index":"index","follow":"follow","max-snippet":"max-snippet:-1","max-image-preview":"max-image-preview:large","max-video-preview":"max-video-preview:-1"},"canonical":"https:\/\/onlinelotto365.com\/lv\/spelet\/powerball-australia\/","og_locale":"lv_LV","og_type":"article","og_title":"Sp\u0113l\u0113jiet Powerball Australia tie\u0161saist\u0113 no Latvijas | Vai es varu piedal\u012bties Powerball Australia, ja dz\u012bvoju Latvij\u0101?","og_description":"Sp\u0113l\u0113jiet Powerball Australia tie\u0161i \u0161eit - liel\u0101k\u0101s plan\u0113tas loterijas, kas pieejamas tie\u0161saist\u0113 no Latvijas.","og_url":"https:\/\/onlinelotto365.com\/lv\/spelet\/powerball-australia\/","og_site_name":"OnlineLotto365","article_modified_time":"2022-11-03T14:11:21+00:00","og_image":[{"url":"https:\/\/redfoxlotto.com\/image?size=8&amp;lottery=powerball-au"}],"twitter_card":"summary_large_image","twitter_misc":{"Est. reading time":"3 minutes"},"schema":{"@context":"https:\/\/schema.org","@graph":[{"@type":"WebPage","@id":"https:\/\/onlinelotto365.com\/lv\/spelet\/powerball-australia\/","url":"https:\/\/onlinelotto365.com\/lv\/spelet\/powerball-australia\/","name":"Sp\u0113l\u0113jiet Powerball Australia tie\u0161saist\u0113 no Latvijas | Vai es varu piedal\u012bties Powerball Australia, ja dz\u012bvoju Latvij\u0101?","isPartOf":{"@id":"https:\/\/onlinelotto365.com\/lv\/#website"},"primaryImageOfPage":{"@id":"https:\/\/onlinelotto365.com\/lv\/spelet\/powerball-australia\/#primaryimage"},"image":{"@id":"https:\/\/onlinelotto365.com\/lv\/spelet\/powerball-australia\/#primaryimage"},"thumbnailUrl":"https:\/\/redfoxlotto.com\/image?size=8&amp;lottery=powerball-au","datePublished":"2022-11-03T14:11:05+00:00","dateModified":"2022-11-03T14:11:21+00:00","description":"Sp\u0113l\u0113jiet Powerball Australia tie\u0161i \u0161eit - liel\u0101k\u0101s plan\u0113tas loterijas, kas pieejamas tie\u0161saist\u0113 no Latvijas.","breadcrumb":{"@id":"https:\/\/onlinelotto365.com\/lv\/spelet\/powerball-australia\/#breadcrumb"},"inLanguage":"lv-LV","potentialAction":[{"@type":"ReadAction","target":["https:\/\/onlinelotto365.com\/lv\/spelet\/powerball-australia\/"]}]},{"@type":"ImageObject","inLanguage":"lv-LV","@id":"https:\/\/onlinelotto365.com\/lv\/spelet\/powerball-australia\/#primaryimage","url":"https:\/\/redfoxlotto.com\/image?size=8&amp;lottery=powerball-au","contentUrl":"https:\/\/redfoxlotto.com\/image?size=8&amp;lottery=powerball-au"},{"@type":"BreadcrumbList","@id":"https:\/\/onlinelotto365.com\/lv\/spelet\/powerball-australia\/#breadcrumb","itemListElement":[{"@type":"ListItem","position":1,"name":"Home","item":"https:\/\/onlinelotto365.com\/lv\/"},{"@type":"ListItem","position":2,"name":"Viss, kas jums j\u0101zina par iesp\u0113j\u0101m sp\u0113l\u0113t lab\u0101k\u0101s loterijas tie\u0161saist\u0113","item":"https:\/\/onlinelotto365.com\/lv\/play\/"},{"@type":"ListItem","position":3,"name":"Powerball Austr\u0101lija &#8211; j\u016bs vairs neesat ierobe\u017eots ar savu Latvijas loterijas"}]},{"@type":"WebSite","@id":"https:\/\/onlinelotto365.com\/lv\/#website","url":"https:\/\/onlinelotto365.com\/lv\/","name":"OnlineLotto365","description":"","potentialAction":[{"@type":"SearchAction","target":{"@type":"EntryPoint","urlTemplate":"https:\/\/onlinelotto365.com\/lv\/?s={search_term_string}"},"query-input":{"@type":"PropertyValueSpecification","valueRequired":true,"valueName":"search_term_string"}}],"inLanguage":"lv-LV"}]}},"_links":{"self":[{"href":"https:\/\/onlinelotto365.com\/lv\/wp-json\/wp\/v2\/pages\/79377","targetHints":{"allow":["GET"]}}],"collection":[{"href":"https:\/\/onlinelotto365.com\/lv\/wp-json\/wp\/v2\/pages"}],"about":[{"href":"https:\/\/onlinelotto365.com\/lv\/wp-json\/wp\/v2\/types\/page"}],"author":[{"embeddable":true,"href":"https:\/\/onlinelotto365.com\/lv\/wp-json\/wp\/v2\/users\/1"}],"replies":[{"embeddable":true,"href":"https:\/\/onlinelotto365.com\/lv\/wp-json\/wp\/v2\/comments?post=79377"}],"version-history":[{"count":0,"href":"https:\/\/onlinelotto365.com\/lv\/wp-json\/wp\/v2\/pages\/79377\/revisions"}],"up":[{"embeddable":true,"href":"https:\/\/onlinelotto365.com\/lv\/wp-json\/wp\/v2\/pages\/5025"}],"wp:attachment":[{"href":"https:\/\/onlinelotto365.com\/lv\/wp-json\/wp\/v2\/media?parent=79377"}],"curies":[{"name":"wp","href":"https:\/\/api.w.org\/{rel}","templated":true}]}}