{"id":79417,"date":"2022-11-04T09:03:48","date_gmt":"2022-11-04T08:03:48","guid":{"rendered":"https:\/\/onlinelotto365.com\/?page_id=79417"},"modified":"2022-11-04T09:12:55","modified_gmt":"2022-11-04T08:12:55","slug":"mega-sena","status":"publish","type":"page","link":"https:\/\/onlinelotto365.com\/lv\/spelet\/mega-sena\/","title":{"rendered":"K\u0101 Latvijas iedz\u012bvot\u0101ji var sp\u0113l\u0113t Mega-Sena tie\u0161saist\u0113?"},"content":{"rendered":"<p>M\u016bsu pakalpojums pa\u0161laik \u013cauj ieg\u0101d\u0101ties loterijas bi\u013cetes uz 15 da\u017e\u0101d\u0101m lielaj\u0101m loterij\u0101m no visas pasaules. M\u0113s lepojamies, ka varam pied\u0101v\u0101t saviem sp\u0113l\u0113t\u0101jiem iesp\u0113ju sp\u0113l\u0113t Braz\u012blijas loteriju Mega Sena tie\u0161saist\u0113. L\u012bdz\u012bgi k\u0101 vis\u0101s lielaj\u0101s loterij\u0101s, iepriek\u0161 jums bija j\u0101dz\u012bvo valst\u012b vai apgabal\u0101, kur\u0101 attiec\u012bg\u0101 loterija tiek r\u012bkota, un j\u0101dodas uz loterijas tirdzniec\u012bbas vietu, lai ieg\u0101d\u0101tos bi\u013cetes.<\/p>\n<p>Ta\u010du tagad t\u0101 vairs nav, jo j\u016bs varat sp\u0113l\u0113t ar\u012b no Latvijas un ieg\u0101d\u0101ties jebkuras loterijas bi\u013cetes tie\u0161saist\u0113, cik vien v\u0113laties un uz tik da\u017e\u0101d\u0101m loterij\u0101m, cik vien v\u0113laties, tie\u0161i no sava datora.<\/p>\n<p>Tagad, kad loteriju sp\u0113l\u0113\u0161anas pasaul\u0113 ir iest\u0101jusies jauna diena, sp\u0113l\u0113t\u0101ji ir run\u0101ju\u0161i, un vi\u0146i ir l\u016bgu\u0161i lielu da\u017e\u0101du loteriju izv\u0113li. T\u0101p\u0113c m\u0113s pied\u0101v\u0101jam lab\u0101ko no t\u0101m j\u016bsu m\u0101j\u0101s. Starp t\u0101m ir Mega-Sena Lotto, Braz\u012blijas liel\u0101k\u0101 loterija.<\/p>\n<p><a href=\"https:\/\/redfoxlotto.com\/play\/mega-sena\/?ref=a8564250a2&amp;medium=ol365\" target=\"_blank\" rel=\"noopener noreferrer\"><img decoding=\"async\" class=\"aligncenter\" src=\"https:\/\/redfoxlotto.com\/image?size=8&amp;lottery=mega-sena\" alt=\"mega-sena\" \/><\/a><\/p>\n<h2>Par Mega-Sena<\/h2>\n<ul>\n<li>Valsts: Braz\u012blija<\/li>\n<li>Galveno skait\u013cu diapazons: 60<\/li>\n<li>J\u016bs izv\u0113laties: 6<\/li>\n<li>Papildu skait\u013cu diapazons: nav<\/li>\n<li>J\u016bs izv\u0113laties: nav<\/li>\n<li>Izlozes dienas, stundas: Tre\u0161diena, sestdiena, 20:00 GMT -3, 24:00 CET.<\/li>\n<li>Minim\u0101lais d\u017eekpots: R$ 2 miljoni<\/li>\n<li>Maksim\u0101lais d\u017eekpota limits: bez maksim\u0101l\u0101 limita<\/li>\n<li>D\u017eekpota laim\u0113\u0161anas varb\u016bt\u012bba: 1 pret 50 063 860.<\/li>\n<li>2. l\u012bme\u0146a laimesta varb\u016bt\u012bba: 1 pret 15 451 809<\/li>\n<li>Iesp\u0113ja laim\u0113t jebkur\u0101 l\u012bmen\u012b: 1 pret 2297,56<\/li>\n<li>Balvu l\u012bme\u0146u skaits: 3<\/li>\n<\/ul>\n<p>Mega-Sena izlozes notiek tre\u0161dien\u0101s un sestdien\u0101s, t\u0101d\u0113j\u0101di starp vis\u0101m p\u0101r\u0113j\u0101m loterij\u0101m, kur\u0101s J\u016bs sp\u0113l\u0113jat \u0161obr\u012bd, ir v\u0113l divas iesp\u0113jas laim\u0113t. M\u0113s pied\u0101v\u0101jam jums pla\u0161u izv\u0113li, un visas ir v\u0113rts sp\u0113l\u0113t, ieskaitot Mega Sena.<\/p>\n<p>Lai sp\u0113l\u0113tu Mega Sena loto, sp\u0113l\u0113t\u0101ji izv\u0113las 6 skait\u013cus no 1 l\u012bdz 60. Sakritot visiem 6 skait\u013ciem, j\u016bs vinn\u0113siet d\u017eekpotu, kas vienm\u0113r ir vismaz vair\u0101ki miljoni dol\u0101ru un bie\u017ei vien ir daudz liel\u0101ks.<br \/>\nTom\u0113r Mega Sena ir unik\u0101la no vis\u0101m cit\u0101m pasaules loterij\u0101m, jo taj\u0101 nav tikai 60 bumbi\u0146as ar da\u017e\u0101diem skait\u013ciem. Ir divas da\u017e\u0101das bungas, no kur\u0101m viena ir no 0 l\u012bdz 5, bet otra &#8211; no 0 l\u012bdz 9. Tad skait\u013ci tiek izloz\u0113ti pa vienam.<\/p>\n<p>Piem\u0113ram, ja no pirm\u0101 cilindra izvelk 2, bet no otr\u0101 &#8211; 9, tad izloz\u0113tais skaitlis ir 29. Kad viencipara skaitlis ir izloz\u0113ts, tad to atpaka\u013c cilindr\u0101 neieliek. T\u0101tad tagad m\u0113s zin\u0101m, ka tiks izvilkts tie\u0161i viens viencipara skaitlis, ja vien netiks izvilkts 00, kas tiek uzskat\u012bts par 60, viens, kas s\u0101kas ar 1, viens, kas s\u0101kas ar 2, un t\u0101 t\u0101l\u0101k. Tas ir interesants pav\u0113rsiens, kas paties\u012bb\u0101 atvieglo vinnestu g\u016b\u0161anu, ja vien j\u016bs iev\u0113rojat \u0161o strat\u0113\u0123iju.<\/p>\n<p>Ja jums atbilst visi 6 skait\u013ci, j\u016bs vinn\u0113siet d\u017eekpotu, bet, ja jums atbilst 4 vai 5 skait\u013ci, j\u016bs vinn\u0113siet sekund\u0101ro balvu. K\u0101 tas bie\u017ei notiek valsts loterij\u0101s, Mega-Sena Lotto g\u016bt\u0101 pe\u013c\u0146a tiek novirz\u012bta soci\u0101lo programmu atbalstam, un faktiski Braz\u012blijas iedz\u012bvot\u0101ji liel\u0101 m\u0113r\u0101 pa\u013caujas uz \u0161iem ziedojumiem. T\u0101p\u0113c, lai gan m\u0113s, iesp\u0113jams, neesam no Braz\u012blijas un t\u0101d\u0113j\u0101di neg\u016bstam tie\u0161u labumu, ir lieliski zin\u0101t, ka, sp\u0113l\u0113jot Mega Senu, m\u0113s noteikti dar\u0101m kaut ko labu papildus visai izklaidei, ko g\u016bstam, to darot.<\/p>\n<h2>Loterijas ir pasaul\u0113 iecien\u012bt\u0101kais azartsp\u0113\u013cu veids<\/h2>\n<p>Nav \u013coti gr\u016bti saprast, k\u0101p\u0113c loterijas ir pasaul\u0113 vispopul\u0101r\u0101kais azartsp\u0113\u013cu veids. Tas nav pat t\u0101p\u0113c, ka t\u0101s ir tik viegli pieejamas, lai gan tas noteikti pal\u012bdz. \u012astais iemesls ir uztraukums, ko sniedz iesp\u0113ja laim\u0113t briesm\u012bgas naudas summas.<\/p>\n<p>Turkl\u0101t \u0161\u0137iet, ka m\u016bsu apet\u012bte p\u0113c \u0161iem milz\u012bgajiem d\u017eekpotiem ir patie\u0161\u0101m liela. Ja esat k\u0101dreiz pieredz\u0113ju\u0161i, k\u0101ds a\u017eiot\u0101\u017ea rodas, kad d\u017eekpoti pieaug l\u012bdz milz\u012bg\u0101m summ\u0101m, un to, cik daudz vair\u0101k bi\u013ce\u0161u tiek p\u0101rdots uz \u0161iem d\u017eekpotiem, k\u0101 ar\u012b to, cik garas ir rindas, tad j\u016bs zin\u0101t, ka tas viss ir tiesa.<\/p>\n<p>K\u0101p\u0113c gan cilv\u0113ki nevar\u0113tu saj\u016bsmin\u0101ties par iesp\u0113ju laim\u0113t pietiekami daudz naudas, lai nodro\u0161in\u0101tu sev luksusa un bag\u0101t\u012bbas pilnu m\u016b\u017eu? Liel\u0101kajai da\u013cai no mums \u0161\u012b ir vien\u012bg\u0101 iesp\u0113ja, kas mums jebkad b\u016bs \u0161\u0101da dz\u012bvesveida iesp\u0113ja. Tom\u0113r t\u0101di vienk\u0101r\u0161i cilv\u0113ki k\u0101 m\u0113s pa\u0161i vinn\u0113 \u0161\u012bs gigantisk\u0101s summas, un nekad nevar zin\u0101t, vai un kad pien\u0101ks j\u016bsu k\u0101rta.<br \/>\n<img loading=\"lazy\" decoding=\"async\" class=\"size-medium wp-image-1136 alignright\" src=\"https:\/\/onlinelotto365.com\/wp-content\/uploads\/2020\/11\/online_lottery-96-300x212.jpg\" alt=\"sp\u0113l\u0113t mega-sena tie\u0161saist\u0113\" width=\"300\" height=\"212\" \/><\/p>\n<p>Ta\u010du jau pats sp\u0113l\u0113\u0161anas process sag\u0101d\u0101 cilv\u0113kiem lielu prieku, un, lai gan j\u016bsu izredzes \u0161\u0101d\u0101 veid\u0101 laim\u0113t lielu naudu ir \u013coti mazas, iesp\u0113ja tom\u0113r past\u0101v. Ja j\u016bs nesp\u0113l\u0113siet, j\u016bs nevar\u0113siet sap\u0146ot, un j\u016bs nevar\u0113siet izbaud\u012bt domas par to, ka tas viss var\u0113tu notikt ar jums.<\/p>\n<p>Protams, lai loterij\u0101s vinn\u0113tu naudu, jums nav j\u0101uzvar d\u017eekpots, un sp\u0113l\u0113t\u0101ji visu laiku vinn\u0113 maz\u0101kas balvas. Da\u017eas no \u0161\u012bm maz\u0101kaj\u0101m balv\u0101m paties\u012bb\u0101 nemaz nav tik mazas. Ir daudz da\u017e\u0101du veidu, k\u0101 vinn\u0113t naudu, sp\u0113l\u0113jot loterij\u0101s, un katru reizi, kad vinn\u0113jat naudu, tas vienm\u0113r ir \u013coti pat\u012bkami.<\/p>\n","protected":false},"excerpt":{"rendered":"<p>M\u016bsu pakalpojums pa\u0161laik \u013cauj ieg\u0101d\u0101ties loterijas bi\u013cetes uz 15 da\u017e\u0101d\u0101m lielaj\u0101m loterij\u0101m no visas pasaules. M\u0113s lepojamies, ka varam pied\u0101v\u0101t saviem sp\u0113l\u0113t\u0101jiem iesp\u0113ju sp\u0113l\u0113t Braz\u012blijas loteriju Mega Sena tie\u0161saist\u0113. L\u012bdz\u012bgi k\u0101 vis\u0101s lielaj\u0101s loterij\u0101s, iepriek\u0161 jums bija j\u0101dz\u012bvo valst\u012b vai apgabal\u0101, kur\u0101 attiec\u012bg\u0101 loterija tiek r\u012bkota, un j\u0101dodas uz loterijas tirdzniec\u012bbas vietu, lai ieg\u0101d\u0101tos bi\u013cetes. [&hellip;]<\/p>\n","protected":false},"author":1,"featured_media":0,"parent":5025,"menu_order":12,"comment_status":"closed","ping_status":"closed","template":"megasena.php","meta":{"_et_pb_use_builder":"","_et_pb_old_content":"","_et_gb_content_width":"","exclude_from_search":false,"footnotes":""},"class_list":["post-79417","page","type-page","status-publish","hentry"],"yoast_head":"<!-- This site is optimized with the Yoast SEO plugin v23.4 - https:\/\/yoast.com\/wordpress\/plugins\/seo\/ -->\n<title>Sp\u0113l\u0113jiet Mega-Sena tie\u0161saist\u0113 no Latvijas | Vai es varu piedal\u012bties Mega-Sena, ja dz\u012bvoju Latvij\u0101?<\/title>\n<meta name=\"description\" content=\"Ar m\u016bsu tie\u0161saistes bi\u013ce\u0161u servisa pal\u012bdz\u012bbu J\u016bs varat viegli sp\u0113l\u0113t Mega-Sena tie\u0161saist\u0113.\" \/>\n<meta name=\"robots\" content=\"index, follow, max-snippet:-1, max-image-preview:large, max-video-preview:-1\" \/>\n<link rel=\"canonical\" href=\"https:\/\/onlinelotto365.com\/lv\/spelet\/mega-sena\/\" \/>\n<meta property=\"og:locale\" content=\"lv_LV\" \/>\n<meta property=\"og:type\" content=\"article\" \/>\n<meta property=\"og:title\" content=\"Sp\u0113l\u0113jiet Mega-Sena tie\u0161saist\u0113 no Latvijas | Vai es varu piedal\u012bties Mega-Sena, ja dz\u012bvoju Latvij\u0101?\" \/>\n<meta property=\"og:description\" content=\"Ar m\u016bsu tie\u0161saistes bi\u013ce\u0161u servisa pal\u012bdz\u012bbu J\u016bs varat viegli sp\u0113l\u0113t Mega-Sena tie\u0161saist\u0113.\" \/>\n<meta property=\"og:url\" content=\"https:\/\/onlinelotto365.com\/lv\/spelet\/mega-sena\/\" \/>\n<meta property=\"og:site_name\" content=\"OnlineLotto365\" \/>\n<meta property=\"article:modified_time\" content=\"2022-11-04T08:12:55+00:00\" \/>\n<meta property=\"og:image\" content=\"https:\/\/redfoxlotto.com\/image?size=8&amp;lottery=mega-sena\" \/>\n<meta name=\"twitter:card\" content=\"summary_large_image\" \/>\n<meta name=\"twitter:label1\" content=\"Est. reading time\" \/>\n\t<meta name=\"twitter:data1\" content=\"4 minutes\" \/>\n<script type=\"application\/ld+json\" class=\"yoast-schema-graph\">{\"@context\":\"https:\/\/schema.org\",\"@graph\":[{\"@type\":\"WebPage\",\"@id\":\"https:\/\/onlinelotto365.com\/lv\/spelet\/mega-sena\/\",\"url\":\"https:\/\/onlinelotto365.com\/lv\/spelet\/mega-sena\/\",\"name\":\"Sp\u0113l\u0113jiet Mega-Sena tie\u0161saist\u0113 no Latvijas | Vai es varu piedal\u012bties Mega-Sena, ja dz\u012bvoju Latvij\u0101?\",\"isPartOf\":{\"@id\":\"https:\/\/onlinelotto365.com\/lv\/#website\"},\"primaryImageOfPage\":{\"@id\":\"https:\/\/onlinelotto365.com\/lv\/spelet\/mega-sena\/#primaryimage\"},\"image\":{\"@id\":\"https:\/\/onlinelotto365.com\/lv\/spelet\/mega-sena\/#primaryimage\"},\"thumbnailUrl\":\"https:\/\/redfoxlotto.com\/image?size=8&amp;lottery=mega-sena\",\"datePublished\":\"2022-11-04T08:03:48+00:00\",\"dateModified\":\"2022-11-04T08:12:55+00:00\",\"description\":\"Ar m\u016bsu tie\u0161saistes bi\u013ce\u0161u servisa pal\u012bdz\u012bbu J\u016bs varat viegli sp\u0113l\u0113t Mega-Sena tie\u0161saist\u0113.\",\"breadcrumb\":{\"@id\":\"https:\/\/onlinelotto365.com\/lv\/spelet\/mega-sena\/#breadcrumb\"},\"inLanguage\":\"lv-LV\",\"potentialAction\":[{\"@type\":\"ReadAction\",\"target\":[\"https:\/\/onlinelotto365.com\/lv\/spelet\/mega-sena\/\"]}]},{\"@type\":\"ImageObject\",\"inLanguage\":\"lv-LV\",\"@id\":\"https:\/\/onlinelotto365.com\/lv\/spelet\/mega-sena\/#primaryimage\",\"url\":\"https:\/\/redfoxlotto.com\/image?size=8&amp;lottery=mega-sena\",\"contentUrl\":\"https:\/\/redfoxlotto.com\/image?size=8&amp;lottery=mega-sena\"},{\"@type\":\"BreadcrumbList\",\"@id\":\"https:\/\/onlinelotto365.com\/lv\/spelet\/mega-sena\/#breadcrumb\",\"itemListElement\":[{\"@type\":\"ListItem\",\"position\":1,\"name\":\"Home\",\"item\":\"https:\/\/onlinelotto365.com\/lv\/\"},{\"@type\":\"ListItem\",\"position\":2,\"name\":\"Viss, kas jums j\u0101zina par iesp\u0113j\u0101m sp\u0113l\u0113t lab\u0101k\u0101s loterijas tie\u0161saist\u0113\",\"item\":\"https:\/\/onlinelotto365.com\/lv\/play\/\"},{\"@type\":\"ListItem\",\"position\":3,\"name\":\"K\u0101 Latvijas iedz\u012bvot\u0101ji var sp\u0113l\u0113t Mega-Sena tie\u0161saist\u0113?\"}]},{\"@type\":\"WebSite\",\"@id\":\"https:\/\/onlinelotto365.com\/lv\/#website\",\"url\":\"https:\/\/onlinelotto365.com\/lv\/\",\"name\":\"OnlineLotto365\",\"description\":\"\",\"potentialAction\":[{\"@type\":\"SearchAction\",\"target\":{\"@type\":\"EntryPoint\",\"urlTemplate\":\"https:\/\/onlinelotto365.com\/lv\/?s={search_term_string}\"},\"query-input\":{\"@type\":\"PropertyValueSpecification\",\"valueRequired\":true,\"valueName\":\"search_term_string\"}}],\"inLanguage\":\"lv-LV\"}]}<\/script>\n<!-- \/ Yoast SEO plugin. -->","yoast_head_json":{"title":"Sp\u0113l\u0113jiet Mega-Sena tie\u0161saist\u0113 no Latvijas | Vai es varu piedal\u012bties Mega-Sena, ja dz\u012bvoju Latvij\u0101?","description":"Ar m\u016bsu tie\u0161saistes bi\u013ce\u0161u servisa pal\u012bdz\u012bbu J\u016bs varat viegli sp\u0113l\u0113t Mega-Sena tie\u0161saist\u0113.","robots":{"index":"index","follow":"follow","max-snippet":"max-snippet:-1","max-image-preview":"max-image-preview:large","max-video-preview":"max-video-preview:-1"},"canonical":"https:\/\/onlinelotto365.com\/lv\/spelet\/mega-sena\/","og_locale":"lv_LV","og_type":"article","og_title":"Sp\u0113l\u0113jiet Mega-Sena tie\u0161saist\u0113 no Latvijas | Vai es varu piedal\u012bties Mega-Sena, ja dz\u012bvoju Latvij\u0101?","og_description":"Ar m\u016bsu tie\u0161saistes bi\u013ce\u0161u servisa pal\u012bdz\u012bbu J\u016bs varat viegli sp\u0113l\u0113t Mega-Sena tie\u0161saist\u0113.","og_url":"https:\/\/onlinelotto365.com\/lv\/spelet\/mega-sena\/","og_site_name":"OnlineLotto365","article_modified_time":"2022-11-04T08:12:55+00:00","og_image":[{"url":"https:\/\/redfoxlotto.com\/image?size=8&amp;lottery=mega-sena"}],"twitter_card":"summary_large_image","twitter_misc":{"Est. reading time":"4 minutes"},"schema":{"@context":"https:\/\/schema.org","@graph":[{"@type":"WebPage","@id":"https:\/\/onlinelotto365.com\/lv\/spelet\/mega-sena\/","url":"https:\/\/onlinelotto365.com\/lv\/spelet\/mega-sena\/","name":"Sp\u0113l\u0113jiet Mega-Sena tie\u0161saist\u0113 no Latvijas | Vai es varu piedal\u012bties Mega-Sena, ja dz\u012bvoju Latvij\u0101?","isPartOf":{"@id":"https:\/\/onlinelotto365.com\/lv\/#website"},"primaryImageOfPage":{"@id":"https:\/\/onlinelotto365.com\/lv\/spelet\/mega-sena\/#primaryimage"},"image":{"@id":"https:\/\/onlinelotto365.com\/lv\/spelet\/mega-sena\/#primaryimage"},"thumbnailUrl":"https:\/\/redfoxlotto.com\/image?size=8&amp;lottery=mega-sena","datePublished":"2022-11-04T08:03:48+00:00","dateModified":"2022-11-04T08:12:55+00:00","description":"Ar m\u016bsu tie\u0161saistes bi\u013ce\u0161u servisa pal\u012bdz\u012bbu J\u016bs varat viegli sp\u0113l\u0113t Mega-Sena tie\u0161saist\u0113.","breadcrumb":{"@id":"https:\/\/onlinelotto365.com\/lv\/spelet\/mega-sena\/#breadcrumb"},"inLanguage":"lv-LV","potentialAction":[{"@type":"ReadAction","target":["https:\/\/onlinelotto365.com\/lv\/spelet\/mega-sena\/"]}]},{"@type":"ImageObject","inLanguage":"lv-LV","@id":"https:\/\/onlinelotto365.com\/lv\/spelet\/mega-sena\/#primaryimage","url":"https:\/\/redfoxlotto.com\/image?size=8&amp;lottery=mega-sena","contentUrl":"https:\/\/redfoxlotto.com\/image?size=8&amp;lottery=mega-sena"},{"@type":"BreadcrumbList","@id":"https:\/\/onlinelotto365.com\/lv\/spelet\/mega-sena\/#breadcrumb","itemListElement":[{"@type":"ListItem","position":1,"name":"Home","item":"https:\/\/onlinelotto365.com\/lv\/"},{"@type":"ListItem","position":2,"name":"Viss, kas jums j\u0101zina par iesp\u0113j\u0101m sp\u0113l\u0113t lab\u0101k\u0101s loterijas tie\u0161saist\u0113","item":"https:\/\/onlinelotto365.com\/lv\/play\/"},{"@type":"ListItem","position":3,"name":"K\u0101 Latvijas iedz\u012bvot\u0101ji var sp\u0113l\u0113t Mega-Sena tie\u0161saist\u0113?"}]},{"@type":"WebSite","@id":"https:\/\/onlinelotto365.com\/lv\/#website","url":"https:\/\/onlinelotto365.com\/lv\/","name":"OnlineLotto365","description":"","potentialAction":[{"@type":"SearchAction","target":{"@type":"EntryPoint","urlTemplate":"https:\/\/onlinelotto365.com\/lv\/?s={search_term_string}"},"query-input":{"@type":"PropertyValueSpecification","valueRequired":true,"valueName":"search_term_string"}}],"inLanguage":"lv-LV"}]}},"_links":{"self":[{"href":"https:\/\/onlinelotto365.com\/lv\/wp-json\/wp\/v2\/pages\/79417","targetHints":{"allow":["GET"]}}],"collection":[{"href":"https:\/\/onlinelotto365.com\/lv\/wp-json\/wp\/v2\/pages"}],"about":[{"href":"https:\/\/onlinelotto365.com\/lv\/wp-json\/wp\/v2\/types\/page"}],"author":[{"embeddable":true,"href":"https:\/\/onlinelotto365.com\/lv\/wp-json\/wp\/v2\/users\/1"}],"replies":[{"embeddable":true,"href":"https:\/\/onlinelotto365.com\/lv\/wp-json\/wp\/v2\/comments?post=79417"}],"version-history":[{"count":0,"href":"https:\/\/onlinelotto365.com\/lv\/wp-json\/wp\/v2\/pages\/79417\/revisions"}],"up":[{"embeddable":true,"href":"https:\/\/onlinelotto365.com\/lv\/wp-json\/wp\/v2\/pages\/5025"}],"wp:attachment":[{"href":"https:\/\/onlinelotto365.com\/lv\/wp-json\/wp\/v2\/media?parent=79417"}],"curies":[{"name":"wp","href":"https:\/\/api.w.org\/{rel}","templated":true}]}}