{"id":79450,"date":"2022-11-04T10:51:44","date_gmt":"2022-11-04T09:51:44","guid":{"rendered":"https:\/\/onlinelotto365.com\/?page_id=79450"},"modified":"2022-11-04T10:51:44","modified_gmt":"2022-11-04T09:51:44","slug":"set-for-life","status":"publish","type":"page","link":"https:\/\/onlinelotto365.com\/lv\/spelet\/set-for-life\/","title":{"rendered":"Vai ir iesp\u0113jams sp\u0113l\u0113t Set for life loto tie\u0161saist\u0113?"},"content":{"rendered":"<p>Vai zin\u0101j\u0101t, ka Set for Life loterij\u0101 katru m\u0113nesi varat laim\u0113t \u00a3 10 000? Ja v\u0113laties izm\u0113\u0123in\u0101t veiksmi loterij\u0101, Set for Life ir lielisks veids, k\u0101 s\u0101kt. Set for Life loterija ir vislab\u0101k paz\u012bstama k\u0101 vien\u012bg\u0101 sp\u0113le, kas \u013cauj izsp\u0113l\u0113t skait\u013cus septi\u0146os izloz\u0113s p\u0113c k\u0101rtas katru dienu. Tas vienk\u0101r\u0161i noz\u012bm\u0113, ka jums ir daudz iesp\u0113ju laim\u0113t d\u017eekpotu katru ned\u0113\u013cas dienu.<\/p>\n<p>\u0160eit m\u0113s jums \u013causim uzzin\u0101t vair\u0101k par Set for Life un saprast, k\u0101p\u0113c daudzi cilv\u0113ki turpina sp\u0113l\u0113t \u0161o loteriju.<\/p>\n<p>Set for Life organiz\u0113ja Nacion\u0101l\u0101 loterija, un t\u0101 ieguva Apvienot\u0101s Karalistes pirm\u0101s rentes loterijas titulu. \u0160\u012b loterija dod iesp\u0113ju sp\u0113l\u0113t\u0101jiem laim\u0113t ikm\u0113ne\u0161a maks\u0101jumu 10 000 m\u0101rci\u0146u apm\u0113r\u0101 30 gadu laik\u0101.<\/p>\n<p>Un, lai gan t\u0101 ir Apvienot\u0101s Karalistes loterija, Set for life var sp\u0113l\u0113t tie\u0161saist\u0113 no Latvijas. M\u016bsu tie\u0161saistes bi\u013ce\u0161u pakalpojums glob\u0101laj\u0101m loterij\u0101m \u013cauj sp\u0113l\u0113t\u0101jiem no visas pasaules piedal\u012bties lab\u0101kaj\u0101s loterij\u0101s ar liel\u0101kajiem d\u017eekpotiem.<\/p>\n<p><a href=\"https:\/\/redfoxlotto.com\/play\/set-for-life-uk\/?ref=a8564250a2&amp;medium=ol365\" target=\"_blank\" rel=\"noopener noreferrer\"><img decoding=\"async\" class=\"aligncenter\" src=\"https:\/\/redfoxlotto.com\/image?size=8&amp;lottery=set-for-life-uk\" alt=\"&quot;Set\" \/><\/a><\/p>\n<p>&nbsp;<\/p>\n<h2>Par Set for life loto<\/h2>\n<ul>\n<li>Valsts: Apvienot\u0101 Karaliste.<\/li>\n<li>Galveno skait\u013cu diapazons: 45<\/li>\n<li>J\u016bs izv\u0113laties: 5<\/li>\n<li>Papildu skait\u013cu diapazons: 10<\/li>\n<li>J\u016bs izv\u0113laties: 1<\/li>\n<li>Izlozes dienas, stundas: Pirmdiena, ceturtdiena, 20:00 GMT, 21:00 CET.<\/li>\n<li>Minim\u0101lais d\u017eekpots: nav<\/li>\n<li>Maksim\u0101lais d\u017eekpots: nav<\/li>\n<li>D\u017eekpota laim\u0113\u0161anas varb\u016bt\u012bba: 1 pret 15 339 390 390.<\/li>\n<li>2. l\u012bme\u0146a laimestu iesp\u0113jam\u012bba: 1 pret 1 704 377<\/li>\n<li>Iesp\u0113ja laim\u0113t jebkur\u0101 l\u012bmen\u012b: 1 pret 12,4<\/li>\n<li>Balvu l\u012bme\u0146u skaits: 8<\/li>\n<\/ul>\n<p>T\u0101pat k\u0101 citas Apvienot\u0101s Karalistes loterijas, ar\u012b Set for Life ir izlozes sp\u0113le. Sp\u0113l\u0113jot loteriju, jums ir j\u0101izv\u0113las pieci skait\u013ci no 1 l\u012bdz 47, tostarp &#8220;dz\u012bv\u012bbas bumbi\u0146as&#8221; skaitlis no 1 l\u012bdz 10. Kad pieci skait\u013ci un &#8220;dz\u012bv\u012bbas bumbi\u0146as&#8221; numurs b\u016bs izv\u0113l\u0113ti, jums b\u016bs iesp\u0113ja katru m\u0113nesi laim\u0113t kop\u0113jo d\u017eekpotu 10 000 m\u0101rci\u0146u apm\u0113r\u0101.<\/p>\n<h2>Set for Life izloze<\/h2>\n<p>Set for Life loterija notiek katru pirmdienu un ceturtdienu, un Apvienotaj\u0101 Karalist\u0113 sp\u0113l\u0113t\u0101ji var ieg\u0101d\u0101ties loto bi\u013cetes viet\u0113j\u0101 loto veikal\u0101. Izloze katru vakaru beidzas plkst. 21.00 austrumu austrumos. Jaun\u0101kie Set for Life rezult\u0101ti parasti ir pieejami izlozes dien\u0101, t. i., 21:45 p\u0113c Grini\u010das laika. L\u016bdzu, \u0146emiet v\u0113r\u0101, ka katras sp\u0113les dividendes tiek atjaunin\u0101tas neilgi p\u0113c izlozes. Ar\u012b dividen\u017eu atjaunin\u0101jumi parasti ir pieejami sabiedr\u012bbai no r\u012bta p\u0113c izlozes.<\/p>\n<h2>K\u0101 uzvar\u0113t loterij\u0101 Set for Life<\/h2>\n<p>Set for Life loterijas pirm\u0101 balva pied\u0101v\u0101 ikm\u0113ne\u0161a maks\u0101jumu \u00a310 000 apm\u0113r\u0101, un katr\u0101 izloz\u0113 \u010detriem sp\u0113l\u0113t\u0101jiem ir iesp\u0113ja ieg\u016bt \u0161o balvu. Lai vinn\u0113tu galveno balvu, j\u016bsu skait\u013ciem ir j\u0101sakr\u012bt ar asto\u0146iem laimestu ieguvu\u0161ajiem skait\u013ciem viena komplekta laik\u0101. Tas noz\u012bm\u0113, ka loterij\u0101 Set for Life ir asto\u0146as balvu kategorijas. Jums ir iesp\u0113ja laim\u0113t balvu ar \u010detriem laim\u012bgajiem skait\u013ciem, ieskaitot vienu bonusa skaitli katr\u0101 komplekt\u0101.<br \/>\n<img loading=\"lazy\" decoding=\"async\" class=\"size-full wp-image-1477 alignright\" src=\"https:\/\/onlinelotto365.com\/wp-content\/uploads\/2020\/11\/online_lottery-128.jpg\" alt=\"sp\u0113l\u0113t set for life lotto\" width=\"212\" height=\"142\" \/><\/p>\n<p>Set for Life pied\u0101v\u0101 izdev\u012bgas izredzes laim\u0113t d\u017eekpotu. Piem\u0113ram, citas balvas, kur\u0101m nepiecie\u0161ama viena vai vair\u0101ku skait\u013cu sakrit\u012bba, dod jums 1 pret 12 iesp\u0113ju laim\u0113t pat to, kas b\u016btu tikai 5 \u00a3.<\/p>\n<p>T\u0101tad, ja j\u016bs j\u016btat savu veiksmi, b\u016bs v\u0113rts izv\u0113l\u0113ties Set for Life bi\u013ceti! M\u0113s pied\u0101v\u0101jam Jums pla\u0161u starptautisko loteriju kl\u0101stu, kuras J\u016bs varat sp\u0113l\u0113t no Latvijas, lai laim\u0113tu simtiem miljonu v\u0113rtus laimestus.<\/p>\n","protected":false},"excerpt":{"rendered":"<p>Vai zin\u0101j\u0101t, ka Set for Life loterij\u0101 katru m\u0113nesi varat laim\u0113t \u00a3 10 000? Ja v\u0113laties izm\u0113\u0123in\u0101t veiksmi loterij\u0101, Set for Life ir lielisks veids, k\u0101 s\u0101kt. Set for Life loterija ir vislab\u0101k paz\u012bstama k\u0101 vien\u012bg\u0101 sp\u0113le, kas \u013cauj izsp\u0113l\u0113t skait\u013cus septi\u0146os izloz\u0113s p\u0113c k\u0101rtas katru dienu. Tas vienk\u0101r\u0161i noz\u012bm\u0113, ka jums ir daudz iesp\u0113ju [&hellip;]<\/p>\n","protected":false},"author":1,"featured_media":0,"parent":5025,"menu_order":10,"comment_status":"closed","ping_status":"closed","template":"set-for-life.php","meta":{"_et_pb_use_builder":"","_et_pb_old_content":"","_et_gb_content_width":"","exclude_from_search":false,"footnotes":""},"class_list":["post-79450","page","type-page","status-publish","hentry"],"yoast_head":"<!-- This site is optimized with the Yoast SEO plugin v23.4 - https:\/\/yoast.com\/wordpress\/plugins\/seo\/ -->\n<title>K\u0101 sp\u0113l\u0113t Set for life lotto tie\u0161saist\u0113 no Latvijas<\/title>\n<meta name=\"description\" content=\"Ieg\u0101d\u0101jieties Set for life lotto bi\u013cetes tie\u0161saist\u0113, ja atrodaties Latvij\u0101\" \/>\n<meta name=\"robots\" content=\"index, follow, max-snippet:-1, max-image-preview:large, max-video-preview:-1\" \/>\n<link rel=\"canonical\" href=\"https:\/\/onlinelotto365.com\/lv\/spelet\/set-for-life\/\" \/>\n<meta property=\"og:locale\" content=\"lv_LV\" \/>\n<meta property=\"og:type\" content=\"article\" \/>\n<meta property=\"og:title\" content=\"K\u0101 sp\u0113l\u0113t Set for life lotto tie\u0161saist\u0113 no Latvijas\" \/>\n<meta property=\"og:description\" content=\"Ieg\u0101d\u0101jieties Set for life lotto bi\u013cetes tie\u0161saist\u0113, ja atrodaties Latvij\u0101\" \/>\n<meta property=\"og:url\" content=\"https:\/\/onlinelotto365.com\/lv\/spelet\/set-for-life\/\" \/>\n<meta property=\"og:site_name\" content=\"OnlineLotto365\" \/>\n<meta property=\"og:image\" content=\"https:\/\/redfoxlotto.com\/image?size=8&amp;lottery=set-for-life-uk\" \/>\n<meta name=\"twitter:card\" content=\"summary_large_image\" \/>\n<meta name=\"twitter:label1\" content=\"Est. reading time\" \/>\n\t<meta name=\"twitter:data1\" content=\"3 minutes\" \/>\n<script type=\"application\/ld+json\" class=\"yoast-schema-graph\">{\"@context\":\"https:\/\/schema.org\",\"@graph\":[{\"@type\":\"WebPage\",\"@id\":\"https:\/\/onlinelotto365.com\/lv\/spelet\/set-for-life\/\",\"url\":\"https:\/\/onlinelotto365.com\/lv\/spelet\/set-for-life\/\",\"name\":\"K\u0101 sp\u0113l\u0113t Set for life lotto tie\u0161saist\u0113 no Latvijas\",\"isPartOf\":{\"@id\":\"https:\/\/onlinelotto365.com\/lv\/#website\"},\"primaryImageOfPage\":{\"@id\":\"https:\/\/onlinelotto365.com\/lv\/spelet\/set-for-life\/#primaryimage\"},\"image\":{\"@id\":\"https:\/\/onlinelotto365.com\/lv\/spelet\/set-for-life\/#primaryimage\"},\"thumbnailUrl\":\"https:\/\/redfoxlotto.com\/image?size=8&amp;lottery=set-for-life-uk\",\"datePublished\":\"2022-11-04T09:51:44+00:00\",\"dateModified\":\"2022-11-04T09:51:44+00:00\",\"description\":\"Ieg\u0101d\u0101jieties Set for life lotto bi\u013cetes tie\u0161saist\u0113, ja atrodaties Latvij\u0101\",\"breadcrumb\":{\"@id\":\"https:\/\/onlinelotto365.com\/lv\/spelet\/set-for-life\/#breadcrumb\"},\"inLanguage\":\"lv-LV\",\"potentialAction\":[{\"@type\":\"ReadAction\",\"target\":[\"https:\/\/onlinelotto365.com\/lv\/spelet\/set-for-life\/\"]}]},{\"@type\":\"ImageObject\",\"inLanguage\":\"lv-LV\",\"@id\":\"https:\/\/onlinelotto365.com\/lv\/spelet\/set-for-life\/#primaryimage\",\"url\":\"https:\/\/redfoxlotto.com\/image?size=8&amp;lottery=set-for-life-uk\",\"contentUrl\":\"https:\/\/redfoxlotto.com\/image?size=8&amp;lottery=set-for-life-uk\"},{\"@type\":\"BreadcrumbList\",\"@id\":\"https:\/\/onlinelotto365.com\/lv\/spelet\/set-for-life\/#breadcrumb\",\"itemListElement\":[{\"@type\":\"ListItem\",\"position\":1,\"name\":\"Home\",\"item\":\"https:\/\/onlinelotto365.com\/lv\/\"},{\"@type\":\"ListItem\",\"position\":2,\"name\":\"Viss, kas jums j\u0101zina par iesp\u0113j\u0101m sp\u0113l\u0113t lab\u0101k\u0101s loterijas tie\u0161saist\u0113\",\"item\":\"https:\/\/onlinelotto365.com\/lv\/play\/\"},{\"@type\":\"ListItem\",\"position\":3,\"name\":\"Vai ir iesp\u0113jams sp\u0113l\u0113t Set for life loto tie\u0161saist\u0113?\"}]},{\"@type\":\"WebSite\",\"@id\":\"https:\/\/onlinelotto365.com\/lv\/#website\",\"url\":\"https:\/\/onlinelotto365.com\/lv\/\",\"name\":\"OnlineLotto365\",\"description\":\"\",\"potentialAction\":[{\"@type\":\"SearchAction\",\"target\":{\"@type\":\"EntryPoint\",\"urlTemplate\":\"https:\/\/onlinelotto365.com\/lv\/?s={search_term_string}\"},\"query-input\":{\"@type\":\"PropertyValueSpecification\",\"valueRequired\":true,\"valueName\":\"search_term_string\"}}],\"inLanguage\":\"lv-LV\"}]}<\/script>\n<!-- \/ Yoast SEO plugin. -->","yoast_head_json":{"title":"K\u0101 sp\u0113l\u0113t Set for life lotto tie\u0161saist\u0113 no Latvijas","description":"Ieg\u0101d\u0101jieties Set for life lotto bi\u013cetes tie\u0161saist\u0113, ja atrodaties Latvij\u0101","robots":{"index":"index","follow":"follow","max-snippet":"max-snippet:-1","max-image-preview":"max-image-preview:large","max-video-preview":"max-video-preview:-1"},"canonical":"https:\/\/onlinelotto365.com\/lv\/spelet\/set-for-life\/","og_locale":"lv_LV","og_type":"article","og_title":"K\u0101 sp\u0113l\u0113t Set for life lotto tie\u0161saist\u0113 no Latvijas","og_description":"Ieg\u0101d\u0101jieties Set for life lotto bi\u013cetes tie\u0161saist\u0113, ja atrodaties Latvij\u0101","og_url":"https:\/\/onlinelotto365.com\/lv\/spelet\/set-for-life\/","og_site_name":"OnlineLotto365","og_image":[{"url":"https:\/\/redfoxlotto.com\/image?size=8&amp;lottery=set-for-life-uk"}],"twitter_card":"summary_large_image","twitter_misc":{"Est. reading time":"3 minutes"},"schema":{"@context":"https:\/\/schema.org","@graph":[{"@type":"WebPage","@id":"https:\/\/onlinelotto365.com\/lv\/spelet\/set-for-life\/","url":"https:\/\/onlinelotto365.com\/lv\/spelet\/set-for-life\/","name":"K\u0101 sp\u0113l\u0113t Set for life lotto tie\u0161saist\u0113 no Latvijas","isPartOf":{"@id":"https:\/\/onlinelotto365.com\/lv\/#website"},"primaryImageOfPage":{"@id":"https:\/\/onlinelotto365.com\/lv\/spelet\/set-for-life\/#primaryimage"},"image":{"@id":"https:\/\/onlinelotto365.com\/lv\/spelet\/set-for-life\/#primaryimage"},"thumbnailUrl":"https:\/\/redfoxlotto.com\/image?size=8&amp;lottery=set-for-life-uk","datePublished":"2022-11-04T09:51:44+00:00","dateModified":"2022-11-04T09:51:44+00:00","description":"Ieg\u0101d\u0101jieties Set for life lotto bi\u013cetes tie\u0161saist\u0113, ja atrodaties Latvij\u0101","breadcrumb":{"@id":"https:\/\/onlinelotto365.com\/lv\/spelet\/set-for-life\/#breadcrumb"},"inLanguage":"lv-LV","potentialAction":[{"@type":"ReadAction","target":["https:\/\/onlinelotto365.com\/lv\/spelet\/set-for-life\/"]}]},{"@type":"ImageObject","inLanguage":"lv-LV","@id":"https:\/\/onlinelotto365.com\/lv\/spelet\/set-for-life\/#primaryimage","url":"https:\/\/redfoxlotto.com\/image?size=8&amp;lottery=set-for-life-uk","contentUrl":"https:\/\/redfoxlotto.com\/image?size=8&amp;lottery=set-for-life-uk"},{"@type":"BreadcrumbList","@id":"https:\/\/onlinelotto365.com\/lv\/spelet\/set-for-life\/#breadcrumb","itemListElement":[{"@type":"ListItem","position":1,"name":"Home","item":"https:\/\/onlinelotto365.com\/lv\/"},{"@type":"ListItem","position":2,"name":"Viss, kas jums j\u0101zina par iesp\u0113j\u0101m sp\u0113l\u0113t lab\u0101k\u0101s loterijas tie\u0161saist\u0113","item":"https:\/\/onlinelotto365.com\/lv\/play\/"},{"@type":"ListItem","position":3,"name":"Vai ir iesp\u0113jams sp\u0113l\u0113t Set for life loto tie\u0161saist\u0113?"}]},{"@type":"WebSite","@id":"https:\/\/onlinelotto365.com\/lv\/#website","url":"https:\/\/onlinelotto365.com\/lv\/","name":"OnlineLotto365","description":"","potentialAction":[{"@type":"SearchAction","target":{"@type":"EntryPoint","urlTemplate":"https:\/\/onlinelotto365.com\/lv\/?s={search_term_string}"},"query-input":{"@type":"PropertyValueSpecification","valueRequired":true,"valueName":"search_term_string"}}],"inLanguage":"lv-LV"}]}},"_links":{"self":[{"href":"https:\/\/onlinelotto365.com\/lv\/wp-json\/wp\/v2\/pages\/79450","targetHints":{"allow":["GET"]}}],"collection":[{"href":"https:\/\/onlinelotto365.com\/lv\/wp-json\/wp\/v2\/pages"}],"about":[{"href":"https:\/\/onlinelotto365.com\/lv\/wp-json\/wp\/v2\/types\/page"}],"author":[{"embeddable":true,"href":"https:\/\/onlinelotto365.com\/lv\/wp-json\/wp\/v2\/users\/1"}],"replies":[{"embeddable":true,"href":"https:\/\/onlinelotto365.com\/lv\/wp-json\/wp\/v2\/comments?post=79450"}],"version-history":[{"count":0,"href":"https:\/\/onlinelotto365.com\/lv\/wp-json\/wp\/v2\/pages\/79450\/revisions"}],"up":[{"embeddable":true,"href":"https:\/\/onlinelotto365.com\/lv\/wp-json\/wp\/v2\/pages\/5025"}],"wp:attachment":[{"href":"https:\/\/onlinelotto365.com\/lv\/wp-json\/wp\/v2\/media?parent=79450"}],"curies":[{"name":"wp","href":"https:\/\/api.w.org\/{rel}","templated":true}]}}