{"id":79483,"date":"2022-11-04T12:47:42","date_gmt":"2022-11-04T11:47:42","guid":{"rendered":"https:\/\/onlinelotto365.com\/?page_id=79483"},"modified":"2022-11-04T12:47:42","modified_gmt":"2022-11-04T11:47:42","slug":"uk-lottery","status":"publish","type":"page","link":"https:\/\/onlinelotto365.com\/lv\/spelet\/uk-lottery\/","title":{"rendered":"K\u0101 Latvijas iedz\u012bvot\u0101ji var sp\u0113l\u0113t AK loterij\u0101 tie\u0161saist\u0113?"},"content":{"rendered":"<h2>Par Apvienot\u0101s Karalistes loterija<\/h2>\n<p>T\u0101 k\u0101 no 59 numuriem ir j\u0101izv\u0113las se\u0161i un nav papildu skait\u013cu, laimestu izredzes ir labas, sal\u012bdzinot ar t\u0101d\u0101m loterij\u0101m k\u0101 Powerball vai Mega Millions. Ja pareizi uzmin\u0113siet 5 no 6 skait\u013ciem, jums garant\u0113ti 2,5 miljoni britu m\u0101rci\u0146u, bet, ja uzmin\u0113siet visus se\u0161us skait\u013cus, j\u016bs b\u016bsiet d\u017eekpota ieguv\u0113js. Ja nedz\u012bvojat Apvienotaj\u0101 Karalist\u0113, vien\u012bg\u0101 iesp\u0113ja piedal\u012bties ir sp\u0113l\u0113t tie\u0161saist\u0113, izmantojot m\u016bsu pakalpojumu.<\/p>\n<ul>\n<li>Valsts: APVIENOT\u0100 KARALISTE<\/li>\n<li>Galveno skait\u013cu diapazons: 59<\/li>\n<li>J\u016bs izv\u0113laties: 6<\/li>\n<li>Papildu numuru diapazons: nav<\/li>\n<li>J\u016bs izv\u0113laties: nav<\/li>\n<li>Izlozes dienas, stundas: Tre\u0161diena, sestdiena 19:30 UTC, 19:30 CET, 19:30 CET<\/li>\n<li>Minim\u0101lais d\u017eekpots: GBP 2,5 miljoni<\/li>\n<li>Maksim\u0101lais d\u017eekpots: GBP 22 miljoni.<\/li>\n<li>D\u017eekpota laim\u0113\u0161anas varb\u016bt\u012bba: 1 pret 45 057 474.<\/li>\n<li>2. l\u012bme\u0146a laimesta varb\u016bt\u012bba: 1 pret 7 509 579<\/li>\n<li>Iesp\u0113ja laim\u0113t jebkur\u0101 l\u012bmen\u012b: 1 pret 9,27<\/li>\n<li>Balvu l\u012bme\u0146u skaits: 6<\/li>\n<\/ul>\n<p>&nbsp;<\/p>\n<h2>K\u0101p\u0113c Apvienot\u0101s Karalistes loterijas laimesti parasti ir diezgan zemi?<\/h2>\n<p><a href=\"https:\/\/redfoxlotto.com\/play\/lotto-uk\/?ref=a8564250a2&amp;medium=ol365\" target=\"_blank\" rel=\"noopener noreferrer\"><img loading=\"lazy\" decoding=\"async\" class=\"aligncenter\" src=\"https:\/\/redfoxlotto.com\/image?size=8&amp;lottery=lotto-uk\" alt=\"Apvienot\u0101s Karalistes loterija\" width=\"720\" height=\"90\" \/><\/a><\/p>\n<p>T\u0101p\u0113c, ka Apvienot\u0101s Karalistes loterijas d\u017eekpotu var p\u0101rskait\u012bt tikai 5 reizes. P\u0113c tam d\u017eekpotu var vinn\u0113t, ja ir tikai 5 no<br \/>\nno se\u0161iem skait\u013ciem uz j\u016bsu loterijas bi\u013cetes. \u0145emot v\u0113r\u0101 \u0161o noteikumu, b\u016btu lietder\u012bgi sp\u0113l\u0113t \u0161o loteriju ikreiz, kad d\u017eekpots nav laim\u0113ts piecas reizes p\u0113c k\u0101rtas. \u0160\u0101d\u0101 gad\u012bjum\u0101 j\u016bsu izredzes laim\u0113t galveno balvu b\u016bs daudz liel\u0101kas. \u0160im galvenajam laimestam vajadz\u0113tu b\u016bt pietiekami lielam, lai j\u016bs non\u0101ktu situ\u0101cij\u0101, kad jums neb\u016bs j\u0101uztraucas par naudu visu atliku\u0161o m\u016b\u017eu.<\/p>\n<p>Tom\u0113r past\u0101v liela iesp\u0113ja, ka p\u0113c pieciem izloz\u0113m d\u017eekpotu var n\u0101kties sadal\u012bt starp vair\u0101kiem laim\u0113t\u0101jiem. T\u0101 k\u0101 izredzes ir zem\u0101kas un sp\u0113l\u0113 vair\u0101k cilv\u0113ku, otr\u0101 l\u012bme\u0146a laimest\u0101 var b\u016bt vair\u0101k nek\u0101 viens uzvar\u0113t\u0101js.<\/p>\n<h2>Vai nev\u0113laties sadal\u012bt d\u017eekpotu?<\/h2>\n<p>Ir viena loterijas strat\u0113\u0123ija, k\u0101 izvair\u012bties no galven\u0101s balvas sadal\u012b\u0161anas: izv\u0113lieties t\u0101du skait\u013cu kombin\u0101ciju, kas, \u0161\u0137iet, ir maz\u0101k ticama ar\u012b citiem sp\u0113l\u0113t\u0101jiem. Piem\u0113ram, izmantojiet maz\u0101k skait\u013cu no 1 l\u012bdz 31 (p\u0101r\u0101k daudz sp\u0113l\u0113t\u0101ju par saviem laim\u012bgajiem skait\u013ciem izmanto dzim\u0161anas datumu) vai izmantojiet tr\u012bs skait\u013cus no 30 l\u012bdz 40 un tr\u012bs skait\u013cus no 50 l\u012bdz 56. Izmantojiet savu izt\u0113li, lai izdom\u0101tu vair\u0101k &#8220;nep\u0101ra&#8221; skait\u013cu.<\/p>\n","protected":false},"excerpt":{"rendered":"<p>Par Apvienot\u0101s Karalistes loterija T\u0101 k\u0101 no 59 numuriem ir j\u0101izv\u0113las se\u0161i un nav papildu skait\u013cu, laimestu izredzes ir labas, sal\u012bdzinot ar t\u0101d\u0101m loterij\u0101m k\u0101 Powerball vai Mega Millions. Ja pareizi uzmin\u0113siet 5 no 6 skait\u013ciem, jums garant\u0113ti 2,5 miljoni britu m\u0101rci\u0146u, bet, ja uzmin\u0113siet visus se\u0161us skait\u013cus, j\u016bs b\u016bsiet d\u017eekpota ieguv\u0113js. Ja nedz\u012bvojat Apvienotaj\u0101 [&hellip;]<\/p>\n","protected":false},"author":1,"featured_media":0,"parent":5025,"menu_order":9,"comment_status":"closed","ping_status":"closed","template":"lotto-uk.php","meta":{"_et_pb_use_builder":"","_et_pb_old_content":"","_et_gb_content_width":"","exclude_from_search":false,"footnotes":""},"class_list":["post-79483","page","type-page","status-publish","hentry"],"yoast_head":"<!-- This site is optimized with the Yoast SEO plugin v23.4 - https:\/\/yoast.com\/wordpress\/plugins\/seo\/ -->\n<title>Sp\u0113l\u0113jiet Apvienot\u0101s Karalistes loteriju tie\u0161saist\u0113 no Latvijas | Vai es varu piedal\u012bties Apvienot\u0101s Karalistes loterij\u0101, ja dz\u012bvoju Latvij\u0101?<\/title>\n<meta name=\"description\" content=\"Piedal\u012bties Apvienot\u0101s Karalistes loterij\u0101 no cit\u0101m valst\u012bm, piem\u0113ram, Latvijas, tagad ir vienk\u0101r\u0161i, izmantojot m\u016bsu tie\u0161saistes pakalpojumu.\" \/>\n<meta name=\"robots\" content=\"index, follow, max-snippet:-1, max-image-preview:large, max-video-preview:-1\" \/>\n<link rel=\"canonical\" href=\"https:\/\/onlinelotto365.com\/lv\/spelet\/uk-lottery\/\" \/>\n<meta property=\"og:locale\" content=\"lv_LV\" \/>\n<meta property=\"og:type\" content=\"article\" \/>\n<meta property=\"og:title\" content=\"Sp\u0113l\u0113jiet Apvienot\u0101s Karalistes loteriju tie\u0161saist\u0113 no Latvijas | Vai es varu piedal\u012bties Apvienot\u0101s Karalistes loterij\u0101, ja dz\u012bvoju Latvij\u0101?\" \/>\n<meta property=\"og:description\" content=\"Piedal\u012bties Apvienot\u0101s Karalistes loterij\u0101 no cit\u0101m valst\u012bm, piem\u0113ram, Latvijas, tagad ir vienk\u0101r\u0161i, izmantojot m\u016bsu tie\u0161saistes pakalpojumu.\" \/>\n<meta property=\"og:url\" content=\"https:\/\/onlinelotto365.com\/lv\/spelet\/uk-lottery\/\" \/>\n<meta property=\"og:site_name\" content=\"OnlineLotto365\" \/>\n<meta property=\"og:image\" content=\"https:\/\/redfoxlotto.com\/image?size=8&amp;lottery=lotto-uk\" \/>\n<meta name=\"twitter:card\" content=\"summary_large_image\" \/>\n<meta name=\"twitter:label1\" content=\"Est. reading time\" \/>\n\t<meta name=\"twitter:data1\" content=\"2 minutes\" \/>\n<script type=\"application\/ld+json\" class=\"yoast-schema-graph\">{\"@context\":\"https:\/\/schema.org\",\"@graph\":[{\"@type\":\"WebPage\",\"@id\":\"https:\/\/onlinelotto365.com\/lv\/spelet\/uk-lottery\/\",\"url\":\"https:\/\/onlinelotto365.com\/lv\/spelet\/uk-lottery\/\",\"name\":\"Sp\u0113l\u0113jiet Apvienot\u0101s Karalistes loteriju tie\u0161saist\u0113 no Latvijas | Vai es varu piedal\u012bties Apvienot\u0101s Karalistes loterij\u0101, ja dz\u012bvoju Latvij\u0101?\",\"isPartOf\":{\"@id\":\"https:\/\/onlinelotto365.com\/lv\/#website\"},\"primaryImageOfPage\":{\"@id\":\"https:\/\/onlinelotto365.com\/lv\/spelet\/uk-lottery\/#primaryimage\"},\"image\":{\"@id\":\"https:\/\/onlinelotto365.com\/lv\/spelet\/uk-lottery\/#primaryimage\"},\"thumbnailUrl\":\"https:\/\/redfoxlotto.com\/image?size=8&amp;lottery=lotto-uk\",\"datePublished\":\"2022-11-04T11:47:42+00:00\",\"dateModified\":\"2022-11-04T11:47:42+00:00\",\"description\":\"Piedal\u012bties Apvienot\u0101s Karalistes loterij\u0101 no cit\u0101m valst\u012bm, piem\u0113ram, Latvijas, tagad ir vienk\u0101r\u0161i, izmantojot m\u016bsu tie\u0161saistes pakalpojumu.\",\"breadcrumb\":{\"@id\":\"https:\/\/onlinelotto365.com\/lv\/spelet\/uk-lottery\/#breadcrumb\"},\"inLanguage\":\"lv-LV\",\"potentialAction\":[{\"@type\":\"ReadAction\",\"target\":[\"https:\/\/onlinelotto365.com\/lv\/spelet\/uk-lottery\/\"]}]},{\"@type\":\"ImageObject\",\"inLanguage\":\"lv-LV\",\"@id\":\"https:\/\/onlinelotto365.com\/lv\/spelet\/uk-lottery\/#primaryimage\",\"url\":\"https:\/\/redfoxlotto.com\/image?size=8&amp;lottery=lotto-uk\",\"contentUrl\":\"https:\/\/redfoxlotto.com\/image?size=8&amp;lottery=lotto-uk\"},{\"@type\":\"BreadcrumbList\",\"@id\":\"https:\/\/onlinelotto365.com\/lv\/spelet\/uk-lottery\/#breadcrumb\",\"itemListElement\":[{\"@type\":\"ListItem\",\"position\":1,\"name\":\"Home\",\"item\":\"https:\/\/onlinelotto365.com\/lv\/\"},{\"@type\":\"ListItem\",\"position\":2,\"name\":\"Viss, kas jums j\u0101zina par iesp\u0113j\u0101m sp\u0113l\u0113t lab\u0101k\u0101s loterijas tie\u0161saist\u0113\",\"item\":\"https:\/\/onlinelotto365.com\/lv\/play\/\"},{\"@type\":\"ListItem\",\"position\":3,\"name\":\"K\u0101 Latvijas iedz\u012bvot\u0101ji var sp\u0113l\u0113t AK loterij\u0101 tie\u0161saist\u0113?\"}]},{\"@type\":\"WebSite\",\"@id\":\"https:\/\/onlinelotto365.com\/lv\/#website\",\"url\":\"https:\/\/onlinelotto365.com\/lv\/\",\"name\":\"OnlineLotto365\",\"description\":\"\",\"potentialAction\":[{\"@type\":\"SearchAction\",\"target\":{\"@type\":\"EntryPoint\",\"urlTemplate\":\"https:\/\/onlinelotto365.com\/lv\/?s={search_term_string}\"},\"query-input\":{\"@type\":\"PropertyValueSpecification\",\"valueRequired\":true,\"valueName\":\"search_term_string\"}}],\"inLanguage\":\"lv-LV\"}]}<\/script>\n<!-- \/ Yoast SEO plugin. -->","yoast_head_json":{"title":"Sp\u0113l\u0113jiet Apvienot\u0101s Karalistes loteriju tie\u0161saist\u0113 no Latvijas | Vai es varu piedal\u012bties Apvienot\u0101s Karalistes loterij\u0101, ja dz\u012bvoju Latvij\u0101?","description":"Piedal\u012bties Apvienot\u0101s Karalistes loterij\u0101 no cit\u0101m valst\u012bm, piem\u0113ram, Latvijas, tagad ir vienk\u0101r\u0161i, izmantojot m\u016bsu tie\u0161saistes pakalpojumu.","robots":{"index":"index","follow":"follow","max-snippet":"max-snippet:-1","max-image-preview":"max-image-preview:large","max-video-preview":"max-video-preview:-1"},"canonical":"https:\/\/onlinelotto365.com\/lv\/spelet\/uk-lottery\/","og_locale":"lv_LV","og_type":"article","og_title":"Sp\u0113l\u0113jiet Apvienot\u0101s Karalistes loteriju tie\u0161saist\u0113 no Latvijas | Vai es varu piedal\u012bties Apvienot\u0101s Karalistes loterij\u0101, ja dz\u012bvoju Latvij\u0101?","og_description":"Piedal\u012bties Apvienot\u0101s Karalistes loterij\u0101 no cit\u0101m valst\u012bm, piem\u0113ram, Latvijas, tagad ir vienk\u0101r\u0161i, izmantojot m\u016bsu tie\u0161saistes pakalpojumu.","og_url":"https:\/\/onlinelotto365.com\/lv\/spelet\/uk-lottery\/","og_site_name":"OnlineLotto365","og_image":[{"url":"https:\/\/redfoxlotto.com\/image?size=8&amp;lottery=lotto-uk"}],"twitter_card":"summary_large_image","twitter_misc":{"Est. reading time":"2 minutes"},"schema":{"@context":"https:\/\/schema.org","@graph":[{"@type":"WebPage","@id":"https:\/\/onlinelotto365.com\/lv\/spelet\/uk-lottery\/","url":"https:\/\/onlinelotto365.com\/lv\/spelet\/uk-lottery\/","name":"Sp\u0113l\u0113jiet Apvienot\u0101s Karalistes loteriju tie\u0161saist\u0113 no Latvijas | Vai es varu piedal\u012bties Apvienot\u0101s Karalistes loterij\u0101, ja dz\u012bvoju Latvij\u0101?","isPartOf":{"@id":"https:\/\/onlinelotto365.com\/lv\/#website"},"primaryImageOfPage":{"@id":"https:\/\/onlinelotto365.com\/lv\/spelet\/uk-lottery\/#primaryimage"},"image":{"@id":"https:\/\/onlinelotto365.com\/lv\/spelet\/uk-lottery\/#primaryimage"},"thumbnailUrl":"https:\/\/redfoxlotto.com\/image?size=8&amp;lottery=lotto-uk","datePublished":"2022-11-04T11:47:42+00:00","dateModified":"2022-11-04T11:47:42+00:00","description":"Piedal\u012bties Apvienot\u0101s Karalistes loterij\u0101 no cit\u0101m valst\u012bm, piem\u0113ram, Latvijas, tagad ir vienk\u0101r\u0161i, izmantojot m\u016bsu tie\u0161saistes pakalpojumu.","breadcrumb":{"@id":"https:\/\/onlinelotto365.com\/lv\/spelet\/uk-lottery\/#breadcrumb"},"inLanguage":"lv-LV","potentialAction":[{"@type":"ReadAction","target":["https:\/\/onlinelotto365.com\/lv\/spelet\/uk-lottery\/"]}]},{"@type":"ImageObject","inLanguage":"lv-LV","@id":"https:\/\/onlinelotto365.com\/lv\/spelet\/uk-lottery\/#primaryimage","url":"https:\/\/redfoxlotto.com\/image?size=8&amp;lottery=lotto-uk","contentUrl":"https:\/\/redfoxlotto.com\/image?size=8&amp;lottery=lotto-uk"},{"@type":"BreadcrumbList","@id":"https:\/\/onlinelotto365.com\/lv\/spelet\/uk-lottery\/#breadcrumb","itemListElement":[{"@type":"ListItem","position":1,"name":"Home","item":"https:\/\/onlinelotto365.com\/lv\/"},{"@type":"ListItem","position":2,"name":"Viss, kas jums j\u0101zina par iesp\u0113j\u0101m sp\u0113l\u0113t lab\u0101k\u0101s loterijas tie\u0161saist\u0113","item":"https:\/\/onlinelotto365.com\/lv\/play\/"},{"@type":"ListItem","position":3,"name":"K\u0101 Latvijas iedz\u012bvot\u0101ji var sp\u0113l\u0113t AK loterij\u0101 tie\u0161saist\u0113?"}]},{"@type":"WebSite","@id":"https:\/\/onlinelotto365.com\/lv\/#website","url":"https:\/\/onlinelotto365.com\/lv\/","name":"OnlineLotto365","description":"","potentialAction":[{"@type":"SearchAction","target":{"@type":"EntryPoint","urlTemplate":"https:\/\/onlinelotto365.com\/lv\/?s={search_term_string}"},"query-input":{"@type":"PropertyValueSpecification","valueRequired":true,"valueName":"search_term_string"}}],"inLanguage":"lv-LV"}]}},"_links":{"self":[{"href":"https:\/\/onlinelotto365.com\/lv\/wp-json\/wp\/v2\/pages\/79483","targetHints":{"allow":["GET"]}}],"collection":[{"href":"https:\/\/onlinelotto365.com\/lv\/wp-json\/wp\/v2\/pages"}],"about":[{"href":"https:\/\/onlinelotto365.com\/lv\/wp-json\/wp\/v2\/types\/page"}],"author":[{"embeddable":true,"href":"https:\/\/onlinelotto365.com\/lv\/wp-json\/wp\/v2\/users\/1"}],"replies":[{"embeddable":true,"href":"https:\/\/onlinelotto365.com\/lv\/wp-json\/wp\/v2\/comments?post=79483"}],"version-history":[{"count":0,"href":"https:\/\/onlinelotto365.com\/lv\/wp-json\/wp\/v2\/pages\/79483\/revisions"}],"up":[{"embeddable":true,"href":"https:\/\/onlinelotto365.com\/lv\/wp-json\/wp\/v2\/pages\/5025"}],"wp:attachment":[{"href":"https:\/\/onlinelotto365.com\/lv\/wp-json\/wp\/v2\/media?parent=79483"}],"curies":[{"name":"wp","href":"https:\/\/api.w.org\/{rel}","templated":true}]}}