{"id":79521,"date":"2022-11-07T08:29:55","date_gmt":"2022-11-07T07:29:55","guid":{"rendered":"https:\/\/onlinelotto365.com\/?page_id=79521"},"modified":"2022-11-07T08:30:48","modified_gmt":"2022-11-07T07:30:48","slug":"superenalotto","status":"publish","type":"page","link":"https:\/\/onlinelotto365.com\/lv\/spelet\/superenalotto\/","title":{"rendered":"Ieg\u016bt Superenalotto bi\u013cetes no jebkuras vietas"},"content":{"rendered":"<p>Jau gadiem ilgi cilv\u0113ki ir ilgoju\u0161ies sp\u0113l\u0113t loterijas cit\u0101s pasaules da\u013c\u0101s. Tom\u0113r probl\u0113ma nav bijusi da\u017e\u0101du loteriju nev\u0113l\u0113\u0161an\u0101s pie\u0146emt starptautiskos loteriju sp\u0113l\u0113t\u0101jus. Probl\u0113ma bija t\u0101, ka, lai var\u0113tu pareizi sp\u0113l\u0113t, jums fiziski ir j\u0101atrodas valst\u012b vai re\u0123ion\u0101, kur\u0101 notiek loterija.<\/p>\n<p>Vispirms jums ir j\u0101apmekl\u0113 loterijas mazumtirgot\u0101js, kas p\u0101rdod t\u0101s loterijas bi\u013cetes, kuras bi\u013cetes v\u0113laties ieg\u0101d\u0101ties. Tas noz\u012bm\u0113, ka jums ir j\u0101b\u016bt attiec\u012bgaj\u0101 valst\u012b ne tikai vienu reizi, bet katru reizi, kad v\u0113laties ieg\u0101d\u0101ties bi\u013cetes. Tas noz\u012bm\u0113 doties no Latvijas uz It\u0101liju, lai ieg\u0101d\u0101tos loto bi\u013cetes uz trim izloz\u0113m, kas katru ned\u0113\u013cu notiek Superenalotto.<\/p>\n<p>T\u0101tad jums ir vai nu j\u0101p\u0101rce\u013cas uz turieni, vai ar\u012b j\u0101algo k\u0101ds It\u0101lij\u0101, kas to dar\u012bs j\u016bsu viet\u0101. Tas nav tas, ko m\u0113s sp\u0113jam izdar\u012bt. Kam\u0113r j\u016bs to dar\u0101t, jums vajadz\u0113tu nol\u012bgt cilv\u0113kus vis\u0101s p\u0101r\u0113j\u0101s valst\u012bs, kur\u0101s ir lielas loterijas, lai tie j\u016bsu viet\u0101 izpild\u012btu j\u016bsu sol\u012bjumus. Tas izmaks\u0101tu veselu laimi.<\/p>\n<p><a href=\"https:\/\/redfoxlotto.com\/play\/superenalotto\/?ref=a8564250a2&amp;medium=ol365\" target=\"_blank\" rel=\"noopener noreferrer\"><img decoding=\"async\" class=\"aligncenter\" src=\"https:\/\/redfoxlotto.com\/image?size=8&amp;lottery=superenalotto\" alt=\"superenalotto\" \/><\/a><\/p>\n<p>Ta\u010du tagad ir lieliska alternat\u012bva &#8211; vienk\u0101r\u0161i sp\u0113l\u0113jiet tie\u0161saist\u0113 \u0161eit, m\u016bsu vietn\u0113!<\/p>\n<h2>M\u0113s esam par\u016bp\u0113ju\u0161ies par vis\u0101m j\u016bsu loterijas vajadz\u012bb\u0101m<\/h2>\n<p>Mums ir viss p\u0101rdom\u0101ts par to, k\u0101 j\u016bs iesaist\u012bt sp\u0113l\u0113 ar Superenalotto papildus vis\u0101m cit\u0101m liel\u0101kaj\u0101m pasaules loterij\u0101m. J\u016bs vienk\u0101r\u0161i ieg\u0101d\u0101jaties jebkuras loterijas bi\u013cetes no mums tie\u0161saist\u0113 un no Latvijas, un m\u0113s visu p\u0101r\u0113jo izdar\u012bsim j\u016bsu viet\u0101.<\/p>\n<p>M\u0113s p\u0113rkam bi\u013cetes j\u016bsu v\u0101rd\u0101, un at\u0161\u0137ir\u012bb\u0101 no parastaj\u0101m loterijas bi\u013cet\u0113m, kuras var apmain\u012bt tas, kam t\u0101s pieder, m\u0113s t\u0101s paturam jums. P\u0113c tam m\u0113s J\u016bsu viet\u0101 uzraug\u0101m izlozes, lai Jums tas neb\u016btu j\u0101dara, ja nev\u0113laties, un pazi\u0146ojam Jums par katru laimestu.<\/p>\n<h2>Vair\u0101k inform\u0101cijas par Superenalotto<\/h2>\n<ul>\n<li>Loterija notiek kur: It\u0101lija<\/li>\n<li>No cik galvenajiem skait\u013ciem var izv\u0113l\u0113ties: 90<\/li>\n<li>Jums j\u0101izv\u0113las: 6<\/li>\n<li>Cik papildu skait\u013cu ir j\u0101izv\u0113las: nav<\/li>\n<li>Jums j\u0101izv\u0113las: nav<\/li>\n<li>Izlozes dienas, stundas: Otrdiena, ceturtdiena, sestdiena, 19:00 GMT, 21:00 CET.<\/li>\n<li>Minim\u0101lais d\u017eekpots: \u20ac 2 miljoni<\/li>\n<li>Maksim\u0101l\u0101 d\u017eekpota summa: nav<\/li>\n<li>Iesp\u0113jam\u0101 skait\u013cu kombin\u0101cija d\u017eekpota vinnesta vinnestam:: &#8211; skait\u013cu kombin\u0101cija, kas var vinn\u0113t d\u017eekpotu: 1 pret 622 614 630. Iesp\u0113jam\u0101 laimesta kombin\u0101cija: 1 pret 622 614 630.<\/li>\n<li>Iesp\u0113jam\u0101 skait\u013cu kombin\u0101cija 2. l\u012bme\u0146a laimestam: 1 pret 103 769 105<\/li>\n<li>Iesp\u0113ja laim\u0113t jebkur\u0101 l\u012bmen\u012b: 1 pret 20,58<\/li>\n<li>Cik ir laimestu l\u012bme\u0146u: v<\/li>\n<\/ul>\n<p>Lai sp\u0113l\u0113tu Superenalotto, j\u0101izv\u0113las 6 skait\u013ci no 90 iesp\u0113jamiem skait\u013ciem. No \u0161iem 90 numuriem jums j\u0101izv\u0113las ar\u012b t\u0101 sauktais Jolly numurs.<\/p>\n<p>Lai vinn\u0113tu d\u017eekpotu, jums j\u0101sakr\u012bt visiem 6 parastajiem skait\u013ciem. Ja jums atbilst 5 skait\u013ci un Jolly skaitlis, j\u016bs vinn\u0113siet otro balvu. Par 5 skait\u013ciem bez Jolly skait\u013ca j\u016bs sa\u0146emat tre\u0161\u0101s vietas vinnestu, par 4 pareiziem skait\u013ciem &#8211; ceturt\u0101s vietas vinnestu, bet tikai par 3 skait\u013ciem &#8211; ar\u012b vinnestu.<\/p>\n<p>Izlozes notiek 3 reizes ned\u0113\u013c\u0101 &#8211; otrdien\u0101s, ceturtdien\u0101s un sestdien\u0101s plkst. 20.00 p\u0113c It\u0101lijas laika. Papildus vis\u0101m cit\u0101m lielaj\u0101m loterij\u0101m, kuru bi\u013cetes tiek pied\u0101v\u0101tas tie\u0161saist\u0113, m\u0113s pied\u0101v\u0101jam jums ar\u012b Superenalotto atpaka\u013cskait\u012b\u0161anu l\u012bdz n\u0101kamajam izloz\u0113jumam, lai j\u016bs vienm\u0113r zin\u0101tu, cik daudz laika jums v\u0113l ir atlicis.<br \/>\n<img loading=\"lazy\" decoding=\"async\" class=\" wp-image-1334 alignright\" src=\"https:\/\/onlinelotto365.com\/wp-content\/uploads\/2020\/11\/online_lottery-115.jpg\" alt=\"nopirkt superenalotto bi\u013cetes tie\u0161saist\u0113\" width=\"452\" height=\"172\" \/><\/p>\n<h2>Superenalotto sp\u0113l\u0113\u0161anas tie\u0161saist\u0113 priek\u0161roc\u012bbas<\/h2>\n<p>Daudzi glob\u0101lo loteriju sp\u0113l\u0113t\u0101ji labpr\u0101t izv\u0113las sp\u0113l\u0113t vair\u0101kas loterijas, jo \u012bpa\u0161i t\u0101p\u0113c, ka katra no t\u0101m regul\u0101ri pied\u0101v\u0101 lielus d\u017eekpotus. Paties\u012bb\u0101, jo vair\u0101k izloz\u0113s j\u016bs piedal\u0101ties, jo lab\u0101k.<\/p>\n<p>T\u0101p\u0113c, lai gan Superenalotto d\u017eekpoti nav sal\u012bdzin\u0101mi ar da\u017e\u0101m liel\u0101k\u0101m loterij\u0101m, piem\u0113ram, EuroMillions, Powerball vai Mega Millions, j\u016bs jebkur\u0101 gad\u012bjum\u0101 v\u0113l\u0113sieties sp\u0113l\u0113t ar\u012b t\u0101s. Tom\u0113r Superenalotto nav mazs kartupelis, jo tipiskie d\u017eekpoti bie\u017ei vien sasniedz vair\u0101kus desmitus miljonu eiro. T\u0101tad, ja Superenalotto pied\u0101v\u0101 papildu 3 izlozes ned\u0113\u013c\u0101, tas noz\u012bm\u0113, ka jums b\u016bs par 3 izloz\u0113m ned\u0113\u013c\u0101 vair\u0101k prieka, nek\u0101 tad, ja nesp\u0113l\u0113siet.<\/p>\n<p>T\u0101 k\u0101 ir 3 papildu iesp\u0113jas laim\u0113t milz\u012bgu balvu, nav gr\u016bti saprast, k\u0101p\u0113c tik daudziem cilv\u0113kiem Latvij\u0101 pat\u012bk \u0161\u012b loterija. \u0145emot v\u0113r\u0101, ka bi\u013cetes tagad var \u0113rti ieg\u0101d\u0101ties tie\u0161saist\u0113, paties\u012bb\u0101 nav neviena iemesla nesp\u0113l\u0113t. J\u016bsu naudas izkais\u012b\u0161ana vair\u0101k\u0101s loterij\u0101s ir tas, kas iev\u0113rojami palielina aizraut\u012bbu, ko j\u016bs g\u016bsiet, sp\u0113l\u0113jot loterijas tagad.<\/p>\n<p>T\u0101tad, ja v\u0113laties v\u0113l vair\u0101k izklaides, sp\u0113l\u0113jot loteriju, un es zinu, ka j\u016bs v\u0113laties, tad varat s\u0101kt jau tagad.<\/p>\n<h2>K\u0101 es varu sa\u0146emt samaksu, ja vinn\u0113ju Superenalotto tie\u0161saist\u0113?<\/h2>\n<p>M\u0113s sniedzam jums visu nepiecie\u0161amo pal\u012bdz\u012bbu, lai j\u016bs var\u0113tu sa\u0146emt naudu par bi\u013cet\u0113m, s\u0101kot ar maz\u0101ku laimestu sa\u0146em\u0161anu un t\u016bl\u012bt\u0113ju ieskait\u012b\u0161anu j\u016bsu kont\u0101 pie mums, l\u012bdz pat liel\u0101ku laimestu vai pat d\u017eekpotu sa\u0146em\u0161anai nepiecie\u0161amo veidlapu sa\u0146em\u0161anai un nos\u016bt\u012b\u0161anai jums. T\u0101p\u0113c \u0161eit nav j\u0101uztraucas, jo \u0161is ir pilna servisa dar\u012bjums ar augst\u0101k\u0101s klases apkalpo\u0161anu un attieksmi pret m\u016bsu klientiem no Latvijas un cit\u0101m valst\u012bm.<\/p>\n","protected":false},"excerpt":{"rendered":"<p>Jau gadiem ilgi cilv\u0113ki ir ilgoju\u0161ies sp\u0113l\u0113t loterijas cit\u0101s pasaules da\u013c\u0101s. Tom\u0113r probl\u0113ma nav bijusi da\u017e\u0101du loteriju nev\u0113l\u0113\u0161an\u0101s pie\u0146emt starptautiskos loteriju sp\u0113l\u0113t\u0101jus. Probl\u0113ma bija t\u0101, ka, lai var\u0113tu pareizi sp\u0113l\u0113t, jums fiziski ir j\u0101atrodas valst\u012b vai re\u0123ion\u0101, kur\u0101 notiek loterija. Vispirms jums ir j\u0101apmekl\u0113 loterijas mazumtirgot\u0101js, kas p\u0101rdod t\u0101s loterijas bi\u013cetes, kuras bi\u013cetes v\u0113laties ieg\u0101d\u0101ties. [&hellip;]<\/p>\n","protected":false},"author":1,"featured_media":0,"parent":5025,"menu_order":5,"comment_status":"closed","ping_status":"closed","template":"superenalotto.php","meta":{"_et_pb_use_builder":"","_et_pb_old_content":"","_et_gb_content_width":"","exclude_from_search":false,"footnotes":""},"class_list":["post-79521","page","type-page","status-publish","hentry"],"yoast_head":"<!-- This site is optimized with the Yoast SEO plugin v23.4 - https:\/\/yoast.com\/wordpress\/plugins\/seo\/ -->\n<title>Sp\u0113l\u0113jiet Superenalotto It\u0101lija tie\u0161saist\u0113 no Latvijas | K\u0101 ieg\u0101d\u0101ties Superenalotto bi\u013cetes internet\u0101<\/title>\n<meta name=\"description\" content=\"\u0160o It\u0101lijas loterijas d\u017eekpotu tagad var vinn\u0113t ikviens un no jebkuras vietas - sp\u0113l\u0113 Superenalotto online bi\u013cetes tagad\" \/>\n<meta name=\"robots\" content=\"index, follow, max-snippet:-1, max-image-preview:large, max-video-preview:-1\" \/>\n<link rel=\"canonical\" href=\"https:\/\/onlinelotto365.com\/lv\/spelet\/superenalotto\/\" \/>\n<meta property=\"og:locale\" content=\"lv_LV\" \/>\n<meta property=\"og:type\" content=\"article\" \/>\n<meta property=\"og:title\" content=\"Sp\u0113l\u0113jiet Superenalotto It\u0101lija tie\u0161saist\u0113 no Latvijas | K\u0101 ieg\u0101d\u0101ties Superenalotto bi\u013cetes internet\u0101\" \/>\n<meta property=\"og:description\" content=\"\u0160o It\u0101lijas loterijas d\u017eekpotu tagad var vinn\u0113t ikviens un no jebkuras vietas - sp\u0113l\u0113 Superenalotto online bi\u013cetes tagad\" \/>\n<meta property=\"og:url\" content=\"https:\/\/onlinelotto365.com\/lv\/spelet\/superenalotto\/\" \/>\n<meta property=\"og:site_name\" content=\"OnlineLotto365\" \/>\n<meta property=\"article:modified_time\" content=\"2022-11-07T07:30:48+00:00\" \/>\n<meta property=\"og:image\" content=\"https:\/\/redfoxlotto.com\/image?size=8&amp;lottery=superenalotto\" \/>\n<meta name=\"twitter:card\" content=\"summary_large_image\" \/>\n<meta name=\"twitter:label1\" content=\"Est. reading time\" \/>\n\t<meta name=\"twitter:data1\" content=\"4 minutes\" \/>\n<script type=\"application\/ld+json\" class=\"yoast-schema-graph\">{\"@context\":\"https:\/\/schema.org\",\"@graph\":[{\"@type\":\"WebPage\",\"@id\":\"https:\/\/onlinelotto365.com\/lv\/spelet\/superenalotto\/\",\"url\":\"https:\/\/onlinelotto365.com\/lv\/spelet\/superenalotto\/\",\"name\":\"Sp\u0113l\u0113jiet Superenalotto It\u0101lija tie\u0161saist\u0113 no Latvijas | K\u0101 ieg\u0101d\u0101ties Superenalotto bi\u013cetes internet\u0101\",\"isPartOf\":{\"@id\":\"https:\/\/onlinelotto365.com\/lv\/#website\"},\"primaryImageOfPage\":{\"@id\":\"https:\/\/onlinelotto365.com\/lv\/spelet\/superenalotto\/#primaryimage\"},\"image\":{\"@id\":\"https:\/\/onlinelotto365.com\/lv\/spelet\/superenalotto\/#primaryimage\"},\"thumbnailUrl\":\"https:\/\/redfoxlotto.com\/image?size=8&amp;lottery=superenalotto\",\"datePublished\":\"2022-11-07T07:29:55+00:00\",\"dateModified\":\"2022-11-07T07:30:48+00:00\",\"description\":\"\u0160o It\u0101lijas loterijas d\u017eekpotu tagad var vinn\u0113t ikviens un no jebkuras vietas - sp\u0113l\u0113 Superenalotto online bi\u013cetes tagad\",\"breadcrumb\":{\"@id\":\"https:\/\/onlinelotto365.com\/lv\/spelet\/superenalotto\/#breadcrumb\"},\"inLanguage\":\"lv-LV\",\"potentialAction\":[{\"@type\":\"ReadAction\",\"target\":[\"https:\/\/onlinelotto365.com\/lv\/spelet\/superenalotto\/\"]}]},{\"@type\":\"ImageObject\",\"inLanguage\":\"lv-LV\",\"@id\":\"https:\/\/onlinelotto365.com\/lv\/spelet\/superenalotto\/#primaryimage\",\"url\":\"https:\/\/redfoxlotto.com\/image?size=8&amp;lottery=superenalotto\",\"contentUrl\":\"https:\/\/redfoxlotto.com\/image?size=8&amp;lottery=superenalotto\"},{\"@type\":\"BreadcrumbList\",\"@id\":\"https:\/\/onlinelotto365.com\/lv\/spelet\/superenalotto\/#breadcrumb\",\"itemListElement\":[{\"@type\":\"ListItem\",\"position\":1,\"name\":\"Home\",\"item\":\"https:\/\/onlinelotto365.com\/lv\/\"},{\"@type\":\"ListItem\",\"position\":2,\"name\":\"Viss, kas jums j\u0101zina par iesp\u0113j\u0101m sp\u0113l\u0113t lab\u0101k\u0101s loterijas tie\u0161saist\u0113\",\"item\":\"https:\/\/onlinelotto365.com\/lv\/play\/\"},{\"@type\":\"ListItem\",\"position\":3,\"name\":\"Ieg\u016bt Superenalotto bi\u013cetes no jebkuras vietas\"}]},{\"@type\":\"WebSite\",\"@id\":\"https:\/\/onlinelotto365.com\/lv\/#website\",\"url\":\"https:\/\/onlinelotto365.com\/lv\/\",\"name\":\"OnlineLotto365\",\"description\":\"\",\"potentialAction\":[{\"@type\":\"SearchAction\",\"target\":{\"@type\":\"EntryPoint\",\"urlTemplate\":\"https:\/\/onlinelotto365.com\/lv\/?s={search_term_string}\"},\"query-input\":{\"@type\":\"PropertyValueSpecification\",\"valueRequired\":true,\"valueName\":\"search_term_string\"}}],\"inLanguage\":\"lv-LV\"}]}<\/script>\n<!-- \/ Yoast SEO plugin. -->","yoast_head_json":{"title":"Sp\u0113l\u0113jiet Superenalotto It\u0101lija tie\u0161saist\u0113 no Latvijas | K\u0101 ieg\u0101d\u0101ties Superenalotto bi\u013cetes internet\u0101","description":"\u0160o It\u0101lijas loterijas d\u017eekpotu tagad var vinn\u0113t ikviens un no jebkuras vietas - sp\u0113l\u0113 Superenalotto online bi\u013cetes tagad","robots":{"index":"index","follow":"follow","max-snippet":"max-snippet:-1","max-image-preview":"max-image-preview:large","max-video-preview":"max-video-preview:-1"},"canonical":"https:\/\/onlinelotto365.com\/lv\/spelet\/superenalotto\/","og_locale":"lv_LV","og_type":"article","og_title":"Sp\u0113l\u0113jiet Superenalotto It\u0101lija tie\u0161saist\u0113 no Latvijas | K\u0101 ieg\u0101d\u0101ties Superenalotto bi\u013cetes internet\u0101","og_description":"\u0160o It\u0101lijas loterijas d\u017eekpotu tagad var vinn\u0113t ikviens un no jebkuras vietas - sp\u0113l\u0113 Superenalotto online bi\u013cetes tagad","og_url":"https:\/\/onlinelotto365.com\/lv\/spelet\/superenalotto\/","og_site_name":"OnlineLotto365","article_modified_time":"2022-11-07T07:30:48+00:00","og_image":[{"url":"https:\/\/redfoxlotto.com\/image?size=8&amp;lottery=superenalotto"}],"twitter_card":"summary_large_image","twitter_misc":{"Est. reading time":"4 minutes"},"schema":{"@context":"https:\/\/schema.org","@graph":[{"@type":"WebPage","@id":"https:\/\/onlinelotto365.com\/lv\/spelet\/superenalotto\/","url":"https:\/\/onlinelotto365.com\/lv\/spelet\/superenalotto\/","name":"Sp\u0113l\u0113jiet Superenalotto It\u0101lija tie\u0161saist\u0113 no Latvijas | K\u0101 ieg\u0101d\u0101ties Superenalotto bi\u013cetes internet\u0101","isPartOf":{"@id":"https:\/\/onlinelotto365.com\/lv\/#website"},"primaryImageOfPage":{"@id":"https:\/\/onlinelotto365.com\/lv\/spelet\/superenalotto\/#primaryimage"},"image":{"@id":"https:\/\/onlinelotto365.com\/lv\/spelet\/superenalotto\/#primaryimage"},"thumbnailUrl":"https:\/\/redfoxlotto.com\/image?size=8&amp;lottery=superenalotto","datePublished":"2022-11-07T07:29:55+00:00","dateModified":"2022-11-07T07:30:48+00:00","description":"\u0160o It\u0101lijas loterijas d\u017eekpotu tagad var vinn\u0113t ikviens un no jebkuras vietas - sp\u0113l\u0113 Superenalotto online bi\u013cetes tagad","breadcrumb":{"@id":"https:\/\/onlinelotto365.com\/lv\/spelet\/superenalotto\/#breadcrumb"},"inLanguage":"lv-LV","potentialAction":[{"@type":"ReadAction","target":["https:\/\/onlinelotto365.com\/lv\/spelet\/superenalotto\/"]}]},{"@type":"ImageObject","inLanguage":"lv-LV","@id":"https:\/\/onlinelotto365.com\/lv\/spelet\/superenalotto\/#primaryimage","url":"https:\/\/redfoxlotto.com\/image?size=8&amp;lottery=superenalotto","contentUrl":"https:\/\/redfoxlotto.com\/image?size=8&amp;lottery=superenalotto"},{"@type":"BreadcrumbList","@id":"https:\/\/onlinelotto365.com\/lv\/spelet\/superenalotto\/#breadcrumb","itemListElement":[{"@type":"ListItem","position":1,"name":"Home","item":"https:\/\/onlinelotto365.com\/lv\/"},{"@type":"ListItem","position":2,"name":"Viss, kas jums j\u0101zina par iesp\u0113j\u0101m sp\u0113l\u0113t lab\u0101k\u0101s loterijas tie\u0161saist\u0113","item":"https:\/\/onlinelotto365.com\/lv\/play\/"},{"@type":"ListItem","position":3,"name":"Ieg\u016bt Superenalotto bi\u013cetes no jebkuras vietas"}]},{"@type":"WebSite","@id":"https:\/\/onlinelotto365.com\/lv\/#website","url":"https:\/\/onlinelotto365.com\/lv\/","name":"OnlineLotto365","description":"","potentialAction":[{"@type":"SearchAction","target":{"@type":"EntryPoint","urlTemplate":"https:\/\/onlinelotto365.com\/lv\/?s={search_term_string}"},"query-input":{"@type":"PropertyValueSpecification","valueRequired":true,"valueName":"search_term_string"}}],"inLanguage":"lv-LV"}]}},"_links":{"self":[{"href":"https:\/\/onlinelotto365.com\/lv\/wp-json\/wp\/v2\/pages\/79521","targetHints":{"allow":["GET"]}}],"collection":[{"href":"https:\/\/onlinelotto365.com\/lv\/wp-json\/wp\/v2\/pages"}],"about":[{"href":"https:\/\/onlinelotto365.com\/lv\/wp-json\/wp\/v2\/types\/page"}],"author":[{"embeddable":true,"href":"https:\/\/onlinelotto365.com\/lv\/wp-json\/wp\/v2\/users\/1"}],"replies":[{"embeddable":true,"href":"https:\/\/onlinelotto365.com\/lv\/wp-json\/wp\/v2\/comments?post=79521"}],"version-history":[{"count":0,"href":"https:\/\/onlinelotto365.com\/lv\/wp-json\/wp\/v2\/pages\/79521\/revisions"}],"up":[{"embeddable":true,"href":"https:\/\/onlinelotto365.com\/lv\/wp-json\/wp\/v2\/pages\/5025"}],"wp:attachment":[{"href":"https:\/\/onlinelotto365.com\/lv\/wp-json\/wp\/v2\/media?parent=79521"}],"curies":[{"name":"wp","href":"https:\/\/api.w.org\/{rel}","templated":true}]}}