{"id":80075,"date":"2022-11-14T14:00:28","date_gmt":"2022-11-14T13:00:28","guid":{"rendered":"https:\/\/onlinelotto365.com\/?page_id=80075"},"modified":"2022-11-14T14:00:28","modified_gmt":"2022-11-14T13:00:28","slug":"superenalotto","status":"publish","type":"page","link":"https:\/\/onlinelotto365.com\/lv\/uzvarot-loterijas-numurus\/superenalotto\/","title":{"rendered":"P\u0101rbaudiet Superenalotto uzvar\u0113t\u0101ju numurus \u0161eit"},"content":{"rendered":"<p>Sav\u0101 vietn\u0113 pied\u0101v\u0101jam daudz da\u017e\u0101du starptautisku loteriju sp\u0113\u013cu, ta\u010du m\u0113s v\u0113lamies, lai rezult\u0101tu atra\u0161ana nerad\u012btu probl\u0113mas. Protams, j\u016bs varat p\u0101rbaud\u012bt rezult\u0101tus telev\u012bzij\u0101, ja jums paveicies un izlozes rezult\u0101ti par\u0101d\u0101s zi\u0146\u0101s. Vai ar\u012b j\u016bs var\u0113tu tos atrast laikrakst\u0101, ja dz\u012bvojat apgabal\u0101, kur sp\u0113les notiek viet\u0113j\u0101 m\u0113rog\u0101. Ta\u010du ar\u012b tas var b\u016bt sare\u017e\u0123\u012bti.<br \/>\n<a href=\"https:\/\/redfoxlotto.com\/play\/superenalotto\/?ref=a8564250a2&amp;medium=ol365\" target=\"_blank\" rel=\"noopener noreferrer\"><img decoding=\"async\" class=\"aligncenter\" src=\"https:\/\/redfoxlotto.com\/image?size=8&amp;lottery=superenalotto\" alt=\"superenalotto\" \/><\/a><\/p>\n<p>Varat ar\u012b apskat\u012bt Superenalotto t\u012bmek\u013ca vietni, lai atrastu izlozes procesa tie\u0161raidi, ja t\u0101 tiek pied\u0101v\u0101ta. Sp\u0113l\u0113s, kas to pied\u0101v\u0101, tas var b\u016bt jautri un sag\u0101d\u0101t aizraujo\u0161u br\u012bdi, v\u0113rojot, vai tie\u0161i j\u016bsu skait\u013ci ir tie, kas ir laim\u0113ju\u0161i, ta\u010du ne katra loterijas sp\u0113le pied\u0101v\u0101 \u0161\u0101du iesp\u0113ju.<\/p>\n<p>P\u0113c izlozes izlozes reiz\u0113m laim\u0113ju\u0161os numurus un Superenalotto izlozes var atrast YouTube, ja zin\u0101t, k\u0101 veikt izp\u0113ti un kur mekl\u0113t. Ta\u010du tas var pras\u012bt laiku.<\/p>\n<p>Vislab\u0101kais veids, k\u0101 to izdar\u012bt, ir vienk\u0101r\u0161i doties uz m\u016bsu loterijas rezult\u0101tu lapu un apskat\u012bt visus izlozes numurus katrai no da\u017e\u0101daj\u0101m loto sp\u0113l\u0113m. Tas ietver ar\u012b Superenalotto un daudz ko citu.<\/p>\n<h2>K\u0101 uzzin\u0101t, vai j\u016bsu tie\u0161saistes bi\u013cete ir vinn\u0113jusi?<\/h2>\n<p>Tiem, kas ieg\u0101d\u0101ju\u0161ies Superenalotto bi\u013ceti m\u016bsu vietn\u0113, j\u016bs varat viegli p\u0101rbaud\u012bt savu kontu, lai uzzin\u0101tu laim\u0113ju\u0161os skait\u013cus. Tas b\u016bs daudz vienk\u0101r\u0161\u0101k, nek\u0101 j\u016bs dom\u0101jat, un v\u0113l lab\u0101k ir tas, ka jums pat nav j\u0101sal\u012bdzina skait\u013ci.<\/p>\n<p>M\u0113s par to par\u016bp\u0113simies j\u016bsu viet\u0101. Paties\u012bb\u0101 m\u0113s jums par\u0101d\u012bsim, kuri j\u016bsu skait\u013ci atbilst laimesta skait\u013ciem, tos izce\u013cot. P\u0113c tam m\u0113s J\u016bsu kont\u0101 iemaks\u0101sim J\u016bsu vinnestu summu l\u012bdz pat \u20ac2500. Jums nav j\u0101uztraucas par t\u0101s piepras\u012b\u0161anu vai p\u0101rliecinoties, ka esat kaut ko p\u0101rbaud\u012bjis. M\u0113s to dar\u0101m, lai j\u016bs var\u0113tu baud\u012bt savu laimestu.<\/p>\n<h2>Superenalotto rezult\u0101tu arh\u012bvs<\/h2>\n<p>Jebkur\u0101 m\u016bsu t\u012bmek\u013ca vietnes lap\u0101, kur\u0101 redzami Superenalotto laim\u0113ju\u0161ie skait\u013ci, ir ar\u012b nor\u0101d\u012bts, k\u0101 j\u016bs varat atgriezties pie iepriek\u0161\u0113jiem rezult\u0101tiem, lai p\u0101rbaud\u012btu iepriek\u0161\u0113jos izlozes veidus. Tas var pal\u012bdz\u0113t jums izv\u0113l\u0113ties pareizos skait\u013cus, kurus v\u0113laties izsp\u0113l\u0113t, kad pien\u0101ks laiks n\u0101kamajam izloz\u0113jumam. Tas ir viens no popul\u0101r\u0101kajiem skait\u013cu izv\u0113les veidiem.<\/p>\n<h2>Mana bi\u013cete ir vinn\u0113jusi, kas notiks t\u0101l\u0101k?<\/h2>\n<p><img loading=\"lazy\" decoding=\"async\" class=\"alignright size-full wp-image-3634\" src=\"https:\/\/onlinelotto365.com\/wp-content\/uploads\/2020\/11\/online_lottery-136.jpg\" alt=\"superenalotto laim\u012bgie skait\u013ci\" width=\"297\" height=\"101\" \/><br \/>\nJebkur\u0161 laimests, kas ir maz\u0101ks par 2500 eiro, nekav\u0113joties tiks ieskait\u012bts j\u016bsu sp\u0113l\u0113t\u0101ja kont\u0101. T\u0101d\u0113j\u0101di j\u016bs varat to iz\u0146emt (jebkuru summu virs \u20ac10) vai izmantot, lai ieg\u0101d\u0101tos papildu bi\u013cetes. Tikai atcerieties, ka l\u012bdzek\u013cus varat iz\u0146emt uz kred\u012btkarti vai debetkarti, vai ar\u012b uz bankas kontu. Neatkar\u012bgi no t\u0101, kur\u0101 kont\u0101 v\u0113laties iz\u0146emt naudu, jums jau b\u016bs j\u0101izmanto ar\u012b naudas iemaksas konts. Tas ir veids, k\u0101 m\u0113s pal\u012bdzam j\u016bs aizsarg\u0101t un ar\u012b k\u0101 m\u0113s iev\u0113rojam noteikumus par nelikum\u012bgi ieg\u016btu l\u012bdzek\u013cu legaliz\u0101cijas nov\u0113r\u0161anu un citus noteikumus.<\/p>\n","protected":false},"excerpt":{"rendered":"<p>Sav\u0101 vietn\u0113 pied\u0101v\u0101jam daudz da\u017e\u0101du starptautisku loteriju sp\u0113\u013cu, ta\u010du m\u0113s v\u0113lamies, lai rezult\u0101tu atra\u0161ana nerad\u012btu probl\u0113mas. Protams, j\u016bs varat p\u0101rbaud\u012bt rezult\u0101tus telev\u012bzij\u0101, ja jums paveicies un izlozes rezult\u0101ti par\u0101d\u0101s zi\u0146\u0101s. Vai ar\u012b j\u016bs var\u0113tu tos atrast laikrakst\u0101, ja dz\u012bvojat apgabal\u0101, kur sp\u0113les notiek viet\u0113j\u0101 m\u0113rog\u0101. Ta\u010du ar\u012b tas var b\u016bt sare\u017e\u0123\u012bti. Varat ar\u012b apskat\u012bt Superenalotto [&hellip;]<\/p>\n","protected":false},"author":1,"featured_media":0,"parent":5850,"menu_order":5,"comment_status":"closed","ping_status":"closed","template":"superenalotto-results.php","meta":{"_et_pb_use_builder":"","_et_pb_old_content":"","_et_gb_content_width":"","exclude_from_search":false,"footnotes":""},"class_list":["post-80075","page","type-page","status-publish","hentry"],"yoast_head":"<!-- This site is optimized with the Yoast SEO plugin v23.4 - https:\/\/yoast.com\/wordpress\/plugins\/seo\/ -->\n<title>Jaun\u0101kie Superenalotto laim\u0113ju\u0161ie skait\u013ci<\/title>\n<meta name=\"description\" content=\"Vai v\u0113laties uzzin\u0101t Superenalotto laim\u0113ju\u0161os skait\u013cus? Uzziniet rezult\u0101tus un daudz ko citu \u0161eit!\" \/>\n<meta name=\"robots\" content=\"index, follow, max-snippet:-1, max-image-preview:large, max-video-preview:-1\" \/>\n<link rel=\"canonical\" href=\"https:\/\/onlinelotto365.com\/lv\/uzvarot-loterijas-numurus\/superenalotto\/\" \/>\n<meta property=\"og:locale\" content=\"lv_LV\" \/>\n<meta property=\"og:type\" content=\"article\" \/>\n<meta property=\"og:title\" content=\"Jaun\u0101kie Superenalotto laim\u0113ju\u0161ie skait\u013ci\" \/>\n<meta property=\"og:description\" content=\"Vai v\u0113laties uzzin\u0101t Superenalotto laim\u0113ju\u0161os skait\u013cus? Uzziniet rezult\u0101tus un daudz ko citu \u0161eit!\" \/>\n<meta property=\"og:url\" content=\"https:\/\/onlinelotto365.com\/lv\/uzvarot-loterijas-numurus\/superenalotto\/\" \/>\n<meta property=\"og:site_name\" content=\"OnlineLotto365\" \/>\n<meta property=\"og:image\" content=\"https:\/\/redfoxlotto.com\/image?size=8&amp;lottery=superenalotto\" \/>\n<meta name=\"twitter:card\" content=\"summary_large_image\" \/>\n<meta name=\"twitter:label1\" content=\"Est. reading time\" \/>\n\t<meta name=\"twitter:data1\" content=\"3 minutes\" \/>\n<script type=\"application\/ld+json\" class=\"yoast-schema-graph\">{\"@context\":\"https:\/\/schema.org\",\"@graph\":[{\"@type\":\"WebPage\",\"@id\":\"https:\/\/onlinelotto365.com\/lv\/uzvarot-loterijas-numurus\/superenalotto\/\",\"url\":\"https:\/\/onlinelotto365.com\/lv\/uzvarot-loterijas-numurus\/superenalotto\/\",\"name\":\"Jaun\u0101kie Superenalotto laim\u0113ju\u0161ie skait\u013ci\",\"isPartOf\":{\"@id\":\"https:\/\/onlinelotto365.com\/lv\/#website\"},\"primaryImageOfPage\":{\"@id\":\"https:\/\/onlinelotto365.com\/lv\/uzvarot-loterijas-numurus\/superenalotto\/#primaryimage\"},\"image\":{\"@id\":\"https:\/\/onlinelotto365.com\/lv\/uzvarot-loterijas-numurus\/superenalotto\/#primaryimage\"},\"thumbnailUrl\":\"https:\/\/redfoxlotto.com\/image?size=8&amp;lottery=superenalotto\",\"datePublished\":\"2022-11-14T13:00:28+00:00\",\"dateModified\":\"2022-11-14T13:00:28+00:00\",\"description\":\"Vai v\u0113laties uzzin\u0101t Superenalotto laim\u0113ju\u0161os skait\u013cus? Uzziniet rezult\u0101tus un daudz ko citu \u0161eit!\",\"breadcrumb\":{\"@id\":\"https:\/\/onlinelotto365.com\/lv\/uzvarot-loterijas-numurus\/superenalotto\/#breadcrumb\"},\"inLanguage\":\"lv-LV\",\"potentialAction\":[{\"@type\":\"ReadAction\",\"target\":[\"https:\/\/onlinelotto365.com\/lv\/uzvarot-loterijas-numurus\/superenalotto\/\"]}]},{\"@type\":\"ImageObject\",\"inLanguage\":\"lv-LV\",\"@id\":\"https:\/\/onlinelotto365.com\/lv\/uzvarot-loterijas-numurus\/superenalotto\/#primaryimage\",\"url\":\"https:\/\/redfoxlotto.com\/image?size=8&amp;lottery=superenalotto\",\"contentUrl\":\"https:\/\/redfoxlotto.com\/image?size=8&amp;lottery=superenalotto\"},{\"@type\":\"BreadcrumbList\",\"@id\":\"https:\/\/onlinelotto365.com\/lv\/uzvarot-loterijas-numurus\/superenalotto\/#breadcrumb\",\"itemListElement\":[{\"@type\":\"ListItem\",\"position\":1,\"name\":\"Home\",\"item\":\"https:\/\/onlinelotto365.com\/lv\/\"},{\"@type\":\"ListItem\",\"position\":2,\"name\":\"Atrodiet uzvar\u0113t\u0101ju ciparus un rezult\u0101tus jaun\u0101kaj\u0101m izloz\u0113m\",\"item\":\"https:\/\/onlinelotto365.com\/lv\/winning-numbers\/\"},{\"@type\":\"ListItem\",\"position\":3,\"name\":\"P\u0101rbaudiet Superenalotto uzvar\u0113t\u0101ju numurus \u0161eit\"}]},{\"@type\":\"WebSite\",\"@id\":\"https:\/\/onlinelotto365.com\/lv\/#website\",\"url\":\"https:\/\/onlinelotto365.com\/lv\/\",\"name\":\"OnlineLotto365\",\"description\":\"\",\"potentialAction\":[{\"@type\":\"SearchAction\",\"target\":{\"@type\":\"EntryPoint\",\"urlTemplate\":\"https:\/\/onlinelotto365.com\/lv\/?s={search_term_string}\"},\"query-input\":{\"@type\":\"PropertyValueSpecification\",\"valueRequired\":true,\"valueName\":\"search_term_string\"}}],\"inLanguage\":\"lv-LV\"}]}<\/script>\n<!-- \/ Yoast SEO plugin. -->","yoast_head_json":{"title":"Jaun\u0101kie Superenalotto laim\u0113ju\u0161ie skait\u013ci","description":"Vai v\u0113laties uzzin\u0101t Superenalotto laim\u0113ju\u0161os skait\u013cus? Uzziniet rezult\u0101tus un daudz ko citu \u0161eit!","robots":{"index":"index","follow":"follow","max-snippet":"max-snippet:-1","max-image-preview":"max-image-preview:large","max-video-preview":"max-video-preview:-1"},"canonical":"https:\/\/onlinelotto365.com\/lv\/uzvarot-loterijas-numurus\/superenalotto\/","og_locale":"lv_LV","og_type":"article","og_title":"Jaun\u0101kie Superenalotto laim\u0113ju\u0161ie skait\u013ci","og_description":"Vai v\u0113laties uzzin\u0101t Superenalotto laim\u0113ju\u0161os skait\u013cus? Uzziniet rezult\u0101tus un daudz ko citu \u0161eit!","og_url":"https:\/\/onlinelotto365.com\/lv\/uzvarot-loterijas-numurus\/superenalotto\/","og_site_name":"OnlineLotto365","og_image":[{"url":"https:\/\/redfoxlotto.com\/image?size=8&amp;lottery=superenalotto"}],"twitter_card":"summary_large_image","twitter_misc":{"Est. reading time":"3 minutes"},"schema":{"@context":"https:\/\/schema.org","@graph":[{"@type":"WebPage","@id":"https:\/\/onlinelotto365.com\/lv\/uzvarot-loterijas-numurus\/superenalotto\/","url":"https:\/\/onlinelotto365.com\/lv\/uzvarot-loterijas-numurus\/superenalotto\/","name":"Jaun\u0101kie Superenalotto laim\u0113ju\u0161ie skait\u013ci","isPartOf":{"@id":"https:\/\/onlinelotto365.com\/lv\/#website"},"primaryImageOfPage":{"@id":"https:\/\/onlinelotto365.com\/lv\/uzvarot-loterijas-numurus\/superenalotto\/#primaryimage"},"image":{"@id":"https:\/\/onlinelotto365.com\/lv\/uzvarot-loterijas-numurus\/superenalotto\/#primaryimage"},"thumbnailUrl":"https:\/\/redfoxlotto.com\/image?size=8&amp;lottery=superenalotto","datePublished":"2022-11-14T13:00:28+00:00","dateModified":"2022-11-14T13:00:28+00:00","description":"Vai v\u0113laties uzzin\u0101t Superenalotto laim\u0113ju\u0161os skait\u013cus? Uzziniet rezult\u0101tus un daudz ko citu \u0161eit!","breadcrumb":{"@id":"https:\/\/onlinelotto365.com\/lv\/uzvarot-loterijas-numurus\/superenalotto\/#breadcrumb"},"inLanguage":"lv-LV","potentialAction":[{"@type":"ReadAction","target":["https:\/\/onlinelotto365.com\/lv\/uzvarot-loterijas-numurus\/superenalotto\/"]}]},{"@type":"ImageObject","inLanguage":"lv-LV","@id":"https:\/\/onlinelotto365.com\/lv\/uzvarot-loterijas-numurus\/superenalotto\/#primaryimage","url":"https:\/\/redfoxlotto.com\/image?size=8&amp;lottery=superenalotto","contentUrl":"https:\/\/redfoxlotto.com\/image?size=8&amp;lottery=superenalotto"},{"@type":"BreadcrumbList","@id":"https:\/\/onlinelotto365.com\/lv\/uzvarot-loterijas-numurus\/superenalotto\/#breadcrumb","itemListElement":[{"@type":"ListItem","position":1,"name":"Home","item":"https:\/\/onlinelotto365.com\/lv\/"},{"@type":"ListItem","position":2,"name":"Atrodiet uzvar\u0113t\u0101ju ciparus un rezult\u0101tus jaun\u0101kaj\u0101m izloz\u0113m","item":"https:\/\/onlinelotto365.com\/lv\/winning-numbers\/"},{"@type":"ListItem","position":3,"name":"P\u0101rbaudiet Superenalotto uzvar\u0113t\u0101ju numurus \u0161eit"}]},{"@type":"WebSite","@id":"https:\/\/onlinelotto365.com\/lv\/#website","url":"https:\/\/onlinelotto365.com\/lv\/","name":"OnlineLotto365","description":"","potentialAction":[{"@type":"SearchAction","target":{"@type":"EntryPoint","urlTemplate":"https:\/\/onlinelotto365.com\/lv\/?s={search_term_string}"},"query-input":{"@type":"PropertyValueSpecification","valueRequired":true,"valueName":"search_term_string"}}],"inLanguage":"lv-LV"}]}},"_links":{"self":[{"href":"https:\/\/onlinelotto365.com\/lv\/wp-json\/wp\/v2\/pages\/80075","targetHints":{"allow":["GET"]}}],"collection":[{"href":"https:\/\/onlinelotto365.com\/lv\/wp-json\/wp\/v2\/pages"}],"about":[{"href":"https:\/\/onlinelotto365.com\/lv\/wp-json\/wp\/v2\/types\/page"}],"author":[{"embeddable":true,"href":"https:\/\/onlinelotto365.com\/lv\/wp-json\/wp\/v2\/users\/1"}],"replies":[{"embeddable":true,"href":"https:\/\/onlinelotto365.com\/lv\/wp-json\/wp\/v2\/comments?post=80075"}],"version-history":[{"count":0,"href":"https:\/\/onlinelotto365.com\/lv\/wp-json\/wp\/v2\/pages\/80075\/revisions"}],"up":[{"embeddable":true,"href":"https:\/\/onlinelotto365.com\/lv\/wp-json\/wp\/v2\/pages\/5850"}],"wp:attachment":[{"href":"https:\/\/onlinelotto365.com\/lv\/wp-json\/wp\/v2\/media?parent=80075"}],"curies":[{"name":"wp","href":"https:\/\/api.w.org\/{rel}","templated":true}]}}